{"id":741469,"date":"2022-04-14T12:09:10","date_gmt":"2022-04-14T12:09:10","guid":{"rendered":"https:\/\/www.capgemini.com\/?page_id=678974"},"modified":"2026-01-08T09:25:57","modified_gmt":"2026-01-08T09:25:57","slug":"speakingup","status":"publish","type":"page","link":"https:\/\/www.capgemini.com\/de-de\/unternehmen\/wer-wir-sind\/werte-ethik\/speakingup\/","title":{"rendered":"Speaking Up"},"content":{"rendered":"\n<div class=\"wp-block-cg-blocks-hero-picture-card undefined is-style-blue-theme-2  heroPictureCard\"><div class=\"heroPictureCardBgs\"><picture><source srcset=\"https:\/\/www.capgemini.com\/wp-content\/uploads\/2021\/09\/Capgemini_Ethics_SpeakUP.jpg?w=2880&amp;quality=70 1x, https:\/\/www.capgemini.com\/wp-content\/uploads\/2021\/09\/Capgemini_Ethics_SpeakUP.jpg?w=2880&amp;quality=70 2x\" media=\"(min-width: 1500px)\"\/><source srcset=\"https:\/\/www.capgemini.com\/wp-content\/uploads\/2021\/09\/Capgemini_Ethics_SpeakUP.jpg?w=1440&amp;quality=70 1x, https:\/\/www.capgemini.com\/wp-content\/uploads\/2021\/09\/Capgemini_Ethics_SpeakUP.jpg?w=2880&amp;quality=70 2x\" media=\"(min-width: 992px)\"\/><source srcset=\"https:\/\/www.capgemini.com\/wp-content\/uploads\/2021\/09\/Capgemini_Ethics_SpeakUP.jpg?w=1024&amp;quality=70 1x, https:\/\/www.capgemini.com\/wp-content\/uploads\/2021\/09\/Capgemini_Ethics_SpeakUP.jpg?w=1024&amp;quality=70 2x\" media=\"(min-width: 768px)\"\/><source srcset=\"https:\/\/www.capgemini.com\/wp-content\/uploads\/2021\/09\/Capgemini_Ethics_SpeakUP.jpg?w=768&amp;quality=70 1x, https:\/\/www.capgemini.com\/wp-content\/uploads\/2021\/09\/Capgemini_Ethics_SpeakUP.jpg?w=768&amp;quality=70 2x\" media=\"(min-width: 0)\"\/><img decoding=\"async\" src=\"https:\/\/www.capgemini.com\/wp-content\/uploads\/2021\/09\/Capgemini_Ethics_SpeakUP.jpg\" class=\"desktopImage\" alt=\"\" style=\"object-fit:cover;object-position:0% 43%\" loading=\"eager\"\/><\/picture><picture><source srcset=\"https:\/\/www.capgemini.com\/wp-content\/uploads\/2021\/09\/Capgemini_Ethics_SpeakUP.jpg?w=2880&amp;quality=70 1x, https:\/\/www.capgemini.com\/wp-content\/uploads\/2021\/09\/Capgemini_Ethics_SpeakUP.jpg?w=2880&amp;quality=70 2x\" media=\"(min-width: 1500px)\"\/><source srcset=\"https:\/\/www.capgemini.com\/wp-content\/uploads\/2021\/09\/Capgemini_Ethics_SpeakUP.jpg?w=1440&amp;quality=70 1x, https:\/\/www.capgemini.com\/wp-content\/uploads\/2021\/09\/Capgemini_Ethics_SpeakUP.jpg?w=2880&amp;quality=70 2x\" media=\"(min-width: 992px)\"\/><source srcset=\"https:\/\/www.capgemini.com\/wp-content\/uploads\/2021\/09\/Capgemini_Ethics_SpeakUP.jpg?w=1024&amp;quality=70 1x, https:\/\/www.capgemini.com\/wp-content\/uploads\/2021\/09\/Capgemini_Ethics_SpeakUP.jpg?w=1024&amp;quality=70 2x\" media=\"(min-width: 768px)\"\/><source srcset=\"https:\/\/www.capgemini.com\/wp-content\/uploads\/2021\/09\/Capgemini_Ethics_SpeakUP.jpg?w=768&amp;quality=70 1x, https:\/\/www.capgemini.com\/wp-content\/uploads\/2021\/09\/Capgemini_Ethics_SpeakUP.jpg?w=768&amp;quality=70 2x\" media=\"(min-width: 0)\"\/><img decoding=\"async\" src=\"https:\/\/www.capgemini.com\/wp-content\/uploads\/2021\/09\/Capgemini_Ethics_SpeakUP.jpg\" class=\"mobileImage\" alt=\"\" style=\"object-fit:cover;object-position:0% 43%\" loading=\"eager\"\/><\/picture><\/div><div class=\"heroPictureCardHeaderShape\"><\/div><div class=\"container\"><div class=\"row\"><div class=\"col-md-8 col-lg-6\"><div class=\"heroPictureCardBox\"><div class=\"heroPictureCardBoxTitle\"><h1 data-maxlength=\"144\">Speaking Up<\/h1><\/div><\/div><\/div><\/div><\/div><div class=\"small-device\"><div class=\"brandLogoWrapper\"> <\/div><\/div><\/div>\n\n\n\n<section class=\"wp-block-cg-blocks-intro-para undefined section section--intro\"><div class=\"intro-para\"><div class=\"container\"><div class=\"row\"><div class=\"col-12 col-md-1\"><nav class=\"article-social\"><ul class=\"social-nav\"><li class=\"ip-order-fb\"><a href=\"https:\/\/www.facebook.com\/sharer\/sharer.php?u=https:\/\/www.capgemini.com\/de-de\/unternehmen\/wer-wir-sind\/werte-ethik\/speakingup\/\" target=\"_blank\" rel=\"noopener noreferrer\" title=\"In neuem Fenster \u00f6ffnen\"><i aria-hidden=\"true\" class=\"icon-fb\"><\/i><span class=\"sr-only\">Facebook<\/span><\/a><\/li><li class=\"ip-order-li\"><a href=\"https:\/\/www.linkedin.com\/sharing\/share-offsite\/?url=https:\/\/www.capgemini.com\/de-de\/unternehmen\/wer-wir-sind\/werte-ethik\/speakingup\/\" target=\"_blank\" rel=\"noopener noreferrer\" title=\"In neuem Fenster \u00f6ffnen\"><i aria-hidden=\"true\" class=\"icon-li\"><\/i><span class=\"sr-only\">Linkedin<\/span><\/a><\/li><\/ul><\/nav><\/div><div class=\"col-12 col-md-11 col-lg-10\"><h2 class=\"intro-para-title\">SpeakUp ist ein web- und telefonbasiertes Tool zur Meldung von Ethikverst\u00f6\u00dfen, zum Management von Vorf\u00e4llen und zur Beratung, das von einem unabh\u00e4ngigen Dienstleister betrieben wird<\/h2><p class=\"intro-para-content\">Es wird von unserer Abteilung f\u00fcr Konzernethik verwaltet und von unserem globalen Netzwerk von General Counsels, Ethik- und Compliance-Beauftragten und der HR-Abteilung unterst\u00fctzt.<br><br>Die Nutzung ist freiwillig, vertraulich und anonym. Sie wird von Capgemini f\u00fcr unsere Teammitglieder, Kunden, Lieferanten und Gesch\u00e4ftspartner zur Verf\u00fcgung gestellt.<\/p><\/div><\/div><\/div><\/div><\/section>\n\n\n\n<section class=\"wp-block-cg-blocks-group undefined section section--article-content\"><div class=\"article-main-content\"><div class=\"container\"><div class=\"row\"><div class=\"col-12 col-md-11 col-lg-10 offset-md-1 offset-lg-1\"><div class=\"article-text article-quote-text\">\n<div class=\"wp-block-buttons is-layout-flex wp-block-buttons-is-layout-flex\">\n<div class=\"wp-block-button is-style-outline is-style-outline--1\"><a class=\"wp-block-button__link wp-element-button\" href=\"https:\/\/capgemini.integrityline.com\/\" target=\"_blank\" rel=\"noreferrer noopener\">SpeakUp-Helpline kontaktieren<\/a><\/div>\n<\/div>\n<\/div><\/div><\/div><\/div><\/div><\/section>\n\n\n\n<section class=\"wp-block-cg-blocks-intro-para-video is-style-cg-sapphire3 section section--info-2cols section--insights section-video \"><div class=\"bg-color video-align-left\"><div class=\"container\"><div class=\"row video-align-right\"><div class=\"col-md-12\"><div class=\"video-align-right row box box--4 box--mini\"><div class=\"col-md-1\"><\/div><div class=\"col-md-8 box-img-wrapper\"><div class=\"video-box\"><div class=\"video-wrapper\"><iframe title=\"video-section\" src=\"https:\/\/www.youtube.com\/embed\/B86vB6qSXi0?rel=0&amp;modestbranding=1&amp;playsinline=1&amp;enablejsapi=1\" frameborder=\"0\" allow=\"accelerometer; autoplay; clipboard-write; encrypted-media; gyroscope; picture-in-picture\" allowfullscreen loading=\"lazy\" referrerpolicy=\"strict-origin-when-cross-origin\"><\/iframe><\/div><\/div><\/div><div class=\"col-md-3\"><h3 class=\"Video-title\" data-maxlength=\"34\">Introduction to SpeakUp<\/h3><div class=\"video-info\"><p data-maxlength=\"68\">One way employees can raise concerns at work<\/p><\/div><\/div><div class=\"col-md-1\"><\/div><\/div><\/div><\/div><\/div><\/div><\/section>\n\n\n\n<section class=\"wp-block-cg-blocks-group undefined section section--article-content\"><div class=\"article-main-content\"><div class=\"container\"><div class=\"row\"><div class=\"col-12 col-md-11 col-lg-10 offset-md-1 offset-lg-1\"><div class=\"article-text article-quote-text\">\n<p>SpeakUp ist rund um die Uhr erreichbar und kann genutzt werden, um Bedenken zu melden oder um Rat und Hilfe zu Ma\u00dfnahmen oder Angelegenheiten zu bitten, die:<\/p>\n\n\n\n<ul class=\"wp-block-list\">\n<li>nicht im Einklang mit unseren <a href=\"https:\/\/www.capgemini.com\/de-de\/unternehmen\/wer-wir-sind\/werte-ethik\/\">Werten<\/a> und ethischen Bestrebungen, wie sie in unserem <a href=\"https:\/\/www.capgemini.com\/de-de\/unternehmen\/wer-wir-sind\/werte-ethik\/our-ethical-culture\/our-code-of-business-ethics\/\">Ethikkodex<\/a> und den dazugeh\u00f6rigen Richtlinien dargelegt sind<\/li>\n\n\n\n<li>nicht in \u00dcbereinstimmung mit den geltenden Gesetzen, Vorschriften und internen Compliance-Anforderungen sind<\/li>\n\n\n\n<li>wesentliche Interessen von Capgemini und den mit dem Konzern verbundenen Unternehmen erheblich beeintr\u00e4chtigen k\u00f6nnen.<\/li>\n<\/ul>\n\n\n\n<div class=\"wp-block-buttons is-layout-flex wp-block-buttons-is-layout-flex\">\n<div class=\"wp-block-button\"><a class=\"wp-block-button__link wp-element-button\" href=\"https:\/\/www.capgemini.com\/de-de\/wp-content\/uploads\/sites\/8\/2025\/04\/Capgemini_SpeakUpPolicy_German-1.pdf\" target=\"_blank\" rel=\"noreferrer noopener\">Download SpeakUp-Richtlinie (DE)<\/a><\/div>\n<\/div>\n\n\n\n<div style=\"height:100px\" aria-hidden=\"true\" class=\"wp-block-spacer is-style-default\"><\/div>\n\n\n\n<p>Die SpeakUp-Richtlinie ist in weiteren Sprachen auf unserer&nbsp;<strong><a href=\"https:\/\/www.capgemini.com\/about-us\/management-and-governance\/policies\/speakup\/\" target=\"_blank\" rel=\"noreferrer noopener\">globalen Website<\/a><\/strong>&nbsp;abrufbar.<\/p>\n<\/div><\/div><\/div><\/div><\/div><\/section>\n","protected":false},"excerpt":{"rendered":"","protected":false},"author":121,"featured_media":0,"parent":744603,"menu_order":3,"comment_status":"closed","ping_status":"closed","template":"","meta":{"cg_dt_proposed_to":[],"cg_seo_hreflang_relations":"[]","cg_seo_canonical_relation":"","cg_seo_hreflang_x_default_relation":"{\"uuid\":\"c97c370b-32de-402e-bb5b-d3e102094945\",\"blogId\":\"\",\"domain\":\"\",\"sitePath\":\"\",\"postLink\":\"\",\"postId\":null,\"isSaved\":true,\"isCrossLink\":false,\"hasCrossLink\":false}","cg_dt_approved_content":true,"cg_dt_mandatory_content":false,"cg_dt_notes":"","cg_dg_source_changed":false,"cg_dt_link_disabled":false,"_yoast_wpseo_primary_brand":"","footnotes":"","featured_focal_points":"","partner_card_description":"","gsap_animation":0},"brand":[],"partner_type":[],"service":[],"industry":[],"partners":[],"page-type":[],"content-group":[],"class_list":["post-741469","page","type-page","status-publish","hentry"],"yoast_head":"<!-- This site is optimized with the Yoast SEO Premium plugin v22.8 (Yoast SEO v22.8) - https:\/\/yoast.com\/wordpress\/plugins\/seo\/ -->\n<title>SpeakUp: Unsere webbasierte und telefonische 24\u00d77 Ethik-Helpline | Capgemini<\/title>\n<meta name=\"description\" content=\"SpeakUp ist ein web- und telefonbasiertes Tool f\u00fcr die Berichterstattung und Beratung zu ethischen Angelegenheiten, das von einem unabh\u00e4ngigen Dienstleistungsanbieter betrieben wird.\" \/>\n<meta name=\"robots\" content=\"index, follow, max-snippet:-1, max-image-preview:large, max-video-preview:-1\" \/>\n<link rel=\"canonical\" href=\"https:\/\/www.capgemini.com\/de-de\/unternehmen\/wer-wir-sind\/werte-ethik\/speakingup\/\" \/>\n<meta property=\"og:locale\" content=\"de_DE\" \/>\n<meta property=\"og:type\" content=\"article\" \/>\n<meta property=\"og:title\" content=\"SpeakUp: Unsere webbasierte und telefonische 24\u00d77 Ethik-Helpline | Capgemini\" \/>\n<meta property=\"og:description\" content=\"SpeakUp ist ein web- und telefonbasiertes Tool f\u00fcr die Berichterstattung und Beratung zu ethischen Angelegenheiten, das von einem unabh\u00e4ngigen Dienstleistungsanbieter betrieben wird.\" \/>\n<meta property=\"og:url\" content=\"https:\/\/www.capgemini.com\/de-de\/unternehmen\/wer-wir-sind\/werte-ethik\/speakingup\/\" \/>\n<meta property=\"og:site_name\" content=\"Capgemini\" \/>\n<meta property=\"article:modified_time\" content=\"2026-01-08T09:25:57+00:00\" \/>\n<meta property=\"og:image\" content=\"https:\/\/www.capgemini.com\/wp-content\/uploads\/2021\/09\/Capgemini_Ethics_SpeakUP.jpg\" \/>\n<meta name=\"twitter:card\" content=\"summary_large_image\" \/>\n<meta name=\"twitter:label1\" content=\"Est. reading time\" \/>\n\t<meta name=\"twitter:data1\" content=\"2 minutes\" \/>\n<script type=\"application\/ld+json\" class=\"yoast-schema-graph\">{\"@context\":\"https:\/\/schema.org\",\"@graph\":[{\"@type\":\"WebPage\",\"@id\":\"https:\/\/www.capgemini.com\/de-de\/unternehmen\/wer-wir-sind\/werte-ethik\/speakingup\/\",\"url\":\"https:\/\/www.capgemini.com\/de-de\/unternehmen\/wer-wir-sind\/werte-ethik\/speakingup\/\",\"name\":\"SpeakUp: Unsere webbasierte und telefonische 24\u00d77 Ethik-Helpline | Capgemini\",\"isPartOf\":{\"@id\":\"https:\/\/www.capgemini.com\/de-de\/#website\"},\"primaryImageOfPage\":{\"@id\":\"https:\/\/www.capgemini.com\/de-de\/unternehmen\/wer-wir-sind\/werte-ethik\/speakingup\/#primaryimage\"},\"image\":{\"@id\":\"https:\/\/www.capgemini.com\/de-de\/unternehmen\/wer-wir-sind\/werte-ethik\/speakingup\/#primaryimage\"},\"thumbnailUrl\":\"https:\/\/www.capgemini.com\/wp-content\/uploads\/2021\/09\/Capgemini_Ethics_SpeakUP.jpg\",\"datePublished\":\"2022-04-14T12:09:10+00:00\",\"dateModified\":\"2026-01-08T09:25:57+00:00\",\"description\":\"SpeakUp ist ein web- und telefonbasiertes Tool f\u00fcr die Berichterstattung und Beratung zu ethischen Angelegenheiten, das von einem unabh\u00e4ngigen Dienstleistungsanbieter betrieben wird.\",\"breadcrumb\":{\"@id\":\"https:\/\/www.capgemini.com\/de-de\/unternehmen\/wer-wir-sind\/werte-ethik\/speakingup\/#breadcrumb\"},\"inLanguage\":\"de-DE\",\"potentialAction\":[{\"@type\":\"ReadAction\",\"target\":[\"https:\/\/www.capgemini.com\/de-de\/unternehmen\/wer-wir-sind\/werte-ethik\/speakingup\/\"]}]},{\"@type\":\"ImageObject\",\"inLanguage\":\"de-DE\",\"@id\":\"https:\/\/www.capgemini.com\/de-de\/unternehmen\/wer-wir-sind\/werte-ethik\/speakingup\/#primaryimage\",\"url\":\"https:\/\/www.capgemini.com\/wp-content\/uploads\/2021\/09\/Capgemini_Ethics_SpeakUP.jpg\",\"contentUrl\":\"https:\/\/www.capgemini.com\/wp-content\/uploads\/2021\/09\/Capgemini_Ethics_SpeakUP.jpg\"},{\"@type\":\"BreadcrumbList\",\"@id\":\"https:\/\/www.capgemini.com\/de-de\/unternehmen\/wer-wir-sind\/werte-ethik\/speakingup\/#breadcrumb\",\"itemListElement\":[{\"@type\":\"ListItem\",\"position\":1,\"name\":\"\u00dcber Uns\",\"item\":\"https:\/\/www.capgemini.com\/de-de\/unternehmen\/\"},{\"@type\":\"ListItem\",\"position\":2,\"name\":\"Wer wir sind\",\"item\":\"https:\/\/www.capgemini.com\/de-de\/unternehmen\/wer-wir-sind\/\"},{\"@type\":\"ListItem\",\"position\":3,\"name\":\"Werte und Ethik\",\"item\":\"https:\/\/www.capgemini.com\/de-de\/unternehmen\/wer-wir-sind\/werte-ethik\/\"},{\"@type\":\"ListItem\",\"position\":4,\"name\":\"Speaking Up\"}]},{\"@type\":\"WebSite\",\"@id\":\"https:\/\/www.capgemini.com\/de-de\/#website\",\"url\":\"https:\/\/www.capgemini.com\/de-de\/\",\"name\":\"Capgemini Deutschland\",\"description\":\"Make it real\",\"potentialAction\":[{\"@type\":\"SearchAction\",\"target\":{\"@type\":\"EntryPoint\",\"urlTemplate\":\"https:\/\/www.capgemini.com\/de-de\/?s={search_term_string}\"},\"query-input\":\"required name=search_term_string\"}],\"inLanguage\":\"de-DE\"}]}<\/script>\n<!-- \/ Yoast SEO Premium plugin. -->","yoast_head_json":{"title":"SpeakUp: Unsere webbasierte und telefonische 24\u00d77 Ethik-Helpline | Capgemini","description":"SpeakUp ist ein web- und telefonbasiertes Tool f\u00fcr die Berichterstattung und Beratung zu ethischen Angelegenheiten, das von einem unabh\u00e4ngigen Dienstleistungsanbieter betrieben wird.","robots":{"index":"index","follow":"follow","max-snippet":"max-snippet:-1","max-image-preview":"max-image-preview:large","max-video-preview":"max-video-preview:-1"},"canonical":"https:\/\/www.capgemini.com\/de-de\/unternehmen\/wer-wir-sind\/werte-ethik\/speakingup\/","og_locale":"de_DE","og_type":"article","og_title":"SpeakUp: Unsere webbasierte und telefonische 24\u00d77 Ethik-Helpline | Capgemini","og_description":"SpeakUp ist ein web- und telefonbasiertes Tool f\u00fcr die Berichterstattung und Beratung zu ethischen Angelegenheiten, das von einem unabh\u00e4ngigen Dienstleistungsanbieter betrieben wird.","og_url":"https:\/\/www.capgemini.com\/de-de\/unternehmen\/wer-wir-sind\/werte-ethik\/speakingup\/","og_site_name":"Capgemini","article_modified_time":"2026-01-08T09:25:57+00:00","og_image":[{"url":"https:\/\/www.capgemini.com\/wp-content\/uploads\/2021\/09\/Capgemini_Ethics_SpeakUP.jpg"}],"twitter_card":"summary_large_image","twitter_misc":{"Est. reading time":"2 minutes"},"schema":{"@context":"https:\/\/schema.org","@graph":[{"@type":"WebPage","@id":"https:\/\/www.capgemini.com\/de-de\/unternehmen\/wer-wir-sind\/werte-ethik\/speakingup\/","url":"https:\/\/www.capgemini.com\/de-de\/unternehmen\/wer-wir-sind\/werte-ethik\/speakingup\/","name":"SpeakUp: Unsere webbasierte und telefonische 24\u00d77 Ethik-Helpline | Capgemini","isPartOf":{"@id":"https:\/\/www.capgemini.com\/de-de\/#website"},"primaryImageOfPage":{"@id":"https:\/\/www.capgemini.com\/de-de\/unternehmen\/wer-wir-sind\/werte-ethik\/speakingup\/#primaryimage"},"image":{"@id":"https:\/\/www.capgemini.com\/de-de\/unternehmen\/wer-wir-sind\/werte-ethik\/speakingup\/#primaryimage"},"thumbnailUrl":"https:\/\/www.capgemini.com\/wp-content\/uploads\/2021\/09\/Capgemini_Ethics_SpeakUP.jpg","datePublished":"2022-04-14T12:09:10+00:00","dateModified":"2026-01-08T09:25:57+00:00","description":"SpeakUp ist ein web- und telefonbasiertes Tool f\u00fcr die Berichterstattung und Beratung zu ethischen Angelegenheiten, das von einem unabh\u00e4ngigen Dienstleistungsanbieter betrieben wird.","breadcrumb":{"@id":"https:\/\/www.capgemini.com\/de-de\/unternehmen\/wer-wir-sind\/werte-ethik\/speakingup\/#breadcrumb"},"inLanguage":"de-DE","potentialAction":[{"@type":"ReadAction","target":["https:\/\/www.capgemini.com\/de-de\/unternehmen\/wer-wir-sind\/werte-ethik\/speakingup\/"]}]},{"@type":"ImageObject","inLanguage":"de-DE","@id":"https:\/\/www.capgemini.com\/de-de\/unternehmen\/wer-wir-sind\/werte-ethik\/speakingup\/#primaryimage","url":"https:\/\/www.capgemini.com\/wp-content\/uploads\/2021\/09\/Capgemini_Ethics_SpeakUP.jpg","contentUrl":"https:\/\/www.capgemini.com\/wp-content\/uploads\/2021\/09\/Capgemini_Ethics_SpeakUP.jpg"},{"@type":"BreadcrumbList","@id":"https:\/\/www.capgemini.com\/de-de\/unternehmen\/wer-wir-sind\/werte-ethik\/speakingup\/#breadcrumb","itemListElement":[{"@type":"ListItem","position":1,"name":"\u00dcber Uns","item":"https:\/\/www.capgemini.com\/de-de\/unternehmen\/"},{"@type":"ListItem","position":2,"name":"Wer wir sind","item":"https:\/\/www.capgemini.com\/de-de\/unternehmen\/wer-wir-sind\/"},{"@type":"ListItem","position":3,"name":"Werte und Ethik","item":"https:\/\/www.capgemini.com\/de-de\/unternehmen\/wer-wir-sind\/werte-ethik\/"},{"@type":"ListItem","position":4,"name":"Speaking Up"}]},{"@type":"WebSite","@id":"https:\/\/www.capgemini.com\/de-de\/#website","url":"https:\/\/www.capgemini.com\/de-de\/","name":"Capgemini Deutschland","description":"Make it real","potentialAction":[{"@type":"SearchAction","target":{"@type":"EntryPoint","urlTemplate":"https:\/\/www.capgemini.com\/de-de\/?s={search_term_string}"},"query-input":"required name=search_term_string"}],"inLanguage":"de-DE"}]}},"brand_term":[],"parsely":{"version":"1.1.0","canonical_url":"https:\/\/capgemini.com\/de-de\/unternehmen\/wer-wir-sind\/werte-ethik\/speakingup\/","smart_links":{"inbound":0,"outbound":0},"traffic_boost_suggestions_count":0,"meta":{"@context":"https:\/\/schema.org","@type":"WebPage","headline":"Speaking Up","url":"http:\/\/www.capgemini.com\/de-de\/unternehmen\/wer-wir-sind\/werte-ethik\/speakingup\/","mainEntityOfPage":{"@type":"WebPage","@id":"http:\/\/www.capgemini.com\/de-de\/unternehmen\/wer-wir-sind\/werte-ethik\/speakingup\/"},"thumbnailUrl":"","image":{"@type":"ImageObject","url":""},"articleSection":"Uncategorized","author":[],"creator":[],"publisher":{"@type":"Organization","name":"Capgemini","logo":""},"keywords":[],"dateCreated":"2022-04-14T12:09:10Z","datePublished":"2022-04-14T12:09:10Z","dateModified":"2026-01-08T09:25:57Z"},"rendered":"<script type=\"application\/ld+json\" class=\"wp-parsely-metadata\">{\"@context\":\"https:\\\/\\\/schema.org\",\"@type\":\"WebPage\",\"headline\":\"Speaking Up\",\"url\":\"http:\\\/\\\/www.capgemini.com\\\/de-de\\\/unternehmen\\\/wer-wir-sind\\\/werte-ethik\\\/speakingup\\\/\",\"mainEntityOfPage\":{\"@type\":\"WebPage\",\"@id\":\"http:\\\/\\\/www.capgemini.com\\\/de-de\\\/unternehmen\\\/wer-wir-sind\\\/werte-ethik\\\/speakingup\\\/\"},\"thumbnailUrl\":\"\",\"image\":{\"@type\":\"ImageObject\",\"url\":\"\"},\"articleSection\":\"Uncategorized\",\"author\":[],\"creator\":[],\"publisher\":{\"@type\":\"Organization\",\"name\":\"Capgemini\",\"logo\":\"\"},\"keywords\":[],\"dateCreated\":\"2022-04-14T12:09:10Z\",\"datePublished\":\"2022-04-14T12:09:10Z\",\"dateModified\":\"2026-01-08T09:25:57Z\"}<\/script>","tracker_url":"https:\/\/cdn.parsely.com\/keys\/capgemini.com\/p.js"},"archive_status":false,"featured_image_src":"https:\/\/www.capgemini.com\/de-de\/wp-content\/themes\/capgemini2025\/assets\/images\/mockup.png","featured_image_alt":false,"jetpack_sharing_enabled":true,"distributor_meta":false,"distributor_terms":false,"distributor_media":false,"distributor_original_site_name":"Capgemini","distributor_original_site_url":"https:\/\/www.capgemini.com\/de-de","push-errors":false,"_links":{"self":[{"href":"https:\/\/www.capgemini.com\/de-de\/wp-json\/wp\/v2\/pages\/741469","targetHints":{"allow":["GET"]}}],"collection":[{"href":"https:\/\/www.capgemini.com\/de-de\/wp-json\/wp\/v2\/pages"}],"about":[{"href":"https:\/\/www.capgemini.com\/de-de\/wp-json\/wp\/v2\/types\/page"}],"author":[{"embeddable":true,"href":"https:\/\/www.capgemini.com\/de-de\/wp-json\/wp\/v2\/users\/121"}],"replies":[{"embeddable":true,"href":"https:\/\/www.capgemini.com\/de-de\/wp-json\/wp\/v2\/comments?post=741469"}],"version-history":[{"count":20,"href":"https:\/\/www.capgemini.com\/de-de\/wp-json\/wp\/v2\/pages\/741469\/revisions"}],"predecessor-version":[{"id":890511,"href":"https:\/\/www.capgemini.com\/de-de\/wp-json\/wp\/v2\/pages\/741469\/revisions\/890511"}],"up":[{"embeddable":true,"href":"https:\/\/www.capgemini.com\/de-de\/wp-json\/wp\/v2\/pages\/744603"}],"wp:attachment":[{"href":"https:\/\/www.capgemini.com\/de-de\/wp-json\/wp\/v2\/media?parent=741469"}],"wp:term":[{"taxonomy":"brand","embeddable":true,"href":"https:\/\/www.capgemini.com\/de-de\/wp-json\/wp\/v2\/brand?post=741469"},{"taxonomy":"partner_type","embeddable":true,"href":"https:\/\/www.capgemini.com\/de-de\/wp-json\/wp\/v2\/partner_type?post=741469"},{"taxonomy":"service","embeddable":true,"href":"https:\/\/www.capgemini.com\/de-de\/wp-json\/wp\/v2\/service?post=741469"},{"taxonomy":"industry","embeddable":true,"href":"https:\/\/www.capgemini.com\/de-de\/wp-json\/wp\/v2\/industry?post=741469"},{"taxonomy":"partners","embeddable":true,"href":"https:\/\/www.capgemini.com\/de-de\/wp-json\/wp\/v2\/partners?post=741469"},{"taxonomy":"page-type","embeddable":true,"href":"https:\/\/www.capgemini.com\/de-de\/wp-json\/wp\/v2\/page-type?post=741469"},{"taxonomy":"content-group","embeddable":true,"href":"https:\/\/www.capgemini.com\/de-de\/wp-json\/wp\/v2\/content-group?post=741469"}],"curies":[{"name":"wp","href":"https:\/\/api.w.org\/{rel}","templated":true}]}}