{"id":741467,"date":"2022-04-14T12:24:22","date_gmt":"2022-04-14T12:24:22","guid":{"rendered":"https:\/\/www.capgemini.com\/?page_id=679018"},"modified":"2025-05-07T09:06:26","modified_gmt":"2025-05-07T09:06:26","slug":"our-code-of-business-ethics","status":"publish","type":"page","link":"https:\/\/www.capgemini.com\/de-de\/unternehmen\/wer-wir-sind\/werte-ethik\/our-code-of-business-ethics\/","title":{"rendered":"Code of Business Ethics"},"content":{"rendered":"\n<div class=\"wp-block-cg-blocks-hero-picture-card undefined  heroPictureCard\"><div class=\"heroPictureCardBgs\"><picture><source srcset=\"https:\/\/www.capgemini.com\/wp-content\/uploads\/2022\/04\/Capgemini_Our-Code-of-Business-Ethics.jpg?w=2880&amp;quality=70 1x, https:\/\/www.capgemini.com\/wp-content\/uploads\/2022\/04\/Capgemini_Our-Code-of-Business-Ethics.jpg?w=2880&amp;quality=70 2x\" media=\"(min-width: 1500px)\"\/><source srcset=\"https:\/\/www.capgemini.com\/wp-content\/uploads\/2022\/04\/Capgemini_Our-Code-of-Business-Ethics.jpg?w=1440&amp;quality=70 1x, https:\/\/www.capgemini.com\/wp-content\/uploads\/2022\/04\/Capgemini_Our-Code-of-Business-Ethics.jpg?w=2880&amp;quality=70 2x\" media=\"(min-width: 992px)\"\/><source srcset=\"https:\/\/www.capgemini.com\/wp-content\/uploads\/2022\/04\/Capgemini_Our-Code-of-Business-Ethics.jpg?w=1024&amp;quality=70 1x, https:\/\/www.capgemini.com\/wp-content\/uploads\/2022\/04\/Capgemini_Our-Code-of-Business-Ethics.jpg?w=1024&amp;quality=70 2x\" media=\"(min-width: 768px)\"\/><source srcset=\"https:\/\/www.capgemini.com\/wp-content\/uploads\/2022\/04\/Capgemini_Our-Code-of-Business-Ethics.jpg?w=768&amp;quality=70 1x, https:\/\/www.capgemini.com\/wp-content\/uploads\/2022\/04\/Capgemini_Our-Code-of-Business-Ethics.jpg?w=768&amp;quality=70 2x\" media=\"(min-width: 0)\"\/><img decoding=\"async\" src=\"https:\/\/www.capgemini.com\/wp-content\/uploads\/2022\/04\/Capgemini_Our-Code-of-Business-Ethics.jpg\" class=\"desktopImage\" alt=\"\" style=\"object-fit:cover;object-position:49% 33%\" loading=\"eager\"\/><\/picture><picture><source srcset=\"https:\/\/www.capgemini.com\/wp-content\/uploads\/2022\/04\/Capgemini_Our-Code-of-Business-Ethics.jpg?w=2880&amp;quality=70 1x, https:\/\/www.capgemini.com\/wp-content\/uploads\/2022\/04\/Capgemini_Our-Code-of-Business-Ethics.jpg?w=2880&amp;quality=70 2x\" media=\"(min-width: 1500px)\"\/><source srcset=\"https:\/\/www.capgemini.com\/wp-content\/uploads\/2022\/04\/Capgemini_Our-Code-of-Business-Ethics.jpg?w=1440&amp;quality=70 1x, https:\/\/www.capgemini.com\/wp-content\/uploads\/2022\/04\/Capgemini_Our-Code-of-Business-Ethics.jpg?w=2880&amp;quality=70 2x\" media=\"(min-width: 992px)\"\/><source srcset=\"https:\/\/www.capgemini.com\/wp-content\/uploads\/2022\/04\/Capgemini_Our-Code-of-Business-Ethics.jpg?w=1024&amp;quality=70 1x, https:\/\/www.capgemini.com\/wp-content\/uploads\/2022\/04\/Capgemini_Our-Code-of-Business-Ethics.jpg?w=1024&amp;quality=70 2x\" media=\"(min-width: 768px)\"\/><source srcset=\"https:\/\/www.capgemini.com\/wp-content\/uploads\/2022\/04\/Capgemini_Our-Code-of-Business-Ethics.jpg?w=768&amp;quality=70 1x, https:\/\/www.capgemini.com\/wp-content\/uploads\/2022\/04\/Capgemini_Our-Code-of-Business-Ethics.jpg?w=768&amp;quality=70 2x\" media=\"(min-width: 0)\"\/><img decoding=\"async\" src=\"https:\/\/www.capgemini.com\/wp-content\/uploads\/2022\/04\/Capgemini_Our-Code-of-Business-Ethics.jpg\" class=\"mobileImage\" alt=\"\" style=\"object-fit:cover;object-position:49% 33%\" loading=\"eager\"\/><\/picture><\/div><div class=\"heroPictureCardHeaderShape\"><\/div><div class=\"container\"><div class=\"row\"><div class=\"col-md-8 col-lg-6\"><div class=\"heroPictureCardBox\"><div class=\"heroPictureCardBoxTitle\"><h1 data-maxlength=\"144\">Code of Business Ethics<\/h1><\/div><\/div><\/div><\/div><\/div><div class=\"small-device\"><div class=\"brandLogoWrapper\"> <\/div><\/div><\/div>\n\n\n\n<section class=\"wp-block-cg-blocks-intro-para undefined section section--intro\"><div class=\"intro-para\"><div class=\"container\"><div class=\"row\"><div class=\"col-12 col-md-1\"><nav class=\"article-social\"><ul class=\"social-nav\"><li class=\"ip-order-fb\"><a href=\"https:\/\/www.facebook.com\/sharer\/sharer.php?u=https:\/\/www.capgemini.com\/de-de\/unternehmen\/wer-wir-sind\/werte-ethik\/our-code-of-business-ethics\/\" target=\"_blank\" rel=\"noopener noreferrer\" title=\"opens in a new window\"><i aria-hidden=\"true\" class=\"icon-fb\"><\/i><span class=\"sr-only\">Facebook<\/span><\/a><\/li><li class=\"ip-order-li\"><a href=\"https:\/\/www.linkedin.com\/sharing\/share-offsite\/?url=https:\/\/www.capgemini.com\/de-de\/unternehmen\/wer-wir-sind\/werte-ethik\/our-code-of-business-ethics\/\" target=\"_blank\" rel=\"noopener noreferrer\" title=\"opens in a new window\"><i aria-hidden=\"true\" class=\"icon-li\"><\/i><span class=\"sr-only\">Linkedin<\/span><\/a><\/li><\/ul><\/nav><\/div><div class=\"col-12 col-md-11 col-lg-10\"><h2 class=\"intro-para-title\">Capgemini ist seit langem ein werteorientiertes Unternehmen: Wir lassen uns von unseren Unternehmenswerten leiten und bem\u00fchen uns um eine ethische Denk- und Verhaltensweise in all unseren t\u00e4glichen Gesch\u00e4ftsaktivit\u00e4ten.<\/h2><\/div><\/div><\/div><\/div><\/section>\n\n\n\n<section class=\"wp-block-cg-blocks-group undefined section section--article-content\"><div class=\"article-main-content\"><div class=\"container\"><div class=\"row\"><div class=\"col-12 col-md-11 col-lg-10 offset-md-1 offset-lg-1\"><div class=\"article-text article-quote-text\">\n<p>In unserem Code of Business Ethics werden unsere Werte, unsere ethischen Grunds\u00e4tze und die erwarteten Verhaltensweisen in f\u00fcnf Schl\u00fcsselbereichen vorgestellt:<\/p>\n\n\n\n<ul class=\"wp-block-list\">\n<li>Ein sicheres und integratives Arbeitsumfeld<\/li>\n\n\n\n<li>Vertrauen in die Gesch\u00e4ftsbeziehungen<\/li>\n\n\n\n<li>Sicherheit und Integrit\u00e4t der Verm\u00f6genswerte unserer Gruppe und Dritter<\/li>\n\n\n\n<li>Soziale Verantwortung der Unternehmen<\/li>\n\n\n\n<li>Speaking Up Kultur<\/li>\n<\/ul>\n\n\n\n<p><\/p>\n\n\n\n<h5 class=\"wp-block-heading\" id=\"h-laden-sie-unseren-code-of-business-ethics-herunter\">Laden Sie unseren Code of Business Ethics herunter<\/h5>\n\n\n\n<p><a href=\"https:\/\/www.capgemini.com\/wp-content\/uploads\/2025\/04\/Capgemini-CBE_2025_English-v3.6.pdf\" target=\"_blank\" rel=\"noreferrer noopener\">EN<\/a>&nbsp;|&nbsp;<a href=\"https:\/\/www.capgemini.com\/wp-content\/uploads\/2022\/06\/Capgemini-CBE_2022_Spanish-v3.3.pdf\" target=\"_blank\" rel=\"noreferrer noopener\">ES<\/a>&nbsp;| <a href=\"https:\/\/www.capgemini.com\/wp-content\/uploads\/2022\/06\/Capgemini-CBE_2022_German-v3.3.pdf\" target=\"_blank\" rel=\"noreferrer noopener\">DE<\/a> | <a href=\"https:\/\/www.capgemini.com\/wp-content\/uploads\/2022\/06\/Capgemini-CBE_2022_French-v3.3.pdf\" target=\"_blank\" rel=\"noreferrer noopener\">FR<\/a> | <a href=\"https:\/\/www.capgemini.com\/wp-content\/uploads\/2022\/06\/Capgemini-CBE_2022_Italian-v3.3.pdf\" target=\"_blank\" rel=\"noreferrer noopener\">IT<\/a> | <a href=\"https:\/\/www.capgemini.com\/wp-content\/uploads\/2023\/11\/Capgemini-CBE_2023_Japanese-v3.4.pdf\" target=\"_blank\" rel=\"noreferrer noopener\">JP<\/a> | <a href=\"https:\/\/www.capgemini.com\/wp-content\/uploads\/2022\/06\/Capgemini-CBE_2022_Polish-v3.3.pdf\" target=\"_blank\" rel=\"noreferrer noopener\">PL<\/a> | <a href=\"https:\/\/www.capgemini.com\/wp-content\/uploads\/2022\/06\/Capgemini-CBE_2022_Brazilian-v3.3.pdf\" target=\"_blank\" rel=\"noreferrer noopener\">PT<\/a> |&nbsp;<a href=\"https:\/\/www.capgemini.com\/wp-content\/uploads\/2022\/06\/Capgemini-CBE_2022_Chinese-v3.3.pdf\" target=\"_blank\" rel=\"noreferrer noopener\">ZH<\/a><\/p>\n\n\n\n<p><\/p>\n\n\n\n<p><\/p>\n\n\n\n<p><\/p>\n<\/div><\/div><\/div><\/div><\/div><\/section>\n","protected":false},"excerpt":{"rendered":"","protected":false},"author":121,"featured_media":0,"parent":744603,"menu_order":2,"comment_status":"closed","ping_status":"closed","template":"","meta":{"cg_dt_proposed_to":[],"cg_seo_hreflang_relations":"[]","cg_seo_canonical_relation":"","cg_seo_hreflang_x_default_relation":"{\"uuid\":\"aa1b7c40-44aa-4d46-bb23-c667309248b3\",\"blogId\":\"\",\"domain\":\"\",\"sitePath\":\"\",\"postLink\":\"\",\"postId\":null,\"isSaved\":true,\"isCrossLink\":false,\"hasCrossLink\":false}","cg_dt_approved_content":true,"cg_dt_mandatory_content":false,"cg_dt_notes":"","cg_dg_source_changed":false,"cg_dt_link_disabled":false,"_yoast_wpseo_primary_brand":"","footnotes":"","featured_focal_points":"","partner_card_description":"","gsap_animation":0},"brand":[],"partner_type":[],"service":[],"industry":[],"partners":[],"page-type":[],"content-group":[],"class_list":["post-741467","page","type-page","status-publish","hentry"],"yoast_head":"<!-- This site is optimized with the Yoast SEO Premium plugin v22.8 (Yoast SEO v22.8) - https:\/\/yoast.com\/wordpress\/plugins\/seo\/ -->\n<title>Kodex der Unternehmensethik | Unsere ethische Kultur | Capgemini<\/title>\n<meta name=\"description\" content=\"Capgemini ist ein werteorientiertes Unternehmen: Wir lassen uns von unseren Unternehmenswerten leiten und bem\u00fchen uns um eine ethische Denk- und Verhaltensweise in all unseren t\u00e4glichen Gesch\u00e4ftsaktivit\u00e4ten.\" \/>\n<meta name=\"robots\" content=\"index, follow, max-snippet:-1, max-image-preview:large, max-video-preview:-1\" \/>\n<link rel=\"canonical\" href=\"https:\/\/www.capgemini.com\/de-de\/unternehmen\/wer-wir-sind\/werte-ethik\/our-code-of-business-ethics\/\" \/>\n<meta property=\"og:locale\" content=\"de_DE\" \/>\n<meta property=\"og:type\" content=\"article\" \/>\n<meta property=\"og:title\" content=\"Kodex der Unternehmensethik | Unsere ethische Kultur | Capgemini\" \/>\n<meta property=\"og:description\" content=\"Capgemini ist ein werteorientiertes Unternehmen: Wir lassen uns von unseren Unternehmenswerten leiten und bem\u00fchen uns um eine ethische Denk- und Verhaltensweise in all unseren t\u00e4glichen Gesch\u00e4ftsaktivit\u00e4ten.\" \/>\n<meta property=\"og:url\" content=\"https:\/\/www.capgemini.com\/de-de\/unternehmen\/wer-wir-sind\/werte-ethik\/our-code-of-business-ethics\/\" \/>\n<meta property=\"og:site_name\" content=\"Capgemini\" \/>\n<meta property=\"article:modified_time\" content=\"2025-05-07T09:06:26+00:00\" \/>\n<meta property=\"og:image\" content=\"https:\/\/www.capgemini.com\/wp-content\/uploads\/2022\/04\/Capgemini_Our-Code-of-Business-Ethics.jpg\" \/>\n<meta name=\"twitter:card\" content=\"summary_large_image\" \/>\n<script type=\"application\/ld+json\" class=\"yoast-schema-graph\">{\"@context\":\"https:\/\/schema.org\",\"@graph\":[{\"@type\":\"WebPage\",\"@id\":\"https:\/\/www.capgemini.com\/de-de\/unternehmen\/wer-wir-sind\/werte-ethik\/our-code-of-business-ethics\/\",\"url\":\"https:\/\/www.capgemini.com\/de-de\/unternehmen\/wer-wir-sind\/werte-ethik\/our-code-of-business-ethics\/\",\"name\":\"Kodex der Unternehmensethik | Unsere ethische Kultur | Capgemini\",\"isPartOf\":{\"@id\":\"https:\/\/www.capgemini.com\/de-de\/#website\"},\"primaryImageOfPage\":{\"@id\":\"https:\/\/www.capgemini.com\/de-de\/unternehmen\/wer-wir-sind\/werte-ethik\/our-code-of-business-ethics\/#primaryimage\"},\"image\":{\"@id\":\"https:\/\/www.capgemini.com\/de-de\/unternehmen\/wer-wir-sind\/werte-ethik\/our-code-of-business-ethics\/#primaryimage\"},\"thumbnailUrl\":\"https:\/\/www.capgemini.com\/wp-content\/uploads\/2022\/04\/Capgemini_Our-Code-of-Business-Ethics.jpg\",\"datePublished\":\"2022-04-14T12:24:22+00:00\",\"dateModified\":\"2025-05-07T09:06:26+00:00\",\"description\":\"Capgemini ist ein werteorientiertes Unternehmen: Wir lassen uns von unseren Unternehmenswerten leiten und bem\u00fchen uns um eine ethische Denk- und Verhaltensweise in all unseren t\u00e4glichen Gesch\u00e4ftsaktivit\u00e4ten.\",\"breadcrumb\":{\"@id\":\"https:\/\/www.capgemini.com\/de-de\/unternehmen\/wer-wir-sind\/werte-ethik\/our-code-of-business-ethics\/#breadcrumb\"},\"inLanguage\":\"de-DE\",\"potentialAction\":[{\"@type\":\"ReadAction\",\"target\":[\"https:\/\/www.capgemini.com\/de-de\/unternehmen\/wer-wir-sind\/werte-ethik\/our-code-of-business-ethics\/\"]}]},{\"@type\":\"ImageObject\",\"inLanguage\":\"de-DE\",\"@id\":\"https:\/\/www.capgemini.com\/de-de\/unternehmen\/wer-wir-sind\/werte-ethik\/our-code-of-business-ethics\/#primaryimage\",\"url\":\"https:\/\/www.capgemini.com\/wp-content\/uploads\/2022\/04\/Capgemini_Our-Code-of-Business-Ethics.jpg\",\"contentUrl\":\"https:\/\/www.capgemini.com\/wp-content\/uploads\/2022\/04\/Capgemini_Our-Code-of-Business-Ethics.jpg\"},{\"@type\":\"BreadcrumbList\",\"@id\":\"https:\/\/www.capgemini.com\/de-de\/unternehmen\/wer-wir-sind\/werte-ethik\/our-code-of-business-ethics\/#breadcrumb\",\"itemListElement\":[{\"@type\":\"ListItem\",\"position\":1,\"name\":\"\u00dcber Uns\",\"item\":\"https:\/\/www.capgemini.com\/de-de\/unternehmen\/\"},{\"@type\":\"ListItem\",\"position\":2,\"name\":\"Wer wir sind\",\"item\":\"https:\/\/www.capgemini.com\/de-de\/unternehmen\/wer-wir-sind\/\"},{\"@type\":\"ListItem\",\"position\":3,\"name\":\"Werte und Ethik\",\"item\":\"https:\/\/www.capgemini.com\/de-de\/unternehmen\/wer-wir-sind\/werte-ethik\/\"},{\"@type\":\"ListItem\",\"position\":4,\"name\":\"Code of Business Ethics\"}]},{\"@type\":\"WebSite\",\"@id\":\"https:\/\/www.capgemini.com\/de-de\/#website\",\"url\":\"https:\/\/www.capgemini.com\/de-de\/\",\"name\":\"Capgemini Deutschland\",\"description\":\"Make it real\",\"potentialAction\":[{\"@type\":\"SearchAction\",\"target\":{\"@type\":\"EntryPoint\",\"urlTemplate\":\"https:\/\/www.capgemini.com\/de-de\/?s={search_term_string}\"},\"query-input\":\"required name=search_term_string\"}],\"inLanguage\":\"de-DE\"}]}<\/script>\n<!-- \/ Yoast SEO Premium plugin. -->","yoast_head_json":{"title":"Kodex der Unternehmensethik | Unsere ethische Kultur | Capgemini","description":"Capgemini ist ein werteorientiertes Unternehmen: Wir lassen uns von unseren Unternehmenswerten leiten und bem\u00fchen uns um eine ethische Denk- und Verhaltensweise in all unseren t\u00e4glichen Gesch\u00e4ftsaktivit\u00e4ten.","robots":{"index":"index","follow":"follow","max-snippet":"max-snippet:-1","max-image-preview":"max-image-preview:large","max-video-preview":"max-video-preview:-1"},"canonical":"https:\/\/www.capgemini.com\/de-de\/unternehmen\/wer-wir-sind\/werte-ethik\/our-code-of-business-ethics\/","og_locale":"de_DE","og_type":"article","og_title":"Kodex der Unternehmensethik | Unsere ethische Kultur | Capgemini","og_description":"Capgemini ist ein werteorientiertes Unternehmen: Wir lassen uns von unseren Unternehmenswerten leiten und bem\u00fchen uns um eine ethische Denk- und Verhaltensweise in all unseren t\u00e4glichen Gesch\u00e4ftsaktivit\u00e4ten.","og_url":"https:\/\/www.capgemini.com\/de-de\/unternehmen\/wer-wir-sind\/werte-ethik\/our-code-of-business-ethics\/","og_site_name":"Capgemini","article_modified_time":"2025-05-07T09:06:26+00:00","og_image":[{"url":"https:\/\/www.capgemini.com\/wp-content\/uploads\/2022\/04\/Capgemini_Our-Code-of-Business-Ethics.jpg"}],"twitter_card":"summary_large_image","schema":{"@context":"https:\/\/schema.org","@graph":[{"@type":"WebPage","@id":"https:\/\/www.capgemini.com\/de-de\/unternehmen\/wer-wir-sind\/werte-ethik\/our-code-of-business-ethics\/","url":"https:\/\/www.capgemini.com\/de-de\/unternehmen\/wer-wir-sind\/werte-ethik\/our-code-of-business-ethics\/","name":"Kodex der Unternehmensethik | Unsere ethische Kultur | Capgemini","isPartOf":{"@id":"https:\/\/www.capgemini.com\/de-de\/#website"},"primaryImageOfPage":{"@id":"https:\/\/www.capgemini.com\/de-de\/unternehmen\/wer-wir-sind\/werte-ethik\/our-code-of-business-ethics\/#primaryimage"},"image":{"@id":"https:\/\/www.capgemini.com\/de-de\/unternehmen\/wer-wir-sind\/werte-ethik\/our-code-of-business-ethics\/#primaryimage"},"thumbnailUrl":"https:\/\/www.capgemini.com\/wp-content\/uploads\/2022\/04\/Capgemini_Our-Code-of-Business-Ethics.jpg","datePublished":"2022-04-14T12:24:22+00:00","dateModified":"2025-05-07T09:06:26+00:00","description":"Capgemini ist ein werteorientiertes Unternehmen: Wir lassen uns von unseren Unternehmenswerten leiten und bem\u00fchen uns um eine ethische Denk- und Verhaltensweise in all unseren t\u00e4glichen Gesch\u00e4ftsaktivit\u00e4ten.","breadcrumb":{"@id":"https:\/\/www.capgemini.com\/de-de\/unternehmen\/wer-wir-sind\/werte-ethik\/our-code-of-business-ethics\/#breadcrumb"},"inLanguage":"de-DE","potentialAction":[{"@type":"ReadAction","target":["https:\/\/www.capgemini.com\/de-de\/unternehmen\/wer-wir-sind\/werte-ethik\/our-code-of-business-ethics\/"]}]},{"@type":"ImageObject","inLanguage":"de-DE","@id":"https:\/\/www.capgemini.com\/de-de\/unternehmen\/wer-wir-sind\/werte-ethik\/our-code-of-business-ethics\/#primaryimage","url":"https:\/\/www.capgemini.com\/wp-content\/uploads\/2022\/04\/Capgemini_Our-Code-of-Business-Ethics.jpg","contentUrl":"https:\/\/www.capgemini.com\/wp-content\/uploads\/2022\/04\/Capgemini_Our-Code-of-Business-Ethics.jpg"},{"@type":"BreadcrumbList","@id":"https:\/\/www.capgemini.com\/de-de\/unternehmen\/wer-wir-sind\/werte-ethik\/our-code-of-business-ethics\/#breadcrumb","itemListElement":[{"@type":"ListItem","position":1,"name":"\u00dcber Uns","item":"https:\/\/www.capgemini.com\/de-de\/unternehmen\/"},{"@type":"ListItem","position":2,"name":"Wer wir sind","item":"https:\/\/www.capgemini.com\/de-de\/unternehmen\/wer-wir-sind\/"},{"@type":"ListItem","position":3,"name":"Werte und Ethik","item":"https:\/\/www.capgemini.com\/de-de\/unternehmen\/wer-wir-sind\/werte-ethik\/"},{"@type":"ListItem","position":4,"name":"Code of Business Ethics"}]},{"@type":"WebSite","@id":"https:\/\/www.capgemini.com\/de-de\/#website","url":"https:\/\/www.capgemini.com\/de-de\/","name":"Capgemini Deutschland","description":"Make it real","potentialAction":[{"@type":"SearchAction","target":{"@type":"EntryPoint","urlTemplate":"https:\/\/www.capgemini.com\/de-de\/?s={search_term_string}"},"query-input":"required name=search_term_string"}],"inLanguage":"de-DE"}]}},"brand_term":[],"parsely":{"version":"1.1.0","canonical_url":"https:\/\/capgemini.com\/de-de\/unternehmen\/wer-wir-sind\/werte-ethik\/our-code-of-business-ethics\/","smart_links":{"inbound":0,"outbound":0},"traffic_boost_suggestions_count":0,"meta":{"@context":"https:\/\/schema.org","@type":"WebPage","headline":"Code of Business Ethics","url":"http:\/\/www.capgemini.com\/de-de\/unternehmen\/wer-wir-sind\/werte-ethik\/our-code-of-business-ethics\/","mainEntityOfPage":{"@type":"WebPage","@id":"http:\/\/www.capgemini.com\/de-de\/unternehmen\/wer-wir-sind\/werte-ethik\/our-code-of-business-ethics\/"},"thumbnailUrl":"","image":{"@type":"ImageObject","url":""},"articleSection":"Uncategorized","author":[],"creator":[],"publisher":{"@type":"Organization","name":"Capgemini","logo":""},"keywords":[],"dateCreated":"2022-04-14T12:24:22Z","datePublished":"2022-04-14T12:24:22Z","dateModified":"2025-05-07T09:06:26Z"},"rendered":"<script type=\"application\/ld+json\" class=\"wp-parsely-metadata\">{\"@context\":\"https:\\\/\\\/schema.org\",\"@type\":\"WebPage\",\"headline\":\"Code of Business Ethics\",\"url\":\"http:\\\/\\\/www.capgemini.com\\\/de-de\\\/unternehmen\\\/wer-wir-sind\\\/werte-ethik\\\/our-code-of-business-ethics\\\/\",\"mainEntityOfPage\":{\"@type\":\"WebPage\",\"@id\":\"http:\\\/\\\/www.capgemini.com\\\/de-de\\\/unternehmen\\\/wer-wir-sind\\\/werte-ethik\\\/our-code-of-business-ethics\\\/\"},\"thumbnailUrl\":\"\",\"image\":{\"@type\":\"ImageObject\",\"url\":\"\"},\"articleSection\":\"Uncategorized\",\"author\":[],\"creator\":[],\"publisher\":{\"@type\":\"Organization\",\"name\":\"Capgemini\",\"logo\":\"\"},\"keywords\":[],\"dateCreated\":\"2022-04-14T12:24:22Z\",\"datePublished\":\"2022-04-14T12:24:22Z\",\"dateModified\":\"2025-05-07T09:06:26Z\"}<\/script>","tracker_url":"https:\/\/cdn.parsely.com\/keys\/capgemini.com\/p.js"},"archive_status":false,"featured_image_src":"https:\/\/www.capgemini.com\/de-de\/wp-content\/themes\/capgemini2025\/assets\/images\/mockup.png","featured_image_alt":false,"jetpack_sharing_enabled":true,"distributor_meta":false,"distributor_terms":false,"distributor_media":false,"distributor_original_site_name":"Capgemini","distributor_original_site_url":"https:\/\/www.capgemini.com\/de-de","push-errors":false,"_links":{"self":[{"href":"https:\/\/www.capgemini.com\/de-de\/wp-json\/wp\/v2\/pages\/741467","targetHints":{"allow":["GET"]}}],"collection":[{"href":"https:\/\/www.capgemini.com\/de-de\/wp-json\/wp\/v2\/pages"}],"about":[{"href":"https:\/\/www.capgemini.com\/de-de\/wp-json\/wp\/v2\/types\/page"}],"author":[{"embeddable":true,"href":"https:\/\/www.capgemini.com\/de-de\/wp-json\/wp\/v2\/users\/121"}],"replies":[{"embeddable":true,"href":"https:\/\/www.capgemini.com\/de-de\/wp-json\/wp\/v2\/comments?post=741467"}],"version-history":[{"count":14,"href":"https:\/\/www.capgemini.com\/de-de\/wp-json\/wp\/v2\/pages\/741467\/revisions"}],"predecessor-version":[{"id":879574,"href":"https:\/\/www.capgemini.com\/de-de\/wp-json\/wp\/v2\/pages\/741467\/revisions\/879574"}],"up":[{"embeddable":true,"href":"https:\/\/www.capgemini.com\/de-de\/wp-json\/wp\/v2\/pages\/744603"}],"wp:attachment":[{"href":"https:\/\/www.capgemini.com\/de-de\/wp-json\/wp\/v2\/media?parent=741467"}],"wp:term":[{"taxonomy":"brand","embeddable":true,"href":"https:\/\/www.capgemini.com\/de-de\/wp-json\/wp\/v2\/brand?post=741467"},{"taxonomy":"partner_type","embeddable":true,"href":"https:\/\/www.capgemini.com\/de-de\/wp-json\/wp\/v2\/partner_type?post=741467"},{"taxonomy":"service","embeddable":true,"href":"https:\/\/www.capgemini.com\/de-de\/wp-json\/wp\/v2\/service?post=741467"},{"taxonomy":"industry","embeddable":true,"href":"https:\/\/www.capgemini.com\/de-de\/wp-json\/wp\/v2\/industry?post=741467"},{"taxonomy":"partners","embeddable":true,"href":"https:\/\/www.capgemini.com\/de-de\/wp-json\/wp\/v2\/partners?post=741467"},{"taxonomy":"page-type","embeddable":true,"href":"https:\/\/www.capgemini.com\/de-de\/wp-json\/wp\/v2\/page-type?post=741467"},{"taxonomy":"content-group","embeddable":true,"href":"https:\/\/www.capgemini.com\/de-de\/wp-json\/wp\/v2\/content-group?post=741467"}],"curies":[{"name":"wp","href":"https:\/\/api.w.org\/{rel}","templated":true}]}}