{"id":741465,"date":"2022-04-14T12:32:00","date_gmt":"2022-04-14T12:32:00","guid":{"rendered":"https:\/\/www.capgemini.com\/?page_id=679048"},"modified":"2026-03-27T12:17:01","modified_gmt":"2026-03-27T12:17:01","slug":"worlds-most-ethical-companies","status":"publish","type":"page","link":"https:\/\/www.capgemini.com\/de-de\/unternehmen\/wer-wir-sind\/werte-ethik\/worlds-most-ethical-companies\/","title":{"rendered":"World\u2019s Most Ethical Companies\u00ae"},"content":{"rendered":"\n<div class=\"wp-block-cg-blocks-hero-picture-card undefined  heroPictureCard heroPictureCardLogTitle \"><div class=\"heroPictureCardBgs\"><picture><source srcset=\"https:\/\/www.capgemini.com\/wp-content\/uploads\/2021\/08\/Capgemini_Diversity-e1649945843650.jpg?w=2880&amp;quality=70 1x, https:\/\/www.capgemini.com\/wp-content\/uploads\/2021\/08\/Capgemini_Diversity-e1649945843650.jpg?w=2880&amp;quality=70 2x\" media=\"(min-width: 1500px)\"\/><source srcset=\"https:\/\/www.capgemini.com\/wp-content\/uploads\/2021\/08\/Capgemini_Diversity-e1649945843650.jpg?w=1440&amp;quality=70 1x, https:\/\/www.capgemini.com\/wp-content\/uploads\/2021\/08\/Capgemini_Diversity-e1649945843650.jpg?w=2880&amp;quality=70 2x\" media=\"(min-width: 992px)\"\/><source srcset=\"https:\/\/www.capgemini.com\/wp-content\/uploads\/2021\/08\/Capgemini_Diversity-e1649945843650.jpg?w=1024&amp;quality=70 1x, https:\/\/www.capgemini.com\/wp-content\/uploads\/2021\/08\/Capgemini_Diversity-e1649945843650.jpg?w=1024&amp;quality=70 2x\" media=\"(min-width: 768px)\"\/><source srcset=\"https:\/\/www.capgemini.com\/wp-content\/uploads\/2021\/08\/Capgemini_Diversity-e1649945843650.jpg?w=768&amp;quality=70 1x, https:\/\/www.capgemini.com\/wp-content\/uploads\/2021\/08\/Capgemini_Diversity-e1649945843650.jpg?w=768&amp;quality=70 2x\" media=\"(min-width: 0)\"\/><img decoding=\"async\" src=\"https:\/\/www.capgemini.com\/wp-content\/uploads\/2021\/08\/Capgemini_Diversity-e1649945843650.jpg\" class=\"desktopImage\" alt=\"\" style=\"object-fit:cover;object-position:59% 54%\" loading=\"eager\"\/><\/picture><picture><source srcset=\"https:\/\/www.capgemini.com\/wp-content\/uploads\/2021\/08\/Capgemini_Diversity-e1649945843650.jpg?w=2880&amp;quality=70 1x, https:\/\/www.capgemini.com\/wp-content\/uploads\/2021\/08\/Capgemini_Diversity-e1649945843650.jpg?w=2880&amp;quality=70 2x\" media=\"(min-width: 1500px)\"\/><source srcset=\"https:\/\/www.capgemini.com\/wp-content\/uploads\/2021\/08\/Capgemini_Diversity-e1649945843650.jpg?w=1440&amp;quality=70 1x, https:\/\/www.capgemini.com\/wp-content\/uploads\/2021\/08\/Capgemini_Diversity-e1649945843650.jpg?w=2880&amp;quality=70 2x\" media=\"(min-width: 992px)\"\/><source srcset=\"https:\/\/www.capgemini.com\/wp-content\/uploads\/2021\/08\/Capgemini_Diversity-e1649945843650.jpg?w=1024&amp;quality=70 1x, https:\/\/www.capgemini.com\/wp-content\/uploads\/2021\/08\/Capgemini_Diversity-e1649945843650.jpg?w=1024&amp;quality=70 2x\" media=\"(min-width: 768px)\"\/><source srcset=\"https:\/\/www.capgemini.com\/wp-content\/uploads\/2021\/08\/Capgemini_Diversity-e1649945843650.jpg?w=768&amp;quality=70 1x, https:\/\/www.capgemini.com\/wp-content\/uploads\/2021\/08\/Capgemini_Diversity-e1649945843650.jpg?w=768&amp;quality=70 2x\" media=\"(min-width: 0)\"\/><img decoding=\"async\" src=\"https:\/\/www.capgemini.com\/wp-content\/uploads\/2021\/08\/Capgemini_Diversity-e1649945843650.jpg\" class=\"mobileImage\" alt=\"\" style=\"object-fit:cover;object-position:59% 54%\" loading=\"eager\"\/><\/picture><\/div><div class=\"heroPictureCardHeaderShape\"><\/div><div class=\"container\"><div class=\"row\"><div class=\"col-md-10 col-lg-10 LongTitle\"><div class=\"heroPictureCardBox\"><div class=\"heroPictureCardBoxTitle\"><h1 data-maxlength=\"144\">One of the World\u2019s Most Ethical Companies\u00ae &#8211; 14 Jahre in Folge<\/h1><\/div><\/div><\/div><\/div><\/div><div class=\"small-device\"><div class=\"logoWrapperLongTitle\"> <\/div><\/div><\/div>\n\n\n\n<section class=\"wp-block-cg-blocks-intro-para undefined section section--intro\"><div class=\"intro-para\"><div class=\"container\"><div class=\"row\"><div class=\"col-12 col-md-2\"><nav class=\"article-social\"><ul class=\"social-nav\"><li class=\"ip-order-fb\"><a href=\"https:\/\/www.facebook.com\/sharer\/sharer.php?u=https:\/\/www.capgemini.com\/de-de\/unternehmen\/wer-wir-sind\/werte-ethik\/worlds-most-ethical-companies\/\" target=\"_blank\" rel=\"noopener noreferrer\" title=\"opens in a new window\"><i aria-hidden=\"true\" class=\"icon-fb\"><\/i><span class=\"sr-only\">Facebook<\/span><\/a><\/li><li class=\"ip-order-li\"><a href=\"https:\/\/www.linkedin.com\/sharing\/share-offsite\/?url=https:\/\/www.capgemini.com\/de-de\/unternehmen\/wer-wir-sind\/werte-ethik\/worlds-most-ethical-companies\/\" target=\"_blank\" rel=\"noopener noreferrer\" title=\"opens in a new window\"><i aria-hidden=\"true\" class=\"icon-li\"><\/i><span class=\"sr-only\">Linkedin<\/span><\/a><\/li><\/ul><\/nav><\/div><div class=\"col-12 col-md-8\"><h2 class=\"intro-para-title\">Seit 14 Jahren in Folge wurde Capgemini vom Ethisphere\u00ae Institute als eines der <em>World&#8217;s Most Ethical Companies<\/em>\u00ae ausgezeichnet. Dies ist eine Anerkennung unserer ethischen Unternehmenskultur, die uns in den Augen unserer Kunden, Aktion\u00e4re und der breiteren \u00d6ffentlichkeit zu einem bevorzugten Arbeitgeber und verantwortungsvollen Akteur macht.<\/h2><\/div><\/div><\/div><\/div><\/section>\n\n\n\n<section class=\"wp-block-cg-blocks-group undefined section section--article-content\"><div class=\"article-main-content\"><div class=\"container\"><div class=\"grid-container\"><div><div class=\"article-text article-quote-text\">\n<h3 class=\"wp-block-heading\" id=\"h-was-bedeutet-world-s-most-ethical-companies\">Was bedeutet World&#8217;s Most Ethical Companies\u00ae?<\/h3>\n\n\n\n<figure class=\"wp-block-image alignright size-full is-resized\"><img decoding=\"async\" src=\"https:\/\/www.capgemini.com\/wp-content\/uploads\/2026\/03\/2689290_2026CustomWMECLogos_14x_121125-1.png\" alt=\"\" class=\"wp-image-1000001209265\" style=\"width:375px\" srcset=\"https:\/\/www.capgemini.com\/wp-content\/uploads\/2026\/03\/2689290_2026CustomWMECLogos_14x_121125-1.png 800w, https:\/\/www.capgemini.com\/wp-content\/uploads\/2026\/03\/2689290_2026CustomWMECLogos_14x_121125-1.png?resize=150,150 150w, https:\/\/www.capgemini.com\/wp-content\/uploads\/2026\/03\/2689290_2026CustomWMECLogos_14x_121125-1.png?resize=300,300 300w, https:\/\/www.capgemini.com\/wp-content\/uploads\/2026\/03\/2689290_2026CustomWMECLogos_14x_121125-1.png?resize=768,768 768w, https:\/\/www.capgemini.com\/wp-content\/uploads\/2026\/03\/2689290_2026CustomWMECLogos_14x_121125-1.png?resize=400,400 400w\" sizes=\"(max-width: 800px) 100vw, 800px\" \/><\/figure>\n\n\n\n<p class=\"is-style-cg-core-paragraph\">Diese Auszeichnung wurde 2007 vom Ethisphere Institute ins Leben gerufen, um Unternehmen, die in ihrer Branche eine ethische F\u00fchrungsrolle einnehmen, \u00f6ffentlich anzuerkennen und auszuzeichnen. Ethisphere zeichnet Unternehmen aus, die in drei Bereichen herausragende Leistungen erbringen: F\u00f6rderung ethischer Gesch\u00e4ftsstandards und -praktiken im Unternehmen, Unterst\u00fctzung von Managern und Mitarbeitern bei der Entscheidungsfindung, sowie die Gestaltung der zuk\u00fcnftigen Branchenstandards durch die schnelle Einf\u00fchrung der bestm\u00f6glichen Herangehensweisen.<\/p>\n\n\n\n<p class=\"is-style-cg-core-paragraph\">Die Ausgezeichneten haben in der Vergangenheit finanziell besser abgeschnitten als ihre Mitbewerber, wodurch sich der Zusammenhang zwischen guten ethischen Verfahrensweisen und der auf dem Markt gesch\u00e4tzten Leistung zeigt.<\/p>\n\n\n\n<h3 class=\"wp-block-heading\" id=\"h-warum-ist-diese-anerkennung-so-wichtig-fur-uns\">Warum ist diese Anerkennung so wichtig f\u00fcr uns?<\/h3>\n\n\n\n<p class=\"is-style-cg-core-paragraph\">Capgemini f\u00fchlt sich geehrt, erneut f\u00fcr seine hohen ethischen Praktiken ausgezeichnet zu werden. Die Anerkennung als eines der ethischsten Unternehmen der Welt motiviert uns jedes Jahr aufs Neue, noch besser zu werden. Geleitet von unseren Werten plant die Unternehmensgruppe, weiterhin vertrauensvolle, langfristige Gesch\u00e4ftsbeziehungen aufzubauen und so den Weg in eine ethische Zukunft zu ebnen.<\/p>\n\n\n\n<p class=\"is-style-cg-core-paragraph\">Jedes Jahr wird das Nominierungsverfahren schwieriger. Wir beantworten einen Fragebogen mit \u00fcber 200 Fragen, der detaillierte Angaben von den verschiedenen Interessengruppen in Bereichen wie ethische Kultur und Programm, Corporate Governance, Management von Dritten, F\u00fchrung, Ruf und soziale Verantwortung des Unternehmens verlangt.<\/p>\n\n\n\n<h3 class=\"wp-block-heading\" id=\"h-uber-unsere-ethische-unternehmenskultur\">\u00dcber unsere ethische Unternehmenskultur<\/h3>\n\n\n\n<p class=\"is-style-cg-core-paragraph\">Im Jahr 2010 haben wir bei Capgemini ein formelles Ethikprogramm eingef\u00fchrt, in dessen Mittelpunkt unsere Werte stehen. Dieses umfassende Programm war entscheidend f\u00fcr den Erfolg einer vielf\u00e4ltigen, dezentralisierten Gruppe wie der unseren, mit multikulturellen Teams, die in mehr als 50 L\u00e4ndern t\u00e4tig sind.<\/p>\n\n\n\n<p class=\"is-style-cg-core-paragraph\">Um unsere ethische Kultur aufrechtzuerhalten, bedarf es st\u00e4ndiger Innovation. 2021 haben wir unter anderem eine Menschenrechtspolitik und einen Ethikkodex f\u00fcr KI ver\u00f6ffentlicht, unsere Mitarbeiter durch Umfragen befragt und unsere &#8220;Speaking Up&#8221;-Kultur gest\u00e4rkt.<\/p>\n<\/div><\/div><\/div><\/div><\/div><\/section>\n\n\n\n<p class=\"is-style-cg-core-paragraph\"><\/p>\n","protected":false},"excerpt":{"rendered":"","protected":false},"author":23,"featured_media":741466,"parent":744603,"menu_order":1,"comment_status":"closed","ping_status":"closed","template":"","meta":{"cg_dt_proposed_to":[],"cg_seo_hreflang_relations":"[]","cg_seo_canonical_relation":"","cg_seo_hreflang_x_default_relation":"{\"uuid\":\"449395a6-715a-430e-8dd8-a44ffefbd373\",\"blogId\":\"\",\"domain\":\"\",\"sitePath\":\"\",\"postLink\":\"\",\"postId\":null,\"isSaved\":true,\"isCrossLink\":false,\"hasCrossLink\":false}","cg_dt_approved_content":true,"cg_dt_mandatory_content":false,"cg_dt_notes":"","cg_dg_source_changed":false,"cg_dt_link_disabled":false,"_yoast_wpseo_primary_brand":"","footnotes":"","featured_focal_points":"{\"x\":\"0.49\",\"y\":\"0.73\"}","partner_card_description":"","gsap_animation":0},"brand":[],"partner_type":[],"service":[],"industry":[],"partners":[],"page-type":[],"content-group":[],"class_list":["post-741465","page","type-page","status-publish","has-post-thumbnail","hentry"],"yoast_head":"<!-- This site is optimized with the Yoast SEO Premium plugin v22.8 (Yoast SEO v22.8) - https:\/\/yoast.com\/wordpress\/plugins\/seo\/ -->\n<title>World\u2019s Most Ethical Companies\u00ae | Capgemini<\/title>\n<meta name=\"robots\" content=\"index, follow, max-snippet:-1, max-image-preview:large, max-video-preview:-1\" \/>\n<link rel=\"canonical\" href=\"https:\/\/www.capgemini.com\/de-de\/unternehmen\/wer-wir-sind\/werte-ethik\/worlds-most-ethical-companies\/\" \/>\n<meta property=\"og:locale\" content=\"de_DE\" \/>\n<meta property=\"og:type\" content=\"article\" \/>\n<meta property=\"og:title\" content=\"World\u2019s Most Ethical Companies\u00ae | Capgemini\" \/>\n<meta property=\"og:url\" content=\"https:\/\/www.capgemini.com\/de-de\/unternehmen\/wer-wir-sind\/werte-ethik\/worlds-most-ethical-companies\/\" \/>\n<meta property=\"og:site_name\" content=\"Capgemini\" \/>\n<meta property=\"article:modified_time\" content=\"2026-03-27T12:17:01+00:00\" \/>\n<meta property=\"og:image\" content=\"https:\/\/www.capgemini.com\/de-de\/wp-content\/uploads\/sites\/8\/2022\/04\/Capgemini_Diversity-e1649945843650.jpg\" \/>\n\t<meta property=\"og:image:width\" content=\"2880\" \/>\n\t<meta property=\"og:image:height\" content=\"1800\" \/>\n\t<meta property=\"og:image:type\" content=\"image\/jpeg\" \/>\n<meta name=\"twitter:card\" content=\"summary_large_image\" \/>\n<meta name=\"twitter:label1\" content=\"Est. reading time\" \/>\n\t<meta name=\"twitter:data1\" content=\"3 minutes\" \/>\n<script type=\"application\/ld+json\" class=\"yoast-schema-graph\">{\"@context\":\"https:\/\/schema.org\",\"@graph\":[{\"@type\":\"WebPage\",\"@id\":\"https:\/\/www.capgemini.com\/de-de\/unternehmen\/wer-wir-sind\/werte-ethik\/worlds-most-ethical-companies\/\",\"url\":\"https:\/\/www.capgemini.com\/de-de\/unternehmen\/wer-wir-sind\/werte-ethik\/worlds-most-ethical-companies\/\",\"name\":\"World\u2019s Most Ethical Companies\u00ae | Capgemini\",\"isPartOf\":{\"@id\":\"https:\/\/www.capgemini.com\/de-de\/#website\"},\"primaryImageOfPage\":{\"@id\":\"https:\/\/www.capgemini.com\/de-de\/unternehmen\/wer-wir-sind\/werte-ethik\/worlds-most-ethical-companies\/#primaryimage\"},\"image\":{\"@id\":\"https:\/\/www.capgemini.com\/de-de\/unternehmen\/wer-wir-sind\/werte-ethik\/worlds-most-ethical-companies\/#primaryimage\"},\"thumbnailUrl\":\"https:\/\/www.capgemini.com\/de-de\/wp-content\/uploads\/sites\/8\/2022\/04\/Capgemini_Diversity-e1649945843650.jpg\",\"datePublished\":\"2022-04-14T12:32:00+00:00\",\"dateModified\":\"2026-03-27T12:17:01+00:00\",\"breadcrumb\":{\"@id\":\"https:\/\/www.capgemini.com\/de-de\/unternehmen\/wer-wir-sind\/werte-ethik\/worlds-most-ethical-companies\/#breadcrumb\"},\"inLanguage\":\"de-DE\",\"potentialAction\":[{\"@type\":\"ReadAction\",\"target\":[\"https:\/\/www.capgemini.com\/de-de\/unternehmen\/wer-wir-sind\/werte-ethik\/worlds-most-ethical-companies\/\"]}]},{\"@type\":\"ImageObject\",\"inLanguage\":\"de-DE\",\"@id\":\"https:\/\/www.capgemini.com\/de-de\/unternehmen\/wer-wir-sind\/werte-ethik\/worlds-most-ethical-companies\/#primaryimage\",\"url\":\"https:\/\/www.capgemini.com\/de-de\/wp-content\/uploads\/sites\/8\/2022\/04\/Capgemini_Diversity-e1649945843650.jpg\",\"contentUrl\":\"https:\/\/www.capgemini.com\/de-de\/wp-content\/uploads\/sites\/8\/2022\/04\/Capgemini_Diversity-e1649945843650.jpg\",\"width\":2880,\"height\":1800},{\"@type\":\"BreadcrumbList\",\"@id\":\"https:\/\/www.capgemini.com\/de-de\/unternehmen\/wer-wir-sind\/werte-ethik\/worlds-most-ethical-companies\/#breadcrumb\",\"itemListElement\":[{\"@type\":\"ListItem\",\"position\":1,\"name\":\"\u00dcber Uns\",\"item\":\"https:\/\/www.capgemini.com\/de-de\/unternehmen\/\"},{\"@type\":\"ListItem\",\"position\":2,\"name\":\"Wer wir sind\",\"item\":\"https:\/\/www.capgemini.com\/de-de\/unternehmen\/wer-wir-sind\/\"},{\"@type\":\"ListItem\",\"position\":3,\"name\":\"Werte und Ethik\",\"item\":\"https:\/\/www.capgemini.com\/de-de\/unternehmen\/wer-wir-sind\/werte-ethik\/\"},{\"@type\":\"ListItem\",\"position\":4,\"name\":\"World\u2019s Most Ethical Companies\u00ae\"}]},{\"@type\":\"WebSite\",\"@id\":\"https:\/\/www.capgemini.com\/de-de\/#website\",\"url\":\"https:\/\/www.capgemini.com\/de-de\/\",\"name\":\"Capgemini Deutschland\",\"description\":\"Make it real\",\"potentialAction\":[{\"@type\":\"SearchAction\",\"target\":{\"@type\":\"EntryPoint\",\"urlTemplate\":\"https:\/\/www.capgemini.com\/de-de\/?s={search_term_string}\"},\"query-input\":\"required name=search_term_string\"}],\"inLanguage\":\"de-DE\"}]}<\/script>\n<!-- \/ Yoast SEO Premium plugin. -->","yoast_head_json":{"title":"World\u2019s Most Ethical Companies\u00ae | Capgemini","robots":{"index":"index","follow":"follow","max-snippet":"max-snippet:-1","max-image-preview":"max-image-preview:large","max-video-preview":"max-video-preview:-1"},"canonical":"https:\/\/www.capgemini.com\/de-de\/unternehmen\/wer-wir-sind\/werte-ethik\/worlds-most-ethical-companies\/","og_locale":"de_DE","og_type":"article","og_title":"World\u2019s Most Ethical Companies\u00ae | Capgemini","og_url":"https:\/\/www.capgemini.com\/de-de\/unternehmen\/wer-wir-sind\/werte-ethik\/worlds-most-ethical-companies\/","og_site_name":"Capgemini","article_modified_time":"2026-03-27T12:17:01+00:00","og_image":[{"width":2880,"height":1800,"url":"https:\/\/www.capgemini.com\/de-de\/wp-content\/uploads\/sites\/8\/2022\/04\/Capgemini_Diversity-e1649945843650.jpg","type":"image\/jpeg"}],"twitter_card":"summary_large_image","twitter_misc":{"Est. reading time":"3 minutes"},"schema":{"@context":"https:\/\/schema.org","@graph":[{"@type":"WebPage","@id":"https:\/\/www.capgemini.com\/de-de\/unternehmen\/wer-wir-sind\/werte-ethik\/worlds-most-ethical-companies\/","url":"https:\/\/www.capgemini.com\/de-de\/unternehmen\/wer-wir-sind\/werte-ethik\/worlds-most-ethical-companies\/","name":"World\u2019s Most Ethical Companies\u00ae | Capgemini","isPartOf":{"@id":"https:\/\/www.capgemini.com\/de-de\/#website"},"primaryImageOfPage":{"@id":"https:\/\/www.capgemini.com\/de-de\/unternehmen\/wer-wir-sind\/werte-ethik\/worlds-most-ethical-companies\/#primaryimage"},"image":{"@id":"https:\/\/www.capgemini.com\/de-de\/unternehmen\/wer-wir-sind\/werte-ethik\/worlds-most-ethical-companies\/#primaryimage"},"thumbnailUrl":"https:\/\/www.capgemini.com\/de-de\/wp-content\/uploads\/sites\/8\/2022\/04\/Capgemini_Diversity-e1649945843650.jpg","datePublished":"2022-04-14T12:32:00+00:00","dateModified":"2026-03-27T12:17:01+00:00","breadcrumb":{"@id":"https:\/\/www.capgemini.com\/de-de\/unternehmen\/wer-wir-sind\/werte-ethik\/worlds-most-ethical-companies\/#breadcrumb"},"inLanguage":"de-DE","potentialAction":[{"@type":"ReadAction","target":["https:\/\/www.capgemini.com\/de-de\/unternehmen\/wer-wir-sind\/werte-ethik\/worlds-most-ethical-companies\/"]}]},{"@type":"ImageObject","inLanguage":"de-DE","@id":"https:\/\/www.capgemini.com\/de-de\/unternehmen\/wer-wir-sind\/werte-ethik\/worlds-most-ethical-companies\/#primaryimage","url":"https:\/\/www.capgemini.com\/de-de\/wp-content\/uploads\/sites\/8\/2022\/04\/Capgemini_Diversity-e1649945843650.jpg","contentUrl":"https:\/\/www.capgemini.com\/de-de\/wp-content\/uploads\/sites\/8\/2022\/04\/Capgemini_Diversity-e1649945843650.jpg","width":2880,"height":1800},{"@type":"BreadcrumbList","@id":"https:\/\/www.capgemini.com\/de-de\/unternehmen\/wer-wir-sind\/werte-ethik\/worlds-most-ethical-companies\/#breadcrumb","itemListElement":[{"@type":"ListItem","position":1,"name":"\u00dcber Uns","item":"https:\/\/www.capgemini.com\/de-de\/unternehmen\/"},{"@type":"ListItem","position":2,"name":"Wer wir sind","item":"https:\/\/www.capgemini.com\/de-de\/unternehmen\/wer-wir-sind\/"},{"@type":"ListItem","position":3,"name":"Werte und Ethik","item":"https:\/\/www.capgemini.com\/de-de\/unternehmen\/wer-wir-sind\/werte-ethik\/"},{"@type":"ListItem","position":4,"name":"World\u2019s Most Ethical Companies\u00ae"}]},{"@type":"WebSite","@id":"https:\/\/www.capgemini.com\/de-de\/#website","url":"https:\/\/www.capgemini.com\/de-de\/","name":"Capgemini Deutschland","description":"Make it real","potentialAction":[{"@type":"SearchAction","target":{"@type":"EntryPoint","urlTemplate":"https:\/\/www.capgemini.com\/de-de\/?s={search_term_string}"},"query-input":"required name=search_term_string"}],"inLanguage":"de-DE"}]}},"brand_term":[],"parsely":{"version":"1.1.0","canonical_url":"https:\/\/capgemini.com\/de-de\/unternehmen\/wer-wir-sind\/werte-ethik\/worlds-most-ethical-companies\/","smart_links":{"inbound":0,"outbound":0},"traffic_boost_suggestions_count":0,"meta":{"@context":"https:\/\/schema.org","@type":"WebPage","headline":"World\u2019s Most Ethical Companies\u00ae","url":"http:\/\/www.capgemini.com\/de-de\/unternehmen\/wer-wir-sind\/werte-ethik\/worlds-most-ethical-companies\/","mainEntityOfPage":{"@type":"WebPage","@id":"http:\/\/www.capgemini.com\/de-de\/unternehmen\/wer-wir-sind\/werte-ethik\/worlds-most-ethical-companies\/"},"thumbnailUrl":"https:\/\/www.capgemini.com\/de-de\/wp-content\/uploads\/sites\/8\/2022\/04\/Capgemini_Diversity-e1649945843650.jpg?w=150&h=150&crop=1","image":{"@type":"ImageObject","url":"https:\/\/www.capgemini.com\/de-de\/wp-content\/uploads\/sites\/8\/2022\/04\/Capgemini_Diversity-e1649945843650.jpg"},"articleSection":"Uncategorized","author":[],"creator":[],"publisher":{"@type":"Organization","name":"Capgemini","logo":""},"keywords":[],"dateCreated":"2022-04-14T12:32:00Z","datePublished":"2022-04-14T12:32:00Z","dateModified":"2026-03-27T12:17:01Z"},"rendered":"<script type=\"application\/ld+json\" class=\"wp-parsely-metadata\">{\"@context\":\"https:\\\/\\\/schema.org\",\"@type\":\"WebPage\",\"headline\":\"World\\u2019s Most Ethical Companies\\u00ae\",\"url\":\"http:\\\/\\\/www.capgemini.com\\\/de-de\\\/unternehmen\\\/wer-wir-sind\\\/werte-ethik\\\/worlds-most-ethical-companies\\\/\",\"mainEntityOfPage\":{\"@type\":\"WebPage\",\"@id\":\"http:\\\/\\\/www.capgemini.com\\\/de-de\\\/unternehmen\\\/wer-wir-sind\\\/werte-ethik\\\/worlds-most-ethical-companies\\\/\"},\"thumbnailUrl\":\"https:\\\/\\\/www.capgemini.com\\\/de-de\\\/wp-content\\\/uploads\\\/sites\\\/8\\\/2022\\\/04\\\/Capgemini_Diversity-e1649945843650.jpg?w=150&h=150&crop=1\",\"image\":{\"@type\":\"ImageObject\",\"url\":\"https:\\\/\\\/www.capgemini.com\\\/de-de\\\/wp-content\\\/uploads\\\/sites\\\/8\\\/2022\\\/04\\\/Capgemini_Diversity-e1649945843650.jpg\"},\"articleSection\":\"Uncategorized\",\"author\":[],\"creator\":[],\"publisher\":{\"@type\":\"Organization\",\"name\":\"Capgemini\",\"logo\":\"\"},\"keywords\":[],\"dateCreated\":\"2022-04-14T12:32:00Z\",\"datePublished\":\"2022-04-14T12:32:00Z\",\"dateModified\":\"2026-03-27T12:17:01Z\"}<\/script>","tracker_url":"https:\/\/cdn.parsely.com\/keys\/capgemini.com\/p.js"},"archive_status":false,"featured_image_src":"https:\/\/www.capgemini.com\/de-de\/wp-content\/uploads\/sites\/8\/2022\/04\/Capgemini_Diversity-e1649945843650.jpg","featured_image_alt":"","jetpack_sharing_enabled":true,"distributor_meta":false,"distributor_terms":false,"distributor_media":false,"distributor_original_site_name":"Capgemini","distributor_original_site_url":"https:\/\/www.capgemini.com\/de-de","push-errors":false,"_links":{"self":[{"href":"https:\/\/www.capgemini.com\/de-de\/wp-json\/wp\/v2\/pages\/741465","targetHints":{"allow":["GET"]}}],"collection":[{"href":"https:\/\/www.capgemini.com\/de-de\/wp-json\/wp\/v2\/pages"}],"about":[{"href":"https:\/\/www.capgemini.com\/de-de\/wp-json\/wp\/v2\/types\/page"}],"author":[{"embeddable":true,"href":"https:\/\/www.capgemini.com\/de-de\/wp-json\/wp\/v2\/users\/23"}],"replies":[{"embeddable":true,"href":"https:\/\/www.capgemini.com\/de-de\/wp-json\/wp\/v2\/comments?post=741465"}],"version-history":[{"count":20,"href":"https:\/\/www.capgemini.com\/de-de\/wp-json\/wp\/v2\/pages\/741465\/revisions"}],"predecessor-version":[{"id":893930,"href":"https:\/\/www.capgemini.com\/de-de\/wp-json\/wp\/v2\/pages\/741465\/revisions\/893930"}],"up":[{"embeddable":true,"href":"https:\/\/www.capgemini.com\/de-de\/wp-json\/wp\/v2\/pages\/744603"}],"wp:featuredmedia":[{"embeddable":true,"href":"https:\/\/www.capgemini.com\/de-de\/wp-json\/wp\/v2\/media\/741466"}],"wp:attachment":[{"href":"https:\/\/www.capgemini.com\/de-de\/wp-json\/wp\/v2\/media?parent=741465"}],"wp:term":[{"taxonomy":"brand","embeddable":true,"href":"https:\/\/www.capgemini.com\/de-de\/wp-json\/wp\/v2\/brand?post=741465"},{"taxonomy":"partner_type","embeddable":true,"href":"https:\/\/www.capgemini.com\/de-de\/wp-json\/wp\/v2\/partner_type?post=741465"},{"taxonomy":"service","embeddable":true,"href":"https:\/\/www.capgemini.com\/de-de\/wp-json\/wp\/v2\/service?post=741465"},{"taxonomy":"industry","embeddable":true,"href":"https:\/\/www.capgemini.com\/de-de\/wp-json\/wp\/v2\/industry?post=741465"},{"taxonomy":"partners","embeddable":true,"href":"https:\/\/www.capgemini.com\/de-de\/wp-json\/wp\/v2\/partners?post=741465"},{"taxonomy":"page-type","embeddable":true,"href":"https:\/\/www.capgemini.com\/de-de\/wp-json\/wp\/v2\/page-type?post=741465"},{"taxonomy":"content-group","embeddable":true,"href":"https:\/\/www.capgemini.com\/de-de\/wp-json\/wp\/v2\/content-group?post=741465"}],"curies":[{"name":"wp","href":"https:\/\/api.w.org\/{rel}","templated":true}]}}