{"id":741464,"date":"2022-04-14T15:12:41","date_gmt":"2022-04-14T15:12:41","guid":{"rendered":"https:\/\/www.capgemini.com\/?page_id=679357"},"modified":"2025-05-07T09:11:14","modified_gmt":"2025-05-07T09:11:14","slug":"conflicts-of-interest","status":"publish","type":"page","link":"https:\/\/www.capgemini.com\/de-de\/unternehmen\/wer-wir-sind\/werte-ethik\/conflicts-of-interest\/","title":{"rendered":"Conflicts of Interest"},"content":{"rendered":"\n<div class=\"wp-block-cg-blocks-hero-picture-card undefined  heroPictureCard is-style-blue-theme-2\"><div class=\"heroPictureCardBgs\"><picture><source srcset=\"https:\/\/www.capgemini.com\/wp-content\/uploads\/2021\/09\/Capgemini_Ethics_Managing-conflicts-of-interest.jpg?w=2880&amp;quality=70 1x, https:\/\/www.capgemini.com\/wp-content\/uploads\/2021\/09\/Capgemini_Ethics_Managing-conflicts-of-interest.jpg?w=2880&amp;quality=70 2x\" media=\"(min-width: 1500px)\"\/><source srcset=\"https:\/\/www.capgemini.com\/wp-content\/uploads\/2021\/09\/Capgemini_Ethics_Managing-conflicts-of-interest.jpg?w=1440&amp;quality=70 1x, https:\/\/www.capgemini.com\/wp-content\/uploads\/2021\/09\/Capgemini_Ethics_Managing-conflicts-of-interest.jpg?w=2880&amp;quality=70 2x\" media=\"(min-width: 992px)\"\/><source srcset=\"https:\/\/www.capgemini.com\/wp-content\/uploads\/2021\/09\/Capgemini_Ethics_Managing-conflicts-of-interest.jpg?w=1024&amp;quality=70 1x, https:\/\/www.capgemini.com\/wp-content\/uploads\/2021\/09\/Capgemini_Ethics_Managing-conflicts-of-interest.jpg?w=1024&amp;quality=70 2x\" media=\"(min-width: 768px)\"\/><source srcset=\"https:\/\/www.capgemini.com\/wp-content\/uploads\/2021\/09\/Capgemini_Ethics_Managing-conflicts-of-interest.jpg?w=768&amp;quality=70 1x, https:\/\/www.capgemini.com\/wp-content\/uploads\/2021\/09\/Capgemini_Ethics_Managing-conflicts-of-interest.jpg?w=768&amp;quality=70 2x\" media=\"(min-width: 0)\"\/><img decoding=\"async\" src=\"https:\/\/www.capgemini.com\/wp-content\/uploads\/2021\/09\/Capgemini_Ethics_Managing-conflicts-of-interest.jpg\" class=\"desktopImage\" alt=\"\" style=\"object-fit:cover;object-position:49% 44%\" loading=\"eager\"\/><\/picture><picture><source srcset=\"https:\/\/www.capgemini.com\/wp-content\/uploads\/2021\/09\/Capgemini_Ethics_Managing-conflicts-of-interest.jpg?w=2880&amp;quality=70 1x, https:\/\/www.capgemini.com\/wp-content\/uploads\/2021\/09\/Capgemini_Ethics_Managing-conflicts-of-interest.jpg?w=2880&amp;quality=70 2x\" media=\"(min-width: 1500px)\"\/><source srcset=\"https:\/\/www.capgemini.com\/wp-content\/uploads\/2021\/09\/Capgemini_Ethics_Managing-conflicts-of-interest.jpg?w=1440&amp;quality=70 1x, https:\/\/www.capgemini.com\/wp-content\/uploads\/2021\/09\/Capgemini_Ethics_Managing-conflicts-of-interest.jpg?w=2880&amp;quality=70 2x\" media=\"(min-width: 992px)\"\/><source srcset=\"https:\/\/www.capgemini.com\/wp-content\/uploads\/2021\/09\/Capgemini_Ethics_Managing-conflicts-of-interest.jpg?w=1024&amp;quality=70 1x, https:\/\/www.capgemini.com\/wp-content\/uploads\/2021\/09\/Capgemini_Ethics_Managing-conflicts-of-interest.jpg?w=1024&amp;quality=70 2x\" media=\"(min-width: 768px)\"\/><source srcset=\"https:\/\/www.capgemini.com\/wp-content\/uploads\/2021\/09\/Capgemini_Ethics_Managing-conflicts-of-interest.jpg?w=768&amp;quality=70 1x, https:\/\/www.capgemini.com\/wp-content\/uploads\/2021\/09\/Capgemini_Ethics_Managing-conflicts-of-interest.jpg?w=768&amp;quality=70 2x\" media=\"(min-width: 0)\"\/><img decoding=\"async\" src=\"https:\/\/www.capgemini.com\/wp-content\/uploads\/2021\/09\/Capgemini_Ethics_Managing-conflicts-of-interest.jpg\" class=\"mobileImage\" alt=\"\" style=\"object-fit:cover;object-position:49% 44%\" loading=\"eager\"\/><\/picture><\/div><div class=\"heroPictureCardHeaderShape\"><\/div><div class=\"container\"><div class=\"row\"><div class=\"col-md-8 col-lg-6\"><div class=\"heroPictureCardBox\"><div class=\"heroPictureCardBoxTitle\"><h1 data-maxlength=\"144\">Conflicts of interest <\/h1><\/div><\/div><\/div><\/div><\/div><div class=\"small-device\"><div class=\"brandLogoWrapper\"> <\/div><\/div><\/div>\n\n\n\n<div class=\"wp-block-columns is-layout-flex wp-container-core-columns-is-layout-28f84493 wp-block-columns-is-layout-flex\">\n<div class=\"wp-block-column is-layout-flow wp-block-column-is-layout-flow\" style=\"flex-basis:100%\">\n<section class=\"wp-block-cg-blocks-intro-para undefined section section--intro\"><div class=\"intro-para\"><div class=\"container\"><div class=\"row\"><div class=\"col-12 col-md-1\"><nav class=\"article-social\"><ul class=\"social-nav\"><li class=\"ip-order-fb\"><a href=\"https:\/\/www.facebook.com\/sharer\/sharer.php?u=https:\/\/www.capgemini.com\/de-de\/unternehmen\/wer-wir-sind\/werte-ethik\/our-ethical-culture\/conflicts-of-interest\/\" target=\"_blank\" rel=\"noopener noreferrer\" title=\"In neuem Fenster \u00f6ffnen\"><i aria-hidden=\"true\" class=\"icon-fb\"><\/i><span class=\"sr-only\">Facebook<\/span><\/a><\/li><li class=\"ip-order-li\"><a href=\"https:\/\/www.linkedin.com\/sharing\/share-offsite\/?url=https:\/\/www.capgemini.com\/de-de\/unternehmen\/wer-wir-sind\/werte-ethik\/our-ethical-culture\/conflicts-of-interest\/\" target=\"_blank\" rel=\"noopener noreferrer\" title=\"In neuem Fenster \u00f6ffnen\"><i aria-hidden=\"true\" class=\"icon-li\"><\/i><span class=\"sr-only\">Linkedin<\/span><\/a><\/li><\/ul><\/nav><\/div><div class=\"col-12 col-md-11 col-lg-10\"><h2 class=\"intro-para-title\">Die Capgemini-Richtlinie zu Interessenkonflikten (Conflict of Interest, CoI) gilt f\u00fcr alle Mitarbeiter in allen Unternehmen der Gruppe. Diese Grunds\u00e4tze sollen uns dabei helfen, die im Capgemini <a href=\"https:\/\/www.capgemini.com\/de-de\/unternehmen\/wer-wir-sind\/werte-ethik\/our-ethical-culture\/our-code-of-business-ethics\/\">Code of Business Ethics <\/a>dargelegten ethischen Grunds\u00e4tze einzuhalten.<\/h2><\/div><\/div><\/div><\/div><\/section>\n\n\n\n<section class=\"wp-block-cg-blocks-group undefined section section--article-content\"><div class=\"article-main-content\"><div class=\"container\"><div class=\"row\"><div class=\"col-12 col-md-11 col-lg-10 offset-md-1 offset-lg-1\"><div class=\"article-text article-quote-text\">\n<p>Capgemini respektiert das Privatleben in vollem Umfang und erkennt an, dass Mitarbeiter au\u00dferhalb ihrer T\u00e4tigkeit bei Capgemini legitimen finanziellen, gesch\u00e4ftlichen, b\u00fcrgerlichen und gesellschaftlichen Netzwerken angeh\u00f6ren k\u00f6nnen. Pers\u00f6nliche Interessen k\u00f6nnen daher m\u00f6glicherweise unser Urteilsverm\u00f6gen, unsere Objektivit\u00e4t oder unsere Loyalit\u00e4t gegen\u00fcber dem Unternehmen beeintr\u00e4chtigen; es kann zu einem Interessenkonflikt zwischen Unternehmensinteressen und pers\u00f6nlichen Interessen kommen.<\/p>\n\n\n\n<p>Declare ist ein vertrauliches, webbasiertes Tool zur Verwaltung von Interessenkonflikten, das Capgemini seinen Mitarbeitern und Vorstandsmitgliedern weltweit zur Verf\u00fcgung stellt, um Interessenkonflikte (wie z. B. externe Gesch\u00e4ftsinteressen, enge Beziehungen, Vorstandsmitgliedschaften, externe finanzielle Interessen und andere Interessenkonflikte) zu deklarieren und zu verwalten.<\/p>\n\n\n\n<figure class=\"wp-block-image is-resized is-style-default\"><img decoding=\"async\" src=\"https:\/\/www.capgemini.com\/wp-content\/uploads\/2021\/03\/Value-and-ethics.jpg?w=300\" alt=\"\" class=\"wp-image-569375\"\/><\/figure>\n\n\n\n<p><\/p>\n\n\n\n<div style=\"height:23px\" aria-hidden=\"true\" class=\"wp-block-spacer\"><\/div>\n\n\n\n<p>Download der Richtlinie zu Interessenkonflikten:<\/p>\n\n\n\n<p><a href=\"https:\/\/www.capgemini.com\/wp-content\/uploads\/2024\/04\/Capgemini-Group_Conflict_of_Interest_Policy-2024-EN-Brochure-V2.2.pdf\" target=\"_blank\" rel=\"noreferrer noopener\">EN<\/a>&nbsp;|&nbsp;<a href=\"https:\/\/www.capgemini.com\/wp-content\/uploads\/2024\/04\/Capgemini-Group_Conflict_of_Interest_Policy-2024-ES-Brochure-V2.2.pdf\" target=\"_blank\" rel=\"noreferrer noopener\">ES<\/a>&nbsp;| <a href=\"https:\/\/www.capgemini.com\/wp-content\/uploads\/2024\/04\/Capgemini-Group_Conflict_of_Interest_Policy-2024-DE-Brochure-V2.2.pdf\" target=\"_blank\" rel=\"noreferrer noopener\">DE<\/a> | <a href=\"https:\/\/www.capgemini.com\/wp-content\/uploads\/2024\/04\/Capgemini-Group_Conflict_of_Interest_Policy-2024-FR-Brochure-V2.2.pdf\" target=\"_blank\" rel=\"noreferrer noopener\">FR<\/a> | <a href=\"https:\/\/www.capgemini.com\/wp-content\/uploads\/2024\/04\/Capgemini-Group_Conflict_of_Interest_Policy-2024-IT-Brochure-V2.2.pdf\" target=\"_blank\" rel=\"noreferrer noopener\">IT<\/a> | <a href=\"https:\/\/www.capgemini.com\/wp-content\/uploads\/2024\/04\/Capgemini-Group_Conflict_of_Interest_Policy-2024-JP-Brochure-V2.2.pdf\" target=\"_blank\" rel=\"noreferrer noopener\">JP<\/a> | <a href=\"https:\/\/www.capgemini.com\/wp-content\/uploads\/2024\/04\/Capgemini-Group_Conflict_of_Interest_Policy-2024-POL-Brochure-V2.2.pdf\" target=\"_blank\" rel=\"noreferrer noopener\">PL<\/a> | <a href=\"https:\/\/www.capgemini.com\/wp-content\/uploads\/2024\/04\/Capgemini-Group_Conflict_of_Interest_Policy-2024-BR-Brochure-V2.2.pdf\" target=\"_blank\" rel=\"noreferrer noopener\">PT<\/a> | <a href=\"https:\/\/www.capgemini.com\/wp-content\/uploads\/2024\/04\/Capgemini-Group_Conflict_of_Interest_Policy-2024-RU-Brochure-V2.2.pdf\" target=\"_blank\" rel=\"noreferrer noopener\">RU<\/a> |&nbsp;<a href=\"https:\/\/www.capgemini.com\/wp-content\/uploads\/2024\/04\/Capgemini-Group_Conflict_of_Interest_Policy-2024-CHN-Brochure-V2.2.pdf\" target=\"_blank\" rel=\"noreferrer noopener\">ZH<\/a><\/p>\n<\/div><\/div><\/div><\/div><\/div><\/section>\n<\/div>\n<\/div>\n","protected":false},"excerpt":{"rendered":"","protected":false},"author":121,"featured_media":0,"parent":744603,"menu_order":5,"comment_status":"closed","ping_status":"closed","template":"","meta":{"cg_dt_proposed_to":[],"cg_seo_hreflang_relations":"[]","cg_seo_canonical_relation":"","cg_seo_hreflang_x_default_relation":"{\"uuid\":\"90014a5f-fb5c-4719-bd96-f442cd2e84d8\",\"blogId\":\"\",\"domain\":\"\",\"sitePath\":\"\",\"postLink\":\"\",\"postId\":null,\"isSaved\":true,\"isCrossLink\":false,\"hasCrossLink\":false}","cg_dt_approved_content":true,"cg_dt_mandatory_content":false,"cg_dt_notes":"","cg_dg_source_changed":false,"cg_dt_link_disabled":false,"_yoast_wpseo_primary_brand":"","footnotes":"","featured_focal_points":"","partner_card_description":"","gsap_animation":0},"brand":[],"partner_type":[],"service":[],"industry":[],"partners":[],"page-type":[],"content-group":[],"class_list":["post-741464","page","type-page","status-publish","hentry"],"yoast_head":"<!-- This site is optimized with the Yoast SEO Premium plugin v22.8 (Yoast SEO v22.8) - https:\/\/yoast.com\/wordpress\/plugins\/seo\/ -->\n<title>Richtlinie zu Interessenkonflikten (Conflict of Interest) | Capgemini<\/title>\n<meta name=\"robots\" content=\"index, follow, max-snippet:-1, max-image-preview:large, max-video-preview:-1\" \/>\n<link rel=\"canonical\" href=\"https:\/\/www.capgemini.com\/de-de\/unternehmen\/wer-wir-sind\/werte-ethik\/conflicts-of-interest\/\" \/>\n<meta property=\"og:locale\" content=\"de_DE\" \/>\n<meta property=\"og:type\" content=\"article\" \/>\n<meta property=\"og:title\" content=\"Richtlinie zu Interessenkonflikten (Conflict of Interest) | Capgemini\" \/>\n<meta property=\"og:url\" content=\"https:\/\/www.capgemini.com\/de-de\/unternehmen\/wer-wir-sind\/werte-ethik\/conflicts-of-interest\/\" \/>\n<meta property=\"og:site_name\" content=\"Capgemini\" \/>\n<meta property=\"article:modified_time\" content=\"2025-05-07T09:11:14+00:00\" \/>\n<meta property=\"og:image\" content=\"https:\/\/www.capgemini.com\/wp-content\/uploads\/2021\/09\/Capgemini_Ethics_Managing-conflicts-of-interest.jpg\" \/>\n<meta name=\"twitter:card\" content=\"summary_large_image\" \/>\n<meta name=\"twitter:label1\" content=\"Est. reading time\" \/>\n\t<meta name=\"twitter:data1\" content=\"2 minutes\" \/>\n<script type=\"application\/ld+json\" class=\"yoast-schema-graph\">{\"@context\":\"https:\/\/schema.org\",\"@graph\":[{\"@type\":\"WebPage\",\"@id\":\"https:\/\/www.capgemini.com\/de-de\/unternehmen\/wer-wir-sind\/werte-ethik\/conflicts-of-interest\/\",\"url\":\"https:\/\/www.capgemini.com\/de-de\/unternehmen\/wer-wir-sind\/werte-ethik\/conflicts-of-interest\/\",\"name\":\"Richtlinie zu Interessenkonflikten (Conflict of Interest) | Capgemini\",\"isPartOf\":{\"@id\":\"https:\/\/www.capgemini.com\/de-de\/#website\"},\"primaryImageOfPage\":{\"@id\":\"https:\/\/www.capgemini.com\/de-de\/unternehmen\/wer-wir-sind\/werte-ethik\/conflicts-of-interest\/#primaryimage\"},\"image\":{\"@id\":\"https:\/\/www.capgemini.com\/de-de\/unternehmen\/wer-wir-sind\/werte-ethik\/conflicts-of-interest\/#primaryimage\"},\"thumbnailUrl\":\"https:\/\/www.capgemini.com\/wp-content\/uploads\/2021\/09\/Capgemini_Ethics_Managing-conflicts-of-interest.jpg\",\"datePublished\":\"2022-04-14T15:12:41+00:00\",\"dateModified\":\"2025-05-07T09:11:14+00:00\",\"breadcrumb\":{\"@id\":\"https:\/\/www.capgemini.com\/de-de\/unternehmen\/wer-wir-sind\/werte-ethik\/conflicts-of-interest\/#breadcrumb\"},\"inLanguage\":\"de-DE\",\"potentialAction\":[{\"@type\":\"ReadAction\",\"target\":[\"https:\/\/www.capgemini.com\/de-de\/unternehmen\/wer-wir-sind\/werte-ethik\/conflicts-of-interest\/\"]}]},{\"@type\":\"ImageObject\",\"inLanguage\":\"de-DE\",\"@id\":\"https:\/\/www.capgemini.com\/de-de\/unternehmen\/wer-wir-sind\/werte-ethik\/conflicts-of-interest\/#primaryimage\",\"url\":\"https:\/\/www.capgemini.com\/wp-content\/uploads\/2021\/09\/Capgemini_Ethics_Managing-conflicts-of-interest.jpg\",\"contentUrl\":\"https:\/\/www.capgemini.com\/wp-content\/uploads\/2021\/09\/Capgemini_Ethics_Managing-conflicts-of-interest.jpg\"},{\"@type\":\"BreadcrumbList\",\"@id\":\"https:\/\/www.capgemini.com\/de-de\/unternehmen\/wer-wir-sind\/werte-ethik\/conflicts-of-interest\/#breadcrumb\",\"itemListElement\":[{\"@type\":\"ListItem\",\"position\":1,\"name\":\"\u00dcber Uns\",\"item\":\"https:\/\/www.capgemini.com\/de-de\/unternehmen\/\"},{\"@type\":\"ListItem\",\"position\":2,\"name\":\"Wer wir sind\",\"item\":\"https:\/\/www.capgemini.com\/de-de\/unternehmen\/wer-wir-sind\/\"},{\"@type\":\"ListItem\",\"position\":3,\"name\":\"Werte und Ethik\",\"item\":\"https:\/\/www.capgemini.com\/de-de\/unternehmen\/wer-wir-sind\/werte-ethik\/\"},{\"@type\":\"ListItem\",\"position\":4,\"name\":\"Conflicts of Interest\"}]},{\"@type\":\"WebSite\",\"@id\":\"https:\/\/www.capgemini.com\/de-de\/#website\",\"url\":\"https:\/\/www.capgemini.com\/de-de\/\",\"name\":\"Capgemini Deutschland\",\"description\":\"Make it real\",\"potentialAction\":[{\"@type\":\"SearchAction\",\"target\":{\"@type\":\"EntryPoint\",\"urlTemplate\":\"https:\/\/www.capgemini.com\/de-de\/?s={search_term_string}\"},\"query-input\":\"required name=search_term_string\"}],\"inLanguage\":\"de-DE\"}]}<\/script>\n<!-- \/ Yoast SEO Premium plugin. -->","yoast_head_json":{"title":"Richtlinie zu Interessenkonflikten (Conflict of Interest) | Capgemini","robots":{"index":"index","follow":"follow","max-snippet":"max-snippet:-1","max-image-preview":"max-image-preview:large","max-video-preview":"max-video-preview:-1"},"canonical":"https:\/\/www.capgemini.com\/de-de\/unternehmen\/wer-wir-sind\/werte-ethik\/conflicts-of-interest\/","og_locale":"de_DE","og_type":"article","og_title":"Richtlinie zu Interessenkonflikten (Conflict of Interest) | Capgemini","og_url":"https:\/\/www.capgemini.com\/de-de\/unternehmen\/wer-wir-sind\/werte-ethik\/conflicts-of-interest\/","og_site_name":"Capgemini","article_modified_time":"2025-05-07T09:11:14+00:00","og_image":[{"url":"https:\/\/www.capgemini.com\/wp-content\/uploads\/2021\/09\/Capgemini_Ethics_Managing-conflicts-of-interest.jpg"}],"twitter_card":"summary_large_image","twitter_misc":{"Est. reading time":"2 minutes"},"schema":{"@context":"https:\/\/schema.org","@graph":[{"@type":"WebPage","@id":"https:\/\/www.capgemini.com\/de-de\/unternehmen\/wer-wir-sind\/werte-ethik\/conflicts-of-interest\/","url":"https:\/\/www.capgemini.com\/de-de\/unternehmen\/wer-wir-sind\/werte-ethik\/conflicts-of-interest\/","name":"Richtlinie zu Interessenkonflikten (Conflict of Interest) | Capgemini","isPartOf":{"@id":"https:\/\/www.capgemini.com\/de-de\/#website"},"primaryImageOfPage":{"@id":"https:\/\/www.capgemini.com\/de-de\/unternehmen\/wer-wir-sind\/werte-ethik\/conflicts-of-interest\/#primaryimage"},"image":{"@id":"https:\/\/www.capgemini.com\/de-de\/unternehmen\/wer-wir-sind\/werte-ethik\/conflicts-of-interest\/#primaryimage"},"thumbnailUrl":"https:\/\/www.capgemini.com\/wp-content\/uploads\/2021\/09\/Capgemini_Ethics_Managing-conflicts-of-interest.jpg","datePublished":"2022-04-14T15:12:41+00:00","dateModified":"2025-05-07T09:11:14+00:00","breadcrumb":{"@id":"https:\/\/www.capgemini.com\/de-de\/unternehmen\/wer-wir-sind\/werte-ethik\/conflicts-of-interest\/#breadcrumb"},"inLanguage":"de-DE","potentialAction":[{"@type":"ReadAction","target":["https:\/\/www.capgemini.com\/de-de\/unternehmen\/wer-wir-sind\/werte-ethik\/conflicts-of-interest\/"]}]},{"@type":"ImageObject","inLanguage":"de-DE","@id":"https:\/\/www.capgemini.com\/de-de\/unternehmen\/wer-wir-sind\/werte-ethik\/conflicts-of-interest\/#primaryimage","url":"https:\/\/www.capgemini.com\/wp-content\/uploads\/2021\/09\/Capgemini_Ethics_Managing-conflicts-of-interest.jpg","contentUrl":"https:\/\/www.capgemini.com\/wp-content\/uploads\/2021\/09\/Capgemini_Ethics_Managing-conflicts-of-interest.jpg"},{"@type":"BreadcrumbList","@id":"https:\/\/www.capgemini.com\/de-de\/unternehmen\/wer-wir-sind\/werte-ethik\/conflicts-of-interest\/#breadcrumb","itemListElement":[{"@type":"ListItem","position":1,"name":"\u00dcber Uns","item":"https:\/\/www.capgemini.com\/de-de\/unternehmen\/"},{"@type":"ListItem","position":2,"name":"Wer wir sind","item":"https:\/\/www.capgemini.com\/de-de\/unternehmen\/wer-wir-sind\/"},{"@type":"ListItem","position":3,"name":"Werte und Ethik","item":"https:\/\/www.capgemini.com\/de-de\/unternehmen\/wer-wir-sind\/werte-ethik\/"},{"@type":"ListItem","position":4,"name":"Conflicts of Interest"}]},{"@type":"WebSite","@id":"https:\/\/www.capgemini.com\/de-de\/#website","url":"https:\/\/www.capgemini.com\/de-de\/","name":"Capgemini Deutschland","description":"Make it real","potentialAction":[{"@type":"SearchAction","target":{"@type":"EntryPoint","urlTemplate":"https:\/\/www.capgemini.com\/de-de\/?s={search_term_string}"},"query-input":"required name=search_term_string"}],"inLanguage":"de-DE"}]}},"brand_term":[],"parsely":{"version":"1.1.0","canonical_url":"https:\/\/capgemini.com\/de-de\/unternehmen\/wer-wir-sind\/werte-ethik\/conflicts-of-interest\/","smart_links":{"inbound":0,"outbound":0},"traffic_boost_suggestions_count":0,"meta":{"@context":"https:\/\/schema.org","@type":"WebPage","headline":"Conflicts of Interest","url":"http:\/\/www.capgemini.com\/de-de\/unternehmen\/wer-wir-sind\/werte-ethik\/conflicts-of-interest\/","mainEntityOfPage":{"@type":"WebPage","@id":"http:\/\/www.capgemini.com\/de-de\/unternehmen\/wer-wir-sind\/werte-ethik\/conflicts-of-interest\/"},"thumbnailUrl":"","image":{"@type":"ImageObject","url":""},"articleSection":"Uncategorized","author":[],"creator":[],"publisher":{"@type":"Organization","name":"Capgemini","logo":""},"keywords":[],"dateCreated":"2022-04-14T15:12:41Z","datePublished":"2022-04-14T15:12:41Z","dateModified":"2025-05-07T09:11:14Z"},"rendered":"<script type=\"application\/ld+json\" class=\"wp-parsely-metadata\">{\"@context\":\"https:\\\/\\\/schema.org\",\"@type\":\"WebPage\",\"headline\":\"Conflicts of Interest\",\"url\":\"http:\\\/\\\/www.capgemini.com\\\/de-de\\\/unternehmen\\\/wer-wir-sind\\\/werte-ethik\\\/conflicts-of-interest\\\/\",\"mainEntityOfPage\":{\"@type\":\"WebPage\",\"@id\":\"http:\\\/\\\/www.capgemini.com\\\/de-de\\\/unternehmen\\\/wer-wir-sind\\\/werte-ethik\\\/conflicts-of-interest\\\/\"},\"thumbnailUrl\":\"\",\"image\":{\"@type\":\"ImageObject\",\"url\":\"\"},\"articleSection\":\"Uncategorized\",\"author\":[],\"creator\":[],\"publisher\":{\"@type\":\"Organization\",\"name\":\"Capgemini\",\"logo\":\"\"},\"keywords\":[],\"dateCreated\":\"2022-04-14T15:12:41Z\",\"datePublished\":\"2022-04-14T15:12:41Z\",\"dateModified\":\"2025-05-07T09:11:14Z\"}<\/script>","tracker_url":"https:\/\/cdn.parsely.com\/keys\/capgemini.com\/p.js"},"archive_status":false,"featured_image_src":"https:\/\/www.capgemini.com\/de-de\/wp-content\/themes\/capgemini2025\/assets\/images\/mockup.png","featured_image_alt":false,"jetpack_sharing_enabled":true,"distributor_meta":false,"distributor_terms":false,"distributor_media":false,"distributor_original_site_name":"Capgemini","distributor_original_site_url":"https:\/\/www.capgemini.com\/de-de","push-errors":false,"_links":{"self":[{"href":"https:\/\/www.capgemini.com\/de-de\/wp-json\/wp\/v2\/pages\/741464","targetHints":{"allow":["GET"]}}],"collection":[{"href":"https:\/\/www.capgemini.com\/de-de\/wp-json\/wp\/v2\/pages"}],"about":[{"href":"https:\/\/www.capgemini.com\/de-de\/wp-json\/wp\/v2\/types\/page"}],"author":[{"embeddable":true,"href":"https:\/\/www.capgemini.com\/de-de\/wp-json\/wp\/v2\/users\/121"}],"replies":[{"embeddable":true,"href":"https:\/\/www.capgemini.com\/de-de\/wp-json\/wp\/v2\/comments?post=741464"}],"version-history":[{"count":8,"href":"https:\/\/www.capgemini.com\/de-de\/wp-json\/wp\/v2\/pages\/741464\/revisions"}],"predecessor-version":[{"id":876071,"href":"https:\/\/www.capgemini.com\/de-de\/wp-json\/wp\/v2\/pages\/741464\/revisions\/876071"}],"up":[{"embeddable":true,"href":"https:\/\/www.capgemini.com\/de-de\/wp-json\/wp\/v2\/pages\/744603"}],"wp:attachment":[{"href":"https:\/\/www.capgemini.com\/de-de\/wp-json\/wp\/v2\/media?parent=741464"}],"wp:term":[{"taxonomy":"brand","embeddable":true,"href":"https:\/\/www.capgemini.com\/de-de\/wp-json\/wp\/v2\/brand?post=741464"},{"taxonomy":"partner_type","embeddable":true,"href":"https:\/\/www.capgemini.com\/de-de\/wp-json\/wp\/v2\/partner_type?post=741464"},{"taxonomy":"service","embeddable":true,"href":"https:\/\/www.capgemini.com\/de-de\/wp-json\/wp\/v2\/service?post=741464"},{"taxonomy":"industry","embeddable":true,"href":"https:\/\/www.capgemini.com\/de-de\/wp-json\/wp\/v2\/industry?post=741464"},{"taxonomy":"partners","embeddable":true,"href":"https:\/\/www.capgemini.com\/de-de\/wp-json\/wp\/v2\/partners?post=741464"},{"taxonomy":"page-type","embeddable":true,"href":"https:\/\/www.capgemini.com\/de-de\/wp-json\/wp\/v2\/page-type?post=741464"},{"taxonomy":"content-group","embeddable":true,"href":"https:\/\/www.capgemini.com\/de-de\/wp-json\/wp\/v2\/content-group?post=741464"}],"curies":[{"name":"wp","href":"https:\/\/api.w.org\/{rel}","templated":true}]}}