{"id":741445,"date":"2022-04-22T16:55:26","date_gmt":"2022-04-22T16:55:26","guid":{"rendered":"https:\/\/www.capgemini.com\/?page_id=685908"},"modified":"2025-03-05T05:39:36","modified_gmt":"2025-03-05T05:39:36","slug":"ivalua","status":"publish","type":"page","link":"https:\/\/www.capgemini.com\/de-de\/solutions\/ivalua\/","title":{"rendered":"Ivalua"},"content":{"rendered":"\n<header class=\"wp-block-cg-blocks-hero-reusable is-style-default header heroReusable  \"><div class=\"header-bgs\"><picture><source srcset=\"https:\/\/www.capgemini.com\/wp-content\/uploads\/2022\/04\/Capgemini_Ivalua-Empower-cognitive-procurement-in-the-Frictionless-Enterprise.jpg?w=2880&amp;quality=70 1x, https:\/\/www.capgemini.com\/wp-content\/uploads\/2022\/04\/Capgemini_Ivalua-Empower-cognitive-procurement-in-the-Frictionless-Enterprise.jpg?w=2880&amp;quality=70 2x\" media=\"(min-width: 1500px)\"\/><source srcset=\"https:\/\/www.capgemini.com\/wp-content\/uploads\/2022\/04\/Capgemini_Ivalua-Empower-cognitive-procurement-in-the-Frictionless-Enterprise.jpg?w=1440&amp;quality=70 1x, https:\/\/www.capgemini.com\/wp-content\/uploads\/2022\/04\/Capgemini_Ivalua-Empower-cognitive-procurement-in-the-Frictionless-Enterprise.jpg?w=2880&amp;quality=70 2x\" media=\"(min-width: 992px)\"\/><source srcset=\"https:\/\/www.capgemini.com\/wp-content\/uploads\/2022\/04\/Capgemini_Ivalua-Empower-cognitive-procurement-in-the-Frictionless-Enterprise.jpg?w=1024&amp;quality=70 1x, https:\/\/www.capgemini.com\/wp-content\/uploads\/2022\/04\/Capgemini_Ivalua-Empower-cognitive-procurement-in-the-Frictionless-Enterprise.jpg?w=1024&amp;quality=70 2x\" media=\"(min-width: 768px)\"\/><source srcset=\"https:\/\/www.capgemini.com\/wp-content\/uploads\/2022\/04\/Capgemini_Ivalua-Empower-cognitive-procurement-in-the-Frictionless-Enterprise.jpg?w=768&amp;quality=70 1x, https:\/\/www.capgemini.com\/wp-content\/uploads\/2022\/04\/Capgemini_Ivalua-Empower-cognitive-procurement-in-the-Frictionless-Enterprise.jpg?w=768&amp;quality=70 2x\" media=\"(min-width: 0)\"\/><img decoding=\"async\" src=\"https:\/\/www.capgemini.com\/wp-content\/uploads\/2022\/04\/Capgemini_Ivalua-Empower-cognitive-procurement-in-the-Frictionless-Enterprise.jpg\" class=\"header-img header-img-d\" alt=\"\" style=\"object-fit:cover;object-position:44% 0%\" loading=\"eager\"\/><\/picture><\/div><div class=\"heroPictureCardHeaderShape\"><\/div><div class=\"container\"><div class=\"row\"><div class=\"col-md-12\"><div class=\"box\"><div class=\"boxTagWrapper\"><div class=\"tagInfo\"><div><span class=\"box-tag\">Solution<\/span><\/div><\/div><\/div><div class=\"box-title\"><h1 data-maxlength=\"34\">Ivalua<\/h1><\/div><div class=\"inner-row-insight download-btn\"><div class=\"col-md-4 downloadFiles addPadding\"><a class=\"button-download--small\" type=\"download\" href=\"https:\/\/www.capgemini.com\/wp-content\/uploads\/2022\/04\/IVALUA-Cognitive-procurement-in-Frictionless-Enterprise-v03.pdf\" target=\"_blank\" rel=\"noopener noreferrer\" title=\"In neuem Fenster \u00f6ffnen\"><span>Download Brosch\u00fcre<\/span><span class=\"type\">2 MB  pdf<\/span><\/a><\/div><\/div><\/div><\/div><\/div><\/div><\/header>\n\n\n\n<section class=\"wp-block-cg-blocks-intro-para undefined section section--intro\"><div class=\"intro-para\"><div class=\"container\"><div class=\"row\"><div class=\"col-12 col-md-1\"><nav class=\"article-social\"><ul class=\"social-nav\"><li class=\"ip-order-fb\"><a href=\"https:\/\/www.facebook.com\/sharer\/sharer.php?u=https:\/\/www.capgemini.com\/de-de\/solutions\/ivalua\/\" target=\"_blank\" rel=\"noopener noreferrer\" title=\"In neuem Fenster \u00f6ffnen\"><i aria-hidden=\"true\" class=\"icon-fb\"><\/i><span class=\"sr-only\">Facebook<\/span><\/a><\/li><li class=\"ip-order-tw\"><a href=\"https:\/\/twitter.com\/intent\/tweet?url=https:\/\/www.capgemini.com\/de-de\/solutions\/ivalua\/&amp;text=Ivalua\" target=\"_blank\" rel=\"noopener noreferrer\" title=\"In neuem Fenster \u00f6ffnen\"><i aria-hidden=\"true\" class=\"icon-tw\"><\/i><span class=\"sr-only\">Twitter<\/span><\/a><\/li><li class=\"ip-order-li\"><a href=\"https:\/\/www.linkedin.com\/sharing\/share-offsite\/?url=https:\/\/www.capgemini.com\/de-de\/solutions\/ivalua\/&amp;text=Ivalua\" target=\"_blank\" rel=\"noopener noreferrer\" title=\"In neuem Fenster \u00f6ffnen\"><i aria-hidden=\"true\" class=\"icon-li\"><\/i><span class=\"sr-only\">Linkedin<\/span><\/a><\/li><\/ul><\/nav><\/div><div class=\"col-12 col-md-11 col-lg-10\"><h2 class=\"intro-para-title\">Cognitive Procurement im Connected Enterprise<\/h2><p class=\"intro-para-content\">Capgemini und Ivalua verwandeln Ihre Beschaffungsorganisation in eine integrierte, endbenutzerzentrierte Funktion, die reibungslose, kognitive Source-to-Pay (S2P)-Operationen erm\u00f6glicht.<br><img decoding=\"async\" src=\"https:\/\/www.capgemini.com\/wp-content\/uploads\/2021\/06\/IVALUA-Cognitive-procurement-in-Frictionless-Enterprise-outcome.jpg\" alt=\"IVALUA Cognitive procurement in Frictionless Enterprise outcome\"><\/p><\/div><\/div><\/div><\/div><\/section>\n\n\n\n<section class=\"wp-block-cg-blocks-group undefined section section--article-content\"><div class=\"article-main-content\"><div class=\"container\"><div class=\"row\"><div class=\"col-12 col-md-11 col-lg-10 offset-md-1 offset-lg-1\"><div class=\"article-text article-quote-text\">\n<p>Gemeinsam helfen Capgemini und Ivalua Ihnen, Ihre Ausgaben zu kontrollieren und den Wert zu steigern, w\u00e4hrend Sie Ihre Betriebskosten f\u00fcr Beschaffung und Category Management durch ein nachhaltiges und reibungsloses Betriebsmodell senken, das die Gesamtkosten Ihrer Nachfrage und Lieferantenpreise verwaltet. Es hilft Ihnen auch, die richtigen Strategien anzuwenden, um ein optimales Gleichgewicht zwischen Ihren Ausgaben, Ihrer Effizienz und Ihren Betriebskapitaleinsparungen zu erreichen und so Gesch\u00e4ftsergebnisse zu erzielen, die Folgendes beinhalten:<\/p>\n\n\n\n<ul class=\"wp-block-list\">\n<li><strong>Verbesserte Gesetzeskonformit\u00e4t und Risikominderung<\/strong> &#8211; \u00fcber 90 % Konformit\u00e4t mit Ihren Beschaffungsrichtlinien und verbesserte Transparenz der Lieferkette und der Risiken<\/li>\n\n\n\n<li><strong>Gesteigerte Produktivit\u00e4t<\/strong> &#8211; bis zu 50 % Produktivit\u00e4tssteigerung und 70 % Betriebskosteneinsparungen<\/li>\n\n\n\n<li><strong>Verbesserte Transparenz und Einblicke<\/strong> &#8211; 26 % identifizierte Einsparungen bei der Lieferantenkonsolidierung und 30 % weniger Prozessausnahmen durch Process Mining<\/li>\n\n\n\n<li><strong>Schnellere Wertsch\u00f6pfung<\/strong> &#8211; bis zu 80 % k\u00fcrzere Beschaffungszyklen und mehr als 15 % Einsparungen bei taktischen und Spot-Buys.<\/li>\n<\/ul>\n\n\n\n<p>Als integrierte L\u00f6sung, die die gesamte Beschaffungsfunktion abdeckt, beseitigen Capgemini und Ivalua die Reibungsverluste in Ihren Source-to-Pay-Abl\u00e4ufen zum fr\u00fchestm\u00f6glichen Zeitpunkt und unterst\u00fctzen Sie beim \u00dcbergang zu dem, was wir als &#8220;<strong><a href=\"https:\/\/www.capgemini.com\/de-de\/insights\/research\/the-frictionless-enterprise\/\">Frictionless Enterprise<\/a><\/strong>&#8221; bezeichnen.<\/p>\n\n\n\n<div style=\"height:30px\" aria-hidden=\"true\" class=\"wp-block-spacer\"><\/div>\n\n\n\n<h3 class=\"wp-block-heading\" id=\"h-schnellere-und-umfassendere-digitale-transformation-mit-ivalua\"><strong>Schnellere und umfassendere digitale Transformation mit Ivalua<\/strong><\/h3>\n\n\n\n<p>Die vollst\u00e4ndige, einheitliche digitale Plattform von Ivalua erm\u00f6glicht es Ihrem Unternehmen, durch eine bessere Einbindung der Lieferanten, ein besseres Ausgabenmanagement und eine bessere Zusammenarbeit \u00fcber den gesamten Produktlebenszyklus hinweg einen maximalen Produkterfolg und eine gr\u00f6\u00dfere Widerstandsf\u00e4higkeit der Lieferkette zu erzielen.<\/p>\n\n\n\n<p>Die Ivalua-Plattform bietet eine wirklich nahtlose Erfahrung auf jeder Ebene. Dies hilft Ihrer Beschaffungsorganisation, alle Ausgaben und Lieferanten zu verwalten, ohne die Kompromisse von Nischenl\u00f6sungen, die zusammengeflickt wurden, um die neuesten Marktanforderungen zu erf\u00fcllen. Technologie sollte die Beschaffung in jeder Phase unterst\u00fctzen, nicht einschr\u00e4nken.<\/p>\n<\/div><\/div><\/div><\/div><\/div><\/section>\n","protected":false},"excerpt":{"rendered":"","protected":false},"author":151,"featured_media":0,"parent":743171,"menu_order":0,"comment_status":"closed","ping_status":"closed","template":"","meta":{"cg_dt_proposed_to":[],"cg_seo_hreflang_relations":"[]","cg_seo_canonical_relation":"{\"uuid\":\"7ecc53e3-d6f9-4490-a011-39564dcbae31\",\"blogId\":\"\",\"domain\":\"\",\"sitePath\":\"\",\"postLink\":\"\",\"postId\":null,\"isSaved\":true,\"isCrossLink\":false,\"hasCrossLink\":false}","cg_seo_hreflang_x_default_relation":"{\"uuid\":\"7addd423-a1d8-4490-ae51-a72a867b8b30\",\"blogId\":\"\",\"domain\":\"\",\"sitePath\":\"\",\"postLink\":\"\",\"postId\":null,\"isSaved\":true,\"isCrossLink\":false,\"hasCrossLink\":false}","cg_dt_approved_content":true,"cg_dt_mandatory_content":false,"cg_dt_notes":"","cg_dg_source_changed":false,"cg_dt_link_disabled":false,"_yoast_wpseo_primary_brand":"","footnotes":"","featured_focal_points":"","partner_card_description":"","gsap_animation":0},"brand":[],"partner_type":[],"service":[38,247],"industry":[],"partners":[],"page-type":[287],"content-group":[],"class_list":["post-741445","page","type-page","status-publish","hentry","service-enterprise-management","service-intelligent-business-operations","page-type-solutions"],"yoast_head":"<!-- This site is optimized with the Yoast SEO Premium plugin v22.8 (Yoast SEO v22.8) - https:\/\/yoast.com\/wordpress\/plugins\/seo\/ -->\n<title>Ivalua - Capgemini<\/title>\n<meta name=\"robots\" content=\"index, follow, max-snippet:-1, max-image-preview:large, max-video-preview:-1\" \/>\n<link rel=\"canonical\" href=\"https:\/\/www.capgemini.com\/de-de\/solutions\/ivalua\/\" \/>\n<meta property=\"og:locale\" content=\"de_DE\" \/>\n<meta property=\"og:type\" content=\"article\" \/>\n<meta property=\"og:title\" content=\"Ivalua - Capgemini\" \/>\n<meta property=\"og:url\" content=\"https:\/\/www.capgemini.com\/de-de\/solutions\/ivalua\/\" \/>\n<meta property=\"og:site_name\" content=\"Capgemini\" \/>\n<meta property=\"article:modified_time\" content=\"2025-03-05T05:39:36+00:00\" \/>\n<meta property=\"og:image\" content=\"https:\/\/www.capgemini.com\/wp-content\/uploads\/2022\/04\/Capgemini_Ivalua-Empower-cognitive-procurement-in-the-Frictionless-Enterprise.jpg\" \/>\n<meta name=\"twitter:card\" content=\"summary_large_image\" \/>\n<script type=\"application\/ld+json\" class=\"yoast-schema-graph\">{\"@context\":\"https:\/\/schema.org\",\"@graph\":[{\"@type\":\"WebPage\",\"@id\":\"https:\/\/www.capgemini.com\/de-de\/solutions\/ivalua\/\",\"url\":\"https:\/\/www.capgemini.com\/de-de\/solutions\/ivalua\/\",\"name\":\"Ivalua - Capgemini\",\"isPartOf\":{\"@id\":\"https:\/\/www.capgemini.com\/de-de\/#website\"},\"primaryImageOfPage\":{\"@id\":\"https:\/\/www.capgemini.com\/de-de\/solutions\/ivalua\/#primaryimage\"},\"image\":{\"@id\":\"https:\/\/www.capgemini.com\/de-de\/solutions\/ivalua\/#primaryimage\"},\"thumbnailUrl\":\"https:\/\/www.capgemini.com\/wp-content\/uploads\/2022\/04\/Capgemini_Ivalua-Empower-cognitive-procurement-in-the-Frictionless-Enterprise.jpg\",\"datePublished\":\"2022-04-22T16:55:26+00:00\",\"dateModified\":\"2025-03-05T05:39:36+00:00\",\"breadcrumb\":{\"@id\":\"https:\/\/www.capgemini.com\/de-de\/solutions\/ivalua\/#breadcrumb\"},\"inLanguage\":\"de-DE\",\"potentialAction\":[{\"@type\":\"ReadAction\",\"target\":[\"https:\/\/www.capgemini.com\/de-de\/solutions\/ivalua\/\"]}]},{\"@type\":\"ImageObject\",\"inLanguage\":\"de-DE\",\"@id\":\"https:\/\/www.capgemini.com\/de-de\/solutions\/ivalua\/#primaryimage\",\"url\":\"https:\/\/www.capgemini.com\/wp-content\/uploads\/2022\/04\/Capgemini_Ivalua-Empower-cognitive-procurement-in-the-Frictionless-Enterprise.jpg\",\"contentUrl\":\"https:\/\/www.capgemini.com\/wp-content\/uploads\/2022\/04\/Capgemini_Ivalua-Empower-cognitive-procurement-in-the-Frictionless-Enterprise.jpg\"},{\"@type\":\"BreadcrumbList\",\"@id\":\"https:\/\/www.capgemini.com\/de-de\/solutions\/ivalua\/#breadcrumb\",\"itemListElement\":[{\"@type\":\"ListItem\",\"position\":1,\"name\":\"Solutions\",\"item\":\"https:\/\/www.capgemini.com\/de-de\/solutions\/\"},{\"@type\":\"ListItem\",\"position\":2,\"name\":\"Ivalua\"}]},{\"@type\":\"WebSite\",\"@id\":\"https:\/\/www.capgemini.com\/de-de\/#website\",\"url\":\"https:\/\/www.capgemini.com\/de-de\/\",\"name\":\"Capgemini Deutschland\",\"description\":\"Make it real\",\"potentialAction\":[{\"@type\":\"SearchAction\",\"target\":{\"@type\":\"EntryPoint\",\"urlTemplate\":\"https:\/\/www.capgemini.com\/de-de\/?s={search_term_string}\"},\"query-input\":\"required name=search_term_string\"}],\"inLanguage\":\"de-DE\"}]}<\/script>\n<!-- \/ Yoast SEO Premium plugin. -->","yoast_head_json":{"title":"Ivalua - Capgemini","robots":{"index":"index","follow":"follow","max-snippet":"max-snippet:-1","max-image-preview":"max-image-preview:large","max-video-preview":"max-video-preview:-1"},"canonical":"https:\/\/www.capgemini.com\/de-de\/solutions\/ivalua\/","og_locale":"de_DE","og_type":"article","og_title":"Ivalua - Capgemini","og_url":"https:\/\/www.capgemini.com\/de-de\/solutions\/ivalua\/","og_site_name":"Capgemini","article_modified_time":"2025-03-05T05:39:36+00:00","og_image":[{"url":"https:\/\/www.capgemini.com\/wp-content\/uploads\/2022\/04\/Capgemini_Ivalua-Empower-cognitive-procurement-in-the-Frictionless-Enterprise.jpg"}],"twitter_card":"summary_large_image","schema":{"@context":"https:\/\/schema.org","@graph":[{"@type":"WebPage","@id":"https:\/\/www.capgemini.com\/de-de\/solutions\/ivalua\/","url":"https:\/\/www.capgemini.com\/de-de\/solutions\/ivalua\/","name":"Ivalua - Capgemini","isPartOf":{"@id":"https:\/\/www.capgemini.com\/de-de\/#website"},"primaryImageOfPage":{"@id":"https:\/\/www.capgemini.com\/de-de\/solutions\/ivalua\/#primaryimage"},"image":{"@id":"https:\/\/www.capgemini.com\/de-de\/solutions\/ivalua\/#primaryimage"},"thumbnailUrl":"https:\/\/www.capgemini.com\/wp-content\/uploads\/2022\/04\/Capgemini_Ivalua-Empower-cognitive-procurement-in-the-Frictionless-Enterprise.jpg","datePublished":"2022-04-22T16:55:26+00:00","dateModified":"2025-03-05T05:39:36+00:00","breadcrumb":{"@id":"https:\/\/www.capgemini.com\/de-de\/solutions\/ivalua\/#breadcrumb"},"inLanguage":"de-DE","potentialAction":[{"@type":"ReadAction","target":["https:\/\/www.capgemini.com\/de-de\/solutions\/ivalua\/"]}]},{"@type":"ImageObject","inLanguage":"de-DE","@id":"https:\/\/www.capgemini.com\/de-de\/solutions\/ivalua\/#primaryimage","url":"https:\/\/www.capgemini.com\/wp-content\/uploads\/2022\/04\/Capgemini_Ivalua-Empower-cognitive-procurement-in-the-Frictionless-Enterprise.jpg","contentUrl":"https:\/\/www.capgemini.com\/wp-content\/uploads\/2022\/04\/Capgemini_Ivalua-Empower-cognitive-procurement-in-the-Frictionless-Enterprise.jpg"},{"@type":"BreadcrumbList","@id":"https:\/\/www.capgemini.com\/de-de\/solutions\/ivalua\/#breadcrumb","itemListElement":[{"@type":"ListItem","position":1,"name":"Solutions","item":"https:\/\/www.capgemini.com\/de-de\/solutions\/"},{"@type":"ListItem","position":2,"name":"Ivalua"}]},{"@type":"WebSite","@id":"https:\/\/www.capgemini.com\/de-de\/#website","url":"https:\/\/www.capgemini.com\/de-de\/","name":"Capgemini Deutschland","description":"Make it real","potentialAction":[{"@type":"SearchAction","target":{"@type":"EntryPoint","urlTemplate":"https:\/\/www.capgemini.com\/de-de\/?s={search_term_string}"},"query-input":"required name=search_term_string"}],"inLanguage":"de-DE"}]}},"brand_term":[],"parsely":{"version":"1.1.0","canonical_url":"https:\/\/capgemini.com\/de-de\/solutions\/ivalua\/","smart_links":{"inbound":0,"outbound":0},"traffic_boost_suggestions_count":0,"meta":{"@context":"https:\/\/schema.org","@type":"WebPage","headline":"Ivalua","url":"http:\/\/www.capgemini.com\/de-de\/solutions\/ivalua\/","mainEntityOfPage":{"@type":"WebPage","@id":"http:\/\/www.capgemini.com\/de-de\/solutions\/ivalua\/"},"thumbnailUrl":"","image":{"@type":"ImageObject","url":""},"articleSection":"Uncategorized","author":[],"creator":[],"publisher":{"@type":"Organization","name":"Capgemini","logo":""},"keywords":[],"dateCreated":"2022-04-22T16:55:26Z","datePublished":"2022-04-22T16:55:26Z","dateModified":"2025-03-05T05:39:36Z"},"rendered":"<script type=\"application\/ld+json\" class=\"wp-parsely-metadata\">{\"@context\":\"https:\\\/\\\/schema.org\",\"@type\":\"WebPage\",\"headline\":\"Ivalua\",\"url\":\"http:\\\/\\\/www.capgemini.com\\\/de-de\\\/solutions\\\/ivalua\\\/\",\"mainEntityOfPage\":{\"@type\":\"WebPage\",\"@id\":\"http:\\\/\\\/www.capgemini.com\\\/de-de\\\/solutions\\\/ivalua\\\/\"},\"thumbnailUrl\":\"\",\"image\":{\"@type\":\"ImageObject\",\"url\":\"\"},\"articleSection\":\"Uncategorized\",\"author\":[],\"creator\":[],\"publisher\":{\"@type\":\"Organization\",\"name\":\"Capgemini\",\"logo\":\"\"},\"keywords\":[],\"dateCreated\":\"2022-04-22T16:55:26Z\",\"datePublished\":\"2022-04-22T16:55:26Z\",\"dateModified\":\"2025-03-05T05:39:36Z\"}<\/script>","tracker_url":"https:\/\/cdn.parsely.com\/keys\/capgemini.com\/p.js"},"archive_status":false,"featured_image_src":"https:\/\/www.capgemini.com\/de-de\/wp-content\/themes\/capgemini2025\/assets\/images\/mockup.png","featured_image_alt":false,"jetpack_sharing_enabled":true,"distributor_meta":false,"distributor_terms":false,"distributor_media":false,"distributor_original_site_name":"Capgemini","distributor_original_site_url":"https:\/\/www.capgemini.com\/de-de","push-errors":false,"_links":{"self":[{"href":"https:\/\/www.capgemini.com\/de-de\/wp-json\/wp\/v2\/pages\/741445","targetHints":{"allow":["GET"]}}],"collection":[{"href":"https:\/\/www.capgemini.com\/de-de\/wp-json\/wp\/v2\/pages"}],"about":[{"href":"https:\/\/www.capgemini.com\/de-de\/wp-json\/wp\/v2\/types\/page"}],"author":[{"embeddable":true,"href":"https:\/\/www.capgemini.com\/de-de\/wp-json\/wp\/v2\/users\/151"}],"replies":[{"embeddable":true,"href":"https:\/\/www.capgemini.com\/de-de\/wp-json\/wp\/v2\/comments?post=741445"}],"version-history":[{"count":11,"href":"https:\/\/www.capgemini.com\/de-de\/wp-json\/wp\/v2\/pages\/741445\/revisions"}],"predecessor-version":[{"id":876058,"href":"https:\/\/www.capgemini.com\/de-de\/wp-json\/wp\/v2\/pages\/741445\/revisions\/876058"}],"up":[{"embeddable":true,"href":"https:\/\/www.capgemini.com\/de-de\/wp-json\/wp\/v2\/pages\/743171"}],"wp:attachment":[{"href":"https:\/\/www.capgemini.com\/de-de\/wp-json\/wp\/v2\/media?parent=741445"}],"wp:term":[{"taxonomy":"brand","embeddable":true,"href":"https:\/\/www.capgemini.com\/de-de\/wp-json\/wp\/v2\/brand?post=741445"},{"taxonomy":"partner_type","embeddable":true,"href":"https:\/\/www.capgemini.com\/de-de\/wp-json\/wp\/v2\/partner_type?post=741445"},{"taxonomy":"service","embeddable":true,"href":"https:\/\/www.capgemini.com\/de-de\/wp-json\/wp\/v2\/service?post=741445"},{"taxonomy":"industry","embeddable":true,"href":"https:\/\/www.capgemini.com\/de-de\/wp-json\/wp\/v2\/industry?post=741445"},{"taxonomy":"partners","embeddable":true,"href":"https:\/\/www.capgemini.com\/de-de\/wp-json\/wp\/v2\/partners?post=741445"},{"taxonomy":"page-type","embeddable":true,"href":"https:\/\/www.capgemini.com\/de-de\/wp-json\/wp\/v2\/page-type?post=741445"},{"taxonomy":"content-group","embeddable":true,"href":"https:\/\/www.capgemini.com\/de-de\/wp-json\/wp\/v2\/content-group?post=741445"}],"curies":[{"name":"wp","href":"https:\/\/api.w.org\/{rel}","templated":true}]}}