{"id":741439,"date":"2022-09-23T07:12:59","date_gmt":"2022-09-23T07:12:59","guid":{"rendered":"https:\/\/www.capgemini.com\/?page_id=698154"},"modified":"2025-03-05T04:55:04","modified_gmt":"2025-03-05T04:55:04","slug":"data-center-transformation-with-microsoft-azure","status":"publish","type":"page","link":"https:\/\/www.capgemini.com\/de-de\/solutions\/data-center-transformation-with-microsoft-azure\/","title":{"rendered":"Transformation des Rechenzentrums mit Microsoft Azure"},"content":{"rendered":"\n<header class=\"wp-block-cg-blocks-hero-reusable header heroReusable  \"><div class=\"header-bgs\"><picture><source srcset=\"https:\/\/www.capgemini.com\/wp-content\/uploads\/2022\/05\/Capgemini_Solutions_DATA-CENTER-TRANSFORMATION-WITH-MICROSOFT-AZURE-1.jpg?w=2880&amp;quality=70 1x, https:\/\/www.capgemini.com\/wp-content\/uploads\/2022\/05\/Capgemini_Solutions_DATA-CENTER-TRANSFORMATION-WITH-MICROSOFT-AZURE-1.jpg?w=2880&amp;quality=70 2x\" media=\"(min-width: 1500px)\"\/><source srcset=\"https:\/\/www.capgemini.com\/wp-content\/uploads\/2022\/05\/Capgemini_Solutions_DATA-CENTER-TRANSFORMATION-WITH-MICROSOFT-AZURE-1.jpg?w=1440&amp;quality=70 1x, https:\/\/www.capgemini.com\/wp-content\/uploads\/2022\/05\/Capgemini_Solutions_DATA-CENTER-TRANSFORMATION-WITH-MICROSOFT-AZURE-1.jpg?w=2880&amp;quality=70 2x\" media=\"(min-width: 992px)\"\/><source srcset=\"https:\/\/www.capgemini.com\/wp-content\/uploads\/2022\/05\/Capgemini_Solutions_DATA-CENTER-TRANSFORMATION-WITH-MICROSOFT-AZURE-1.jpg?w=1024&amp;quality=70 1x, https:\/\/www.capgemini.com\/wp-content\/uploads\/2022\/05\/Capgemini_Solutions_DATA-CENTER-TRANSFORMATION-WITH-MICROSOFT-AZURE-1.jpg?w=1024&amp;quality=70 2x\" media=\"(min-width: 768px)\"\/><source srcset=\"https:\/\/www.capgemini.com\/wp-content\/uploads\/2022\/05\/Capgemini_Solutions_DATA-CENTER-TRANSFORMATION-WITH-MICROSOFT-AZURE-1.jpg?w=768&amp;quality=70 1x, https:\/\/www.capgemini.com\/wp-content\/uploads\/2022\/05\/Capgemini_Solutions_DATA-CENTER-TRANSFORMATION-WITH-MICROSOFT-AZURE-1.jpg?w=768&amp;quality=70 2x\" media=\"(min-width: 0)\"\/><img decoding=\"async\" src=\"https:\/\/www.capgemini.com\/wp-content\/uploads\/2022\/05\/Capgemini_Solutions_DATA-CENTER-TRANSFORMATION-WITH-MICROSOFT-AZURE-1.jpg\" class=\"header-img header-img-d\" alt=\"\" style=\"object-fit:cover;object-position:53% 57.99999999999999%\" loading=\"eager\"\/><\/picture><\/div><div class=\"heroPictureCardHeaderShape\"><\/div><div class=\"container\"><div class=\"row\"><div class=\"col-md-12\"><div class=\"box\"><div class=\"boxTagWrapper\"><div class=\"tagInfo\"><div><span class=\"box-tag\">Solution<\/span><\/div><\/div><\/div><div class=\"box-title\"><h1 data-maxlength=\"34\">Transformation des Rechenzentrums mit Microsoft Azure<\/h1><\/div><div class=\"inner-row-insight download-btn\"><div class=\"col-md-4 downloadFiles addPadding\"><a class=\"button-download--small\" type=\"download\" href=\"https:\/\/www.capgemini.com\/wp-content\/uploads\/2022\/05\/Capgemini_Microsoft-DCM-brochure.pdf\" target=\"_blank\" rel=\"noopener noreferrer\" title=\"In neuem Fenster \u00f6ffnen\"><span>Download Report<\/span><span class=\"type\">926 KB  pdf<\/span><\/a><\/div><\/div><\/div><\/div><\/div><\/div><\/header>\n\n\n\n<section class=\"wp-block-cg-blocks-intro-para undefined section section--intro\"><div class=\"intro-para\"><div class=\"container\"><div class=\"row\"><div class=\"col-12 col-md-1\"><nav class=\"article-social\"><ul class=\"social-nav\"><li class=\"ip-order-fb\"><a href=\"https:\/\/www.facebook.com\/sharer\/sharer.php?u=https:\/\/www.capgemini.com\/de-de\/solutions\/data-center-transformation-with-microsoft-azure\/\" target=\"_blank\" rel=\"noopener noreferrer\" title=\"In neuem Fenster \u00f6ffnen\"><i aria-hidden=\"true\" class=\"icon-fb\"><\/i><span class=\"sr-only\">Facebook<\/span><\/a><\/li><li class=\"ip-order-li\"><a href=\"https:\/\/www.linkedin.com\/sharing\/share-offsite\/?url=https:\/\/www.capgemini.com\/de-de\/solutions\/data-center-transformation-with-microsoft-azure\/\" target=\"_blank\" rel=\"noopener noreferrer\" title=\"In neuem Fenster \u00f6ffnen\"><i aria-hidden=\"true\" class=\"icon-li\"><\/i><span class=\"sr-only\">Linkedin<\/span><\/a><\/li><\/ul><\/nav><\/div><div class=\"col-12 col-md-11 col-lg-10\"><h2 class=\"intro-para-title\">Treiben Sie Ihre Cloud-Reise mit der Transformation des Rechenzentrums mit Microsoft Azure voran: ein umfassender, plattformunabh\u00e4ngiger, nicht unterbrechender Ansatz.<\/h2><\/div><\/div><\/div><\/div><\/section>\n\n\n\n<section class=\"wp-block-cg-blocks-group undefined section section--article-content\"><div class=\"article-main-content\"><div class=\"container\"><div class=\"row\"><div class=\"col-12 col-md-11 col-lg-10 offset-md-1 offset-lg-1\"><div class=\"article-text article-quote-text\">\n<p>Angesichts des Wachstums und der Diversifizierung von Systemen, Technologien, Anwendungen, Prozessen, Lieferanten, spezialisiertem Personal und beh\u00f6rdlichen Auflagen wollen immer mehr Unternehmen den Weg in die Cloud gehen und ihr Rechenzentrum modernisieren. Diese Umstellung kann jedoch zu Risiken und Prozessunterbrechungen durch ungeplante Ausf\u00e4lle, Sicherheitsverst\u00f6\u00dfe und Compliance-Probleme f\u00fchren. Die einfache Verlagerung der IT-Infrastruktur vom Rechenzentrum zu einem Public-Cloud-Anbieter bietet nicht unbedingt die Modernisierung, Sicherheit und Kosteneffizienz, die Unternehmen suchen. Capgemini ber\u00e4t und begleitet Unternehmen bei der Umstellung auf die Cloud und hilft ihnen dabei, die Cloud effektiv und vertrauensvoll zu nutzen, um die Transformation sicher und effizient mit minimalen Unterbrechungen zu beschleunigen.<\/p>\n\n\n\n<h3 class=\"wp-block-heading\" id=\"h-der-capgemini-ansatz-zur-transformation-von-rechenzentren\">Der Capgemini-Ansatz zur Transformation von Rechenzentren:<\/h3>\n\n\n\n<p>Der Ansatz von Capgemini ist umfassend, plattformunabh\u00e4ngig und bietet einen schnellen Return on Investment durch eine ausgewogene, integrierte, unterbrechungsfreie und auf die Unternehmensanforderungen zugeschnittene Planung.<\/p>\n\n\n\n<p>Dieser Ansatz umfasst:<\/p>\n\n\n\n<ul class=\"wp-block-list\">\n<li>Zugang zu Expertenteams, die zusammenarbeiten: Holen Sie sich die richtigen Werkzeuge f\u00fcr die Planung einer effektiven Transformation von den Tausenden von Capgeminis globalen professionellen und f\u00fchrenden technischen Partnern<\/li>\n\n\n\n<li>Eine einzige Anlaufstelle f\u00fcr umfassende L\u00f6sungen: Nutzen Sie fachkundige Beratung und Unterst\u00fctzung bei der Umsetzung &#8211; oder vertrauen Sie auf Experten, die Ihre Strategie f\u00fcr Sie verwalten<\/li>\n\n\n\n<li>Eine globale Plattform f\u00fcr Innovation: Greifen Sie auf den Applied Innovation Exchange (AIE) von Capgemini zu &#8211; eine globale Plattform, die es Ihnen erm\u00f6glicht, branchenrelevante Innovationen zu entdecken, zu erproben, zu kontextualisieren und anzuwenden.<\/li>\n<\/ul>\n<\/div><\/div><\/div><\/div><\/div><\/section>\n","protected":false},"excerpt":{"rendered":"","protected":false},"author":151,"featured_media":776191,"parent":743171,"menu_order":0,"comment_status":"closed","ping_status":"closed","template":"","meta":{"cg_dt_proposed_to":[],"cg_seo_hreflang_relations":"[]","cg_seo_canonical_relation":"{\"uuid\":\"5b7527ca-accd-48b2-b1dd-c3b79437a25b\",\"blogId\":\"\",\"domain\":\"\",\"sitePath\":\"\",\"postLink\":\"\",\"postId\":null,\"isSaved\":true,\"isCrossLink\":false,\"hasCrossLink\":false}","cg_seo_hreflang_x_default_relation":"{\"uuid\":\"67ffdb84-d02a-414f-8a9c-460efd100e7a\",\"blogId\":\"\",\"domain\":\"\",\"sitePath\":\"\",\"postLink\":\"\",\"postId\":null,\"isSaved\":true,\"isCrossLink\":false,\"hasCrossLink\":false}","cg_dt_approved_content":true,"cg_dt_mandatory_content":false,"cg_dt_notes":"","cg_dg_source_changed":true,"cg_dt_link_disabled":false,"_yoast_wpseo_primary_brand":"","footnotes":"","featured_focal_points":"{\"x\":\"0.53\",\"y\":\"0.51\"}","partner_card_description":"","gsap_animation":0},"brand":[],"partner_type":[],"service":[],"industry":[],"partners":[132],"page-type":[287],"content-group":[],"class_list":["post-741439","page","type-page","status-publish","has-post-thumbnail","hentry","partners-microsoft","page-type-solutions"],"yoast_head":"<!-- This site is optimized with the Yoast SEO Premium plugin v22.8 (Yoast SEO v22.8) - https:\/\/yoast.com\/wordpress\/plugins\/seo\/ -->\n<title>Transformation des Rechenzentrums mit Microsoft Azure - Capgemini<\/title>\n<meta name=\"description\" content=\"Treiben Sie Ihre Cloud-Reise mit der Transformation des Rechenzentrums mit Microsoft Azure voran: ein plattformunabh\u00e4ngiger Ansatz.\" \/>\n<meta name=\"robots\" content=\"index, follow, max-snippet:-1, max-image-preview:large, max-video-preview:-1\" \/>\n<link rel=\"canonical\" href=\"https:\/\/www.capgemini.com\/de-de\/solutions\/data-center-transformation-with-microsoft-azure\/\" \/>\n<meta property=\"og:locale\" content=\"de_DE\" \/>\n<meta property=\"og:type\" content=\"article\" \/>\n<meta property=\"og:title\" content=\"Transformation des Rechenzentrums mit Microsoft Azure - Capgemini\" \/>\n<meta property=\"og:description\" content=\"Treiben Sie Ihre Cloud-Reise mit der Transformation des Rechenzentrums mit Microsoft Azure voran: ein plattformunabh\u00e4ngiger Ansatz.\" \/>\n<meta property=\"og:url\" content=\"https:\/\/www.capgemini.com\/de-de\/solutions\/data-center-transformation-with-microsoft-azure\/\" \/>\n<meta property=\"og:site_name\" content=\"Capgemini\" \/>\n<meta property=\"article:modified_time\" content=\"2025-03-05T04:55:04+00:00\" \/>\n<meta property=\"og:image\" content=\"https:\/\/www.capgemini.com\/de-de\/wp-content\/uploads\/sites\/8\/2022\/07\/Capgemini_Solutions_DATA-CENTER-TRANSFORMATION-WITH-MICROSOFT-AZURE-2.jpg\" \/>\n\t<meta property=\"og:image:width\" content=\"2880\" \/>\n\t<meta property=\"og:image:height\" content=\"1800\" \/>\n\t<meta property=\"og:image:type\" content=\"image\/jpeg\" \/>\n<meta name=\"twitter:card\" content=\"summary_large_image\" \/>\n<meta name=\"twitter:label1\" content=\"Est. reading time\" \/>\n\t<meta name=\"twitter:data1\" content=\"1 minute\" \/>\n<script type=\"application\/ld+json\" class=\"yoast-schema-graph\">{\"@context\":\"https:\/\/schema.org\",\"@graph\":[{\"@type\":\"WebPage\",\"@id\":\"https:\/\/www.capgemini.com\/de-de\/solutions\/data-center-transformation-with-microsoft-azure\/\",\"url\":\"https:\/\/www.capgemini.com\/de-de\/solutions\/data-center-transformation-with-microsoft-azure\/\",\"name\":\"Transformation des Rechenzentrums mit Microsoft Azure - Capgemini\",\"isPartOf\":{\"@id\":\"https:\/\/www.capgemini.com\/de-de\/#website\"},\"primaryImageOfPage\":{\"@id\":\"https:\/\/www.capgemini.com\/de-de\/solutions\/data-center-transformation-with-microsoft-azure\/#primaryimage\"},\"image\":{\"@id\":\"https:\/\/www.capgemini.com\/de-de\/solutions\/data-center-transformation-with-microsoft-azure\/#primaryimage\"},\"thumbnailUrl\":\"https:\/\/www.capgemini.com\/de-de\/wp-content\/uploads\/sites\/8\/2022\/07\/Capgemini_Solutions_DATA-CENTER-TRANSFORMATION-WITH-MICROSOFT-AZURE-2.jpg\",\"datePublished\":\"2022-09-23T07:12:59+00:00\",\"dateModified\":\"2025-03-05T04:55:04+00:00\",\"description\":\"Treiben Sie Ihre Cloud-Reise mit der Transformation des Rechenzentrums mit Microsoft Azure voran: ein plattformunabh\u00e4ngiger Ansatz.\",\"breadcrumb\":{\"@id\":\"https:\/\/www.capgemini.com\/de-de\/solutions\/data-center-transformation-with-microsoft-azure\/#breadcrumb\"},\"inLanguage\":\"de-DE\",\"potentialAction\":[{\"@type\":\"ReadAction\",\"target\":[\"https:\/\/www.capgemini.com\/de-de\/solutions\/data-center-transformation-with-microsoft-azure\/\"]}]},{\"@type\":\"ImageObject\",\"inLanguage\":\"de-DE\",\"@id\":\"https:\/\/www.capgemini.com\/de-de\/solutions\/data-center-transformation-with-microsoft-azure\/#primaryimage\",\"url\":\"https:\/\/www.capgemini.com\/de-de\/wp-content\/uploads\/sites\/8\/2022\/07\/Capgemini_Solutions_DATA-CENTER-TRANSFORMATION-WITH-MICROSOFT-AZURE-2.jpg\",\"contentUrl\":\"https:\/\/www.capgemini.com\/de-de\/wp-content\/uploads\/sites\/8\/2022\/07\/Capgemini_Solutions_DATA-CENTER-TRANSFORMATION-WITH-MICROSOFT-AZURE-2.jpg\",\"width\":2880,\"height\":1800},{\"@type\":\"BreadcrumbList\",\"@id\":\"https:\/\/www.capgemini.com\/de-de\/solutions\/data-center-transformation-with-microsoft-azure\/#breadcrumb\",\"itemListElement\":[{\"@type\":\"ListItem\",\"position\":1,\"name\":\"Solutions\",\"item\":\"https:\/\/www.capgemini.com\/de-de\/solutions\/\"},{\"@type\":\"ListItem\",\"position\":2,\"name\":\"Transformation des Rechenzentrums mit Microsoft Azure\"}]},{\"@type\":\"WebSite\",\"@id\":\"https:\/\/www.capgemini.com\/de-de\/#website\",\"url\":\"https:\/\/www.capgemini.com\/de-de\/\",\"name\":\"Capgemini Deutschland\",\"description\":\"Make it real\",\"potentialAction\":[{\"@type\":\"SearchAction\",\"target\":{\"@type\":\"EntryPoint\",\"urlTemplate\":\"https:\/\/www.capgemini.com\/de-de\/?s={search_term_string}\"},\"query-input\":\"required name=search_term_string\"}],\"inLanguage\":\"de-DE\"}]}<\/script>\n<!-- \/ Yoast SEO Premium plugin. -->","yoast_head_json":{"title":"Transformation des Rechenzentrums mit Microsoft Azure - Capgemini","description":"Treiben Sie Ihre Cloud-Reise mit der Transformation des Rechenzentrums mit Microsoft Azure voran: ein plattformunabh\u00e4ngiger Ansatz.","robots":{"index":"index","follow":"follow","max-snippet":"max-snippet:-1","max-image-preview":"max-image-preview:large","max-video-preview":"max-video-preview:-1"},"canonical":"https:\/\/www.capgemini.com\/de-de\/solutions\/data-center-transformation-with-microsoft-azure\/","og_locale":"de_DE","og_type":"article","og_title":"Transformation des Rechenzentrums mit Microsoft Azure - Capgemini","og_description":"Treiben Sie Ihre Cloud-Reise mit der Transformation des Rechenzentrums mit Microsoft Azure voran: ein plattformunabh\u00e4ngiger Ansatz.","og_url":"https:\/\/www.capgemini.com\/de-de\/solutions\/data-center-transformation-with-microsoft-azure\/","og_site_name":"Capgemini","article_modified_time":"2025-03-05T04:55:04+00:00","og_image":[{"width":2880,"height":1800,"url":"https:\/\/www.capgemini.com\/de-de\/wp-content\/uploads\/sites\/8\/2022\/07\/Capgemini_Solutions_DATA-CENTER-TRANSFORMATION-WITH-MICROSOFT-AZURE-2.jpg","type":"image\/jpeg"}],"twitter_card":"summary_large_image","twitter_misc":{"Est. reading time":"1 minute"},"schema":{"@context":"https:\/\/schema.org","@graph":[{"@type":"WebPage","@id":"https:\/\/www.capgemini.com\/de-de\/solutions\/data-center-transformation-with-microsoft-azure\/","url":"https:\/\/www.capgemini.com\/de-de\/solutions\/data-center-transformation-with-microsoft-azure\/","name":"Transformation des Rechenzentrums mit Microsoft Azure - Capgemini","isPartOf":{"@id":"https:\/\/www.capgemini.com\/de-de\/#website"},"primaryImageOfPage":{"@id":"https:\/\/www.capgemini.com\/de-de\/solutions\/data-center-transformation-with-microsoft-azure\/#primaryimage"},"image":{"@id":"https:\/\/www.capgemini.com\/de-de\/solutions\/data-center-transformation-with-microsoft-azure\/#primaryimage"},"thumbnailUrl":"https:\/\/www.capgemini.com\/de-de\/wp-content\/uploads\/sites\/8\/2022\/07\/Capgemini_Solutions_DATA-CENTER-TRANSFORMATION-WITH-MICROSOFT-AZURE-2.jpg","datePublished":"2022-09-23T07:12:59+00:00","dateModified":"2025-03-05T04:55:04+00:00","description":"Treiben Sie Ihre Cloud-Reise mit der Transformation des Rechenzentrums mit Microsoft Azure voran: ein plattformunabh\u00e4ngiger Ansatz.","breadcrumb":{"@id":"https:\/\/www.capgemini.com\/de-de\/solutions\/data-center-transformation-with-microsoft-azure\/#breadcrumb"},"inLanguage":"de-DE","potentialAction":[{"@type":"ReadAction","target":["https:\/\/www.capgemini.com\/de-de\/solutions\/data-center-transformation-with-microsoft-azure\/"]}]},{"@type":"ImageObject","inLanguage":"de-DE","@id":"https:\/\/www.capgemini.com\/de-de\/solutions\/data-center-transformation-with-microsoft-azure\/#primaryimage","url":"https:\/\/www.capgemini.com\/de-de\/wp-content\/uploads\/sites\/8\/2022\/07\/Capgemini_Solutions_DATA-CENTER-TRANSFORMATION-WITH-MICROSOFT-AZURE-2.jpg","contentUrl":"https:\/\/www.capgemini.com\/de-de\/wp-content\/uploads\/sites\/8\/2022\/07\/Capgemini_Solutions_DATA-CENTER-TRANSFORMATION-WITH-MICROSOFT-AZURE-2.jpg","width":2880,"height":1800},{"@type":"BreadcrumbList","@id":"https:\/\/www.capgemini.com\/de-de\/solutions\/data-center-transformation-with-microsoft-azure\/#breadcrumb","itemListElement":[{"@type":"ListItem","position":1,"name":"Solutions","item":"https:\/\/www.capgemini.com\/de-de\/solutions\/"},{"@type":"ListItem","position":2,"name":"Transformation des Rechenzentrums mit Microsoft Azure"}]},{"@type":"WebSite","@id":"https:\/\/www.capgemini.com\/de-de\/#website","url":"https:\/\/www.capgemini.com\/de-de\/","name":"Capgemini Deutschland","description":"Make it real","potentialAction":[{"@type":"SearchAction","target":{"@type":"EntryPoint","urlTemplate":"https:\/\/www.capgemini.com\/de-de\/?s={search_term_string}"},"query-input":"required name=search_term_string"}],"inLanguage":"de-DE"}]}},"brand_term":[],"parsely":{"version":"1.1.0","canonical_url":"https:\/\/capgemini.com\/de-de\/solutions\/data-center-transformation-with-microsoft-azure\/","smart_links":{"inbound":0,"outbound":0},"traffic_boost_suggestions_count":0,"meta":{"@context":"https:\/\/schema.org","@type":"WebPage","headline":"Transformation des Rechenzentrums mit Microsoft Azure","url":"http:\/\/www.capgemini.com\/de-de\/solutions\/data-center-transformation-with-microsoft-azure\/","mainEntityOfPage":{"@type":"WebPage","@id":"http:\/\/www.capgemini.com\/de-de\/solutions\/data-center-transformation-with-microsoft-azure\/"},"thumbnailUrl":"https:\/\/www.capgemini.com\/de-de\/wp-content\/uploads\/sites\/8\/2022\/07\/Capgemini_Solutions_DATA-CENTER-TRANSFORMATION-WITH-MICROSOFT-AZURE-2.jpg?w=150&h=150&crop=1","image":{"@type":"ImageObject","url":"https:\/\/www.capgemini.com\/de-de\/wp-content\/uploads\/sites\/8\/2022\/07\/Capgemini_Solutions_DATA-CENTER-TRANSFORMATION-WITH-MICROSOFT-AZURE-2.jpg"},"articleSection":"Uncategorized","author":[],"creator":[],"publisher":{"@type":"Organization","name":"Capgemini","logo":""},"keywords":[],"dateCreated":"2022-09-23T07:12:59Z","datePublished":"2022-09-23T07:12:59Z","dateModified":"2025-03-05T04:55:04Z"},"rendered":"<script type=\"application\/ld+json\" class=\"wp-parsely-metadata\">{\"@context\":\"https:\\\/\\\/schema.org\",\"@type\":\"WebPage\",\"headline\":\"Transformation des Rechenzentrums mit Microsoft Azure\",\"url\":\"http:\\\/\\\/www.capgemini.com\\\/de-de\\\/solutions\\\/data-center-transformation-with-microsoft-azure\\\/\",\"mainEntityOfPage\":{\"@type\":\"WebPage\",\"@id\":\"http:\\\/\\\/www.capgemini.com\\\/de-de\\\/solutions\\\/data-center-transformation-with-microsoft-azure\\\/\"},\"thumbnailUrl\":\"https:\\\/\\\/www.capgemini.com\\\/de-de\\\/wp-content\\\/uploads\\\/sites\\\/8\\\/2022\\\/07\\\/Capgemini_Solutions_DATA-CENTER-TRANSFORMATION-WITH-MICROSOFT-AZURE-2.jpg?w=150&h=150&crop=1\",\"image\":{\"@type\":\"ImageObject\",\"url\":\"https:\\\/\\\/www.capgemini.com\\\/de-de\\\/wp-content\\\/uploads\\\/sites\\\/8\\\/2022\\\/07\\\/Capgemini_Solutions_DATA-CENTER-TRANSFORMATION-WITH-MICROSOFT-AZURE-2.jpg\"},\"articleSection\":\"Uncategorized\",\"author\":[],\"creator\":[],\"publisher\":{\"@type\":\"Organization\",\"name\":\"Capgemini\",\"logo\":\"\"},\"keywords\":[],\"dateCreated\":\"2022-09-23T07:12:59Z\",\"datePublished\":\"2022-09-23T07:12:59Z\",\"dateModified\":\"2025-03-05T04:55:04Z\"}<\/script>","tracker_url":"https:\/\/cdn.parsely.com\/keys\/capgemini.com\/p.js"},"archive_status":false,"featured_image_src":"https:\/\/www.capgemini.com\/de-de\/wp-content\/uploads\/sites\/8\/2022\/07\/Capgemini_Solutions_DATA-CENTER-TRANSFORMATION-WITH-MICROSOFT-AZURE-2.jpg","featured_image_alt":"","jetpack_sharing_enabled":true,"distributor_meta":false,"distributor_terms":false,"distributor_media":false,"distributor_original_site_name":"Capgemini","distributor_original_site_url":"https:\/\/www.capgemini.com\/de-de","push-errors":false,"_links":{"self":[{"href":"https:\/\/www.capgemini.com\/de-de\/wp-json\/wp\/v2\/pages\/741439","targetHints":{"allow":["GET"]}}],"collection":[{"href":"https:\/\/www.capgemini.com\/de-de\/wp-json\/wp\/v2\/pages"}],"about":[{"href":"https:\/\/www.capgemini.com\/de-de\/wp-json\/wp\/v2\/types\/page"}],"author":[{"embeddable":true,"href":"https:\/\/www.capgemini.com\/de-de\/wp-json\/wp\/v2\/users\/151"}],"replies":[{"embeddable":true,"href":"https:\/\/www.capgemini.com\/de-de\/wp-json\/wp\/v2\/comments?post=741439"}],"version-history":[{"count":13,"href":"https:\/\/www.capgemini.com\/de-de\/wp-json\/wp\/v2\/pages\/741439\/revisions"}],"predecessor-version":[{"id":875775,"href":"https:\/\/www.capgemini.com\/de-de\/wp-json\/wp\/v2\/pages\/741439\/revisions\/875775"}],"up":[{"embeddable":true,"href":"https:\/\/www.capgemini.com\/de-de\/wp-json\/wp\/v2\/pages\/743171"}],"wp:featuredmedia":[{"embeddable":true,"href":"https:\/\/www.capgemini.com\/de-de\/wp-json\/wp\/v2\/media\/776191"}],"wp:attachment":[{"href":"https:\/\/www.capgemini.com\/de-de\/wp-json\/wp\/v2\/media?parent=741439"}],"wp:term":[{"taxonomy":"brand","embeddable":true,"href":"https:\/\/www.capgemini.com\/de-de\/wp-json\/wp\/v2\/brand?post=741439"},{"taxonomy":"partner_type","embeddable":true,"href":"https:\/\/www.capgemini.com\/de-de\/wp-json\/wp\/v2\/partner_type?post=741439"},{"taxonomy":"service","embeddable":true,"href":"https:\/\/www.capgemini.com\/de-de\/wp-json\/wp\/v2\/service?post=741439"},{"taxonomy":"industry","embeddable":true,"href":"https:\/\/www.capgemini.com\/de-de\/wp-json\/wp\/v2\/industry?post=741439"},{"taxonomy":"partners","embeddable":true,"href":"https:\/\/www.capgemini.com\/de-de\/wp-json\/wp\/v2\/partners?post=741439"},{"taxonomy":"page-type","embeddable":true,"href":"https:\/\/www.capgemini.com\/de-de\/wp-json\/wp\/v2\/page-type?post=741439"},{"taxonomy":"content-group","embeddable":true,"href":"https:\/\/www.capgemini.com\/de-de\/wp-json\/wp\/v2\/content-group?post=741439"}],"curies":[{"name":"wp","href":"https:\/\/api.w.org\/{rel}","templated":true}]}}