{"id":741420,"date":"2023-01-03T20:43:24","date_gmt":"2023-01-03T20:43:24","guid":{"rendered":"https:\/\/www.capgemini.com\/?page_id=708664"},"modified":"2025-03-05T04:29:03","modified_gmt":"2025-03-05T04:29:03","slug":"esoar","status":"publish","type":"page","link":"https:\/\/www.capgemini.com\/de-de\/solutions\/esoar\/","title":{"rendered":"Esoar"},"content":{"rendered":"\n<header class=\"wp-block-cg-blocks-hero-reusable header heroReusable  \"><div class=\"header-bgs\"><picture><source srcset=\"https:\/\/www.capgemini.com\/wp-content\/uploads\/2022\/05\/Capgemini_BSv-Discover-our-ESOAR-methodology.webp?w=2880&amp;quality=70 1x, https:\/\/www.capgemini.com\/wp-content\/uploads\/2022\/05\/Capgemini_BSv-Discover-our-ESOAR-methodology.webp?w=2880&amp;quality=70 2x\" media=\"(min-width: 1500px)\"\/><source srcset=\"https:\/\/www.capgemini.com\/wp-content\/uploads\/2022\/05\/Capgemini_BSv-Discover-our-ESOAR-methodology.webp?w=1440&amp;quality=70 1x, https:\/\/www.capgemini.com\/wp-content\/uploads\/2022\/05\/Capgemini_BSv-Discover-our-ESOAR-methodology.webp?w=2880&amp;quality=70 2x\" media=\"(min-width: 992px)\"\/><source srcset=\"https:\/\/www.capgemini.com\/wp-content\/uploads\/2022\/05\/Capgemini_BSv-Discover-our-ESOAR-methodology.webp?w=1024&amp;quality=70 1x, https:\/\/www.capgemini.com\/wp-content\/uploads\/2022\/05\/Capgemini_BSv-Discover-our-ESOAR-methodology.webp?w=1024&amp;quality=70 2x\" media=\"(min-width: 768px)\"\/><source srcset=\"https:\/\/www.capgemini.com\/wp-content\/uploads\/2022\/05\/Capgemini_BSv-Discover-our-ESOAR-methodology.webp?w=768&amp;quality=70 1x, https:\/\/www.capgemini.com\/wp-content\/uploads\/2022\/05\/Capgemini_BSv-Discover-our-ESOAR-methodology.webp?w=768&amp;quality=70 2x\" media=\"(min-width: 0)\"\/><img decoding=\"async\" src=\"https:\/\/www.capgemini.com\/wp-content\/uploads\/2022\/05\/Capgemini_BSv-Discover-our-ESOAR-methodology.webp\" class=\"header-img header-img-d\" alt=\"\" style=\"object-fit:cover;object-position:50% 91%\" loading=\"eager\"\/><\/picture><\/div><div class=\"heroPictureCardHeaderShape\"><\/div><div class=\"container\"><div class=\"row\"><div class=\"col-md-12\"><div class=\"box\"><div class=\"boxTagWrapper\"><div class=\"tagInfo\"><div><span class=\"box-tag\">Intelligent business operations<\/span><\/div><\/div><\/div><div class=\"box-title\"><h1 data-maxlength=\"34\">esoar<\/h1><\/div><div class=\"inner-row-insight download-btn\"><div class=\"col-md-4 downloadFiles addPadding\"><a class=\"button-download--small\" type=\"download\" href=\"https:\/\/www.capgemini.com\/wp-content\/uploads\/2022\/05\/ESOAR-Factsheet2020.pdf\" target=\"_blank\" rel=\"noopener noreferrer\" title=\"In neuem Fenster \u00f6ffnen\"><span>Download Brosch\u00fcre<\/span><span class=\"type\">253 KB  pdf<\/span><\/a><\/div><\/div><\/div><\/div><\/div><\/div><\/header>\n\n\n\n<section class=\"wp-block-cg-blocks-intro-para undefined section section--intro\"><div class=\"intro-para\"><div class=\"container\"><div class=\"row\"><div class=\"col-12 col-md-1\"><nav class=\"article-social\"><ul class=\"social-nav\"><li class=\"ip-order-fb\"><a href=\"https:\/\/www.facebook.com\/sharer\/sharer.php?u=https:\/\/www.capgemini.com\/de-de\/solutions\/esoar\/\" target=\"_blank\" rel=\"noopener noreferrer\" title=\"In neuem Fenster \u00f6ffnen\"><i aria-hidden=\"true\" class=\"icon-fb\"><\/i><span class=\"sr-only\">Facebook<\/span><\/a><\/li><li class=\"ip-order-li\"><a href=\"https:\/\/www.linkedin.com\/sharing\/share-offsite\/?url=https:\/\/www.capgemini.com\/de-de\/solutions\/esoar\/\" target=\"_blank\" rel=\"noopener noreferrer\" title=\"In neuem Fenster \u00f6ffnen\"><i aria-hidden=\"true\" class=\"icon-li\"><\/i><span class=\"sr-only\">Linkedin<\/span><\/a><\/li><\/ul><\/nav><\/div><div class=\"col-12 col-md-11 col-lg-10\"><h2 class=\"intro-para-title\">Eine einzigartige und unkomplizierte Transformationsmethodik.<\/h2><p class=\"intro-para-content\">Die Datenmenge, der Unternehmen in der digitalen Welt ausgesetzt sind, w\u00e4chst exponentiell und mit rasant steigender Geschwindigkeit. Robotische Prozessautomatisierung (RPA) und intelligente Automatisierung versprechen viel, aber um die Vorteile dieser Technologien zu nutzen, bedarf es eines \u00fcberlegten Ansatzes, um optimalen Erfolg und minimale Ausgaben zu gew\u00e4hrleisten.<\/p><\/div><\/div><\/div><\/div><\/section>\n\n\n\n<section class=\"wp-block-cg-blocks-group undefined section section--article-content\"><div class=\"article-main-content\"><div class=\"container\"><div class=\"row\"><div class=\"col-12 col-md-11 col-lg-10 offset-md-1 offset-lg-1\"><div class=\"article-text article-quote-text\">\n<p><a href=\"https:\/\/www.linkedin.com\/shareArticle?mini=true&amp;url=https%3A%2F%2Fwww.capgemini.com%2Fservice%2Fbusiness-services%2Fenabling-technologies%2Fesoar%2F\" target=\"_blank\" rel=\"noreferrer noopener\"><\/a>Bill Gates sagte einmal: &#8220;<em>Die erste Regel f\u00fcr jede Technologie, die in einem Unternehmen eingesetzt wird, ist, dass die Automatisierung eines effizienten Vorgangs die Effizienz steigert. Die zweite ist, dass die Automatisierung eines ineffizienten Vorgangs die Ineffizienz verst\u00e4rkt.&#8221;<\/em><\/p>\n\n\n\n<p>W\u00e4hrend die erste Regel unumstritten ist, wird die zweite Regel von einigen in Frage gestellt. Die Automatisierung wird oft als schnelle L\u00f6sung f\u00fcr das Problem ineffizienter Prozesse angesehen &#8211; eine Alternative zu einem gro\u00dfen, disruptiven, transformativen Ver\u00e4nderungsprojekt.<\/p>\n\n\n\n<p>RPA und intelligente Automatisierung lassen sich am besten nach der Vereinfachung und Standardisierung von Gesch\u00e4ftsprozessen einsetzen, um die Effizienz zu steigern und gleichzeitig die Effektivit\u00e4t, die Kontrolle und den Gesch\u00e4ftswert zu verbessern. Es ist von entscheidender Bedeutung, dass Unternehmen die Bereiche identifizieren, die reif f\u00fcr die Automatisierung sind, bevor sie tats\u00e4chlich mit der Entwicklung einer Automatisierungsl\u00f6sung beginnen.<\/p>\n\n\n\n<div style=\"height:30px\" aria-hidden=\"true\" class=\"wp-block-spacer\"><\/div>\n\n\n\n<h3 class=\"wp-block-heading\" id=\"h-uberarbeiten-sie-den-aktuellen-stand-ihrer-geschaftsprozesse\">\u00dcberarbeiten Sie den aktuellen Stand Ihrer Gesch\u00e4ftsprozesse<\/h3>\n\n\n\n<p>Der Ansatz von Capgemini zur Entwicklung einer Automatisierungsl\u00f6sung hei\u00dft ESOAR (Eliminieren, Standardisieren, Optimieren, Automatisieren, Robotisieren). Diese einzigartige und unkomplizierte Transformationsmethodik befasst sich mit den zugrunde liegenden Ursachen f\u00fcr die Ineffizienz Ihrer Gesch\u00e4ftsabl\u00e4ufe, bevor die eigentlichen Symptome bek\u00e4mpft werden.<\/p>\n\n\n\n<p>Bei ESOAR geht es darum, Ihre Prozesse im Hinblick auf eine intelligente Automatisierung neu zu gestalten. So k\u00f6nnen Sie eine durchg\u00e4ngige Verarbeitung und automatisierte L\u00f6sungen implementieren und gleichzeitig die besten Auswirkungen und Ergebnisse f\u00fcr Ihre Gesch\u00e4ftsanwender erzielen. ESOAR identifiziert M\u00f6glichkeiten, Prozesse im Vorfeld zu eliminieren, wenn dies notwendig ist, und verbessert Ihre bestehenden Investitionen in Technologie, indem es die Agenda f\u00fcr einen ganzheitlichen Ansatz zur Transformation Ihrer Gesch\u00e4ftsabl\u00e4ufe festlegt.<\/p>\n\n\n\n<div style=\"height:30px\" aria-hidden=\"true\" class=\"wp-block-spacer\"><\/div>\n\n\n\n<figure class=\"wp-block-image aligncenter\"><img decoding=\"async\" src=\"https:\/\/www.capgemini.com\/wp-content\/uploads\/2019\/11\/ESOAR-Graphic.jpg\" alt=\"ESOAR\" class=\"wp-image-393884\"\/><\/figure>\n\n\n\n<div style=\"height:30px\" aria-hidden=\"true\" class=\"wp-block-spacer\"><\/div>\n\n\n\n<h3 class=\"wp-block-heading\" id=\"h-ein-ganzheitlicher-ansatz-zur-unternehmensumwandlung\">Ein ganzheitlicher Ansatz zur Unternehmensumwandlung<\/h3>\n\n\n\n<p>In genau dieser Reihenfolge angewandt, erm\u00f6glichen die f\u00fcnf Schritte von ESOAR einer Organisation maximale Effizienz:<\/p>\n\n\n\n<ul class=\"wp-block-list\">\n<li><strong>Eliminate \u2013<\/strong>&nbsp;die Beseitigung der Ursachen f\u00fcr Verschwendung und Hindernisse f\u00fcr Dienstleistungen verlagert den Schwerpunkt auf wertsch\u00f6pfende T\u00e4tigkeiten in Ihrem Unternehmen, wie z. B. Analysen.<\/li>\n\n\n\n<li><strong>Standardize \u2013<\/strong>&nbsp;F\u00fchren Sie \u00e4hnliche Routineprozesse auf die gleiche, sich wiederholende Weise aus, indem Sie Standardvorlagen verwenden, um die Kosten f\u00fcr ERP-Anpassungen zu vermeiden und Best Practices in Ihren Gesch\u00e4ftsabl\u00e4ufen zu f\u00f6rdern.<\/li>\n\n\n\n<li><strong>Optimize \u2013<\/strong>&nbsp;Nutzen Sie alle Funktionen Ihrer vorhandenen Tools optimal aus. Unternehmen verf\u00fcgen oft \u00fcber die richtigen Werkzeuge, wissen aber nicht, wie sie diese effektiv einsetzen k\u00f6nnen. Die Optimierung ist ein Weg, um die maximale Nutzung und die F\u00e4higkeiten dessen, was Sie bereits haben, einschlie\u00dflich Ihrer ERPs, Werkzeuge, Prozesse und Arbeitsabl\u00e4ufe, zu erreichen.<\/li>\n\n\n\n<li><strong>Automate \u2013<\/strong>&nbsp;Nutzen Sie einfach konfigurierbare Best-of-Breed-Tools, um standardisierte manuelle Prozesse zu automatisieren. Durch die Automatisierung wird die manuelle Arbeit reduziert oder eliminiert, w\u00e4hrend gleichzeitig die Transparenz und Kontrolle \u00fcber den Prozess erh\u00f6ht wird, und zwar mit einem extrem hohen Ma\u00df an Genauigkeit.<\/li>\n\n\n\n<li><strong>Robotize \u2013<\/strong>&nbsp;Einsatz von Robotern zur Steigerung der Effizienz bei allen verbleibenden manuellen, sich wiederholenden, regelbasierten T\u00e4tigkeiten, indem die T\u00e4tigkeiten eines menschlichen Bedieners simuliert werden.<\/li>\n<\/ul>\n\n\n\n<p>Durch die Nutzung der f\u00fcnf ESOAR-Schritte in der richtigen Reihenfolge zur \u00dcberpr\u00fcfung Ihrer Gesch\u00e4ftsabl\u00e4ufe werden nicht nur M\u00f6glichkeiten zur Beseitigung von Prozessen im Vorfeld identifiziert, sondern Sie erzielen auch die beste Rendite aus Ihren bestehenden Investitionen in Technologie und ERP, leiten Ressourcen von repetitiven Aufgaben zu h\u00f6herwertigen Gesch\u00e4ftsaktivit\u00e4ten um und f\u00f6rdern Best Practices.<\/p>\n\n\n\n<div class=\"wp-block-buttons is-layout-flex wp-block-buttons-is-layout-flex\">\n<div class=\"wp-block-button\"><a class=\"wp-block-button__link wp-element-button\" href=\"https:\/\/www.capgemini.com\/wp-content\/uploads\/2022\/05\/ESOAR-Factsheet2020.pdf\" target=\"_blank\" rel=\"noreferrer noopener\">Download Brosch\u00fcre<\/a><\/div>\n<\/div>\n<\/div><\/div><\/div><\/div><\/div><\/section>\n","protected":false},"excerpt":{"rendered":"<p>A unique and straightforward transformation methodology.<\/p>\n","protected":false},"author":33,"featured_media":0,"parent":743171,"menu_order":0,"comment_status":"closed","ping_status":"closed","template":"","meta":{"cg_dt_proposed_to":[],"cg_seo_hreflang_relations":"[]","cg_seo_canonical_relation":"{\"uuid\":\"74631e3e-9af7-4c08-bfd6-a9e6b108aa9f\",\"blogId\":\"\",\"domain\":\"\",\"sitePath\":\"\",\"postLink\":\"\",\"postId\":null,\"isSaved\":true,\"isCrossLink\":false,\"hasCrossLink\":false}","cg_seo_hreflang_x_default_relation":"{\"uuid\":\"9530b4cf-40ec-4b67-ab42-c8fd175b8eb9\",\"blogId\":\"\",\"domain\":\"\",\"sitePath\":\"\",\"postLink\":\"\",\"postId\":null,\"isSaved\":true,\"isCrossLink\":false,\"hasCrossLink\":false}","cg_dt_approved_content":true,"cg_dt_mandatory_content":false,"cg_dt_notes":"","cg_dg_source_changed":true,"cg_dt_link_disabled":false,"_yoast_wpseo_primary_brand":"","footnotes":"","featured_focal_points":"","partner_card_description":"","gsap_animation":0},"brand":[],"partner_type":[],"service":[247],"industry":[],"partners":[],"page-type":[287],"content-group":[],"class_list":["post-741420","page","type-page","status-publish","hentry","service-intelligent-business-operations","page-type-solutions"],"yoast_head":"<!-- This site is optimized with the Yoast SEO Premium plugin v22.8 (Yoast SEO v22.8) - https:\/\/yoast.com\/wordpress\/plugins\/seo\/ -->\n<title>Esoar | Intelligent Business Operations | Capgemini<\/title>\n<meta name=\"robots\" content=\"index, follow, max-snippet:-1, max-image-preview:large, max-video-preview:-1\" \/>\n<link rel=\"canonical\" href=\"https:\/\/www.capgemini.com\/de-de\/solutions\/esoar\/\" \/>\n<meta property=\"og:locale\" content=\"de_DE\" \/>\n<meta property=\"og:type\" content=\"article\" \/>\n<meta property=\"og:title\" content=\"Esoar | Intelligent Business Operations | Capgemini\" \/>\n<meta property=\"og:description\" content=\"A unique and straightforward transformation methodology.\" \/>\n<meta property=\"og:url\" content=\"https:\/\/www.capgemini.com\/de-de\/solutions\/esoar\/\" \/>\n<meta property=\"og:site_name\" content=\"Capgemini\" \/>\n<meta property=\"article:modified_time\" content=\"2025-03-05T04:29:03+00:00\" \/>\n<meta property=\"og:image\" content=\"https:\/\/www.capgemini.com\/wp-content\/uploads\/2022\/05\/Capgemini_BSv-Discover-our-ESOAR-methodology.webp\" \/>\n<meta name=\"twitter:card\" content=\"summary_large_image\" \/>\n<script type=\"application\/ld+json\" class=\"yoast-schema-graph\">{\"@context\":\"https:\/\/schema.org\",\"@graph\":[{\"@type\":\"WebPage\",\"@id\":\"https:\/\/www.capgemini.com\/de-de\/solutions\/esoar\/\",\"url\":\"https:\/\/www.capgemini.com\/de-de\/solutions\/esoar\/\",\"name\":\"Esoar | Intelligent Business Operations | Capgemini\",\"isPartOf\":{\"@id\":\"https:\/\/www.capgemini.com\/de-de\/#website\"},\"primaryImageOfPage\":{\"@id\":\"https:\/\/www.capgemini.com\/de-de\/solutions\/esoar\/#primaryimage\"},\"image\":{\"@id\":\"https:\/\/www.capgemini.com\/de-de\/solutions\/esoar\/#primaryimage\"},\"thumbnailUrl\":\"https:\/\/www.capgemini.com\/wp-content\/uploads\/2022\/05\/Capgemini_BSv-Discover-our-ESOAR-methodology.webp\",\"datePublished\":\"2023-01-03T20:43:24+00:00\",\"dateModified\":\"2025-03-05T04:29:03+00:00\",\"breadcrumb\":{\"@id\":\"https:\/\/www.capgemini.com\/de-de\/solutions\/esoar\/#breadcrumb\"},\"inLanguage\":\"de-DE\",\"potentialAction\":[{\"@type\":\"ReadAction\",\"target\":[\"https:\/\/www.capgemini.com\/de-de\/solutions\/esoar\/\"]}]},{\"@type\":\"ImageObject\",\"inLanguage\":\"de-DE\",\"@id\":\"https:\/\/www.capgemini.com\/de-de\/solutions\/esoar\/#primaryimage\",\"url\":\"https:\/\/www.capgemini.com\/wp-content\/uploads\/2022\/05\/Capgemini_BSv-Discover-our-ESOAR-methodology.webp\",\"contentUrl\":\"https:\/\/www.capgemini.com\/wp-content\/uploads\/2022\/05\/Capgemini_BSv-Discover-our-ESOAR-methodology.webp\"},{\"@type\":\"BreadcrumbList\",\"@id\":\"https:\/\/www.capgemini.com\/de-de\/solutions\/esoar\/#breadcrumb\",\"itemListElement\":[{\"@type\":\"ListItem\",\"position\":1,\"name\":\"Solutions\",\"item\":\"https:\/\/www.capgemini.com\/de-de\/solutions\/\"},{\"@type\":\"ListItem\",\"position\":2,\"name\":\"Esoar\"}]},{\"@type\":\"WebSite\",\"@id\":\"https:\/\/www.capgemini.com\/de-de\/#website\",\"url\":\"https:\/\/www.capgemini.com\/de-de\/\",\"name\":\"Capgemini Deutschland\",\"description\":\"Make it real\",\"potentialAction\":[{\"@type\":\"SearchAction\",\"target\":{\"@type\":\"EntryPoint\",\"urlTemplate\":\"https:\/\/www.capgemini.com\/de-de\/?s={search_term_string}\"},\"query-input\":\"required name=search_term_string\"}],\"inLanguage\":\"de-DE\"}]}<\/script>\n<!-- \/ Yoast SEO Premium plugin. -->","yoast_head_json":{"title":"Esoar | Intelligent Business Operations | Capgemini","robots":{"index":"index","follow":"follow","max-snippet":"max-snippet:-1","max-image-preview":"max-image-preview:large","max-video-preview":"max-video-preview:-1"},"canonical":"https:\/\/www.capgemini.com\/de-de\/solutions\/esoar\/","og_locale":"de_DE","og_type":"article","og_title":"Esoar | Intelligent Business Operations | Capgemini","og_description":"A unique and straightforward transformation methodology.","og_url":"https:\/\/www.capgemini.com\/de-de\/solutions\/esoar\/","og_site_name":"Capgemini","article_modified_time":"2025-03-05T04:29:03+00:00","og_image":[{"url":"https:\/\/www.capgemini.com\/wp-content\/uploads\/2022\/05\/Capgemini_BSv-Discover-our-ESOAR-methodology.webp"}],"twitter_card":"summary_large_image","schema":{"@context":"https:\/\/schema.org","@graph":[{"@type":"WebPage","@id":"https:\/\/www.capgemini.com\/de-de\/solutions\/esoar\/","url":"https:\/\/www.capgemini.com\/de-de\/solutions\/esoar\/","name":"Esoar | Intelligent Business Operations | Capgemini","isPartOf":{"@id":"https:\/\/www.capgemini.com\/de-de\/#website"},"primaryImageOfPage":{"@id":"https:\/\/www.capgemini.com\/de-de\/solutions\/esoar\/#primaryimage"},"image":{"@id":"https:\/\/www.capgemini.com\/de-de\/solutions\/esoar\/#primaryimage"},"thumbnailUrl":"https:\/\/www.capgemini.com\/wp-content\/uploads\/2022\/05\/Capgemini_BSv-Discover-our-ESOAR-methodology.webp","datePublished":"2023-01-03T20:43:24+00:00","dateModified":"2025-03-05T04:29:03+00:00","breadcrumb":{"@id":"https:\/\/www.capgemini.com\/de-de\/solutions\/esoar\/#breadcrumb"},"inLanguage":"de-DE","potentialAction":[{"@type":"ReadAction","target":["https:\/\/www.capgemini.com\/de-de\/solutions\/esoar\/"]}]},{"@type":"ImageObject","inLanguage":"de-DE","@id":"https:\/\/www.capgemini.com\/de-de\/solutions\/esoar\/#primaryimage","url":"https:\/\/www.capgemini.com\/wp-content\/uploads\/2022\/05\/Capgemini_BSv-Discover-our-ESOAR-methodology.webp","contentUrl":"https:\/\/www.capgemini.com\/wp-content\/uploads\/2022\/05\/Capgemini_BSv-Discover-our-ESOAR-methodology.webp"},{"@type":"BreadcrumbList","@id":"https:\/\/www.capgemini.com\/de-de\/solutions\/esoar\/#breadcrumb","itemListElement":[{"@type":"ListItem","position":1,"name":"Solutions","item":"https:\/\/www.capgemini.com\/de-de\/solutions\/"},{"@type":"ListItem","position":2,"name":"Esoar"}]},{"@type":"WebSite","@id":"https:\/\/www.capgemini.com\/de-de\/#website","url":"https:\/\/www.capgemini.com\/de-de\/","name":"Capgemini Deutschland","description":"Make it real","potentialAction":[{"@type":"SearchAction","target":{"@type":"EntryPoint","urlTemplate":"https:\/\/www.capgemini.com\/de-de\/?s={search_term_string}"},"query-input":"required name=search_term_string"}],"inLanguage":"de-DE"}]}},"brand_term":[],"parsely":{"version":"1.1.0","canonical_url":"https:\/\/capgemini.com\/de-de\/solutions\/esoar\/","smart_links":{"inbound":0,"outbound":0},"traffic_boost_suggestions_count":0,"meta":{"@context":"https:\/\/schema.org","@type":"WebPage","headline":"Esoar","url":"http:\/\/www.capgemini.com\/de-de\/solutions\/esoar\/","mainEntityOfPage":{"@type":"WebPage","@id":"http:\/\/www.capgemini.com\/de-de\/solutions\/esoar\/"},"thumbnailUrl":"","image":{"@type":"ImageObject","url":""},"articleSection":"Uncategorized","author":[],"creator":[],"publisher":{"@type":"Organization","name":"Capgemini","logo":""},"keywords":[],"dateCreated":"2023-01-03T20:43:24Z","datePublished":"2023-01-03T20:43:24Z","dateModified":"2025-03-05T04:29:03Z"},"rendered":"<script type=\"application\/ld+json\" class=\"wp-parsely-metadata\">{\"@context\":\"https:\\\/\\\/schema.org\",\"@type\":\"WebPage\",\"headline\":\"Esoar\",\"url\":\"http:\\\/\\\/www.capgemini.com\\\/de-de\\\/solutions\\\/esoar\\\/\",\"mainEntityOfPage\":{\"@type\":\"WebPage\",\"@id\":\"http:\\\/\\\/www.capgemini.com\\\/de-de\\\/solutions\\\/esoar\\\/\"},\"thumbnailUrl\":\"\",\"image\":{\"@type\":\"ImageObject\",\"url\":\"\"},\"articleSection\":\"Uncategorized\",\"author\":[],\"creator\":[],\"publisher\":{\"@type\":\"Organization\",\"name\":\"Capgemini\",\"logo\":\"\"},\"keywords\":[],\"dateCreated\":\"2023-01-03T20:43:24Z\",\"datePublished\":\"2023-01-03T20:43:24Z\",\"dateModified\":\"2025-03-05T04:29:03Z\"}<\/script>","tracker_url":"https:\/\/cdn.parsely.com\/keys\/capgemini.com\/p.js"},"archive_status":false,"featured_image_src":"https:\/\/www.capgemini.com\/de-de\/wp-content\/themes\/capgemini2025\/assets\/images\/mockup.png","featured_image_alt":false,"jetpack_sharing_enabled":true,"distributor_meta":false,"distributor_terms":false,"distributor_media":false,"distributor_original_site_name":"Capgemini","distributor_original_site_url":"https:\/\/www.capgemini.com\/de-de","push-errors":false,"_links":{"self":[{"href":"https:\/\/www.capgemini.com\/de-de\/wp-json\/wp\/v2\/pages\/741420","targetHints":{"allow":["GET"]}}],"collection":[{"href":"https:\/\/www.capgemini.com\/de-de\/wp-json\/wp\/v2\/pages"}],"about":[{"href":"https:\/\/www.capgemini.com\/de-de\/wp-json\/wp\/v2\/types\/page"}],"author":[{"embeddable":true,"href":"https:\/\/www.capgemini.com\/de-de\/wp-json\/wp\/v2\/users\/33"}],"replies":[{"embeddable":true,"href":"https:\/\/www.capgemini.com\/de-de\/wp-json\/wp\/v2\/comments?post=741420"}],"version-history":[{"count":19,"href":"https:\/\/www.capgemini.com\/de-de\/wp-json\/wp\/v2\/pages\/741420\/revisions"}],"predecessor-version":[{"id":875533,"href":"https:\/\/www.capgemini.com\/de-de\/wp-json\/wp\/v2\/pages\/741420\/revisions\/875533"}],"up":[{"embeddable":true,"href":"https:\/\/www.capgemini.com\/de-de\/wp-json\/wp\/v2\/pages\/743171"}],"wp:attachment":[{"href":"https:\/\/www.capgemini.com\/de-de\/wp-json\/wp\/v2\/media?parent=741420"}],"wp:term":[{"taxonomy":"brand","embeddable":true,"href":"https:\/\/www.capgemini.com\/de-de\/wp-json\/wp\/v2\/brand?post=741420"},{"taxonomy":"partner_type","embeddable":true,"href":"https:\/\/www.capgemini.com\/de-de\/wp-json\/wp\/v2\/partner_type?post=741420"},{"taxonomy":"service","embeddable":true,"href":"https:\/\/www.capgemini.com\/de-de\/wp-json\/wp\/v2\/service?post=741420"},{"taxonomy":"industry","embeddable":true,"href":"https:\/\/www.capgemini.com\/de-de\/wp-json\/wp\/v2\/industry?post=741420"},{"taxonomy":"partners","embeddable":true,"href":"https:\/\/www.capgemini.com\/de-de\/wp-json\/wp\/v2\/partners?post=741420"},{"taxonomy":"page-type","embeddable":true,"href":"https:\/\/www.capgemini.com\/de-de\/wp-json\/wp\/v2\/page-type?post=741420"},{"taxonomy":"content-group","embeddable":true,"href":"https:\/\/www.capgemini.com\/de-de\/wp-json\/wp\/v2\/content-group?post=741420"}],"curies":[{"name":"wp","href":"https:\/\/api.w.org\/{rel}","templated":true}]}}