{"id":5791,"date":"2021-04-12T20:33:00","date_gmt":"2021-04-12T20:33:00","guid":{"rendered":"https:\/\/www.capgemini.com\/?page_id=707909"},"modified":"2025-04-01T19:31:07","modified_gmt":"2025-04-01T19:31:07","slug":"continuidad-digital-con-obbligato-plm","status":"publish","type":"page","link":"https:\/\/www.capgemini.com\/co-es\/solutions\/continuidad-digital-con-obbligato-plm\/","title":{"rendered":"Continuidad digital con obbligato PLM"},"content":{"rendered":"\n<header class=\"wp-block-cg-blocks-hero-reusable is-style-blue-line header heroReusable  \"><div class=\"header-bgs\"><picture><source srcset=\"https:\/\/www.capgemini.com\/wp-content\/uploads\/2022\/05\/Capgemini_Solutions_Digital-continuity-with-Obbligato-PLM.jpg?w=2880&amp;quality=70 1x, https:\/\/www.capgemini.com\/wp-content\/uploads\/2022\/05\/Capgemini_Solutions_Digital-continuity-with-Obbligato-PLM.jpg?w=2880&amp;quality=70 2x\" media=\"(min-width: 1500px)\"\/><source srcset=\"https:\/\/www.capgemini.com\/wp-content\/uploads\/2022\/05\/Capgemini_Solutions_Digital-continuity-with-Obbligato-PLM.jpg?w=1440&amp;quality=70 1x, https:\/\/www.capgemini.com\/wp-content\/uploads\/2022\/05\/Capgemini_Solutions_Digital-continuity-with-Obbligato-PLM.jpg?w=2880&amp;quality=70 2x\" media=\"(min-width: 992px)\"\/><source srcset=\"https:\/\/www.capgemini.com\/wp-content\/uploads\/2022\/05\/Capgemini_Solutions_Digital-continuity-with-Obbligato-PLM.jpg?w=1024&amp;quality=70 1x, https:\/\/www.capgemini.com\/wp-content\/uploads\/2022\/05\/Capgemini_Solutions_Digital-continuity-with-Obbligato-PLM.jpg?w=1024&amp;quality=70 2x\" media=\"(min-width: 768px)\"\/><source srcset=\"https:\/\/www.capgemini.com\/wp-content\/uploads\/2022\/05\/Capgemini_Solutions_Digital-continuity-with-Obbligato-PLM.jpg?w=768&amp;quality=70 1x, https:\/\/www.capgemini.com\/wp-content\/uploads\/2022\/05\/Capgemini_Solutions_Digital-continuity-with-Obbligato-PLM.jpg?w=768&amp;quality=70 2x\" media=\"(min-width: 0)\"\/><img decoding=\"async\" src=\"https:\/\/www.capgemini.com\/wp-content\/uploads\/2022\/05\/Capgemini_Solutions_Digital-continuity-with-Obbligato-PLM.jpg\" class=\"header-img header-img-d\" alt=\"\" style=\"object-fit:cover;object-position:42% 22%\" loading=\"eager\"\/><\/picture><\/div><div class=\"heroPictureCardHeaderShape\"><\/div><div class=\"container\"><div class=\"row\"><div class=\"col-md-12\"><div class=\"box\"><div class=\"boxTagWrapper\"><div class=\"tagInfo\"><div><span class=\"box-tag\">Solution<\/span><\/div><\/div><\/div><div class=\"box-title\"><h1 data-maxlength=\"34\">Continuidad digital con obbligato PLM<\/h1><\/div><h2 class=\"reasearchInsightTitle\">Obtenga una transici\u00f3n fluida de los datos del producto desde la ingenier\u00eda hasta la fabricaci\u00f3n, la gesti\u00f3n de documentos, la gesti\u00f3n de costos, la gesti\u00f3n de proyectos y la prevenci\u00f3n de fugas de datos.<\/h2><div class=\"inner-row-insight download-btn\"><div class=\"col-md-4 downloadFiles addPadding\"><a class=\"button-download--small\" type=\"download\" href=\"https:\/\/www.capgemini.com\/wp-content\/uploads\/2021\/09\/Digital-continuity-with-Obbligato-PLM.pdf\" target=\"_blank\" rel=\"noopener noreferrer\" title=\"abrir en una nueva ventana\"><span>Descargar folleto<\/span><span class=\"type\">15 MB  pdf<\/span><\/a><\/div><\/div><\/div><\/div><\/div><\/div><\/header>\n\n\n\n<section class=\"wp-block-cg-blocks-group undefined section section--article-content section--story-content article-body\"><div class=\"article-main-content\"><div class=\"container\"><div class=\"row\"><div class=\"col-12 col-md-11 col-lg-10 offset-md-1 offset-lg-1\"><div class=\"article-text article-quote-text\">\n<p>En una era de continuidad digital, los datos de los productos todav\u00eda se administran a menudo en silos de datos de ALM, PLM, ERP y sistemas heredados que solo est\u00e1n parcialmente integrados, si es que est\u00e1n integrados. Es evidente que se necesita un acceso seguro y eficiente a datos de productos coherentes y actualizados durante todo el ciclo de vida del producto. PLM es un habilitador para la Industria 4.0 porque integra el desarrollo de productos, producci\u00f3n y servicios. El uso de PLM en procesos colaborativos se ha vuelto cada vez m\u00e1s importante para aprovechar el poder de los datos para fomentar la innovaci\u00f3n, crear productos &#8220;inteligentes&#8221; nuevos y diferenciados, mejorar las cadenas de suministro, crear nuevas experiencias para los clientes y ofrecer nuevas fuentes de valor.<\/p>\n\n\n\n<p>Como l\u00edder mundial en servicios de consultor\u00eda tecnol\u00f3gica, TI, ingenier\u00eda e I+D, Capgemini se encuentra en una posici\u00f3n \u00fanica para trabajar con clientes en toda la cadena de valor de la industria inteligente, desde los modelos comerciales hasta los productos, las operaciones y los servicios.<\/p>\n\n\n\n<h3 class=\"wp-block-heading\" id=\"h-descubriendo-obbligato-plm\"><strong>Descubriendo Obbligato PLM<\/strong><\/h3>\n\n\n\n<p>Obbligato, la plataforma PLM, tiene s\u00f3lidas funciones y capacidades de gesti\u00f3n de listas de materiales (BOM) que cubren las fases de conceptualizaci\u00f3n, ingenier\u00eda y fabricaci\u00f3n del producto del ciclo de vida del producto. Obbligato tiene una arquitectura s\u00f3lida, que brinda a los clientes una interfaz intuitiva para el usuario que est\u00e1 dise\u00f1ada para configurarse f\u00e1cilmente y funciona de acuerdo con las necesidades comerciales. Tiene una arquitectura d\u00e9bilmente acoplada que conecta al usuario con los sistemas de eco para intercambiar datos del producto y administrar la trazabilidad.<\/p>\n\n\n\n<p>Los procesos generales de fabricaci\u00f3n de productos, como la lista de materiales y la lista de procesos (BOP), se pueden gestionar sin problemas en Obbligato PLM.<\/p>\n<\/div><\/div><\/div><\/div><\/div><\/section>\n","protected":false},"excerpt":{"rendered":"","protected":false},"author":25,"featured_media":5792,"parent":0,"menu_order":0,"comment_status":"closed","ping_status":"closed","template":"","meta":{"cg_dt_proposed_to":[0],"cg_seo_hreflang_relations":"[]","cg_seo_canonical_relation":"","cg_seo_hreflang_x_default_relation":"{\"uuid\":\"0fce0a7c-f0dd-4521-91ca-88f3b979edee\",\"blogId\":\"\",\"domain\":\"\",\"sitePath\":\"\",\"postLink\":\"\",\"postId\":null,\"isSaved\":true,\"isCrossLink\":false,\"hasCrossLink\":false}","cg_dt_approved_content":false,"cg_dt_mandatory_content":false,"cg_dt_notes":"","cg_dg_source_changed":false,"cg_dt_link_disabled":false,"_yoast_wpseo_primary_brand":"","footnotes":"","featured_focal_points":"","partner_card_description":"","gsap_animation":0},"brand":[],"partner_type":[],"service":[105],"industry":[201],"partners":[],"page-type":[],"content-group":[],"class_list":["post-5791","page","type-page","status-publish","has-post-thumbnail","hentry","service-intelligent-industry","industry-manufacturing"],"yoast_head":"<!-- This site is optimized with the Yoast SEO Premium plugin v22.8 (Yoast SEO v22.8) - https:\/\/yoast.com\/wordpress\/plugins\/seo\/ -->\n<title>Continuidad digital con Obbligato PLM | Capgemini<\/title>\n<meta name=\"description\" content=\"Transici\u00f3n fluida de los datos del producto desde la ingenier\u00eda hasta la fabricaci\u00f3n, la gesti\u00f3n de documentos, la gesti\u00f3n de costos, la gesti\u00f3n de proyectos y la prevenci\u00f3n de fugas de datos.\" \/>\n<meta name=\"robots\" content=\"index, follow, max-snippet:-1, max-image-preview:large, max-video-preview:-1\" \/>\n<link rel=\"canonical\" href=\"https:\/\/www.capgemini.com\/co-es\/solutions\/continuidad-digital-con-obbligato-plm\/\" \/>\n<meta property=\"og:locale\" content=\"es_MX\" \/>\n<meta property=\"og:type\" content=\"article\" \/>\n<meta property=\"og:title\" content=\"Continuidad digital con obbligato PLM\" \/>\n<meta property=\"og:description\" content=\"Transici\u00f3n fluida de los datos del producto desde la ingenier\u00eda hasta la fabricaci\u00f3n, la gesti\u00f3n de documentos, la gesti\u00f3n de costos, la gesti\u00f3n de proyectos y la prevenci\u00f3n de fugas de datos.\" \/>\n<meta property=\"og:url\" content=\"https:\/\/www.capgemini.com\/co-es\/solutions\/continuidad-digital-con-obbligato-plm\/\" \/>\n<meta property=\"og:site_name\" content=\"Capgemini Colombia\" \/>\n<meta property=\"article:modified_time\" content=\"2025-04-01T19:31:07+00:00\" \/>\n<meta property=\"og:image\" content=\"https:\/\/www.capgemini.com\/co-es\/wp-content\/uploads\/sites\/25\/2021\/04\/Capgemini_Solutions_Digital-continuity-with-Obbligato-PLM.jpg\" \/>\n\t<meta property=\"og:image:width\" content=\"2880\" \/>\n\t<meta property=\"og:image:height\" content=\"1800\" \/>\n\t<meta property=\"og:image:type\" content=\"image\/jpeg\" \/>\n<meta name=\"twitter:card\" content=\"summary_large_image\" \/>\n<meta name=\"twitter:label1\" content=\"Est. reading time\" \/>\n\t<meta name=\"twitter:data1\" content=\"1 minute\" \/>\n<script type=\"application\/ld+json\" class=\"yoast-schema-graph\">{\"@context\":\"https:\/\/schema.org\",\"@graph\":[{\"@type\":\"WebPage\",\"@id\":\"https:\/\/www.capgemini.com\/co-es\/solutions\/continuidad-digital-con-obbligato-plm\/\",\"url\":\"https:\/\/www.capgemini.com\/co-es\/solutions\/continuidad-digital-con-obbligato-plm\/\",\"name\":\"Continuidad digital con Obbligato PLM | Capgemini\",\"isPartOf\":{\"@id\":\"https:\/\/www.capgemini.com\/co-es\/#website\"},\"primaryImageOfPage\":{\"@id\":\"https:\/\/www.capgemini.com\/co-es\/solutions\/continuidad-digital-con-obbligato-plm\/#primaryimage\"},\"image\":{\"@id\":\"https:\/\/www.capgemini.com\/co-es\/solutions\/continuidad-digital-con-obbligato-plm\/#primaryimage\"},\"thumbnailUrl\":\"https:\/\/www.capgemini.com\/co-es\/wp-content\/uploads\/sites\/25\/2021\/04\/Capgemini_Solutions_Digital-continuity-with-Obbligato-PLM.jpg\",\"datePublished\":\"2021-04-12T20:33:00+00:00\",\"dateModified\":\"2025-04-01T19:31:07+00:00\",\"description\":\"Transici\u00f3n fluida de los datos del producto desde la ingenier\u00eda hasta la fabricaci\u00f3n, la gesti\u00f3n de documentos, la gesti\u00f3n de costos, la gesti\u00f3n de proyectos y la prevenci\u00f3n de fugas de datos.\",\"breadcrumb\":{\"@id\":\"https:\/\/www.capgemini.com\/co-es\/solutions\/continuidad-digital-con-obbligato-plm\/#breadcrumb\"},\"inLanguage\":\"es-MX\",\"potentialAction\":[{\"@type\":\"ReadAction\",\"target\":[\"https:\/\/www.capgemini.com\/co-es\/solutions\/continuidad-digital-con-obbligato-plm\/\"]}]},{\"@type\":\"ImageObject\",\"inLanguage\":\"es-MX\",\"@id\":\"https:\/\/www.capgemini.com\/co-es\/solutions\/continuidad-digital-con-obbligato-plm\/#primaryimage\",\"url\":\"https:\/\/www.capgemini.com\/co-es\/wp-content\/uploads\/sites\/25\/2021\/04\/Capgemini_Solutions_Digital-continuity-with-Obbligato-PLM.jpg\",\"contentUrl\":\"https:\/\/www.capgemini.com\/co-es\/wp-content\/uploads\/sites\/25\/2021\/04\/Capgemini_Solutions_Digital-continuity-with-Obbligato-PLM.jpg\",\"width\":2880,\"height\":1800},{\"@type\":\"BreadcrumbList\",\"@id\":\"https:\/\/www.capgemini.com\/co-es\/solutions\/continuidad-digital-con-obbligato-plm\/#breadcrumb\",\"itemListElement\":[{\"@type\":\"ListItem\",\"position\":1,\"name\":\"Home\",\"item\":\"https:\/\/www.capgemini.com\/co-es\/\"},{\"@type\":\"ListItem\",\"position\":2,\"name\":\"Continuidad digital con obbligato PLM\"}]},{\"@type\":\"WebSite\",\"@id\":\"https:\/\/www.capgemini.com\/co-es\/#website\",\"url\":\"https:\/\/www.capgemini.com\/co-es\/\",\"name\":\"Capgemini Colombia\",\"description\":\"Capgemini\",\"potentialAction\":[{\"@type\":\"SearchAction\",\"target\":{\"@type\":\"EntryPoint\",\"urlTemplate\":\"https:\/\/www.capgemini.com\/co-es\/?s={search_term_string}\"},\"query-input\":\"required name=search_term_string\"}],\"inLanguage\":\"es-MX\"}]}<\/script>\n<!-- \/ Yoast SEO Premium plugin. -->","yoast_head_json":{"title":"Continuidad digital con Obbligato PLM | Capgemini","description":"Transici\u00f3n fluida de los datos del producto desde la ingenier\u00eda hasta la fabricaci\u00f3n, la gesti\u00f3n de documentos, la gesti\u00f3n de costos, la gesti\u00f3n de proyectos y la prevenci\u00f3n de fugas de datos.","robots":{"index":"index","follow":"follow","max-snippet":"max-snippet:-1","max-image-preview":"max-image-preview:large","max-video-preview":"max-video-preview:-1"},"canonical":"https:\/\/www.capgemini.com\/co-es\/solutions\/continuidad-digital-con-obbligato-plm\/","og_locale":"es_MX","og_type":"article","og_title":"Continuidad digital con obbligato PLM","og_description":"Transici\u00f3n fluida de los datos del producto desde la ingenier\u00eda hasta la fabricaci\u00f3n, la gesti\u00f3n de documentos, la gesti\u00f3n de costos, la gesti\u00f3n de proyectos y la prevenci\u00f3n de fugas de datos.","og_url":"https:\/\/www.capgemini.com\/co-es\/solutions\/continuidad-digital-con-obbligato-plm\/","og_site_name":"Capgemini Colombia","article_modified_time":"2025-04-01T19:31:07+00:00","og_image":[{"width":2880,"height":1800,"url":"https:\/\/www.capgemini.com\/co-es\/wp-content\/uploads\/sites\/25\/2021\/04\/Capgemini_Solutions_Digital-continuity-with-Obbligato-PLM.jpg","type":"image\/jpeg"}],"twitter_card":"summary_large_image","twitter_misc":{"Est. reading time":"1 minute"},"schema":{"@context":"https:\/\/schema.org","@graph":[{"@type":"WebPage","@id":"https:\/\/www.capgemini.com\/co-es\/solutions\/continuidad-digital-con-obbligato-plm\/","url":"https:\/\/www.capgemini.com\/co-es\/solutions\/continuidad-digital-con-obbligato-plm\/","name":"Continuidad digital con Obbligato PLM | Capgemini","isPartOf":{"@id":"https:\/\/www.capgemini.com\/co-es\/#website"},"primaryImageOfPage":{"@id":"https:\/\/www.capgemini.com\/co-es\/solutions\/continuidad-digital-con-obbligato-plm\/#primaryimage"},"image":{"@id":"https:\/\/www.capgemini.com\/co-es\/solutions\/continuidad-digital-con-obbligato-plm\/#primaryimage"},"thumbnailUrl":"https:\/\/www.capgemini.com\/co-es\/wp-content\/uploads\/sites\/25\/2021\/04\/Capgemini_Solutions_Digital-continuity-with-Obbligato-PLM.jpg","datePublished":"2021-04-12T20:33:00+00:00","dateModified":"2025-04-01T19:31:07+00:00","description":"Transici\u00f3n fluida de los datos del producto desde la ingenier\u00eda hasta la fabricaci\u00f3n, la gesti\u00f3n de documentos, la gesti\u00f3n de costos, la gesti\u00f3n de proyectos y la prevenci\u00f3n de fugas de datos.","breadcrumb":{"@id":"https:\/\/www.capgemini.com\/co-es\/solutions\/continuidad-digital-con-obbligato-plm\/#breadcrumb"},"inLanguage":"es-MX","potentialAction":[{"@type":"ReadAction","target":["https:\/\/www.capgemini.com\/co-es\/solutions\/continuidad-digital-con-obbligato-plm\/"]}]},{"@type":"ImageObject","inLanguage":"es-MX","@id":"https:\/\/www.capgemini.com\/co-es\/solutions\/continuidad-digital-con-obbligato-plm\/#primaryimage","url":"https:\/\/www.capgemini.com\/co-es\/wp-content\/uploads\/sites\/25\/2021\/04\/Capgemini_Solutions_Digital-continuity-with-Obbligato-PLM.jpg","contentUrl":"https:\/\/www.capgemini.com\/co-es\/wp-content\/uploads\/sites\/25\/2021\/04\/Capgemini_Solutions_Digital-continuity-with-Obbligato-PLM.jpg","width":2880,"height":1800},{"@type":"BreadcrumbList","@id":"https:\/\/www.capgemini.com\/co-es\/solutions\/continuidad-digital-con-obbligato-plm\/#breadcrumb","itemListElement":[{"@type":"ListItem","position":1,"name":"Home","item":"https:\/\/www.capgemini.com\/co-es\/"},{"@type":"ListItem","position":2,"name":"Continuidad digital con obbligato PLM"}]},{"@type":"WebSite","@id":"https:\/\/www.capgemini.com\/co-es\/#website","url":"https:\/\/www.capgemini.com\/co-es\/","name":"Capgemini Colombia","description":"Capgemini","potentialAction":[{"@type":"SearchAction","target":{"@type":"EntryPoint","urlTemplate":"https:\/\/www.capgemini.com\/co-es\/?s={search_term_string}"},"query-input":"required name=search_term_string"}],"inLanguage":"es-MX"}]}},"brand_term":[],"parsely":{"version":"1.1.0","canonical_url":"https:\/\/capgemini.com\/co-es\/solutions\/continuidad-digital-con-obbligato-plm\/","smart_links":{"inbound":0,"outbound":0},"traffic_boost_suggestions_count":0,"meta":{"@context":"https:\/\/schema.org","@type":"WebPage","headline":"Continuidad digital con obbligato PLM","url":"https:\/\/www.capgemini.com\/co-es\/solutions\/continuidad-digital-con-obbligato-plm\/","mainEntityOfPage":{"@type":"WebPage","@id":"https:\/\/www.capgemini.com\/co-es\/solutions\/continuidad-digital-con-obbligato-plm\/"},"thumbnailUrl":"https:\/\/www.capgemini.com\/co-es\/wp-content\/uploads\/sites\/25\/2021\/04\/Capgemini_Solutions_Digital-continuity-with-Obbligato-PLM.jpg?w=150&h=150&crop=1","image":{"@type":"ImageObject","url":"https:\/\/www.capgemini.com\/co-es\/wp-content\/uploads\/sites\/25\/2021\/04\/Capgemini_Solutions_Digital-continuity-with-Obbligato-PLM.jpg"},"articleSection":"Uncategorized","author":[],"creator":[],"publisher":{"@type":"Organization","name":"Capgemini Colombia","logo":""},"keywords":[],"dateCreated":"2021-04-12T20:33:00Z","datePublished":"2021-04-12T20:33:00Z","dateModified":"2025-04-01T19:31:07Z"},"rendered":"<meta name=\"parsely-title\" content=\"Continuidad digital con obbligato PLM\" \/>\n<meta name=\"parsely-link\" content=\"https:\/\/www.capgemini.com\/co-es\/solutions\/continuidad-digital-con-obbligato-plm\/\" \/>\n<meta name=\"parsely-type\" content=\"index\" \/>\n<meta name=\"parsely-image-url\" content=\"https:\/\/www.capgemini.com\/co-es\/wp-content\/uploads\/sites\/25\/2021\/04\/Capgemini_Solutions_Digital-continuity-with-Obbligato-PLM.jpg?w=150&amp;h=150&amp;crop=1\" \/>\n<meta name=\"parsely-pub-date\" content=\"2021-04-12T20:33:00Z\" \/>\n<meta name=\"parsely-section\" content=\"Uncategorized\" \/>","tracker_url":"https:\/\/cdn.parsely.com\/keys\/capgemini.com\/p.js"},"archive_status":false,"featured_image_src":"https:\/\/www.capgemini.com\/co-es\/wp-content\/uploads\/sites\/25\/2021\/04\/Capgemini_Solutions_Digital-continuity-with-Obbligato-PLM.jpg","featured_image_alt":"","jetpack_sharing_enabled":true,"distributor_meta":false,"distributor_terms":false,"distributor_media":false,"distributor_original_site_name":"Capgemini Colombia","distributor_original_site_url":"https:\/\/www.capgemini.com\/co-es","push-errors":false,"_links":{"self":[{"href":"https:\/\/www.capgemini.com\/co-es\/wp-json\/wp\/v2\/pages\/5791","targetHints":{"allow":["GET"]}}],"collection":[{"href":"https:\/\/www.capgemini.com\/co-es\/wp-json\/wp\/v2\/pages"}],"about":[{"href":"https:\/\/www.capgemini.com\/co-es\/wp-json\/wp\/v2\/types\/page"}],"author":[{"embeddable":true,"href":"https:\/\/www.capgemini.com\/co-es\/wp-json\/wp\/v2\/users\/25"}],"replies":[{"embeddable":true,"href":"https:\/\/www.capgemini.com\/co-es\/wp-json\/wp\/v2\/comments?post=5791"}],"version-history":[{"count":6,"href":"https:\/\/www.capgemini.com\/co-es\/wp-json\/wp\/v2\/pages\/5791\/revisions"}],"predecessor-version":[{"id":537038,"href":"https:\/\/www.capgemini.com\/co-es\/wp-json\/wp\/v2\/pages\/5791\/revisions\/537038"}],"wp:featuredmedia":[{"embeddable":true,"href":"https:\/\/www.capgemini.com\/co-es\/wp-json\/wp\/v2\/media\/5792"}],"wp:attachment":[{"href":"https:\/\/www.capgemini.com\/co-es\/wp-json\/wp\/v2\/media?parent=5791"}],"wp:term":[{"taxonomy":"brand","embeddable":true,"href":"https:\/\/www.capgemini.com\/co-es\/wp-json\/wp\/v2\/brand?post=5791"},{"taxonomy":"partner_type","embeddable":true,"href":"https:\/\/www.capgemini.com\/co-es\/wp-json\/wp\/v2\/partner_type?post=5791"},{"taxonomy":"service","embeddable":true,"href":"https:\/\/www.capgemini.com\/co-es\/wp-json\/wp\/v2\/service?post=5791"},{"taxonomy":"industry","embeddable":true,"href":"https:\/\/www.capgemini.com\/co-es\/wp-json\/wp\/v2\/industry?post=5791"},{"taxonomy":"partners","embeddable":true,"href":"https:\/\/www.capgemini.com\/co-es\/wp-json\/wp\/v2\/partners?post=5791"},{"taxonomy":"page-type","embeddable":true,"href":"https:\/\/www.capgemini.com\/co-es\/wp-json\/wp\/v2\/page-type?post=5791"},{"taxonomy":"content-group","embeddable":true,"href":"https:\/\/www.capgemini.com\/co-es\/wp-json\/wp\/v2\/content-group?post=5791"}],"curies":[{"name":"wp","href":"https:\/\/api.w.org\/{rel}","templated":true}]}}