{"id":5531,"date":"2023-01-06T12:18:00","date_gmt":"2023-01-06T12:18:00","guid":{"rendered":"https:\/\/www.capgemini.com\/?page_id=646321"},"modified":"2025-04-01T17:13:05","modified_gmt":"2025-04-01T17:13:05","slug":"smart-plant","status":"publish","type":"page","link":"https:\/\/www.capgemini.com\/co-es\/solutions\/smart-plant\/","title":{"rendered":"Smart plant"},"content":{"rendered":"\n<div class=\"wp-block-cg-blocks-hero-picture-card undefined  heroPictureCard\"><div class=\"heroPictureCardBgs\"><picture><source srcset=\"https:\/\/www.capgemini.com\/wp-content\/uploads\/2019\/11\/Capgemini_CRI_SMART-FACTORIES-AT-SCALE.jpg?w=2880&amp;quality=70 1x, https:\/\/www.capgemini.com\/wp-content\/uploads\/2019\/11\/Capgemini_CRI_SMART-FACTORIES-AT-SCALE.jpg?w=2880&amp;quality=70 2x\" media=\"(min-width: 1500px)\"\/><source srcset=\"https:\/\/www.capgemini.com\/wp-content\/uploads\/2019\/11\/Capgemini_CRI_SMART-FACTORIES-AT-SCALE.jpg?w=1440&amp;quality=70 1x, https:\/\/www.capgemini.com\/wp-content\/uploads\/2019\/11\/Capgemini_CRI_SMART-FACTORIES-AT-SCALE.jpg?w=2880&amp;quality=70 2x\" media=\"(min-width: 992px)\"\/><source srcset=\"https:\/\/www.capgemini.com\/wp-content\/uploads\/2019\/11\/Capgemini_CRI_SMART-FACTORIES-AT-SCALE.jpg?w=1024&amp;quality=70 1x, https:\/\/www.capgemini.com\/wp-content\/uploads\/2019\/11\/Capgemini_CRI_SMART-FACTORIES-AT-SCALE.jpg?w=1024&amp;quality=70 2x\" media=\"(min-width: 768px)\"\/><source srcset=\"https:\/\/www.capgemini.com\/wp-content\/uploads\/2019\/11\/Capgemini_CRI_SMART-FACTORIES-AT-SCALE.jpg?w=768&amp;quality=70 1x, https:\/\/www.capgemini.com\/wp-content\/uploads\/2019\/11\/Capgemini_CRI_SMART-FACTORIES-AT-SCALE.jpg?w=768&amp;quality=70 2x\" media=\"(min-width: 0)\"\/><img decoding=\"async\" src=\"https:\/\/www.capgemini.com\/wp-content\/uploads\/2019\/11\/Capgemini_CRI_SMART-FACTORIES-AT-SCALE.jpg\" class=\"desktopImage\" alt=\"\" style=\"object-fit:cover;object-position:50% 50%\" loading=\"eager\"\/><\/picture><picture><source srcset=\"https:\/\/www.capgemini.com\/wp-content\/uploads\/2019\/11\/Capgemini_CRI_SMART-FACTORIES-AT-SCALE.jpg?w=2880&amp;quality=70 1x, https:\/\/www.capgemini.com\/wp-content\/uploads\/2019\/11\/Capgemini_CRI_SMART-FACTORIES-AT-SCALE.jpg?w=2880&amp;quality=70 2x\" media=\"(min-width: 1500px)\"\/><source srcset=\"https:\/\/www.capgemini.com\/wp-content\/uploads\/2019\/11\/Capgemini_CRI_SMART-FACTORIES-AT-SCALE.jpg?w=1440&amp;quality=70 1x, https:\/\/www.capgemini.com\/wp-content\/uploads\/2019\/11\/Capgemini_CRI_SMART-FACTORIES-AT-SCALE.jpg?w=2880&amp;quality=70 2x\" media=\"(min-width: 992px)\"\/><source srcset=\"https:\/\/www.capgemini.com\/wp-content\/uploads\/2019\/11\/Capgemini_CRI_SMART-FACTORIES-AT-SCALE.jpg?w=1024&amp;quality=70 1x, https:\/\/www.capgemini.com\/wp-content\/uploads\/2019\/11\/Capgemini_CRI_SMART-FACTORIES-AT-SCALE.jpg?w=1024&amp;quality=70 2x\" media=\"(min-width: 768px)\"\/><source srcset=\"https:\/\/www.capgemini.com\/wp-content\/uploads\/2019\/11\/Capgemini_CRI_SMART-FACTORIES-AT-SCALE.jpg?w=768&amp;quality=70 1x, https:\/\/www.capgemini.com\/wp-content\/uploads\/2019\/11\/Capgemini_CRI_SMART-FACTORIES-AT-SCALE.jpg?w=768&amp;quality=70 2x\" media=\"(min-width: 0)\"\/><img decoding=\"async\" src=\"https:\/\/www.capgemini.com\/wp-content\/uploads\/2019\/11\/Capgemini_CRI_SMART-FACTORIES-AT-SCALE.jpg\" class=\"mobileImage\" alt=\"\" style=\"object-fit:cover;object-position:50% 50%\" loading=\"eager\"\/><\/picture><\/div><div class=\"heroPictureCardHeaderShape\"><\/div><div class=\"container\"><div class=\"row\"><div class=\"col-md-8 col-lg-6\"><div class=\"heroPictureCardBox\"><div class=\"heroPictureCardBoxTitle\"><h1 data-maxlength=\"144\">Smart plant<\/h1><\/div><\/div><\/div><\/div><\/div><div class=\"small-device\"><div class=\"brandLogoWrapper\"><img decoding=\"async\" loading=\"lazy\" src=\"\/wp-content\/themes\/capgemini2020\/assets\/images\/capgemini-invent.svg\" alt=\"capgemini-invent\"\/><\/div><\/div><\/div>\n\n\n\n<section class=\"wp-block-cg-blocks-intro-para undefined section section--intro pt4\"><div class=\"intro-para\"><div class=\"container\"><div class=\"row\"><div class=\"col-12 col-md-1\"><nav class=\"article-social\"><ul class=\"social-nav\"><li class=\"ip-order-fb\"><a href=\"https:\/\/www.facebook.com\/sharer\/sharer.php?u=https:\/\/www.capgemini.com\/co-es\/solutions\/smart-plant\/\" target=\"_blank\" rel=\"noopener noreferrer\" title=\"abrir en una nueva ventana\"><i aria-hidden=\"true\" class=\"icon-fb\"><\/i><span class=\"sr-only\">Facebook<\/span><\/a><\/li><li class=\"ip-order-li\"><a href=\"https:\/\/www.linkedin.com\/sharing\/share-offsite\/?url=https:\/\/www.capgemini.com\/co-es\/solutions\/smart-plant\/\" target=\"_blank\" rel=\"noopener noreferrer\" title=\"abrir en una nueva ventana\"><i aria-hidden=\"true\" class=\"icon-li\"><\/i><span class=\"sr-only\">Linkedin<\/span><\/a><\/li><\/ul><\/nav><\/div><div class=\"col-12 col-md-11 col-lg-10\"><h2 class=\"intro-para-title\">En la f\u00e1brica inteligente moderna, los datos y la anal\u00edtica permiten a las m\u00e1quinas y a las personas tomar decisiones inteligentes y basadas en hechos que aumentan la eficiencia del rendimiento y la orientaci\u00f3n al cliente, tanto a trav\u00e9s de actividades aut\u00f3nomas como de la acci\u00f3n humana.<\/h2><p class=\"intro-para-content\"><br>La digitalizaci\u00f3n es una poderosa fuerza de cambio, ya que los fabricantes tratan de impulsar su excelencia operativa, la eficiencia de la producci\u00f3n y la sostenibilidad. Con los nuevos retos que plantean los cambios en las preferencias de los consumidores hacia los productos hechos a medida o personalizados en masa, y las enormes disrupciones de la industria conectada, como la electrificaci\u00f3n y los veh\u00edculos aut\u00f3nomos, los fabricantes est\u00e1n experimentando una gran transformaci\u00f3n.<\/p><\/div><\/div><\/div><\/div><\/section>\n\n\n\n<section class=\"wp-block-cg-blocks-intro-para-video section section--info-2cols section--insights section-video is-style-cg-sapphire2\"><div class=\"bg-color video-align-right\"><div class=\"container\"><div class=\"row video-align-left\"><div class=\"col-md-12\"><div class=\"video-align-left row box box--4 box--mini\"><div class=\"col-md-3\"><h3 class=\"Video-title\" data-maxlength=\"34\">Smart plant<\/h3><div class=\"video-info\"><p data-maxlength=\"68\">Impulsado por los datos, en todas partes.<\/p><\/div><\/div><div class=\"col-md-8 box-img-wrapper\"><div class=\"video-box\"><div class=\"video-wrapper\"><iframe title=\"video-section\" src=\"https:\/\/www.youtube.com\/embed\/n3FJYn-SJdk\" frameborder=\"0\" rel=\"0\" allow=\"accelerometer; autoplay; encrypted-media; gyroscope; picture-in-picture\" allowfullscreen><\/iframe><\/div><\/div><\/div><div class=\"col-md-1\"><\/div><\/div><\/div><\/div><\/div><\/div><\/section>\n\n\n\n<section class=\"wp-block-cg-blocks-group undefined section section--article-content\"><div class=\"article-main-content\"><div class=\"container\"><div class=\"row\"><div class=\"col-12 col-md-11 col-lg-10 offset-md-1 offset-lg-1\"><div class=\"article-text article-quote-text\">\n<p>Damos vida a soluciones transformadoras de Smart Plant que tienen un impacto medioambiental y social positivo. \u00c9stas abarcan la digitalizaci\u00f3n, la tecnolog\u00eda modular inteligente, los datos y la anal\u00edtica para garantizar beneficios financieros a largo plazo para nuestros clientes en:<\/p>\n\n\n\n<div class=\"wp-block-columns is-layout-flex wp-container-core-columns-is-layout-28f84493 wp-block-columns-is-layout-flex\">\n<div class=\"wp-block-column is-layout-flow wp-block-column-is-layout-flow\">\n<figure class=\"wp-block-image size-full\"><img decoding=\"async\" src=\"https:\/\/www.capgemini.com\/wp-content\/uploads\/2022\/01\/Discrete-1.png\" alt=\"\" class=\"wp-image-646324\"\/><figcaption class=\"wp-element-caption\">Fabricaci\u00f3n discreta<\/figcaption><\/figure>\n<\/div>\n\n\n\n<div class=\"wp-block-column is-layout-flow wp-block-column-is-layout-flow\">\n<figure class=\"wp-block-image size-full\"><img decoding=\"async\" src=\"https:\/\/www.capgemini.com\/wp-content\/uploads\/2022\/01\/Process.png\" alt=\"\" class=\"wp-image-646325\"\/><figcaption class=\"wp-element-caption\">Industrias de proceso<\/figcaption><\/figure>\n<\/div>\n\n\n\n<div class=\"wp-block-column is-layout-flow wp-block-column-is-layout-flow\">\n<figure class=\"wp-block-image size-full\"><img decoding=\"async\" src=\"https:\/\/www.capgemini.com\/wp-content\/uploads\/2022\/01\/Complex.png\" alt=\"\" class=\"wp-image-646326\"\/><figcaption class=\"wp-element-caption\">Infraestructuras complejas<\/figcaption><\/figure>\n<\/div>\n<\/div>\n\n\n\n<p>Utilizamos la digitalizaci\u00f3n y la IA en la industria para crear valor econ\u00f3mico y aumentar la felicidad, la salud y la seguridad de los empleados.<\/p>\n\n\n\n<div style=\"height:40px\" aria-hidden=\"true\" class=\"wp-block-spacer\"><\/div>\n\n\n\n<blockquote class=\"wp-block-quote is-layout-flow wp-block-quote-is-layout-flow\">\n<p>&#8220;Mientras que el 80% de los fabricantes aceleran la transformaci\u00f3n de sus plantas inteligentes con mayores inversiones al reconocer los beneficios de OEE o una mayor flexibilidad en su producci\u00f3n, el 60% se encuentra con dificultades para escalar las soluciones digitales en sus brownfields. La preparaci\u00f3n de los datos, la convergencia TI\/OT, el dominio de las soluciones y la gesti\u00f3n del cambio les est\u00e1n frenando. Los proyectos greenfield se convierten en una gran oportunidad para impulsar la eficiencia mediante el dise\u00f1o e impulsar el poder de la planta inteligente a su red de producci\u00f3n global&#8221;<\/p>\n<cite>Pierre Bagnon, Global Head of Smart Plant at Capgemini Invent<\/cite><\/blockquote>\n<\/div><\/div><\/div><\/div><\/div><\/section>\n\n\n\n<section class=\"wp-block-cg-blocks-intro-para-video section section--info-2cols section--insights section-video\"><div class=\"bg-color video-align-left\"><div class=\"container\"><div class=\"row video-align-right\"><div class=\"col-md-12\"><div class=\"video-align-right row box box--4 box--mini\"><div class=\"col-md-1\"><\/div><div class=\"col-md-8 box-img-wrapper\"><div class=\"video-box\"><div class=\"video-wrapper\"><iframe title=\"video-section\" src=\"https:\/\/www.youtube.com\/embed\/A5IqnKdI3JQ\" frameborder=\"0\" rel=\"0\" allow=\"accelerometer; autoplay; encrypted-media; gyroscope; picture-in-picture\" allowfullscreen><\/iframe><\/div><\/div><\/div><div class=\"col-md-3\"><h3 class=\"Video-title\" data-maxlength=\"34\">Mejorando vidas<\/h3><div class=\"video-info\"><p data-maxlength=\"68\">Soluciones de Plantas Inteligentes que tienen un impacto positivo.<\/p><\/div><\/div><div class=\"col-md-1\"><\/div><\/div><\/div><\/div><\/div><\/div><\/section>\n\n\n\n<section class=\"wp-block-cg-blocks-learn-more learnMoreBlock updated-new-sample-amal section section--stories section--paths-opportunities is-style-blue-theme\"><div class=\"container\"><div class=\"content-title\"><h2 class=\"learnmore-heading\">Insights<\/h2><\/div><div class=\"row\"><div class=\"col-md-4\"><div class=\"box\"><div class=\"box-wrapper\"><a class=\"box-title\" href=\"https:\/\/www.capgemini.com\/insights\/research-library\/conversations-for-tomorrow-edition-3\/\" target=\"\" aria-label=\"Conversaciones para el ma\u00f1ana #3\" rel=\"noopener noreferrer\"><div class=\"box-img-wrapper\"><img decoding=\"async\" src=\"https:\/\/www.capgemini.com\/wp-content\/uploads\/2021\/12\/Capgemini_Conversation-for-tomorrow_Issue3.jpg?w=500&amp;quality=70\" srcset=\"https:\/\/www.capgemini.com\/wp-content\/uploads\/2021\/12\/Capgemini_Conversation-for-tomorrow_Issue3.jpg?w=500&amp;quality=70 1x, https:\/\/www.capgemini.com\/wp-content\/uploads\/2021\/12\/Capgemini_Conversation-for-tomorrow_Issue3.jpg?w=1000&amp;quality=70 2x\" class=\"box-img\" alt=\"\" style=\"object-fit:cover;object-position:50% 50%\" loading=\"lazy\"\/><\/div><h3 class=\"titleWithoutLink_learnMore\">Conversaciones para el ma\u00f1ana #3<\/h3><\/a><\/div><\/div><div class=\"box-inner\"><p class=\"box-desc\">Industria inteligente: La pr\u00f3xima era de la transformaci\u00f3n.<\/p><\/div><\/div><div class=\"col-md-4\"><div class=\"box\"><div class=\"box-wrapper\"><a class=\"box-title\" href=\"https:\/\/www.capgemini.com\/insights\/research-library\/smart-factories-at-scale\/\" target=\"\" aria-label=\"F\u00e1bricas inteligentes a escala\" rel=\"noopener noreferrer\"><div class=\"box-img-wrapper\"><img decoding=\"async\" src=\"https:\/\/www.capgemini.com\/wp-content\/uploads\/2019\/11\/Capgemini_CRI_SMART-FACTORIES-AT-SCALE.jpg?w=500&amp;quality=70\" srcset=\"https:\/\/www.capgemini.com\/wp-content\/uploads\/2019\/11\/Capgemini_CRI_SMART-FACTORIES-AT-SCALE.jpg?w=500&amp;quality=70 1x, https:\/\/www.capgemini.com\/wp-content\/uploads\/2019\/11\/Capgemini_CRI_SMART-FACTORIES-AT-SCALE.jpg?w=1000&amp;quality=70 2x\" class=\"box-img\" alt=\"\" style=\"object-fit:cover;object-position:50% 50%\" loading=\"lazy\"\/><\/div><h3 class=\"titleWithoutLink_learnMore\">F\u00e1bricas inteligentes a escala<\/h3><\/a><\/div><\/div><div class=\"box-inner\"><p class=\"box-desc\">Aprovechar el premio del bill\u00f3n de d\u00f3lares mediante la eficiencia por dise\u00f1o y las operaciones de bucle cerrado.<\/p><\/div><\/div><div class=\"col-md-4\"><div class=\"box\"><div class=\"box-wrapper\"><a class=\"box-title\" href=\"https:\/\/www.capgemini.com\/insights\/research-library\/automotive-smart-factories\/\" target=\"\" aria-label=\"El potencial de las f\u00e1bricas inteligentes\" rel=\"noopener noreferrer\"><div class=\"box-img-wrapper\"><img decoding=\"async\" src=\"https:\/\/www.capgemini.com\/wp-content\/uploads\/2020\/02\/Capgemini_Research_How-automotive-organizations-can-maximize-the-smart-factory-potential.jpg?w=500&amp;quality=70\" srcset=\"https:\/\/www.capgemini.com\/wp-content\/uploads\/2020\/02\/Capgemini_Research_How-automotive-organizations-can-maximize-the-smart-factory-potential.jpg?w=500&amp;quality=70 1x, https:\/\/www.capgemini.com\/wp-content\/uploads\/2020\/02\/Capgemini_Research_How-automotive-organizations-can-maximize-the-smart-factory-potential.jpg?w=1000&amp;quality=70 2x\" class=\"box-img\" alt=\"\" style=\"object-fit:cover;object-position:50% 50%\" loading=\"lazy\"\/><\/div><h3 class=\"titleWithoutLink_learnMore\">El potencial de las f\u00e1bricas inteligentes<\/h3><\/a><\/div><\/div><div class=\"box-inner\"><p class=\"box-desc\">\u00bfC\u00f3mo pueden las empresas de automoci\u00f3n aprovechar al m\u00e1ximo el potencial de las f\u00e1bricas inteligentes?<\/p><\/div><\/div><\/div><\/div><\/section>\n","protected":false},"excerpt":{"rendered":"","protected":false},"author":55,"featured_media":0,"parent":5720,"menu_order":0,"comment_status":"closed","ping_status":"closed","template":"","meta":{"cg_dt_proposed_to":[0],"cg_seo_hreflang_relations":"[]","cg_seo_canonical_relation":"","cg_seo_hreflang_x_default_relation":"","cg_dt_approved_content":false,"cg_dt_mandatory_content":false,"cg_dt_notes":"","cg_dg_source_changed":false,"cg_dt_link_disabled":false,"_yoast_wpseo_primary_brand":"79","footnotes":"","featured_focal_points":"","partner_card_description":"","gsap_animation":0},"brand":[79],"partner_type":[],"service":[105],"industry":[],"partners":[],"page-type":[167],"content-group":[],"class_list":["post-5531","page","type-page","status-publish","hentry","brand-capgemini-invent","service-intelligent-industry","page-type-solutions"],"yoast_head":"<!-- This site is optimized with the Yoast SEO Premium plugin v22.8 (Yoast SEO v22.8) - https:\/\/yoast.com\/wordpress\/plugins\/seo\/ -->\n<title>Smart plant - Capgemini Colombia<\/title>\n<meta name=\"description\" content=\"En la moderna f\u00e1brica inteligente, los datos y la anal\u00edtica permiten a las m\u00e1quinas y a las personas tomar decisiones inteligentes y basadas en hechos que aumentan la eficiencia del rendimiento y ...\" \/>\n<meta name=\"robots\" content=\"index, follow, max-snippet:-1, max-image-preview:large, max-video-preview:-1\" \/>\n<link rel=\"canonical\" href=\"https:\/\/www.capgemini.com\/co-es\/solutions\/smart-plant\/\" \/>\n<meta property=\"og:locale\" content=\"es_MX\" \/>\n<meta property=\"og:type\" content=\"article\" \/>\n<meta property=\"og:title\" content=\"Smart plant\" \/>\n<meta property=\"og:description\" content=\"En la moderna f\u00e1brica inteligente, los datos y la anal\u00edtica permiten a las m\u00e1quinas y a las personas tomar decisiones inteligentes y basadas en hechos que aumentan la eficiencia del rendimiento y ...\" \/>\n<meta property=\"og:url\" content=\"https:\/\/www.capgemini.com\/co-es\/solutions\/smart-plant\/\" \/>\n<meta property=\"og:site_name\" content=\"Capgemini Colombia\" \/>\n<meta property=\"article:modified_time\" content=\"2025-04-01T17:13:05+00:00\" \/>\n<meta property=\"og:image\" content=\"https:\/\/www.capgemini.com\/wp-content\/uploads\/2019\/11\/Capgemini_CRI_SMART-FACTORIES-AT-SCALE.jpg\" \/>\n<meta name=\"twitter:card\" content=\"summary_large_image\" \/>\n<meta name=\"twitter:label1\" content=\"Est. reading time\" \/>\n\t<meta name=\"twitter:data1\" content=\"4 minutes\" \/>\n<script type=\"application\/ld+json\" class=\"yoast-schema-graph\">{\"@context\":\"https:\/\/schema.org\",\"@graph\":[{\"@type\":\"WebPage\",\"@id\":\"https:\/\/www.capgemini.com\/co-es\/solutions\/smart-plant\/\",\"url\":\"https:\/\/www.capgemini.com\/co-es\/solutions\/smart-plant\/\",\"name\":\"Smart plant - Capgemini Colombia\",\"isPartOf\":{\"@id\":\"https:\/\/www.capgemini.com\/co-es\/#website\"},\"primaryImageOfPage\":{\"@id\":\"https:\/\/www.capgemini.com\/co-es\/solutions\/smart-plant\/#primaryimage\"},\"image\":{\"@id\":\"https:\/\/www.capgemini.com\/co-es\/solutions\/smart-plant\/#primaryimage\"},\"thumbnailUrl\":\"https:\/\/www.capgemini.com\/wp-content\/uploads\/2019\/11\/Capgemini_CRI_SMART-FACTORIES-AT-SCALE.jpg\",\"datePublished\":\"2023-01-06T12:18:00+00:00\",\"dateModified\":\"2025-04-01T17:13:05+00:00\",\"description\":\"En la moderna f\u00e1brica inteligente, los datos y la anal\u00edtica permiten a las m\u00e1quinas y a las personas tomar decisiones inteligentes y basadas en hechos que aumentan la eficiencia del rendimiento y ...\",\"breadcrumb\":{\"@id\":\"https:\/\/www.capgemini.com\/co-es\/solutions\/smart-plant\/#breadcrumb\"},\"inLanguage\":\"es-MX\",\"potentialAction\":[{\"@type\":\"ReadAction\",\"target\":[\"https:\/\/www.capgemini.com\/co-es\/solutions\/smart-plant\/\"]}]},{\"@type\":\"ImageObject\",\"inLanguage\":\"es-MX\",\"@id\":\"https:\/\/www.capgemini.com\/co-es\/solutions\/smart-plant\/#primaryimage\",\"url\":\"https:\/\/www.capgemini.com\/wp-content\/uploads\/2019\/11\/Capgemini_CRI_SMART-FACTORIES-AT-SCALE.jpg\",\"contentUrl\":\"https:\/\/www.capgemini.com\/wp-content\/uploads\/2019\/11\/Capgemini_CRI_SMART-FACTORIES-AT-SCALE.jpg\"},{\"@type\":\"BreadcrumbList\",\"@id\":\"https:\/\/www.capgemini.com\/co-es\/solutions\/smart-plant\/#breadcrumb\",\"itemListElement\":[{\"@type\":\"ListItem\",\"position\":1,\"name\":\"Home\",\"item\":\"https:\/\/www.capgemini.com\/co-es\/\"},{\"@type\":\"ListItem\",\"position\":2,\"name\":\"Solutions\",\"item\":\"https:\/\/www.capgemini.com\/co-es\/solutions\/\"},{\"@type\":\"ListItem\",\"position\":3,\"name\":\"Smart plant\"}]},{\"@type\":\"WebSite\",\"@id\":\"https:\/\/www.capgemini.com\/co-es\/#website\",\"url\":\"https:\/\/www.capgemini.com\/co-es\/\",\"name\":\"Capgemini Colombia\",\"description\":\"Capgemini\",\"potentialAction\":[{\"@type\":\"SearchAction\",\"target\":{\"@type\":\"EntryPoint\",\"urlTemplate\":\"https:\/\/www.capgemini.com\/co-es\/?s={search_term_string}\"},\"query-input\":\"required name=search_term_string\"}],\"inLanguage\":\"es-MX\"}]}<\/script>\n<!-- \/ Yoast SEO Premium plugin. -->","yoast_head_json":{"title":"Smart plant - Capgemini Colombia","description":"En la moderna f\u00e1brica inteligente, los datos y la anal\u00edtica permiten a las m\u00e1quinas y a las personas tomar decisiones inteligentes y basadas en hechos que aumentan la eficiencia del rendimiento y ...","robots":{"index":"index","follow":"follow","max-snippet":"max-snippet:-1","max-image-preview":"max-image-preview:large","max-video-preview":"max-video-preview:-1"},"canonical":"https:\/\/www.capgemini.com\/co-es\/solutions\/smart-plant\/","og_locale":"es_MX","og_type":"article","og_title":"Smart plant","og_description":"En la moderna f\u00e1brica inteligente, los datos y la anal\u00edtica permiten a las m\u00e1quinas y a las personas tomar decisiones inteligentes y basadas en hechos que aumentan la eficiencia del rendimiento y ...","og_url":"https:\/\/www.capgemini.com\/co-es\/solutions\/smart-plant\/","og_site_name":"Capgemini Colombia","article_modified_time":"2025-04-01T17:13:05+00:00","og_image":[{"url":"https:\/\/www.capgemini.com\/wp-content\/uploads\/2019\/11\/Capgemini_CRI_SMART-FACTORIES-AT-SCALE.jpg"}],"twitter_card":"summary_large_image","twitter_misc":{"Est. reading time":"4 minutes"},"schema":{"@context":"https:\/\/schema.org","@graph":[{"@type":"WebPage","@id":"https:\/\/www.capgemini.com\/co-es\/solutions\/smart-plant\/","url":"https:\/\/www.capgemini.com\/co-es\/solutions\/smart-plant\/","name":"Smart plant - Capgemini Colombia","isPartOf":{"@id":"https:\/\/www.capgemini.com\/co-es\/#website"},"primaryImageOfPage":{"@id":"https:\/\/www.capgemini.com\/co-es\/solutions\/smart-plant\/#primaryimage"},"image":{"@id":"https:\/\/www.capgemini.com\/co-es\/solutions\/smart-plant\/#primaryimage"},"thumbnailUrl":"https:\/\/www.capgemini.com\/wp-content\/uploads\/2019\/11\/Capgemini_CRI_SMART-FACTORIES-AT-SCALE.jpg","datePublished":"2023-01-06T12:18:00+00:00","dateModified":"2025-04-01T17:13:05+00:00","description":"En la moderna f\u00e1brica inteligente, los datos y la anal\u00edtica permiten a las m\u00e1quinas y a las personas tomar decisiones inteligentes y basadas en hechos que aumentan la eficiencia del rendimiento y ...","breadcrumb":{"@id":"https:\/\/www.capgemini.com\/co-es\/solutions\/smart-plant\/#breadcrumb"},"inLanguage":"es-MX","potentialAction":[{"@type":"ReadAction","target":["https:\/\/www.capgemini.com\/co-es\/solutions\/smart-plant\/"]}]},{"@type":"ImageObject","inLanguage":"es-MX","@id":"https:\/\/www.capgemini.com\/co-es\/solutions\/smart-plant\/#primaryimage","url":"https:\/\/www.capgemini.com\/wp-content\/uploads\/2019\/11\/Capgemini_CRI_SMART-FACTORIES-AT-SCALE.jpg","contentUrl":"https:\/\/www.capgemini.com\/wp-content\/uploads\/2019\/11\/Capgemini_CRI_SMART-FACTORIES-AT-SCALE.jpg"},{"@type":"BreadcrumbList","@id":"https:\/\/www.capgemini.com\/co-es\/solutions\/smart-plant\/#breadcrumb","itemListElement":[{"@type":"ListItem","position":1,"name":"Home","item":"https:\/\/www.capgemini.com\/co-es\/"},{"@type":"ListItem","position":2,"name":"Solutions","item":"https:\/\/www.capgemini.com\/co-es\/solutions\/"},{"@type":"ListItem","position":3,"name":"Smart plant"}]},{"@type":"WebSite","@id":"https:\/\/www.capgemini.com\/co-es\/#website","url":"https:\/\/www.capgemini.com\/co-es\/","name":"Capgemini Colombia","description":"Capgemini","potentialAction":[{"@type":"SearchAction","target":{"@type":"EntryPoint","urlTemplate":"https:\/\/www.capgemini.com\/co-es\/?s={search_term_string}"},"query-input":"required name=search_term_string"}],"inLanguage":"es-MX"}]}},"brand_term":[{"id":79,"slug":"capgemini-invent"}],"parsely":{"version":"1.1.0","canonical_url":"https:\/\/capgemini.com\/co-es\/solutions\/smart-plant\/","smart_links":{"inbound":0,"outbound":0},"traffic_boost_suggestions_count":0,"meta":{"@context":"https:\/\/schema.org","@type":"WebPage","headline":"Smart plant","url":"https:\/\/www.capgemini.com\/co-es\/solutions\/smart-plant\/","mainEntityOfPage":{"@type":"WebPage","@id":"https:\/\/www.capgemini.com\/co-es\/solutions\/smart-plant\/"},"thumbnailUrl":"","image":{"@type":"ImageObject","url":""},"articleSection":"Uncategorized","author":[],"creator":[],"publisher":{"@type":"Organization","name":"Capgemini Colombia","logo":""},"keywords":[],"dateCreated":"2023-01-06T12:18:00Z","datePublished":"2023-01-06T12:18:00Z","dateModified":"2025-04-01T17:13:05Z"},"rendered":"<meta name=\"parsely-title\" content=\"Smart plant\" \/>\n<meta name=\"parsely-link\" content=\"https:\/\/www.capgemini.com\/co-es\/solutions\/smart-plant\/\" \/>\n<meta name=\"parsely-type\" content=\"index\" \/>\n<meta name=\"parsely-pub-date\" content=\"2023-01-06T12:18:00Z\" \/>\n<meta name=\"parsely-section\" content=\"Uncategorized\" \/>","tracker_url":"https:\/\/cdn.parsely.com\/keys\/capgemini.com\/p.js"},"archive_status":false,"featured_image_src":"https:\/\/www.capgemini.com\/co-es\/wp-content\/themes\/capgemini2025\/assets\/images\/mockup.png","featured_image_alt":false,"jetpack_sharing_enabled":true,"distributor_meta":false,"distributor_terms":false,"distributor_media":false,"distributor_original_site_name":"Capgemini Colombia","distributor_original_site_url":"https:\/\/www.capgemini.com\/co-es","push-errors":false,"_links":{"self":[{"href":"https:\/\/www.capgemini.com\/co-es\/wp-json\/wp\/v2\/pages\/5531","targetHints":{"allow":["GET"]}}],"collection":[{"href":"https:\/\/www.capgemini.com\/co-es\/wp-json\/wp\/v2\/pages"}],"about":[{"href":"https:\/\/www.capgemini.com\/co-es\/wp-json\/wp\/v2\/types\/page"}],"author":[{"embeddable":true,"href":"https:\/\/www.capgemini.com\/co-es\/wp-json\/wp\/v2\/users\/55"}],"replies":[{"embeddable":true,"href":"https:\/\/www.capgemini.com\/co-es\/wp-json\/wp\/v2\/comments?post=5531"}],"version-history":[{"count":6,"href":"https:\/\/www.capgemini.com\/co-es\/wp-json\/wp\/v2\/pages\/5531\/revisions"}],"predecessor-version":[{"id":536741,"href":"https:\/\/www.capgemini.com\/co-es\/wp-json\/wp\/v2\/pages\/5531\/revisions\/536741"}],"up":[{"embeddable":true,"href":"https:\/\/www.capgemini.com\/co-es\/wp-json\/wp\/v2\/pages\/5720"}],"wp:attachment":[{"href":"https:\/\/www.capgemini.com\/co-es\/wp-json\/wp\/v2\/media?parent=5531"}],"wp:term":[{"taxonomy":"brand","embeddable":true,"href":"https:\/\/www.capgemini.com\/co-es\/wp-json\/wp\/v2\/brand?post=5531"},{"taxonomy":"partner_type","embeddable":true,"href":"https:\/\/www.capgemini.com\/co-es\/wp-json\/wp\/v2\/partner_type?post=5531"},{"taxonomy":"service","embeddable":true,"href":"https:\/\/www.capgemini.com\/co-es\/wp-json\/wp\/v2\/service?post=5531"},{"taxonomy":"industry","embeddable":true,"href":"https:\/\/www.capgemini.com\/co-es\/wp-json\/wp\/v2\/industry?post=5531"},{"taxonomy":"partners","embeddable":true,"href":"https:\/\/www.capgemini.com\/co-es\/wp-json\/wp\/v2\/partners?post=5531"},{"taxonomy":"page-type","embeddable":true,"href":"https:\/\/www.capgemini.com\/co-es\/wp-json\/wp\/v2\/page-type?post=5531"},{"taxonomy":"content-group","embeddable":true,"href":"https:\/\/www.capgemini.com\/co-es\/wp-json\/wp\/v2\/content-group?post=5531"}],"curies":[{"name":"wp","href":"https:\/\/api.w.org\/{rel}","templated":true}]}}