{"id":5505,"date":"2022-12-12T10:55:01","date_gmt":"2022-12-12T10:55:01","guid":{"rendered":"https:\/\/www.capgemini.com\/?page_id=647387"},"modified":"2026-01-20T12:57:19","modified_gmt":"2026-01-20T12:57:19","slug":"industrialized-data-and-ai-engineering-acceleration-idea-by-capgemini","status":"publish","type":"page","link":"https:\/\/www.capgemini.com\/co-es\/solutions\/industrialized-data-and-ai-engineering-acceleration-idea-by-capgemini\/","title":{"rendered":"IDEA by Capgemini"},"content":{"rendered":"\n<header class=\"wp-block-cg-blocks-hero-reusable header heroReusable  \"><div class=\"header-bgs\"><picture><source srcset=\"https:\/\/www.capgemini.com\/wp-content\/uploads\/2021\/12\/Capgemini_Data-andAI_IDEA.jpg?w=2880&amp;quality=70 1x, https:\/\/www.capgemini.com\/wp-content\/uploads\/2021\/12\/Capgemini_Data-andAI_IDEA.jpg?w=2880&amp;quality=70 2x\" media=\"(min-width: 1500px)\"\/><source srcset=\"https:\/\/www.capgemini.com\/wp-content\/uploads\/2021\/12\/Capgemini_Data-andAI_IDEA.jpg?w=1440&amp;quality=70 1x, https:\/\/www.capgemini.com\/wp-content\/uploads\/2021\/12\/Capgemini_Data-andAI_IDEA.jpg?w=2880&amp;quality=70 2x\" media=\"(min-width: 992px)\"\/><source srcset=\"https:\/\/www.capgemini.com\/wp-content\/uploads\/2021\/12\/Capgemini_Data-andAI_IDEA.jpg?w=1024&amp;quality=70 1x, https:\/\/www.capgemini.com\/wp-content\/uploads\/2021\/12\/Capgemini_Data-andAI_IDEA.jpg?w=1024&amp;quality=70 2x\" media=\"(min-width: 768px)\"\/><source srcset=\"https:\/\/www.capgemini.com\/wp-content\/uploads\/2021\/12\/Capgemini_Data-andAI_IDEA.jpg?w=768&amp;quality=70 1x, https:\/\/www.capgemini.com\/wp-content\/uploads\/2021\/12\/Capgemini_Data-andAI_IDEA.jpg?w=768&amp;quality=70 2x\" media=\"(min-width: 0)\"\/><img decoding=\"async\" src=\"https:\/\/www.capgemini.com\/wp-content\/uploads\/2021\/12\/Capgemini_Data-andAI_IDEA.jpg\" class=\"header-img header-img-d\" alt=\"\" style=\"object-fit:cover;object-position:55.00000000000001% 20%\" loading=\"eager\"\/><\/picture><\/div><div class=\"heroPictureCardHeaderShape\"><\/div><div class=\"container\"><div class=\"row\"><div class=\"col-md-12\"><div class=\"box\"><div class=\"boxTagWrapper\"><div class=\"tagInfo\"><div><span class=\"box-tag\">Solution<\/span><\/div><\/div><\/div><div class=\"box-title\"><h1 data-maxlength=\"34\">Industrialized data and AI engineering acceleration (IDEA) by Capgemini<\/h1><\/div><div class=\"inner-row-insight download-btn\"><div class=\"col-md-4 downloadFiles addPadding\"><a class=\"button-download--small\" type=\"download\" href=\"https:\/\/www.capgemini.com\/wp-content\/uploads\/2022\/05\/Brochure-IDEA-by-Capgemini-with-Microsoft.pdf\" target=\"_blank\" rel=\"noopener noreferrer\" title=\"abrir en una nueva ventana\"><span>Download brochure<\/span><span class=\"type\">1 MB  pdf<\/span><\/a><\/div><\/div><\/div><\/div><\/div><\/div><\/header>\n\n\n\n<section class=\"wp-block-cg-blocks-intro-para undefined section section--intro pt48\"><div class=\"intro-para\"><div class=\"container\"><div class=\"row\"><div class=\"col-12 col-md-1\"><nav class=\"article-social\"><ul class=\"social-nav\"><li class=\"ip-order-fb\"><a href=\"https:\/\/www.facebook.com\/sharer\/sharer.php?u=https:\/\/www.capgemini.com\/co-es\/solutions\/industrialized-data-and-ai-engineering-acceleration-idea-by-capgemini\/\" target=\"_blank\" rel=\"noopener noreferrer\" title=\"abrir en una nueva ventana\"><i aria-hidden=\"true\" class=\"icon-fb\"><\/i><span class=\"sr-only\">Facebook<\/span><\/a><\/li><li class=\"ip-order-li\"><a href=\"https:\/\/www.linkedin.com\/sharing\/share-offsite\/?url=https:\/\/www.capgemini.com\/co-es\/solutions\/industrialized-data-and-ai-engineering-acceleration-idea-by-capgemini\/\" target=\"_blank\" rel=\"noopener noreferrer\" title=\"abrir en una nueva ventana\"><i aria-hidden=\"true\" class=\"icon-li\"><\/i><span class=\"sr-only\">Linkedin<\/span><\/a><\/li><\/ul><\/nav><\/div><div class=\"col-12 col-md-11 col-lg-10\"><h2 class=\"intro-para-title\">\u00bfBuscas industrializar tu patrimonio de datos? \u00bfO liberar todo el poder de tu negocio a trav\u00e9s de los mismos? Consigue las claves para una organizaci\u00f3n potenciada por los datos con IDEA by Capgemini.<\/h2><\/div><\/div><\/div><\/div><\/section>\n\n\n\n<section class=\"wp-block-cg-blocks-intro-para-video section section--info-2cols section--insights section-video\"><div class=\"bg-color video-align-left\"><div class=\"container\"><div class=\"row video-align-right\"><div class=\"col-md-12\"><div class=\"video-align-right row box box--4 box--mini\"><div class=\"col-md-1\"><\/div><div class=\"col-md-8 box-img-wrapper\"><div class=\"video-box\"><div class=\"video-wrapper\"><iframe title=\"video-section\" src=\"https:\/\/www.youtube.com\/embed\/OPXpOV6CZOo\" frameborder=\"0\" rel=\"0\" allow=\"accelerometer; autoplay; encrypted-media; gyroscope; picture-in-picture\" allowfullscreen><\/iframe><\/div><\/div><\/div><div class=\"col-md-3\"><h3 class=\"Video-title\" data-maxlength=\"34\">IDEA de Capgemini<\/h3><div class=\"video-info\"><p data-maxlength=\"68\">Obtenga las claves de una organizaci\u00f3n basada en datos.<\/p><\/div><\/div><div class=\"col-md-1\"><\/div><\/div><\/div><\/div><\/div><\/div><\/section>\n\n\n\n<section class=\"wp-block-cg-blocks-group undefined section section--article-content section--story-content article-body\"><div class=\"article-main-content\"><div class=\"container\"><div class=\"row\"><div class=\"col-12 col-md-11 col-lg-10 offset-md-1 offset-lg-1\"><div class=\"article-text article-quote-text\">\n<h4 class=\"wp-block-heading\" id=\"h-reimagine-su-empresa-impulsada-por-los-datos\">Reimagine su empresa impulsada por los datos<\/h4>\n\n\n\n<p>IDEA by Capgemini no s\u00f3lo ayuda a las organizaciones a hacer las cosas m\u00e1s r\u00e1pido, sino que las moderniza. \u202fNuestra capacidad combina aplicaciones y m\u00f3dulos listos para la producci\u00f3n que tambi\u00e9n son totalmente personalizables, lo que proporciona a las organizaciones velocidad y flexibilidad a medida que transforman su patrimonio de datos.&nbsp;<\/p>\n\n\n\n<p>Los datos son el activo m\u00e1s competitivo y estrat\u00e9gico de toda organizaci\u00f3n, pero en muchos casos tambi\u00e9n son un recurso disperso, dif\u00edcil de reunir, almacenar, analizar y gestionar en todas las funciones, aplicaciones e iniciativas.&nbsp;<\/p>\n\n\n\n<p><strong>IDEA by Capgemini<\/strong> (Industrialized Data &amp; AI Engineering Acceleration) es una nueva capacidad de Capgemini que ayuda a las organizaciones a convertir su dispersi\u00f3n de datos en un verdadero activo estrat\u00e9gico.&nbsp;<\/p>\n\n\n\n<p>Seg\u00fan nuestra investigaci\u00f3n <a href=\"https:\/\/www.capgemini.com\/insights\/research-library\/the-data-powered-enterprise\/\">The Data-powered Enterprise<\/a>, es fundamental hacer hincapi\u00e9 en la calidad de los datos:<\/p>\n\n\n\n<figure class=\"wp-block-image\"><img decoding=\"async\" src=\"https:\/\/www.capgemini.com\/wp-content\/uploads\/2021\/05\/reduced-project-cost-v3-TD-24.6.21.jpg\" alt=\"\" class=\"wp-image-609690\"\/><\/figure>\n\n\n\n<h4 class=\"wp-block-heading\" id=\"h-flexione-tus-musculos-de-datos-y-hazlos-crecer\"><strong>Flexione tus m\u00fasculos de datos &#8211; y hazlos crecer<\/strong><\/h4>\n\n\n\n<p>IDEA by Capgemini ayuda a las organizaciones a establecer la base y la infraestructura de datos necesarias, as\u00ed como a crear las capacidades complementarias, necesarias para convertirse en una organizaci\u00f3n impulsada por los datos.<\/p>\n\n\n\n<h4 class=\"wp-block-heading\" id=\"h-seamos-practicos-es-hora-de-marcar-la-diferencia\"><strong>Seamos pr\u00e1cticos: es hora de marcar la diferencia<\/strong><\/h4>\n\n\n\n<p>IDEA by Capgemini ha sido creada para el mundo moderno y dise\u00f1ada para ayudar a las organizaciones a superar los retos m\u00e1s comunes en su proceso de modernizaci\u00f3n de datos.&nbsp;<\/p>\n\n\n\n<figure class=\"wp-block-image\"><img decoding=\"async\" src=\"https:\/\/www.capgemini.com\/wp-content\/uploads\/2021\/06\/Data-discovery-modernization-platform-idea.jpg\" alt=\"\" class=\"wp-image-612546\"\/><\/figure>\n\n\n\n<p>Ayudamos a:&nbsp;<\/p>\n\n\n\n<ul class=\"wp-block-list\">\n<li>Evitar la fatiga de la IA construyendo una base e infraestructura s\u00f3lidas pero flexibles desde la que lanzar y escalar casos de uso.<\/li>\n\n\n\n<li>Drenar el pantano de datos con nuestro acelerador de Evaluaci\u00f3n y Descubrimiento.<\/li>\n\n\n\n<li>Mantener los m\u00e1s altos niveles de seguridad, protecci\u00f3n, privacidad y \u00e9tica con las metodolog\u00edas integradas de IDEA.<\/li>\n\n\n\n<li>Gestionar un entorno normativo cada vez m\u00e1s complejo y en constante evoluci\u00f3n.<\/li>\n<\/ul>\n\n\n\n<h4 class=\"wp-block-heading\" id=\"h-como-podemos-ayudar-a-que-los-datos-se-conviertan-en-tu-ventaja-competitiva\"><strong>\u00bfC\u00f3mo podemos ayudar a que los datos se conviertan en tu ventaja competitiva?<\/strong><\/h4>\n\n\n\n<figure class=\"wp-block-image\"><img decoding=\"async\" src=\"https:\/\/www.capgemini.com\/wp-content\/uploads\/2021\/05\/modernize-democratize-industrialize-24.6.21.jpg\" alt=\"\" class=\"wp-image-609689\"\/><\/figure>\n\n\n\n<p>Una estrategia de datos moderna es la clave para convertirse en una organizaci\u00f3n impulsada por los datos. Descubre c\u00f3mo IDEA by Capgemini puede ayudar a tu organizaci\u00f3n:&nbsp;<\/p>\n\n\n\n<ul class=\"wp-block-list\">\n<li>Desbloquea nuevos modelos de ingresos a trav\u00e9s de productos y servicios inteligentes de alto valor.<\/li>\n\n\n\n<li>Mejorar la experiencia y el inter\u00e9s de los clientes con un marketing y una comunicaci\u00f3n personalizados y relevantes.<\/li>\n\n\n\n<li>Aprovecha los productos de datos y los conocimientos en tiempo real para permitir una toma de decisiones m\u00e1s r\u00e1pida y mejor.<\/li>\n\n\n\n<li>Optimiza las operaciones de negocio en toda la compa\u00f1\u00eda.<\/li>\n<\/ul>\n<\/div><\/div><\/div><\/div><\/div><\/section>\n","protected":false},"excerpt":{"rendered":"","protected":false},"author":151,"featured_media":0,"parent":5720,"menu_order":0,"comment_status":"closed","ping_status":"closed","template":"","meta":{"cg_dt_proposed_to":[0],"cg_seo_hreflang_relations":"[]","cg_seo_canonical_relation":"","cg_seo_hreflang_x_default_relation":"{\"uuid\":\"c93a64b2-380c-45c0-81e7-59159e31b7dd\",\"blogId\":\"\",\"domain\":\"\",\"sitePath\":\"\",\"postLink\":\"\",\"postId\":null,\"isSaved\":true,\"isCrossLink\":false,\"hasCrossLink\":false}","cg_dt_approved_content":false,"cg_dt_mandatory_content":false,"cg_dt_notes":"","cg_dg_source_changed":false,"cg_dt_link_disabled":false,"_yoast_wpseo_primary_brand":"","footnotes":"","featured_focal_points":"","partner_card_description":"","gsap_animation":0},"brand":[],"partner_type":[],"service":[],"industry":[],"partners":[],"page-type":[167],"content-group":[],"class_list":["post-5505","page","type-page","status-publish","hentry","page-type-solutions"],"yoast_head":"<!-- This site is optimized with the Yoast SEO Premium plugin v22.8 (Yoast SEO v22.8) - https:\/\/yoast.com\/wordpress\/plugins\/seo\/ -->\n<title>Industrialized data and AI engineering acceleration (IDEA) by Capgemini | Capgemini<\/title>\n<meta name=\"description\" content=\"\u00bfBuscas industrializar tu patrimonio de datos? \u00bfO liberar todo el poder de tu negocio a trav\u00e9s de los mismos?\" \/>\n<meta name=\"robots\" content=\"index, follow, max-snippet:-1, max-image-preview:large, max-video-preview:-1\" \/>\n<link rel=\"canonical\" href=\"https:\/\/www.capgemini.com\/co-es\/solutions\/industrialized-data-and-ai-engineering-acceleration-idea-by-capgemini\/\" \/>\n<meta property=\"og:locale\" content=\"es_MX\" \/>\n<meta property=\"og:type\" content=\"article\" \/>\n<meta property=\"og:title\" content=\"IDEA by Capgemini\" \/>\n<meta property=\"og:description\" content=\"\u00bfBuscas industrializar tu patrimonio de datos? \u00bfO liberar todo el poder de tu negocio a trav\u00e9s de los mismos?\" \/>\n<meta property=\"og:url\" content=\"https:\/\/www.capgemini.com\/co-es\/solutions\/industrialized-data-and-ai-engineering-acceleration-idea-by-capgemini\/\" \/>\n<meta property=\"og:site_name\" content=\"Capgemini Colombia\" \/>\n<meta property=\"article:modified_time\" content=\"2026-01-20T12:57:19+00:00\" \/>\n<meta property=\"og:image\" content=\"https:\/\/www.capgemini.com\/wp-content\/uploads\/2021\/12\/Capgemini_Data-andAI_IDEA.jpg\" \/>\n<meta name=\"twitter:card\" content=\"summary_large_image\" \/>\n<meta name=\"twitter:label1\" content=\"Est. reading time\" \/>\n\t<meta name=\"twitter:data1\" content=\"3 minutes\" \/>\n<script type=\"application\/ld+json\" class=\"yoast-schema-graph\">{\"@context\":\"https:\/\/schema.org\",\"@graph\":[{\"@type\":\"WebPage\",\"@id\":\"https:\/\/www.capgemini.com\/co-es\/solutions\/industrialized-data-and-ai-engineering-acceleration-idea-by-capgemini\/\",\"url\":\"https:\/\/www.capgemini.com\/co-es\/solutions\/industrialized-data-and-ai-engineering-acceleration-idea-by-capgemini\/\",\"name\":\"Industrialized data and AI engineering acceleration (IDEA) by Capgemini | Capgemini\",\"isPartOf\":{\"@id\":\"https:\/\/www.capgemini.com\/co-es\/#website\"},\"primaryImageOfPage\":{\"@id\":\"https:\/\/www.capgemini.com\/co-es\/solutions\/industrialized-data-and-ai-engineering-acceleration-idea-by-capgemini\/#primaryimage\"},\"image\":{\"@id\":\"https:\/\/www.capgemini.com\/co-es\/solutions\/industrialized-data-and-ai-engineering-acceleration-idea-by-capgemini\/#primaryimage\"},\"thumbnailUrl\":\"https:\/\/www.capgemini.com\/wp-content\/uploads\/2021\/12\/Capgemini_Data-andAI_IDEA.jpg\",\"datePublished\":\"2022-12-12T10:55:01+00:00\",\"dateModified\":\"2026-01-20T12:57:19+00:00\",\"description\":\"\u00bfBuscas industrializar tu patrimonio de datos? \u00bfO liberar todo el poder de tu negocio a trav\u00e9s de los mismos?\",\"breadcrumb\":{\"@id\":\"https:\/\/www.capgemini.com\/co-es\/solutions\/industrialized-data-and-ai-engineering-acceleration-idea-by-capgemini\/#breadcrumb\"},\"inLanguage\":\"es-MX\",\"potentialAction\":[{\"@type\":\"ReadAction\",\"target\":[\"https:\/\/www.capgemini.com\/co-es\/solutions\/industrialized-data-and-ai-engineering-acceleration-idea-by-capgemini\/\"]}]},{\"@type\":\"ImageObject\",\"inLanguage\":\"es-MX\",\"@id\":\"https:\/\/www.capgemini.com\/co-es\/solutions\/industrialized-data-and-ai-engineering-acceleration-idea-by-capgemini\/#primaryimage\",\"url\":\"https:\/\/www.capgemini.com\/wp-content\/uploads\/2021\/12\/Capgemini_Data-andAI_IDEA.jpg\",\"contentUrl\":\"https:\/\/www.capgemini.com\/wp-content\/uploads\/2021\/12\/Capgemini_Data-andAI_IDEA.jpg\"},{\"@type\":\"BreadcrumbList\",\"@id\":\"https:\/\/www.capgemini.com\/co-es\/solutions\/industrialized-data-and-ai-engineering-acceleration-idea-by-capgemini\/#breadcrumb\",\"itemListElement\":[{\"@type\":\"ListItem\",\"position\":1,\"name\":\"Home\",\"item\":\"https:\/\/www.capgemini.com\/co-es\/\"},{\"@type\":\"ListItem\",\"position\":2,\"name\":\"Solutions\",\"item\":\"https:\/\/www.capgemini.com\/co-es\/solutions\/\"},{\"@type\":\"ListItem\",\"position\":3,\"name\":\"IDEA by Capgemini\"}]},{\"@type\":\"WebSite\",\"@id\":\"https:\/\/www.capgemini.com\/co-es\/#website\",\"url\":\"https:\/\/www.capgemini.com\/co-es\/\",\"name\":\"Capgemini Colombia\",\"description\":\"Capgemini\",\"potentialAction\":[{\"@type\":\"SearchAction\",\"target\":{\"@type\":\"EntryPoint\",\"urlTemplate\":\"https:\/\/www.capgemini.com\/co-es\/?s={search_term_string}\"},\"query-input\":\"required name=search_term_string\"}],\"inLanguage\":\"es-MX\"}]}<\/script>\n<!-- \/ Yoast SEO Premium plugin. -->","yoast_head_json":{"title":"Industrialized data and AI engineering acceleration (IDEA) by Capgemini | Capgemini","description":"\u00bfBuscas industrializar tu patrimonio de datos? \u00bfO liberar todo el poder de tu negocio a trav\u00e9s de los mismos?","robots":{"index":"index","follow":"follow","max-snippet":"max-snippet:-1","max-image-preview":"max-image-preview:large","max-video-preview":"max-video-preview:-1"},"canonical":"https:\/\/www.capgemini.com\/co-es\/solutions\/industrialized-data-and-ai-engineering-acceleration-idea-by-capgemini\/","og_locale":"es_MX","og_type":"article","og_title":"IDEA by Capgemini","og_description":"\u00bfBuscas industrializar tu patrimonio de datos? \u00bfO liberar todo el poder de tu negocio a trav\u00e9s de los mismos?","og_url":"https:\/\/www.capgemini.com\/co-es\/solutions\/industrialized-data-and-ai-engineering-acceleration-idea-by-capgemini\/","og_site_name":"Capgemini Colombia","article_modified_time":"2026-01-20T12:57:19+00:00","og_image":[{"url":"https:\/\/www.capgemini.com\/wp-content\/uploads\/2021\/12\/Capgemini_Data-andAI_IDEA.jpg"}],"twitter_card":"summary_large_image","twitter_misc":{"Est. reading time":"3 minutes"},"schema":{"@context":"https:\/\/schema.org","@graph":[{"@type":"WebPage","@id":"https:\/\/www.capgemini.com\/co-es\/solutions\/industrialized-data-and-ai-engineering-acceleration-idea-by-capgemini\/","url":"https:\/\/www.capgemini.com\/co-es\/solutions\/industrialized-data-and-ai-engineering-acceleration-idea-by-capgemini\/","name":"Industrialized data and AI engineering acceleration (IDEA) by Capgemini | Capgemini","isPartOf":{"@id":"https:\/\/www.capgemini.com\/co-es\/#website"},"primaryImageOfPage":{"@id":"https:\/\/www.capgemini.com\/co-es\/solutions\/industrialized-data-and-ai-engineering-acceleration-idea-by-capgemini\/#primaryimage"},"image":{"@id":"https:\/\/www.capgemini.com\/co-es\/solutions\/industrialized-data-and-ai-engineering-acceleration-idea-by-capgemini\/#primaryimage"},"thumbnailUrl":"https:\/\/www.capgemini.com\/wp-content\/uploads\/2021\/12\/Capgemini_Data-andAI_IDEA.jpg","datePublished":"2022-12-12T10:55:01+00:00","dateModified":"2026-01-20T12:57:19+00:00","description":"\u00bfBuscas industrializar tu patrimonio de datos? \u00bfO liberar todo el poder de tu negocio a trav\u00e9s de los mismos?","breadcrumb":{"@id":"https:\/\/www.capgemini.com\/co-es\/solutions\/industrialized-data-and-ai-engineering-acceleration-idea-by-capgemini\/#breadcrumb"},"inLanguage":"es-MX","potentialAction":[{"@type":"ReadAction","target":["https:\/\/www.capgemini.com\/co-es\/solutions\/industrialized-data-and-ai-engineering-acceleration-idea-by-capgemini\/"]}]},{"@type":"ImageObject","inLanguage":"es-MX","@id":"https:\/\/www.capgemini.com\/co-es\/solutions\/industrialized-data-and-ai-engineering-acceleration-idea-by-capgemini\/#primaryimage","url":"https:\/\/www.capgemini.com\/wp-content\/uploads\/2021\/12\/Capgemini_Data-andAI_IDEA.jpg","contentUrl":"https:\/\/www.capgemini.com\/wp-content\/uploads\/2021\/12\/Capgemini_Data-andAI_IDEA.jpg"},{"@type":"BreadcrumbList","@id":"https:\/\/www.capgemini.com\/co-es\/solutions\/industrialized-data-and-ai-engineering-acceleration-idea-by-capgemini\/#breadcrumb","itemListElement":[{"@type":"ListItem","position":1,"name":"Home","item":"https:\/\/www.capgemini.com\/co-es\/"},{"@type":"ListItem","position":2,"name":"Solutions","item":"https:\/\/www.capgemini.com\/co-es\/solutions\/"},{"@type":"ListItem","position":3,"name":"IDEA by Capgemini"}]},{"@type":"WebSite","@id":"https:\/\/www.capgemini.com\/co-es\/#website","url":"https:\/\/www.capgemini.com\/co-es\/","name":"Capgemini Colombia","description":"Capgemini","potentialAction":[{"@type":"SearchAction","target":{"@type":"EntryPoint","urlTemplate":"https:\/\/www.capgemini.com\/co-es\/?s={search_term_string}"},"query-input":"required name=search_term_string"}],"inLanguage":"es-MX"}]}},"brand_term":[],"parsely":{"version":"1.1.0","canonical_url":"https:\/\/capgemini.com\/co-es\/solutions\/industrialized-data-and-ai-engineering-acceleration-idea-by-capgemini\/","smart_links":{"inbound":0,"outbound":0},"traffic_boost_suggestions_count":0,"meta":{"@context":"https:\/\/schema.org","@type":"WebPage","headline":"IDEA by Capgemini","url":"https:\/\/www.capgemini.com\/co-es\/solutions\/industrialized-data-and-ai-engineering-acceleration-idea-by-capgemini\/","mainEntityOfPage":{"@type":"WebPage","@id":"https:\/\/www.capgemini.com\/co-es\/solutions\/industrialized-data-and-ai-engineering-acceleration-idea-by-capgemini\/"},"thumbnailUrl":"","image":{"@type":"ImageObject","url":""},"articleSection":"Uncategorized","author":[],"creator":[],"publisher":{"@type":"Organization","name":"Capgemini Colombia","logo":""},"keywords":[],"dateCreated":"2022-12-12T10:55:01Z","datePublished":"2022-12-12T10:55:01Z","dateModified":"2026-01-20T12:57:19Z"},"rendered":"<meta name=\"parsely-title\" content=\"IDEA by Capgemini\" \/>\n<meta name=\"parsely-link\" content=\"https:\/\/www.capgemini.com\/co-es\/solutions\/industrialized-data-and-ai-engineering-acceleration-idea-by-capgemini\/\" \/>\n<meta name=\"parsely-type\" content=\"index\" \/>\n<meta name=\"parsely-pub-date\" content=\"2022-12-12T10:55:01Z\" \/>\n<meta name=\"parsely-section\" content=\"Uncategorized\" \/>","tracker_url":"https:\/\/cdn.parsely.com\/keys\/capgemini.com\/p.js"},"archive_status":false,"featured_image_src":"https:\/\/www.capgemini.com\/co-es\/wp-content\/themes\/capgemini2025\/assets\/images\/mockup.png","featured_image_alt":false,"jetpack_sharing_enabled":true,"distributor_meta":false,"distributor_terms":false,"distributor_media":false,"distributor_original_site_name":"Capgemini Colombia","distributor_original_site_url":"https:\/\/www.capgemini.com\/co-es","push-errors":false,"_links":{"self":[{"href":"https:\/\/www.capgemini.com\/co-es\/wp-json\/wp\/v2\/pages\/5505","targetHints":{"allow":["GET"]}}],"collection":[{"href":"https:\/\/www.capgemini.com\/co-es\/wp-json\/wp\/v2\/pages"}],"about":[{"href":"https:\/\/www.capgemini.com\/co-es\/wp-json\/wp\/v2\/types\/page"}],"author":[{"embeddable":true,"href":"https:\/\/www.capgemini.com\/co-es\/wp-json\/wp\/v2\/users\/151"}],"replies":[{"embeddable":true,"href":"https:\/\/www.capgemini.com\/co-es\/wp-json\/wp\/v2\/comments?post=5505"}],"version-history":[{"count":12,"href":"https:\/\/www.capgemini.com\/co-es\/wp-json\/wp\/v2\/pages\/5505\/revisions"}],"predecessor-version":[{"id":536796,"href":"https:\/\/www.capgemini.com\/co-es\/wp-json\/wp\/v2\/pages\/5505\/revisions\/536796"}],"up":[{"embeddable":true,"href":"https:\/\/www.capgemini.com\/co-es\/wp-json\/wp\/v2\/pages\/5720"}],"wp:attachment":[{"href":"https:\/\/www.capgemini.com\/co-es\/wp-json\/wp\/v2\/media?parent=5505"}],"wp:term":[{"taxonomy":"brand","embeddable":true,"href":"https:\/\/www.capgemini.com\/co-es\/wp-json\/wp\/v2\/brand?post=5505"},{"taxonomy":"partner_type","embeddable":true,"href":"https:\/\/www.capgemini.com\/co-es\/wp-json\/wp\/v2\/partner_type?post=5505"},{"taxonomy":"service","embeddable":true,"href":"https:\/\/www.capgemini.com\/co-es\/wp-json\/wp\/v2\/service?post=5505"},{"taxonomy":"industry","embeddable":true,"href":"https:\/\/www.capgemini.com\/co-es\/wp-json\/wp\/v2\/industry?post=5505"},{"taxonomy":"partners","embeddable":true,"href":"https:\/\/www.capgemini.com\/co-es\/wp-json\/wp\/v2\/partners?post=5505"},{"taxonomy":"page-type","embeddable":true,"href":"https:\/\/www.capgemini.com\/co-es\/wp-json\/wp\/v2\/page-type?post=5505"},{"taxonomy":"content-group","embeddable":true,"href":"https:\/\/www.capgemini.com\/co-es\/wp-json\/wp\/v2\/content-group?post=5505"}],"curies":[{"name":"wp","href":"https:\/\/api.w.org\/{rel}","templated":true}]}}