{"id":5504,"date":"2022-12-12T11:14:05","date_gmt":"2022-12-12T11:14:05","guid":{"rendered":"https:\/\/www.capgemini.com\/?page_id=647399"},"modified":"2026-01-20T12:57:18","modified_gmt":"2026-01-20T12:57:18","slug":"estado-de-los-datos-y-modernizacion-de-la-bititle","status":"publish","type":"page","link":"https:\/\/www.capgemini.com\/co-es\/solutions\/estado-de-los-datos-y-modernizacion-de-la-bititle\/","title":{"rendered":"Estado de los datos y modernizaci\u00f3n de la bititle"},"content":{"rendered":"\n<header class=\"wp-block-cg-blocks-hero-reusable header heroReusable  \"><div class=\"header-bgs\"><picture><source srcset=\"https:\/\/www.capgemini.com\/wp-content\/uploads\/2021\/12\/Capgemini_services_Data-and-AI.jpg?w=2880&amp;quality=70 1x, https:\/\/www.capgemini.com\/wp-content\/uploads\/2021\/12\/Capgemini_services_Data-and-AI.jpg?w=2880&amp;quality=70 2x\" media=\"(min-width: 1500px)\"\/><source srcset=\"https:\/\/www.capgemini.com\/wp-content\/uploads\/2021\/12\/Capgemini_services_Data-and-AI.jpg?w=1440&amp;quality=70 1x, https:\/\/www.capgemini.com\/wp-content\/uploads\/2021\/12\/Capgemini_services_Data-and-AI.jpg?w=2880&amp;quality=70 2x\" media=\"(min-width: 992px)\"\/><source srcset=\"https:\/\/www.capgemini.com\/wp-content\/uploads\/2021\/12\/Capgemini_services_Data-and-AI.jpg?w=1024&amp;quality=70 1x, https:\/\/www.capgemini.com\/wp-content\/uploads\/2021\/12\/Capgemini_services_Data-and-AI.jpg?w=1024&amp;quality=70 2x\" media=\"(min-width: 768px)\"\/><source srcset=\"https:\/\/www.capgemini.com\/wp-content\/uploads\/2021\/12\/Capgemini_services_Data-and-AI.jpg?w=768&amp;quality=70 1x, https:\/\/www.capgemini.com\/wp-content\/uploads\/2021\/12\/Capgemini_services_Data-and-AI.jpg?w=768&amp;quality=70 2x\" media=\"(min-width: 0)\"\/><img decoding=\"async\" src=\"https:\/\/www.capgemini.com\/wp-content\/uploads\/2021\/12\/Capgemini_services_Data-and-AI.jpg\" class=\"header-img header-img-d\" alt=\"\" style=\"object-fit:cover;object-position:78% 48%\" loading=\"eager\"\/><\/picture><\/div><div class=\"heroPictureCardHeaderShape\"><\/div><div class=\"container\"><div class=\"row\"><div class=\"col-md-12\"><div class=\"box\"><div class=\"boxTagWrapper\"><div class=\"tagInfo\"><div><span class=\"box-tag\">Solution<\/span><\/div><\/div><\/div><div class=\"box-title\"><h1 data-maxlength=\"34\">Estado de los datos y modernizaci\u00f3n de la bititle<\/h1><\/div><div class=\"inner-row-insight download-btn\"><div class=\"col-md-4 downloadFiles addPadding\"><a class=\"button-download--small\" type=\"download\" href=\"https:\/\/www.capgemini.com\/wp-content\/uploads\/2022\/04\/DE_BI-Brochure_Final.pdf\" target=\"_blank\" rel=\"noopener noreferrer\" title=\"abrir en una nueva ventana\"><span>Download our brochure<\/span><span class=\"type\">686 KB  pdf<\/span><\/a><\/div><\/div><\/div><\/div><\/div><\/div><\/header>\n\n\n\n<section class=\"wp-block-cg-blocks-intro-para undefined section section--intro\"><div class=\"intro-para\"><div class=\"container\"><div class=\"row\"><div class=\"col-12 col-md-1\"><nav class=\"article-social\"><ul class=\"social-nav\"><li class=\"ip-order-fb\"><a href=\"https:\/\/www.facebook.com\/sharer\/sharer.php?u=https:\/\/www.capgemini.com\/co-es\/solutions\/estado-de-los-datos-y-modernizacion-de-la-bititle\/\" target=\"_blank\" rel=\"noopener noreferrer\" title=\"abrir en una nueva ventana\"><i aria-hidden=\"true\" class=\"icon-fb\"><\/i><span class=\"sr-only\">Facebook<\/span><\/a><\/li><li class=\"ip-order-li\"><a href=\"https:\/\/www.linkedin.com\/sharing\/share-offsite\/?url=https:\/\/www.capgemini.com\/co-es\/solutions\/estado-de-los-datos-y-modernizacion-de-la-bititle\/\" target=\"_blank\" rel=\"noopener noreferrer\" title=\"abrir en una nueva ventana\"><i aria-hidden=\"true\" class=\"icon-li\"><\/i><span class=\"sr-only\">Linkedin<\/span><\/a><\/li><\/ul><\/nav><\/div><div class=\"col-12 col-md-11 col-lg-10\"><h2 class=\"intro-para-title\">Cuando se trata del data estate, menos es m\u00e1s. La democratizaci\u00f3n de los datos y la r\u00e1pida reducci\u00f3n del coste total de propiedad pueden lograrse mediante la modernizaci\u00f3n del data estate y el BI, utilizando la nube.<\/h2><\/div><\/div><\/div><\/div><\/section>\n\n\n\n<section class=\"wp-block-cg-blocks-intro-para-video section section--info-2cols section--insights section-video\"><div class=\"bg-color video-align-right\"><div class=\"container\"><div class=\"row video-align-left\"><div class=\"col-md-12\"><div class=\"video-align-left row box box--4 box--mini\"><div class=\"col-md-3\"><h3 class=\"Video-title\" data-maxlength=\"34\"><\/h3><div class=\"video-info\"><p data-maxlength=\"68\"><\/p><\/div><\/div><div class=\"col-md-8 box-img-wrapper\"><div class=\"video-box\"><div class=\"video-wrapper\"><iframe title=\"video-section\" src=\"https:\/\/www.youtube.com\/embed\/GDRIcaSeKRs\" frameborder=\"0\" rel=\"0\" allow=\"accelerometer; autoplay; encrypted-media; gyroscope; picture-in-picture\" allowfullscreen><\/iframe><\/div><\/div><\/div><div class=\"col-md-1\"><\/div><\/div><\/div><\/div><\/div><\/div><\/section>\n\n\n\n<section class=\"wp-block-cg-blocks-group undefined section section--article-content\"><div class=\"article-main-content\"><div class=\"container\"><div class=\"row\"><div class=\"col-12 col-md-11 col-lg-10 offset-md-1 offset-lg-1\"><div class=\"article-text article-quote-text\">\n<p>En un mundo en el que los cambios se producen en una fracci\u00f3n de segundo, acceder a los datos adecuados en el momento oportuno es m\u00e1s importante que nunca. Los datos se convierten en la nueva constante, clave para el reto central de equilibrar la transformaci\u00f3n empresarial con la excelencia operativa.<\/p>\n\n\n\n<p>Por desgracia, muchos de los entornos y procesos de TI existentes est\u00e1n resultando un obst\u00e1culo para hacer frente a la nueva realidad. Las empresas se encuentran con que los equipos no pueden acceder a los datos con la rapidez y eficacia que necesitan, lo que socava su capacidad de adaptaci\u00f3n.<\/p>\n\n\n\n<p>Los problemas suelen producirse porque los datos est\u00e1n aislados y son incoherentes, son de mala calidad o incumplen la legislaci\u00f3n sobre privacidad, como el GDPR. Con demasiada frecuencia, el aumento del n\u00famero de usuarios tambi\u00e9n conlleva problemas de rendimiento en el acceso a los datos. Adem\u00e1s, muchas organizaciones carecen de una ruta de entrega que lleve de la innovaci\u00f3n a la industrializaci\u00f3n, por lo que acaban con un gran n\u00famero de pruebas de concepto que nunca se convierten en soluciones de producci\u00f3n.<\/p>\n\n\n\n<p>Estos retos pueden superarse mediante la modernizaci\u00f3n del data estate y del BI. Se trata de un viaje de estrategia, personas, procesos y tecnolog\u00eda, as\u00ed como de transformaci\u00f3n de datos.<\/p>\n\n\n\n<figure class=\"wp-block-image\"><img decoding=\"async\" src=\"https:\/\/www.capgemini.com\/wp-content\/uploads\/2020\/07\/Brochure_Image_Final.jpg\" alt=\"\" class=\"wp-image-497564\"\/><\/figure>\n\n\n\n<p><strong>Esta transformaci\u00f3n permite la democratizaci\u00f3n gestionada de los datos<\/strong>: la creaci\u00f3n de un activo de datos seguro, de confianza, gestionado \u00e9ticamente y en constante evoluci\u00f3n que est\u00e1 potencialmente disponible en toda la organizaci\u00f3n, para las personas adecuadas en el momento y la forma adecuados.<\/p>\n\n\n\n<p>El data estate y la modernizaci\u00f3n del BI aceleran el viaje de la innovaci\u00f3n a la industrializaci\u00f3n para lograr el valor empresarial y la excelencia operativa. El viaje se realiza a trav\u00e9s del uso eficiente de tecnolog\u00edas como la automatizaci\u00f3n, la rob\u00f3tica, la IA y la anal\u00edtica a escala para mejorar el coeficiente intelectual corporativo.<\/p>\n\n\n\n<p>Por lo tanto, las empresas necesitan acceder a un marco de capacidades (incluyendo personas y habilidades), metodolog\u00edas y aceleradores que re\u00fanan los datos de m\u00faltiples fuentes con el potencial innovador y transformador de estas tecnolog\u00edas. Tambi\u00e9n se necesita una plataforma que ayude a las organizaciones a pasar de las iniciativas de IA centradas en las operaciones y de valor limitado a un enfoque de toda la empresa en el que primen los datos. Pasar a una configuraci\u00f3n flexible como la nube h\u00edbrida suele ser un paso l\u00f3gico.<\/p>\n\n\n\n<p>La modernizaci\u00f3n de Data Estate &amp; BI de Capgemini puede ayudar a las organizaciones a implementar el marco y la plataforma necesarios para que logren las caracter\u00edsticas que son vitales para el \u00e9xito en este momento. En concreto, ayudamos a los clientes a poner en marcha v\u00edas eficaces desde la innovaci\u00f3n hasta la industrializaci\u00f3n, y desde los datos de origen hasta la acci\u00f3n. Aprovechando el poder de la automatizaci\u00f3n y la nube, es posible introducir, transformar y consumir datos en tiempo real.<\/p>\n\n\n\n<p>Normalmente vemos reducciones del coste total de propiedad del 20-50% a partir de estos ejercicios, asumiendo una carga de trabajo constante. Despu\u00e9s, los usuarios pueden acceder a los datos en horas, no en semanas o meses. Los problemas de rendimiento y seguridad se solucionan.<\/p>\n\n\n\n<p>Aceleramos este proceso gracias a nuestra detallada arquitectura de referencia, nuestras asociaciones y nuestra capacidad de &#8230;<\/p>\n\n\n\n<figure class=\"wp-block-image\"><img decoding=\"async\" src=\"https:\/\/www.capgemini.com\/wp-content\/uploads\/2020\/07\/Think-Big-Start-Small-Scale-Fast-1.png?w=960\" alt=\"\" class=\"wp-image-494116\"\/><\/figure>\n<\/div><\/div><\/div><\/div><\/div><\/section>\n\n\n<section class=\"wp-block-cg-blocks-learn-more learnMoreBlock updated-new-sample-amal\"><div class=\"container\"><div class=\"content-title\"><h2 class=\"learnmore-heading\">Learn More<\/h2><\/div><div class=\"row\"> <div class=\"col-md-4\"><div class=\"box\"><div class=\"box-wrapper\"><a class=\"box-title\" href=\"https:\/\/www.capgemini.com\/solutions\/supercharge-your-data-estate-modernization-with-capgemini\/\" target=\"\" aria-label=\"Learn more 1\" rel=\"noopener noreferrer\"><div class=\"box-img-wrapper\"><img decoding=\"async\" src=\"https:\/\/www.capgemini.com\/wp-content\/uploads\/2022\/11\/Supercharge-your-data-estate-modernization-Pardot-Hero-Image_v2.jpg?w=500&amp;quality=70\" srcset=\"https:\/\/www.capgemini.com\/wp-content\/uploads\/2022\/11\/Supercharge-your-data-estate-modernization-Pardot-Hero-Image_v2.jpg?w=500&amp;quality=70 1x, https:\/\/www.capgemini.com\/wp-content\/uploads\/2022\/11\/Supercharge-your-data-estate-modernization-Pardot-Hero-Image_v2.jpg?w=1000&amp;quality=70 2x\" class=\"box-img\" alt=\"\" style=\"object-fit:cover;object-position:50% 50%\" loading=\"lazy\"\/><\/div><h3 class=\"titleWithoutLink_learnMore\">Supervise la modernizaci\u00f3n de su data estate con Capgemini<\/h3><\/a><\/div><\/div><div class=\"box-inner\"><p class=\"box-desc\">La capacidad de una empresa para gestionar datos h\u00edbridos y multi-cloud debe ir m\u00e1s all\u00e1 de cualquier oferta \u00fanica de IaaS o PaaS y alinearse con el modelo estrat\u00e9gico de la empresa para el despliegue multi-cloud.<\/p><\/div><\/div> <div class=\"col-md-4\"><div class=\"box\"><div class=\"box-wrapper\"><a class=\"box-title\" href=\"https:\/\/www.capgemini.com\/solutions\/data-estate-modernization-for-financial-services-with-google-cloud\/\" target=\"\" aria-label=\"Learn more 1\" rel=\"noopener noreferrer\"><div class=\"box-img-wrapper\"><img decoding=\"async\" src=\"https:\/\/www.capgemini.com\/wp-content\/uploads\/2022\/10\/MicrosoftTeams-image-1-1.jpg?w=500&amp;quality=70\" srcset=\"https:\/\/www.capgemini.com\/wp-content\/uploads\/2022\/10\/MicrosoftTeams-image-1-1.jpg?w=500&amp;quality=70 1x, https:\/\/www.capgemini.com\/wp-content\/uploads\/2022\/10\/MicrosoftTeams-image-1-1.jpg?w=1000&amp;quality=70 2x\" class=\"box-img\" alt=\"\" style=\"object-fit:cover;object-position:50% 50%\" loading=\"lazy\"\/><\/div><h3 class=\"titleWithoutLink_learnMore\">Modernizaci\u00f3n del data estate para los servicios financieros con Google Cloud<\/h3><\/a><\/div><\/div><div class=\"box-inner\"><p class=\"box-desc\">Capgemini y Google Cloud han desarrollado una iniciativa conjunta -Modernizaci\u00f3n del patrimonio de datos con Google Cloud- que combina el poder de las personas, los procesos y la tecnolog\u00eda l\u00edder de Google con la metodolog\u00eda de Capgemini para ayudar a modernizar su panorama de datos existente, transform\u00e1ndolo en una base \u00e1gil y preparada para hacer crecer su negocio.<\/p><\/div><\/div><\/div><\/div><\/section>","protected":false},"excerpt":{"rendered":"","protected":false},"author":151,"featured_media":0,"parent":5720,"menu_order":0,"comment_status":"closed","ping_status":"closed","template":"","meta":{"cg_dt_proposed_to":[0],"cg_seo_hreflang_relations":"[]","cg_seo_canonical_relation":"","cg_seo_hreflang_x_default_relation":"{\"uuid\":\"72065796-b481-4329-8f57-7ad273996206\",\"blogId\":\"\",\"domain\":\"\",\"sitePath\":\"\",\"postLink\":\"\",\"postId\":null,\"isSaved\":false,\"isCrossLink\":false,\"hasCrossLink\":false}","cg_dt_approved_content":false,"cg_dt_mandatory_content":false,"cg_dt_notes":"","cg_dg_source_changed":false,"cg_dt_link_disabled":false,"_yoast_wpseo_primary_brand":"","footnotes":"","featured_focal_points":"","partner_card_description":"","gsap_animation":0},"brand":[],"partner_type":[],"service":[],"industry":[],"partners":[],"page-type":[167],"content-group":[],"class_list":["post-5504","page","type-page","status-publish","hentry","page-type-solutions"],"yoast_head":"<!-- This site is optimized with the Yoast SEO Premium plugin v22.8 (Yoast SEO v22.8) - https:\/\/yoast.com\/wordpress\/plugins\/seo\/ -->\n<title>Estado de los Datos y Modernizaci\u00f3n de la bititle | Capgemini<\/title>\n<meta name=\"description\" content=\"La democratizaci\u00f3n de los datos y la r\u00e1pida reducci\u00f3n del coste total de propiedad pueden lograrse mediante la modernizaci\u00f3n del data estate y el BI, utilizando la nube.\" \/>\n<meta name=\"robots\" content=\"index, follow, max-snippet:-1, max-image-preview:large, max-video-preview:-1\" \/>\n<link rel=\"canonical\" href=\"https:\/\/www.capgemini.com\/co-es\/solutions\/estado-de-los-datos-y-modernizacion-de-la-bititle\/\" \/>\n<meta property=\"og:locale\" content=\"es_MX\" \/>\n<meta property=\"og:type\" content=\"article\" \/>\n<meta property=\"og:title\" content=\"Estado de los datos y modernizaci\u00f3n de la bititle\" \/>\n<meta property=\"og:description\" content=\"La democratizaci\u00f3n de los datos y la r\u00e1pida reducci\u00f3n del coste total de propiedad pueden lograrse mediante la modernizaci\u00f3n del data estate y el BI, utilizando la nube.\" \/>\n<meta property=\"og:url\" content=\"https:\/\/www.capgemini.com\/co-es\/solutions\/estado-de-los-datos-y-modernizacion-de-la-bititle\/\" \/>\n<meta property=\"og:site_name\" content=\"Capgemini Colombia\" \/>\n<meta property=\"article:modified_time\" content=\"2026-01-20T12:57:18+00:00\" \/>\n<meta property=\"og:image\" content=\"https:\/\/www.capgemini.com\/wp-content\/uploads\/2021\/12\/Capgemini_services_Data-and-AI.jpg\" \/>\n<meta name=\"twitter:card\" content=\"summary_large_image\" \/>\n<script type=\"application\/ld+json\" class=\"yoast-schema-graph\">{\"@context\":\"https:\/\/schema.org\",\"@graph\":[{\"@type\":\"WebPage\",\"@id\":\"https:\/\/www.capgemini.com\/co-es\/solutions\/estado-de-los-datos-y-modernizacion-de-la-bititle\/\",\"url\":\"https:\/\/www.capgemini.com\/co-es\/solutions\/estado-de-los-datos-y-modernizacion-de-la-bititle\/\",\"name\":\"Estado de los Datos y Modernizaci\u00f3n de la bititle | Capgemini\",\"isPartOf\":{\"@id\":\"https:\/\/www.capgemini.com\/co-es\/#website\"},\"primaryImageOfPage\":{\"@id\":\"https:\/\/www.capgemini.com\/co-es\/solutions\/estado-de-los-datos-y-modernizacion-de-la-bititle\/#primaryimage\"},\"image\":{\"@id\":\"https:\/\/www.capgemini.com\/co-es\/solutions\/estado-de-los-datos-y-modernizacion-de-la-bititle\/#primaryimage\"},\"thumbnailUrl\":\"https:\/\/www.capgemini.com\/wp-content\/uploads\/2021\/12\/Capgemini_services_Data-and-AI.jpg\",\"datePublished\":\"2022-12-12T11:14:05+00:00\",\"dateModified\":\"2026-01-20T12:57:18+00:00\",\"description\":\"La democratizaci\u00f3n de los datos y la r\u00e1pida reducci\u00f3n del coste total de propiedad pueden lograrse mediante la modernizaci\u00f3n del data estate y el BI, utilizando la nube.\",\"breadcrumb\":{\"@id\":\"https:\/\/www.capgemini.com\/co-es\/solutions\/estado-de-los-datos-y-modernizacion-de-la-bititle\/#breadcrumb\"},\"inLanguage\":\"es-MX\",\"potentialAction\":[{\"@type\":\"ReadAction\",\"target\":[\"https:\/\/www.capgemini.com\/co-es\/solutions\/estado-de-los-datos-y-modernizacion-de-la-bititle\/\"]}]},{\"@type\":\"ImageObject\",\"inLanguage\":\"es-MX\",\"@id\":\"https:\/\/www.capgemini.com\/co-es\/solutions\/estado-de-los-datos-y-modernizacion-de-la-bititle\/#primaryimage\",\"url\":\"https:\/\/www.capgemini.com\/wp-content\/uploads\/2021\/12\/Capgemini_services_Data-and-AI.jpg\",\"contentUrl\":\"https:\/\/www.capgemini.com\/wp-content\/uploads\/2021\/12\/Capgemini_services_Data-and-AI.jpg\"},{\"@type\":\"BreadcrumbList\",\"@id\":\"https:\/\/www.capgemini.com\/co-es\/solutions\/estado-de-los-datos-y-modernizacion-de-la-bititle\/#breadcrumb\",\"itemListElement\":[{\"@type\":\"ListItem\",\"position\":1,\"name\":\"Home\",\"item\":\"https:\/\/www.capgemini.com\/co-es\/\"},{\"@type\":\"ListItem\",\"position\":2,\"name\":\"Solutions\",\"item\":\"https:\/\/www.capgemini.com\/co-es\/solutions\/\"},{\"@type\":\"ListItem\",\"position\":3,\"name\":\"Estado de los datos y modernizaci\u00f3n de la bititle\"}]},{\"@type\":\"WebSite\",\"@id\":\"https:\/\/www.capgemini.com\/co-es\/#website\",\"url\":\"https:\/\/www.capgemini.com\/co-es\/\",\"name\":\"Capgemini Colombia\",\"description\":\"Capgemini\",\"potentialAction\":[{\"@type\":\"SearchAction\",\"target\":{\"@type\":\"EntryPoint\",\"urlTemplate\":\"https:\/\/www.capgemini.com\/co-es\/?s={search_term_string}\"},\"query-input\":\"required name=search_term_string\"}],\"inLanguage\":\"es-MX\"}]}<\/script>\n<!-- \/ Yoast SEO Premium plugin. -->","yoast_head_json":{"title":"Estado de los Datos y Modernizaci\u00f3n de la bititle | Capgemini","description":"La democratizaci\u00f3n de los datos y la r\u00e1pida reducci\u00f3n del coste total de propiedad pueden lograrse mediante la modernizaci\u00f3n del data estate y el BI, utilizando la nube.","robots":{"index":"index","follow":"follow","max-snippet":"max-snippet:-1","max-image-preview":"max-image-preview:large","max-video-preview":"max-video-preview:-1"},"canonical":"https:\/\/www.capgemini.com\/co-es\/solutions\/estado-de-los-datos-y-modernizacion-de-la-bititle\/","og_locale":"es_MX","og_type":"article","og_title":"Estado de los datos y modernizaci\u00f3n de la bititle","og_description":"La democratizaci\u00f3n de los datos y la r\u00e1pida reducci\u00f3n del coste total de propiedad pueden lograrse mediante la modernizaci\u00f3n del data estate y el BI, utilizando la nube.","og_url":"https:\/\/www.capgemini.com\/co-es\/solutions\/estado-de-los-datos-y-modernizacion-de-la-bititle\/","og_site_name":"Capgemini Colombia","article_modified_time":"2026-01-20T12:57:18+00:00","og_image":[{"url":"https:\/\/www.capgemini.com\/wp-content\/uploads\/2021\/12\/Capgemini_services_Data-and-AI.jpg"}],"twitter_card":"summary_large_image","schema":{"@context":"https:\/\/schema.org","@graph":[{"@type":"WebPage","@id":"https:\/\/www.capgemini.com\/co-es\/solutions\/estado-de-los-datos-y-modernizacion-de-la-bititle\/","url":"https:\/\/www.capgemini.com\/co-es\/solutions\/estado-de-los-datos-y-modernizacion-de-la-bititle\/","name":"Estado de los Datos y Modernizaci\u00f3n de la bititle | Capgemini","isPartOf":{"@id":"https:\/\/www.capgemini.com\/co-es\/#website"},"primaryImageOfPage":{"@id":"https:\/\/www.capgemini.com\/co-es\/solutions\/estado-de-los-datos-y-modernizacion-de-la-bititle\/#primaryimage"},"image":{"@id":"https:\/\/www.capgemini.com\/co-es\/solutions\/estado-de-los-datos-y-modernizacion-de-la-bititle\/#primaryimage"},"thumbnailUrl":"https:\/\/www.capgemini.com\/wp-content\/uploads\/2021\/12\/Capgemini_services_Data-and-AI.jpg","datePublished":"2022-12-12T11:14:05+00:00","dateModified":"2026-01-20T12:57:18+00:00","description":"La democratizaci\u00f3n de los datos y la r\u00e1pida reducci\u00f3n del coste total de propiedad pueden lograrse mediante la modernizaci\u00f3n del data estate y el BI, utilizando la nube.","breadcrumb":{"@id":"https:\/\/www.capgemini.com\/co-es\/solutions\/estado-de-los-datos-y-modernizacion-de-la-bititle\/#breadcrumb"},"inLanguage":"es-MX","potentialAction":[{"@type":"ReadAction","target":["https:\/\/www.capgemini.com\/co-es\/solutions\/estado-de-los-datos-y-modernizacion-de-la-bititle\/"]}]},{"@type":"ImageObject","inLanguage":"es-MX","@id":"https:\/\/www.capgemini.com\/co-es\/solutions\/estado-de-los-datos-y-modernizacion-de-la-bititle\/#primaryimage","url":"https:\/\/www.capgemini.com\/wp-content\/uploads\/2021\/12\/Capgemini_services_Data-and-AI.jpg","contentUrl":"https:\/\/www.capgemini.com\/wp-content\/uploads\/2021\/12\/Capgemini_services_Data-and-AI.jpg"},{"@type":"BreadcrumbList","@id":"https:\/\/www.capgemini.com\/co-es\/solutions\/estado-de-los-datos-y-modernizacion-de-la-bititle\/#breadcrumb","itemListElement":[{"@type":"ListItem","position":1,"name":"Home","item":"https:\/\/www.capgemini.com\/co-es\/"},{"@type":"ListItem","position":2,"name":"Solutions","item":"https:\/\/www.capgemini.com\/co-es\/solutions\/"},{"@type":"ListItem","position":3,"name":"Estado de los datos y modernizaci\u00f3n de la bititle"}]},{"@type":"WebSite","@id":"https:\/\/www.capgemini.com\/co-es\/#website","url":"https:\/\/www.capgemini.com\/co-es\/","name":"Capgemini Colombia","description":"Capgemini","potentialAction":[{"@type":"SearchAction","target":{"@type":"EntryPoint","urlTemplate":"https:\/\/www.capgemini.com\/co-es\/?s={search_term_string}"},"query-input":"required name=search_term_string"}],"inLanguage":"es-MX"}]}},"brand_term":[],"parsely":{"version":"1.1.0","canonical_url":"https:\/\/capgemini.com\/co-es\/solutions\/estado-de-los-datos-y-modernizacion-de-la-bititle\/","smart_links":{"inbound":0,"outbound":0},"traffic_boost_suggestions_count":0,"meta":{"@context":"https:\/\/schema.org","@type":"WebPage","headline":"Estado de los datos y modernizaci\u00f3n de la bititle","url":"https:\/\/www.capgemini.com\/co-es\/solutions\/estado-de-los-datos-y-modernizacion-de-la-bititle\/","mainEntityOfPage":{"@type":"WebPage","@id":"https:\/\/www.capgemini.com\/co-es\/solutions\/estado-de-los-datos-y-modernizacion-de-la-bititle\/"},"thumbnailUrl":"","image":{"@type":"ImageObject","url":""},"articleSection":"Uncategorized","author":[],"creator":[],"publisher":{"@type":"Organization","name":"Capgemini Colombia","logo":""},"keywords":[],"dateCreated":"2022-12-12T11:14:05Z","datePublished":"2022-12-12T11:14:05Z","dateModified":"2026-01-20T12:57:18Z"},"rendered":"<meta name=\"parsely-title\" content=\"Estado de los datos y modernizaci\u00f3n de la bititle\" \/>\n<meta name=\"parsely-link\" content=\"https:\/\/www.capgemini.com\/co-es\/solutions\/estado-de-los-datos-y-modernizacion-de-la-bititle\/\" \/>\n<meta name=\"parsely-type\" content=\"index\" \/>\n<meta name=\"parsely-pub-date\" content=\"2022-12-12T11:14:05Z\" \/>\n<meta name=\"parsely-section\" content=\"Uncategorized\" \/>","tracker_url":"https:\/\/cdn.parsely.com\/keys\/capgemini.com\/p.js"},"archive_status":false,"featured_image_src":"https:\/\/www.capgemini.com\/co-es\/wp-content\/themes\/capgemini2025\/assets\/images\/mockup.png","featured_image_alt":false,"jetpack_sharing_enabled":true,"distributor_meta":false,"distributor_terms":false,"distributor_media":false,"distributor_original_site_name":"Capgemini Colombia","distributor_original_site_url":"https:\/\/www.capgemini.com\/co-es","push-errors":false,"_links":{"self":[{"href":"https:\/\/www.capgemini.com\/co-es\/wp-json\/wp\/v2\/pages\/5504","targetHints":{"allow":["GET"]}}],"collection":[{"href":"https:\/\/www.capgemini.com\/co-es\/wp-json\/wp\/v2\/pages"}],"about":[{"href":"https:\/\/www.capgemini.com\/co-es\/wp-json\/wp\/v2\/types\/page"}],"author":[{"embeddable":true,"href":"https:\/\/www.capgemini.com\/co-es\/wp-json\/wp\/v2\/users\/151"}],"replies":[{"embeddable":true,"href":"https:\/\/www.capgemini.com\/co-es\/wp-json\/wp\/v2\/comments?post=5504"}],"version-history":[{"count":9,"href":"https:\/\/www.capgemini.com\/co-es\/wp-json\/wp\/v2\/pages\/5504\/revisions"}],"predecessor-version":[{"id":536795,"href":"https:\/\/www.capgemini.com\/co-es\/wp-json\/wp\/v2\/pages\/5504\/revisions\/536795"}],"up":[{"embeddable":true,"href":"https:\/\/www.capgemini.com\/co-es\/wp-json\/wp\/v2\/pages\/5720"}],"wp:attachment":[{"href":"https:\/\/www.capgemini.com\/co-es\/wp-json\/wp\/v2\/media?parent=5504"}],"wp:term":[{"taxonomy":"brand","embeddable":true,"href":"https:\/\/www.capgemini.com\/co-es\/wp-json\/wp\/v2\/brand?post=5504"},{"taxonomy":"partner_type","embeddable":true,"href":"https:\/\/www.capgemini.com\/co-es\/wp-json\/wp\/v2\/partner_type?post=5504"},{"taxonomy":"service","embeddable":true,"href":"https:\/\/www.capgemini.com\/co-es\/wp-json\/wp\/v2\/service?post=5504"},{"taxonomy":"industry","embeddable":true,"href":"https:\/\/www.capgemini.com\/co-es\/wp-json\/wp\/v2\/industry?post=5504"},{"taxonomy":"partners","embeddable":true,"href":"https:\/\/www.capgemini.com\/co-es\/wp-json\/wp\/v2\/partners?post=5504"},{"taxonomy":"page-type","embeddable":true,"href":"https:\/\/www.capgemini.com\/co-es\/wp-json\/wp\/v2\/page-type?post=5504"},{"taxonomy":"content-group","embeddable":true,"href":"https:\/\/www.capgemini.com\/co-es\/wp-json\/wp\/v2\/content-group?post=5504"}],"curies":[{"name":"wp","href":"https:\/\/api.w.org\/{rel}","templated":true}]}}