{"id":5498,"date":"2022-01-31T07:28:01","date_gmt":"2022-01-31T07:28:01","guid":{"rendered":"https:\/\/www.capgemini.com\/?page_id=647768"},"modified":"2025-04-01T18:49:42","modified_gmt":"2025-04-01T18:49:42","slug":"transformacion-de-ti-empresarial-sostenible-con-admnext","status":"publish","type":"page","link":"https:\/\/www.capgemini.com\/co-es\/solutions\/transformacion-de-ti-empresarial-sostenible-con-admnext\/","title":{"rendered":"Transformaci\u00f3n de TI empresarial sostenible con ADMnext"},"content":{"rendered":"\n<header class=\"wp-block-cg-blocks-hero-reusable header heroReusable  \"><div class=\"header-bgs\"><picture><source srcset=\"https:\/\/www.capgemini.com\/wp-content\/uploads\/2022\/01\/Capgemini_admNEXT_Sustainable-IT-transformation.jpg?w=2880&amp;quality=70 1x, https:\/\/www.capgemini.com\/wp-content\/uploads\/2022\/01\/Capgemini_admNEXT_Sustainable-IT-transformation.jpg?w=2880&amp;quality=70 2x\" media=\"(min-width: 1500px)\"\/><source srcset=\"https:\/\/www.capgemini.com\/wp-content\/uploads\/2022\/01\/Capgemini_admNEXT_Sustainable-IT-transformation.jpg?w=1440&amp;quality=70 1x, https:\/\/www.capgemini.com\/wp-content\/uploads\/2022\/01\/Capgemini_admNEXT_Sustainable-IT-transformation.jpg?w=2880&amp;quality=70 2x\" media=\"(min-width: 992px)\"\/><source srcset=\"https:\/\/www.capgemini.com\/wp-content\/uploads\/2022\/01\/Capgemini_admNEXT_Sustainable-IT-transformation.jpg?w=1024&amp;quality=70 1x, https:\/\/www.capgemini.com\/wp-content\/uploads\/2022\/01\/Capgemini_admNEXT_Sustainable-IT-transformation.jpg?w=1024&amp;quality=70 2x\" media=\"(min-width: 768px)\"\/><source srcset=\"https:\/\/www.capgemini.com\/wp-content\/uploads\/2022\/01\/Capgemini_admNEXT_Sustainable-IT-transformation.jpg?w=768&amp;quality=70 1x, https:\/\/www.capgemini.com\/wp-content\/uploads\/2022\/01\/Capgemini_admNEXT_Sustainable-IT-transformation.jpg?w=768&amp;quality=70 2x\" media=\"(min-width: 0)\"\/><img decoding=\"async\" src=\"https:\/\/www.capgemini.com\/wp-content\/uploads\/2022\/01\/Capgemini_admNEXT_Sustainable-IT-transformation.jpg\" class=\"header-img header-img-d\" alt=\"\" style=\"object-fit:cover;object-position:50% 50%\" loading=\"eager\"\/><\/picture><\/div><div class=\"heroPictureCardHeaderShape\"><\/div><div class=\"container\"><div class=\"row\"><div class=\"col-md-12\"><div class=\"box\"><div class=\"boxTagWrapper\"><div class=\"tagInfo\"><div><span class=\"box-tag\">Solution<\/span><\/div><\/div><\/div><div class=\"box-title\"><h1 data-maxlength=\"34\">Transformaci\u00f3n de TI empresarial sostenible con ADMnext<\/h1><\/div><div class=\"inner-row-insight download-btn\"><div class=\"col-md-4 downloadFiles \"><a class=\"button-download--small\" type=\"download\" href=\"https:\/\/www.capgemini.com\/wp-content\/uploads\/2022\/01\/Sustainable-Enterprise-IT-Transformation-with-ADMnext.pdf\" target=\"_blank\" rel=\"noopener noreferrer\" title=\"abrir en una nueva ventana\"><span>Download Brochure<\/span><span class=\"type\">1 MB  pdf<\/span><\/a><\/div><div class=\"col-md-4 downloadFiles \"><a class=\"button-download--small\" type=\"download\" href=\"https:\/\/www.capgemini.com\/wp-content\/uploads\/2022\/01\/Sustainable-Enterprise-IT-Transformation-with-ADMnext-Infographic.pdf\" target=\"_blank\" rel=\"noopener noreferrer\" title=\"abrir en una nueva ventana\"><span>Download Infographic<\/span><span class=\"type\">1 MB  pdf<\/span><\/a><\/div><\/div><\/div><\/div><\/div><\/div><\/header>\n\n\n\n<section class=\"wp-block-cg-blocks-group undefined section section--article-content section--story-content article-body\"><div class=\"article-main-content\"><div class=\"container\"><div class=\"row\"><div class=\"col-12 col-md-11 col-lg-10 offset-md-1 offset-lg-1\"><div class=\"article-text article-quote-text\">\n<p>La reducci\u00f3n de las emisiones de gases de efecto invernadero es esencial para garantizar la sostenibilidad de nuestro medio ambiente, no solo para las generaciones futuras sino tambi\u00e9n para las actuales. Tambi\u00e9n tiene inmensas oportunidades para el crecimiento futuro de su negocio.<\/p>\n\n\n\n<p>Seg\u00fan el Instituto de Investigaci\u00f3n de Capgemini, la TI sostenible a\u00fan no es una prioridad para la mayor\u00eda de las organizaciones, ya que solo el 43 % de los ejecutivos conocen la huella de TI de su organizaci\u00f3n y el 39 % no toma ninguna medida. Adem\u00e1s, solo un 6 % de las empresas est\u00e1 realmente capitalizando las importantes oportunidades de rendimiento disponibles aqu\u00ed, que incluyen aspectos; ambientales, sociales y de gobierno (ESG), imagen de marca y satisfacci\u00f3n del cliente notablemente mejorados.<\/p>\n\n\n\n<p>Para asegurarse de aprovechar estas oportunidades, es fundamental seleccionar el socio adecuado para el desarrollo de la sostenibilidad. Esto significa un socio que puede ayudarlo a posicionar mejor su negocio como l\u00edder en sostenibilidad y reducir el impacto ambiental de su TI empresarial.<\/p>\n\n\n\n<h2 class=\"wp-block-heading\" id=\"h-\"><\/h2>\n\n\n\n<h3 class=\"wp-block-heading\" id=\"h-transformacion-de-ti-empresarial-sostenible-con-admnext-construir-un-futuro-mas-limpio-y-rentable-a-traves-de-las-operaciones-la-tecnologia-y-la-cultura-de-su-equipo-de-ti-empresarial\">Transformaci\u00f3n de TI empresarial sostenible con ADMnext: construir un futuro m\u00e1s limpio y rentable a trav\u00e9s de las operaciones, la tecnolog\u00eda y la cultura de su equipo de TI empresarial<\/h3>\n\n\n\n<p>La transformaci\u00f3n sostenible de la TI empresarial con ADMnext es el enfoque de ADMnext sobre la sostenibilidad que lo ayuda a transformar radicalmente su negocio con un enfoque triple que se enfoca en las operaciones, la tecnolog\u00eda y la cultura de la TI empresarial.<\/p>\n\n\n\n<h2 class=\"wp-block-heading\" id=\"h-\"><\/h2>\n\n\n\n<h4 class=\"wp-block-heading\" id=\"h-operaciones-de-ti-sostenibles-procesos-y-politicas\"><strong><strong>Operaciones de TI sostenibles: procesos y pol\u00edticas<\/strong><\/strong><\/h4>\n\n\n\n<p>Para ayudarle de manera efectiva a transformar sus operaciones de manera sostenible, le permitimos explotar los \u00faltimos procesos respaldados por IA e impulsar un cambio ambiental positivo a su ritmo. Tambi\u00e9n le ayudamos a incorporar la innovaci\u00f3n e impulsar la sostenibilidad como un elemento estrat\u00e9gico de la agenda, utilizar pol\u00edticas de &#8220;Trabajar donde sea mejor&#8221; y lograr resultados de sostenibilidad positivos en toda su entrega de servicios y cartera de TI empresarial.<\/p>\n\n\n\n<h4 class=\"wp-block-heading\" id=\"h-tecnologia-sostenible-herramientas-y-habilitadores-de-ti\"><strong><strong>Tecnolog\u00eda sostenible: herramientas y habilitadores de TI<\/strong><\/strong><\/h4>\n\n\n\n<p>Para integrar la sostenibilidad en todas las tecnolog\u00edas que utiliza, le ayudamos a incorporar el impacto del carbono de las aplicaciones en la toma de decisiones para optimizar su cartera de TI, reducir el consumo de energ\u00eda y aumentar la eficiencia de los dispositivos de los usuarios. Le permitimos explotar la \u00faltima automatizaci\u00f3n basada en conocimientos para aumentar la eficiencia y reducir el desperdicio en los procesos comerciales y de TI, mientras impulsa un mejor monitoreo del impacto ambiental e implementa cambios positivos y sostenibles a escala. Tambi\u00e9n le ayudamos a integrar herramientas de gesti\u00f3n de participaci\u00f3n centradas en la sostenibilidad para realizar un seguimiento del consumo de energ\u00eda y las emisiones de CO2.<\/p>\n\n\n\n<h2 class=\"wp-block-heading\" id=\"h-\"><\/h2>\n\n\n\n<h4 class=\"wp-block-heading\" id=\"h-cultura-de-ti-sostenible-personas-y-formas-de-trabajar\"><strong><strong>Cultura de TI sostenible: personas y formas de trabajar<\/strong><\/strong><\/h4>\n\n\n\n<p>Para impulsar la sostenibilidad en toda su cultura, lo ayudamos a optimizar y habilitar de forma remota a su fuerza laboral para reducir las emisiones de CO2 y coordinar al personal disperso geogr\u00e1ficamente para brindar una mejor intimidad con el cliente. Tambi\u00e9n ayudamos a migrar a herramientas de productividad basadas en la nube para reducir las necesidades energ\u00e9ticas generales y espec\u00edficas de TI, adem\u00e1s de fomentar una mentalidad de red cero para desarrollar conciencia y educaci\u00f3n, y anclar el cambio de comportamiento.<\/p>\n\n\n\n<h2 class=\"wp-block-heading\" id=\"h-\"><\/h2>\n\n\n\n<p><strong>Al concentrarnos en estas tres \u00e1reas, trabajamos con usted para definir y poner en marcha su hoja de ruta de transformaci\u00f3n de TI empresarial.<\/strong><\/p>\n\n\n\n<p><strong>Descargue el documento t\u00e9cnico y la infograf\u00eda anteriores para saber<\/strong> c\u00f3mo puede aprovechar los beneficios del enfoque triple de ADMnext para las operaciones, la tecnolog\u00eda y la cultura de TI empresarial sostenible, y construir el futuro limpio y rentable que desea.<\/p>\n<\/div><\/div><\/div><\/div><\/div><\/section>\n\n\n\n<p><a href=\"https:\/\/www.facebook.com\/sharer\/sharer.php?u=https%3A%2F%2Fwww.capgemini.com%2Fservice%2Fsustainable-enterprise-it-transformation-with-admnext%2F\" target=\"_blank\" rel=\"noreferrer noopener\"><\/a><a href=\"https:\/\/twitter.com\/intent\/tweet?url=https%3A%2F%2Fwww.capgemini.com%2Fservice%2Fsustainable-enterprise-it-transformation-with-admnext%2F&amp;text=\" target=\"_blank\" rel=\"noreferrer noopener\"><\/a><a href=\"https:\/\/www.linkedin.com\/shareArticle?mini=true&amp;url=https%3A%2F%2Fwww.capgemini.com%2Fservice%2Fsustainable-enterprise-it-transformation-with-admnext%2F\" target=\"_blank\" rel=\"noreferrer noopener\"><\/a><\/p>\n\n\n\n<section class=\"wp-block-cg-blocks-wrapper-people-slider section section--expert-slider wrapper-people-slider undefined\"><div class=\"container\"><div class=\"content-title\"><h3 data-maxlength=\"34\">Meet our experts<\/h3><\/div><\/div><div class=\"slider slider-boxed\"><div class=\"container\"><div class=\"slider-window\"><div class=\"slider-list\">\n\n\n\n\n<\/div><\/div><\/div><div class=\"slider-nav\"><button class=\"slider-prev inactive\" aria-label=\"Anterior\" tabindex=\"-1\"><\/button><ul class=\"slider-paginator\"><\/ul><button class=\"slider-next\" aria-label=\"Siguiente\"><\/button><\/div><\/div><\/section>\n","protected":false},"excerpt":{"rendered":"","protected":false},"author":151,"featured_media":0,"parent":5720,"menu_order":0,"comment_status":"closed","ping_status":"closed","template":"","meta":{"cg_dt_proposed_to":[0],"cg_seo_hreflang_relations":"[]","cg_seo_canonical_relation":"","cg_seo_hreflang_x_default_relation":"","cg_dt_approved_content":false,"cg_dt_mandatory_content":false,"cg_dt_notes":"","cg_dg_source_changed":false,"cg_dt_link_disabled":false,"_yoast_wpseo_primary_brand":"","footnotes":"","featured_focal_points":"","partner_card_description":"","gsap_animation":0},"brand":[],"partner_type":[],"service":[],"industry":[],"partners":[],"page-type":[167],"content-group":[],"class_list":["post-5498","page","type-page","status-publish","hentry","page-type-solutions"],"yoast_head":"<!-- This site is optimized with the Yoast SEO Premium plugin v22.8 (Yoast SEO v22.8) - https:\/\/yoast.com\/wordpress\/plugins\/seo\/ -->\n<title>Transformaci\u00f3n de TI empresarial sostenible con ADMnext - Capgemini Colombia<\/title>\n<meta name=\"description\" content=\"Transformaci\u00f3n de TI empresarial sostenible con ADMnext: construir un futuro m\u00e1s limpio y rentable a trav\u00e9s de las operaciones, la tecnolog\u00eda y la cultura de su equipo de TI empresarial\" \/>\n<meta name=\"robots\" content=\"index, follow, max-snippet:-1, max-image-preview:large, max-video-preview:-1\" \/>\n<link rel=\"canonical\" href=\"https:\/\/www.capgemini.com\/co-es\/solutions\/transformacion-de-ti-empresarial-sostenible-con-admnext\/\" \/>\n<meta property=\"og:locale\" content=\"es_MX\" \/>\n<meta property=\"og:type\" content=\"article\" \/>\n<meta property=\"og:title\" content=\"Transformaci\u00f3n de TI empresarial sostenible con ADMnext\" \/>\n<meta property=\"og:description\" content=\"Transformaci\u00f3n de TI empresarial sostenible con ADMnext: construir un futuro m\u00e1s limpio y rentable a trav\u00e9s de las operaciones, la tecnolog\u00eda y la cultura de su equipo de TI empresarial\" \/>\n<meta property=\"og:url\" content=\"https:\/\/www.capgemini.com\/co-es\/solutions\/transformacion-de-ti-empresarial-sostenible-con-admnext\/\" \/>\n<meta property=\"og:site_name\" content=\"Capgemini Colombia\" \/>\n<meta property=\"article:modified_time\" content=\"2025-04-01T18:49:42+00:00\" \/>\n<meta property=\"og:image\" content=\"https:\/\/www.capgemini.com\/wp-content\/uploads\/2022\/01\/Capgemini_admNEXT_Sustainable-IT-transformation.jpg\" \/>\n<meta name=\"twitter:card\" content=\"summary_large_image\" \/>\n<meta name=\"twitter:label1\" content=\"Est. reading time\" \/>\n\t<meta name=\"twitter:data1\" content=\"4 minutes\" \/>\n<script type=\"application\/ld+json\" class=\"yoast-schema-graph\">{\"@context\":\"https:\/\/schema.org\",\"@graph\":[{\"@type\":\"WebPage\",\"@id\":\"https:\/\/www.capgemini.com\/co-es\/solutions\/transformacion-de-ti-empresarial-sostenible-con-admnext\/\",\"url\":\"https:\/\/www.capgemini.com\/co-es\/solutions\/transformacion-de-ti-empresarial-sostenible-con-admnext\/\",\"name\":\"Transformaci\u00f3n de TI empresarial sostenible con ADMnext - Capgemini Colombia\",\"isPartOf\":{\"@id\":\"https:\/\/www.capgemini.com\/co-es\/#website\"},\"primaryImageOfPage\":{\"@id\":\"https:\/\/www.capgemini.com\/co-es\/solutions\/transformacion-de-ti-empresarial-sostenible-con-admnext\/#primaryimage\"},\"image\":{\"@id\":\"https:\/\/www.capgemini.com\/co-es\/solutions\/transformacion-de-ti-empresarial-sostenible-con-admnext\/#primaryimage\"},\"thumbnailUrl\":\"https:\/\/www.capgemini.com\/wp-content\/uploads\/2022\/01\/Capgemini_admNEXT_Sustainable-IT-transformation.jpg\",\"datePublished\":\"2022-01-31T07:28:01+00:00\",\"dateModified\":\"2025-04-01T18:49:42+00:00\",\"description\":\"Transformaci\u00f3n de TI empresarial sostenible con ADMnext: construir un futuro m\u00e1s limpio y rentable a trav\u00e9s de las operaciones, la tecnolog\u00eda y la cultura de su equipo de TI empresarial\",\"breadcrumb\":{\"@id\":\"https:\/\/www.capgemini.com\/co-es\/solutions\/transformacion-de-ti-empresarial-sostenible-con-admnext\/#breadcrumb\"},\"inLanguage\":\"es-MX\",\"potentialAction\":[{\"@type\":\"ReadAction\",\"target\":[\"https:\/\/www.capgemini.com\/co-es\/solutions\/transformacion-de-ti-empresarial-sostenible-con-admnext\/\"]}]},{\"@type\":\"ImageObject\",\"inLanguage\":\"es-MX\",\"@id\":\"https:\/\/www.capgemini.com\/co-es\/solutions\/transformacion-de-ti-empresarial-sostenible-con-admnext\/#primaryimage\",\"url\":\"https:\/\/www.capgemini.com\/wp-content\/uploads\/2022\/01\/Capgemini_admNEXT_Sustainable-IT-transformation.jpg\",\"contentUrl\":\"https:\/\/www.capgemini.com\/wp-content\/uploads\/2022\/01\/Capgemini_admNEXT_Sustainable-IT-transformation.jpg\"},{\"@type\":\"BreadcrumbList\",\"@id\":\"https:\/\/www.capgemini.com\/co-es\/solutions\/transformacion-de-ti-empresarial-sostenible-con-admnext\/#breadcrumb\",\"itemListElement\":[{\"@type\":\"ListItem\",\"position\":1,\"name\":\"Home\",\"item\":\"https:\/\/www.capgemini.com\/co-es\/\"},{\"@type\":\"ListItem\",\"position\":2,\"name\":\"Solutions\",\"item\":\"https:\/\/www.capgemini.com\/co-es\/solutions\/\"},{\"@type\":\"ListItem\",\"position\":3,\"name\":\"Transformaci\u00f3n de TI empresarial sostenible con ADMnext\"}]},{\"@type\":\"WebSite\",\"@id\":\"https:\/\/www.capgemini.com\/co-es\/#website\",\"url\":\"https:\/\/www.capgemini.com\/co-es\/\",\"name\":\"Capgemini Colombia\",\"description\":\"Capgemini\",\"potentialAction\":[{\"@type\":\"SearchAction\",\"target\":{\"@type\":\"EntryPoint\",\"urlTemplate\":\"https:\/\/www.capgemini.com\/co-es\/?s={search_term_string}\"},\"query-input\":\"required name=search_term_string\"}],\"inLanguage\":\"es-MX\"}]}<\/script>\n<!-- \/ Yoast SEO Premium plugin. -->","yoast_head_json":{"title":"Transformaci\u00f3n de TI empresarial sostenible con ADMnext - Capgemini Colombia","description":"Transformaci\u00f3n de TI empresarial sostenible con ADMnext: construir un futuro m\u00e1s limpio y rentable a trav\u00e9s de las operaciones, la tecnolog\u00eda y la cultura de su equipo de TI empresarial","robots":{"index":"index","follow":"follow","max-snippet":"max-snippet:-1","max-image-preview":"max-image-preview:large","max-video-preview":"max-video-preview:-1"},"canonical":"https:\/\/www.capgemini.com\/co-es\/solutions\/transformacion-de-ti-empresarial-sostenible-con-admnext\/","og_locale":"es_MX","og_type":"article","og_title":"Transformaci\u00f3n de TI empresarial sostenible con ADMnext","og_description":"Transformaci\u00f3n de TI empresarial sostenible con ADMnext: construir un futuro m\u00e1s limpio y rentable a trav\u00e9s de las operaciones, la tecnolog\u00eda y la cultura de su equipo de TI empresarial","og_url":"https:\/\/www.capgemini.com\/co-es\/solutions\/transformacion-de-ti-empresarial-sostenible-con-admnext\/","og_site_name":"Capgemini Colombia","article_modified_time":"2025-04-01T18:49:42+00:00","og_image":[{"url":"https:\/\/www.capgemini.com\/wp-content\/uploads\/2022\/01\/Capgemini_admNEXT_Sustainable-IT-transformation.jpg"}],"twitter_card":"summary_large_image","twitter_misc":{"Est. reading time":"4 minutes"},"schema":{"@context":"https:\/\/schema.org","@graph":[{"@type":"WebPage","@id":"https:\/\/www.capgemini.com\/co-es\/solutions\/transformacion-de-ti-empresarial-sostenible-con-admnext\/","url":"https:\/\/www.capgemini.com\/co-es\/solutions\/transformacion-de-ti-empresarial-sostenible-con-admnext\/","name":"Transformaci\u00f3n de TI empresarial sostenible con ADMnext - Capgemini Colombia","isPartOf":{"@id":"https:\/\/www.capgemini.com\/co-es\/#website"},"primaryImageOfPage":{"@id":"https:\/\/www.capgemini.com\/co-es\/solutions\/transformacion-de-ti-empresarial-sostenible-con-admnext\/#primaryimage"},"image":{"@id":"https:\/\/www.capgemini.com\/co-es\/solutions\/transformacion-de-ti-empresarial-sostenible-con-admnext\/#primaryimage"},"thumbnailUrl":"https:\/\/www.capgemini.com\/wp-content\/uploads\/2022\/01\/Capgemini_admNEXT_Sustainable-IT-transformation.jpg","datePublished":"2022-01-31T07:28:01+00:00","dateModified":"2025-04-01T18:49:42+00:00","description":"Transformaci\u00f3n de TI empresarial sostenible con ADMnext: construir un futuro m\u00e1s limpio y rentable a trav\u00e9s de las operaciones, la tecnolog\u00eda y la cultura de su equipo de TI empresarial","breadcrumb":{"@id":"https:\/\/www.capgemini.com\/co-es\/solutions\/transformacion-de-ti-empresarial-sostenible-con-admnext\/#breadcrumb"},"inLanguage":"es-MX","potentialAction":[{"@type":"ReadAction","target":["https:\/\/www.capgemini.com\/co-es\/solutions\/transformacion-de-ti-empresarial-sostenible-con-admnext\/"]}]},{"@type":"ImageObject","inLanguage":"es-MX","@id":"https:\/\/www.capgemini.com\/co-es\/solutions\/transformacion-de-ti-empresarial-sostenible-con-admnext\/#primaryimage","url":"https:\/\/www.capgemini.com\/wp-content\/uploads\/2022\/01\/Capgemini_admNEXT_Sustainable-IT-transformation.jpg","contentUrl":"https:\/\/www.capgemini.com\/wp-content\/uploads\/2022\/01\/Capgemini_admNEXT_Sustainable-IT-transformation.jpg"},{"@type":"BreadcrumbList","@id":"https:\/\/www.capgemini.com\/co-es\/solutions\/transformacion-de-ti-empresarial-sostenible-con-admnext\/#breadcrumb","itemListElement":[{"@type":"ListItem","position":1,"name":"Home","item":"https:\/\/www.capgemini.com\/co-es\/"},{"@type":"ListItem","position":2,"name":"Solutions","item":"https:\/\/www.capgemini.com\/co-es\/solutions\/"},{"@type":"ListItem","position":3,"name":"Transformaci\u00f3n de TI empresarial sostenible con ADMnext"}]},{"@type":"WebSite","@id":"https:\/\/www.capgemini.com\/co-es\/#website","url":"https:\/\/www.capgemini.com\/co-es\/","name":"Capgemini Colombia","description":"Capgemini","potentialAction":[{"@type":"SearchAction","target":{"@type":"EntryPoint","urlTemplate":"https:\/\/www.capgemini.com\/co-es\/?s={search_term_string}"},"query-input":"required name=search_term_string"}],"inLanguage":"es-MX"}]}},"brand_term":[],"parsely":{"version":"1.1.0","canonical_url":"https:\/\/capgemini.com\/co-es\/solutions\/transformacion-de-ti-empresarial-sostenible-con-admnext\/","smart_links":{"inbound":0,"outbound":0},"traffic_boost_suggestions_count":0,"meta":{"@context":"https:\/\/schema.org","@type":"WebPage","headline":"Transformaci\u00f3n de TI empresarial sostenible con ADMnext","url":"https:\/\/www.capgemini.com\/co-es\/solutions\/transformacion-de-ti-empresarial-sostenible-con-admnext\/","mainEntityOfPage":{"@type":"WebPage","@id":"https:\/\/www.capgemini.com\/co-es\/solutions\/transformacion-de-ti-empresarial-sostenible-con-admnext\/"},"thumbnailUrl":"","image":{"@type":"ImageObject","url":""},"articleSection":"Uncategorized","author":[],"creator":[],"publisher":{"@type":"Organization","name":"Capgemini Colombia","logo":""},"keywords":[],"dateCreated":"2022-01-31T07:28:01Z","datePublished":"2022-01-31T07:28:01Z","dateModified":"2025-04-01T18:49:42Z"},"rendered":"<meta name=\"parsely-title\" content=\"Transformaci\u00f3n de TI empresarial sostenible con ADMnext\" \/>\n<meta name=\"parsely-link\" content=\"https:\/\/www.capgemini.com\/co-es\/solutions\/transformacion-de-ti-empresarial-sostenible-con-admnext\/\" \/>\n<meta name=\"parsely-type\" content=\"index\" \/>\n<meta name=\"parsely-pub-date\" content=\"2022-01-31T07:28:01Z\" \/>\n<meta name=\"parsely-section\" content=\"Uncategorized\" \/>","tracker_url":"https:\/\/cdn.parsely.com\/keys\/capgemini.com\/p.js"},"archive_status":false,"featured_image_src":"https:\/\/www.capgemini.com\/co-es\/wp-content\/themes\/capgemini2025\/assets\/images\/mockup.png","featured_image_alt":false,"jetpack_sharing_enabled":true,"distributor_meta":false,"distributor_terms":false,"distributor_media":false,"distributor_original_site_name":"Capgemini Colombia","distributor_original_site_url":"https:\/\/www.capgemini.com\/co-es","push-errors":false,"_links":{"self":[{"href":"https:\/\/www.capgemini.com\/co-es\/wp-json\/wp\/v2\/pages\/5498","targetHints":{"allow":["GET"]}}],"collection":[{"href":"https:\/\/www.capgemini.com\/co-es\/wp-json\/wp\/v2\/pages"}],"about":[{"href":"https:\/\/www.capgemini.com\/co-es\/wp-json\/wp\/v2\/types\/page"}],"author":[{"embeddable":true,"href":"https:\/\/www.capgemini.com\/co-es\/wp-json\/wp\/v2\/users\/151"}],"replies":[{"embeddable":true,"href":"https:\/\/www.capgemini.com\/co-es\/wp-json\/wp\/v2\/comments?post=5498"}],"version-history":[{"count":6,"href":"https:\/\/www.capgemini.com\/co-es\/wp-json\/wp\/v2\/pages\/5498\/revisions"}],"predecessor-version":[{"id":536943,"href":"https:\/\/www.capgemini.com\/co-es\/wp-json\/wp\/v2\/pages\/5498\/revisions\/536943"}],"up":[{"embeddable":true,"href":"https:\/\/www.capgemini.com\/co-es\/wp-json\/wp\/v2\/pages\/5720"}],"wp:attachment":[{"href":"https:\/\/www.capgemini.com\/co-es\/wp-json\/wp\/v2\/media?parent=5498"}],"wp:term":[{"taxonomy":"brand","embeddable":true,"href":"https:\/\/www.capgemini.com\/co-es\/wp-json\/wp\/v2\/brand?post=5498"},{"taxonomy":"partner_type","embeddable":true,"href":"https:\/\/www.capgemini.com\/co-es\/wp-json\/wp\/v2\/partner_type?post=5498"},{"taxonomy":"service","embeddable":true,"href":"https:\/\/www.capgemini.com\/co-es\/wp-json\/wp\/v2\/service?post=5498"},{"taxonomy":"industry","embeddable":true,"href":"https:\/\/www.capgemini.com\/co-es\/wp-json\/wp\/v2\/industry?post=5498"},{"taxonomy":"partners","embeddable":true,"href":"https:\/\/www.capgemini.com\/co-es\/wp-json\/wp\/v2\/partners?post=5498"},{"taxonomy":"page-type","embeddable":true,"href":"https:\/\/www.capgemini.com\/co-es\/wp-json\/wp\/v2\/page-type?post=5498"},{"taxonomy":"content-group","embeddable":true,"href":"https:\/\/www.capgemini.com\/co-es\/wp-json\/wp\/v2\/content-group?post=5498"}],"curies":[{"name":"wp","href":"https:\/\/api.w.org\/{rel}","templated":true}]}}