{"id":548911,"date":"2026-02-10T14:04:21","date_gmt":"2026-02-10T14:04:21","guid":{"rendered":"https:\/\/www.capgemini.com\/co-es\/?page_id=548911&#038;preview_id=548911"},"modified":"2026-02-10T14:05:56","modified_gmt":"2026-02-10T14:05:56","slug":"womencapgemini","status":"publish","type":"page","link":"https:\/\/www.capgemini.com\/co-es\/careers\/womencapgemini\/","title":{"rendered":"Women@Capgemini"},"content":{"rendered":"\n<div class=\"wp-block-cg-blocks-hero-picture-card undefined  heroPictureCard\"><div class=\"heroPictureCardBgs\"><picture><source srcset=\"https:\/\/www.capgemini.com\/wp-content\/uploads\/2026\/02\/Revolutionizing-enterprise-data.jpg?w=2880&amp;quality=70 1x, https:\/\/www.capgemini.com\/wp-content\/uploads\/2026\/02\/Revolutionizing-enterprise-data.jpg?w=2880&amp;quality=70 2x\" media=\"(min-width: 1500px)\"\/><source srcset=\"https:\/\/www.capgemini.com\/wp-content\/uploads\/2026\/02\/Revolutionizing-enterprise-data.jpg?w=1440&amp;quality=70 1x, https:\/\/www.capgemini.com\/wp-content\/uploads\/2026\/02\/Revolutionizing-enterprise-data.jpg?w=2880&amp;quality=70 2x\" media=\"(min-width: 992px)\"\/><source srcset=\"https:\/\/www.capgemini.com\/wp-content\/uploads\/2026\/02\/Revolutionizing-enterprise-data.jpg?w=1024&amp;quality=70 1x, https:\/\/www.capgemini.com\/wp-content\/uploads\/2026\/02\/Revolutionizing-enterprise-data.jpg?w=1024&amp;quality=70 2x\" media=\"(min-width: 768px)\"\/><source srcset=\"https:\/\/www.capgemini.com\/wp-content\/uploads\/2026\/02\/Revolutionizing-enterprise-data.jpg?w=768&amp;quality=70 1x, https:\/\/www.capgemini.com\/wp-content\/uploads\/2026\/02\/Revolutionizing-enterprise-data.jpg?w=768&amp;quality=70 2x\" media=\"(min-width: 0)\"\/><img decoding=\"async\" src=\"https:\/\/www.capgemini.com\/wp-content\/uploads\/2026\/02\/Revolutionizing-enterprise-data.jpg\" class=\"desktopImage\" alt=\"\" style=\"object-fit:cover;object-position:50% 50%\" loading=\"eager\"\/><\/picture><picture><source srcset=\"https:\/\/www.capgemini.com\/wp-content\/uploads\/2026\/02\/Revolutionizing-enterprise-data.jpg?w=2880&amp;quality=70 1x, https:\/\/www.capgemini.com\/wp-content\/uploads\/2026\/02\/Revolutionizing-enterprise-data.jpg?w=2880&amp;quality=70 2x\" media=\"(min-width: 1500px)\"\/><source srcset=\"https:\/\/www.capgemini.com\/wp-content\/uploads\/2026\/02\/Revolutionizing-enterprise-data.jpg?w=1440&amp;quality=70 1x, https:\/\/www.capgemini.com\/wp-content\/uploads\/2026\/02\/Revolutionizing-enterprise-data.jpg?w=2880&amp;quality=70 2x\" media=\"(min-width: 992px)\"\/><source srcset=\"https:\/\/www.capgemini.com\/wp-content\/uploads\/2026\/02\/Revolutionizing-enterprise-data.jpg?w=1024&amp;quality=70 1x, https:\/\/www.capgemini.com\/wp-content\/uploads\/2026\/02\/Revolutionizing-enterprise-data.jpg?w=1024&amp;quality=70 2x\" media=\"(min-width: 768px)\"\/><source srcset=\"https:\/\/www.capgemini.com\/wp-content\/uploads\/2026\/02\/Revolutionizing-enterprise-data.jpg?w=768&amp;quality=70 1x, https:\/\/www.capgemini.com\/wp-content\/uploads\/2026\/02\/Revolutionizing-enterprise-data.jpg?w=768&amp;quality=70 2x\" media=\"(min-width: 0)\"\/><img decoding=\"async\" src=\"https:\/\/www.capgemini.com\/wp-content\/uploads\/2026\/02\/Revolutionizing-enterprise-data.jpg\" class=\"mobileImage\" alt=\"\" style=\"object-fit:cover;object-position:50% 50%\" loading=\"eager\"\/><\/picture><\/div><div class=\"heroPictureCardHeaderShape\"><\/div><div class=\"container\"><div class=\"row\"><div class=\"col-md-8 col-lg-6\"><div class=\"heroPictureCardBox\"><div class=\"heroPictureCardBoxTitle\"><h1 data-maxlength=\"144\">Women@Capgemini<\/h1><\/div><\/div><\/div><\/div><\/div><div class=\"small-device\"><div class=\"brandLogoWrapper\"> <\/div><\/div><\/div>\n\n\n\n<section class=\"wp-block-cg-blocks-group undefined section section--article-content\"><div class=\"article-main-content\"><div class=\"container\"><div class=\"row\"><div class=\"col-12 col-md-1\"><nav class=\"article-social\"><ul class=\"social-nav\"><li class=\"ip-order-fb\"><a href=\"https:\/\/www.facebook.com\/sharer\/sharer.php?u=https:\/\/www.capgemini.com\/mx-es\/?post_type=employee-testimonial&amp;p=521501\" target=\"_blank\" rel=\"noopener noreferrer\" title=\"Abrir en una nueva ventana\"><i aria-hidden=\"true\" class=\"icon-fb\"><\/i><span class=\"sr-only\">Facebook<\/span><\/a><\/li><li class=\"ip-order-li\"><a href=\"https:\/\/www.linkedin.com\/sharing\/share-offsite\/?url=https:\/\/www.capgemini.com\/mx-es\/?post_type=employee-testimonial&amp;p=521501\" target=\"_blank\" rel=\"noopener noreferrer\" title=\"Abrir en una nueva ventana\"><i aria-hidden=\"true\" class=\"icon-li\"><\/i><span class=\"sr-only\">Linkedin<\/span><\/a><\/li><\/ul><\/nav><\/div><div class=\"col-12 col-md-11 col-lg-10\"><div class=\"article-text article-quote-text\">\n<p><strong>Impulsando el talento femenino, construyendo un futuro m\u00e1s equitativo<\/strong><\/p>\n\n\n\n<p>Las mujeres aportan <strong>una perspectiva \u00fanica a los retos empresariales<\/strong>. Para que ese talento florezca y genere impacto sostenible, es fundamental contar con <strong>entornos de apoyo, desarrollo y equidad<\/strong>. En Capgemini, estamos convencidos de que la diversidad es un habilitador clave de la innovaci\u00f3n y del \u00e9xito de nuestros clientes.<\/p>\n\n\n\n<p>Por ello, en <strong>2021<\/strong> dimos un paso decisivo al lanzar <strong>Women@Capgemini<\/strong>, una iniciativa que naci\u00f3 a partir de un diagn\u00f3stico interno en el que participaron <strong>m\u00e1s de 630 mujeres y hombres<\/strong> de nuestra organizaci\u00f3n. Sus voces nos permitieron identificar oportunidades reales y dise\u00f1ar una estrategia enfocada en el <strong>principio de igualdad de oportunidades<\/strong>, el desarrollo del talento femenino y la construcci\u00f3n de una cultura m\u00e1s inclusiva.<\/p>\n\n\n\n<p>Desde entonces, <strong>Women@Capgemini<\/strong> contin\u00faa vigente y evolucionando, consolid\u00e1ndose como un programa que impulsa el crecimiento profesional, el liderazgo y la representaci\u00f3n de las mujeres en Capgemini M\u00e9xico y a nivel global.<\/p>\n\n\n\n<hr class=\"wp-block-separator has-alpha-channel-opacity\"\/>\n\n\n\n<p><strong>\u00bfQu\u00e9 es Women@Capgemini?<\/strong><\/p>\n\n\n\n<p><strong>Women@Capgemini<\/strong> es un <strong>programa global<\/strong> que establece las directrices sobre el equilibrio de g\u00e9nero en todo el Grupo. Su prop\u00f3sito es <strong>compartir mejores pr\u00e1cticas<\/strong> entre los programas locales y asegurar que todas las iniciativas se basen en un principio fundamental: <strong>la igualdad de oportunidades para todas las personas<\/strong>.<\/p>\n\n\n\n<p>Este programa est\u00e1 orientado a <strong>aprovechar todo el talento de la organizaci\u00f3n<\/strong> para generar resultados innovadores y sostenibles, beneficiando a nuestros equipos, as\u00ed como a clientes, socios y accionistas. Uno de sus objetivos clave es <strong>impulsar un cambio de mentalidad empresarial a nivel global<\/strong>, apoyado por compromisos claros y modelos a seguir desde el liderazgo de Grupo Capgemini.<\/p>\n\n\n\n<hr class=\"wp-block-separator has-alpha-channel-opacity\"\/>\n\n\n\n<p><strong>Nuestro prop\u00f3sito<\/strong><\/p>\n\n\n\n<p>Dise\u00f1ar e implementar acciones concretas que fortalezcan el desarrollo profesional del talento femenino, promuevan la equidad de g\u00e9nero y consoliden una red de apoyo que permita a las mujeres crecer, liderar y maximizar su impacto dentro y fuera de la organizaci\u00f3n.<\/p>\n\n\n\n<hr class=\"wp-block-separator has-alpha-channel-opacity\"\/>\n\n\n\n<p><strong>Iniciativas que integran Women@Capgemini<\/strong>\\<\/p>\n\n\n\n<p><strong>Programa de Aceleraci\u00f3n de Talento Femenino<\/strong><strong><\/strong><\/p>\n\n\n\n<p>Este programa acompa\u00f1a a mujeres en etapas tempranas de su carrera, fortaleciendo habilidades clave como liderazgo personal, comunicaci\u00f3n, manejo del estr\u00e9s y toma de decisiones. A trav\u00e9s de sesiones estructuradas, ejercicios pr\u00e1cticos y networking, las participantes desarrollan mayor claridad sobre su carrera y construyen una comunidad de apoyo que impulsa su crecimiento profesional.<\/p>\n\n\n\n<hr class=\"wp-block-separator has-alpha-channel-opacity\"\/>\n\n\n\n<p><strong>Programa de Mentoring<\/strong><strong><\/strong><\/p>\n\n\n\n<p>Una iniciativa que conecta a mujeres con l\u00edderes experimentadas que act\u00faan como mentoras y sponsors. Mediante relaciones basadas en la confianza y el intercambio de experiencia, el programa brinda acompa\u00f1amiento para definir objetivos profesionales, superar retos y fortalecer la toma de decisiones estrat\u00e9gicas, promoviendo el desarrollo sostenible del talento femenino.<\/p>\n\n\n\n<hr class=\"wp-block-separator has-alpha-channel-opacity\"\/>\n\n\n\n<p><strong>Conferencias con Perspectiva de G\u00e9nero<\/strong><strong><\/strong><\/p>\n\n\n\n<p>Espacios abiertos de aprendizaje y reflexi\u00f3n dirigidos a toda la comunidad, enfocados en temas como sesgos inconscientes y prejuicios de g\u00e9nero. Estas conferencias fomentan conversaciones conscientes y promueven una cultura m\u00e1s inclusiva, en la que la equidad es responsabilidad de todas y todos.<\/p>\n\n\n\n<hr class=\"wp-block-separator has-alpha-channel-opacity\"\/>\n\n\n\n<p><strong>Un compromiso que permanece<\/strong><\/p>\n\n\n\n<p><strong>Women@Capgemini<\/strong> es parte de nuestra visi\u00f3n de largo plazo. Desde su lanzamiento, el programa sigue evolucionando con el objetivo de crear condiciones reales de equidad, fortalecer redes de apoyo y potenciar el talento femenino como un motor clave de innovaci\u00f3n y transformaci\u00f3n.<\/p>\n\n\n\n<p>Porque cuando las mujeres crecen, <strong>la organizaci\u00f3n evoluciona y el futuro se construye con mayor impacto<\/strong>.<\/p>\n<\/div><\/div><\/div><\/div><\/div><\/section>\n\n\n\n<section class=\"wp-block-cg-blocks-learn-more updated-new-sample-amal learnMoreBlock\"><div class=\"container\"><div class=\"content-title\"><h2 class=\"learnmore-heading\">Carreras profesionales<\/h2><\/div><div class=\"row\"><div class=\"col-md-4\"><div class=\"box\"><div class=\"box-wrapper\"><a class=\"box-title\" href=\"\/co-es\/careers\/carreras-profesionales\/estudiantes-y-graduados\/\" target=\"\" aria-label=\"Estudiantes y graduados\" rel=\"noopener noreferrer\"><div class=\"box-img-wrapper\"><img decoding=\"async\" src=\"https:\/\/www.capgemini.com\/wp-content\/uploads\/2021\/07\/Capgemini_Students-graduates.jpg?w=500&amp;quality=70\" srcset=\"https:\/\/www.capgemini.com\/wp-content\/uploads\/2021\/07\/Capgemini_Students-graduates.jpg?w=500&amp;quality=70 1x, https:\/\/www.capgemini.com\/wp-content\/uploads\/2021\/07\/Capgemini_Students-graduates.jpg?w=1000&amp;quality=70 2x\" class=\"box-img\" alt=\"\" style=\"object-fit:cover;object-position:50% 50%\" loading=\"lazy\"\/><\/div><h3 class=\"titleWithoutLink_learnMore\">Estudiantes y graduados<\/h3><\/a><\/div><\/div><div class=\"box-inner\"><p class=\"box-desc\">Da los primeros pasos en tu carrera con nosotros. Capgemini te ofrece la oportunidad de seguir una pasi\u00f3n existente o cultivar otras nuevas. Desarrolla tu carrera en la direcci\u00f3n que quieras tomar.<\/p><\/div><\/div><div class=\"col-md-4\"><div class=\"box\"><div class=\"box-wrapper\"><a class=\"box-title\" href=\"\/co-es\/careers\/carreras-profesionales\/profesionales-experimentados\/\" target=\"\" aria-label=\"Profesionales con experiencia\" rel=\"noopener noreferrer\"><div class=\"box-img-wrapper\"><img decoding=\"async\" src=\"https:\/\/www.capgemini.com\/wp-content\/uploads\/2021\/07\/Capgemini_experienced-professionals-1.jpg?w=500&amp;quality=70\" srcset=\"https:\/\/www.capgemini.com\/wp-content\/uploads\/2021\/07\/Capgemini_experienced-professionals-1.jpg?w=500&amp;quality=70 1x, https:\/\/www.capgemini.com\/wp-content\/uploads\/2021\/07\/Capgemini_experienced-professionals-1.jpg?w=1000&amp;quality=70 2x\" class=\"box-img\" alt=\"\" style=\"object-fit:cover;object-position:50% 50%\" loading=\"lazy\"\/><\/div><h3 class=\"titleWithoutLink_learnMore\">Profesionales con experiencia<\/h3><\/a><\/div><\/div><div class=\"box-inner\"><p class=\"box-desc\">Lleva tu maestr\u00eda y experiencia a un negocio global que valora y celebra a sus expertos, y te ofreceremos la oportunidad de dar el siguiente paso significativo en tu carrera profesional.<\/p><\/div><\/div><div class=\"col-md-4\"><div class=\"box\"><div class=\"box-wrapper\"><a class=\"box-title\" href=\"\/co-es\/careers\/carreras-profesionales\/ejecutivos\/\" target=\"\" aria-label=\"Ejecutivos\" rel=\"noopener noreferrer\"><div class=\"box-img-wrapper\"><img decoding=\"async\" src=\"https:\/\/www.capgemini.com\/wp-content\/uploads\/2021\/08\/Capgemini_Executives.jpg?w=500&amp;quality=70\" srcset=\"https:\/\/www.capgemini.com\/wp-content\/uploads\/2021\/08\/Capgemini_Executives.jpg?w=500&amp;quality=70 1x, https:\/\/www.capgemini.com\/wp-content\/uploads\/2021\/08\/Capgemini_Executives.jpg?w=1000&amp;quality=70 2x\" class=\"box-img\" alt=\"\" style=\"object-fit:cover;object-position:50% 50%\" loading=\"lazy\"\/><\/div><h3 class=\"titleWithoutLink_learnMore\">Ejecutivos<\/h3><\/a><\/div><\/div><div class=\"box-inner\"><p class=\"box-desc\">Desarrollar a nuestros l\u00edderes es una de las prioridades clave de Capgemini. Hemos dise\u00f1ado iniciativas de aprendizaje de vanguardia espec\u00edficamente para ayudarte como ejecutivo a mejorar tus habilidades comerciales y personales.<\/p><\/div><\/div><\/div><\/div><\/section>\n","protected":false},"excerpt":{"rendered":"","protected":false},"author":367,"featured_media":0,"parent":5828,"menu_order":0,"comment_status":"closed","ping_status":"closed","template":"","meta":{"cg_dt_proposed_to":[],"cg_seo_hreflang_relations":"[]","cg_seo_canonical_relation":"","cg_seo_hreflang_x_default_relation":"","cg_dt_approved_content":true,"cg_dt_mandatory_content":false,"cg_dt_notes":"","cg_dg_source_changed":true,"cg_dt_link_disabled":false,"_yoast_wpseo_primary_brand":"","footnotes":"","featured_focal_points":"","partner_card_description":"","gsap_animation":0},"brand":[],"partner_type":[],"service":[],"industry":[],"partners":[],"page-type":[],"content-group":[],"class_list":["post-548911","page","type-page","status-publish","hentry"],"yoast_head":"<!-- This site is optimized with the Yoast SEO Premium plugin v22.8 (Yoast SEO v22.8) - https:\/\/yoast.com\/wordpress\/plugins\/seo\/ -->\n<title>Women@Capgemini: Impulsando el Talento Femenino | Capgemini<\/title>\n<meta name=\"description\" content=\"Conoce c\u00f3mo Women@Capgemini impulsa el talento femenino, fomenta la inclusi\u00f3n y crea oportunidades para el crecimiento profesional.\" \/>\n<meta name=\"robots\" content=\"index, follow, max-snippet:-1, max-image-preview:large, max-video-preview:-1\" \/>\n<link rel=\"canonical\" href=\"https:\/\/www.capgemini.com\/co-es\/careers\/womencapgemini\/\" \/>\n<meta property=\"og:locale\" content=\"es_MX\" \/>\n<meta property=\"og:type\" content=\"article\" \/>\n<meta property=\"og:title\" content=\"Women@Capgemini\" \/>\n<meta property=\"og:description\" content=\"Conoce c\u00f3mo Women@Capgemini impulsa el talento femenino, fomenta la inclusi\u00f3n y crea oportunidades para el crecimiento profesional.\" \/>\n<meta property=\"og:url\" content=\"https:\/\/www.capgemini.com\/co-es\/careers\/womencapgemini\/\" \/>\n<meta property=\"og:site_name\" content=\"Capgemini Colombia\" \/>\n<meta property=\"article:modified_time\" content=\"2026-02-10T14:05:56+00:00\" \/>\n<meta property=\"og:image\" content=\"https:\/\/www.capgemini.com\/wp-content\/uploads\/2026\/02\/Revolutionizing-enterprise-data.jpg\" \/>\n<meta name=\"twitter:card\" content=\"summary_large_image\" \/>\n<meta name=\"twitter:label1\" content=\"Est. reading time\" \/>\n\t<meta name=\"twitter:data1\" content=\"4 minutes\" \/>\n<script type=\"application\/ld+json\" class=\"yoast-schema-graph\">{\"@context\":\"https:\/\/schema.org\",\"@graph\":[{\"@type\":\"WebPage\",\"@id\":\"https:\/\/www.capgemini.com\/co-es\/careers\/womencapgemini\/\",\"url\":\"https:\/\/www.capgemini.com\/co-es\/careers\/womencapgemini\/\",\"name\":\"Women@Capgemini: Impulsando el Talento Femenino | Capgemini\",\"isPartOf\":{\"@id\":\"https:\/\/www.capgemini.com\/co-es\/#website\"},\"primaryImageOfPage\":{\"@id\":\"https:\/\/www.capgemini.com\/co-es\/careers\/womencapgemini\/#primaryimage\"},\"image\":{\"@id\":\"https:\/\/www.capgemini.com\/co-es\/careers\/womencapgemini\/#primaryimage\"},\"thumbnailUrl\":\"https:\/\/www.capgemini.com\/wp-content\/uploads\/2026\/02\/Revolutionizing-enterprise-data.jpg\",\"datePublished\":\"2026-02-10T14:04:21+00:00\",\"dateModified\":\"2026-02-10T14:05:56+00:00\",\"description\":\"Conoce c\u00f3mo Women@Capgemini impulsa el talento femenino, fomenta la inclusi\u00f3n y crea oportunidades para el crecimiento profesional.\",\"breadcrumb\":{\"@id\":\"https:\/\/www.capgemini.com\/co-es\/careers\/womencapgemini\/#breadcrumb\"},\"inLanguage\":\"es-MX\",\"potentialAction\":[{\"@type\":\"ReadAction\",\"target\":[\"https:\/\/www.capgemini.com\/co-es\/careers\/womencapgemini\/\"]}]},{\"@type\":\"ImageObject\",\"inLanguage\":\"es-MX\",\"@id\":\"https:\/\/www.capgemini.com\/co-es\/careers\/womencapgemini\/#primaryimage\",\"url\":\"https:\/\/www.capgemini.com\/wp-content\/uploads\/2026\/02\/Revolutionizing-enterprise-data.jpg\",\"contentUrl\":\"https:\/\/www.capgemini.com\/wp-content\/uploads\/2026\/02\/Revolutionizing-enterprise-data.jpg\"},{\"@type\":\"BreadcrumbList\",\"@id\":\"https:\/\/www.capgemini.com\/co-es\/careers\/womencapgemini\/#breadcrumb\",\"itemListElement\":[{\"@type\":\"ListItem\",\"position\":1,\"name\":\"Home\",\"item\":\"https:\/\/www.capgemini.com\/co-es\/\"},{\"@type\":\"ListItem\",\"position\":2,\"name\":\"Careers\",\"item\":\"https:\/\/www.capgemini.com\/co-es\/careers\/\"},{\"@type\":\"ListItem\",\"position\":3,\"name\":\"Women@Capgemini\"}]},{\"@type\":\"WebSite\",\"@id\":\"https:\/\/www.capgemini.com\/co-es\/#website\",\"url\":\"https:\/\/www.capgemini.com\/co-es\/\",\"name\":\"Capgemini Colombia\",\"description\":\"Capgemini\",\"potentialAction\":[{\"@type\":\"SearchAction\",\"target\":{\"@type\":\"EntryPoint\",\"urlTemplate\":\"https:\/\/www.capgemini.com\/co-es\/?s={search_term_string}\"},\"query-input\":\"required name=search_term_string\"}],\"inLanguage\":\"es-MX\"}]}<\/script>\n<!-- \/ Yoast SEO Premium plugin. -->","yoast_head_json":{"title":"Women@Capgemini: Impulsando el Talento Femenino | Capgemini","description":"Conoce c\u00f3mo Women@Capgemini impulsa el talento femenino, fomenta la inclusi\u00f3n y crea oportunidades para el crecimiento profesional.","robots":{"index":"index","follow":"follow","max-snippet":"max-snippet:-1","max-image-preview":"max-image-preview:large","max-video-preview":"max-video-preview:-1"},"canonical":"https:\/\/www.capgemini.com\/co-es\/careers\/womencapgemini\/","og_locale":"es_MX","og_type":"article","og_title":"Women@Capgemini","og_description":"Conoce c\u00f3mo Women@Capgemini impulsa el talento femenino, fomenta la inclusi\u00f3n y crea oportunidades para el crecimiento profesional.","og_url":"https:\/\/www.capgemini.com\/co-es\/careers\/womencapgemini\/","og_site_name":"Capgemini Colombia","article_modified_time":"2026-02-10T14:05:56+00:00","og_image":[{"url":"https:\/\/www.capgemini.com\/wp-content\/uploads\/2026\/02\/Revolutionizing-enterprise-data.jpg"}],"twitter_card":"summary_large_image","twitter_misc":{"Est. reading time":"4 minutes"},"schema":{"@context":"https:\/\/schema.org","@graph":[{"@type":"WebPage","@id":"https:\/\/www.capgemini.com\/co-es\/careers\/womencapgemini\/","url":"https:\/\/www.capgemini.com\/co-es\/careers\/womencapgemini\/","name":"Women@Capgemini: Impulsando el Talento Femenino | Capgemini","isPartOf":{"@id":"https:\/\/www.capgemini.com\/co-es\/#website"},"primaryImageOfPage":{"@id":"https:\/\/www.capgemini.com\/co-es\/careers\/womencapgemini\/#primaryimage"},"image":{"@id":"https:\/\/www.capgemini.com\/co-es\/careers\/womencapgemini\/#primaryimage"},"thumbnailUrl":"https:\/\/www.capgemini.com\/wp-content\/uploads\/2026\/02\/Revolutionizing-enterprise-data.jpg","datePublished":"2026-02-10T14:04:21+00:00","dateModified":"2026-02-10T14:05:56+00:00","description":"Conoce c\u00f3mo Women@Capgemini impulsa el talento femenino, fomenta la inclusi\u00f3n y crea oportunidades para el crecimiento profesional.","breadcrumb":{"@id":"https:\/\/www.capgemini.com\/co-es\/careers\/womencapgemini\/#breadcrumb"},"inLanguage":"es-MX","potentialAction":[{"@type":"ReadAction","target":["https:\/\/www.capgemini.com\/co-es\/careers\/womencapgemini\/"]}]},{"@type":"ImageObject","inLanguage":"es-MX","@id":"https:\/\/www.capgemini.com\/co-es\/careers\/womencapgemini\/#primaryimage","url":"https:\/\/www.capgemini.com\/wp-content\/uploads\/2026\/02\/Revolutionizing-enterprise-data.jpg","contentUrl":"https:\/\/www.capgemini.com\/wp-content\/uploads\/2026\/02\/Revolutionizing-enterprise-data.jpg"},{"@type":"BreadcrumbList","@id":"https:\/\/www.capgemini.com\/co-es\/careers\/womencapgemini\/#breadcrumb","itemListElement":[{"@type":"ListItem","position":1,"name":"Home","item":"https:\/\/www.capgemini.com\/co-es\/"},{"@type":"ListItem","position":2,"name":"Careers","item":"https:\/\/www.capgemini.com\/co-es\/careers\/"},{"@type":"ListItem","position":3,"name":"Women@Capgemini"}]},{"@type":"WebSite","@id":"https:\/\/www.capgemini.com\/co-es\/#website","url":"https:\/\/www.capgemini.com\/co-es\/","name":"Capgemini Colombia","description":"Capgemini","potentialAction":[{"@type":"SearchAction","target":{"@type":"EntryPoint","urlTemplate":"https:\/\/www.capgemini.com\/co-es\/?s={search_term_string}"},"query-input":"required name=search_term_string"}],"inLanguage":"es-MX"}]}},"brand_term":[],"parsely":{"version":"1.1.0","canonical_url":"https:\/\/capgemini.com\/co-es\/careers\/womencapgemini\/","smart_links":{"inbound":0,"outbound":0},"traffic_boost_suggestions_count":0,"meta":{"@context":"https:\/\/schema.org","@type":"WebPage","headline":"Women@Capgemini","url":"https:\/\/www.capgemini.com\/co-es\/careers\/womencapgemini\/","mainEntityOfPage":{"@type":"WebPage","@id":"https:\/\/www.capgemini.com\/co-es\/careers\/womencapgemini\/"},"thumbnailUrl":"","image":{"@type":"ImageObject","url":""},"articleSection":"Uncategorized","author":[],"creator":[],"publisher":{"@type":"Organization","name":"Capgemini Colombia","logo":""},"keywords":[],"dateCreated":"2026-02-10T14:04:21Z","datePublished":"2026-02-10T14:04:21Z","dateModified":"2026-02-10T14:05:56Z"},"rendered":"<meta name=\"parsely-title\" content=\"Women@Capgemini\" \/>\n<meta name=\"parsely-link\" content=\"https:\/\/www.capgemini.com\/co-es\/careers\/womencapgemini\/\" \/>\n<meta name=\"parsely-type\" content=\"index\" \/>\n<meta name=\"parsely-pub-date\" content=\"2026-02-10T14:04:21Z\" \/>\n<meta name=\"parsely-section\" content=\"Uncategorized\" \/>","tracker_url":"https:\/\/cdn.parsely.com\/keys\/capgemini.com\/p.js"},"archive_status":false,"featured_image_src":"https:\/\/www.capgemini.com\/co-es\/wp-content\/themes\/capgemini2025\/assets\/images\/mockup.png","featured_image_alt":false,"jetpack_sharing_enabled":true,"distributor_meta":false,"distributor_terms":false,"distributor_media":false,"distributor_original_site_name":"Capgemini Colombia","distributor_original_site_url":"https:\/\/www.capgemini.com\/co-es","push-errors":false,"_links":{"self":[{"href":"https:\/\/www.capgemini.com\/co-es\/wp-json\/wp\/v2\/pages\/548911","targetHints":{"allow":["GET"]}}],"collection":[{"href":"https:\/\/www.capgemini.com\/co-es\/wp-json\/wp\/v2\/pages"}],"about":[{"href":"https:\/\/www.capgemini.com\/co-es\/wp-json\/wp\/v2\/types\/page"}],"author":[{"embeddable":true,"href":"https:\/\/www.capgemini.com\/co-es\/wp-json\/wp\/v2\/users\/367"}],"replies":[{"embeddable":true,"href":"https:\/\/www.capgemini.com\/co-es\/wp-json\/wp\/v2\/comments?post=548911"}],"version-history":[{"count":1,"href":"https:\/\/www.capgemini.com\/co-es\/wp-json\/wp\/v2\/pages\/548911\/revisions"}],"predecessor-version":[{"id":548912,"href":"https:\/\/www.capgemini.com\/co-es\/wp-json\/wp\/v2\/pages\/548911\/revisions\/548912"}],"up":[{"embeddable":true,"href":"https:\/\/www.capgemini.com\/co-es\/wp-json\/wp\/v2\/pages\/5828"}],"wp:attachment":[{"href":"https:\/\/www.capgemini.com\/co-es\/wp-json\/wp\/v2\/media?parent=548911"}],"wp:term":[{"taxonomy":"brand","embeddable":true,"href":"https:\/\/www.capgemini.com\/co-es\/wp-json\/wp\/v2\/brand?post=548911"},{"taxonomy":"partner_type","embeddable":true,"href":"https:\/\/www.capgemini.com\/co-es\/wp-json\/wp\/v2\/partner_type?post=548911"},{"taxonomy":"service","embeddable":true,"href":"https:\/\/www.capgemini.com\/co-es\/wp-json\/wp\/v2\/service?post=548911"},{"taxonomy":"industry","embeddable":true,"href":"https:\/\/www.capgemini.com\/co-es\/wp-json\/wp\/v2\/industry?post=548911"},{"taxonomy":"partners","embeddable":true,"href":"https:\/\/www.capgemini.com\/co-es\/wp-json\/wp\/v2\/partners?post=548911"},{"taxonomy":"page-type","embeddable":true,"href":"https:\/\/www.capgemini.com\/co-es\/wp-json\/wp\/v2\/page-type?post=548911"},{"taxonomy":"content-group","embeddable":true,"href":"https:\/\/www.capgemini.com\/co-es\/wp-json\/wp\/v2\/content-group?post=548911"}],"curies":[{"name":"wp","href":"https:\/\/api.w.org\/{rel}","templated":true}]}}