{"id":548021,"date":"2026-01-22T13:30:18","date_gmt":"2026-01-22T13:30:18","guid":{"rendered":"https:\/\/www.capgemini.com\/co-es\/?page_id=548021&#038;preview_id=548021"},"modified":"2026-01-22T13:30:42","modified_gmt":"2026-01-22T13:30:42","slug":"admnext-para-ciencias-de-la-vida-de-capgemini","status":"publish","type":"page","link":"https:\/\/www.capgemini.com\/co-es\/solutions\/admnext-para-ciencias-de-la-vida-de-capgemini\/","title":{"rendered":"ADMnext para ciencias de la vida de Capgemini"},"content":{"rendered":"\n<header class=\"wp-block-cg-blocks-hero-reusable header heroReusable  \"><div class=\"header-bgs\"><picture><source srcset=\"https:\/\/www.capgemini.com\/wp-content\/uploads\/2024\/11\/ADMnext-by-Capgemini-LS-hero-banner.jpg?w=2880&amp;quality=70 1x, https:\/\/www.capgemini.com\/wp-content\/uploads\/2024\/11\/ADMnext-by-Capgemini-LS-hero-banner.jpg?w=2880&amp;quality=70 2x\" media=\"(min-width: 1500px)\"\/><source srcset=\"https:\/\/www.capgemini.com\/wp-content\/uploads\/2024\/11\/ADMnext-by-Capgemini-LS-hero-banner.jpg?w=1440&amp;quality=70 1x, https:\/\/www.capgemini.com\/wp-content\/uploads\/2024\/11\/ADMnext-by-Capgemini-LS-hero-banner.jpg?w=2880&amp;quality=70 2x\" media=\"(min-width: 992px)\"\/><source srcset=\"https:\/\/www.capgemini.com\/wp-content\/uploads\/2024\/11\/ADMnext-by-Capgemini-LS-hero-banner.jpg?w=1024&amp;quality=70 1x, https:\/\/www.capgemini.com\/wp-content\/uploads\/2024\/11\/ADMnext-by-Capgemini-LS-hero-banner.jpg?w=1024&amp;quality=70 2x\" media=\"(min-width: 768px)\"\/><source srcset=\"https:\/\/www.capgemini.com\/wp-content\/uploads\/2024\/11\/ADMnext-by-Capgemini-LS-hero-banner.jpg?w=768&amp;quality=70 1x, https:\/\/www.capgemini.com\/wp-content\/uploads\/2024\/11\/ADMnext-by-Capgemini-LS-hero-banner.jpg?w=768&amp;quality=70 2x\" media=\"(min-width: 0)\"\/><img decoding=\"async\" src=\"https:\/\/www.capgemini.com\/wp-content\/uploads\/2024\/11\/ADMnext-by-Capgemini-LS-hero-banner.jpg\" class=\"header-img header-img-d\" alt=\"\" style=\"object-fit:cover;object-position:50% 27%\" loading=\"eager\"\/><\/picture><\/div><div class=\"heroPictureCardHeaderShape\"><\/div><div class=\"container\"><div class=\"row\"><div class=\"col-md-12\"><div class=\"box\"><div class=\"boxTagWrapper\"><div class=\"tagInfo\"><div><span class=\"box-tag\">Solution<\/span><\/div><\/div><\/div><div class=\"box-title\"><h1 data-maxlength=\"34\">ADMnext para Ciencias de la Vida de Capgemini (Cadena de suministro)<\/h1><\/div><div class=\"inner-row-insight download-btn\"><\/div><\/div><\/div><\/div><\/div><\/header>\n\n\n\n<section class=\"wp-block-cg-blocks-group undefined section section--article-content\"><div class=\"article-main-content\"><div class=\"container\"><div class=\"row\"><div class=\"col-12 col-md-1\"><nav class=\"article-social\"><ul class=\"social-nav\"><li class=\"ip-order-fb\"><a href=\"https:\/\/www.facebook.com\/sharer\/sharer.php?u=https:\/\/www.capgemini.com\/?page_id=1077211\" target=\"_blank\" rel=\"noopener noreferrer\" title=\"Abrir en una nueva ventana\"><i aria-hidden=\"true\" class=\"icon-fb\"><\/i><span class=\"sr-only\">Facebook<\/span><\/a><\/li><li class=\"ip-order-li\"><a href=\"https:\/\/www.linkedin.com\/shareArticle?url=https:\/\/www.capgemini.com\/?page_id=1077211\" target=\"_blank\" rel=\"noopener noreferrer\" title=\"Abrir en una nueva ventana\"><i aria-hidden=\"true\" class=\"icon-li\"><\/i><span class=\"sr-only\">Linkedin<\/span><\/a><\/li><\/ul><\/nav><\/div><div class=\"col-12 col-md-11 col-lg-10\"><div class=\"article-text article-quote-text\">\n<h3 class=\"wp-block-heading\" id=\"h-modernizacion-del-panorama-de-ti-de-la-cadena-de-suministro-orientada-a-los-resultados-empresariales\">Modernizaci\u00f3n del panorama de TI de la cadena de suministro orientada a los resultados empresariales<\/h3>\n\n\n\n<p>El sistema global de la cadena de suministro de ciencias de la vida a menudo no est\u00e1 preparado para afrontar los nuevos desaf\u00edos que plantean la volatilidad global y las nuevas regulaciones, lo que provoca cuellos de botella y escasez. Los sistemas y procesos manuales, que requieren mucha mano de obra, aumentan el riesgo de errores y limitan la visibilidad del inventario, y la escasez de medicamentos obliga a los proveedores a recurrir a alternativas costosas o a mantener inventarios elevados. Para abordar estos desaf\u00edos, la industria necesita mejorar la resiliencia, gestionar el inventario de manera eficiente y aumentar la transparencia. \u00bfC\u00f3mo pueden los servicios de desarrollo y gesti\u00f3n de aplicaciones (ADM) garantizar la visibilidad de los procesos y mejorar la resiliencia de la cadena de suministro?<\/p>\n\n\n\n<h4 class=\"wp-block-heading\" id=\"h-presentamos-admnext-para-ciencias-de-la-vida-de-capgemini-cadena-de-suministro\">Presentamos ADMnext para ciencias de la vida de Capgemini (Cadena de suministro)<\/h4>\n\n\n\n<p>ADMnext para Ciencias de la Vida es \u00e1gil, se basa en el an\u00e1lisis de datos, est\u00e1 enfocado en el negocio y es resiliente ante un mercado en constante cambio. Una cadena de suministro inteligente se apoya en la agilidad y la resiliencia para mejorar la toma de decisiones y garantiza un suministro fiable de medicamentos y equipos, con una reducci\u00f3n del desperdicio y entregas puntuales y completas (OTIF). Se utilizan tecnolog\u00edas de \u00faltima generaci\u00f3n, como la IA generativa, para respaldar la toma de decisiones basada en datos y proporcionar visibilidad en tiempo real en toda la cadena de valor. Algunas de las formas en que ADMnext para Ciencias de la Vida de Capgemini (Cadena de Suministro) logra esto incluyen:<\/p>\n\n\n\n<ul class=\"wp-block-list\">\n<li>Aprovechando el valor de tecnolog\u00edas de vanguardia como la IA generativa para una mejor experiencia del cliente<\/li>\n\n\n\n<li>Aline\u00e1ndonos con las tendencias del sector y del mercado, demostrando la integraci\u00f3n de TI y negocio para obtener resultados empresariales sostenibles<\/li>\n\n\n\n<li>Optimizando continuamente la cartera de productos para una mayor eficiencia<\/li>\n\n\n\n<li>Facilitando la transici\u00f3n a un modelo de entrega \u00e1gil y basado en productos para una distribuci\u00f3n de medicamentos m\u00e1s r\u00e1pida<\/li>\n\n\n\n<li>Reduciendo los esfuerzos de monitorizaci\u00f3n y acelerando la ejecuci\u00f3n de pruebas para una mayor eficiencia operativa y una reducci\u00f3n del coste total de propiedad (TCO)<\/li>\n<\/ul>\n\n\n\n<h4 class=\"wp-block-heading\" id=\"h-garantizar-la-visibilidad-integral-de-la-cadena-de-suministro-a-traves-de-admnext-para-ciencias-de-la-vida-de-capgemini\">Garantizar la visibilidad integral de la cadena de suministro a trav\u00e9s de ADMnext para ciencias de la vida de Capgemini.<\/h4>\n\n\n\n<p>Los servicios de ADM cumplen con las prioridades empresariales clave a la vez que transforman la gesti\u00f3n de la cadena de suministro. Algunos de nuestros clientes ya han visto resultados:<\/p>\n\n\n\n<ul class=\"wp-block-list\">\n<li>Ahorro de costes de aproximadamente 50 d\u00edas de trabajo a tiempo completo al a\u00f1o<\/li>\n\n\n\n<li>Reducci\u00f3n del 90 % en las tareas de monitorizaci\u00f3n<\/li>\n\n\n\n<li>Reducci\u00f3n del 50 % en el trabajo manual para procesar solicitudes de servicio<\/li>\n\n\n\n<li>Reducci\u00f3n del 40 % en los costes de soporte<\/li>\n\n\n\n<li>Reducci\u00f3n del 50 % en la acumulaci\u00f3n de tareas pendientes<\/li>\n<\/ul>\n\n\n\n<p>Cont\u00e1ctenos para obtener m\u00e1s informaci\u00f3n sobre c\u00f3mo puede transformar su cadena de suministro en el sector de las ciencias de la vida.<\/p>\n<\/div><\/div><\/div><\/div><\/div><\/section>\n\n\n<section class=\"latest-insights layout-odd layout-one-card-only \"><div class=\"container\"><div class=\"insight-title\"><h2 class=\"latest-insight-title\">Investigaci\u00f3n y perspectivas<\/h2><\/div><div class=\"layout-single-card\">\n                      <div class=\"row align-items-center w-lg-100\">\n                        <div class=\"card-image-wrapper\">\n                                <div class=\"card-image\" data-image-url=\"https:\/\/www.capgemini.com\/co-es\/insights\/biblioteca-de-investigacion\/cadenas-de-suministro-resilientes-y-sostenibles-para-las-ciencias-de-la-vida\/\">\n\t\t\t\t\t\t\t\t\t\t\t\t\t\t\t\t\t<picture>\n\t\t\t\t\t\t\t\t\t\t\t\t\t\t\t\t\t\t\t\t\t<source srcset=\"https:\/\/www.capgemini.com\/co-es\/wp-content\/uploads\/sites\/25\/2023\/12\/Resilient_and_sustainable-supply-chains.jpg?w=2048&#038;quality=70 1x, https:\/\/www.capgemini.com\/co-es\/wp-content\/uploads\/sites\/25\/2023\/12\/Resilient_and_sustainable-supply-chains.jpg?w=2048&#038;quality=70 2x\"\n\t\t\t\t\t\t\t\t\t\t\t\t\t\t\t\t\t\t\t\t\t\t\t\t\tmedia=\"(min-width: 1500px)\"\/>\n\t\t\t\t\t\t\t\t\t\t\t\t\t\t\t\t\t\t\t\t\t<source srcset=\"https:\/\/www.capgemini.com\/co-es\/wp-content\/uploads\/sites\/25\/2023\/12\/Resilient_and_sustainable-supply-chains.jpg?w=1024&#038;quality=70 1x, https:\/\/www.capgemini.com\/co-es\/wp-content\/uploads\/sites\/25\/2023\/12\/Resilient_and_sustainable-supply-chains.jpg?w=2048&#038;quality=70 2x\"\n\t\t\t\t\t\t\t\t\t\t\t\t\t\t\t\t\t\t\t\t\t\t\t\t\tmedia=\"(min-width: 992px)\"\/>\n\t\t\t\t\t\t\t\t\t\t\t\t\t\t\t\t\t\t\t\t\t<source srcset=\"https:\/\/www.capgemini.com\/co-es\/wp-content\/uploads\/sites\/25\/2023\/12\/Resilient_and_sustainable-supply-chains.jpg?w=1024&#038;quality=70 1x, https:\/\/www.capgemini.com\/co-es\/wp-content\/uploads\/sites\/25\/2023\/12\/Resilient_and_sustainable-supply-chains.jpg?w=2048&#038;quality=70 2x\"\n\t\t\t\t\t\t\t\t\t\t\t\t\t\t\t\t\t\t\t\t\t\t\t\t\tmedia=\"(min-width: 768px)\"\/>\n\t\t\t\t\t\t\t\t\t\t\t\t\t\t\t\t\t\t\t\t\t<source srcset=\"https:\/\/www.capgemini.com\/co-es\/wp-content\/uploads\/sites\/25\/2023\/12\/Resilient_and_sustainable-supply-chains.jpg?w=500&#038;quality=70 1x, https:\/\/www.capgemini.com\/co-es\/wp-content\/uploads\/sites\/25\/2023\/12\/Resilient_and_sustainable-supply-chains.jpg?w=1000&#038;quality=70 2x\"\n\t\t\t\t\t\t\t\t\t\t\t\t\t\t\t\t\t\t\t\t\t\t\t\t\tmedia=\"(min-width: 0)\"\/>\n\t\t\t\t\t\t\t\t\t\t\t\t\t\t\t\t\t\t\t\t\t\t<img decoding=\"async\" loading=\"lazy\" src=\"https:\/\/www.capgemini.com\/co-es\/wp-content\/uploads\/sites\/25\/2023\/12\/Resilient_and_sustainable-supply-chains.jpg\" alt=\"\" style=\"object-position: 50% 50%; object-fit: cover;\">\n\t\t\t\t\t\t\t\t\t\t\t\t\t\t\t\t\t\t\t<\/picture>\n                                <\/div>\n                            <\/div>\n                            <div class=\"col-12 col-md-5 col-lg-7\"><\/div>\n                        <div class=\"col-12 col-md-7 col-lg-5\">\n                            <a href=\"https:\/\/www.capgemini.com\/co-es\/insights\/biblioteca-de-investigacion\/cadenas-de-suministro-resilientes-y-sostenibles-para-las-ciencias-de-la-vida\/\" aria-label=\"Cadenas de suministro resilientes y sostenibles para las ciencias de la vida\" class=\"card-link-holder\">\n                            <div class=\"insight-card insight-card-start\">\n                                <div class=\"card-tag\">Point of view<\/div>\n                                <h3 class=\"card-title\">Cadenas de suministro resilientes y sostenibles para las ciencias de la vida<\/h3>\n                                <div class=\"insight-card-footer\">\n                                    <img decoding=\"async\" loading=\"lazy\" src=\"\" alt=\"\" class=\"light\">\n\t\t\t\t\t\t\t\t\t<img decoding=\"async\" loading=\"lazy\" src=\"\" alt=\"\" class=\"dark\">\n                                <\/div>\n                            <\/div>\n                            <\/a>\n                        <\/div>\n                     <\/div>\n                    <\/div><\/div><\/section>","protected":false},"excerpt":{"rendered":"<p>Modernizaci\u00f3n del panorama de TI de la cadena de suministro orientada a los resultados empresariales.<\/p>\n","protected":false},"author":257,"featured_media":548022,"parent":5720,"menu_order":0,"comment_status":"closed","ping_status":"closed","template":"","meta":{"cg_dt_proposed_to":[],"cg_seo_hreflang_relations":"[]","cg_seo_canonical_relation":"","cg_seo_hreflang_x_default_relation":"{\"uuid\":\"7d296ec3-fe39-498a-af78-577688d8fea0\",\"blogId\":\"\",\"domain\":\"\",\"sitePath\":\"\",\"postLink\":\"\",\"postId\":null,\"isSaved\":true,\"isCrossLink\":false,\"hasCrossLink\":false}","cg_dt_approved_content":true,"cg_dt_mandatory_content":false,"cg_dt_notes":"","cg_dg_source_changed":false,"cg_dt_link_disabled":false,"_yoast_wpseo_primary_brand":"","footnotes":"","featured_focal_points":"","partner_card_description":"","gsap_animation":0},"brand":[],"partner_type":[],"service":[],"industry":[],"partners":[],"page-type":[167],"content-group":[],"class_list":["post-548021","page","type-page","status-publish","has-post-thumbnail","hentry","page-type-solutions"],"yoast_head":"<!-- This site is optimized with the Yoast SEO Premium plugin v22.8 (Yoast SEO v22.8) - https:\/\/yoast.com\/wordpress\/plugins\/seo\/ -->\n<title>ADMnext para Ciencias de la Vida: Innovaci\u00f3n \u00c1gil | Capgemini<\/title>\n<meta name=\"description\" content=\"ADMnext impulsa eficiencia e innovaci\u00f3n en ciencias de la vida con una gesti\u00f3n de aplicaciones moderna y orientada al negocio.\" \/>\n<meta name=\"robots\" content=\"index, follow, max-snippet:-1, max-image-preview:large, max-video-preview:-1\" \/>\n<link rel=\"canonical\" href=\"https:\/\/www.capgemini.com\/co-es\/solutions\/admnext-para-ciencias-de-la-vida-de-capgemini\/\" \/>\n<meta property=\"og:locale\" content=\"es_MX\" \/>\n<meta property=\"og:type\" content=\"article\" \/>\n<meta property=\"og:title\" content=\"ADMnext para ciencias de la vida de Capgemini\" \/>\n<meta property=\"og:description\" content=\"ADMnext impulsa eficiencia e innovaci\u00f3n en ciencias de la vida con una gesti\u00f3n de aplicaciones moderna y orientada al negocio.\" \/>\n<meta property=\"og:url\" content=\"https:\/\/www.capgemini.com\/co-es\/solutions\/admnext-para-ciencias-de-la-vida-de-capgemini\/\" \/>\n<meta property=\"og:site_name\" content=\"Capgemini Colombia\" \/>\n<meta property=\"article:modified_time\" content=\"2026-01-22T13:30:42+00:00\" \/>\n<meta property=\"og:image\" content=\"https:\/\/www.capgemini.com\/co-es\/wp-content\/uploads\/sites\/25\/2025\/10\/New-Web-preview-global.jpg\" \/>\n\t<meta property=\"og:image:width\" content=\"1200\" \/>\n\t<meta property=\"og:image:height\" content=\"627\" \/>\n\t<meta property=\"og:image:type\" content=\"image\/jpeg\" \/>\n<meta name=\"twitter:card\" content=\"summary_large_image\" \/>\n<meta name=\"twitter:label1\" content=\"Est. reading time\" \/>\n\t<meta name=\"twitter:data1\" content=\"3 minutes\" \/>\n<script type=\"application\/ld+json\" class=\"yoast-schema-graph\">{\"@context\":\"https:\/\/schema.org\",\"@graph\":[{\"@type\":\"WebPage\",\"@id\":\"https:\/\/www.capgemini.com\/co-es\/solutions\/admnext-para-ciencias-de-la-vida-de-capgemini\/\",\"url\":\"https:\/\/www.capgemini.com\/co-es\/solutions\/admnext-para-ciencias-de-la-vida-de-capgemini\/\",\"name\":\"ADMnext para Ciencias de la Vida: Innovaci\u00f3n \u00c1gil | Capgemini\",\"isPartOf\":{\"@id\":\"https:\/\/www.capgemini.com\/co-es\/#website\"},\"primaryImageOfPage\":{\"@id\":\"https:\/\/www.capgemini.com\/co-es\/solutions\/admnext-para-ciencias-de-la-vida-de-capgemini\/#primaryimage\"},\"image\":{\"@id\":\"https:\/\/www.capgemini.com\/co-es\/solutions\/admnext-para-ciencias-de-la-vida-de-capgemini\/#primaryimage\"},\"thumbnailUrl\":\"https:\/\/www.capgemini.com\/co-es\/wp-content\/uploads\/sites\/25\/2026\/01\/ADMnext-by-Capgemini-LS-hero-banner.jpg\",\"datePublished\":\"2026-01-22T13:30:18+00:00\",\"dateModified\":\"2026-01-22T13:30:42+00:00\",\"description\":\"ADMnext impulsa eficiencia e innovaci\u00f3n en ciencias de la vida con una gesti\u00f3n de aplicaciones moderna y orientada al negocio.\",\"breadcrumb\":{\"@id\":\"https:\/\/www.capgemini.com\/co-es\/solutions\/admnext-para-ciencias-de-la-vida-de-capgemini\/#breadcrumb\"},\"inLanguage\":\"es-MX\",\"potentialAction\":[{\"@type\":\"ReadAction\",\"target\":[\"https:\/\/www.capgemini.com\/co-es\/solutions\/admnext-para-ciencias-de-la-vida-de-capgemini\/\"]}]},{\"@type\":\"ImageObject\",\"inLanguage\":\"es-MX\",\"@id\":\"https:\/\/www.capgemini.com\/co-es\/solutions\/admnext-para-ciencias-de-la-vida-de-capgemini\/#primaryimage\",\"url\":\"https:\/\/www.capgemini.com\/co-es\/wp-content\/uploads\/sites\/25\/2026\/01\/ADMnext-by-Capgemini-LS-hero-banner.jpg\",\"contentUrl\":\"https:\/\/www.capgemini.com\/co-es\/wp-content\/uploads\/sites\/25\/2026\/01\/ADMnext-by-Capgemini-LS-hero-banner.jpg\",\"width\":2880,\"height\":1800},{\"@type\":\"BreadcrumbList\",\"@id\":\"https:\/\/www.capgemini.com\/co-es\/solutions\/admnext-para-ciencias-de-la-vida-de-capgemini\/#breadcrumb\",\"itemListElement\":[{\"@type\":\"ListItem\",\"position\":1,\"name\":\"Home\",\"item\":\"https:\/\/www.capgemini.com\/co-es\/\"},{\"@type\":\"ListItem\",\"position\":2,\"name\":\"Solutions\",\"item\":\"https:\/\/www.capgemini.com\/co-es\/solutions\/\"},{\"@type\":\"ListItem\",\"position\":3,\"name\":\"ADMnext para ciencias de la vida de Capgemini\"}]},{\"@type\":\"WebSite\",\"@id\":\"https:\/\/www.capgemini.com\/co-es\/#website\",\"url\":\"https:\/\/www.capgemini.com\/co-es\/\",\"name\":\"Capgemini Colombia\",\"description\":\"Capgemini\",\"potentialAction\":[{\"@type\":\"SearchAction\",\"target\":{\"@type\":\"EntryPoint\",\"urlTemplate\":\"https:\/\/www.capgemini.com\/co-es\/?s={search_term_string}\"},\"query-input\":\"required name=search_term_string\"}],\"inLanguage\":\"es-MX\"}]}<\/script>\n<!-- \/ Yoast SEO Premium plugin. -->","yoast_head_json":{"title":"ADMnext para Ciencias de la Vida: Innovaci\u00f3n \u00c1gil | Capgemini","description":"ADMnext impulsa eficiencia e innovaci\u00f3n en ciencias de la vida con una gesti\u00f3n de aplicaciones moderna y orientada al negocio.","robots":{"index":"index","follow":"follow","max-snippet":"max-snippet:-1","max-image-preview":"max-image-preview:large","max-video-preview":"max-video-preview:-1"},"canonical":"https:\/\/www.capgemini.com\/co-es\/solutions\/admnext-para-ciencias-de-la-vida-de-capgemini\/","og_locale":"es_MX","og_type":"article","og_title":"ADMnext para ciencias de la vida de Capgemini","og_description":"ADMnext impulsa eficiencia e innovaci\u00f3n en ciencias de la vida con una gesti\u00f3n de aplicaciones moderna y orientada al negocio.","og_url":"https:\/\/www.capgemini.com\/co-es\/solutions\/admnext-para-ciencias-de-la-vida-de-capgemini\/","og_site_name":"Capgemini Colombia","article_modified_time":"2026-01-22T13:30:42+00:00","og_image":[{"width":1200,"height":627,"url":"https:\/\/www.capgemini.com\/co-es\/wp-content\/uploads\/sites\/25\/2025\/10\/New-Web-preview-global.jpg","type":"image\/jpeg"}],"twitter_card":"summary_large_image","twitter_misc":{"Est. reading time":"3 minutes"},"schema":{"@context":"https:\/\/schema.org","@graph":[{"@type":"WebPage","@id":"https:\/\/www.capgemini.com\/co-es\/solutions\/admnext-para-ciencias-de-la-vida-de-capgemini\/","url":"https:\/\/www.capgemini.com\/co-es\/solutions\/admnext-para-ciencias-de-la-vida-de-capgemini\/","name":"ADMnext para Ciencias de la Vida: Innovaci\u00f3n \u00c1gil | Capgemini","isPartOf":{"@id":"https:\/\/www.capgemini.com\/co-es\/#website"},"primaryImageOfPage":{"@id":"https:\/\/www.capgemini.com\/co-es\/solutions\/admnext-para-ciencias-de-la-vida-de-capgemini\/#primaryimage"},"image":{"@id":"https:\/\/www.capgemini.com\/co-es\/solutions\/admnext-para-ciencias-de-la-vida-de-capgemini\/#primaryimage"},"thumbnailUrl":"https:\/\/www.capgemini.com\/co-es\/wp-content\/uploads\/sites\/25\/2026\/01\/ADMnext-by-Capgemini-LS-hero-banner.jpg","datePublished":"2026-01-22T13:30:18+00:00","dateModified":"2026-01-22T13:30:42+00:00","description":"ADMnext impulsa eficiencia e innovaci\u00f3n en ciencias de la vida con una gesti\u00f3n de aplicaciones moderna y orientada al negocio.","breadcrumb":{"@id":"https:\/\/www.capgemini.com\/co-es\/solutions\/admnext-para-ciencias-de-la-vida-de-capgemini\/#breadcrumb"},"inLanguage":"es-MX","potentialAction":[{"@type":"ReadAction","target":["https:\/\/www.capgemini.com\/co-es\/solutions\/admnext-para-ciencias-de-la-vida-de-capgemini\/"]}]},{"@type":"ImageObject","inLanguage":"es-MX","@id":"https:\/\/www.capgemini.com\/co-es\/solutions\/admnext-para-ciencias-de-la-vida-de-capgemini\/#primaryimage","url":"https:\/\/www.capgemini.com\/co-es\/wp-content\/uploads\/sites\/25\/2026\/01\/ADMnext-by-Capgemini-LS-hero-banner.jpg","contentUrl":"https:\/\/www.capgemini.com\/co-es\/wp-content\/uploads\/sites\/25\/2026\/01\/ADMnext-by-Capgemini-LS-hero-banner.jpg","width":2880,"height":1800},{"@type":"BreadcrumbList","@id":"https:\/\/www.capgemini.com\/co-es\/solutions\/admnext-para-ciencias-de-la-vida-de-capgemini\/#breadcrumb","itemListElement":[{"@type":"ListItem","position":1,"name":"Home","item":"https:\/\/www.capgemini.com\/co-es\/"},{"@type":"ListItem","position":2,"name":"Solutions","item":"https:\/\/www.capgemini.com\/co-es\/solutions\/"},{"@type":"ListItem","position":3,"name":"ADMnext para ciencias de la vida de Capgemini"}]},{"@type":"WebSite","@id":"https:\/\/www.capgemini.com\/co-es\/#website","url":"https:\/\/www.capgemini.com\/co-es\/","name":"Capgemini Colombia","description":"Capgemini","potentialAction":[{"@type":"SearchAction","target":{"@type":"EntryPoint","urlTemplate":"https:\/\/www.capgemini.com\/co-es\/?s={search_term_string}"},"query-input":"required name=search_term_string"}],"inLanguage":"es-MX"}]}},"brand_term":[],"parsely":{"version":"1.1.0","canonical_url":"https:\/\/capgemini.com\/co-es\/solutions\/admnext-para-ciencias-de-la-vida-de-capgemini\/","smart_links":{"inbound":0,"outbound":0},"traffic_boost_suggestions_count":0,"meta":{"@context":"https:\/\/schema.org","@type":"WebPage","headline":"ADMnext para ciencias de la vida de Capgemini","url":"https:\/\/www.capgemini.com\/co-es\/solutions\/admnext-para-ciencias-de-la-vida-de-capgemini\/","mainEntityOfPage":{"@type":"WebPage","@id":"https:\/\/www.capgemini.com\/co-es\/solutions\/admnext-para-ciencias-de-la-vida-de-capgemini\/"},"thumbnailUrl":"https:\/\/www.capgemini.com\/co-es\/wp-content\/uploads\/sites\/25\/2026\/01\/ADMnext-by-Capgemini-LS-hero-banner.jpg?w=150&h=150&crop=1","image":{"@type":"ImageObject","url":"https:\/\/www.capgemini.com\/co-es\/wp-content\/uploads\/sites\/25\/2026\/01\/ADMnext-by-Capgemini-LS-hero-banner.jpg"},"articleSection":"Uncategorized","author":[],"creator":[],"publisher":{"@type":"Organization","name":"Capgemini Colombia","logo":""},"keywords":[],"dateCreated":"2026-01-22T13:30:18Z","datePublished":"2026-01-22T13:30:18Z","dateModified":"2026-01-22T13:30:42Z"},"rendered":"<meta name=\"parsely-title\" content=\"ADMnext para ciencias de la vida de Capgemini\" \/>\n<meta name=\"parsely-link\" content=\"https:\/\/www.capgemini.com\/co-es\/solutions\/admnext-para-ciencias-de-la-vida-de-capgemini\/\" \/>\n<meta name=\"parsely-type\" content=\"index\" \/>\n<meta name=\"parsely-image-url\" content=\"https:\/\/www.capgemini.com\/co-es\/wp-content\/uploads\/sites\/25\/2026\/01\/ADMnext-by-Capgemini-LS-hero-banner.jpg?w=150&amp;h=150&amp;crop=1\" \/>\n<meta name=\"parsely-pub-date\" content=\"2026-01-22T13:30:18Z\" \/>\n<meta name=\"parsely-section\" content=\"Uncategorized\" \/>","tracker_url":"https:\/\/cdn.parsely.com\/keys\/capgemini.com\/p.js"},"archive_status":false,"featured_image_src":"https:\/\/www.capgemini.com\/co-es\/wp-content\/uploads\/sites\/25\/2026\/01\/ADMnext-by-Capgemini-LS-hero-banner.jpg","featured_image_alt":"","jetpack_sharing_enabled":true,"distributor_meta":false,"distributor_terms":false,"distributor_media":false,"distributor_original_site_name":"Capgemini Colombia","distributor_original_site_url":"https:\/\/www.capgemini.com\/co-es","push-errors":false,"_links":{"self":[{"href":"https:\/\/www.capgemini.com\/co-es\/wp-json\/wp\/v2\/pages\/548021","targetHints":{"allow":["GET"]}}],"collection":[{"href":"https:\/\/www.capgemini.com\/co-es\/wp-json\/wp\/v2\/pages"}],"about":[{"href":"https:\/\/www.capgemini.com\/co-es\/wp-json\/wp\/v2\/types\/page"}],"author":[{"embeddable":true,"href":"https:\/\/www.capgemini.com\/co-es\/wp-json\/wp\/v2\/users\/257"}],"replies":[{"embeddable":true,"href":"https:\/\/www.capgemini.com\/co-es\/wp-json\/wp\/v2\/comments?post=548021"}],"version-history":[{"count":1,"href":"https:\/\/www.capgemini.com\/co-es\/wp-json\/wp\/v2\/pages\/548021\/revisions"}],"predecessor-version":[{"id":548024,"href":"https:\/\/www.capgemini.com\/co-es\/wp-json\/wp\/v2\/pages\/548021\/revisions\/548024"}],"up":[{"embeddable":true,"href":"https:\/\/www.capgemini.com\/co-es\/wp-json\/wp\/v2\/pages\/5720"}],"wp:featuredmedia":[{"embeddable":true,"href":"https:\/\/www.capgemini.com\/co-es\/wp-json\/wp\/v2\/media\/548022"}],"wp:attachment":[{"href":"https:\/\/www.capgemini.com\/co-es\/wp-json\/wp\/v2\/media?parent=548021"}],"wp:term":[{"taxonomy":"brand","embeddable":true,"href":"https:\/\/www.capgemini.com\/co-es\/wp-json\/wp\/v2\/brand?post=548021"},{"taxonomy":"partner_type","embeddable":true,"href":"https:\/\/www.capgemini.com\/co-es\/wp-json\/wp\/v2\/partner_type?post=548021"},{"taxonomy":"service","embeddable":true,"href":"https:\/\/www.capgemini.com\/co-es\/wp-json\/wp\/v2\/service?post=548021"},{"taxonomy":"industry","embeddable":true,"href":"https:\/\/www.capgemini.com\/co-es\/wp-json\/wp\/v2\/industry?post=548021"},{"taxonomy":"partners","embeddable":true,"href":"https:\/\/www.capgemini.com\/co-es\/wp-json\/wp\/v2\/partners?post=548021"},{"taxonomy":"page-type","embeddable":true,"href":"https:\/\/www.capgemini.com\/co-es\/wp-json\/wp\/v2\/page-type?post=548021"},{"taxonomy":"content-group","embeddable":true,"href":"https:\/\/www.capgemini.com\/co-es\/wp-json\/wp\/v2\/content-group?post=548021"}],"curies":[{"name":"wp","href":"https:\/\/api.w.org\/{rel}","templated":true}]}}