{"id":546809,"date":"2025-12-22T05:56:16","date_gmt":"2025-12-22T05:56:16","guid":{"rendered":"https:\/\/www.capgemini.com\/co-es\/?page_id=546809&#038;preview_id=546809"},"modified":"2026-01-09T06:47:38","modified_gmt":"2026-01-09T06:47:38","slug":"el-fondo-de-innovacion-de-la-ue-desbloqueando-la-financiacion-para-la-tecnologia-climatica","status":"publish","type":"page","link":"https:\/\/www.capgemini.com\/co-es\/solutions\/el-fondo-de-innovacion-de-la-ue-desbloqueando-la-financiacion-para-la-tecnologia-climatica\/","title":{"rendered":"El fondo de innovaci\u00f3n de la UE: Desbloqueando la financiaci\u00f3n para la tecnolog\u00eda clim\u00e1tica"},"content":{"rendered":"\n<header class=\"wp-block-cg-blocks-hero-reusable header heroReusable  \"><div class=\"header-bgs\"><picture><source srcset=\"https:\/\/www.capgemini.com\/wp-content\/uploads\/2025\/12\/Banner-image-PoV-Agentic-AI.jpg?w=2880&amp;quality=70 1x, https:\/\/www.capgemini.com\/wp-content\/uploads\/2025\/12\/Banner-image-PoV-Agentic-AI.jpg?w=2880&amp;quality=70 2x\" media=\"(min-width: 1500px)\"\/><source srcset=\"https:\/\/www.capgemini.com\/wp-content\/uploads\/2025\/12\/Banner-image-PoV-Agentic-AI.jpg?w=1440&amp;quality=70 1x, https:\/\/www.capgemini.com\/wp-content\/uploads\/2025\/12\/Banner-image-PoV-Agentic-AI.jpg?w=2880&amp;quality=70 2x\" media=\"(min-width: 992px)\"\/><source srcset=\"https:\/\/www.capgemini.com\/wp-content\/uploads\/2025\/12\/Banner-image-PoV-Agentic-AI.jpg?w=1024&amp;quality=70 1x, https:\/\/www.capgemini.com\/wp-content\/uploads\/2025\/12\/Banner-image-PoV-Agentic-AI.jpg?w=1024&amp;quality=70 2x\" media=\"(min-width: 768px)\"\/><source srcset=\"https:\/\/www.capgemini.com\/wp-content\/uploads\/2025\/12\/Banner-image-PoV-Agentic-AI.jpg?w=768&amp;quality=70 1x, https:\/\/www.capgemini.com\/wp-content\/uploads\/2025\/12\/Banner-image-PoV-Agentic-AI.jpg?w=768&amp;quality=70 2x\" media=\"(min-width: 0)\"\/><img decoding=\"async\" src=\"https:\/\/www.capgemini.com\/wp-content\/uploads\/2025\/12\/Banner-image-PoV-Agentic-AI.jpg\" class=\"header-img header-img-d\" alt=\"\" style=\"object-fit:cover;object-position:50% 50%\" loading=\"eager\"\/><\/picture><\/div><div class=\"heroPictureCardHeaderShape\"><\/div><div class=\"container\"><div class=\"row\"><div class=\"col-md-12\"><div class=\"box\"><div class=\"boxTagWrapper\"><div class=\"tagInfo\"><div><span class=\"box-tag\">Solution<\/span><\/div><\/div><\/div><div class=\"box-title\"><h1 data-maxlength=\"34\">El fondo de innovaci\u00f3n de la UE: Desbloqueando la financiaci\u00f3n para la tecnolog\u00eda clim\u00e1tica<\/h1><\/div><div class=\"inner-row-insight download-btn\"><\/div><\/div><\/div><\/div><\/div><\/header>\n\n\n\n<section class=\"wp-block-cg-blocks-group section section--article-content\"><div class=\"article-main-content\"><div class=\"container\"><div class=\"row\"><div class=\"col-12 col-md-1\"><nav class=\"article-social\"><ul class=\"social-nav\"><li class=\"ip-order-fb\"><a href=\"https:\/\/www.facebook.com\/sharer\/sharer.php?u=https:\/\/www.capgemini.com\/?page_id=1182571\" target=\"_blank\" rel=\"noopener noreferrer\" title=\"opens in a new window\"><i aria-hidden=\"true\" class=\"icon-fb\"><\/i><span class=\"sr-only\">Facebook<\/span><\/a><\/li><li class=\"ip-order-li\"><a href=\"https:\/\/www.linkedin.com\/shareArticle?url=https:\/\/www.capgemini.com\/?page_id=1182571\" target=\"_blank\" rel=\"noopener noreferrer\" title=\"opens in a new window\"><i aria-hidden=\"true\" class=\"icon-li\"><\/i><span class=\"sr-only\">Linkedin<\/span><\/a><\/li><\/ul><\/nav><\/div><div class=\"col-12 col-md-11 col-lg-10\"><div class=\"article-text article-quote-text\">\n<h2 class=\"wp-block-heading\" id=\"h-el-fondo-de-innovacion-de-la-ue-if-es-un-pilar-fundamental-de-la-estrategia-climatica-europea-que-canaliza-miles-de-millones-de-euros-hacia-tecnologias-que-aceleraran-la-descarbonizacion-y-fortaleceran-la-competitividad\">El Fondo de Innovaci\u00f3n de la UE (IF) es un pilar fundamental de la estrategia clim\u00e1tica europea, que canaliza miles de millones de euros hacia tecnolog\u00edas que acelerar\u00e1n la descarbonizaci\u00f3n y fortalecer\u00e1n la competitividad.<\/h2>\n\n\n\n<p>Nuestro Grupo combina una amplia experiencia en el sector y capacidades de ejecuci\u00f3n comprobadas para ayudar a las organizaciones a obtener financiaci\u00f3n y a escalar con \u00e9xito soluciones clim\u00e1ticamente neutras a trav\u00e9s de asistencia personalizada para el desarrollo de proyectos.<\/p>\n\n\n\n<h3 class=\"wp-block-heading\" id=\"h-impulsando-la-descarbonizacion-en-europa\">Impulsando la descarbonizaci\u00f3n en Europa<\/h3>\n\n\n\n<p>El Fondo de Innovaci\u00f3n (IF) impulsa la transici\u00f3n de Europa hacia la neutralidad clim\u00e1tica financiando la expansi\u00f3n de tecnolog\u00edas limpias de vanguardia. Con un presupuesto de 40.000 millones de euros\u00b9, apoya proyectos en industrias de alto consumo energ\u00e9tico, energ\u00edas renovables, captura y almacenamiento de carbono, almacenamiento de energ\u00eda y movilidad y edificios con cero emisiones netas. Las organizaciones elegibles en la UE, Noruega, Islandia o Liechtenstein pueden solicitar la \u00faltima ronda de financiaci\u00f3n del IF 2025 hasta el 23 de abril de 2026, con subvenciones que cubren hasta el 60 % de los costes elegibles y subastas que cubren hasta el 100 %. Obtener financiaci\u00f3n del IF permite a los innovadores implementar soluciones clim\u00e1ticamente neutras, reducir las emisiones y fortalecer su posici\u00f3n en el mercado en un panorama regulatorio en r\u00e1pida evoluci\u00f3n.<\/p>\n\n\n\n<h3 class=\"wp-block-heading\" id=\"h-superar-los-desafios-de-acceso\">Superar los desaf\u00edos de acceso<\/h3>\n\n\n\n<p>A pesar del aumento de las oportunidades de financiaci\u00f3n y la demanda del mercado, la ampliaci\u00f3n de los proyectos de tecnolog\u00edas limpias sigue siendo un obst\u00e1culo importante. La comercializaci\u00f3n exitosa requiere m\u00e1s que innovaci\u00f3n: exige un enfoque integral que integre estudios de viabilidad detallados, una rigurosa diligencia debida financiera y t\u00e9cnica, y la adaptaci\u00f3n a los complejos requisitos regulatorios y del mercado. Los proyectos deben demostrar una v\u00eda cre\u00edble hacia el mercado, asegurar inversiones a largo plazo y establecer alianzas estrat\u00e9gicas. Sin esto, incluso las iniciativas prometedoras corren el riesgo de estancarse, lo que retrasa las decisiones finales de inversi\u00f3n y la puesta en marcha de las operaciones.&nbsp;<\/p>\n\n\n\n<p>El proceso de solicitud de IF refleja estos desaf\u00edos. Altamente competitivo y regido por criterios estrictos, exige que los proyectos alcancen una alta madurez financiera y demuestren un potencial significativo de reducci\u00f3n de emisiones, como lo destacan los resultados de la encuesta IF24. Para muchas organizaciones, la complejidad del proceso puede abrumar a equipos ya sobrecargados, lo que provoca retrasos en la financiaci\u00f3n y la implementaci\u00f3n de los proyectos.<\/p>\n\n\n\n<p>La Asistencia para el Desarrollo de Proyectos (PDA) puede ayudar a superar estos desaf\u00edos. Nuestros servicios de PDA gu\u00edan a las organizaciones en cada etapa del proceso mediante:<\/p>\n\n\n\n<ul class=\"wp-block-list\">\n<li><strong>Evaluar la elegibilidad del proyecto<\/strong> y asesorar sobre si el Fondo de Innovaci\u00f3n u otro programa de financiaci\u00f3n ofrece la mejor opci\u00f3n.&nbsp;<\/li>\n<\/ul>\n\n\n\n<ul class=\"wp-block-list\">\n<li><strong>Ofrecemos apoyo personalizado<\/strong>, desde el desarrollo completo de propuestas hasta asistencia espec\u00edfica o revisiones de calidad.&nbsp;<\/li>\n<\/ul>\n\n\n\n<p>Con un servicio integral de asistencia para el desarrollo de proyectos, ayudamos a que los proyectos alcancen la madurez financiera y t\u00e9cnica, tendiendo un puente entre las primeras etapas de desarrollo y la implementaci\u00f3n a gran escala.&nbsp;<\/p>\n\n\n\n<blockquote class=\"wp-block-quote is-layout-flow wp-block-quote-is-layout-flow\">\n<p>\u201cLa innovaci\u00f3n es vital para impulsar soluciones de cero emisiones netas en toda Europa. Si bien muchas organizaciones han desarrollado tecnolog\u00edas clim\u00e1ticas prometedoras, necesitan acceso a financiaci\u00f3n para implementar sus soluciones a gran escala. El Fondo de Innovaci\u00f3n contribuye a cerrar esa brecha de financiaci\u00f3n para impulsar el progreso en materia de sostenibilidad e infraestructuras de nueva generaci\u00f3n.\u201d&nbsp;&nbsp;<\/p>\n<cite>Florent Andrillon, Director Global de Tecnolog\u00eda Clim\u00e1tica, Capgemini<\/cite><\/blockquote>\n\n\n\n<h3 class=\"wp-block-heading\" id=\"h-en-el-centro-del-fondo-de-innovacion-junto-con-el-banco-europeo-de-inversiones\">En el centro del fondo de innovaci\u00f3n, junto con el Banco Europeo de Inversiones.<\/h3>\n\n\n\n<p>El consorcio liderado por Capgemini, junto con HINICIO, Grant Thornton Greece, Adelphi, Stantec y LDK Consultants, ha sido seleccionado por el Banco Europeo de Inversiones (BEI) para acelerar los proyectos de descarbonizaci\u00f3n mediante la prestaci\u00f3n de asistencia t\u00e9cnica a organizaciones elegibles en toda Europa.<\/p>\n\n\n\n<p>Como socio exclusivo del BEI, apoyamos a las empresas a lo largo de todo el proceso de desarrollo de proyectos, proporcionando evaluaciones tecnol\u00f3gicas y de mercado, estudios de viabilidad, preparaci\u00f3n de proyectos y an\u00e1lisis t\u00e9cnicos de diligencia debida.<\/p>\n\n\n\n<p>Hasta la fecha, Capgemini ha completado m\u00e1s de 10 acuerdos de desarrollo de proyectos para el BEI. En el marco de este acuerdo, se prev\u00e9 que entreguemos m\u00e1s de 150 acuerdos de desarrollo de proyectos adicionales en los pr\u00f3ximos cuatro a\u00f1os.&nbsp;<\/p>\n\n\n\n<h4 class=\"wp-block-heading\" id=\"h-ademas-de-nuestro-trabajo-en-el-marco-del-programa-pda-del-bei-ya-hemos-brindado-apoyo-a-empresas-lideres-para-que-sus-proyectos-pasen-de-la-fase-conceptual-a-la-realidad\">Adem\u00e1s de nuestro trabajo en el marco del programa PDA del BEI, ya hemos brindado apoyo a empresas l\u00edderes para que sus proyectos pasen de la fase conceptual a la realidad.<\/h4>\n\n\n\n<ul class=\"wp-block-list\">\n<li><strong>Colaboramos con clientes de los sectores<\/strong> industrial y energ\u00e9tico: desde el dise\u00f1o de electrolizadores de \u00faltima generaci\u00f3n y la exploraci\u00f3n de conceptos de conversi\u00f3n de energ\u00eda en gas, hasta la realizaci\u00f3n de estudios comerciales y t\u00e9cnicos en todas las tecnolog\u00edas clim\u00e1ticas y sectores energ\u00e9ticos.&nbsp;<\/li>\n<\/ul>\n\n\n\n<ul class=\"wp-block-list\">\n<li><strong>Apoyamos todo el ciclo del proyecto<\/strong>: estudios de viabilidad y de mercado, dise\u00f1o de ingenier\u00eda preliminar (Pre-FEED) y asistencia en la fase FEED, elaboraci\u00f3n de planes de negocio y an\u00e1lisis comparativos de tecnolog\u00eda, ayudando a empresas en crecimiento y a empresas consolidadas de los sectores de la movilidad, el cemento, el acero, el metanol y los productos qu\u00edmicos a tomar decisiones de inversi\u00f3n.&nbsp;<\/li>\n<\/ul>\n\n\n\n<blockquote class=\"wp-block-quote is-layout-flow wp-block-quote-is-layout-flow\">\n<p>\u201cOrganizaciones de los sectores energ\u00e9tico e industrial, desde operadores de gas natural hasta fabricantes de veh\u00edculos pesados \u200b\u200by electrolizadores, est\u00e1n trabajando para crear un futuro con bajas emisiones de carbono. Obtener la financiaci\u00f3n necesaria para la plena implementaci\u00f3n de estos proyectos es clave para lograr la transici\u00f3n energ\u00e9tica.\u201d<\/p>\n<cite>Arthur Arrighi, Director de Futuros Sostenibles, Capgemini Invent<\/cite><\/blockquote>\n\n\n\n<p><a id=\"_msocom_2\"><\/a><\/p>\n<\/div><\/div><\/div><\/div><\/div><\/section>\n","protected":false},"excerpt":{"rendered":"<p>El Fondo de Innovaci\u00f3n de la UE (IF) es un pilar fundamental de la estrategia clim\u00e1tica europea, que canaliza miles de millones de euros hacia tecnolog\u00edas que acelerar\u00e1n la descarbonizaci\u00f3n y fortalecer\u00e1n la competitividad.<\/p>\n","protected":false},"author":33,"featured_media":546810,"parent":5720,"menu_order":0,"comment_status":"closed","ping_status":"closed","template":"","meta":{"cg_dt_proposed_to":[],"cg_seo_hreflang_relations":"[]","cg_seo_canonical_relation":"","cg_seo_hreflang_x_default_relation":"","cg_dt_approved_content":true,"cg_dt_mandatory_content":false,"cg_dt_notes":"","cg_dg_source_changed":false,"cg_dt_link_disabled":false,"_yoast_wpseo_primary_brand":"","footnotes":"","featured_focal_points":"","partner_card_description":"","gsap_animation":0},"brand":[],"partner_type":[],"service":[],"industry":[],"partners":[],"page-type":[],"content-group":[],"class_list":["post-546809","page","type-page","status-publish","has-post-thumbnail","hentry"],"yoast_head":"<!-- This site is optimized with the Yoast SEO Premium plugin v22.8 (Yoast SEO v22.8) - https:\/\/yoast.com\/wordpress\/plugins\/seo\/ -->\n<title>El fondo de innovaci\u00f3n de la UE: Desbloqueando la financiaci\u00f3n para la tecnolog\u00eda clim\u00e1tica - Capgemini Colombia<\/title>\n<meta name=\"robots\" content=\"index, follow, max-snippet:-1, max-image-preview:large, max-video-preview:-1\" \/>\n<link rel=\"canonical\" href=\"https:\/\/www.capgemini.com\/co-es\/solutions\/el-fondo-de-innovacion-de-la-ue-desbloqueando-la-financiacion-para-la-tecnologia-climatica\/\" \/>\n<meta property=\"og:locale\" content=\"es_MX\" \/>\n<meta property=\"og:type\" content=\"article\" \/>\n<meta property=\"og:title\" content=\"El fondo de innovaci\u00f3n de la UE: Desbloqueando la financiaci\u00f3n para la tecnolog\u00eda clim\u00e1tica\" \/>\n<meta property=\"og:description\" content=\"El Fondo de Innovaci\u00f3n de la UE (IF) es un pilar fundamental de la estrategia clim\u00e1tica europea, que canaliza miles de millones de euros hacia tecnolog\u00edas que acelerar\u00e1n la descarbonizaci\u00f3n y fortalecer\u00e1n la competitividad.\" \/>\n<meta property=\"og:url\" content=\"https:\/\/www.capgemini.com\/co-es\/solutions\/el-fondo-de-innovacion-de-la-ue-desbloqueando-la-financiacion-para-la-tecnologia-climatica\/\" \/>\n<meta property=\"og:site_name\" content=\"Capgemini Colombia\" \/>\n<meta property=\"article:modified_time\" content=\"2026-01-09T06:47:38+00:00\" \/>\n<meta property=\"og:image\" content=\"https:\/\/www.capgemini.com\/co-es\/wp-content\/uploads\/sites\/25\/2025\/12\/Banner-image-PoV-Agentic-AI.jpg\" \/>\n\t<meta property=\"og:image:width\" content=\"2880\" \/>\n\t<meta property=\"og:image:height\" content=\"1800\" \/>\n\t<meta property=\"og:image:type\" content=\"image\/jpeg\" \/>\n<meta name=\"twitter:card\" content=\"summary_large_image\" \/>\n<meta name=\"twitter:label1\" content=\"Est. reading time\" \/>\n\t<meta name=\"twitter:data1\" content=\"5 minutes\" \/>\n<script type=\"application\/ld+json\" class=\"yoast-schema-graph\">{\"@context\":\"https:\/\/schema.org\",\"@graph\":[{\"@type\":\"WebPage\",\"@id\":\"https:\/\/www.capgemini.com\/co-es\/solutions\/el-fondo-de-innovacion-de-la-ue-desbloqueando-la-financiacion-para-la-tecnologia-climatica\/\",\"url\":\"https:\/\/www.capgemini.com\/co-es\/solutions\/el-fondo-de-innovacion-de-la-ue-desbloqueando-la-financiacion-para-la-tecnologia-climatica\/\",\"name\":\"El fondo de innovaci\u00f3n de la UE: Desbloqueando la financiaci\u00f3n para la tecnolog\u00eda clim\u00e1tica - Capgemini Colombia\",\"isPartOf\":{\"@id\":\"https:\/\/www.capgemini.com\/co-es\/#website\"},\"primaryImageOfPage\":{\"@id\":\"https:\/\/www.capgemini.com\/co-es\/solutions\/el-fondo-de-innovacion-de-la-ue-desbloqueando-la-financiacion-para-la-tecnologia-climatica\/#primaryimage\"},\"image\":{\"@id\":\"https:\/\/www.capgemini.com\/co-es\/solutions\/el-fondo-de-innovacion-de-la-ue-desbloqueando-la-financiacion-para-la-tecnologia-climatica\/#primaryimage\"},\"thumbnailUrl\":\"https:\/\/www.capgemini.com\/co-es\/wp-content\/uploads\/sites\/25\/2025\/12\/Banner-image-PoV-Agentic-AI.jpg\",\"datePublished\":\"2025-12-22T05:56:16+00:00\",\"dateModified\":\"2026-01-09T06:47:38+00:00\",\"breadcrumb\":{\"@id\":\"https:\/\/www.capgemini.com\/co-es\/solutions\/el-fondo-de-innovacion-de-la-ue-desbloqueando-la-financiacion-para-la-tecnologia-climatica\/#breadcrumb\"},\"inLanguage\":\"es-MX\",\"potentialAction\":[{\"@type\":\"ReadAction\",\"target\":[\"https:\/\/www.capgemini.com\/co-es\/solutions\/el-fondo-de-innovacion-de-la-ue-desbloqueando-la-financiacion-para-la-tecnologia-climatica\/\"]}]},{\"@type\":\"ImageObject\",\"inLanguage\":\"es-MX\",\"@id\":\"https:\/\/www.capgemini.com\/co-es\/solutions\/el-fondo-de-innovacion-de-la-ue-desbloqueando-la-financiacion-para-la-tecnologia-climatica\/#primaryimage\",\"url\":\"https:\/\/www.capgemini.com\/co-es\/wp-content\/uploads\/sites\/25\/2025\/12\/Banner-image-PoV-Agentic-AI.jpg\",\"contentUrl\":\"https:\/\/www.capgemini.com\/co-es\/wp-content\/uploads\/sites\/25\/2025\/12\/Banner-image-PoV-Agentic-AI.jpg\",\"width\":2880,\"height\":1800,\"caption\":\"Banner image PoV Agentic AI\"},{\"@type\":\"BreadcrumbList\",\"@id\":\"https:\/\/www.capgemini.com\/co-es\/solutions\/el-fondo-de-innovacion-de-la-ue-desbloqueando-la-financiacion-para-la-tecnologia-climatica\/#breadcrumb\",\"itemListElement\":[{\"@type\":\"ListItem\",\"position\":1,\"name\":\"Home\",\"item\":\"https:\/\/www.capgemini.com\/co-es\/\"},{\"@type\":\"ListItem\",\"position\":2,\"name\":\"Solutions\",\"item\":\"https:\/\/www.capgemini.com\/co-es\/solutions\/\"},{\"@type\":\"ListItem\",\"position\":3,\"name\":\"El fondo de innovaci\u00f3n de la UE: Desbloqueando la financiaci\u00f3n para la tecnolog\u00eda clim\u00e1tica\"}]},{\"@type\":\"WebSite\",\"@id\":\"https:\/\/www.capgemini.com\/co-es\/#website\",\"url\":\"https:\/\/www.capgemini.com\/co-es\/\",\"name\":\"Capgemini Colombia\",\"description\":\"Capgemini\",\"potentialAction\":[{\"@type\":\"SearchAction\",\"target\":{\"@type\":\"EntryPoint\",\"urlTemplate\":\"https:\/\/www.capgemini.com\/co-es\/?s={search_term_string}\"},\"query-input\":\"required name=search_term_string\"}],\"inLanguage\":\"es-MX\"}]}<\/script>\n<!-- \/ Yoast SEO Premium plugin. -->","yoast_head_json":{"title":"El fondo de innovaci\u00f3n de la UE: Desbloqueando la financiaci\u00f3n para la tecnolog\u00eda clim\u00e1tica - Capgemini Colombia","robots":{"index":"index","follow":"follow","max-snippet":"max-snippet:-1","max-image-preview":"max-image-preview:large","max-video-preview":"max-video-preview:-1"},"canonical":"https:\/\/www.capgemini.com\/co-es\/solutions\/el-fondo-de-innovacion-de-la-ue-desbloqueando-la-financiacion-para-la-tecnologia-climatica\/","og_locale":"es_MX","og_type":"article","og_title":"El fondo de innovaci\u00f3n de la UE: Desbloqueando la financiaci\u00f3n para la tecnolog\u00eda clim\u00e1tica","og_description":"El Fondo de Innovaci\u00f3n de la UE (IF) es un pilar fundamental de la estrategia clim\u00e1tica europea, que canaliza miles de millones de euros hacia tecnolog\u00edas que acelerar\u00e1n la descarbonizaci\u00f3n y fortalecer\u00e1n la competitividad.","og_url":"https:\/\/www.capgemini.com\/co-es\/solutions\/el-fondo-de-innovacion-de-la-ue-desbloqueando-la-financiacion-para-la-tecnologia-climatica\/","og_site_name":"Capgemini Colombia","article_modified_time":"2026-01-09T06:47:38+00:00","og_image":[{"width":2880,"height":1800,"url":"https:\/\/www.capgemini.com\/co-es\/wp-content\/uploads\/sites\/25\/2025\/12\/Banner-image-PoV-Agentic-AI.jpg","type":"image\/jpeg"}],"twitter_card":"summary_large_image","twitter_misc":{"Est. reading time":"5 minutes"},"schema":{"@context":"https:\/\/schema.org","@graph":[{"@type":"WebPage","@id":"https:\/\/www.capgemini.com\/co-es\/solutions\/el-fondo-de-innovacion-de-la-ue-desbloqueando-la-financiacion-para-la-tecnologia-climatica\/","url":"https:\/\/www.capgemini.com\/co-es\/solutions\/el-fondo-de-innovacion-de-la-ue-desbloqueando-la-financiacion-para-la-tecnologia-climatica\/","name":"El fondo de innovaci\u00f3n de la UE: Desbloqueando la financiaci\u00f3n para la tecnolog\u00eda clim\u00e1tica - Capgemini Colombia","isPartOf":{"@id":"https:\/\/www.capgemini.com\/co-es\/#website"},"primaryImageOfPage":{"@id":"https:\/\/www.capgemini.com\/co-es\/solutions\/el-fondo-de-innovacion-de-la-ue-desbloqueando-la-financiacion-para-la-tecnologia-climatica\/#primaryimage"},"image":{"@id":"https:\/\/www.capgemini.com\/co-es\/solutions\/el-fondo-de-innovacion-de-la-ue-desbloqueando-la-financiacion-para-la-tecnologia-climatica\/#primaryimage"},"thumbnailUrl":"https:\/\/www.capgemini.com\/co-es\/wp-content\/uploads\/sites\/25\/2025\/12\/Banner-image-PoV-Agentic-AI.jpg","datePublished":"2025-12-22T05:56:16+00:00","dateModified":"2026-01-09T06:47:38+00:00","breadcrumb":{"@id":"https:\/\/www.capgemini.com\/co-es\/solutions\/el-fondo-de-innovacion-de-la-ue-desbloqueando-la-financiacion-para-la-tecnologia-climatica\/#breadcrumb"},"inLanguage":"es-MX","potentialAction":[{"@type":"ReadAction","target":["https:\/\/www.capgemini.com\/co-es\/solutions\/el-fondo-de-innovacion-de-la-ue-desbloqueando-la-financiacion-para-la-tecnologia-climatica\/"]}]},{"@type":"ImageObject","inLanguage":"es-MX","@id":"https:\/\/www.capgemini.com\/co-es\/solutions\/el-fondo-de-innovacion-de-la-ue-desbloqueando-la-financiacion-para-la-tecnologia-climatica\/#primaryimage","url":"https:\/\/www.capgemini.com\/co-es\/wp-content\/uploads\/sites\/25\/2025\/12\/Banner-image-PoV-Agentic-AI.jpg","contentUrl":"https:\/\/www.capgemini.com\/co-es\/wp-content\/uploads\/sites\/25\/2025\/12\/Banner-image-PoV-Agentic-AI.jpg","width":2880,"height":1800,"caption":"Banner image PoV Agentic AI"},{"@type":"BreadcrumbList","@id":"https:\/\/www.capgemini.com\/co-es\/solutions\/el-fondo-de-innovacion-de-la-ue-desbloqueando-la-financiacion-para-la-tecnologia-climatica\/#breadcrumb","itemListElement":[{"@type":"ListItem","position":1,"name":"Home","item":"https:\/\/www.capgemini.com\/co-es\/"},{"@type":"ListItem","position":2,"name":"Solutions","item":"https:\/\/www.capgemini.com\/co-es\/solutions\/"},{"@type":"ListItem","position":3,"name":"El fondo de innovaci\u00f3n de la UE: Desbloqueando la financiaci\u00f3n para la tecnolog\u00eda clim\u00e1tica"}]},{"@type":"WebSite","@id":"https:\/\/www.capgemini.com\/co-es\/#website","url":"https:\/\/www.capgemini.com\/co-es\/","name":"Capgemini Colombia","description":"Capgemini","potentialAction":[{"@type":"SearchAction","target":{"@type":"EntryPoint","urlTemplate":"https:\/\/www.capgemini.com\/co-es\/?s={search_term_string}"},"query-input":"required name=search_term_string"}],"inLanguage":"es-MX"}]}},"brand_term":[],"parsely":{"version":"1.1.0","canonical_url":"https:\/\/capgemini.com\/co-es\/solutions\/el-fondo-de-innovacion-de-la-ue-desbloqueando-la-financiacion-para-la-tecnologia-climatica\/","smart_links":{"inbound":0,"outbound":0},"traffic_boost_suggestions_count":0,"meta":{"@context":"https:\/\/schema.org","@type":"WebPage","headline":"El fondo de innovaci\u00f3n de la UE: Desbloqueando la financiaci\u00f3n para la tecnolog\u00eda clim\u00e1tica","url":"https:\/\/www.capgemini.com\/co-es\/solutions\/el-fondo-de-innovacion-de-la-ue-desbloqueando-la-financiacion-para-la-tecnologia-climatica\/","mainEntityOfPage":{"@type":"WebPage","@id":"https:\/\/www.capgemini.com\/co-es\/solutions\/el-fondo-de-innovacion-de-la-ue-desbloqueando-la-financiacion-para-la-tecnologia-climatica\/"},"thumbnailUrl":"https:\/\/www.capgemini.com\/co-es\/wp-content\/uploads\/sites\/25\/2025\/12\/Banner-image-PoV-Agentic-AI.jpg?w=150&h=150&crop=1","image":{"@type":"ImageObject","url":"https:\/\/www.capgemini.com\/co-es\/wp-content\/uploads\/sites\/25\/2025\/12\/Banner-image-PoV-Agentic-AI.jpg"},"articleSection":"Uncategorized","author":[],"creator":[],"publisher":{"@type":"Organization","name":"Capgemini Colombia","logo":""},"keywords":[],"dateCreated":"2025-12-22T05:56:16Z","datePublished":"2025-12-22T05:56:16Z","dateModified":"2026-01-09T06:47:38Z"},"rendered":"<meta name=\"parsely-title\" content=\"El fondo de innovaci\u00f3n de la UE: Desbloqueando la financiaci\u00f3n para la tecnolog\u00eda clim\u00e1tica\" \/>\n<meta name=\"parsely-link\" content=\"https:\/\/www.capgemini.com\/co-es\/solutions\/el-fondo-de-innovacion-de-la-ue-desbloqueando-la-financiacion-para-la-tecnologia-climatica\/\" \/>\n<meta name=\"parsely-type\" content=\"index\" \/>\n<meta name=\"parsely-image-url\" content=\"https:\/\/www.capgemini.com\/co-es\/wp-content\/uploads\/sites\/25\/2025\/12\/Banner-image-PoV-Agentic-AI.jpg?w=150&amp;h=150&amp;crop=1\" \/>\n<meta name=\"parsely-pub-date\" content=\"2025-12-22T05:56:16Z\" \/>\n<meta name=\"parsely-section\" content=\"Uncategorized\" \/>","tracker_url":"https:\/\/cdn.parsely.com\/keys\/capgemini.com\/p.js"},"archive_status":false,"featured_image_src":"https:\/\/www.capgemini.com\/co-es\/wp-content\/uploads\/sites\/25\/2025\/12\/Banner-image-PoV-Agentic-AI.jpg","featured_image_alt":"Banner image PoV Agentic AI","jetpack_sharing_enabled":true,"distributor_meta":false,"distributor_terms":false,"distributor_media":false,"distributor_original_site_name":"Capgemini Colombia","distributor_original_site_url":"https:\/\/www.capgemini.com\/co-es","push-errors":false,"_links":{"self":[{"href":"https:\/\/www.capgemini.com\/co-es\/wp-json\/wp\/v2\/pages\/546809","targetHints":{"allow":["GET"]}}],"collection":[{"href":"https:\/\/www.capgemini.com\/co-es\/wp-json\/wp\/v2\/pages"}],"about":[{"href":"https:\/\/www.capgemini.com\/co-es\/wp-json\/wp\/v2\/types\/page"}],"author":[{"embeddable":true,"href":"https:\/\/www.capgemini.com\/co-es\/wp-json\/wp\/v2\/users\/33"}],"replies":[{"embeddable":true,"href":"https:\/\/www.capgemini.com\/co-es\/wp-json\/wp\/v2\/comments?post=546809"}],"version-history":[{"count":2,"href":"https:\/\/www.capgemini.com\/co-es\/wp-json\/wp\/v2\/pages\/546809\/revisions"}],"predecessor-version":[{"id":546813,"href":"https:\/\/www.capgemini.com\/co-es\/wp-json\/wp\/v2\/pages\/546809\/revisions\/546813"}],"up":[{"embeddable":true,"href":"https:\/\/www.capgemini.com\/co-es\/wp-json\/wp\/v2\/pages\/5720"}],"wp:featuredmedia":[{"embeddable":true,"href":"https:\/\/www.capgemini.com\/co-es\/wp-json\/wp\/v2\/media\/546810"}],"wp:attachment":[{"href":"https:\/\/www.capgemini.com\/co-es\/wp-json\/wp\/v2\/media?parent=546809"}],"wp:term":[{"taxonomy":"brand","embeddable":true,"href":"https:\/\/www.capgemini.com\/co-es\/wp-json\/wp\/v2\/brand?post=546809"},{"taxonomy":"partner_type","embeddable":true,"href":"https:\/\/www.capgemini.com\/co-es\/wp-json\/wp\/v2\/partner_type?post=546809"},{"taxonomy":"service","embeddable":true,"href":"https:\/\/www.capgemini.com\/co-es\/wp-json\/wp\/v2\/service?post=546809"},{"taxonomy":"industry","embeddable":true,"href":"https:\/\/www.capgemini.com\/co-es\/wp-json\/wp\/v2\/industry?post=546809"},{"taxonomy":"partners","embeddable":true,"href":"https:\/\/www.capgemini.com\/co-es\/wp-json\/wp\/v2\/partners?post=546809"},{"taxonomy":"page-type","embeddable":true,"href":"https:\/\/www.capgemini.com\/co-es\/wp-json\/wp\/v2\/page-type?post=546809"},{"taxonomy":"content-group","embeddable":true,"href":"https:\/\/www.capgemini.com\/co-es\/wp-json\/wp\/v2\/content-group?post=546809"}],"curies":[{"name":"wp","href":"https:\/\/api.w.org\/{rel}","templated":true}]}}