{"id":544870,"date":"2025-11-11T04:25:12","date_gmt":"2025-11-11T04:25:12","guid":{"rendered":"https:\/\/www.capgemini.com\/co-es\/?page_id=544870&#038;preview_id=544870"},"modified":"2026-01-09T06:47:53","modified_gmt":"2026-01-09T06:47:53","slug":"vehiculo-definido-por-software","status":"publish","type":"page","link":"https:\/\/www.capgemini.com\/co-es\/solutions\/vehiculo-definido-por-software\/","title":{"rendered":"Veh\u00edculo definido por software"},"content":{"rendered":"\n<header class=\"wp-block-cg-blocks-hero-reusable header heroReusable  \"><div class=\"header-bgs\"><picture><source srcset=\"https:\/\/www.capgemini.com\/wp-content\/uploads\/2025\/07\/Software-Driven-Vehicle_Web-Banner.jpg?w=2880&amp;quality=70 1x, https:\/\/www.capgemini.com\/wp-content\/uploads\/2025\/07\/Software-Driven-Vehicle_Web-Banner.jpg?w=2880&amp;quality=70 2x\" media=\"(min-width: 1500px)\"\/><source srcset=\"https:\/\/www.capgemini.com\/wp-content\/uploads\/2025\/07\/Software-Driven-Vehicle_Web-Banner.jpg?w=1440&amp;quality=70 1x, https:\/\/www.capgemini.com\/wp-content\/uploads\/2025\/07\/Software-Driven-Vehicle_Web-Banner.jpg?w=2880&amp;quality=70 2x\" media=\"(min-width: 992px)\"\/><source srcset=\"https:\/\/www.capgemini.com\/wp-content\/uploads\/2025\/07\/Software-Driven-Vehicle_Web-Banner.jpg?w=1024&amp;quality=70 1x, https:\/\/www.capgemini.com\/wp-content\/uploads\/2025\/07\/Software-Driven-Vehicle_Web-Banner.jpg?w=1024&amp;quality=70 2x\" media=\"(min-width: 768px)\"\/><source srcset=\"https:\/\/www.capgemini.com\/wp-content\/uploads\/2025\/07\/Software-Driven-Vehicle_Web-Banner.jpg?w=768&amp;quality=70 1x, https:\/\/www.capgemini.com\/wp-content\/uploads\/2025\/07\/Software-Driven-Vehicle_Web-Banner.jpg?w=768&amp;quality=70 2x\" media=\"(min-width: 0)\"\/><img decoding=\"async\" src=\"https:\/\/www.capgemini.com\/wp-content\/uploads\/2025\/07\/Software-Driven-Vehicle_Web-Banner.jpg\" class=\"header-img header-img-d\" alt=\"\" style=\"object-fit:cover;object-position:46% 60%\" loading=\"eager\"\/><\/picture><\/div><div class=\"heroPictureCardHeaderShape\"><\/div><div class=\"container\"><div class=\"row\"><div class=\"col-md-12\"><div class=\"box\"><div class=\"boxTagWrapper\"><div class=\"tagInfo\"><div><span class=\"box-tag\">Solution<\/span><\/div><\/div><\/div><div class=\"box-title\"><h1 data-maxlength=\"34\">Veh\u00edculo definido por software<\/h1><\/div><div class=\"inner-row-insight download-btn\"><\/div><\/div><\/div><\/div><\/div><\/header>\n\n\n\n<section class=\"wp-block-cg-blocks-group undefined section section--article-content\"><div class=\"article-main-content\"><div class=\"container\"><div class=\"row\"><div class=\"col-12 col-md-1\"><nav class=\"article-social\"><ul class=\"social-nav\"><li class=\"ip-order-fb\"><a href=\"https:\/\/www.facebook.com\/sharer\/sharer.php?u=https:\/\/www.capgemini.com\/?page_id=1145313\" target=\"_blank\" rel=\"noopener noreferrer\" title=\"opens in a new window\"><i aria-hidden=\"true\" class=\"icon-fb\"><\/i><span class=\"sr-only\">Facebook<\/span><\/a><\/li><li class=\"ip-order-li\"><a href=\"https:\/\/www.linkedin.com\/shareArticle?url=https:\/\/www.capgemini.com\/?page_id=1145313\" target=\"_blank\" rel=\"noopener noreferrer\" title=\"opens in a new window\"><i aria-hidden=\"true\" class=\"icon-li\"><\/i><span class=\"sr-only\">Linkedin<\/span><\/a><\/li><\/ul><\/nav><\/div><div class=\"col-12 col-md-11 col-lg-10\"><div class=\"article-text article-quote-text\">\n<h3 class=\"wp-block-heading\" id=\"h-acelerando-la-transformacion-hacia-vehiculos-definidos-por-software-con-sdv-factory\">Acelerando la transformaci\u00f3n hacia veh\u00edculos definidos por software con SDV Factory<\/h3>\n\n\n\n<p>Capgemini y AWS se asocian para revolucionar la industria automotriz<\/p>\n\n\n\n<h4 class=\"wp-block-heading\" id=\"h-el-desafio\">El desaf\u00edo<\/h4>\n\n\n\n<p>A medida que la industria automotriz se encuentra al borde de una nueva era, los Veh\u00edculos Definidos por Software (SDV) est\u00e1n destinados a convertirse en la piedra angular de la movilidad moderna. Sin embargo, esta transformaci\u00f3n no est\u00e1 exenta de desaf\u00edos. Mentalidades obsoletas, estructuras organizativas, estrategias de producto y cadenas de suministro representan importantes obst\u00e1culos. Adem\u00e1s, la r\u00e1pida evoluci\u00f3n de la tecnolog\u00eda y los cambios en el marco legislativo no hacen sino aumentar la complejidad.<\/p>\n\n\n\n<p>Adem\u00e1s, la crisis clim\u00e1tica y la revoluci\u00f3n digital est\u00e1n impulsando una r\u00e1pida transformaci\u00f3n en la industria automotriz. Las empresas automotrices deben transformarse de fabricantes de componentes o ensambladoras a empresas de software y tecnolog\u00eda, al tiempo que avanzan hacia la electrificaci\u00f3n y la sostenibilidad.<\/p>\n\n\n\n<h4 class=\"wp-block-heading\" id=\"h-nuestra-solucion\">Nuestra soluci\u00f3n<\/h4>\n\n\n\n<p>La plataforma Software Defined Vehicles (SDV) Factory, desarrollada por Capgemini e impulsada por AWS, ofrece una soluci\u00f3n integral para estos complejos desaf\u00edos. Esta soluci\u00f3n transforma herramientas independientes en una plataforma totalmente integrada, adaptable, repetible y eficiente, dise\u00f1ada a medida para los casos de uso y flujos de trabajo del desarrollo de SDV.<\/p>\n\n\n\n<h4 class=\"wp-block-heading\" id=\"h-caracteristicas-de-fabrica-del-sdv\">Caracter\u00edsticas de f\u00e1brica del SDV<\/h4>\n\n\n\n<p>La plataforma Capgemini-AWS SDV Factory es una plataforma unificada, aumentada con IA, que apoya el ciclo de vida del software de movilidad del futuro, desde el desarrollo conectado digitalmente y la ingenier\u00eda de software escalable hasta la verificaci\u00f3n y validaci\u00f3n optimizadas, definidas en tres pilares como se enumeran a continuaci\u00f3n:<\/p>\n\n\n\n<ol class=\"wp-block-list\">\n<li><strong>Desarrollo de software eficiente y extensible:<\/strong>\n<ul class=\"wp-block-list\">\n<li><strong>Aceleraci\u00f3n mediante IA con agentes<\/strong>: Aprovecha agentes de IA adaptables para optimizar tareas repetitivas, mejorar la eficiencia de los desarrolladores y acelerar el desarrollo de software con automatizaci\u00f3n inteligente.<\/li>\n\n\n\n<li><strong>Herramientas integradas y orquestaci\u00f3n de flujos de trabajo<\/strong>: Combina el desarrollo, las pruebas y la validaci\u00f3n de software en un entorno unificado con pipelines personalizables y espacios de trabajo basados \u200b\u200ben roles.<\/li>\n\n\n\n<li><strong>Integraci\u00f3n temprana con ingenier\u00eda virtual:<\/strong> Permite la integraci\u00f3n y validaci\u00f3n tempranas mediante ECU virtuales y simulaciones basadas en modelos, lo que reduce la dependencia de prototipos f\u00edsicos y acelera el desarrollo.<\/li>\n<\/ul>\n<\/li>\n\n\n\n<li><strong>Verificaci\u00f3n y validaci\u00f3n optimizadas (V&amp;V):<\/strong>\n<ul class=\"wp-block-list\">\n<li><strong>Co-simulaci\u00f3n virtual y f\u00edsica<\/strong>: Permite la integraci\u00f3n perfecta de objetivos de hardware virtuales y reales, lo que facilita la validaci\u00f3n temprana y escalable del sistema.<\/li>\n\n\n\n<li><strong>HIL h\u00edbrido y automatizaci\u00f3n de pruebas<\/strong>: Combina las pruebas de hardware en el bucle (HIL) con la orquestaci\u00f3n automatizada de pruebas para aumentar la cobertura, la velocidad y la repetibilidad.<\/li>\n\n\n\n<li><strong>Validaci\u00f3n y verificaci\u00f3n con IA<\/strong>: Utiliza IA de Agentic para priorizar, ejecutar, analizar y documentar las pruebas de forma inteligente, lo que reduce el esfuerzo manual y acelera la resoluci\u00f3n de problemas.<\/li>\n<\/ul>\n<\/li>\n\n\n\n<li><strong>ciclo de vida completo y continuidad digital:<\/strong>\n<ul class=\"wp-block-list\">\n<li><strong>Integraci\u00f3n integral<\/strong>: SDV Factory conecta los requisitos del producto, la gesti\u00f3n del ciclo de vida de las aplicaciones (ALM), la ingenier\u00eda de sistemas basada en modelos (MBSE) y la arquitectura el\u00e9ctrica\/electr\u00f3nica (E\/E), garantizando una continuidad digital fluida durante todo el ciclo de desarrollo.<\/li>\n\n\n\n<li><strong>Optimizaci\u00f3n de la cadena de suministro<\/strong>: Permite flujos de datos consistentes y trazables entre equipos y proveedores, mejorando la colaboraci\u00f3n y reduciendo la falta de alineaci\u00f3n y la repetici\u00f3n del trabajo.<\/li>\n\n\n\n<li><strong>Implementaci\u00f3n en la nube<\/strong>: Admite implementaciones personalizadas para arquitecturas E\/E espec\u00edficas, garantizando la compatibilidad con las plataformas de veh\u00edculos modernos y las necesidades de implementaci\u00f3n reales.<\/li>\n<\/ul>\n<\/li>\n<\/ol>\n\n\n\n<h4 class=\"wp-block-heading\" id=\"h-creacion-de-valor-para-el-cliente\">creaci\u00f3n de valor para el cliente<\/h4>\n\n\n\n<p>La plataforma SDV Factory permite a los fabricantes de equipos originales (OEM) y a su cadena de suministro centrarse en la creaci\u00f3n de productos diferenciadores, proporcion\u00e1ndoles una plataforma probada y flexible. Entre sus principales ventajas se encuentran:<\/p>\n\n\n\n<ul class=\"wp-block-list\">\n<li><strong>Mejora la productividad y la experiencia del desarrollador<br><\/strong>Los flujos de trabajo automatizados, las canalizaciones de orquestaci\u00f3n y las herramientas integradas permiten a los desarrolladores concentrarse en tareas de alto valor. Los espacios de trabajo personalizados, la colaboraci\u00f3n fluida y la reducci\u00f3n del cambio de contexto crean un entorno intuitivo que mejora la eficiencia de los desarrolladores.<\/li>\n\n\n\n<li><strong>Acelerar el tiempo de comercializaci\u00f3n<br><\/strong>Los flujos de trabajo estandarizados y las automatizaciones eficientes reducen la complejidad de la infraestructura de pruebas, lo que permite una implementaci\u00f3n m\u00e1s r\u00e1pida de HIL h\u00edbrido y una validaci\u00f3n acelerada.<\/li>\n\n\n\n<li><strong>Optimizar los costes de desarrollo a gran escala<\/strong><br>La unificaci\u00f3n de herramientas fragmentadas en una sola plataforma reduce los costes de licencias e integraci\u00f3n. Su dise\u00f1o modular y preparado para el futuro garantiza la rentabilidad a largo plazo.<\/li>\n\n\n\n<li><strong>Cumplir con los objetivos de sostenibilidad<\/strong>&nbsp;<br>Al minimizar la dependencia de prototipos y muestras f\u00edsicas, SDV Factory ayuda a reducir el desperdicio de materiales y el consumo de energ\u00eda a lo largo del ciclo de vida del desarrollo de software.<\/li>\n<\/ul>\n\n\n\n<h4 class=\"wp-block-heading\" id=\"h-capgemini-en-aws-impulsando-la-transformacion-a-sdv\">Capgemini en AWS: Impulsando la transformaci\u00f3n a SDV<\/h4>\n\n\n\n<p>Con una relaci\u00f3n de 15 a\u00f1os y una amplia experiencia, AWS y Capgemini combinan conocimiento del sector, experiencia en la nube y servicios para ayudar a las organizaciones a materializar su visi\u00f3n de un negocio del siglo XXI. Capgemini se especializa en la integraci\u00f3n de sistemas complejos en diversos sectores, garantizando que todos los componentes funcionen de forma eficiente para impulsar la innovaci\u00f3n, optimizar las operaciones y alcanzar los objetivos estrat\u00e9gicos. Como socio Premier con 11&nbsp;000 consultores certificados y 3500 profesionales certificados de AWS, Capgemini se encuentra en una posici\u00f3n privilegiada para impulsar la transici\u00f3n a la virtualizaci\u00f3n de sistemas definida por software (SDV).<\/p>\n\n\n\n<p>En conclusi\u00f3n, SDV Factory, impulsada por Capgemini y AWS, ofrece una soluci\u00f3n sin precedentes para las complejidades de la transformaci\u00f3n digital de veh\u00edculos (SDV). Al proporcionar una plataforma flexible e integrada, permite a las empresas automotrices afrontar los desaf\u00edos de esta nueva era, aumentar la productividad y acelerar la comercializaci\u00f3n, a la vez que optimizan los costos y cumplen con los objetivos de sostenibilidad.<\/p>\n\n\n\n<figure class=\"wp-block-image size-full\"><img decoding=\"async\" src=\"https:\/\/www.capgemini.com\/wp-content\/uploads\/2025\/07\/automotive-competency-light-background.png\" alt=\"\" class=\"wp-image-1146547\" style=\"object-fit:cover\"\/><figcaption class=\"wp-element-caption\">Capgemini ha obtenido la certificaci\u00f3n AWS APN Automotive Competency.<\/figcaption><\/figure>\n\n\n\n<p>Para obtener m\u00e1s informaci\u00f3n, p\u00f3ngase en contacto con nosotros o visite <a href=\"https:\/\/aws.amazon.com\/marketplace\/\" target=\"_blank\" rel=\"noreferrer noopener\">AWS Marketplace<\/a>.<\/p>\n<\/div><\/div><\/div><\/div><\/div><\/section>\n","protected":false},"excerpt":{"rendered":"","protected":false},"author":257,"featured_media":544871,"parent":5720,"menu_order":0,"comment_status":"closed","ping_status":"closed","template":"","meta":{"cg_dt_proposed_to":[],"cg_seo_hreflang_relations":"[]","cg_seo_canonical_relation":"","cg_seo_hreflang_x_default_relation":"","cg_dt_approved_content":true,"cg_dt_mandatory_content":false,"cg_dt_notes":"","cg_dg_source_changed":false,"cg_dt_link_disabled":false,"_yoast_wpseo_primary_brand":"","footnotes":"","featured_focal_points":"","partner_card_description":"","gsap_animation":0},"brand":[],"partner_type":[],"service":[],"industry":[],"partners":[],"page-type":[167],"content-group":[],"class_list":["post-544870","page","type-page","status-publish","has-post-thumbnail","hentry","page-type-solutions"],"yoast_head":"<!-- This site is optimized with the Yoast SEO Premium plugin v22.8 (Yoast SEO v22.8) - https:\/\/yoast.com\/wordpress\/plugins\/seo\/ -->\n<title>Veh\u00edculo definido por software: innovaci\u00f3n automotriz | Capgemini<\/title>\n<meta name=\"description\" content=\"Descubre c\u00f3mo los veh\u00edculos definidos por software transforman la industria automotriz con soluciones digitales y conectadas.\" \/>\n<meta name=\"robots\" content=\"index, follow, max-snippet:-1, max-image-preview:large, max-video-preview:-1\" \/>\n<link rel=\"canonical\" href=\"https:\/\/www.capgemini.com\/co-es\/solutions\/vehiculo-definido-por-software\/\" \/>\n<meta property=\"og:locale\" content=\"es_MX\" \/>\n<meta property=\"og:type\" content=\"article\" \/>\n<meta property=\"og:title\" content=\"Veh\u00edculo definido por software\" \/>\n<meta property=\"og:description\" content=\"Descubre c\u00f3mo los veh\u00edculos definidos por software transforman la industria automotriz con soluciones digitales y conectadas.\" \/>\n<meta property=\"og:url\" content=\"https:\/\/www.capgemini.com\/co-es\/solutions\/vehiculo-definido-por-software\/\" \/>\n<meta property=\"og:site_name\" content=\"Capgemini Colombia\" \/>\n<meta property=\"article:modified_time\" content=\"2026-01-09T06:47:53+00:00\" \/>\n<meta property=\"og:image\" content=\"https:\/\/www.capgemini.com\/co-es\/wp-content\/uploads\/sites\/25\/2025\/11\/Software-Driven-Vehicle_Web-Banner.jpg\" \/>\n\t<meta property=\"og:image:width\" content=\"2880\" \/>\n\t<meta property=\"og:image:height\" content=\"1800\" \/>\n\t<meta property=\"og:image:type\" content=\"image\/jpeg\" \/>\n<meta name=\"twitter:card\" content=\"summary_large_image\" \/>\n<meta name=\"twitter:label1\" content=\"Est. reading time\" \/>\n\t<meta name=\"twitter:data1\" content=\"6 minutes\" \/>\n<script type=\"application\/ld+json\" class=\"yoast-schema-graph\">{\"@context\":\"https:\/\/schema.org\",\"@graph\":[{\"@type\":\"WebPage\",\"@id\":\"https:\/\/www.capgemini.com\/co-es\/solutions\/vehiculo-definido-por-software\/\",\"url\":\"https:\/\/www.capgemini.com\/co-es\/solutions\/vehiculo-definido-por-software\/\",\"name\":\"Veh\u00edculo definido por software: innovaci\u00f3n automotriz | Capgemini\",\"isPartOf\":{\"@id\":\"https:\/\/www.capgemini.com\/co-es\/#website\"},\"primaryImageOfPage\":{\"@id\":\"https:\/\/www.capgemini.com\/co-es\/solutions\/vehiculo-definido-por-software\/#primaryimage\"},\"image\":{\"@id\":\"https:\/\/www.capgemini.com\/co-es\/solutions\/vehiculo-definido-por-software\/#primaryimage\"},\"thumbnailUrl\":\"https:\/\/www.capgemini.com\/co-es\/wp-content\/uploads\/sites\/25\/2025\/11\/Software-Driven-Vehicle_Web-Banner.jpg\",\"datePublished\":\"2025-11-11T04:25:12+00:00\",\"dateModified\":\"2026-01-09T06:47:53+00:00\",\"description\":\"Descubre c\u00f3mo los veh\u00edculos definidos por software transforman la industria automotriz con soluciones digitales y conectadas.\",\"breadcrumb\":{\"@id\":\"https:\/\/www.capgemini.com\/co-es\/solutions\/vehiculo-definido-por-software\/#breadcrumb\"},\"inLanguage\":\"es-MX\",\"potentialAction\":[{\"@type\":\"ReadAction\",\"target\":[\"https:\/\/www.capgemini.com\/co-es\/solutions\/vehiculo-definido-por-software\/\"]}]},{\"@type\":\"ImageObject\",\"inLanguage\":\"es-MX\",\"@id\":\"https:\/\/www.capgemini.com\/co-es\/solutions\/vehiculo-definido-por-software\/#primaryimage\",\"url\":\"https:\/\/www.capgemini.com\/co-es\/wp-content\/uploads\/sites\/25\/2025\/11\/Software-Driven-Vehicle_Web-Banner.jpg\",\"contentUrl\":\"https:\/\/www.capgemini.com\/co-es\/wp-content\/uploads\/sites\/25\/2025\/11\/Software-Driven-Vehicle_Web-Banner.jpg\",\"width\":2880,\"height\":1800,\"caption\":\"Software Driven Vehicle\"},{\"@type\":\"BreadcrumbList\",\"@id\":\"https:\/\/www.capgemini.com\/co-es\/solutions\/vehiculo-definido-por-software\/#breadcrumb\",\"itemListElement\":[{\"@type\":\"ListItem\",\"position\":1,\"name\":\"Home\",\"item\":\"https:\/\/www.capgemini.com\/co-es\/\"},{\"@type\":\"ListItem\",\"position\":2,\"name\":\"Solutions\",\"item\":\"https:\/\/www.capgemini.com\/co-es\/solutions\/\"},{\"@type\":\"ListItem\",\"position\":3,\"name\":\"Veh\u00edculo definido por software\"}]},{\"@type\":\"WebSite\",\"@id\":\"https:\/\/www.capgemini.com\/co-es\/#website\",\"url\":\"https:\/\/www.capgemini.com\/co-es\/\",\"name\":\"Capgemini Colombia\",\"description\":\"Capgemini\",\"potentialAction\":[{\"@type\":\"SearchAction\",\"target\":{\"@type\":\"EntryPoint\",\"urlTemplate\":\"https:\/\/www.capgemini.com\/co-es\/?s={search_term_string}\"},\"query-input\":\"required name=search_term_string\"}],\"inLanguage\":\"es-MX\"}]}<\/script>\n<!-- \/ Yoast SEO Premium plugin. -->","yoast_head_json":{"title":"Veh\u00edculo definido por software: innovaci\u00f3n automotriz | Capgemini","description":"Descubre c\u00f3mo los veh\u00edculos definidos por software transforman la industria automotriz con soluciones digitales y conectadas.","robots":{"index":"index","follow":"follow","max-snippet":"max-snippet:-1","max-image-preview":"max-image-preview:large","max-video-preview":"max-video-preview:-1"},"canonical":"https:\/\/www.capgemini.com\/co-es\/solutions\/vehiculo-definido-por-software\/","og_locale":"es_MX","og_type":"article","og_title":"Veh\u00edculo definido por software","og_description":"Descubre c\u00f3mo los veh\u00edculos definidos por software transforman la industria automotriz con soluciones digitales y conectadas.","og_url":"https:\/\/www.capgemini.com\/co-es\/solutions\/vehiculo-definido-por-software\/","og_site_name":"Capgemini Colombia","article_modified_time":"2026-01-09T06:47:53+00:00","og_image":[{"width":2880,"height":1800,"url":"https:\/\/www.capgemini.com\/co-es\/wp-content\/uploads\/sites\/25\/2025\/11\/Software-Driven-Vehicle_Web-Banner.jpg","type":"image\/jpeg"}],"twitter_card":"summary_large_image","twitter_misc":{"Est. reading time":"6 minutes"},"schema":{"@context":"https:\/\/schema.org","@graph":[{"@type":"WebPage","@id":"https:\/\/www.capgemini.com\/co-es\/solutions\/vehiculo-definido-por-software\/","url":"https:\/\/www.capgemini.com\/co-es\/solutions\/vehiculo-definido-por-software\/","name":"Veh\u00edculo definido por software: innovaci\u00f3n automotriz | Capgemini","isPartOf":{"@id":"https:\/\/www.capgemini.com\/co-es\/#website"},"primaryImageOfPage":{"@id":"https:\/\/www.capgemini.com\/co-es\/solutions\/vehiculo-definido-por-software\/#primaryimage"},"image":{"@id":"https:\/\/www.capgemini.com\/co-es\/solutions\/vehiculo-definido-por-software\/#primaryimage"},"thumbnailUrl":"https:\/\/www.capgemini.com\/co-es\/wp-content\/uploads\/sites\/25\/2025\/11\/Software-Driven-Vehicle_Web-Banner.jpg","datePublished":"2025-11-11T04:25:12+00:00","dateModified":"2026-01-09T06:47:53+00:00","description":"Descubre c\u00f3mo los veh\u00edculos definidos por software transforman la industria automotriz con soluciones digitales y conectadas.","breadcrumb":{"@id":"https:\/\/www.capgemini.com\/co-es\/solutions\/vehiculo-definido-por-software\/#breadcrumb"},"inLanguage":"es-MX","potentialAction":[{"@type":"ReadAction","target":["https:\/\/www.capgemini.com\/co-es\/solutions\/vehiculo-definido-por-software\/"]}]},{"@type":"ImageObject","inLanguage":"es-MX","@id":"https:\/\/www.capgemini.com\/co-es\/solutions\/vehiculo-definido-por-software\/#primaryimage","url":"https:\/\/www.capgemini.com\/co-es\/wp-content\/uploads\/sites\/25\/2025\/11\/Software-Driven-Vehicle_Web-Banner.jpg","contentUrl":"https:\/\/www.capgemini.com\/co-es\/wp-content\/uploads\/sites\/25\/2025\/11\/Software-Driven-Vehicle_Web-Banner.jpg","width":2880,"height":1800,"caption":"Software Driven Vehicle"},{"@type":"BreadcrumbList","@id":"https:\/\/www.capgemini.com\/co-es\/solutions\/vehiculo-definido-por-software\/#breadcrumb","itemListElement":[{"@type":"ListItem","position":1,"name":"Home","item":"https:\/\/www.capgemini.com\/co-es\/"},{"@type":"ListItem","position":2,"name":"Solutions","item":"https:\/\/www.capgemini.com\/co-es\/solutions\/"},{"@type":"ListItem","position":3,"name":"Veh\u00edculo definido por software"}]},{"@type":"WebSite","@id":"https:\/\/www.capgemini.com\/co-es\/#website","url":"https:\/\/www.capgemini.com\/co-es\/","name":"Capgemini Colombia","description":"Capgemini","potentialAction":[{"@type":"SearchAction","target":{"@type":"EntryPoint","urlTemplate":"https:\/\/www.capgemini.com\/co-es\/?s={search_term_string}"},"query-input":"required name=search_term_string"}],"inLanguage":"es-MX"}]}},"brand_term":[],"parsely":{"version":"1.1.0","canonical_url":"https:\/\/capgemini.com\/co-es\/solutions\/vehiculo-definido-por-software\/","smart_links":{"inbound":0,"outbound":0},"traffic_boost_suggestions_count":0,"meta":{"@context":"https:\/\/schema.org","@type":"WebPage","headline":"Veh\u00edculo definido por software","url":"https:\/\/www.capgemini.com\/co-es\/solutions\/vehiculo-definido-por-software\/","mainEntityOfPage":{"@type":"WebPage","@id":"https:\/\/www.capgemini.com\/co-es\/solutions\/vehiculo-definido-por-software\/"},"thumbnailUrl":"https:\/\/www.capgemini.com\/co-es\/wp-content\/uploads\/sites\/25\/2025\/11\/Software-Driven-Vehicle_Web-Banner.jpg?w=150&h=150&crop=1","image":{"@type":"ImageObject","url":"https:\/\/www.capgemini.com\/co-es\/wp-content\/uploads\/sites\/25\/2025\/11\/Software-Driven-Vehicle_Web-Banner.jpg"},"articleSection":"Uncategorized","author":[],"creator":[],"publisher":{"@type":"Organization","name":"Capgemini Colombia","logo":""},"keywords":[],"dateCreated":"2025-11-11T04:25:12Z","datePublished":"2025-11-11T04:25:12Z","dateModified":"2026-01-09T06:47:53Z"},"rendered":"<meta name=\"parsely-title\" content=\"Veh\u00edculo definido por software\" \/>\n<meta name=\"parsely-link\" content=\"https:\/\/www.capgemini.com\/co-es\/solutions\/vehiculo-definido-por-software\/\" \/>\n<meta name=\"parsely-type\" content=\"index\" \/>\n<meta name=\"parsely-image-url\" content=\"https:\/\/www.capgemini.com\/co-es\/wp-content\/uploads\/sites\/25\/2025\/11\/Software-Driven-Vehicle_Web-Banner.jpg?w=150&amp;h=150&amp;crop=1\" \/>\n<meta name=\"parsely-pub-date\" content=\"2025-11-11T04:25:12Z\" \/>\n<meta name=\"parsely-section\" content=\"Uncategorized\" \/>","tracker_url":"https:\/\/cdn.parsely.com\/keys\/capgemini.com\/p.js"},"archive_status":false,"featured_image_src":"https:\/\/www.capgemini.com\/co-es\/wp-content\/uploads\/sites\/25\/2025\/11\/Software-Driven-Vehicle_Web-Banner.jpg","featured_image_alt":"Software Driven Vehicle","jetpack_sharing_enabled":true,"distributor_meta":false,"distributor_terms":false,"distributor_media":false,"distributor_original_site_name":"Capgemini Colombia","distributor_original_site_url":"https:\/\/www.capgemini.com\/co-es","push-errors":false,"_links":{"self":[{"href":"https:\/\/www.capgemini.com\/co-es\/wp-json\/wp\/v2\/pages\/544870","targetHints":{"allow":["GET"]}}],"collection":[{"href":"https:\/\/www.capgemini.com\/co-es\/wp-json\/wp\/v2\/pages"}],"about":[{"href":"https:\/\/www.capgemini.com\/co-es\/wp-json\/wp\/v2\/types\/page"}],"author":[{"embeddable":true,"href":"https:\/\/www.capgemini.com\/co-es\/wp-json\/wp\/v2\/users\/257"}],"replies":[{"embeddable":true,"href":"https:\/\/www.capgemini.com\/co-es\/wp-json\/wp\/v2\/comments?post=544870"}],"version-history":[{"count":1,"href":"https:\/\/www.capgemini.com\/co-es\/wp-json\/wp\/v2\/pages\/544870\/revisions"}],"predecessor-version":[{"id":544872,"href":"https:\/\/www.capgemini.com\/co-es\/wp-json\/wp\/v2\/pages\/544870\/revisions\/544872"}],"up":[{"embeddable":true,"href":"https:\/\/www.capgemini.com\/co-es\/wp-json\/wp\/v2\/pages\/5720"}],"wp:featuredmedia":[{"embeddable":true,"href":"https:\/\/www.capgemini.com\/co-es\/wp-json\/wp\/v2\/media\/544871"}],"wp:attachment":[{"href":"https:\/\/www.capgemini.com\/co-es\/wp-json\/wp\/v2\/media?parent=544870"}],"wp:term":[{"taxonomy":"brand","embeddable":true,"href":"https:\/\/www.capgemini.com\/co-es\/wp-json\/wp\/v2\/brand?post=544870"},{"taxonomy":"partner_type","embeddable":true,"href":"https:\/\/www.capgemini.com\/co-es\/wp-json\/wp\/v2\/partner_type?post=544870"},{"taxonomy":"service","embeddable":true,"href":"https:\/\/www.capgemini.com\/co-es\/wp-json\/wp\/v2\/service?post=544870"},{"taxonomy":"industry","embeddable":true,"href":"https:\/\/www.capgemini.com\/co-es\/wp-json\/wp\/v2\/industry?post=544870"},{"taxonomy":"partners","embeddable":true,"href":"https:\/\/www.capgemini.com\/co-es\/wp-json\/wp\/v2\/partners?post=544870"},{"taxonomy":"page-type","embeddable":true,"href":"https:\/\/www.capgemini.com\/co-es\/wp-json\/wp\/v2\/page-type?post=544870"},{"taxonomy":"content-group","embeddable":true,"href":"https:\/\/www.capgemini.com\/co-es\/wp-json\/wp\/v2\/content-group?post=544870"}],"curies":[{"name":"wp","href":"https:\/\/api.w.org\/{rel}","templated":true}]}}