{"id":542472,"date":"2025-08-20T07:48:19","date_gmt":"2025-08-20T07:48:19","guid":{"rendered":"https:\/\/www.capgemini.com\/co-es\/?page_id=542472&#038;preview_id=542472"},"modified":"2026-01-09T06:48:49","modified_gmt":"2026-01-09T06:48:49","slug":"centro-de-defensa-cibernetica","status":"publish","type":"page","link":"https:\/\/www.capgemini.com\/co-es\/solutions\/centro-de-defensa-cibernetica\/","title":{"rendered":"Centro de Defensa Cibern\u00e9tica"},"content":{"rendered":"\n<div class=\"wp-block-cg-blocks-hero-picture-card undefined  heroPictureCard\"><div class=\"heroPictureCardBgs\"><picture><source srcset=\"https:\/\/www.capgemini.com\/no-no\/wp-content\/uploads\/2022\/03\/Capture-55.jpg?w=2880&amp;quality=70 1x, https:\/\/www.capgemini.com\/no-no\/wp-content\/uploads\/2022\/03\/Capture-55.jpg?w=2880&amp;quality=70 2x\" media=\"(min-width: 1500px)\"\/><source srcset=\"https:\/\/www.capgemini.com\/no-no\/wp-content\/uploads\/2022\/03\/Capture-55.jpg?w=1440&amp;quality=70 1x, https:\/\/www.capgemini.com\/no-no\/wp-content\/uploads\/2022\/03\/Capture-55.jpg?w=2880&amp;quality=70 2x\" media=\"(min-width: 992px)\"\/><source srcset=\"https:\/\/www.capgemini.com\/no-no\/wp-content\/uploads\/2022\/03\/Capture-55.jpg?w=1024&amp;quality=70 1x, https:\/\/www.capgemini.com\/no-no\/wp-content\/uploads\/2022\/03\/Capture-55.jpg?w=1024&amp;quality=70 2x\" media=\"(min-width: 768px)\"\/><source srcset=\"https:\/\/www.capgemini.com\/no-no\/wp-content\/uploads\/2022\/03\/Capture-55.jpg?w=768&amp;quality=70 1x, https:\/\/www.capgemini.com\/no-no\/wp-content\/uploads\/2022\/03\/Capture-55.jpg?w=768&amp;quality=70 2x\" media=\"(min-width: 0)\"\/><img decoding=\"async\" src=\"https:\/\/www.capgemini.com\/no-no\/wp-content\/uploads\/2022\/03\/Capture-55.jpg\" class=\"desktopImage\" alt=\"\" style=\"object-fit:cover;object-position:50% 50%\" loading=\"eager\"\/><\/picture><picture><source srcset=\"https:\/\/www.capgemini.com\/no-no\/wp-content\/uploads\/2022\/03\/Capture-55.jpg?w=2880&amp;quality=70 1x, https:\/\/www.capgemini.com\/no-no\/wp-content\/uploads\/2022\/03\/Capture-55.jpg?w=2880&amp;quality=70 2x\" media=\"(min-width: 1500px)\"\/><source srcset=\"https:\/\/www.capgemini.com\/no-no\/wp-content\/uploads\/2022\/03\/Capture-55.jpg?w=1440&amp;quality=70 1x, https:\/\/www.capgemini.com\/no-no\/wp-content\/uploads\/2022\/03\/Capture-55.jpg?w=2880&amp;quality=70 2x\" media=\"(min-width: 992px)\"\/><source srcset=\"https:\/\/www.capgemini.com\/no-no\/wp-content\/uploads\/2022\/03\/Capture-55.jpg?w=1024&amp;quality=70 1x, https:\/\/www.capgemini.com\/no-no\/wp-content\/uploads\/2022\/03\/Capture-55.jpg?w=1024&amp;quality=70 2x\" media=\"(min-width: 768px)\"\/><source srcset=\"https:\/\/www.capgemini.com\/no-no\/wp-content\/uploads\/2022\/03\/Capture-55.jpg?w=768&amp;quality=70 1x, https:\/\/www.capgemini.com\/no-no\/wp-content\/uploads\/2022\/03\/Capture-55.jpg?w=768&amp;quality=70 2x\" media=\"(min-width: 0)\"\/><img decoding=\"async\" src=\"https:\/\/www.capgemini.com\/no-no\/wp-content\/uploads\/2022\/03\/Capture-55.jpg\" class=\"mobileImage\" alt=\"\" style=\"object-fit:cover;object-position:50% 50%\" loading=\"eager\"\/><\/picture><\/div><div class=\"heroPictureCardHeaderShape\"><\/div><div class=\"container\"><div class=\"row\"><div class=\"col-md-8 col-lg-6\"><div class=\"heroPictureCardBox\"><div class=\"heroPictureCardBoxTitle\"><h1 data-maxlength=\"144\">Centro de Defensa Cibern\u00e9tica<\/h1><\/div><\/div><\/div><\/div><\/div><div class=\"small-device\"><div class=\"brandLogoWrapper\"> <\/div><\/div><\/div>\n\n\n\n<section class=\"wp-block-cg-blocks-intro-para undefined section section--intro\"><div class=\"intro-para\"><div class=\"container\"><div class=\"row\"><div class=\"col-12 col-md-1\"><nav class=\"article-social\"><ul class=\"social-nav\"><li class=\"ip-order-fb\"><a href=\"https:\/\/www.facebook.com\/sharer\/sharer.php?u=https:\/\/www.capgemini.com\/co-es\/?page_id=542472\" target=\"_blank\" rel=\"noopener noreferrer\" title=\"abrir en una nueva ventana\"><i aria-hidden=\"true\" class=\"icon-fb\"><\/i><span class=\"sr-only\">Facebook<\/span><\/a><\/li><li class=\"ip-order-li\"><a href=\"https:\/\/www.linkedin.com\/sharing\/share-offsite\/?url=https:\/\/www.capgemini.com\/co-es\/?page_id=542472\" target=\"_blank\" rel=\"noopener noreferrer\" title=\"abrir en una nueva ventana\"><i aria-hidden=\"true\" class=\"icon-li\"><\/i><span class=\"sr-only\">Linkedin<\/span><\/a><\/li><\/ul><\/nav><\/div><div class=\"col-12 col-md-11 col-lg-10\"><h2 class=\"intro-para-title\">Casi todas las organizaciones sufrir\u00e1n una vulneraci\u00f3n de seguridad de datos este a\u00f1o. La respuesta es clave.<\/h2><\/div><\/div><\/div><\/div><\/section>\n\n\n\n<section class=\"wp-block-cg-blocks-group undefined section section--article-content\"><div class=\"article-main-content\"><div class=\"container\"><div class=\"row\"><div class=\"col-12 col-md-11 col-lg-10 offset-md-1 offset-lg-1\"><div class=\"article-text article-quote-text\">\n<div class=\"wp-block-buttons is-layout-flex wp-block-buttons-is-layout-flex\">\n<div class=\"wp-block-button\"><a class=\"wp-block-button__link wp-element-button\" href=\"https:\/\/www.capgemini.com\/no-no\/resources\/soc-security-tailored-to-your-business-needs\/\">CDC: Seguridad adaptada a las necesidades de su negocio<\/a><\/div>\n<\/div>\n\n\n\n<p><\/p>\n\n\n\n<h3 class=\"wp-block-heading\" id=\"h-nuestra-red-de-centros-de-defensa-cibernetica-cdc-conectados-las-24-horas-los-7-dias-de-la-semana-le-brinda-los-recursos-y-las-habilidades-que-necesita-para-contrarrestar-la-amenaza-rapidamente\">Nuestra red de Centros de Defensa Cibern\u00e9tica (CDC) conectados las 24 horas, los 7 d\u00edas de la semana, le brinda los recursos y las habilidades que necesita para contrarrestar la amenaza, r\u00e1pidamente.<\/h3>\n\n\n\n<h2 class=\"wp-block-heading\" id=\"h-una-nueva-generacion-de-ciberseguridad\">Una nueva generaci\u00f3n de ciberseguridad<\/h2>\n\n\n\n<p>Identificar un ataque malicioso tarda un promedio de 99 d\u00edas*. Mientras tanto, la privacidad y la protecci\u00f3n de datos se han convertido en un elemento fundamental de las estrategias de seguridad actuales: los datos impulsan el \u00e9xito empresarial. Es evidente que se necesita una nueva generaci\u00f3n de ciberseguridad. Incluso estando bien protegido con las herramientas y los procesos adecuados, sigue estando expuesto a ataques si no supervisa los sistemas, detecta posibles incidentes de seguridad y es capaz de implementar cambios en sus operaciones r\u00e1pidamente al detectar una amenaza.<\/p>\n\n\n\n<figure class=\"wp-block-embed is-type-video is-provider-youtube wp-block-embed-youtube wp-embed-aspect-16-9 wp-has-aspect-ratio\"><div class=\"wp-block-embed__wrapper\">\n<iframe loading=\"lazy\" title=\"SOC: Security that Adapts to your Business Priorities\" width=\"960\" height=\"540\" src=\"https:\/\/www.youtube.com\/embed\/LyirJAsVH0A?feature=oembed\" frameborder=\"0\" allow=\"accelerometer; autoplay; clipboard-write; encrypted-media; gyroscope; picture-in-picture; web-share\" referrerpolicy=\"strict-origin-when-cross-origin\" allowfullscreen><\/iframe>\n<\/div><\/figure>\n\n\n\n<p><\/p>\n\n\n\n<h2 class=\"wp-block-heading\" id=\"h-comprender-y-evaluar-sus-riesgos\">Comprender y evaluar sus riesgos<\/h2>\n\n\n\n<p>Reconocemos que cada empresa tiene sus propios requisitos de seguridad, seg\u00fan el mercado y el segmento en el que opera. Por eso, siempre comenzamos ayudando a nuestros clientes a comprender y cuantificar sus perfiles de riesgo, identificar activos de datos cr\u00edticos y evaluar sus estrategias de seguridad y niveles de protecci\u00f3n actuales. Solo as\u00ed adaptaremos los servicios integrales que ofrecemos a trav\u00e9s de nuestro modelo de centro de ciberdefensa (CDC) de eficacia probada al contexto espec\u00edfico y las ambiciones comerciales de cada cliente.<\/p>\n\n\n\n<h2 class=\"wp-block-heading\" id=\"h-su-seguridad-su-eleccion-del-modelo-de-entrega\">Su seguridad; su elecci\u00f3n del modelo de entrega<\/h2>\n\n\n\n<p>No existe un enfoque \u00fanico para la ciberseguridad. Por ello, ofrecemos nuestros servicios mediante diferentes modalidades de prestaci\u00f3n seg\u00fan la informaci\u00f3n que recopilamos sobre sus necesidades de seguridad: un SOC dedicado, un SOC gestionado o nuestro modelo h\u00edbrido. Nuestra red global de CDC se extiende por todo el mundo, con CDC en India, Europa y Norteam\u00e9rica, complementados con CDC sat\u00e9lite. Colaboran, comparten experiencia y mejores pr\u00e1cticas, y comparten casos de \u00e9xito en su incansable b\u00fasqueda de una ciberseguridad robusta.<\/p>\n\n\n\n<h2 class=\"wp-block-heading\" id=\"h-inteligencia-de-amenazas-y-cumplimiento-normativo\">Inteligencia de amenazas y cumplimiento normativo<\/h2>\n\n\n\n<p>Utilizamos datos para convertir a nuestros clientes en cazadores de amenazas. Integramos SIEM, monitorizaci\u00f3n de seguridad de red, monitorizaci\u00f3n de endpoints, an\u00e1lisis de carga \u00fatil y an\u00e1lisis de big data offline en un enfoque basado en inteligencia. Esto incorpora una amplia gama de fuentes de inteligencia de amenazas, junto con capacidades anal\u00edticas l\u00edderes en la industria. Posteriormente, utilizamos los datos para alinear las acciones de ciberseguridad requeridas por cada cliente con las necesidades espec\u00edficas de cada mercado en el que opera.<br>Tambi\u00e9n ayudamos a los clientes a cumplir con los cambios normativos en materia de seguridad, como la Directiva NIS de Europa, el RGPD de la UE y las regulaciones del Departamento de Servicios Financieros del Estado de Nueva York en EE. UU.<\/p>\n\n\n\n<p>*Mandiant (a FireEye company), M-Trends 2017 report<\/p>\n\n\n\n<h2 class=\"wp-block-heading\" id=\"h-podcast-un-enfoque-basado-en-inteligencia-para-la-ciberseguridad\">Podcast: Un enfoque basado en inteligencia para la ciberseguridad<\/h2>\n\n\n\n<p>\u00danase a <a href=\"\/co-es\/insights\/expert-perspectives\/\">Richard Starnes<\/a> y <a href=\"\/co-es\/insights\/expert-perspectives\/\">Christer Jansson<\/a> mientras analizan las ventajas de un Centro de operaciones de seguridad y c\u00f3mo un enfoque basado en inteligencia puede ayudar a las organizaciones a monitorear, detectar y responder a las amenazas cibern\u00e9ticas.<\/p>\n\n\n\n\n\n<p><\/p>\n<\/div><\/div><\/div><\/div><\/div><\/section>\n","protected":false},"excerpt":{"rendered":"","protected":false},"author":151,"featured_media":0,"parent":5720,"menu_order":0,"comment_status":"closed","ping_status":"closed","template":"","meta":{"cg_dt_proposed_to":[],"cg_seo_hreflang_relations":"[]","cg_seo_canonical_relation":"","cg_seo_hreflang_x_default_relation":"","cg_dt_approved_content":true,"cg_dt_mandatory_content":false,"cg_dt_notes":"","cg_dg_source_changed":false,"cg_dt_link_disabled":false,"_yoast_wpseo_primary_brand":"","footnotes":"","featured_focal_points":"","partner_card_description":"","gsap_animation":0},"brand":[],"partner_type":[],"service":[],"industry":[],"partners":[],"page-type":[],"content-group":[],"class_list":["post-542472","page","type-page","status-publish","hentry"],"yoast_head":"<!-- This site is optimized with the Yoast SEO Premium plugin v22.8 (Yoast SEO v22.8) - https:\/\/yoast.com\/wordpress\/plugins\/seo\/ -->\n<title>Centro de Defensa Cibern\u00e9tica | Capgemini Colombia<\/title>\n<meta name=\"description\" content=\"Protege tu negocio con el Centro de Defensa Cibern\u00e9tica de Capgemini: monitoreo 24\/7, inteligencia de amenazas y respuesta r\u00e1pida.\" \/>\n<meta name=\"robots\" content=\"index, follow, max-snippet:-1, max-image-preview:large, max-video-preview:-1\" \/>\n<link rel=\"canonical\" href=\"https:\/\/www.capgemini.com\/co-es\/solutions\/centro-de-defensa-cibernetica\/\" \/>\n<meta property=\"og:locale\" content=\"es_MX\" \/>\n<meta property=\"og:type\" content=\"article\" \/>\n<meta property=\"og:title\" content=\"Centro de Defensa Cibern\u00e9tica\" \/>\n<meta property=\"og:description\" content=\"Protege tu negocio con el Centro de Defensa Cibern\u00e9tica de Capgemini: monitoreo 24\/7, inteligencia de amenazas y respuesta r\u00e1pida.\" \/>\n<meta property=\"og:url\" content=\"https:\/\/www.capgemini.com\/co-es\/solutions\/centro-de-defensa-cibernetica\/\" \/>\n<meta property=\"og:site_name\" content=\"Capgemini Colombia\" \/>\n<meta property=\"article:modified_time\" content=\"2026-01-09T06:48:49+00:00\" \/>\n<meta property=\"og:image\" content=\"https:\/\/www.capgemini.com\/no-no\/wp-content\/uploads\/2022\/03\/Capture-55.jpg\" \/>\n<meta name=\"twitter:card\" content=\"summary_large_image\" \/>\n<meta name=\"twitter:label1\" content=\"Est. reading time\" \/>\n\t<meta name=\"twitter:data1\" content=\"3 minutes\" \/>\n<script type=\"application\/ld+json\" class=\"yoast-schema-graph\">{\"@context\":\"https:\/\/schema.org\",\"@graph\":[{\"@type\":\"WebPage\",\"@id\":\"https:\/\/www.capgemini.com\/co-es\/solutions\/centro-de-defensa-cibernetica\/\",\"url\":\"https:\/\/www.capgemini.com\/co-es\/solutions\/centro-de-defensa-cibernetica\/\",\"name\":\"Centro de Defensa Cibern\u00e9tica | Capgemini Colombia\",\"isPartOf\":{\"@id\":\"https:\/\/www.capgemini.com\/co-es\/#website\"},\"primaryImageOfPage\":{\"@id\":\"https:\/\/www.capgemini.com\/co-es\/solutions\/centro-de-defensa-cibernetica\/#primaryimage\"},\"image\":{\"@id\":\"https:\/\/www.capgemini.com\/co-es\/solutions\/centro-de-defensa-cibernetica\/#primaryimage\"},\"thumbnailUrl\":\"https:\/\/www.capgemini.com\/no-no\/wp-content\/uploads\/2022\/03\/Capture-55.jpg\",\"datePublished\":\"2025-08-20T07:48:19+00:00\",\"dateModified\":\"2026-01-09T06:48:49+00:00\",\"description\":\"Protege tu negocio con el Centro de Defensa Cibern\u00e9tica de Capgemini: monitoreo 24\/7, inteligencia de amenazas y respuesta r\u00e1pida.\",\"breadcrumb\":{\"@id\":\"https:\/\/www.capgemini.com\/co-es\/solutions\/centro-de-defensa-cibernetica\/#breadcrumb\"},\"inLanguage\":\"es-MX\",\"potentialAction\":[{\"@type\":\"ReadAction\",\"target\":[\"https:\/\/www.capgemini.com\/co-es\/solutions\/centro-de-defensa-cibernetica\/\"]}]},{\"@type\":\"ImageObject\",\"inLanguage\":\"es-MX\",\"@id\":\"https:\/\/www.capgemini.com\/co-es\/solutions\/centro-de-defensa-cibernetica\/#primaryimage\",\"url\":\"https:\/\/www.capgemini.com\/no-no\/wp-content\/uploads\/2022\/03\/Capture-55.jpg\",\"contentUrl\":\"https:\/\/www.capgemini.com\/no-no\/wp-content\/uploads\/2022\/03\/Capture-55.jpg\"},{\"@type\":\"BreadcrumbList\",\"@id\":\"https:\/\/www.capgemini.com\/co-es\/solutions\/centro-de-defensa-cibernetica\/#breadcrumb\",\"itemListElement\":[{\"@type\":\"ListItem\",\"position\":1,\"name\":\"Home\",\"item\":\"https:\/\/www.capgemini.com\/co-es\/\"},{\"@type\":\"ListItem\",\"position\":2,\"name\":\"Solutions\",\"item\":\"https:\/\/www.capgemini.com\/co-es\/solutions\/\"},{\"@type\":\"ListItem\",\"position\":3,\"name\":\"Centro de Defensa Cibern\u00e9tica\"}]},{\"@type\":\"WebSite\",\"@id\":\"https:\/\/www.capgemini.com\/co-es\/#website\",\"url\":\"https:\/\/www.capgemini.com\/co-es\/\",\"name\":\"Capgemini Colombia\",\"description\":\"Capgemini\",\"potentialAction\":[{\"@type\":\"SearchAction\",\"target\":{\"@type\":\"EntryPoint\",\"urlTemplate\":\"https:\/\/www.capgemini.com\/co-es\/?s={search_term_string}\"},\"query-input\":\"required name=search_term_string\"}],\"inLanguage\":\"es-MX\"}]}<\/script>\n<!-- \/ Yoast SEO Premium plugin. -->","yoast_head_json":{"title":"Centro de Defensa Cibern\u00e9tica | Capgemini Colombia","description":"Protege tu negocio con el Centro de Defensa Cibern\u00e9tica de Capgemini: monitoreo 24\/7, inteligencia de amenazas y respuesta r\u00e1pida.","robots":{"index":"index","follow":"follow","max-snippet":"max-snippet:-1","max-image-preview":"max-image-preview:large","max-video-preview":"max-video-preview:-1"},"canonical":"https:\/\/www.capgemini.com\/co-es\/solutions\/centro-de-defensa-cibernetica\/","og_locale":"es_MX","og_type":"article","og_title":"Centro de Defensa Cibern\u00e9tica","og_description":"Protege tu negocio con el Centro de Defensa Cibern\u00e9tica de Capgemini: monitoreo 24\/7, inteligencia de amenazas y respuesta r\u00e1pida.","og_url":"https:\/\/www.capgemini.com\/co-es\/solutions\/centro-de-defensa-cibernetica\/","og_site_name":"Capgemini Colombia","article_modified_time":"2026-01-09T06:48:49+00:00","og_image":[{"url":"https:\/\/www.capgemini.com\/no-no\/wp-content\/uploads\/2022\/03\/Capture-55.jpg"}],"twitter_card":"summary_large_image","twitter_misc":{"Est. reading time":"3 minutes"},"schema":{"@context":"https:\/\/schema.org","@graph":[{"@type":"WebPage","@id":"https:\/\/www.capgemini.com\/co-es\/solutions\/centro-de-defensa-cibernetica\/","url":"https:\/\/www.capgemini.com\/co-es\/solutions\/centro-de-defensa-cibernetica\/","name":"Centro de Defensa Cibern\u00e9tica | Capgemini Colombia","isPartOf":{"@id":"https:\/\/www.capgemini.com\/co-es\/#website"},"primaryImageOfPage":{"@id":"https:\/\/www.capgemini.com\/co-es\/solutions\/centro-de-defensa-cibernetica\/#primaryimage"},"image":{"@id":"https:\/\/www.capgemini.com\/co-es\/solutions\/centro-de-defensa-cibernetica\/#primaryimage"},"thumbnailUrl":"https:\/\/www.capgemini.com\/no-no\/wp-content\/uploads\/2022\/03\/Capture-55.jpg","datePublished":"2025-08-20T07:48:19+00:00","dateModified":"2026-01-09T06:48:49+00:00","description":"Protege tu negocio con el Centro de Defensa Cibern\u00e9tica de Capgemini: monitoreo 24\/7, inteligencia de amenazas y respuesta r\u00e1pida.","breadcrumb":{"@id":"https:\/\/www.capgemini.com\/co-es\/solutions\/centro-de-defensa-cibernetica\/#breadcrumb"},"inLanguage":"es-MX","potentialAction":[{"@type":"ReadAction","target":["https:\/\/www.capgemini.com\/co-es\/solutions\/centro-de-defensa-cibernetica\/"]}]},{"@type":"ImageObject","inLanguage":"es-MX","@id":"https:\/\/www.capgemini.com\/co-es\/solutions\/centro-de-defensa-cibernetica\/#primaryimage","url":"https:\/\/www.capgemini.com\/no-no\/wp-content\/uploads\/2022\/03\/Capture-55.jpg","contentUrl":"https:\/\/www.capgemini.com\/no-no\/wp-content\/uploads\/2022\/03\/Capture-55.jpg"},{"@type":"BreadcrumbList","@id":"https:\/\/www.capgemini.com\/co-es\/solutions\/centro-de-defensa-cibernetica\/#breadcrumb","itemListElement":[{"@type":"ListItem","position":1,"name":"Home","item":"https:\/\/www.capgemini.com\/co-es\/"},{"@type":"ListItem","position":2,"name":"Solutions","item":"https:\/\/www.capgemini.com\/co-es\/solutions\/"},{"@type":"ListItem","position":3,"name":"Centro de Defensa Cibern\u00e9tica"}]},{"@type":"WebSite","@id":"https:\/\/www.capgemini.com\/co-es\/#website","url":"https:\/\/www.capgemini.com\/co-es\/","name":"Capgemini Colombia","description":"Capgemini","potentialAction":[{"@type":"SearchAction","target":{"@type":"EntryPoint","urlTemplate":"https:\/\/www.capgemini.com\/co-es\/?s={search_term_string}"},"query-input":"required name=search_term_string"}],"inLanguage":"es-MX"}]}},"brand_term":[],"parsely":{"version":"1.1.0","canonical_url":"https:\/\/capgemini.com\/co-es\/solutions\/centro-de-defensa-cibernetica\/","smart_links":{"inbound":0,"outbound":0},"traffic_boost_suggestions_count":0,"meta":{"@context":"https:\/\/schema.org","@type":"WebPage","headline":"Centro de Defensa Cibern\u00e9tica","url":"https:\/\/www.capgemini.com\/co-es\/solutions\/centro-de-defensa-cibernetica\/","mainEntityOfPage":{"@type":"WebPage","@id":"https:\/\/www.capgemini.com\/co-es\/solutions\/centro-de-defensa-cibernetica\/"},"thumbnailUrl":"","image":{"@type":"ImageObject","url":""},"articleSection":"Uncategorized","author":[],"creator":[],"publisher":{"@type":"Organization","name":"Capgemini Colombia","logo":""},"keywords":[],"dateCreated":"2025-08-20T07:48:19Z","datePublished":"2025-08-20T07:48:19Z","dateModified":"2026-01-09T06:48:49Z"},"rendered":"<meta name=\"parsely-title\" content=\"Centro de Defensa Cibern\u00e9tica\" \/>\n<meta name=\"parsely-link\" content=\"https:\/\/www.capgemini.com\/co-es\/solutions\/centro-de-defensa-cibernetica\/\" \/>\n<meta name=\"parsely-type\" content=\"index\" \/>\n<meta name=\"parsely-pub-date\" content=\"2025-08-20T07:48:19Z\" \/>\n<meta name=\"parsely-section\" content=\"Uncategorized\" \/>","tracker_url":"https:\/\/cdn.parsely.com\/keys\/capgemini.com\/p.js"},"archive_status":false,"featured_image_src":"https:\/\/www.capgemini.com\/co-es\/wp-content\/themes\/capgemini2025\/assets\/images\/mockup.png","featured_image_alt":false,"jetpack_sharing_enabled":true,"distributor_meta":false,"distributor_terms":false,"distributor_media":false,"distributor_original_site_name":"Capgemini Colombia","distributor_original_site_url":"https:\/\/www.capgemini.com\/co-es","push-errors":false,"_links":{"self":[{"href":"https:\/\/www.capgemini.com\/co-es\/wp-json\/wp\/v2\/pages\/542472","targetHints":{"allow":["GET"]}}],"collection":[{"href":"https:\/\/www.capgemini.com\/co-es\/wp-json\/wp\/v2\/pages"}],"about":[{"href":"https:\/\/www.capgemini.com\/co-es\/wp-json\/wp\/v2\/types\/page"}],"author":[{"embeddable":true,"href":"https:\/\/www.capgemini.com\/co-es\/wp-json\/wp\/v2\/users\/151"}],"replies":[{"embeddable":true,"href":"https:\/\/www.capgemini.com\/co-es\/wp-json\/wp\/v2\/comments?post=542472"}],"version-history":[{"count":1,"href":"https:\/\/www.capgemini.com\/co-es\/wp-json\/wp\/v2\/pages\/542472\/revisions"}],"predecessor-version":[{"id":542474,"href":"https:\/\/www.capgemini.com\/co-es\/wp-json\/wp\/v2\/pages\/542472\/revisions\/542474"}],"up":[{"embeddable":true,"href":"https:\/\/www.capgemini.com\/co-es\/wp-json\/wp\/v2\/pages\/5720"}],"wp:attachment":[{"href":"https:\/\/www.capgemini.com\/co-es\/wp-json\/wp\/v2\/media?parent=542472"}],"wp:term":[{"taxonomy":"brand","embeddable":true,"href":"https:\/\/www.capgemini.com\/co-es\/wp-json\/wp\/v2\/brand?post=542472"},{"taxonomy":"partner_type","embeddable":true,"href":"https:\/\/www.capgemini.com\/co-es\/wp-json\/wp\/v2\/partner_type?post=542472"},{"taxonomy":"service","embeddable":true,"href":"https:\/\/www.capgemini.com\/co-es\/wp-json\/wp\/v2\/service?post=542472"},{"taxonomy":"industry","embeddable":true,"href":"https:\/\/www.capgemini.com\/co-es\/wp-json\/wp\/v2\/industry?post=542472"},{"taxonomy":"partners","embeddable":true,"href":"https:\/\/www.capgemini.com\/co-es\/wp-json\/wp\/v2\/partners?post=542472"},{"taxonomy":"page-type","embeddable":true,"href":"https:\/\/www.capgemini.com\/co-es\/wp-json\/wp\/v2\/page-type?post=542472"},{"taxonomy":"content-group","embeddable":true,"href":"https:\/\/www.capgemini.com\/co-es\/wp-json\/wp\/v2\/content-group?post=542472"}],"curies":[{"name":"wp","href":"https:\/\/api.w.org\/{rel}","templated":true}]}}