{"id":541270,"date":"2025-07-15T13:41:50","date_gmt":"2025-07-15T13:41:50","guid":{"rendered":"https:\/\/www.capgemini.com\/co-es\/?page_id=541270&#038;preview_id=541270"},"modified":"2025-07-15T13:42:01","modified_gmt":"2025-07-15T13:42:01","slug":"capgemini-y-liquid-ai","status":"publish","type":"page","link":"https:\/\/www.capgemini.com\/co-es\/capgemini-y-liquid-ai\/","title":{"rendered":"Capgemini y Liquid AI"},"content":{"rendered":"\n<div class=\"wp-block-cg-blocks-hero-picture-card undefined  heroPictureCard\"><div class=\"heroPictureCardBgs\"><picture><source srcset=\"https:\/\/www.capgemini.com\/wp-content\/uploads\/2024\/12\/Liquid-AI-Page-Dotcom-Banner-2880x1800-02.jpg?w=2880&amp;quality=70 1x, https:\/\/www.capgemini.com\/wp-content\/uploads\/2024\/12\/Liquid-AI-Page-Dotcom-Banner-2880x1800-02.jpg?w=2880&amp;quality=70 2x\" media=\"(min-width: 1500px)\"\/><source srcset=\"https:\/\/www.capgemini.com\/wp-content\/uploads\/2024\/12\/Liquid-AI-Page-Dotcom-Banner-2880x1800-02.jpg?w=1440&amp;quality=70 1x, https:\/\/www.capgemini.com\/wp-content\/uploads\/2024\/12\/Liquid-AI-Page-Dotcom-Banner-2880x1800-02.jpg?w=2880&amp;quality=70 2x\" media=\"(min-width: 992px)\"\/><source srcset=\"https:\/\/www.capgemini.com\/wp-content\/uploads\/2024\/12\/Liquid-AI-Page-Dotcom-Banner-2880x1800-02.jpg?w=1024&amp;quality=70 1x, https:\/\/www.capgemini.com\/wp-content\/uploads\/2024\/12\/Liquid-AI-Page-Dotcom-Banner-2880x1800-02.jpg?w=1024&amp;quality=70 2x\" media=\"(min-width: 768px)\"\/><source srcset=\"https:\/\/www.capgemini.com\/wp-content\/uploads\/2024\/12\/Liquid-AI-Page-Dotcom-Banner-2880x1800-02.jpg?w=768&amp;quality=70 1x, https:\/\/www.capgemini.com\/wp-content\/uploads\/2024\/12\/Liquid-AI-Page-Dotcom-Banner-2880x1800-02.jpg?w=768&amp;quality=70 2x\" media=\"(min-width: 0)\"\/><img decoding=\"async\" src=\"https:\/\/www.capgemini.com\/wp-content\/uploads\/2024\/12\/Liquid-AI-Page-Dotcom-Banner-2880x1800-02.jpg\" class=\"desktopImage\" alt=\"\" style=\"object-fit:cover;object-position:50% 50%\" loading=\"eager\"\/><\/picture><picture><source srcset=\"https:\/\/www.capgemini.com\/wp-content\/uploads\/2024\/12\/Liquid-AI-Page-Dotcom-Banner-2880x1800-02.jpg?w=2880&amp;quality=70 1x, https:\/\/www.capgemini.com\/wp-content\/uploads\/2024\/12\/Liquid-AI-Page-Dotcom-Banner-2880x1800-02.jpg?w=2880&amp;quality=70 2x\" media=\"(min-width: 1500px)\"\/><source srcset=\"https:\/\/www.capgemini.com\/wp-content\/uploads\/2024\/12\/Liquid-AI-Page-Dotcom-Banner-2880x1800-02.jpg?w=1440&amp;quality=70 1x, https:\/\/www.capgemini.com\/wp-content\/uploads\/2024\/12\/Liquid-AI-Page-Dotcom-Banner-2880x1800-02.jpg?w=2880&amp;quality=70 2x\" media=\"(min-width: 992px)\"\/><source srcset=\"https:\/\/www.capgemini.com\/wp-content\/uploads\/2024\/12\/Liquid-AI-Page-Dotcom-Banner-2880x1800-02.jpg?w=1024&amp;quality=70 1x, https:\/\/www.capgemini.com\/wp-content\/uploads\/2024\/12\/Liquid-AI-Page-Dotcom-Banner-2880x1800-02.jpg?w=1024&amp;quality=70 2x\" media=\"(min-width: 768px)\"\/><source srcset=\"https:\/\/www.capgemini.com\/wp-content\/uploads\/2024\/12\/Liquid-AI-Page-Dotcom-Banner-2880x1800-02.jpg?w=768&amp;quality=70 1x, https:\/\/www.capgemini.com\/wp-content\/uploads\/2024\/12\/Liquid-AI-Page-Dotcom-Banner-2880x1800-02.jpg?w=768&amp;quality=70 2x\" media=\"(min-width: 0)\"\/><img decoding=\"async\" src=\"https:\/\/www.capgemini.com\/wp-content\/uploads\/2024\/12\/Liquid-AI-Page-Dotcom-Banner-2880x1800-02.jpg\" class=\"mobileImage\" alt=\"\" style=\"object-fit:cover;object-position:50% 50%\" loading=\"eager\"\/><\/picture><\/div><div class=\"heroPictureCardHeaderShape\"><\/div><div class=\"container\"><div class=\"row\"><div class=\"col-md-8 col-lg-6\"><div class=\"heroPictureCardBox\"><div class=\"heroPictureCardBoxTitle\"><h1 data-maxlength=\"144\">Capgemini y Liquid AI<\/h1><\/div><\/div><\/div><\/div><\/div><div class=\"small-device\"><div class=\"brandLogoWrapper\"> <\/div><\/div><\/div>\n\n\n\n<section class=\"wp-block-cg-blocks-group undefined section section--article-content\"><div class=\"article-main-content\"><div class=\"container\"><div class=\"row\"><div class=\"col-12 col-md-1\"><nav class=\"article-social\"><ul class=\"social-nav\"><li class=\"ip-order-fb\"><a href=\"https:\/\/www.facebook.com\/sharer\/sharer.php?u=https:\/\/www.capgemini.com\/?page_id=1080826\" target=\"_blank\" rel=\"noopener noreferrer\" title=\"abrir en una nueva ventana\"><i aria-hidden=\"true\" class=\"icon-fb\"><\/i><span class=\"sr-only\">Facebook<\/span><\/a><\/li><li class=\"ip-order-li\"><a href=\"https:\/\/www.linkedin.com\/shareArticle?url=https:\/\/www.capgemini.com\/?page_id=1080826\" target=\"_blank\" rel=\"noopener noreferrer\" title=\"abrir en una nueva ventana\"><i aria-hidden=\"true\" class=\"icon-li\"><\/i><span class=\"sr-only\">Linkedin<\/span><\/a><\/li><\/ul><\/nav><\/div><div class=\"col-12 col-md-11 col-lg-10\"><div class=\"article-text article-quote-text\">\n<h3 class=\"wp-block-heading\" id=\"h-utilizando-la-proxima-generacion-de-modelos-de-ia-para-desbloquear-nuevas-oportunidades-de-negocio\"><strong>Utilizando la pr\u00f3xima generaci\u00f3n de modelos de IA para desbloquear nuevas oportunidades de negocio<\/strong><\/h3>\n\n\n\n<p>La inteligencia artificial generativa (GenAI) ha captado la atenci\u00f3n de los l\u00edderes empresariales, especialmente con modelos de lenguaje extenso (LLM) como GPT, Mistral, Claude y muchos otros. Sin embargo, estas tecnolog\u00edas son computacionalmente costosas y dif\u00edciles de explicar. Nuestra alianza con Liquid AI brinda a su empresa acceso a un tipo de modelo de IA completamente nuevo, las Redes Neuronales L\u00edquidas (LNN). Estos modelos son m\u00e1s robustos, computacionalmente m\u00e1s peque\u00f1os y consumen menos memoria que los modelos de redes neuronales tradicionales, incluyendo los LLM. Las LNN respaldan sus casos de uso perfeccionados para la IA generativa de forma eficaz, sostenible y rentable.<\/p>\n\n\n\n<blockquote class=\"wp-block-quote is-layout-flow wp-block-quote-is-layout-flow\">\n<p><em>\u201cLas organizaciones m\u00e1s exitosas encontrar\u00e1n maneras de utilizar sus activos de datos para aprovechar mejor el pasado, optimizar el presente y, lo m\u00e1s interesante, dise\u00f1ar el futuro. Se habla mucho de c\u00f3mo la IA generativa impulsar\u00e1 la productividad, pero la verdadera diferenciaci\u00f3n vendr\u00e1 de los enfoques de IA h\u00edbrida, que consideran tanto la productividad como el dise\u00f1o de nuevo contenido a medida que los procesos y productos de ingenier\u00eda se ampl\u00edan. Ah\u00ed es donde los modelos l\u00edquidos pueden desempe\u00f1ar un papel crucial.\u201d<\/em>&nbsp;<\/p>\n<cite><em>Andy Vickers, director de tecnolog\u00eda de IA generativa en Capgemini Engineering<\/em><\/cite><\/blockquote>\n\n\n\n<h3 class=\"wp-block-heading\" id=\"h-presentamos-la-ia-liquida\">Presentamos la IA l\u00edquida<\/h3>\n\n\n\n<p>Liquid AI es una empresa derivada creada por un cuarteto de cient\u00edficos de IA del Laboratorio de Ciencias de la Computaci\u00f3n e Inteligencia Artificial (CSAIL) del MIT. Sus principios de dise\u00f1o de pr\u00f3xima generaci\u00f3n para redes neuronales, inspirados en un modelo neuronal biol\u00f3gico, impulsan el futuro de la IA. Las LNN ayudan a las organizaciones a explotar datos en entornos din\u00e1micos, en tiempo real y en el borde, que involucran datos temporales como el procesamiento de voz o video. Los modelos pioneros y precisos de Liquid AI permiten a su empresa convertir los datos en tiempo real en una ventaja competitiva.&nbsp;<\/p>\n\n\n\n<h4 class=\"wp-block-heading\" id=\"h-por-que-es-importante-esta-asociacion\">Por qu\u00e9 es importante esta asociaci\u00f3n<\/h4>\n\n\n\n<p>Desde que las primeras herramientas de IA generativa se hicieron p\u00fablicas hace dos a\u00f1os, los l\u00edderes empresariales se han sentido fascinados por la oportunidad de usar la tecnolog\u00eda emergente para lograr m\u00e1s con menos. Sin embargo, a pesar de los beneficios potenciales, las empresas suelen tener dificultades para industrializar sus aplicaciones de IA. Los LLM tradicionales son costosos de implementar y sus respuestas son inexplicables. Escalar la IA requiere funciones cruciales para el negocio, incluyendo una costosa computaci\u00f3n de alto rendimiento.<\/p>\n\n\n\n<p>Aqu\u00ed es donde entra en juego la alianza entre Liquid AI y Capgemini. Capgemini y MIT CSAIL han colaborado en investigaci\u00f3n desde 2021, estableciendo nuevos paradigmas para generar confianza en la IA. El fondo de capital riesgo corporativo de Capgemini particip\u00f3 en la ronda de capital semilla de Liquid AI en 2023. La siguiente etapa de la colaboraci\u00f3n entre Capgemini y Liquid AI permitir\u00e1 a su empresa tomar la delantera con la pr\u00f3xima generaci\u00f3n de modelos de IA y descubrir nuevas oportunidades de valor.<\/p>\n\n\n\n<p>Nuestra alianza con Liquid AI ofrece soluciones empresariales como parte de un ecosistema confiable de excelencia en IA. Puede entrenar redes l\u00edquidas con sus datos \u00fanicos para resolver desaf\u00edos insolubles en toda la cadena de valor de su negocio. Las LNN son adaptables y cuentan con capacidades de procesamiento en tiempo real para aplicaciones que requieren respuestas r\u00e1pidas a condiciones cambiantes. Ya sea para rob\u00f3tica, veh\u00edculos aut\u00f3nomos, procesamiento de se\u00f1ales en tiempo real o soluciones avanzadas de IA en el Edge, nuestra alianza ayudar\u00e1 a su empresa a aprovechar el poder de la IA.<\/p>\n\n\n\n<blockquote class=\"wp-block-quote is-layout-flow wp-block-quote-is-layout-flow\">\n<p><em>\u201cLa tecnolog\u00eda cambia rapid\u00edsimo. Cada semana surge algo nuevo, y si reaccionas a esa velocidad de cambio, es demasiado tarde. Necesitas trabajar con personas que impulsan el panorama de la innovaci\u00f3n, no solo que reaccionan a \u00e9l. Nuestra colaboraci\u00f3n con Liquid AI ayudar\u00e1 a tu empresa a aprovechar el poder de la IA generativa de forma proactiva y a marcar el comienzo de la era de la Ingenier\u00eda Aumentada.\u201d<\/em>&nbsp;<\/p>\n<cite>Andy Vickers, director de tecnolog\u00eda de IA generativa en Capgemini Engineering<\/cite><\/blockquote>\n<\/div><\/div><\/div><\/div><\/div><\/section>\n\n\n\n<section class=\"wp-block-cg-blocks-learn-more learnMoreBlock updated-new-sample-amal\"><div class=\"container\"><div class=\"content-title\"><h2 class=\"learnmore-heading\">Lo que nos encanta de Liquid AI<\/h2><\/div><div class=\"row\"><div class=\"col-md-4\"><div class=\"box\"><div class=\"box-wrapper\"><div class=\"box-img-wrapper\"><img decoding=\"async\" src=\"https:\/\/www.capgemini.com\/wp-content\/uploads\/2024\/12\/Liquid-AI-Exploiting-data-Banner.jpg?w=500&amp;quality=70\" srcset=\"https:\/\/www.capgemini.com\/wp-content\/uploads\/2024\/12\/Liquid-AI-Exploiting-data-Banner.jpg?w=500&amp;quality=70 1x, https:\/\/www.capgemini.com\/wp-content\/uploads\/2024\/12\/Liquid-AI-Exploiting-data-Banner.jpg?w=1000&amp;quality=70 2x\" class=\"box-img\" alt=\"\" style=\"object-fit:cover;object-position:50% 50%\" loading=\"lazy\"\/><\/div><h3>Explotaci\u00f3n din\u00e1mica de datos<\/h3><\/div><\/div><div class=\"box-inner\"><p class=\"box-desc\">Ayudamos a sus empresas a convertir los datos en tiempo real en una ventaja competitiva.<\/p><\/div><\/div><div class=\"col-md-4\"><div class=\"box\"><div class=\"box-wrapper\"><div class=\"box-img-wrapper\"><img decoding=\"async\" src=\"https:\/\/www.capgemini.com\/wp-content\/uploads\/2024\/12\/Liquid-AI-real-time-data.jpg?w=500&amp;quality=70\" srcset=\"https:\/\/www.capgemini.com\/wp-content\/uploads\/2024\/12\/Liquid-AI-real-time-data.jpg?w=500&amp;quality=70 1x, https:\/\/www.capgemini.com\/wp-content\/uploads\/2024\/12\/Liquid-AI-real-time-data.jpg?w=1000&amp;quality=70 2x\" class=\"box-img\" alt=\"\" style=\"object-fit:cover;object-position:50% 50%\" loading=\"lazy\"\/><\/div><h3>Hacer m\u00e1s con menos<\/h3><\/div><\/div><div class=\"box-inner\"><p class=\"box-desc\">Implemente modelos de IA generativa m\u00e1s peque\u00f1os y sostenibles, compatibles con dispositivos fuera de l\u00ednea y de borde.<\/p><\/div><\/div><div class=\"col-md-4\"><div class=\"box\"><div class=\"box-wrapper\"><div class=\"box-img-wrapper\"><img decoding=\"async\" src=\"https:\/\/www.capgemini.com\/wp-content\/uploads\/2024\/12\/Liquid-AI-Page-Building-an-AI-ecosystem.jpg?w=500&amp;quality=70\" srcset=\"https:\/\/www.capgemini.com\/wp-content\/uploads\/2024\/12\/Liquid-AI-Page-Building-an-AI-ecosystem.jpg?w=500&amp;quality=70 1x, https:\/\/www.capgemini.com\/wp-content\/uploads\/2024\/12\/Liquid-AI-Page-Building-an-AI-ecosystem.jpg?w=1000&amp;quality=70 2x\" class=\"box-img\" alt=\"\" style=\"object-fit:cover;object-position:50% 50%\" loading=\"lazy\"\/><\/div><h3>Construyendo un ecosistema de IA<\/h3><\/div><\/div><div class=\"box-inner\"><p class=\"box-desc\">Una asociaci\u00f3n pionera que apoya un enfoque proactivo hacia la innovaci\u00f3n.<\/p><\/div><\/div><\/div><\/div><\/section>\n\n\n\n<section class=\"wp-block-cg-blocks-wrapper-card-text-pic wrapperCardTextPic hero-bg-shape\"><div class=\"container\"><div class=\"row\"><div class=\"col-md-12\">\n<div class=\"wp-block-cg-blocks-card-text-pic-left\"><div class=\"row card-text-pic leftCard\"><div class=\"col-md-12\"><div class=\"box--section\"><div class=\"box row-nobleed\"><div class=\"col-lg-5 col-md-12 box-img-wrapper \"><picture><source srcset=\"https:\/\/www.capgemini.com\/wp-content\/uploads\/2024\/12\/The-power-of-Liquid-AI.jpg?w=1000&amp;quality=70 1x, https:\/\/www.capgemini.com\/wp-content\/uploads\/2024\/12\/The-power-of-Liquid-AI.jpg?w=1000&amp;quality=70 2x\" media=\"(min-width: 1500px)\"\/><source srcset=\"https:\/\/www.capgemini.com\/wp-content\/uploads\/2024\/12\/The-power-of-Liquid-AI.jpg?w=500&amp;quality=70 1x, https:\/\/www.capgemini.com\/wp-content\/uploads\/2024\/12\/The-power-of-Liquid-AI.jpg?w=1000&amp;quality=70 2x\" media=\"(min-width: 992px)\"\/><source srcset=\"https:\/\/www.capgemini.com\/wp-content\/uploads\/2024\/12\/The-power-of-Liquid-AI.jpg?w=768&amp;quality=70 1x, https:\/\/www.capgemini.com\/wp-content\/uploads\/2024\/12\/The-power-of-Liquid-AI.jpg?w=768&amp;quality=70 2x\" media=\"(min-width: 768px)\"\/><source srcset=\"https:\/\/www.capgemini.com\/wp-content\/uploads\/2024\/12\/The-power-of-Liquid-AI.jpg?w=556&amp;quality=70 1x, https:\/\/www.capgemini.com\/wp-content\/uploads\/2024\/12\/The-power-of-Liquid-AI.jpg?w=556&amp;quality=70 2x\" media=\"(min-width: 0)\"\/><img decoding=\"async\" src=\"https:\/\/www.capgemini.com\/wp-content\/uploads\/2024\/12\/The-power-of-Liquid-AI.jpg\" class=\"box-img-without-hover\" alt=\"\" style=\"object-fit:cover;object-position:50% 50%\" loading=\"lazy\"\/><\/picture><\/div><div class=\"col-lg-8 col-md-12 box-inner \"><h3 class=\"titlewithoutLink\" data-maxlength=\"144\">El poder de la IA l\u00edquida<\/h3><p class=\"box-text\" data-maxlength=\"600\">Los ganadores del ma\u00f1ana ser\u00e1n los pioneros de hoy. Para que su empresa tenga una ventaja competitiva en una era de constante cambio tecnol\u00f3gico, es necesario utilizar la IA de forma eficaz, sostenible y rentable. Con la ayuda de Liquid AI y Capgemini, su empresa puede aprovechar la nueva generaci\u00f3n de modelos de IA y generar nuevo valor en un entorno de r\u00e1pida evoluci\u00f3n.<\/p><\/div><\/div><\/div><\/div><\/div><\/div>\n<\/div><\/div><\/div><\/section>\n","protected":false},"excerpt":{"rendered":"","protected":false},"author":257,"featured_media":541271,"parent":0,"menu_order":0,"comment_status":"closed","ping_status":"closed","template":"","meta":{"cg_dt_proposed_to":[],"cg_seo_hreflang_relations":"[]","cg_seo_canonical_relation":"","cg_seo_hreflang_x_default_relation":"{\"uuid\":\"67979ab9-4662-40f1-8110-b8c113300d33\",\"blogId\":\"1\",\"domain\":\"www.capgemini.com\",\"sitePath\":\"\/\",\"postLink\":\"https:\/\/www.capgemini.com\/capgemini-and-liquid-ai\/\",\"postId\":1080826,\"isSaved\":true,\"isCrossLink\":false,\"hasCrossLink\":false,\"isEnabled\":true}","cg_dt_approved_content":true,"cg_dt_mandatory_content":false,"cg_dt_notes":"","cg_dg_source_changed":false,"cg_dt_link_disabled":false,"_yoast_wpseo_primary_brand":"","footnotes":"","featured_focal_points":"","partner_card_description":"","gsap_animation":0},"brand":[],"partner_type":[],"service":[],"industry":[],"partners":[],"page-type":[],"content-group":[],"class_list":["post-541270","page","type-page","status-publish","has-post-thumbnail","hentry"],"yoast_head":"<!-- This site is optimized with the Yoast SEO Premium plugin v22.8 (Yoast SEO v22.8) - https:\/\/yoast.com\/wordpress\/plugins\/seo\/ -->\n<title>Capgemini y Liquid AI<\/title>\n<meta name=\"robots\" content=\"index, follow, max-snippet:-1, max-image-preview:large, max-video-preview:-1\" \/>\n<link rel=\"canonical\" href=\"https:\/\/www.capgemini.com\/co-es\/capgemini-y-liquid-ai\/\" \/>\n<meta property=\"og:locale\" content=\"es_MX\" \/>\n<meta property=\"og:type\" content=\"article\" \/>\n<meta property=\"og:title\" content=\"Capgemini y Liquid AI\" \/>\n<meta property=\"og:url\" content=\"https:\/\/www.capgemini.com\/co-es\/capgemini-y-liquid-ai\/\" \/>\n<meta property=\"og:site_name\" content=\"Capgemini Colombia\" \/>\n<meta property=\"article:modified_time\" content=\"2025-07-15T13:42:01+00:00\" \/>\n<meta property=\"og:image\" content=\"https:\/\/www.capgemini.com\/co-es\/wp-content\/uploads\/sites\/25\/2025\/10\/New-Web-preview-global.jpg\" \/>\n\t<meta property=\"og:image:width\" content=\"1200\" \/>\n\t<meta property=\"og:image:height\" content=\"627\" \/>\n\t<meta property=\"og:image:type\" content=\"image\/jpeg\" \/>\n<meta name=\"twitter:card\" content=\"summary_large_image\" \/>\n<meta name=\"twitter:label1\" content=\"Est. reading time\" \/>\n\t<meta name=\"twitter:data1\" content=\"5 minutes\" \/>\n<script type=\"application\/ld+json\" class=\"yoast-schema-graph\">{\"@context\":\"https:\/\/schema.org\",\"@graph\":[{\"@type\":\"WebPage\",\"@id\":\"https:\/\/www.capgemini.com\/co-es\/capgemini-y-liquid-ai\/\",\"url\":\"https:\/\/www.capgemini.com\/co-es\/capgemini-y-liquid-ai\/\",\"name\":\"Capgemini y Liquid AI\",\"isPartOf\":{\"@id\":\"https:\/\/www.capgemini.com\/co-es\/#website\"},\"primaryImageOfPage\":{\"@id\":\"https:\/\/www.capgemini.com\/co-es\/capgemini-y-liquid-ai\/#primaryimage\"},\"image\":{\"@id\":\"https:\/\/www.capgemini.com\/co-es\/capgemini-y-liquid-ai\/#primaryimage\"},\"thumbnailUrl\":\"https:\/\/www.capgemini.com\/co-es\/wp-content\/uploads\/sites\/25\/2025\/07\/Liquid-AI-Page-Dotcom-Banner-2880x1800-02.jpg\",\"datePublished\":\"2025-07-15T13:41:50+00:00\",\"dateModified\":\"2025-07-15T13:42:01+00:00\",\"breadcrumb\":{\"@id\":\"https:\/\/www.capgemini.com\/co-es\/capgemini-y-liquid-ai\/#breadcrumb\"},\"inLanguage\":\"es-MX\",\"potentialAction\":[{\"@type\":\"ReadAction\",\"target\":[\"https:\/\/www.capgemini.com\/co-es\/capgemini-y-liquid-ai\/\"]}]},{\"@type\":\"ImageObject\",\"inLanguage\":\"es-MX\",\"@id\":\"https:\/\/www.capgemini.com\/co-es\/capgemini-y-liquid-ai\/#primaryimage\",\"url\":\"https:\/\/www.capgemini.com\/co-es\/wp-content\/uploads\/sites\/25\/2025\/07\/Liquid-AI-Page-Dotcom-Banner-2880x1800-02.jpg\",\"contentUrl\":\"https:\/\/www.capgemini.com\/co-es\/wp-content\/uploads\/sites\/25\/2025\/07\/Liquid-AI-Page-Dotcom-Banner-2880x1800-02.jpg\",\"width\":2880,\"height\":1800},{\"@type\":\"BreadcrumbList\",\"@id\":\"https:\/\/www.capgemini.com\/co-es\/capgemini-y-liquid-ai\/#breadcrumb\",\"itemListElement\":[{\"@type\":\"ListItem\",\"position\":1,\"name\":\"Home\",\"item\":\"https:\/\/www.capgemini.com\/co-es\/\"},{\"@type\":\"ListItem\",\"position\":2,\"name\":\"Capgemini y Liquid AI\"}]},{\"@type\":\"WebSite\",\"@id\":\"https:\/\/www.capgemini.com\/co-es\/#website\",\"url\":\"https:\/\/www.capgemini.com\/co-es\/\",\"name\":\"Capgemini Colombia\",\"description\":\"Capgemini\",\"potentialAction\":[{\"@type\":\"SearchAction\",\"target\":{\"@type\":\"EntryPoint\",\"urlTemplate\":\"https:\/\/www.capgemini.com\/co-es\/?s={search_term_string}\"},\"query-input\":\"required name=search_term_string\"}],\"inLanguage\":\"es-MX\"}]}<\/script>\n<!-- \/ Yoast SEO Premium plugin. -->","yoast_head_json":{"title":"Capgemini y Liquid AI","robots":{"index":"index","follow":"follow","max-snippet":"max-snippet:-1","max-image-preview":"max-image-preview:large","max-video-preview":"max-video-preview:-1"},"canonical":"https:\/\/www.capgemini.com\/co-es\/capgemini-y-liquid-ai\/","og_locale":"es_MX","og_type":"article","og_title":"Capgemini y Liquid AI","og_url":"https:\/\/www.capgemini.com\/co-es\/capgemini-y-liquid-ai\/","og_site_name":"Capgemini Colombia","article_modified_time":"2025-07-15T13:42:01+00:00","og_image":[{"width":1200,"height":627,"url":"https:\/\/www.capgemini.com\/co-es\/wp-content\/uploads\/sites\/25\/2025\/10\/New-Web-preview-global.jpg","type":"image\/jpeg"}],"twitter_card":"summary_large_image","twitter_misc":{"Est. reading time":"5 minutes"},"schema":{"@context":"https:\/\/schema.org","@graph":[{"@type":"WebPage","@id":"https:\/\/www.capgemini.com\/co-es\/capgemini-y-liquid-ai\/","url":"https:\/\/www.capgemini.com\/co-es\/capgemini-y-liquid-ai\/","name":"Capgemini y Liquid AI","isPartOf":{"@id":"https:\/\/www.capgemini.com\/co-es\/#website"},"primaryImageOfPage":{"@id":"https:\/\/www.capgemini.com\/co-es\/capgemini-y-liquid-ai\/#primaryimage"},"image":{"@id":"https:\/\/www.capgemini.com\/co-es\/capgemini-y-liquid-ai\/#primaryimage"},"thumbnailUrl":"https:\/\/www.capgemini.com\/co-es\/wp-content\/uploads\/sites\/25\/2025\/07\/Liquid-AI-Page-Dotcom-Banner-2880x1800-02.jpg","datePublished":"2025-07-15T13:41:50+00:00","dateModified":"2025-07-15T13:42:01+00:00","breadcrumb":{"@id":"https:\/\/www.capgemini.com\/co-es\/capgemini-y-liquid-ai\/#breadcrumb"},"inLanguage":"es-MX","potentialAction":[{"@type":"ReadAction","target":["https:\/\/www.capgemini.com\/co-es\/capgemini-y-liquid-ai\/"]}]},{"@type":"ImageObject","inLanguage":"es-MX","@id":"https:\/\/www.capgemini.com\/co-es\/capgemini-y-liquid-ai\/#primaryimage","url":"https:\/\/www.capgemini.com\/co-es\/wp-content\/uploads\/sites\/25\/2025\/07\/Liquid-AI-Page-Dotcom-Banner-2880x1800-02.jpg","contentUrl":"https:\/\/www.capgemini.com\/co-es\/wp-content\/uploads\/sites\/25\/2025\/07\/Liquid-AI-Page-Dotcom-Banner-2880x1800-02.jpg","width":2880,"height":1800},{"@type":"BreadcrumbList","@id":"https:\/\/www.capgemini.com\/co-es\/capgemini-y-liquid-ai\/#breadcrumb","itemListElement":[{"@type":"ListItem","position":1,"name":"Home","item":"https:\/\/www.capgemini.com\/co-es\/"},{"@type":"ListItem","position":2,"name":"Capgemini y Liquid AI"}]},{"@type":"WebSite","@id":"https:\/\/www.capgemini.com\/co-es\/#website","url":"https:\/\/www.capgemini.com\/co-es\/","name":"Capgemini Colombia","description":"Capgemini","potentialAction":[{"@type":"SearchAction","target":{"@type":"EntryPoint","urlTemplate":"https:\/\/www.capgemini.com\/co-es\/?s={search_term_string}"},"query-input":"required name=search_term_string"}],"inLanguage":"es-MX"}]}},"brand_term":[],"parsely":{"version":"1.1.0","canonical_url":"https:\/\/capgemini.com\/co-es\/capgemini-y-liquid-ai\/","smart_links":{"inbound":0,"outbound":0},"traffic_boost_suggestions_count":0,"meta":{"@context":"https:\/\/schema.org","@type":"WebPage","headline":"Capgemini y Liquid AI","url":"https:\/\/www.capgemini.com\/co-es\/capgemini-y-liquid-ai\/","mainEntityOfPage":{"@type":"WebPage","@id":"https:\/\/www.capgemini.com\/co-es\/capgemini-y-liquid-ai\/"},"thumbnailUrl":"https:\/\/www.capgemini.com\/co-es\/wp-content\/uploads\/sites\/25\/2025\/07\/Liquid-AI-Page-Dotcom-Banner-2880x1800-02.jpg?w=150&h=150&crop=1","image":{"@type":"ImageObject","url":"https:\/\/www.capgemini.com\/co-es\/wp-content\/uploads\/sites\/25\/2025\/07\/Liquid-AI-Page-Dotcom-Banner-2880x1800-02.jpg"},"articleSection":"Uncategorized","author":[],"creator":[],"publisher":{"@type":"Organization","name":"Capgemini Colombia","logo":""},"keywords":[],"dateCreated":"2025-07-15T13:41:50Z","datePublished":"2025-07-15T13:41:50Z","dateModified":"2025-07-15T13:42:01Z"},"rendered":"<meta name=\"parsely-title\" content=\"Capgemini y Liquid AI\" \/>\n<meta name=\"parsely-link\" content=\"https:\/\/www.capgemini.com\/co-es\/capgemini-y-liquid-ai\/\" \/>\n<meta name=\"parsely-type\" content=\"index\" \/>\n<meta name=\"parsely-image-url\" content=\"https:\/\/www.capgemini.com\/co-es\/wp-content\/uploads\/sites\/25\/2025\/07\/Liquid-AI-Page-Dotcom-Banner-2880x1800-02.jpg?w=150&amp;h=150&amp;crop=1\" \/>\n<meta name=\"parsely-pub-date\" content=\"2025-07-15T13:41:50Z\" \/>\n<meta name=\"parsely-section\" content=\"Uncategorized\" \/>","tracker_url":"https:\/\/cdn.parsely.com\/keys\/capgemini.com\/p.js"},"archive_status":false,"featured_image_src":"https:\/\/www.capgemini.com\/co-es\/wp-content\/uploads\/sites\/25\/2025\/07\/Liquid-AI-Page-Dotcom-Banner-2880x1800-02.jpg","featured_image_alt":"","jetpack_sharing_enabled":true,"distributor_meta":false,"distributor_terms":false,"distributor_media":false,"distributor_original_site_name":"Capgemini Colombia","distributor_original_site_url":"https:\/\/www.capgemini.com\/co-es","push-errors":false,"_links":{"self":[{"href":"https:\/\/www.capgemini.com\/co-es\/wp-json\/wp\/v2\/pages\/541270","targetHints":{"allow":["GET"]}}],"collection":[{"href":"https:\/\/www.capgemini.com\/co-es\/wp-json\/wp\/v2\/pages"}],"about":[{"href":"https:\/\/www.capgemini.com\/co-es\/wp-json\/wp\/v2\/types\/page"}],"author":[{"embeddable":true,"href":"https:\/\/www.capgemini.com\/co-es\/wp-json\/wp\/v2\/users\/257"}],"replies":[{"embeddable":true,"href":"https:\/\/www.capgemini.com\/co-es\/wp-json\/wp\/v2\/comments?post=541270"}],"version-history":[{"count":1,"href":"https:\/\/www.capgemini.com\/co-es\/wp-json\/wp\/v2\/pages\/541270\/revisions"}],"predecessor-version":[{"id":541272,"href":"https:\/\/www.capgemini.com\/co-es\/wp-json\/wp\/v2\/pages\/541270\/revisions\/541272"}],"wp:featuredmedia":[{"embeddable":true,"href":"https:\/\/www.capgemini.com\/co-es\/wp-json\/wp\/v2\/media\/541271"}],"wp:attachment":[{"href":"https:\/\/www.capgemini.com\/co-es\/wp-json\/wp\/v2\/media?parent=541270"}],"wp:term":[{"taxonomy":"brand","embeddable":true,"href":"https:\/\/www.capgemini.com\/co-es\/wp-json\/wp\/v2\/brand?post=541270"},{"taxonomy":"partner_type","embeddable":true,"href":"https:\/\/www.capgemini.com\/co-es\/wp-json\/wp\/v2\/partner_type?post=541270"},{"taxonomy":"service","embeddable":true,"href":"https:\/\/www.capgemini.com\/co-es\/wp-json\/wp\/v2\/service?post=541270"},{"taxonomy":"industry","embeddable":true,"href":"https:\/\/www.capgemini.com\/co-es\/wp-json\/wp\/v2\/industry?post=541270"},{"taxonomy":"partners","embeddable":true,"href":"https:\/\/www.capgemini.com\/co-es\/wp-json\/wp\/v2\/partners?post=541270"},{"taxonomy":"page-type","embeddable":true,"href":"https:\/\/www.capgemini.com\/co-es\/wp-json\/wp\/v2\/page-type?post=541270"},{"taxonomy":"content-group","embeddable":true,"href":"https:\/\/www.capgemini.com\/co-es\/wp-json\/wp\/v2\/content-group?post=541270"}],"curies":[{"name":"wp","href":"https:\/\/api.w.org\/{rel}","templated":true}]}}