{"id":541221,"date":"2025-07-15T05:26:50","date_gmt":"2025-07-15T05:26:50","guid":{"rendered":"https:\/\/www.capgemini.com\/co-es\/?page_id=541221&#038;preview_id=541221"},"modified":"2025-07-15T05:27:05","modified_gmt":"2025-07-15T05:27:05","slug":"capgemini-y-zelros","status":"publish","type":"page","link":"https:\/\/www.capgemini.com\/co-es\/capgemini-y-zelros\/","title":{"rendered":"Capgemini y Zelros"},"content":{"rendered":"\n<div class=\"wp-block-cg-blocks-hero-picture-card undefined  heroPictureCard\"><div class=\"heroPictureCardBgs\"><picture><source srcset=\"https:\/\/www.capgemini.com\/wp-content\/uploads\/2023\/03\/zelros.jpg?w=2880&amp;quality=70 1x, https:\/\/www.capgemini.com\/wp-content\/uploads\/2023\/03\/zelros.jpg?w=2880&amp;quality=70 2x\" media=\"(min-width: 1500px)\"\/><source srcset=\"https:\/\/www.capgemini.com\/wp-content\/uploads\/2023\/03\/zelros.jpg?w=1440&amp;quality=70 1x, https:\/\/www.capgemini.com\/wp-content\/uploads\/2023\/03\/zelros.jpg?w=2880&amp;quality=70 2x\" media=\"(min-width: 992px)\"\/><source srcset=\"https:\/\/www.capgemini.com\/wp-content\/uploads\/2023\/03\/zelros.jpg?w=1024&amp;quality=70 1x, https:\/\/www.capgemini.com\/wp-content\/uploads\/2023\/03\/zelros.jpg?w=1024&amp;quality=70 2x\" media=\"(min-width: 768px)\"\/><source srcset=\"https:\/\/www.capgemini.com\/wp-content\/uploads\/2023\/03\/zelros.jpg?w=768&amp;quality=70 1x, https:\/\/www.capgemini.com\/wp-content\/uploads\/2023\/03\/zelros.jpg?w=768&amp;quality=70 2x\" media=\"(min-width: 0)\"\/><img decoding=\"async\" src=\"https:\/\/www.capgemini.com\/wp-content\/uploads\/2023\/03\/zelros.jpg\" class=\"desktopImage\" alt=\"\" style=\"object-fit:cover;object-position:50% 50%\" loading=\"eager\"\/><\/picture><picture><source srcset=\"https:\/\/www.capgemini.com\/wp-content\/uploads\/2023\/03\/zelros.jpg?w=2880&amp;quality=70 1x, https:\/\/www.capgemini.com\/wp-content\/uploads\/2023\/03\/zelros.jpg?w=2880&amp;quality=70 2x\" media=\"(min-width: 1500px)\"\/><source srcset=\"https:\/\/www.capgemini.com\/wp-content\/uploads\/2023\/03\/zelros.jpg?w=1440&amp;quality=70 1x, https:\/\/www.capgemini.com\/wp-content\/uploads\/2023\/03\/zelros.jpg?w=2880&amp;quality=70 2x\" media=\"(min-width: 992px)\"\/><source srcset=\"https:\/\/www.capgemini.com\/wp-content\/uploads\/2023\/03\/zelros.jpg?w=1024&amp;quality=70 1x, https:\/\/www.capgemini.com\/wp-content\/uploads\/2023\/03\/zelros.jpg?w=1024&amp;quality=70 2x\" media=\"(min-width: 768px)\"\/><source srcset=\"https:\/\/www.capgemini.com\/wp-content\/uploads\/2023\/03\/zelros.jpg?w=768&amp;quality=70 1x, https:\/\/www.capgemini.com\/wp-content\/uploads\/2023\/03\/zelros.jpg?w=768&amp;quality=70 2x\" media=\"(min-width: 0)\"\/><img decoding=\"async\" src=\"https:\/\/www.capgemini.com\/wp-content\/uploads\/2023\/03\/zelros.jpg\" class=\"mobileImage\" alt=\"\" style=\"object-fit:cover;object-position:50% 50%\" loading=\"eager\"\/><\/picture><\/div><div class=\"heroPictureCardHeaderShape\"><\/div><div class=\"container\"><div class=\"row\"><div class=\"col-md-8 col-lg-6\"><div class=\"heroPictureCardBox\"><div class=\"heroPictureCardBoxTitle\"><h1 data-maxlength=\"144\">Capgemini y Zelros<\/h1><\/div><\/div><\/div><\/div><\/div><div class=\"small-device\"><div class=\"brandLogoWrapper\"> <\/div><\/div><\/div>\n\n\n\n<section class=\"wp-block-cg-blocks-intro-para undefined section section--intro\"><div class=\"intro-para\"><div class=\"container\"><div class=\"row\"><div class=\"col-12 col-md-1\"><nav class=\"article-social\"><ul class=\"social-nav\"><li class=\"ip-order-fb\"><a href=\"https:\/\/www.facebook.com\/sharer\/sharer.php?u=https:\/\/www.capgemini.com\/co-es\/?page_id=541221\" target=\"_blank\" rel=\"noopener noreferrer\" title=\"abrir en una nueva ventana\"><i aria-hidden=\"true\" class=\"icon-fb\"><\/i><span class=\"sr-only\">Facebook<\/span><\/a><\/li><li class=\"ip-order-li\"><a href=\"https:\/\/www.linkedin.com\/sharing\/share-offsite\/?url=https:\/\/www.capgemini.com\/co-es\/?page_id=541221\" target=\"_blank\" rel=\"noopener noreferrer\" title=\"abrir en una nueva ventana\"><i aria-hidden=\"true\" class=\"icon-li\"><\/i><span class=\"sr-only\">Linkedin<\/span><\/a><\/li><\/ul><\/nav><\/div><div class=\"col-12 col-md-11 col-lg-10\"><h2 class=\"intro-para-title\">La alianza para transformar la distribuci\u00f3n de seguros<\/h2><p class=\"intro-para-content\">Hoy en d\u00eda, la demanda de seguros aumenta. El mercado es extremadamente competitivo. Y los clientes de todo el mundo esperan mejores experiencias. La distribuci\u00f3n de seguros est\u00e1 cambiando r\u00e1pidamente, y el aprovechamiento de los datos es la \u00fanica manera de mantenerse al d\u00eda. Por eso, Capgemini se ha asociado con Zelros como parte de nuestra iniciativa de emprendimientos corporativos.<\/p><\/div><\/div><\/div><\/div><\/section>\n\n\n\n<section class=\"wp-block-cg-blocks-group undefined section section--article-content\"><div class=\"article-main-content\"><div class=\"container\"><div class=\"row\"><div class=\"col-12 col-md-11 col-lg-10 offset-md-1 offset-lg-1\"><div class=\"article-text article-quote-text\">\n<blockquote class=\"wp-block-quote is-layout-flow wp-block-quote-is-layout-flow\">\n<p>\u201cZelros hizo que nuestros asesores fueran proactivos a la hora de descubrir las necesidades de nuestros clientes, lo que gener\u00f3 un mayor NPS y mejores tasas de venta cruzada.\u201d<\/p>\n<cite><em>Director general adjunto de una aseguradora mutualista francesa y l\u00edder del mercado de seguros de autom\u00f3viles<\/em><\/cite><\/blockquote>\n\n\n\n<h3 class=\"wp-block-heading\" id=\"h-presentando-zelros\">Presentando Zelros<\/h3>\n\n\n\n<p>Zelros es un verdadero pionero de InsurTech. La startup ha desarrollado una plataforma de IA 100% especializada en seguros que conecta todo tipo de datos de seguros, ya sean estructurados o no estructurados, como llamadas de voz o documentos, con modelos predictivos espec\u00edficos de seguros para enriquecer sus predicciones y recomendaciones.<\/p>\n\n\n\n<p>Impulsado por servicios cognitivos innovadores como el poderoso reconocimiento de voz y la comprensi\u00f3n del lenguaje natural, Zelros interpreta informaci\u00f3n esencial de las interacciones con los clientes y luego brinda recomendaciones informadas tanto para asesores como para agentes.<\/p>\n\n\n\n<h3 class=\"wp-block-heading\" id=\"h-por-que-somos-socios\">Por qu\u00e9 somos socios<\/h3>\n\n\n\n<p>La mala experiencia del cliente les cuesta a las aseguradoras miles de millones en primas. Mientras tanto, las aseguradoras nativas digitales est\u00e1n ganando terreno con ofertas personalizadas y de r\u00e1pida evoluci\u00f3n. En lugar de considerar esto como algo negativo, Zelros vio la oportunidad de aprovechar la inteligencia en tiempo real y desarroll\u00f3 un motor de recomendaciones de primera clase que permite a las aseguradoras personalizar las ofertas de p\u00f3lizas en todos los canales en tiempo real.<\/p>\n\n\n\n<p>Esto se traduce en una mejor experiencia del cliente. Tambi\u00e9n implica una menor exposici\u00f3n al riesgo gracias al uso sostenible y \u00e9tico de la IA. Por ello, Capgemini planea aprovechar Zelros en sus programas de transformaci\u00f3n digital y, al mismo tiempo, ayudar a Zelros a expandirse a nuevas \u00e1reas geogr\u00e1ficas.<a id=\"_msocom_1\"><\/a><\/p>\n<\/div><\/div><\/div><\/div><\/div><\/section>\n\n\n\n<section class=\"wp-block-cg-blocks-learn-more learnMoreBlock updated-new-sample-amal\"><div class=\"container\"><div class=\"content-title\"><h2 class=\"learnmore-heading\">Lo que nos encanta de Zelros<\/h2><\/div><div class=\"row\"><div class=\"col-md-4\"><div class=\"box\"><div class=\"box-wrapper\"><div class=\"box-img-wrapper\"><img decoding=\"async\" src=\"https:\/\/www.capgemini.com\/wp-content\/uploads\/2022\/12\/Capgemini-and-Alation_business-priorities.jpg?w=500&amp;quality=70\" srcset=\"https:\/\/www.capgemini.com\/wp-content\/uploads\/2022\/12\/Capgemini-and-Alation_business-priorities.jpg?w=500&amp;quality=70 1x, https:\/\/www.capgemini.com\/wp-content\/uploads\/2022\/12\/Capgemini-and-Alation_business-priorities.jpg?w=1000&amp;quality=70 2x\" class=\"box-img\" alt=\"\" style=\"object-fit:cover;object-position:50% 50%\" loading=\"lazy\"\/><\/div><h3>Combinamos nuestras capacidades de innovaci\u00f3n<\/h3><\/div><\/div><div class=\"box-inner\"><p class=\"box-desc\">Ofrecer recomendaciones de productos y soluciones de ventas impulsadas por IA<\/p><\/div><\/div><div class=\"col-md-4\"><div class=\"box\"><div class=\"box-wrapper\"><div class=\"box-img-wrapper\"><img decoding=\"async\" src=\"https:\/\/www.capgemini.com\/wp-content\/uploads\/2022\/12\/Capgemini-and-Alation_Reference-architecture.jpg?w=500&amp;quality=70\" srcset=\"https:\/\/www.capgemini.com\/wp-content\/uploads\/2022\/12\/Capgemini-and-Alation_Reference-architecture.jpg?w=500&amp;quality=70 1x, https:\/\/www.capgemini.com\/wp-content\/uploads\/2022\/12\/Capgemini-and-Alation_Reference-architecture.jpg?w=1000&amp;quality=70 2x\" class=\"box-img\" alt=\"\" style=\"object-fit:cover;object-position:50% 50%\" loading=\"lazy\"\/><\/div><h3>Compartimos un enfoque en el aprendizaje continuo<\/h3><\/div><\/div><div class=\"box-inner\"><p class=\"box-desc\">Proporcionar a los asesores y agentes de seguros informaci\u00f3n tangible<\/p><\/div><\/div><div class=\"col-md-4\"><div class=\"box\"><div class=\"box-wrapper\"><div class=\"box-img-wrapper\"><img decoding=\"async\" src=\"https:\/\/www.capgemini.com\/wp-content\/uploads\/2022\/12\/Capgemini-and-Alation_Quick-start-approach.jpg?w=500&amp;quality=70\" srcset=\"https:\/\/www.capgemini.com\/wp-content\/uploads\/2022\/12\/Capgemini-and-Alation_Quick-start-approach.jpg?w=500&amp;quality=70 1x, https:\/\/www.capgemini.com\/wp-content\/uploads\/2022\/12\/Capgemini-and-Alation_Quick-start-approach.jpg?w=1000&amp;quality=70 2x\" class=\"box-img\" alt=\"\" style=\"object-fit:cover;object-position:50% 50%\" loading=\"lazy\"\/><\/div><h3>Colaboramos en varias \u00e1reas<\/h3><\/div><\/div><div class=\"box-inner\"><p class=\"box-desc\">Incluye gesti\u00f3n de proyectos, configuraci\u00f3n, implementaci\u00f3n e integraci\u00f3n de soluciones.<\/p><\/div><\/div><div class=\"col-md-4\"><div class=\"box\"><div class=\"box-wrapper\"><div class=\"box-img-wrapper\"><img decoding=\"async\" src=\"https:\/\/www.capgemini.com\/wp-content\/uploads\/2022\/12\/Capgemini-and-Alation_Product-development-capabilities.jpg?w=500&amp;quality=70\" srcset=\"https:\/\/www.capgemini.com\/wp-content\/uploads\/2022\/12\/Capgemini-and-Alation_Product-development-capabilities.jpg?w=500&amp;quality=70 1x, https:\/\/www.capgemini.com\/wp-content\/uploads\/2022\/12\/Capgemini-and-Alation_Product-development-capabilities.jpg?w=1000&amp;quality=70 2x\" class=\"box-img\" alt=\"\" style=\"object-fit:cover;object-position:50% 50%\" loading=\"lazy\"\/><\/div><h3>Articulamos una oferta de soluciones s\u00f3lida<\/h3><\/div><\/div><div class=\"box-inner\"><p class=\"box-desc\">Con un cronograma preciso, un modelo de precios y requisitos t\u00e9cnicos<\/p><\/div><\/div><div class=\"col-md-4\"><div class=\"box\"><div class=\"box-wrapper\"><div class=\"box-img-wrapper\"><img decoding=\"async\" src=\"https:\/\/www.capgemini.com\/wp-content\/uploads\/2022\/12\/Capgemini-and-Alation_Speed-of-migration.jpg?w=500&amp;quality=70\" srcset=\"https:\/\/www.capgemini.com\/wp-content\/uploads\/2022\/12\/Capgemini-and-Alation_Speed-of-migration.jpg?w=500&amp;quality=70 1x, https:\/\/www.capgemini.com\/wp-content\/uploads\/2022\/12\/Capgemini-and-Alation_Speed-of-migration.jpg?w=1000&amp;quality=70 2x\" class=\"box-img\" alt=\"\" style=\"object-fit:cover;object-position:50% 50%\" loading=\"lazy\"\/><\/div><h3>Aprovechamos nuestra aventura empresarial<\/h3><\/div><\/div><div class=\"box-inner\"><p class=\"box-desc\">Ofrecer resultados l\u00edderes en la industria con una soluci\u00f3n hiperpersonalizada y centrada en el cliente<\/p><\/div><\/div><\/div><\/div><\/section>\n\n\n\n<section class=\"wp-block-cg-blocks-wrapper-card-text-pic wrapperCardTextPic hero-bg-shape\"><div class=\"container\"><div class=\"row\"><div class=\"col-md-12\">\n<div class=\"wp-block-cg-blocks-card-text-pic-left\"><div class=\"row card-text-pic leftCard\"><div class=\"col-md-12\"><div class=\"box--section\"><div class=\"box row-nobleed\"><div class=\"col-lg-5 col-md-12 box-img-wrapper \"><picture><source srcset=\"https:\/\/www.capgemini.com\/wp-content\/uploads\/2022\/12\/Capgemini-and-Alation_The-power-of-Alation.jpg?w=1000&amp;quality=70 1x, https:\/\/www.capgemini.com\/wp-content\/uploads\/2022\/12\/Capgemini-and-Alation_The-power-of-Alation.jpg?w=1000&amp;quality=70 2x\" media=\"(min-width: 1500px)\"\/><source srcset=\"https:\/\/www.capgemini.com\/wp-content\/uploads\/2022\/12\/Capgemini-and-Alation_The-power-of-Alation.jpg?w=500&amp;quality=70 1x, https:\/\/www.capgemini.com\/wp-content\/uploads\/2022\/12\/Capgemini-and-Alation_The-power-of-Alation.jpg?w=1000&amp;quality=70 2x\" media=\"(min-width: 992px)\"\/><source srcset=\"https:\/\/www.capgemini.com\/wp-content\/uploads\/2022\/12\/Capgemini-and-Alation_The-power-of-Alation.jpg?w=768&amp;quality=70 1x, https:\/\/www.capgemini.com\/wp-content\/uploads\/2022\/12\/Capgemini-and-Alation_The-power-of-Alation.jpg?w=768&amp;quality=70 2x\" media=\"(min-width: 768px)\"\/><source srcset=\"https:\/\/www.capgemini.com\/wp-content\/uploads\/2022\/12\/Capgemini-and-Alation_The-power-of-Alation.jpg?w=556&amp;quality=70 1x, https:\/\/www.capgemini.com\/wp-content\/uploads\/2022\/12\/Capgemini-and-Alation_The-power-of-Alation.jpg?w=556&amp;quality=70 2x\" media=\"(min-width: 0)\"\/><img decoding=\"async\" src=\"https:\/\/www.capgemini.com\/wp-content\/uploads\/2022\/12\/Capgemini-and-Alation_The-power-of-Alation.jpg\" class=\"box-img-without-hover\" alt=\"\" style=\"object-fit:cover;object-position:50% 50%\" loading=\"lazy\"\/><\/picture><\/div><div class=\"col-lg-8 col-md-12 box-inner \"><h3 class=\"titlewithoutLink\" data-maxlength=\"144\">El poder de Zelros<\/h3><p class=\"box-text\" data-maxlength=\"600\">Aumente las ventas cruzadas y las ventas adicionales en un 20%.<br>Mejore la adquisici\u00f3n de clientes, impulse la efectividad de los agentes y aumente la conversi\u00f3n de cotizaciones en un 57 % y brinde a los l\u00edderes de distribuci\u00f3n e innovaci\u00f3n nuevas formas de optimizar la interacci\u00f3n con el cliente.<\/p><\/div><\/div><\/div><\/div><\/div><\/div>\n<\/div><\/div><\/div><\/section>\n\n\n\n<section class=\"wp-block-cg-blocks-call-to-action undefined call-to-action-block is-style-cg-secondary-3\"><div class=\"container\"><div class=\"call-to-action-block-content-wrapper has-description\"><div class=\"text-wrapper has-description\"><h3 class=\"title\" data-maxlength=\"144\">Descubra m\u00e1s<\/h3><p class=\"description\" data-maxlength=\"210\">Obtenga m\u00e1s informaci\u00f3n sobre el poder de nuestra asociaci\u00f3n con Zelros<br><\/p><\/div><div class=\"button-wrapper has-description\"><a class=\" cta-btn action-valid\" href=\"\/wp-content\/uploads\/2023\/04\/Zelros-Factsheet-Updated-April-2023.pdf\" target=\"_blank\" rel=\"noopener noreferrer\" aria-label=\"Download our factsheet sobre Descubra m\u00e1s\" title=\"Abrir en una nueva ventana\" data-maxlength=\"24\" tabindex=\"0\"> Download our factsheet <\/a><\/div><\/div><\/div><\/section>\n","protected":false},"excerpt":{"rendered":"","protected":false},"author":310,"featured_media":541225,"parent":0,"menu_order":0,"comment_status":"closed","ping_status":"closed","template":"","meta":{"cg_dt_proposed_to":[],"cg_seo_hreflang_relations":"[]","cg_seo_canonical_relation":"","cg_seo_hreflang_x_default_relation":"{\"uuid\":\"c3cc8fee-a2f3-485a-9386-b8ba596a57f4\",\"blogId\":\"\",\"domain\":\"\",\"sitePath\":\"\",\"postLink\":\"\",\"postId\":null,\"isSaved\":true,\"isCrossLink\":false,\"hasCrossLink\":false}","cg_dt_approved_content":true,"cg_dt_mandatory_content":false,"cg_dt_notes":"","cg_dg_source_changed":false,"cg_dt_link_disabled":false,"_yoast_wpseo_primary_brand":"","footnotes":"","featured_focal_points":"","partner_card_description":"","gsap_animation":0},"brand":[],"partner_type":[],"service":[],"industry":[],"partners":[],"page-type":[],"content-group":[],"class_list":["post-541221","page","type-page","status-publish","has-post-thumbnail","hentry"],"yoast_head":"<!-- This site is optimized with the Yoast SEO Premium plugin v22.8 (Yoast SEO v22.8) - https:\/\/yoast.com\/wordpress\/plugins\/seo\/ -->\n<title>Capgemini y Zelros<\/title>\n<meta name=\"robots\" content=\"index, follow, max-snippet:-1, max-image-preview:large, max-video-preview:-1\" \/>\n<link rel=\"canonical\" href=\"https:\/\/www.capgemini.com\/co-es\/capgemini-y-zelros\/\" \/>\n<meta property=\"og:locale\" content=\"es_MX\" \/>\n<meta property=\"og:type\" content=\"article\" \/>\n<meta property=\"og:title\" content=\"Capgemini y Zelros\" \/>\n<meta property=\"og:url\" content=\"https:\/\/www.capgemini.com\/co-es\/capgemini-y-zelros\/\" \/>\n<meta property=\"og:site_name\" content=\"Capgemini Colombia\" \/>\n<meta property=\"article:modified_time\" content=\"2025-07-15T05:27:05+00:00\" \/>\n<meta property=\"og:image\" content=\"https:\/\/www.capgemini.com\/co-es\/wp-content\/uploads\/sites\/25\/2025\/07\/zelros_7a67cc.jpg\" \/>\n\t<meta property=\"og:image:width\" content=\"1920\" \/>\n\t<meta property=\"og:image:height\" content=\"400\" \/>\n\t<meta property=\"og:image:type\" content=\"image\/jpeg\" \/>\n<meta name=\"twitter:card\" content=\"summary_large_image\" \/>\n<meta name=\"twitter:label1\" content=\"Est. reading time\" \/>\n\t<meta name=\"twitter:data1\" content=\"4 minutes\" \/>\n<script type=\"application\/ld+json\" class=\"yoast-schema-graph\">{\"@context\":\"https:\/\/schema.org\",\"@graph\":[{\"@type\":\"WebPage\",\"@id\":\"https:\/\/www.capgemini.com\/co-es\/capgemini-y-zelros\/\",\"url\":\"https:\/\/www.capgemini.com\/co-es\/capgemini-y-zelros\/\",\"name\":\"Capgemini y Zelros\",\"isPartOf\":{\"@id\":\"https:\/\/www.capgemini.com\/co-es\/#website\"},\"primaryImageOfPage\":{\"@id\":\"https:\/\/www.capgemini.com\/co-es\/capgemini-y-zelros\/#primaryimage\"},\"image\":{\"@id\":\"https:\/\/www.capgemini.com\/co-es\/capgemini-y-zelros\/#primaryimage\"},\"thumbnailUrl\":\"https:\/\/www.capgemini.com\/co-es\/wp-content\/uploads\/sites\/25\/2025\/07\/zelros_7a67cc.jpg\",\"datePublished\":\"2025-07-15T05:26:50+00:00\",\"dateModified\":\"2025-07-15T05:27:05+00:00\",\"breadcrumb\":{\"@id\":\"https:\/\/www.capgemini.com\/co-es\/capgemini-y-zelros\/#breadcrumb\"},\"inLanguage\":\"es-MX\",\"potentialAction\":[{\"@type\":\"ReadAction\",\"target\":[\"https:\/\/www.capgemini.com\/co-es\/capgemini-y-zelros\/\"]}]},{\"@type\":\"ImageObject\",\"inLanguage\":\"es-MX\",\"@id\":\"https:\/\/www.capgemini.com\/co-es\/capgemini-y-zelros\/#primaryimage\",\"url\":\"https:\/\/www.capgemini.com\/co-es\/wp-content\/uploads\/sites\/25\/2025\/07\/zelros_7a67cc.jpg\",\"contentUrl\":\"https:\/\/www.capgemini.com\/co-es\/wp-content\/uploads\/sites\/25\/2025\/07\/zelros_7a67cc.jpg\",\"width\":1920,\"height\":400},{\"@type\":\"BreadcrumbList\",\"@id\":\"https:\/\/www.capgemini.com\/co-es\/capgemini-y-zelros\/#breadcrumb\",\"itemListElement\":[{\"@type\":\"ListItem\",\"position\":1,\"name\":\"Home\",\"item\":\"https:\/\/www.capgemini.com\/co-es\/\"},{\"@type\":\"ListItem\",\"position\":2,\"name\":\"Capgemini y Zelros\"}]},{\"@type\":\"WebSite\",\"@id\":\"https:\/\/www.capgemini.com\/co-es\/#website\",\"url\":\"https:\/\/www.capgemini.com\/co-es\/\",\"name\":\"Capgemini Colombia\",\"description\":\"Capgemini\",\"potentialAction\":[{\"@type\":\"SearchAction\",\"target\":{\"@type\":\"EntryPoint\",\"urlTemplate\":\"https:\/\/www.capgemini.com\/co-es\/?s={search_term_string}\"},\"query-input\":\"required name=search_term_string\"}],\"inLanguage\":\"es-MX\"}]}<\/script>\n<!-- \/ Yoast SEO Premium plugin. -->","yoast_head_json":{"title":"Capgemini y Zelros","robots":{"index":"index","follow":"follow","max-snippet":"max-snippet:-1","max-image-preview":"max-image-preview:large","max-video-preview":"max-video-preview:-1"},"canonical":"https:\/\/www.capgemini.com\/co-es\/capgemini-y-zelros\/","og_locale":"es_MX","og_type":"article","og_title":"Capgemini y Zelros","og_url":"https:\/\/www.capgemini.com\/co-es\/capgemini-y-zelros\/","og_site_name":"Capgemini Colombia","article_modified_time":"2025-07-15T05:27:05+00:00","og_image":[{"width":1920,"height":400,"url":"https:\/\/www.capgemini.com\/co-es\/wp-content\/uploads\/sites\/25\/2025\/07\/zelros_7a67cc.jpg","type":"image\/jpeg"}],"twitter_card":"summary_large_image","twitter_misc":{"Est. reading time":"4 minutes"},"schema":{"@context":"https:\/\/schema.org","@graph":[{"@type":"WebPage","@id":"https:\/\/www.capgemini.com\/co-es\/capgemini-y-zelros\/","url":"https:\/\/www.capgemini.com\/co-es\/capgemini-y-zelros\/","name":"Capgemini y Zelros","isPartOf":{"@id":"https:\/\/www.capgemini.com\/co-es\/#website"},"primaryImageOfPage":{"@id":"https:\/\/www.capgemini.com\/co-es\/capgemini-y-zelros\/#primaryimage"},"image":{"@id":"https:\/\/www.capgemini.com\/co-es\/capgemini-y-zelros\/#primaryimage"},"thumbnailUrl":"https:\/\/www.capgemini.com\/co-es\/wp-content\/uploads\/sites\/25\/2025\/07\/zelros_7a67cc.jpg","datePublished":"2025-07-15T05:26:50+00:00","dateModified":"2025-07-15T05:27:05+00:00","breadcrumb":{"@id":"https:\/\/www.capgemini.com\/co-es\/capgemini-y-zelros\/#breadcrumb"},"inLanguage":"es-MX","potentialAction":[{"@type":"ReadAction","target":["https:\/\/www.capgemini.com\/co-es\/capgemini-y-zelros\/"]}]},{"@type":"ImageObject","inLanguage":"es-MX","@id":"https:\/\/www.capgemini.com\/co-es\/capgemini-y-zelros\/#primaryimage","url":"https:\/\/www.capgemini.com\/co-es\/wp-content\/uploads\/sites\/25\/2025\/07\/zelros_7a67cc.jpg","contentUrl":"https:\/\/www.capgemini.com\/co-es\/wp-content\/uploads\/sites\/25\/2025\/07\/zelros_7a67cc.jpg","width":1920,"height":400},{"@type":"BreadcrumbList","@id":"https:\/\/www.capgemini.com\/co-es\/capgemini-y-zelros\/#breadcrumb","itemListElement":[{"@type":"ListItem","position":1,"name":"Home","item":"https:\/\/www.capgemini.com\/co-es\/"},{"@type":"ListItem","position":2,"name":"Capgemini y Zelros"}]},{"@type":"WebSite","@id":"https:\/\/www.capgemini.com\/co-es\/#website","url":"https:\/\/www.capgemini.com\/co-es\/","name":"Capgemini Colombia","description":"Capgemini","potentialAction":[{"@type":"SearchAction","target":{"@type":"EntryPoint","urlTemplate":"https:\/\/www.capgemini.com\/co-es\/?s={search_term_string}"},"query-input":"required name=search_term_string"}],"inLanguage":"es-MX"}]}},"brand_term":[],"parsely":{"version":"1.1.0","canonical_url":"https:\/\/capgemini.com\/co-es\/capgemini-y-zelros\/","smart_links":{"inbound":0,"outbound":0},"traffic_boost_suggestions_count":0,"meta":{"@context":"https:\/\/schema.org","@type":"WebPage","headline":"Capgemini y Zelros","url":"https:\/\/www.capgemini.com\/co-es\/capgemini-y-zelros\/","mainEntityOfPage":{"@type":"WebPage","@id":"https:\/\/www.capgemini.com\/co-es\/capgemini-y-zelros\/"},"thumbnailUrl":"https:\/\/www.capgemini.com\/co-es\/wp-content\/uploads\/sites\/25\/2025\/07\/zelros_7a67cc.jpg?w=150&h=150&crop=1","image":{"@type":"ImageObject","url":"https:\/\/www.capgemini.com\/co-es\/wp-content\/uploads\/sites\/25\/2025\/07\/zelros_7a67cc.jpg"},"articleSection":"Uncategorized","author":[],"creator":[],"publisher":{"@type":"Organization","name":"Capgemini Colombia","logo":""},"keywords":[],"dateCreated":"2025-07-15T05:26:50Z","datePublished":"2025-07-15T05:26:50Z","dateModified":"2025-07-15T05:27:05Z"},"rendered":"<meta name=\"parsely-title\" content=\"Capgemini y Zelros\" \/>\n<meta name=\"parsely-link\" content=\"https:\/\/www.capgemini.com\/co-es\/capgemini-y-zelros\/\" \/>\n<meta name=\"parsely-type\" content=\"index\" \/>\n<meta name=\"parsely-image-url\" content=\"https:\/\/www.capgemini.com\/co-es\/wp-content\/uploads\/sites\/25\/2025\/07\/zelros_7a67cc.jpg?w=150&amp;h=150&amp;crop=1\" \/>\n<meta name=\"parsely-pub-date\" content=\"2025-07-15T05:26:50Z\" \/>\n<meta name=\"parsely-section\" content=\"Uncategorized\" \/>","tracker_url":"https:\/\/cdn.parsely.com\/keys\/capgemini.com\/p.js"},"archive_status":false,"featured_image_src":"https:\/\/www.capgemini.com\/co-es\/wp-content\/uploads\/sites\/25\/2025\/07\/zelros_7a67cc.jpg","featured_image_alt":"","jetpack_sharing_enabled":true,"distributor_meta":false,"distributor_terms":false,"distributor_media":false,"distributor_original_site_name":"Capgemini Colombia","distributor_original_site_url":"https:\/\/www.capgemini.com\/co-es","push-errors":false,"_links":{"self":[{"href":"https:\/\/www.capgemini.com\/co-es\/wp-json\/wp\/v2\/pages\/541221","targetHints":{"allow":["GET"]}}],"collection":[{"href":"https:\/\/www.capgemini.com\/co-es\/wp-json\/wp\/v2\/pages"}],"about":[{"href":"https:\/\/www.capgemini.com\/co-es\/wp-json\/wp\/v2\/types\/page"}],"author":[{"embeddable":true,"href":"https:\/\/www.capgemini.com\/co-es\/wp-json\/wp\/v2\/users\/310"}],"replies":[{"embeddable":true,"href":"https:\/\/www.capgemini.com\/co-es\/wp-json\/wp\/v2\/comments?post=541221"}],"version-history":[{"count":2,"href":"https:\/\/www.capgemini.com\/co-es\/wp-json\/wp\/v2\/pages\/541221\/revisions"}],"predecessor-version":[{"id":541226,"href":"https:\/\/www.capgemini.com\/co-es\/wp-json\/wp\/v2\/pages\/541221\/revisions\/541226"}],"wp:featuredmedia":[{"embeddable":true,"href":"https:\/\/www.capgemini.com\/co-es\/wp-json\/wp\/v2\/media\/541225"}],"wp:attachment":[{"href":"https:\/\/www.capgemini.com\/co-es\/wp-json\/wp\/v2\/media?parent=541221"}],"wp:term":[{"taxonomy":"brand","embeddable":true,"href":"https:\/\/www.capgemini.com\/co-es\/wp-json\/wp\/v2\/brand?post=541221"},{"taxonomy":"partner_type","embeddable":true,"href":"https:\/\/www.capgemini.com\/co-es\/wp-json\/wp\/v2\/partner_type?post=541221"},{"taxonomy":"service","embeddable":true,"href":"https:\/\/www.capgemini.com\/co-es\/wp-json\/wp\/v2\/service?post=541221"},{"taxonomy":"industry","embeddable":true,"href":"https:\/\/www.capgemini.com\/co-es\/wp-json\/wp\/v2\/industry?post=541221"},{"taxonomy":"partners","embeddable":true,"href":"https:\/\/www.capgemini.com\/co-es\/wp-json\/wp\/v2\/partners?post=541221"},{"taxonomy":"page-type","embeddable":true,"href":"https:\/\/www.capgemini.com\/co-es\/wp-json\/wp\/v2\/page-type?post=541221"},{"taxonomy":"content-group","embeddable":true,"href":"https:\/\/www.capgemini.com\/co-es\/wp-json\/wp\/v2\/content-group?post=541221"}],"curies":[{"name":"wp","href":"https:\/\/api.w.org\/{rel}","templated":true}]}}