{"id":541219,"date":"2025-07-15T04:30:18","date_gmt":"2025-07-15T04:30:18","guid":{"rendered":"https:\/\/www.capgemini.com\/co-es\/?page_id=541219&#038;preview_id=541219"},"modified":"2025-07-15T04:30:31","modified_gmt":"2025-07-15T04:30:31","slug":"capgemini-y-threekit","status":"publish","type":"page","link":"https:\/\/www.capgemini.com\/co-es\/capgemini-y-threekit\/","title":{"rendered":"Capgemini y Threekit"},"content":{"rendered":"\n<div class=\"wp-block-cg-blocks-hero-picture-card undefined  heroPictureCard\"><div class=\"heroPictureCardBgs\"><picture><source srcset=\"https:\/\/www.capgemini.com\/wp-content\/uploads\/2023\/04\/Ventures_threekit_banner-4.jpg?w=2880&amp;quality=70 1x, https:\/\/www.capgemini.com\/wp-content\/uploads\/2023\/04\/Ventures_threekit_banner-4.jpg?w=2880&amp;quality=70 2x\" media=\"(min-width: 1500px)\"\/><source srcset=\"https:\/\/www.capgemini.com\/wp-content\/uploads\/2023\/04\/Ventures_threekit_banner-4.jpg?w=1440&amp;quality=70 1x, https:\/\/www.capgemini.com\/wp-content\/uploads\/2023\/04\/Ventures_threekit_banner-4.jpg?w=2880&amp;quality=70 2x\" media=\"(min-width: 992px)\"\/><source srcset=\"https:\/\/www.capgemini.com\/wp-content\/uploads\/2023\/04\/Ventures_threekit_banner-4.jpg?w=1024&amp;quality=70 1x, https:\/\/www.capgemini.com\/wp-content\/uploads\/2023\/04\/Ventures_threekit_banner-4.jpg?w=1024&amp;quality=70 2x\" media=\"(min-width: 768px)\"\/><source srcset=\"https:\/\/www.capgemini.com\/wp-content\/uploads\/2023\/04\/Ventures_threekit_banner-4.jpg?w=768&amp;quality=70 1x, https:\/\/www.capgemini.com\/wp-content\/uploads\/2023\/04\/Ventures_threekit_banner-4.jpg?w=768&amp;quality=70 2x\" media=\"(min-width: 0)\"\/><img decoding=\"async\" src=\"https:\/\/www.capgemini.com\/wp-content\/uploads\/2023\/04\/Ventures_threekit_banner-4.jpg\" class=\"desktopImage\" alt=\"\" style=\"object-fit:cover;object-position:44% 28.000000000000004%\" loading=\"eager\"\/><\/picture><picture><source srcset=\"https:\/\/www.capgemini.com\/wp-content\/uploads\/2023\/04\/Ventures_threekit_banner-4.jpg?w=2880&amp;quality=70 1x, https:\/\/www.capgemini.com\/wp-content\/uploads\/2023\/04\/Ventures_threekit_banner-4.jpg?w=2880&amp;quality=70 2x\" media=\"(min-width: 1500px)\"\/><source srcset=\"https:\/\/www.capgemini.com\/wp-content\/uploads\/2023\/04\/Ventures_threekit_banner-4.jpg?w=1440&amp;quality=70 1x, https:\/\/www.capgemini.com\/wp-content\/uploads\/2023\/04\/Ventures_threekit_banner-4.jpg?w=2880&amp;quality=70 2x\" media=\"(min-width: 992px)\"\/><source srcset=\"https:\/\/www.capgemini.com\/wp-content\/uploads\/2023\/04\/Ventures_threekit_banner-4.jpg?w=1024&amp;quality=70 1x, https:\/\/www.capgemini.com\/wp-content\/uploads\/2023\/04\/Ventures_threekit_banner-4.jpg?w=1024&amp;quality=70 2x\" media=\"(min-width: 768px)\"\/><source srcset=\"https:\/\/www.capgemini.com\/wp-content\/uploads\/2023\/04\/Ventures_threekit_banner-4.jpg?w=768&amp;quality=70 1x, https:\/\/www.capgemini.com\/wp-content\/uploads\/2023\/04\/Ventures_threekit_banner-4.jpg?w=768&amp;quality=70 2x\" media=\"(min-width: 0)\"\/><img decoding=\"async\" src=\"https:\/\/www.capgemini.com\/wp-content\/uploads\/2023\/04\/Ventures_threekit_banner-4.jpg\" class=\"mobileImage\" alt=\"\" style=\"object-fit:cover;object-position:44% 28.000000000000004%\" loading=\"eager\"\/><\/picture><\/div><div class=\"heroPictureCardHeaderShape\"><\/div><div class=\"container\"><div class=\"row\"><div class=\"col-md-8 col-lg-6\"><div class=\"heroPictureCardBox\"><div class=\"heroPictureCardBoxTitle\"><h1 data-maxlength=\"144\">Capgemini y Threekit<\/h1><\/div><\/div><\/div><\/div><\/div><div class=\"small-device\"><div class=\"brandLogoWrapper\"> <\/div><\/div><\/div>\n\n\n\n<section class=\"wp-block-cg-blocks-intro-para undefined section section--intro\"><div class=\"intro-para\"><div class=\"container\"><div class=\"row\"><div class=\"col-12 col-md-1\"><nav class=\"article-social\"><ul class=\"social-nav\"><li class=\"ip-order-fb\"><a href=\"https:\/\/www.facebook.com\/sharer\/sharer.php?u=https:\/\/www.capgemini.com\/co-es\/?page_id=541219\" target=\"_blank\" rel=\"noopener noreferrer\" title=\"abrir en una nueva ventana\"><i aria-hidden=\"true\" class=\"icon-fb\"><\/i><span class=\"sr-only\">Facebook<\/span><\/a><\/li><li class=\"ip-order-li\"><a href=\"https:\/\/www.linkedin.com\/sharing\/share-offsite\/?url=https:\/\/www.capgemini.com\/co-es\/?page_id=541219\" target=\"_blank\" rel=\"noopener noreferrer\" title=\"abrir en una nueva ventana\"><i aria-hidden=\"true\" class=\"icon-li\"><\/i><span class=\"sr-only\">Linkedin<\/span><\/a><\/li><\/ul><\/nav><\/div><div class=\"col-12 col-md-11 col-lg-10\"><h2 class=\"intro-para-title\">La alianza para transformar el comercio inmersivo<\/h2><p class=\"intro-para-content\">Las expectativas de los consumidores est\u00e1n evolucionando. La mayor\u00eda exige experiencias m\u00e1s interactivas. Disponer de una versi\u00f3n digital de un producto tambi\u00e9n ha demostrado generar ganancias de productividad para las marcas, permiti\u00e9ndoles crear prototipos sin necesidad de fabricar un producto f\u00edsico. El comercio inmersivo es el futuro. Por eso, Capgemini se ha asociado con Threekit como parte de nuestra iniciativa de emprendimiento corporativo.<\/p><\/div><\/div><\/div><\/div><\/section>\n\n\n\n<section class=\"wp-block-cg-blocks-group undefined section section--article-content\"><div class=\"article-main-content\"><div class=\"container\"><div class=\"row\"><div class=\"col-12 col-md-11 col-lg-10 offset-md-1 offset-lg-1\"><div class=\"article-text article-quote-text\">\n<blockquote class=\"wp-block-quote is-layout-flow wp-block-quote-is-layout-flow\">\n<p>\u201cLa innovadora tecnolog\u00eda y plataforma de Threekit\u2026 abordan adecuadamente las necesidades de las organizaciones actuales de experiencias inmersivas de extremo a extremo y cadenas de suministro m\u00e1s sustentables.\u201d<\/p>\n<cite><em>Charlton Monsanto, L\u00edder de Oferta de Experiencias Inmersivas, Capgemini<\/em><\/cite><\/blockquote>\n\n\n\n<h2 class=\"wp-block-heading\" id=\"h-presentamos-threekit\">Presentamos Threekit<\/h2>\n\n\n\n<p>Threekit es la plataforma l\u00edder de comercio visual 3D para marcas, fabricantes y minoristas. Esta innovadora soluci\u00f3n de configuraci\u00f3n y visualizaci\u00f3n de productos permite a los usuarios crear, gestionar y escalar im\u00e1genes fotorrealistas y visuales de productos 3D configurables desde un \u00fanico archivo de dise\u00f1o. Permite a las empresas transformar las visuales de sus productos en experiencias para el cliente.<\/p>\n\n\n\n<p>Con Threekit, las empresas pueden crear experiencias inmersivas y personalizadas que inciten a los clientes a comprar sus productos y los hagan volver a por m\u00e1s. Quiz\u00e1s por eso Threekit es la plataforma de software m\u00e1s premiada en 3D y RA.<\/p>\n\n\n\n<h2 class=\"wp-block-heading\" id=\"h-por-que-somos-socios\">Por qu\u00e9 somos socios<\/h2>\n\n\n\n<p>Los mercados de comercio electr\u00f3nico B2C y B2B se vieron acelerados por la COVID-19 y ahora est\u00e1n en auge. Muchos consumidores pagar\u00edan m\u00e1s por un producto si pudieran verlo en 3D\/RA, muchos pagar\u00edan m\u00e1s por productos personalizados y, por otro lado, muchos han dejado de comprarle a una marca porque la competencia les ofreci\u00f3 una mejor experiencia.<\/p>\n\n\n\n<p>En Capgemini, colaboramos con Threekit para ofrecer las experiencias inmersivas que los consumidores actuales esperan y exigen. Juntos, combinamos nuestras capacidades para ayudar a los clientes a automatizar la creaci\u00f3n de im\u00e1genes 2D, 3D y RA para facilitar una configuraci\u00f3n de productos impactante.<\/p>\n<\/div><\/div><\/div><\/div><\/div><\/section>\n\n\n\n<section class=\"wp-block-cg-blocks-learn-more learnMoreBlock updated-new-sample-amal\"><div class=\"container\"><div class=\"content-title\"><h2 class=\"learnmore-heading\">Lo que nos encanta de Threekit<\/h2><\/div><div class=\"row\"><div class=\"col-md-4\"><div class=\"box\"><div class=\"box-wrapper\"><div class=\"box-img-wrapper\"><img decoding=\"async\" src=\"https:\/\/www.capgemini.com\/wp-content\/uploads\/2022\/12\/Capgemini-and-Alation_business-priorities.jpg?w=500&amp;quality=70\" srcset=\"https:\/\/www.capgemini.com\/wp-content\/uploads\/2022\/12\/Capgemini-and-Alation_business-priorities.jpg?w=500&amp;quality=70 1x, https:\/\/www.capgemini.com\/wp-content\/uploads\/2022\/12\/Capgemini-and-Alation_business-priorities.jpg?w=1000&amp;quality=70 2x\" class=\"box-img\" alt=\"\" style=\"object-fit:cover;object-position:50% 50%\" loading=\"lazy\"\/><\/div><h3>Aprovechamos nuestra aventura empresarial<\/h3><\/div><\/div><div class=\"box-inner\"><p class=\"box-desc\">Para impulsar la pr\u00f3xima generaci\u00f3n de experiencias en l\u00ednea<\/p><\/div><\/div><div class=\"col-md-4\"><div class=\"box\"><div class=\"box-wrapper\"><div class=\"box-img-wrapper\"><img decoding=\"async\" src=\"https:\/\/www.capgemini.com\/wp-content\/uploads\/2022\/12\/Capgemini-and-Alation_Reference-architecture.jpg?w=500&amp;quality=70\" srcset=\"https:\/\/www.capgemini.com\/wp-content\/uploads\/2022\/12\/Capgemini-and-Alation_Reference-architecture.jpg?w=500&amp;quality=70 1x, https:\/\/www.capgemini.com\/wp-content\/uploads\/2022\/12\/Capgemini-and-Alation_Reference-architecture.jpg?w=1000&amp;quality=70 2x\" class=\"box-img\" alt=\"\" style=\"object-fit:cover;object-position:50% 50%\" loading=\"lazy\"\/><\/div><h3>Combinamos nuestra consultor\u00eda en customer journeys<\/h3><\/div><\/div><div class=\"box-inner\"><p class=\"box-desc\">Con las im\u00e1genes, la experiencia y el software innovador de Threekit<\/p><\/div><\/div><div class=\"col-md-4\"><div class=\"box\"><div class=\"box-wrapper\"><div class=\"box-img-wrapper\"><img decoding=\"async\" src=\"https:\/\/www.capgemini.com\/wp-content\/uploads\/2022\/12\/Capgemini-and-Alation_Quick-start-approach.jpg?w=500&amp;quality=70\" srcset=\"https:\/\/www.capgemini.com\/wp-content\/uploads\/2022\/12\/Capgemini-and-Alation_Quick-start-approach.jpg?w=500&amp;quality=70 1x, https:\/\/www.capgemini.com\/wp-content\/uploads\/2022\/12\/Capgemini-and-Alation_Quick-start-approach.jpg?w=1000&amp;quality=70 2x\" class=\"box-img\" alt=\"\" style=\"object-fit:cover;object-position:50% 50%\" loading=\"lazy\"\/><\/div><h3>Actualmente apoyamos al sector minorista.<\/h3><\/div><\/div><div class=\"box-inner\"><p class=\"box-desc\">Con planes de expandirse a la manufactura, la automoci\u00f3n, la construcci\u00f3n y la alta tecnolog\u00eda.<\/p><\/div><\/div><div class=\"col-md-4\"><div class=\"box\"><div class=\"box-wrapper\"><div class=\"box-img-wrapper\"><img decoding=\"async\" src=\"https:\/\/www.capgemini.com\/wp-content\/uploads\/2022\/12\/Capgemini-and-Alation_Product-development-capabilities.jpg?w=500&amp;quality=70\" srcset=\"https:\/\/www.capgemini.com\/wp-content\/uploads\/2022\/12\/Capgemini-and-Alation_Product-development-capabilities.jpg?w=500&amp;quality=70 1x, https:\/\/www.capgemini.com\/wp-content\/uploads\/2022\/12\/Capgemini-and-Alation_Product-development-capabilities.jpg?w=1000&amp;quality=70 2x\" class=\"box-img\" alt=\"\" style=\"object-fit:cover;object-position:50% 50%\" loading=\"lazy\"\/><\/div><h3>Ofrecemos una experiencia de producto inigualable<\/h3><\/div><\/div><div class=\"box-inner\"><p class=\"box-desc\">Eso se ve genial y se adapta al negocio del cliente.<\/p><\/div><\/div><div class=\"col-md-4\"><div class=\"box\"><div class=\"box-wrapper\"><div class=\"box-img-wrapper\"><img decoding=\"async\" src=\"https:\/\/www.capgemini.com\/wp-content\/uploads\/2022\/12\/Capgemini-and-Alation_Speed-of-migration.jpg?w=500&amp;quality=70\" srcset=\"https:\/\/www.capgemini.com\/wp-content\/uploads\/2022\/12\/Capgemini-and-Alation_Speed-of-migration.jpg?w=500&amp;quality=70 1x, https:\/\/www.capgemini.com\/wp-content\/uploads\/2022\/12\/Capgemini-and-Alation_Speed-of-migration.jpg?w=1000&amp;quality=70 2x\" class=\"box-img\" alt=\"\" style=\"object-fit:cover;object-position:50% 50%\" loading=\"lazy\"\/><\/div><h3>Integramos la tecnolog\u00eda 3D y AR de Threekit<\/h3><\/div><\/div><div class=\"box-inner\"><p class=\"box-desc\">En todas nuestras ofertas principales, transformando cada paso del recorrido digital de un cliente<\/p><\/div><\/div><\/div><\/div><\/section>\n\n\n\n<section class=\"wp-block-cg-blocks-wrapper-card-text-pic wrapperCardTextPic hero-bg-shape\"><div class=\"container\"><div class=\"row\"><div class=\"col-md-12\">\n<div class=\"wp-block-cg-blocks-card-text-pic-left\"><div class=\"row card-text-pic leftCard\"><div class=\"col-md-12\"><div class=\"box--section\"><div class=\"box row-nobleed\"><div class=\"col-lg-5 col-md-12 box-img-wrapper \"><picture><source srcset=\"https:\/\/www.capgemini.com\/wp-content\/uploads\/2022\/12\/Capgemini-and-Alation_The-power-of-Alation.jpg?w=1000&amp;quality=70 1x, https:\/\/www.capgemini.com\/wp-content\/uploads\/2022\/12\/Capgemini-and-Alation_The-power-of-Alation.jpg?w=1000&amp;quality=70 2x\" media=\"(min-width: 1500px)\"\/><source srcset=\"https:\/\/www.capgemini.com\/wp-content\/uploads\/2022\/12\/Capgemini-and-Alation_The-power-of-Alation.jpg?w=500&amp;quality=70 1x, https:\/\/www.capgemini.com\/wp-content\/uploads\/2022\/12\/Capgemini-and-Alation_The-power-of-Alation.jpg?w=1000&amp;quality=70 2x\" media=\"(min-width: 992px)\"\/><source srcset=\"https:\/\/www.capgemini.com\/wp-content\/uploads\/2022\/12\/Capgemini-and-Alation_The-power-of-Alation.jpg?w=768&amp;quality=70 1x, https:\/\/www.capgemini.com\/wp-content\/uploads\/2022\/12\/Capgemini-and-Alation_The-power-of-Alation.jpg?w=768&amp;quality=70 2x\" media=\"(min-width: 768px)\"\/><source srcset=\"https:\/\/www.capgemini.com\/wp-content\/uploads\/2022\/12\/Capgemini-and-Alation_The-power-of-Alation.jpg?w=556&amp;quality=70 1x, https:\/\/www.capgemini.com\/wp-content\/uploads\/2022\/12\/Capgemini-and-Alation_The-power-of-Alation.jpg?w=556&amp;quality=70 2x\" media=\"(min-width: 0)\"\/><img decoding=\"async\" src=\"https:\/\/www.capgemini.com\/wp-content\/uploads\/2022\/12\/Capgemini-and-Alation_The-power-of-Alation.jpg\" class=\"box-img-without-hover\" alt=\"\" style=\"object-fit:cover;object-position:50% 50%\" loading=\"lazy\"\/><\/picture><\/div><div class=\"col-lg-8 col-md-12 box-inner \"><h3 class=\"titlewithoutLink\" data-maxlength=\"144\">El poder de Threekit<\/h3><p class=\"box-text\" data-maxlength=\"600\">&#8211;\u00a0\u00a0\u00a0\u00a0\u00a0\u00a0\u00a0 Cree experiencias visuales que permitan a sus clientes tener el control,<br>&#8211;\u00a0\u00a0\u00a0\u00a0\u00a0\u00a0\u00a0 Reducir los costes de fotograf\u00eda de productos y aumentar la eficiencia de fabricaci\u00f3n<br>&#8211;\u00a0\u00a0\u00a0\u00a0\u00a0\u00a0\u00a0 Empodere a todo el ecosistema de ventas para mostrar y vender m\u00e1s productos<\/p><\/div><\/div><\/div><\/div><\/div><\/div>\n<\/div><\/div><\/div><\/section>\n\n\n\n<section class=\"wp-block-cg-blocks-call-to-action undefined call-to-action-block is-style-cg-secondary-3\"><div class=\"container\"><div class=\"call-to-action-block-content-wrapper has-description\"><div class=\"text-wrapper has-description\"><h3 class=\"title\" data-maxlength=\"144\">Descubra m\u00e1s<\/h3><p class=\"description\" data-maxlength=\"210\">Para obtener m\u00e1s informaci\u00f3n sobre el poder de nuestra asociaci\u00f3n Startup Catalyst con Threekit, descargue nuestro art\u00edculo ahora.<\/p><\/div><div class=\"button-wrapper has-description\"><a class=\" cta-btn action-valid\" href=\"\/wp-content\/uploads\/2023\/04\/Threekit-Factsheet-Updated-April-2023.pdf\" target=\"_blank\" rel=\"noopener noreferrer\" aria-label=\"Download our factsheet sobre Descubra m\u00e1s\" title=\"Abrir en una nueva ventana\" data-maxlength=\"24\" tabindex=\"0\"> Download our factsheet <\/a><\/div><\/div><\/div><\/section>\n","protected":false},"excerpt":{"rendered":"<p>La alianza para transformar el comercio inmersivo<\/p>\n","protected":false},"author":310,"featured_media":0,"parent":0,"menu_order":0,"comment_status":"closed","ping_status":"closed","template":"","meta":{"cg_dt_proposed_to":[],"cg_seo_hreflang_relations":"[]","cg_seo_canonical_relation":"","cg_seo_hreflang_x_default_relation":"{\"uuid\":\"b3344fb4-730b-45b4-8cc7-8871c166b069\",\"blogId\":\"\",\"domain\":\"\",\"sitePath\":\"\",\"postLink\":\"\",\"postId\":null,\"isSaved\":true,\"isCrossLink\":false,\"hasCrossLink\":false}","cg_dt_approved_content":true,"cg_dt_mandatory_content":false,"cg_dt_notes":"","cg_dg_source_changed":false,"cg_dt_link_disabled":false,"_yoast_wpseo_primary_brand":"","footnotes":"","featured_focal_points":"","partner_card_description":"","gsap_animation":0},"brand":[],"partner_type":[],"service":[],"industry":[],"partners":[],"page-type":[],"content-group":[],"class_list":["post-541219","page","type-page","status-publish","hentry"],"yoast_head":"<!-- This site is optimized with the Yoast SEO Premium plugin v22.8 (Yoast SEO v22.8) - https:\/\/yoast.com\/wordpress\/plugins\/seo\/ -->\n<title>Capgemini y Threekit<\/title>\n<meta name=\"robots\" content=\"index, follow, max-snippet:-1, max-image-preview:large, max-video-preview:-1\" \/>\n<link rel=\"canonical\" href=\"https:\/\/www.capgemini.com\/co-es\/capgemini-y-threekit\/\" \/>\n<meta property=\"og:locale\" content=\"es_MX\" \/>\n<meta property=\"og:type\" content=\"article\" \/>\n<meta property=\"og:title\" content=\"Capgemini y Threekit\" \/>\n<meta property=\"og:description\" content=\"La alianza para transformar el comercio inmersivo\" \/>\n<meta property=\"og:url\" content=\"https:\/\/www.capgemini.com\/co-es\/capgemini-y-threekit\/\" \/>\n<meta property=\"og:site_name\" content=\"Capgemini Colombia\" \/>\n<meta property=\"article:modified_time\" content=\"2025-07-15T04:30:31+00:00\" \/>\n<meta property=\"og:image\" content=\"https:\/\/prod.ucwe.capgemini.com\/wp-content\/uploads\/2023\/04\/Ventures_threekit_banner-4.jpg\" \/>\n<meta name=\"twitter:card\" content=\"summary_large_image\" \/>\n<meta name=\"twitter:label1\" content=\"Est. reading time\" \/>\n\t<meta name=\"twitter:data1\" content=\"4 minutes\" \/>\n<script type=\"application\/ld+json\" class=\"yoast-schema-graph\">{\"@context\":\"https:\/\/schema.org\",\"@graph\":[{\"@type\":\"WebPage\",\"@id\":\"https:\/\/www.capgemini.com\/co-es\/capgemini-y-threekit\/\",\"url\":\"https:\/\/www.capgemini.com\/co-es\/capgemini-y-threekit\/\",\"name\":\"Capgemini y Threekit\",\"isPartOf\":{\"@id\":\"https:\/\/www.capgemini.com\/co-es\/#website\"},\"primaryImageOfPage\":{\"@id\":\"https:\/\/www.capgemini.com\/co-es\/capgemini-y-threekit\/#primaryimage\"},\"image\":{\"@id\":\"https:\/\/www.capgemini.com\/co-es\/capgemini-y-threekit\/#primaryimage\"},\"thumbnailUrl\":\"https:\/\/www.capgemini.com\/wp-content\/uploads\/2023\/04\/Ventures_threekit_banner-4.jpg\",\"datePublished\":\"2025-07-15T04:30:18+00:00\",\"dateModified\":\"2025-07-15T04:30:31+00:00\",\"breadcrumb\":{\"@id\":\"https:\/\/www.capgemini.com\/co-es\/capgemini-y-threekit\/#breadcrumb\"},\"inLanguage\":\"es-MX\",\"potentialAction\":[{\"@type\":\"ReadAction\",\"target\":[\"https:\/\/www.capgemini.com\/co-es\/capgemini-y-threekit\/\"]}]},{\"@type\":\"ImageObject\",\"inLanguage\":\"es-MX\",\"@id\":\"https:\/\/www.capgemini.com\/co-es\/capgemini-y-threekit\/#primaryimage\",\"url\":\"https:\/\/www.capgemini.com\/wp-content\/uploads\/2023\/04\/Ventures_threekit_banner-4.jpg\",\"contentUrl\":\"https:\/\/www.capgemini.com\/wp-content\/uploads\/2023\/04\/Ventures_threekit_banner-4.jpg\"},{\"@type\":\"BreadcrumbList\",\"@id\":\"https:\/\/www.capgemini.com\/co-es\/capgemini-y-threekit\/#breadcrumb\",\"itemListElement\":[{\"@type\":\"ListItem\",\"position\":1,\"name\":\"Home\",\"item\":\"https:\/\/www.capgemini.com\/co-es\/\"},{\"@type\":\"ListItem\",\"position\":2,\"name\":\"Capgemini y Threekit\"}]},{\"@type\":\"WebSite\",\"@id\":\"https:\/\/www.capgemini.com\/co-es\/#website\",\"url\":\"https:\/\/www.capgemini.com\/co-es\/\",\"name\":\"Capgemini Colombia\",\"description\":\"Capgemini\",\"potentialAction\":[{\"@type\":\"SearchAction\",\"target\":{\"@type\":\"EntryPoint\",\"urlTemplate\":\"https:\/\/www.capgemini.com\/co-es\/?s={search_term_string}\"},\"query-input\":\"required name=search_term_string\"}],\"inLanguage\":\"es-MX\"}]}<\/script>\n<!-- \/ Yoast SEO Premium plugin. -->","yoast_head_json":{"title":"Capgemini y Threekit","robots":{"index":"index","follow":"follow","max-snippet":"max-snippet:-1","max-image-preview":"max-image-preview:large","max-video-preview":"max-video-preview:-1"},"canonical":"https:\/\/www.capgemini.com\/co-es\/capgemini-y-threekit\/","og_locale":"es_MX","og_type":"article","og_title":"Capgemini y Threekit","og_description":"La alianza para transformar el comercio inmersivo","og_url":"https:\/\/www.capgemini.com\/co-es\/capgemini-y-threekit\/","og_site_name":"Capgemini Colombia","article_modified_time":"2025-07-15T04:30:31+00:00","og_image":[{"url":"https:\/\/prod.ucwe.capgemini.com\/wp-content\/uploads\/2023\/04\/Ventures_threekit_banner-4.jpg"}],"twitter_card":"summary_large_image","twitter_misc":{"Est. reading time":"4 minutes"},"schema":{"@context":"https:\/\/schema.org","@graph":[{"@type":"WebPage","@id":"https:\/\/www.capgemini.com\/co-es\/capgemini-y-threekit\/","url":"https:\/\/www.capgemini.com\/co-es\/capgemini-y-threekit\/","name":"Capgemini y Threekit","isPartOf":{"@id":"https:\/\/www.capgemini.com\/co-es\/#website"},"primaryImageOfPage":{"@id":"https:\/\/www.capgemini.com\/co-es\/capgemini-y-threekit\/#primaryimage"},"image":{"@id":"https:\/\/www.capgemini.com\/co-es\/capgemini-y-threekit\/#primaryimage"},"thumbnailUrl":"https:\/\/www.capgemini.com\/wp-content\/uploads\/2023\/04\/Ventures_threekit_banner-4.jpg","datePublished":"2025-07-15T04:30:18+00:00","dateModified":"2025-07-15T04:30:31+00:00","breadcrumb":{"@id":"https:\/\/www.capgemini.com\/co-es\/capgemini-y-threekit\/#breadcrumb"},"inLanguage":"es-MX","potentialAction":[{"@type":"ReadAction","target":["https:\/\/www.capgemini.com\/co-es\/capgemini-y-threekit\/"]}]},{"@type":"ImageObject","inLanguage":"es-MX","@id":"https:\/\/www.capgemini.com\/co-es\/capgemini-y-threekit\/#primaryimage","url":"https:\/\/www.capgemini.com\/wp-content\/uploads\/2023\/04\/Ventures_threekit_banner-4.jpg","contentUrl":"https:\/\/www.capgemini.com\/wp-content\/uploads\/2023\/04\/Ventures_threekit_banner-4.jpg"},{"@type":"BreadcrumbList","@id":"https:\/\/www.capgemini.com\/co-es\/capgemini-y-threekit\/#breadcrumb","itemListElement":[{"@type":"ListItem","position":1,"name":"Home","item":"https:\/\/www.capgemini.com\/co-es\/"},{"@type":"ListItem","position":2,"name":"Capgemini y Threekit"}]},{"@type":"WebSite","@id":"https:\/\/www.capgemini.com\/co-es\/#website","url":"https:\/\/www.capgemini.com\/co-es\/","name":"Capgemini Colombia","description":"Capgemini","potentialAction":[{"@type":"SearchAction","target":{"@type":"EntryPoint","urlTemplate":"https:\/\/www.capgemini.com\/co-es\/?s={search_term_string}"},"query-input":"required name=search_term_string"}],"inLanguage":"es-MX"}]}},"brand_term":[],"parsely":{"version":"1.1.0","canonical_url":"https:\/\/capgemini.com\/co-es\/capgemini-y-threekit\/","smart_links":{"inbound":0,"outbound":0},"traffic_boost_suggestions_count":0,"meta":{"@context":"https:\/\/schema.org","@type":"WebPage","headline":"Capgemini y Threekit","url":"https:\/\/www.capgemini.com\/co-es\/capgemini-y-threekit\/","mainEntityOfPage":{"@type":"WebPage","@id":"https:\/\/www.capgemini.com\/co-es\/capgemini-y-threekit\/"},"thumbnailUrl":"","image":{"@type":"ImageObject","url":""},"articleSection":"Uncategorized","author":[],"creator":[],"publisher":{"@type":"Organization","name":"Capgemini Colombia","logo":""},"keywords":[],"dateCreated":"2025-07-15T04:30:18Z","datePublished":"2025-07-15T04:30:18Z","dateModified":"2025-07-15T04:30:31Z"},"rendered":"<meta name=\"parsely-title\" content=\"Capgemini y Threekit\" \/>\n<meta name=\"parsely-link\" content=\"https:\/\/www.capgemini.com\/co-es\/capgemini-y-threekit\/\" \/>\n<meta name=\"parsely-type\" content=\"index\" \/>\n<meta name=\"parsely-pub-date\" content=\"2025-07-15T04:30:18Z\" \/>\n<meta name=\"parsely-section\" content=\"Uncategorized\" \/>","tracker_url":"https:\/\/cdn.parsely.com\/keys\/capgemini.com\/p.js"},"archive_status":false,"featured_image_src":"https:\/\/www.capgemini.com\/co-es\/wp-content\/themes\/capgemini2025\/assets\/images\/mockup.png","featured_image_alt":false,"jetpack_sharing_enabled":true,"distributor_meta":false,"distributor_terms":false,"distributor_media":false,"distributor_original_site_name":"Capgemini Colombia","distributor_original_site_url":"https:\/\/www.capgemini.com\/co-es","push-errors":false,"_links":{"self":[{"href":"https:\/\/www.capgemini.com\/co-es\/wp-json\/wp\/v2\/pages\/541219","targetHints":{"allow":["GET"]}}],"collection":[{"href":"https:\/\/www.capgemini.com\/co-es\/wp-json\/wp\/v2\/pages"}],"about":[{"href":"https:\/\/www.capgemini.com\/co-es\/wp-json\/wp\/v2\/types\/page"}],"author":[{"embeddable":true,"href":"https:\/\/www.capgemini.com\/co-es\/wp-json\/wp\/v2\/users\/310"}],"replies":[{"embeddable":true,"href":"https:\/\/www.capgemini.com\/co-es\/wp-json\/wp\/v2\/comments?post=541219"}],"version-history":[{"count":1,"href":"https:\/\/www.capgemini.com\/co-es\/wp-json\/wp\/v2\/pages\/541219\/revisions"}],"predecessor-version":[{"id":541220,"href":"https:\/\/www.capgemini.com\/co-es\/wp-json\/wp\/v2\/pages\/541219\/revisions\/541220"}],"wp:attachment":[{"href":"https:\/\/www.capgemini.com\/co-es\/wp-json\/wp\/v2\/media?parent=541219"}],"wp:term":[{"taxonomy":"brand","embeddable":true,"href":"https:\/\/www.capgemini.com\/co-es\/wp-json\/wp\/v2\/brand?post=541219"},{"taxonomy":"partner_type","embeddable":true,"href":"https:\/\/www.capgemini.com\/co-es\/wp-json\/wp\/v2\/partner_type?post=541219"},{"taxonomy":"service","embeddable":true,"href":"https:\/\/www.capgemini.com\/co-es\/wp-json\/wp\/v2\/service?post=541219"},{"taxonomy":"industry","embeddable":true,"href":"https:\/\/www.capgemini.com\/co-es\/wp-json\/wp\/v2\/industry?post=541219"},{"taxonomy":"partners","embeddable":true,"href":"https:\/\/www.capgemini.com\/co-es\/wp-json\/wp\/v2\/partners?post=541219"},{"taxonomy":"page-type","embeddable":true,"href":"https:\/\/www.capgemini.com\/co-es\/wp-json\/wp\/v2\/page-type?post=541219"},{"taxonomy":"content-group","embeddable":true,"href":"https:\/\/www.capgemini.com\/co-es\/wp-json\/wp\/v2\/content-group?post=541219"}],"curies":[{"name":"wp","href":"https:\/\/api.w.org\/{rel}","templated":true}]}}