{"id":5401,"date":"2022-03-28T08:36:13","date_gmt":"2022-10-12T09:25:52","guid":{"rendered":"https:\/\/www.capgemini.com\/?page_id=665430"},"modified":"2026-01-09T12:30:02","modified_gmt":"2026-01-09T12:30:02","slug":"politica-de-proteccion-de-datos","status":"publish","type":"page","link":"https:\/\/www.capgemini.com\/co-es\/sobre-nosotros\/gestion-y-gobierno\/politicas\/politica-de-proteccion-de-datos\/","title":{"rendered":"Pol\u00edtica de Protecci\u00f3n de Datos"},"content":{"rendered":"\n<header class=\"wp-block-cg-blocks-hero-reusable is-style-blue-line header heroReusable  \"><div class=\"header-bgs\"><picture><source srcset=\"https:\/\/www.capgemini.com\/wp-content\/uploads\/2023\/05\/Capgemini_About-Us_our-policies.jpg?w=2880&amp;quality=70 1x, https:\/\/www.capgemini.com\/wp-content\/uploads\/2023\/05\/Capgemini_About-Us_our-policies.jpg?w=2880&amp;quality=70 2x\" media=\"(min-width: 1500px)\"\/><source srcset=\"https:\/\/www.capgemini.com\/wp-content\/uploads\/2023\/05\/Capgemini_About-Us_our-policies.jpg?w=1440&amp;quality=70 1x, https:\/\/www.capgemini.com\/wp-content\/uploads\/2023\/05\/Capgemini_About-Us_our-policies.jpg?w=2880&amp;quality=70 2x\" media=\"(min-width: 992px)\"\/><source srcset=\"https:\/\/www.capgemini.com\/wp-content\/uploads\/2023\/05\/Capgemini_About-Us_our-policies.jpg?w=1024&amp;quality=70 1x, https:\/\/www.capgemini.com\/wp-content\/uploads\/2023\/05\/Capgemini_About-Us_our-policies.jpg?w=1024&amp;quality=70 2x\" media=\"(min-width: 768px)\"\/><source srcset=\"https:\/\/www.capgemini.com\/wp-content\/uploads\/2023\/05\/Capgemini_About-Us_our-policies.jpg?w=768&amp;quality=70 1x, https:\/\/www.capgemini.com\/wp-content\/uploads\/2023\/05\/Capgemini_About-Us_our-policies.jpg?w=768&amp;quality=70 2x\" media=\"(min-width: 0)\"\/><img decoding=\"async\" src=\"https:\/\/www.capgemini.com\/wp-content\/uploads\/2023\/05\/Capgemini_About-Us_our-policies.jpg\" class=\"header-img header-img-d\" alt=\"\" style=\"object-fit:cover;object-position:50% 50%\" loading=\"eager\"\/><\/picture><\/div><div class=\"heroPictureCardHeaderShape\"><\/div><div class=\"container\"><div class=\"row\"><div class=\"col-md-12\"><div class=\"box\"><div class=\"boxTagWrapper\"><div class=\"tagInfo\"><div><span class=\"box-tag\">Policy<\/span><\/div><\/div><\/div><div class=\"box-title\"><h1 data-maxlength=\"34\">Pol\u00edtica de Protecci\u00f3n de Datos<\/h1><\/div><div class=\"inner-row-insight download-btn\"><div class=\"col-md-4 downloadFiles addPadding\"><a class=\"button-download--small\" type=\"download\" href=\"https:\/\/www.capgemini.com\/co-es\/wp-content\/uploads\/sites\/25\/2025\/08\/Politica-de-Proteccion-de-Datos-Personales-de-Capgemini-Colombia.pdf\" target=\"_blank\" rel=\"noopener noreferrer\" title=\"Abrir en una nueva ventana\"><span>Pol\u00edtica de Tratamiento de Datos de Capgemini Colombia SAS<\/span><span class=\"type\">95 KB pdf<\/span><\/a><\/div><\/div><\/div><\/div><\/div><\/div><\/header>\n\n\n\n<section class=\"wp-block-cg-blocks-group undefined section section--article-content\"><div class=\"article-main-content\"><div class=\"container\"><div class=\"row\"><div class=\"col-12 col-md-1\"><nav class=\"article-social\"><ul class=\"social-nav\"><li class=\"ip-order-fb\"><a href=\"https:\/\/www.facebook.com\/sharer\/sharer.php?u=https:\/\/www.capgemini.com\/?page_id=890423\" target=\"_blank\" rel=\"noopener noreferrer\" title=\"Abrir en una nueva ventana\"><i aria-hidden=\"true\" class=\"icon-fb\"><\/i><span class=\"sr-only\">Facebook<\/span><\/a><\/li><li class=\"ip-order-tw\"><a href=\"https:\/\/twitter.com\/intent\/tweet?url=https:\/\/www.capgemini.com\/?page_id=890423&amp;text=Data%20Protection%20Policy\" target=\"_blank\" rel=\"noopener noreferrer\" title=\"Abrir en una nueva ventana\"><i aria-hidden=\"true\" class=\"icon-tw\"><\/i><span class=\"sr-only\">Twitter<\/span><\/a><\/li><li class=\"ip-order-li\"><a href=\"https:\/\/www.linkedin.com\/shareArticle?url=https:\/\/www.capgemini.com\/?page_id=890423&amp;text=Data%20Protection%20Policy\" target=\"_blank\" rel=\"noopener noreferrer\" title=\"Abrir en una nueva ventana\"><i aria-hidden=\"true\" class=\"icon-li\"><\/i><span class=\"sr-only\">Linkedin<\/span><\/a><\/li><\/ul><\/nav><\/div><div class=\"col-12 col-md-11 col-lg-10\"><div class=\"article-text article-quote-text\">\n<h3 class=\"wp-block-heading\" id=\"h-capgemini-se-compromete-a-proteger-la-privacidad-de-sus-clientes-empleados-y-socios-para-ello-capgemini-ha-adoptado-las-normas-corporativas-vinculantes-bcr-como-su-politica-de-proteccion-de-datos-global\">Capgemini se compromete a proteger la privacidad de sus clientes, empleados y socios. Para ello, Capgemini ha adoptado las Normas Corporativas Vinculantes (BCR) como su Pol\u00edtica de Protecci\u00f3n de Datos global.<\/h3>\n\n\n\n<div style=\"height:10px\" aria-hidden=\"true\" class=\"wp-block-spacer\"><\/div>\n\n\n\n<p>Las BCR se aplican a todas las entidades del Grupo Capgemini y a sus empleados, garantizando un s\u00f3lido est\u00e1ndar de protecci\u00f3n para todos los datos personales tratados por Capgemini, ya sea en su propio nombre o en nombre de sus clientes.<\/p>\n\n\n\n<div style=\"height:20px\" aria-hidden=\"true\" class=\"wp-block-spacer\"><\/div>\n\n\n\n<div class=\"wp-block-columns is-layout-flex wp-container-core-columns-is-layout-28f84493 wp-block-columns-is-layout-flex\">\n<div class=\"wp-block-column is-layout-flow wp-block-column-is-layout-flow\">\n<figure class=\"wp-block-image size-medium is-resized\"><img loading=\"lazy\" decoding=\"async\" height=\"140\" width=\"300\" src=\"https:\/\/www.capgemini.com\/co-es\/wp-content\/uploads\/sites\/25\/2025\/08\/banner_normascorporativas1_esp_01.jpg?w=300\" alt=\"\" class=\"wp-image-542128\" style=\"width:367px;height:auto\" srcset=\"https:\/\/www.capgemini.com\/co-es\/wp-content\/uploads\/sites\/25\/2025\/08\/banner_normascorporativas1_esp_01.jpg 747w, https:\/\/www.capgemini.com\/co-es\/wp-content\/uploads\/sites\/25\/2025\/08\/banner_normascorporativas1_esp_01.jpg?resize=300,140 300w\" sizes=\"auto, (max-width: 300px) 100vw, 300px\" \/><\/figure>\n\n\n\n<div style=\"height:19px\" aria-hidden=\"true\" class=\"wp-block-spacer\"><\/div>\n\n\n\n<div class=\"wp-block-buttons is-layout-flex wp-block-buttons-is-layout-flex\">\n<div class=\"wp-block-button\"><a class=\"wp-block-button__link wp-element-button\" href=\"https:\/\/www.capgemini.com\/co-es\/wp-content\/uploads\/sites\/25\/2025\/08\/EU-BCR-C-Public-version-Updated-Apr.-2025_ES_01.pdf\" target=\"_blank\" rel=\"noreferrer noopener\">Descargar Normas Corporativas Vinculantes (Responsable del Tratamiento)<\/a><\/div>\n<\/div>\n\n\n\n<div style=\"height:32px\" aria-hidden=\"true\" class=\"wp-block-spacer\"><\/div>\n\n\n\n<p class=\"has-text-align-justify\">Las Normas Corporativas Vinculantes (BCR) de Capgemini para las actividades de Responsable y Encargado del Tratamiento fueron aprobadas inicialmente por las Autoridades Europeas de Protecci\u00f3n de Datos en marzo de 2016 y posteriormente actualizadas en enero de 2019 para cumplir con el Reglamento General de Protecci\u00f3n de Datos (RGPD).<\/p>\n\n\n\n<p><strong>Las BCR de Capgemini para las actividades del Responsable del Tratamiento se actualizaron por \u00faltima vez en abril de 2025<\/strong>&nbsp;para cumplir con los requisitos actualizados del Comit\u00e9 Europeo de Protecci\u00f3n de Datos (CEPD).<\/p>\n\n\n\n<p><strong>Las BCR de Capgemini para las actividades del Encargado del Tratamiento se actualizaron por \u00faltima vez en abril de 2023<\/strong>&nbsp;para alinearse con las obligaciones adicionales derivadas de la decisi\u00f3n Schrems II (s\u00f3lo disponibles en la versi\u00f3n en ingl\u00e9s).<\/p>\n\n\n\n<p>Estas actualizaciones fueron revisadas y aprobadas por las Autoridades Europeas de Protecci\u00f3n de Datos seg\u00fan lo requerido.<\/p>\n\n\n\n<p>Capgemini colabora activamente con la CNIL, como su principal Autoridad de Protecci\u00f3n de Datos, para garantizar que las BCR se mantienen actualizadas y cumplen con los \u00faltimos requerimientos del CEPD.<\/p>\n<\/div>\n\n\n\n<div class=\"wp-block-column is-layout-flow wp-block-column-is-layout-flow\">\n<figure class=\"wp-block-image size-medium is-resized\"><img loading=\"lazy\" decoding=\"async\" height=\"140\" width=\"300\" src=\"https:\/\/www.capgemini.com\/co-es\/wp-content\/uploads\/sites\/25\/2025\/08\/banner_normascorporativas1_esp_02.jpg?w=300\" alt=\"\" class=\"wp-image-542129\" style=\"width:367px;height:auto\" srcset=\"https:\/\/www.capgemini.com\/co-es\/wp-content\/uploads\/sites\/25\/2025\/08\/banner_normascorporativas1_esp_02.jpg 747w, https:\/\/www.capgemini.com\/co-es\/wp-content\/uploads\/sites\/25\/2025\/08\/banner_normascorporativas1_esp_02.jpg?resize=300,140 300w\" sizes=\"auto, (max-width: 300px) 100vw, 300px\" \/><\/figure>\n\n\n\n<div style=\"height:23px\" aria-hidden=\"true\" class=\"wp-block-spacer\"><\/div>\n\n\n\n<div class=\"wp-block-buttons is-layout-flex wp-block-buttons-is-layout-flex\">\n<div class=\"wp-block-button\"><a class=\"wp-block-button__link wp-element-button\" href=\"https:\/\/www.capgemini.com\/wp-content\/uploads\/2026\/01\/CGUKDataController_publicversion-2025.pdf\" target=\"_blank\" rel=\"noreferrer noopener\">Download Binding Corporate Rules (Controller Activities)<\/a><\/div>\n\n\n\n<div class=\"wp-block-button\"><a class=\"wp-block-button__link wp-element-button\" href=\"https:\/\/www.capgemini.com\/wp-content\/uploads\/2026\/01\/CG-UK-BCR-P-Public-Version2025.pdf\" target=\"_blank\" rel=\"noreferrer noopener\">Download Binding Corporate Rules (Processor Activities)<\/a><\/div>\n<\/div>\n\n\n\n<div style=\"height:30px\" aria-hidden=\"true\" class=\"wp-block-spacer\"><\/div>\n\n\n\n<p class=\"has-text-align-center\">Capgemini Binding Corporate Rules (BCR) for Controller &amp; Processor activities were initially approved by the European Data Protection Authorities in March 2016 and subsequently updated in January 2019 to comply with the General Data Protection Regulation (GDPR).<\/p>\n\n\n\n<p><strong>Capgemini BCR for Controller activities were last updated in April 2025<\/strong>&nbsp;to comply with the updated European Data Protection Board (EDPB) requirements.<\/p>\n\n\n\n<p><strong>Capgemini BCR for Processor activities were last updated in April 2023<\/strong>&nbsp;to align with additional obligations stemming from the so-called Schrems II decision.<\/p>\n\n\n\n<p>These updates were reviewed and approved by the European data protection authorities as required.<\/p>\n\n\n\n<p class=\"has-text-align-center\">Capgemini is actively collaborating with the CNIL, as its lead data protection authority, to ensure its BCRs are kept up-to-date and comply with the latest requirements from the EDPB.<\/p>\n<\/div>\n<\/div>\n<\/div><\/div><\/div><\/div><\/div><\/section>\n\n\n\n<p><\/p>\n","protected":false},"excerpt":{"rendered":"","protected":false},"author":121,"featured_media":0,"parent":5591,"menu_order":4,"comment_status":"closed","ping_status":"closed","template":"","meta":{"cg_dt_proposed_to":[0],"cg_seo_hreflang_relations":"[]","cg_seo_canonical_relation":"","cg_seo_hreflang_x_default_relation":"{\"uuid\":\"38d748d9-6651-4627-81b6-0870820ec0a8\",\"blogId\":\"1\",\"domain\":\"www.capgemini.com\",\"sitePath\":\"\/\",\"postLink\":\"https:\/\/www.capgemini.com\/about-us\/management-and-governance\/policies\/data-protection-policy\/\",\"postId\":665430,\"isSaved\":true,\"isCrossLink\":false,\"hasCrossLink\":false,\"isEnabled\":true}","cg_dt_approved_content":false,"cg_dt_mandatory_content":false,"cg_dt_notes":"","cg_dg_source_changed":false,"cg_dt_link_disabled":false,"_yoast_wpseo_primary_brand":"","footnotes":"","featured_focal_points":"","partner_card_description":"","gsap_animation":0},"brand":[],"partner_type":[],"service":[],"industry":[],"partners":[],"page-type":[168],"content-group":[],"class_list":["post-5401","page","type-page","status-publish","hentry","page-type-about-us"],"yoast_head":"<!-- This site is optimized with the Yoast SEO Premium plugin v22.8 (Yoast SEO v22.8) - https:\/\/yoast.com\/wordpress\/plugins\/seo\/ -->\n<title>Pol\u00edtica de Protecci\u00f3n de Datos en Capgemini | Capgemini<\/title>\n<meta name=\"description\" content=\"Conoce nuestra Pol\u00edtica de Protecci\u00f3n de Datos y c\u00f3mo garantizamos la seguridad y privacidad de tu informaci\u00f3n en Capgemini.\" \/>\n<meta name=\"robots\" content=\"index, follow, max-snippet:-1, max-image-preview:large, max-video-preview:-1\" \/>\n<link rel=\"canonical\" href=\"https:\/\/www.capgemini.com\/co-es\/sobre-nosotros\/gestion-y-gobierno\/politicas\/politica-de-proteccion-de-datos\/\" \/>\n<meta property=\"og:locale\" content=\"es_MX\" \/>\n<meta property=\"og:type\" content=\"article\" \/>\n<meta property=\"og:title\" content=\"Pol\u00edtica de Protecci\u00f3n de Datos\" \/>\n<meta property=\"og:description\" content=\"Conoce nuestra Pol\u00edtica de Protecci\u00f3n de Datos y c\u00f3mo garantizamos la seguridad y privacidad de tu informaci\u00f3n en Capgemini.\" \/>\n<meta property=\"og:url\" content=\"https:\/\/www.capgemini.com\/co-es\/sobre-nosotros\/gestion-y-gobierno\/politicas\/politica-de-proteccion-de-datos\/\" \/>\n<meta property=\"og:site_name\" content=\"Capgemini Colombia\" \/>\n<meta property=\"article:modified_time\" content=\"2026-01-09T12:30:02+00:00\" \/>\n<meta property=\"og:image\" content=\"https:\/\/www.capgemini.com\/wp-content\/uploads\/2023\/05\/Capgemini_About-Us_our-policies.jpg\" \/>\n<meta name=\"twitter:card\" content=\"summary_large_image\" \/>\n<meta name=\"twitter:label1\" content=\"Est. reading time\" \/>\n\t<meta name=\"twitter:data1\" content=\"3 minutes\" \/>\n<script type=\"application\/ld+json\" class=\"yoast-schema-graph\">{\"@context\":\"https:\/\/schema.org\",\"@graph\":[{\"@type\":\"WebPage\",\"@id\":\"https:\/\/www.capgemini.com\/co-es\/sobre-nosotros\/gestion-y-gobierno\/politicas\/politica-de-proteccion-de-datos\/\",\"url\":\"https:\/\/www.capgemini.com\/co-es\/sobre-nosotros\/gestion-y-gobierno\/politicas\/politica-de-proteccion-de-datos\/\",\"name\":\"Pol\u00edtica de Protecci\u00f3n de Datos en Capgemini | Capgemini\",\"isPartOf\":{\"@id\":\"https:\/\/www.capgemini.com\/co-es\/#website\"},\"primaryImageOfPage\":{\"@id\":\"https:\/\/www.capgemini.com\/co-es\/sobre-nosotros\/gestion-y-gobierno\/politicas\/politica-de-proteccion-de-datos\/#primaryimage\"},\"image\":{\"@id\":\"https:\/\/www.capgemini.com\/co-es\/sobre-nosotros\/gestion-y-gobierno\/politicas\/politica-de-proteccion-de-datos\/#primaryimage\"},\"thumbnailUrl\":\"https:\/\/www.capgemini.com\/wp-content\/uploads\/2023\/05\/Capgemini_About-Us_our-policies.jpg\",\"datePublished\":\"2022-10-12T09:25:52+00:00\",\"dateModified\":\"2026-01-09T12:30:02+00:00\",\"description\":\"Conoce nuestra Pol\u00edtica de Protecci\u00f3n de Datos y c\u00f3mo garantizamos la seguridad y privacidad de tu informaci\u00f3n en Capgemini.\",\"breadcrumb\":{\"@id\":\"https:\/\/www.capgemini.com\/co-es\/sobre-nosotros\/gestion-y-gobierno\/politicas\/politica-de-proteccion-de-datos\/#breadcrumb\"},\"inLanguage\":\"es-MX\",\"potentialAction\":[{\"@type\":\"ReadAction\",\"target\":[\"https:\/\/www.capgemini.com\/co-es\/sobre-nosotros\/gestion-y-gobierno\/politicas\/politica-de-proteccion-de-datos\/\"]}]},{\"@type\":\"ImageObject\",\"inLanguage\":\"es-MX\",\"@id\":\"https:\/\/www.capgemini.com\/co-es\/sobre-nosotros\/gestion-y-gobierno\/politicas\/politica-de-proteccion-de-datos\/#primaryimage\",\"url\":\"https:\/\/www.capgemini.com\/wp-content\/uploads\/2023\/05\/Capgemini_About-Us_our-policies.jpg\",\"contentUrl\":\"https:\/\/www.capgemini.com\/wp-content\/uploads\/2023\/05\/Capgemini_About-Us_our-policies.jpg\"},{\"@type\":\"BreadcrumbList\",\"@id\":\"https:\/\/www.capgemini.com\/co-es\/sobre-nosotros\/gestion-y-gobierno\/politicas\/politica-de-proteccion-de-datos\/#breadcrumb\",\"itemListElement\":[{\"@type\":\"ListItem\",\"position\":1,\"name\":\"Home\",\"item\":\"https:\/\/www.capgemini.com\/co-es\/\"},{\"@type\":\"ListItem\",\"position\":2,\"name\":\"Sobre nosotros\",\"item\":\"https:\/\/www.capgemini.com\/co-es\/sobre-nosotros\/\"},{\"@type\":\"ListItem\",\"position\":3,\"name\":\"Gesti\u00f3n y gobierno\",\"item\":\"https:\/\/www.capgemini.com\/co-es\/sobre-nosotros\/gestion-y-gobierno\/\"},{\"@type\":\"ListItem\",\"position\":4,\"name\":\"Pol\u00edticas\",\"item\":\"https:\/\/www.capgemini.com\/co-es\/sobre-nosotros\/gestion-y-gobierno\/politicas\/\"},{\"@type\":\"ListItem\",\"position\":5,\"name\":\"Pol\u00edtica de Protecci\u00f3n de Datos\"}]},{\"@type\":\"WebSite\",\"@id\":\"https:\/\/www.capgemini.com\/co-es\/#website\",\"url\":\"https:\/\/www.capgemini.com\/co-es\/\",\"name\":\"Capgemini Colombia\",\"description\":\"Capgemini\",\"potentialAction\":[{\"@type\":\"SearchAction\",\"target\":{\"@type\":\"EntryPoint\",\"urlTemplate\":\"https:\/\/www.capgemini.com\/co-es\/?s={search_term_string}\"},\"query-input\":\"required name=search_term_string\"}],\"inLanguage\":\"es-MX\"}]}<\/script>\n<!-- \/ Yoast SEO Premium plugin. -->","yoast_head_json":{"title":"Pol\u00edtica de Protecci\u00f3n de Datos en Capgemini | Capgemini","description":"Conoce nuestra Pol\u00edtica de Protecci\u00f3n de Datos y c\u00f3mo garantizamos la seguridad y privacidad de tu informaci\u00f3n en Capgemini.","robots":{"index":"index","follow":"follow","max-snippet":"max-snippet:-1","max-image-preview":"max-image-preview:large","max-video-preview":"max-video-preview:-1"},"canonical":"https:\/\/www.capgemini.com\/co-es\/sobre-nosotros\/gestion-y-gobierno\/politicas\/politica-de-proteccion-de-datos\/","og_locale":"es_MX","og_type":"article","og_title":"Pol\u00edtica de Protecci\u00f3n de Datos","og_description":"Conoce nuestra Pol\u00edtica de Protecci\u00f3n de Datos y c\u00f3mo garantizamos la seguridad y privacidad de tu informaci\u00f3n en Capgemini.","og_url":"https:\/\/www.capgemini.com\/co-es\/sobre-nosotros\/gestion-y-gobierno\/politicas\/politica-de-proteccion-de-datos\/","og_site_name":"Capgemini Colombia","article_modified_time":"2026-01-09T12:30:02+00:00","og_image":[{"url":"https:\/\/www.capgemini.com\/wp-content\/uploads\/2023\/05\/Capgemini_About-Us_our-policies.jpg"}],"twitter_card":"summary_large_image","twitter_misc":{"Est. reading time":"3 minutes"},"schema":{"@context":"https:\/\/schema.org","@graph":[{"@type":"WebPage","@id":"https:\/\/www.capgemini.com\/co-es\/sobre-nosotros\/gestion-y-gobierno\/politicas\/politica-de-proteccion-de-datos\/","url":"https:\/\/www.capgemini.com\/co-es\/sobre-nosotros\/gestion-y-gobierno\/politicas\/politica-de-proteccion-de-datos\/","name":"Pol\u00edtica de Protecci\u00f3n de Datos en Capgemini | Capgemini","isPartOf":{"@id":"https:\/\/www.capgemini.com\/co-es\/#website"},"primaryImageOfPage":{"@id":"https:\/\/www.capgemini.com\/co-es\/sobre-nosotros\/gestion-y-gobierno\/politicas\/politica-de-proteccion-de-datos\/#primaryimage"},"image":{"@id":"https:\/\/www.capgemini.com\/co-es\/sobre-nosotros\/gestion-y-gobierno\/politicas\/politica-de-proteccion-de-datos\/#primaryimage"},"thumbnailUrl":"https:\/\/www.capgemini.com\/wp-content\/uploads\/2023\/05\/Capgemini_About-Us_our-policies.jpg","datePublished":"2022-10-12T09:25:52+00:00","dateModified":"2026-01-09T12:30:02+00:00","description":"Conoce nuestra Pol\u00edtica de Protecci\u00f3n de Datos y c\u00f3mo garantizamos la seguridad y privacidad de tu informaci\u00f3n en Capgemini.","breadcrumb":{"@id":"https:\/\/www.capgemini.com\/co-es\/sobre-nosotros\/gestion-y-gobierno\/politicas\/politica-de-proteccion-de-datos\/#breadcrumb"},"inLanguage":"es-MX","potentialAction":[{"@type":"ReadAction","target":["https:\/\/www.capgemini.com\/co-es\/sobre-nosotros\/gestion-y-gobierno\/politicas\/politica-de-proteccion-de-datos\/"]}]},{"@type":"ImageObject","inLanguage":"es-MX","@id":"https:\/\/www.capgemini.com\/co-es\/sobre-nosotros\/gestion-y-gobierno\/politicas\/politica-de-proteccion-de-datos\/#primaryimage","url":"https:\/\/www.capgemini.com\/wp-content\/uploads\/2023\/05\/Capgemini_About-Us_our-policies.jpg","contentUrl":"https:\/\/www.capgemini.com\/wp-content\/uploads\/2023\/05\/Capgemini_About-Us_our-policies.jpg"},{"@type":"BreadcrumbList","@id":"https:\/\/www.capgemini.com\/co-es\/sobre-nosotros\/gestion-y-gobierno\/politicas\/politica-de-proteccion-de-datos\/#breadcrumb","itemListElement":[{"@type":"ListItem","position":1,"name":"Home","item":"https:\/\/www.capgemini.com\/co-es\/"},{"@type":"ListItem","position":2,"name":"Sobre nosotros","item":"https:\/\/www.capgemini.com\/co-es\/sobre-nosotros\/"},{"@type":"ListItem","position":3,"name":"Gesti\u00f3n y gobierno","item":"https:\/\/www.capgemini.com\/co-es\/sobre-nosotros\/gestion-y-gobierno\/"},{"@type":"ListItem","position":4,"name":"Pol\u00edticas","item":"https:\/\/www.capgemini.com\/co-es\/sobre-nosotros\/gestion-y-gobierno\/politicas\/"},{"@type":"ListItem","position":5,"name":"Pol\u00edtica de Protecci\u00f3n de Datos"}]},{"@type":"WebSite","@id":"https:\/\/www.capgemini.com\/co-es\/#website","url":"https:\/\/www.capgemini.com\/co-es\/","name":"Capgemini Colombia","description":"Capgemini","potentialAction":[{"@type":"SearchAction","target":{"@type":"EntryPoint","urlTemplate":"https:\/\/www.capgemini.com\/co-es\/?s={search_term_string}"},"query-input":"required name=search_term_string"}],"inLanguage":"es-MX"}]}},"brand_term":[],"parsely":{"version":"1.1.0","canonical_url":"https:\/\/capgemini.com\/co-es\/sobre-nosotros\/gestion-y-gobierno\/politicas\/politica-de-proteccion-de-datos\/","smart_links":{"inbound":0,"outbound":0},"traffic_boost_suggestions_count":0,"meta":{"@context":"https:\/\/schema.org","@type":"WebPage","headline":"Pol\u00edtica de Protecci\u00f3n de Datos","url":"https:\/\/www.capgemini.com\/co-es\/sobre-nosotros\/gestion-y-gobierno\/politicas\/politica-de-proteccion-de-datos\/","mainEntityOfPage":{"@type":"WebPage","@id":"https:\/\/www.capgemini.com\/co-es\/sobre-nosotros\/gestion-y-gobierno\/politicas\/politica-de-proteccion-de-datos\/"},"thumbnailUrl":"","image":{"@type":"ImageObject","url":""},"articleSection":"Uncategorized","author":[],"creator":[],"publisher":{"@type":"Organization","name":"Capgemini Colombia","logo":""},"keywords":[],"dateCreated":"2022-10-12T09:25:52Z","datePublished":"2022-10-12T09:25:52Z","dateModified":"2026-01-09T12:30:02Z"},"rendered":"<meta name=\"parsely-title\" content=\"Pol\u00edtica de Protecci\u00f3n de Datos\" \/>\n<meta name=\"parsely-link\" content=\"https:\/\/www.capgemini.com\/co-es\/sobre-nosotros\/gestion-y-gobierno\/politicas\/politica-de-proteccion-de-datos\/\" \/>\n<meta name=\"parsely-type\" content=\"index\" \/>\n<meta name=\"parsely-pub-date\" content=\"2022-10-12T09:25:52Z\" \/>\n<meta name=\"parsely-section\" content=\"Uncategorized\" \/>","tracker_url":"https:\/\/cdn.parsely.com\/keys\/capgemini.com\/p.js"},"archive_status":false,"featured_image_src":"https:\/\/www.capgemini.com\/co-es\/wp-content\/themes\/capgemini2025\/assets\/images\/mockup.png","featured_image_alt":false,"jetpack_sharing_enabled":true,"distributor_meta":false,"distributor_terms":false,"distributor_media":false,"distributor_original_site_name":"Capgemini Colombia","distributor_original_site_url":"https:\/\/www.capgemini.com\/co-es","push-errors":false,"_links":{"self":[{"href":"https:\/\/www.capgemini.com\/co-es\/wp-json\/wp\/v2\/pages\/5401","targetHints":{"allow":["GET"]}}],"collection":[{"href":"https:\/\/www.capgemini.com\/co-es\/wp-json\/wp\/v2\/pages"}],"about":[{"href":"https:\/\/www.capgemini.com\/co-es\/wp-json\/wp\/v2\/types\/page"}],"author":[{"embeddable":true,"href":"https:\/\/www.capgemini.com\/co-es\/wp-json\/wp\/v2\/users\/121"}],"replies":[{"embeddable":true,"href":"https:\/\/www.capgemini.com\/co-es\/wp-json\/wp\/v2\/comments?post=5401"}],"version-history":[{"count":19,"href":"https:\/\/www.capgemini.com\/co-es\/wp-json\/wp\/v2\/pages\/5401\/revisions"}],"predecessor-version":[{"id":547296,"href":"https:\/\/www.capgemini.com\/co-es\/wp-json\/wp\/v2\/pages\/5401\/revisions\/547296"}],"up":[{"embeddable":true,"href":"https:\/\/www.capgemini.com\/co-es\/wp-json\/wp\/v2\/pages\/5591"}],"wp:attachment":[{"href":"https:\/\/www.capgemini.com\/co-es\/wp-json\/wp\/v2\/media?parent=5401"}],"wp:term":[{"taxonomy":"brand","embeddable":true,"href":"https:\/\/www.capgemini.com\/co-es\/wp-json\/wp\/v2\/brand?post=5401"},{"taxonomy":"partner_type","embeddable":true,"href":"https:\/\/www.capgemini.com\/co-es\/wp-json\/wp\/v2\/partner_type?post=5401"},{"taxonomy":"service","embeddable":true,"href":"https:\/\/www.capgemini.com\/co-es\/wp-json\/wp\/v2\/service?post=5401"},{"taxonomy":"industry","embeddable":true,"href":"https:\/\/www.capgemini.com\/co-es\/wp-json\/wp\/v2\/industry?post=5401"},{"taxonomy":"partners","embeddable":true,"href":"https:\/\/www.capgemini.com\/co-es\/wp-json\/wp\/v2\/partners?post=5401"},{"taxonomy":"page-type","embeddable":true,"href":"https:\/\/www.capgemini.com\/co-es\/wp-json\/wp\/v2\/page-type?post=5401"},{"taxonomy":"content-group","embeddable":true,"href":"https:\/\/www.capgemini.com\/co-es\/wp-json\/wp\/v2\/content-group?post=5401"}],"curies":[{"name":"wp","href":"https:\/\/api.w.org\/{rel}","templated":true}]}}