{"id":5399,"date":"2023-01-10T06:33:02","date_gmt":"2023-01-10T06:33:02","guid":{"rendered":"https:\/\/www.capgemini.com\/?page_id=665764"},"modified":"2025-04-01T17:10:39","modified_gmt":"2025-04-01T17:10:39","slug":"comercio-rapido-para-la-experiencia-del-cliente-de-sap","status":"publish","type":"page","link":"https:\/\/www.capgemini.com\/co-es\/solutions\/comercio-rapido-para-la-experiencia-del-cliente-de-sap\/","title":{"rendered":"Comercio r\u00e1pido para la experiencia del cliente de SAP"},"content":{"rendered":"\n<header class=\"wp-block-cg-blocks-hero-reusable header heroReusable  \"><div class=\"header-bgs\"><picture><source srcset=\"https:\/\/www.capgemini.com\/wp-content\/uploads\/2022\/05\/Capgemini_Solutions-Fast-Commerce-for-SAP-Customer-Experience.jpg?w=2880&amp;quality=70 1x, https:\/\/www.capgemini.com\/wp-content\/uploads\/2022\/05\/Capgemini_Solutions-Fast-Commerce-for-SAP-Customer-Experience.jpg?w=2880&amp;quality=70 2x\" media=\"(min-width: 1500px)\"\/><source srcset=\"https:\/\/www.capgemini.com\/wp-content\/uploads\/2022\/05\/Capgemini_Solutions-Fast-Commerce-for-SAP-Customer-Experience.jpg?w=1440&amp;quality=70 1x, https:\/\/www.capgemini.com\/wp-content\/uploads\/2022\/05\/Capgemini_Solutions-Fast-Commerce-for-SAP-Customer-Experience.jpg?w=2880&amp;quality=70 2x\" media=\"(min-width: 992px)\"\/><source srcset=\"https:\/\/www.capgemini.com\/wp-content\/uploads\/2022\/05\/Capgemini_Solutions-Fast-Commerce-for-SAP-Customer-Experience.jpg?w=1024&amp;quality=70 1x, https:\/\/www.capgemini.com\/wp-content\/uploads\/2022\/05\/Capgemini_Solutions-Fast-Commerce-for-SAP-Customer-Experience.jpg?w=1024&amp;quality=70 2x\" media=\"(min-width: 768px)\"\/><source srcset=\"https:\/\/www.capgemini.com\/wp-content\/uploads\/2022\/05\/Capgemini_Solutions-Fast-Commerce-for-SAP-Customer-Experience.jpg?w=768&amp;quality=70 1x, https:\/\/www.capgemini.com\/wp-content\/uploads\/2022\/05\/Capgemini_Solutions-Fast-Commerce-for-SAP-Customer-Experience.jpg?w=768&amp;quality=70 2x\" media=\"(min-width: 0)\"\/><img decoding=\"async\" src=\"https:\/\/www.capgemini.com\/wp-content\/uploads\/2022\/05\/Capgemini_Solutions-Fast-Commerce-for-SAP-Customer-Experience.jpg\" class=\"header-img header-img-d\" alt=\"\" style=\"object-fit:cover;object-position:69% 67%\" loading=\"eager\"\/><\/picture><\/div><div class=\"heroPictureCardHeaderShape\"><\/div><div class=\"container\"><div class=\"row\"><div class=\"col-md-12\"><div class=\"box\"><div class=\"boxTagWrapper\"><div class=\"tagInfo\"><div><span class=\"box-tag\">Solution<\/span><\/div><\/div><\/div><div class=\"box-title\"><h1 data-maxlength=\"34\">Comercio r\u00e1pido para la experiencia del cliente de SAP<\/h1><\/div><h2 class=\"reasearchInsightTitle\">Llegue al mercado m\u00e1s r\u00e1pido con el acelerador de Capgemini dise\u00f1ado para el comercio B2B en la nube p\u00fablica de SAP<\/h2><div class=\"inner-row-insight download-btn\"><div class=\"col-md-4 downloadFiles addPadding\"><a class=\"button-download--small\" type=\"download\" href=\"https:\/\/www.capgemini.com\/wp-content\/uploads\/2022\/03\/Fast-Commerce-SAP-Customer-Experience-solutions-2.pdf\" target=\"_blank\" rel=\"noopener noreferrer\" title=\"abrir en una nueva ventana\"><span>Descargar ficha t\u00e9cnica<\/span><span class=\"type\">881 KB  pdf<\/span><\/a><\/div><\/div><\/div><\/div><\/div><\/div><\/header>\n\n\n\n<section class=\"wp-block-cg-blocks-intro-para undefined section section--intro\"><div class=\"intro-para\"><div class=\"container\"><div class=\"row\"><div class=\"col-12 col-md-1\"><nav class=\"article-social\"><ul class=\"social-nav\"><li class=\"ip-order-fb\"><a href=\"https:\/\/www.facebook.com\/sharer\/sharer.php?u=https:\/\/www.capgemini.com\/co-es\/solutions\/comercio-rapido-para-la-experiencia-del-cliente-de-sap\/\" target=\"_blank\" rel=\"noopener noreferrer\" title=\"abrir en una nueva ventana\"><i aria-hidden=\"true\" class=\"icon-fb\"><\/i><span class=\"sr-only\">Facebook<\/span><\/a><\/li><li class=\"ip-order-li\"><a href=\"https:\/\/www.linkedin.com\/sharing\/share-offsite\/?url=https:\/\/www.capgemini.com\/co-es\/solutions\/comercio-rapido-para-la-experiencia-del-cliente-de-sap\/\" target=\"_blank\" rel=\"noopener noreferrer\" title=\"abrir en una nueva ventana\"><i aria-hidden=\"true\" class=\"icon-li\"><\/i><span class=\"sr-only\">Linkedin<\/span><\/a><\/li><\/ul><\/nav><\/div><div class=\"col-12 col-md-11 col-lg-10\"><h2 class=\"intro-para-title\">Es hora de aprovechar la oportunidad. Capgemini cre\u00f3 soluciones Fast Commerce for SAP Customer Experience para lanzar r\u00e1pidamente sitios de comercio B2B en la nube p\u00fablica de SAP.<\/h2><p class=\"intro-para-content\">Construido sobre la experiencia SAP de Capgemini, el acelerador agiliza los procesos y utiliza metodolog\u00edas probadas en el campo para brindar una experiencia de compra perfecta.<br><br>Nuestras soluciones impulsan la eficiencia a trav\u00e9s de su enfoque program\u00e1tico y son lo suficientemente flexibles para satisfacer las necesidades \u00fanicas de la industria. Aprenda a aprovechar las oportunidades masivas en el comercio B2B digital y acceda al mercado m\u00e1s r\u00e1pido con Capgemini.<\/p><\/div><\/div><\/div><\/div><\/section>\n\n\n\n<section class=\"wp-block-cg-blocks-intro-para-video section section--info-2cols section--insights section-video\"><div class=\"bg-color video-align-left\"><div class=\"container\"><div class=\"row video-align-right\"><div class=\"col-md-12\"><div class=\"video-align-right row box box--4 box--mini\"><div class=\"col-md-1\"><\/div><div class=\"col-md-8 box-img-wrapper\"><div class=\"video-box\"><div class=\"video-wrapper\"><iframe title=\"video-section\" src=\"https:\/\/www.youtube.com\/embed\/xBl4UzLEH3c\" frameborder=\"0\" rel=\"0\" allow=\"accelerometer; autoplay; encrypted-media; gyroscope; picture-in-picture\" allowfullscreen><\/iframe><\/div><\/div><\/div><div class=\"col-md-3\"><h3 class=\"Video-title\" data-maxlength=\"34\">Comercio r\u00e1pido para SAP<\/h3><div class=\"video-info\"><p data-maxlength=\"68\">Soluciones de experiencia del cliente<\/p><\/div><\/div><div class=\"col-md-1\"><\/div><\/div><\/div><\/div><\/div><\/div><\/section>\n\n\n\n<section class=\"wp-block-cg-blocks-column-text column-text-block is-style-cg-sapphire2\"><div class=\"container\"><div class=\"row\"><div class=\"col-12\"><div class=\"column-text\"><h3 class=\"column-title caps-text\">COMERCIO R\u00c1PIDO PARA SAP<\/h3><p class=\"column-subtitle\">Soluciones de experiencia del cliente<\/p><div class=\"inner-column-text\"><div class=\"col-12 col-md-4 column-outer\"><div class=\"column-wrapper\"><h5 class=\"jest-column1text\">CASOS DE USO<br><br>Comercio directo al consumidor<br><br>Comercio por suscripci\u00f3n<br><br>Expansi\u00f3n del mercado regional y global<br><br>Lanzamiento de nuevos productos o servicios.<br><br>Experiencia de usuario mejorada<\/h5><\/div><\/div><div class=\"col-12 col-md-4 column-outer\"><div class=\"column-wrapper\"><h5 class=\"jest-column2text\">INDUSTRIAS<br><br>AutomotRIZ<br><br>Productos de consumo<br><br>Energ\u00eda y servicios <br>P\u00fablicos<br><br>Alta tecnolog\u00eda<br><br>Ciencias de la vida<br><br>Fabricaci\u00f3n<br><br>Venta minorista<br><br>Alta tecnolog\u00eda<\/h5><\/div><\/div><div class=\"col-12 col-md-4 column-outer\"><div class=\"column-wrapper\"><h5 class=\"jest-column3text\">CARACTER\u00cdSTICAS<br><br>Experiencia de usuario de vanguardia<br><br>P\u00e1ginas optimizadas para SEO en el lanzamiento<br><br>Integraciones de Google Tag Manager y Analytics<br><br>Optimizaciones de rendimiento e implementaci\u00f3n<br><br>Documentaci\u00f3n funcional y t\u00e9cnica completa disponible desde el primer d\u00eda<\/h5><\/div><\/div><\/div><\/div><\/div><\/div><\/div><\/section>\n","protected":false},"excerpt":{"rendered":"","protected":false},"author":151,"featured_media":11026,"parent":5720,"menu_order":0,"comment_status":"closed","ping_status":"closed","template":"","meta":{"cg_dt_proposed_to":[0],"cg_seo_hreflang_relations":"[]","cg_seo_canonical_relation":"","cg_seo_hreflang_x_default_relation":"{\"uuid\":\"214df463-67d9-4983-a9cd-93c48191edf0\",\"blogId\":\"\",\"domain\":\"\",\"sitePath\":\"\",\"postLink\":\"\",\"postId\":null,\"isSaved\":false,\"isCrossLink\":false,\"hasCrossLink\":false}","cg_dt_approved_content":false,"cg_dt_mandatory_content":false,"cg_dt_notes":"","cg_dg_source_changed":false,"cg_dt_link_disabled":false,"_yoast_wpseo_primary_brand":"","footnotes":"","featured_focal_points":"","partner_card_description":"","gsap_animation":0},"brand":[],"partner_type":[],"service":[],"industry":[],"partners":[],"page-type":[167],"content-group":[],"class_list":["post-5399","page","type-page","status-publish","has-post-thumbnail","hentry","page-type-solutions"],"yoast_head":"<!-- This site is optimized with the Yoast SEO Premium plugin v22.8 (Yoast SEO v22.8) - https:\/\/yoast.com\/wordpress\/plugins\/seo\/ -->\n<title>Comercio R\u00e1pido para la Experiencia del Cliente de SAP | Capgemini<\/title>\n<meta name=\"description\" content=\"Capgemini cre\u00f3 soluciones Fast Commerce for SAP Customer Experience para lanzar r\u00e1pidamente sitios de comercio B2B en la nube p\u00fablica de SAP.\" \/>\n<meta name=\"robots\" content=\"index, follow, max-snippet:-1, max-image-preview:large, max-video-preview:-1\" \/>\n<link rel=\"canonical\" href=\"https:\/\/www.capgemini.com\/co-es\/solutions\/comercio-rapido-para-la-experiencia-del-cliente-de-sap\/\" \/>\n<meta property=\"og:locale\" content=\"es_MX\" \/>\n<meta property=\"og:type\" content=\"article\" \/>\n<meta property=\"og:title\" content=\"Comercio r\u00e1pido para la experiencia del cliente de SAP\" \/>\n<meta property=\"og:description\" content=\"Capgemini cre\u00f3 soluciones Fast Commerce for SAP Customer Experience para lanzar r\u00e1pidamente sitios de comercio B2B en la nube p\u00fablica de SAP.\" \/>\n<meta property=\"og:url\" content=\"https:\/\/www.capgemini.com\/co-es\/solutions\/comercio-rapido-para-la-experiencia-del-cliente-de-sap\/\" \/>\n<meta property=\"og:site_name\" content=\"Capgemini Colombia\" \/>\n<meta property=\"article:modified_time\" content=\"2025-04-01T17:10:39+00:00\" \/>\n<meta property=\"og:image\" content=\"https:\/\/www.capgemini.com\/co-es\/wp-content\/uploads\/sites\/25\/2022\/03\/Capgemini_Solutions-Fast-Commerce-for-SAP-Customer-Experience-1.jpg\" \/>\n\t<meta property=\"og:image:width\" content=\"2880\" \/>\n\t<meta property=\"og:image:height\" content=\"1800\" \/>\n\t<meta property=\"og:image:type\" content=\"image\/jpeg\" \/>\n<meta name=\"twitter:card\" content=\"summary_large_image\" \/>\n<meta name=\"twitter:label1\" content=\"Est. reading time\" \/>\n\t<meta name=\"twitter:data1\" content=\"1 minute\" \/>\n<script type=\"application\/ld+json\" class=\"yoast-schema-graph\">{\"@context\":\"https:\/\/schema.org\",\"@graph\":[{\"@type\":\"WebPage\",\"@id\":\"https:\/\/www.capgemini.com\/co-es\/solutions\/comercio-rapido-para-la-experiencia-del-cliente-de-sap\/\",\"url\":\"https:\/\/www.capgemini.com\/co-es\/solutions\/comercio-rapido-para-la-experiencia-del-cliente-de-sap\/\",\"name\":\"Comercio R\u00e1pido para la Experiencia del Cliente de SAP | Capgemini\",\"isPartOf\":{\"@id\":\"https:\/\/www.capgemini.com\/co-es\/#website\"},\"primaryImageOfPage\":{\"@id\":\"https:\/\/www.capgemini.com\/co-es\/solutions\/comercio-rapido-para-la-experiencia-del-cliente-de-sap\/#primaryimage\"},\"image\":{\"@id\":\"https:\/\/www.capgemini.com\/co-es\/solutions\/comercio-rapido-para-la-experiencia-del-cliente-de-sap\/#primaryimage\"},\"thumbnailUrl\":\"https:\/\/www.capgemini.com\/co-es\/wp-content\/uploads\/sites\/25\/2022\/03\/Capgemini_Solutions-Fast-Commerce-for-SAP-Customer-Experience-1.jpg\",\"datePublished\":\"2023-01-10T06:33:02+00:00\",\"dateModified\":\"2025-04-01T17:10:39+00:00\",\"description\":\"Capgemini cre\u00f3 soluciones Fast Commerce for SAP Customer Experience para lanzar r\u00e1pidamente sitios de comercio B2B en la nube p\u00fablica de SAP.\",\"breadcrumb\":{\"@id\":\"https:\/\/www.capgemini.com\/co-es\/solutions\/comercio-rapido-para-la-experiencia-del-cliente-de-sap\/#breadcrumb\"},\"inLanguage\":\"es-MX\",\"potentialAction\":[{\"@type\":\"ReadAction\",\"target\":[\"https:\/\/www.capgemini.com\/co-es\/solutions\/comercio-rapido-para-la-experiencia-del-cliente-de-sap\/\"]}]},{\"@type\":\"ImageObject\",\"inLanguage\":\"es-MX\",\"@id\":\"https:\/\/www.capgemini.com\/co-es\/solutions\/comercio-rapido-para-la-experiencia-del-cliente-de-sap\/#primaryimage\",\"url\":\"https:\/\/www.capgemini.com\/co-es\/wp-content\/uploads\/sites\/25\/2022\/03\/Capgemini_Solutions-Fast-Commerce-for-SAP-Customer-Experience-1.jpg\",\"contentUrl\":\"https:\/\/www.capgemini.com\/co-es\/wp-content\/uploads\/sites\/25\/2022\/03\/Capgemini_Solutions-Fast-Commerce-for-SAP-Customer-Experience-1.jpg\",\"width\":2880,\"height\":1800},{\"@type\":\"BreadcrumbList\",\"@id\":\"https:\/\/www.capgemini.com\/co-es\/solutions\/comercio-rapido-para-la-experiencia-del-cliente-de-sap\/#breadcrumb\",\"itemListElement\":[{\"@type\":\"ListItem\",\"position\":1,\"name\":\"Home\",\"item\":\"https:\/\/www.capgemini.com\/co-es\/\"},{\"@type\":\"ListItem\",\"position\":2,\"name\":\"Solutions\",\"item\":\"https:\/\/www.capgemini.com\/co-es\/solutions\/\"},{\"@type\":\"ListItem\",\"position\":3,\"name\":\"Comercio r\u00e1pido para la experiencia del cliente de SAP\"}]},{\"@type\":\"WebSite\",\"@id\":\"https:\/\/www.capgemini.com\/co-es\/#website\",\"url\":\"https:\/\/www.capgemini.com\/co-es\/\",\"name\":\"Capgemini Colombia\",\"description\":\"Capgemini\",\"potentialAction\":[{\"@type\":\"SearchAction\",\"target\":{\"@type\":\"EntryPoint\",\"urlTemplate\":\"https:\/\/www.capgemini.com\/co-es\/?s={search_term_string}\"},\"query-input\":\"required name=search_term_string\"}],\"inLanguage\":\"es-MX\"}]}<\/script>\n<!-- \/ Yoast SEO Premium plugin. -->","yoast_head_json":{"title":"Comercio R\u00e1pido para la Experiencia del Cliente de SAP | Capgemini","description":"Capgemini cre\u00f3 soluciones Fast Commerce for SAP Customer Experience para lanzar r\u00e1pidamente sitios de comercio B2B en la nube p\u00fablica de SAP.","robots":{"index":"index","follow":"follow","max-snippet":"max-snippet:-1","max-image-preview":"max-image-preview:large","max-video-preview":"max-video-preview:-1"},"canonical":"https:\/\/www.capgemini.com\/co-es\/solutions\/comercio-rapido-para-la-experiencia-del-cliente-de-sap\/","og_locale":"es_MX","og_type":"article","og_title":"Comercio r\u00e1pido para la experiencia del cliente de SAP","og_description":"Capgemini cre\u00f3 soluciones Fast Commerce for SAP Customer Experience para lanzar r\u00e1pidamente sitios de comercio B2B en la nube p\u00fablica de SAP.","og_url":"https:\/\/www.capgemini.com\/co-es\/solutions\/comercio-rapido-para-la-experiencia-del-cliente-de-sap\/","og_site_name":"Capgemini Colombia","article_modified_time":"2025-04-01T17:10:39+00:00","og_image":[{"width":2880,"height":1800,"url":"https:\/\/www.capgemini.com\/co-es\/wp-content\/uploads\/sites\/25\/2022\/03\/Capgemini_Solutions-Fast-Commerce-for-SAP-Customer-Experience-1.jpg","type":"image\/jpeg"}],"twitter_card":"summary_large_image","twitter_misc":{"Est. reading time":"1 minute"},"schema":{"@context":"https:\/\/schema.org","@graph":[{"@type":"WebPage","@id":"https:\/\/www.capgemini.com\/co-es\/solutions\/comercio-rapido-para-la-experiencia-del-cliente-de-sap\/","url":"https:\/\/www.capgemini.com\/co-es\/solutions\/comercio-rapido-para-la-experiencia-del-cliente-de-sap\/","name":"Comercio R\u00e1pido para la Experiencia del Cliente de SAP | Capgemini","isPartOf":{"@id":"https:\/\/www.capgemini.com\/co-es\/#website"},"primaryImageOfPage":{"@id":"https:\/\/www.capgemini.com\/co-es\/solutions\/comercio-rapido-para-la-experiencia-del-cliente-de-sap\/#primaryimage"},"image":{"@id":"https:\/\/www.capgemini.com\/co-es\/solutions\/comercio-rapido-para-la-experiencia-del-cliente-de-sap\/#primaryimage"},"thumbnailUrl":"https:\/\/www.capgemini.com\/co-es\/wp-content\/uploads\/sites\/25\/2022\/03\/Capgemini_Solutions-Fast-Commerce-for-SAP-Customer-Experience-1.jpg","datePublished":"2023-01-10T06:33:02+00:00","dateModified":"2025-04-01T17:10:39+00:00","description":"Capgemini cre\u00f3 soluciones Fast Commerce for SAP Customer Experience para lanzar r\u00e1pidamente sitios de comercio B2B en la nube p\u00fablica de SAP.","breadcrumb":{"@id":"https:\/\/www.capgemini.com\/co-es\/solutions\/comercio-rapido-para-la-experiencia-del-cliente-de-sap\/#breadcrumb"},"inLanguage":"es-MX","potentialAction":[{"@type":"ReadAction","target":["https:\/\/www.capgemini.com\/co-es\/solutions\/comercio-rapido-para-la-experiencia-del-cliente-de-sap\/"]}]},{"@type":"ImageObject","inLanguage":"es-MX","@id":"https:\/\/www.capgemini.com\/co-es\/solutions\/comercio-rapido-para-la-experiencia-del-cliente-de-sap\/#primaryimage","url":"https:\/\/www.capgemini.com\/co-es\/wp-content\/uploads\/sites\/25\/2022\/03\/Capgemini_Solutions-Fast-Commerce-for-SAP-Customer-Experience-1.jpg","contentUrl":"https:\/\/www.capgemini.com\/co-es\/wp-content\/uploads\/sites\/25\/2022\/03\/Capgemini_Solutions-Fast-Commerce-for-SAP-Customer-Experience-1.jpg","width":2880,"height":1800},{"@type":"BreadcrumbList","@id":"https:\/\/www.capgemini.com\/co-es\/solutions\/comercio-rapido-para-la-experiencia-del-cliente-de-sap\/#breadcrumb","itemListElement":[{"@type":"ListItem","position":1,"name":"Home","item":"https:\/\/www.capgemini.com\/co-es\/"},{"@type":"ListItem","position":2,"name":"Solutions","item":"https:\/\/www.capgemini.com\/co-es\/solutions\/"},{"@type":"ListItem","position":3,"name":"Comercio r\u00e1pido para la experiencia del cliente de SAP"}]},{"@type":"WebSite","@id":"https:\/\/www.capgemini.com\/co-es\/#website","url":"https:\/\/www.capgemini.com\/co-es\/","name":"Capgemini Colombia","description":"Capgemini","potentialAction":[{"@type":"SearchAction","target":{"@type":"EntryPoint","urlTemplate":"https:\/\/www.capgemini.com\/co-es\/?s={search_term_string}"},"query-input":"required name=search_term_string"}],"inLanguage":"es-MX"}]}},"brand_term":[],"parsely":{"version":"1.1.0","canonical_url":"https:\/\/capgemini.com\/co-es\/solutions\/comercio-rapido-para-la-experiencia-del-cliente-de-sap\/","smart_links":{"inbound":0,"outbound":0},"traffic_boost_suggestions_count":0,"meta":{"@context":"https:\/\/schema.org","@type":"WebPage","headline":"Comercio r\u00e1pido para la experiencia del cliente de SAP","url":"https:\/\/www.capgemini.com\/co-es\/solutions\/comercio-rapido-para-la-experiencia-del-cliente-de-sap\/","mainEntityOfPage":{"@type":"WebPage","@id":"https:\/\/www.capgemini.com\/co-es\/solutions\/comercio-rapido-para-la-experiencia-del-cliente-de-sap\/"},"thumbnailUrl":"https:\/\/www.capgemini.com\/co-es\/wp-content\/uploads\/sites\/25\/2022\/03\/Capgemini_Solutions-Fast-Commerce-for-SAP-Customer-Experience-1.jpg?w=150&h=150&crop=1","image":{"@type":"ImageObject","url":"https:\/\/www.capgemini.com\/co-es\/wp-content\/uploads\/sites\/25\/2022\/03\/Capgemini_Solutions-Fast-Commerce-for-SAP-Customer-Experience-1.jpg"},"articleSection":"Uncategorized","author":[],"creator":[],"publisher":{"@type":"Organization","name":"Capgemini Colombia","logo":""},"keywords":[],"dateCreated":"2023-01-10T06:33:02Z","datePublished":"2023-01-10T06:33:02Z","dateModified":"2025-04-01T17:10:39Z"},"rendered":"<meta name=\"parsely-title\" content=\"Comercio r\u00e1pido para la experiencia del cliente de SAP\" \/>\n<meta name=\"parsely-link\" content=\"https:\/\/www.capgemini.com\/co-es\/solutions\/comercio-rapido-para-la-experiencia-del-cliente-de-sap\/\" \/>\n<meta name=\"parsely-type\" content=\"index\" \/>\n<meta name=\"parsely-image-url\" content=\"https:\/\/www.capgemini.com\/co-es\/wp-content\/uploads\/sites\/25\/2022\/03\/Capgemini_Solutions-Fast-Commerce-for-SAP-Customer-Experience-1.jpg?w=150&amp;h=150&amp;crop=1\" \/>\n<meta name=\"parsely-pub-date\" content=\"2023-01-10T06:33:02Z\" \/>\n<meta name=\"parsely-section\" content=\"Uncategorized\" \/>","tracker_url":"https:\/\/cdn.parsely.com\/keys\/capgemini.com\/p.js"},"archive_status":false,"featured_image_src":"https:\/\/www.capgemini.com\/co-es\/wp-content\/uploads\/sites\/25\/2022\/03\/Capgemini_Solutions-Fast-Commerce-for-SAP-Customer-Experience-1.jpg","featured_image_alt":"","jetpack_sharing_enabled":true,"distributor_meta":false,"distributor_terms":false,"distributor_media":false,"distributor_original_site_name":"Capgemini Colombia","distributor_original_site_url":"https:\/\/www.capgemini.com\/co-es","push-errors":false,"_links":{"self":[{"href":"https:\/\/www.capgemini.com\/co-es\/wp-json\/wp\/v2\/pages\/5399","targetHints":{"allow":["GET"]}}],"collection":[{"href":"https:\/\/www.capgemini.com\/co-es\/wp-json\/wp\/v2\/pages"}],"about":[{"href":"https:\/\/www.capgemini.com\/co-es\/wp-json\/wp\/v2\/types\/page"}],"author":[{"embeddable":true,"href":"https:\/\/www.capgemini.com\/co-es\/wp-json\/wp\/v2\/users\/151"}],"replies":[{"embeddable":true,"href":"https:\/\/www.capgemini.com\/co-es\/wp-json\/wp\/v2\/comments?post=5399"}],"version-history":[{"count":5,"href":"https:\/\/www.capgemini.com\/co-es\/wp-json\/wp\/v2\/pages\/5399\/revisions"}],"predecessor-version":[{"id":536734,"href":"https:\/\/www.capgemini.com\/co-es\/wp-json\/wp\/v2\/pages\/5399\/revisions\/536734"}],"up":[{"embeddable":true,"href":"https:\/\/www.capgemini.com\/co-es\/wp-json\/wp\/v2\/pages\/5720"}],"wp:featuredmedia":[{"embeddable":true,"href":"https:\/\/www.capgemini.com\/co-es\/wp-json\/wp\/v2\/media\/11026"}],"wp:attachment":[{"href":"https:\/\/www.capgemini.com\/co-es\/wp-json\/wp\/v2\/media?parent=5399"}],"wp:term":[{"taxonomy":"brand","embeddable":true,"href":"https:\/\/www.capgemini.com\/co-es\/wp-json\/wp\/v2\/brand?post=5399"},{"taxonomy":"partner_type","embeddable":true,"href":"https:\/\/www.capgemini.com\/co-es\/wp-json\/wp\/v2\/partner_type?post=5399"},{"taxonomy":"service","embeddable":true,"href":"https:\/\/www.capgemini.com\/co-es\/wp-json\/wp\/v2\/service?post=5399"},{"taxonomy":"industry","embeddable":true,"href":"https:\/\/www.capgemini.com\/co-es\/wp-json\/wp\/v2\/industry?post=5399"},{"taxonomy":"partners","embeddable":true,"href":"https:\/\/www.capgemini.com\/co-es\/wp-json\/wp\/v2\/partners?post=5399"},{"taxonomy":"page-type","embeddable":true,"href":"https:\/\/www.capgemini.com\/co-es\/wp-json\/wp\/v2\/page-type?post=5399"},{"taxonomy":"content-group","embeddable":true,"href":"https:\/\/www.capgemini.com\/co-es\/wp-json\/wp\/v2\/content-group?post=5399"}],"curies":[{"name":"wp","href":"https:\/\/api.w.org\/{rel}","templated":true}]}}