{"id":539839,"date":"2025-05-26T05:26:26","date_gmt":"2025-05-26T05:26:26","guid":{"rendered":"https:\/\/www.capgemini.com\/co-es\/?page_id=539839&#038;preview_id=539839"},"modified":"2026-01-12T21:07:22","modified_gmt":"2026-01-12T21:07:22","slug":"ia-generativa-para-el-sector-publico","status":"publish","type":"page","link":"https:\/\/www.capgemini.com\/co-es\/solutions\/ia-generativa-para-el-sector-publico\/","title":{"rendered":"IA generativa para el sector p\u00fablico"},"content":{"rendered":"\n<header class=\"wp-block-cg-blocks-hero-reusable header heroReusable  \"><div class=\"header-bgs\"><picture><source srcset=\"https:\/\/www.capgemini.com\/wp-content\/uploads\/2024\/02\/Gen-AI-PS_Web-Banner.jpg?w=2880&amp;quality=70 1x, https:\/\/www.capgemini.com\/wp-content\/uploads\/2024\/02\/Gen-AI-PS_Web-Banner.jpg?w=2880&amp;quality=70 2x\" media=\"(min-width: 1500px)\"\/><source srcset=\"https:\/\/www.capgemini.com\/wp-content\/uploads\/2024\/02\/Gen-AI-PS_Web-Banner.jpg?w=1440&amp;quality=70 1x, https:\/\/www.capgemini.com\/wp-content\/uploads\/2024\/02\/Gen-AI-PS_Web-Banner.jpg?w=2880&amp;quality=70 2x\" media=\"(min-width: 992px)\"\/><source srcset=\"https:\/\/www.capgemini.com\/wp-content\/uploads\/2024\/02\/Gen-AI-PS_Web-Banner.jpg?w=1024&amp;quality=70 1x, https:\/\/www.capgemini.com\/wp-content\/uploads\/2024\/02\/Gen-AI-PS_Web-Banner.jpg?w=1024&amp;quality=70 2x\" media=\"(min-width: 768px)\"\/><source srcset=\"https:\/\/www.capgemini.com\/wp-content\/uploads\/2024\/02\/Gen-AI-PS_Web-Banner.jpg?w=768&amp;quality=70 1x, https:\/\/www.capgemini.com\/wp-content\/uploads\/2024\/02\/Gen-AI-PS_Web-Banner.jpg?w=768&amp;quality=70 2x\" media=\"(min-width: 0)\"\/><img decoding=\"async\" src=\"https:\/\/www.capgemini.com\/wp-content\/uploads\/2024\/02\/Gen-AI-PS_Web-Banner.jpg\" class=\"header-img header-img-d\" alt=\"\" style=\"object-fit:cover;object-position:50% 50%\" loading=\"eager\"\/><\/picture><\/div><div class=\"heroPictureCardHeaderShape\"><\/div><div class=\"container\"><div class=\"row\"><div class=\"col-md-12\"><div class=\"box\"><div class=\"boxTagWrapper\"><div class=\"tagInfo\"><div><span class=\"box-tag\">Solution<\/span><\/div><\/div><\/div><div class=\"box-title\"><h1 data-maxlength=\"34\">IA generativa para el sector p\u00fablico<\/h1><\/div><h2 class=\"reasearchInsightTitle\">Una tecnolog\u00eda transformadora para el sector p\u00fablico<\/h2><div class=\"inner-row-insight download-btn\"><div class=\"col-md-4 downloadFiles addPadding\"><a class=\"button-download--small\" type=\"download\" href=\"https:\/\/www.capgemini.com\/wp-content\/uploads\/2024\/03\/GENAI-4-Public-Sector-PoV_v2.pdf\" target=\"_blank\" rel=\"noopener noreferrer\" title=\"Abrir en una nueva ventana\"><span>Descargar PoV<\/span><span class=\"type\">9 MB pdf<\/span><\/a><\/div><\/div><\/div><\/div><\/div><\/div><\/header>\n\n\n\n<section class=\"wp-block-cg-blocks-group undefined section section--article-content\"><div class=\"article-main-content\"><div class=\"container\"><div class=\"row\"><div class=\"col-12 col-md-1\"><nav class=\"article-social\"><ul class=\"social-nav\"><li class=\"ip-order-fb\"><a href=\"https:\/\/www.facebook.com\/sharer\/sharer.php?u=https:\/\/www.capgemini.com\/?page_id=991182\" target=\"_blank\" rel=\"noopener noreferrer\" title=\"Abrir en una nueva ventana\"><i aria-hidden=\"true\" class=\"icon-fb\"><\/i><span class=\"sr-only\">Facebook<\/span><\/a><\/li><li class=\"ip-order-tw\"><a href=\"https:\/\/twitter.com\/intent\/tweet?url=https:\/\/www.capgemini.com\/?page_id=991182&amp;text=\" target=\"_blank\" rel=\"noopener noreferrer\" title=\"Abrir en una nueva ventana\"><i aria-hidden=\"true\" class=\"icon-tw\"><\/i><span class=\"sr-only\">Twitter<\/span><\/a><\/li><li class=\"ip-order-li\"><a href=\"https:\/\/www.linkedin.com\/shareArticle?url=https:\/\/www.capgemini.com\/?page_id=991182&amp;text=\" target=\"_blank\" rel=\"noopener noreferrer\" title=\"Abrir en una nueva ventana\"><i aria-hidden=\"true\" class=\"icon-li\"><\/i><span class=\"sr-only\">Linkedin<\/span><\/a><\/li><\/ul><\/nav><\/div><div class=\"col-12 col-md-11 col-lg-10\"><div class=\"article-text article-quote-text\">\n<p>Como ninguna otra tecnolog\u00eda, la IA generativa tiene el potencial de impulsar la eficiencia de los procesos y la calidad del servicio en el sector p\u00fablico, adem\u00e1s de transformar profundamente el funcionamiento de las agencias gubernamentales. Si se aprovecha correctamente, la IA generativa puede ser un gran impulso para el sector p\u00fablico, ayud\u00e1ndolo a abordar los problemas m\u00e1s urgentes de la actualidad y a garantizar la confianza y la satisfacci\u00f3n de los ciudadanos con los servicios gubernamentales.<\/p>\n\n\n\n<p>Para el sector p\u00fablico, la cuesti\u00f3n no es tanto si utilizar\u00e1 o no la IA generativa, sino c\u00f3mo lo har\u00e1.<\/p>\n<\/div><\/div><\/div><\/div><\/div><\/section>\n\n\n\n<section class=\"wp-block-cg-blocks-intro-para-video section section--info-2cols section--insights section-video \"><div class=\"bg-color video-align-right\"><div class=\"container\"><div class=\"row video-align-left\"><div class=\"col-md-12\"><div class=\"video-align-left row box box--4 box--mini\"><div class=\"col-md-3\"><h3 class=\"Video-title\" data-maxlength=\"34\">IA generativa<\/h3><div class=\"video-info\"><p data-maxlength=\"68\">En aumento para el sector p\u00fablico<\/p><\/div><\/div><div class=\"col-md-8 box-img-wrapper\"><div class=\"video-box\"><div class=\"video-wrapper\"><iframe title=\"video-section\" src=\"https:\/\/www.youtube.com\/embed\/8QiB0lJCKQc?rel=0&amp;modestbranding=1&amp;playsinline=1&amp;enablejsapi=1\" frameborder=\"0\" allow=\"accelerometer; autoplay; clipboard-write; encrypted-media; gyroscope; picture-in-picture\" allowfullscreen loading=\"lazy\" referrerpolicy=\"strict-origin-when-cross-origin\"><\/iframe><\/div><\/div><\/div><div class=\"col-md-1\"><\/div><\/div><\/div><\/div><\/div><\/div><\/section>\n\n\n\n<section class=\"wp-block-cg-blocks-group undefined section section--article-content\"><div class=\"article-main-content\"><div class=\"container\"><div class=\"row\"><div class=\"col-12 col-md-11 col-lg-10 offset-md-1 offset-lg-1\"><div class=\"article-text article-quote-text\">\n<p>En el panorama relativamente estable de los servicios p\u00fablicos, la IA generativa destaca como catalizador del cambio. Gracias a su facilidad de uso y amplia aplicabilidad, est\u00e1 transformando r\u00e1pidamente la forma en que las personas viven, trabajan y <a href=\"\/co-es\/insights\/biblioteca-de-investigacion\/ia-creativa-y-generativa\/\">consumen informaci\u00f3n<\/a>, y se insta a las organizaciones p\u00fablicas a aprovechar el triple dividendo tecnol\u00f3gico y el potencial de innovaci\u00f3n que ofrece.<\/p>\n\n\n\n<p>En primer lugar, la IA generativa surge como una soluci\u00f3n para que el sector p\u00fablico sea m\u00e1s eficiente, al permitir un procesamiento mucho m\u00e1s r\u00e1pido de datos no estructurados y la producci\u00f3n de contenido y c\u00f3digo. En segundo lugar, gracias a su capacidad para procesar grandes cantidades de texto, im\u00e1genes y audio, puede ayudar a los funcionarios p\u00fablicos a obtener nuevos conocimientos, lo que fomenta una toma de decisiones m\u00e1s inteligente. Y en tercer lugar, al ofrecer chatbots de IA 24\/7 y plataformas de autoservicio avanzadas, por ejemplo, los organismos del sector p\u00fablico pueden optimizar significativamente la experiencia de servicio al ciudadano.<\/p>\n\n\n\n<div style=\"height:30px\" aria-hidden=\"true\" class=\"wp-block-spacer\"><\/div>\n\n\n\n<blockquote class=\"wp-block-quote is-layout-flow wp-block-quote-is-layout-flow\">\n<p>&#8220;La pregunta crucial sobre la IA generativa es c\u00f3mo, como sociedad, podemos asegurarnos de aprovecharla y evitar su uso indebido, de modo que mejore nuestra capacidad para tomar decisiones correctas y fomente un comportamiento \u00e9tico. Si logramos esto, la contribuci\u00f3n potencial de la IA generativa al servicio p\u00fablico y al bien com\u00fan es realmente asombrosa.&#8221;<\/p>\n<cite>Dr. Philipp Fuerst, vicepresidente de gobierno basado en datos y l\u00edder de ofertas, sector p\u00fablico global<\/cite><\/blockquote>\n\n\n\n<div style=\"height:30px\" aria-hidden=\"true\" class=\"wp-block-spacer\"><\/div>\n\n\n\n<p>Sin embargo, la IA generativa plantea desaf\u00edos. Propensos a errores y alucinaciones, los modelos de IA generativa pueden generar resultados inexactos o sesgados, lo cual es inaceptable para los servicios gubernamentales. Por lo tanto, la transparencia y la explicabilidad son esenciales para su adopci\u00f3n en el sector p\u00fablico, garantizando la fiabilidad y la rendici\u00f3n de cuentas.<\/p>\n\n\n\n<p>De hecho, el futuro de la IA generativa reside en encontrar el equilibrio adecuado entre aprovechar los beneficios y mitigar los riesgos. Las aplicaciones reales demuestran el potencial de la IA generativa, pero la \u00e9tica y el cumplimiento normativo deben primar.<\/p>\n\n\n\n<p>Capgemini, como socio de confianza, basado en la experiencia en datos e IA de m\u00e1s de 30.000 consultores de datos e IA en todo el mundo, se posiciona como un socio estrat\u00e9gico para los gobiernos que priorizan los datos. Ayudamos a las organizaciones del sector p\u00fablico a aprovechar el potencial de la IA generativa, garantizando al mismo tiempo la \u00e9tica, la privacidad, la seguridad y la transparencia.<\/p>\n\n\n\n<p>La IA generativa permite a las agencias del sector p\u00fablico cerrar la brecha de innovaci\u00f3n y reimaginar la prestaci\u00f3n de servicios en beneficio de los ciudadanos.<\/p>\n<\/div><\/div><\/div><\/div><\/div><\/section>\n\n\n\n<section class=\"wp-block-cg-blocks-wrapper-partners undefined section section--partners-small\"><div class=\"container\"><div class=\"content-title\"><h2 class=\"partner-heading\">Fogonadura<\/h2><\/div><div class=\"row\">\n<div class=\"col-6 col-md-4 col-lg-2 small\">\n            <a href=\"https:\/\/www.capgemini.com\/co-es\/sobre-nosotros\/partnerships\/microsoft\/\" class=\"partner-box-title\" aria-label=\"Working together to help companies boost business value with cloud-powered solutions.\">\n        <div class=\"partner-box\">\n                                                     <div class=\"partner-box-bottom\">\n                        <img decoding=\"async\" loading=\"lazy\" src=\"https:\/\/www.capgemini.com\/co-es\/wp-content\/uploads\/sites\/25\/2024\/06\/microsoft-1.png?w=350&#038;quality=70\" alt=\"Partners-microsoft\" class=\"partner-box-logo light\">\n\n                                                    <img decoding=\"async\" loading=\"lazy\" src=\"https:\/\/www.capgemini.com\/co-es\/wp-content\/uploads\/sites\/25\/2025\/10\/Partners-microsoft_c8fde0.png?w=350&#038;quality=70\" alt=\"Partners-microsoft\" class=\"partner-box-logo dark\">\n\n                            \n                    <\/div>\n                                                    <\/div>\n            <\/a>\n    <\/div>\n\n\n\n\n<div class=\"col-6 col-md-4 col-lg-2 small\">\n            <a href=\"https:\/\/www.capgemini.com\/co-es\/sobre-nosotros\/partnerships\/amazon-web-services\/\" class=\"partner-box-title\" aria-label=\"Desbloquea el crecimiento sostenible a trav\u00e9s de la innovaci\u00f3n escalable impulsada por la nube.\">\n        <div class=\"partner-box\">\n                                                     <div class=\"partner-box-bottom\">\n                        <img decoding=\"async\" loading=\"lazy\" src=\"https:\/\/www.capgemini.com\/co-es\/wp-content\/uploads\/sites\/25\/2025\/10\/Partners-AWS.png?w=350&#038;quality=70\" alt=\"\" class=\"partner-box-logo light\">\n\n                                                    <img decoding=\"async\" loading=\"lazy\" src=\"https:\/\/www.capgemini.com\/co-es\/wp-content\/uploads\/sites\/25\/2025\/10\/Partners-AWS_44af3d.png?w=350&#038;quality=70\" alt=\"\" class=\"partner-box-logo dark\">\n\n                            \n                    <\/div>\n                                                    <\/div>\n            <\/a>\n    <\/div>\n\n<\/div><\/div><\/section>\n","protected":false},"excerpt":{"rendered":"","protected":false},"author":440,"featured_media":539840,"parent":5720,"menu_order":0,"comment_status":"closed","ping_status":"closed","template":"","meta":{"cg_dt_proposed_to":[],"cg_seo_hreflang_relations":"[]","cg_seo_canonical_relation":"","cg_seo_hreflang_x_default_relation":"{\"uuid\":\"11405680-286c-4735-ae23-3fe616fb6ad0\",\"blogId\":\"\",\"domain\":\"\",\"sitePath\":\"\",\"postLink\":\"\",\"postId\":null,\"isSaved\":true,\"isCrossLink\":false,\"hasCrossLink\":false}","cg_dt_approved_content":true,"cg_dt_mandatory_content":false,"cg_dt_notes":"","cg_dg_source_changed":true,"cg_dt_link_disabled":false,"_yoast_wpseo_primary_brand":"","footnotes":"","featured_focal_points":"","partner_card_description":"","gsap_animation":0},"brand":[],"partner_type":[],"service":[],"industry":[],"partners":[],"page-type":[167],"content-group":[],"class_list":["post-539839","page","type-page","status-publish","has-post-thumbnail","hentry","page-type-solutions"],"yoast_head":"<!-- This site is optimized with the Yoast SEO Premium plugin v22.8 (Yoast SEO v22.8) - https:\/\/yoast.com\/wordpress\/plugins\/seo\/ -->\n<title>IA generativa para el sector p\u00fablico<\/title>\n<meta name=\"robots\" content=\"index, follow, max-snippet:-1, max-image-preview:large, max-video-preview:-1\" \/>\n<link rel=\"canonical\" href=\"https:\/\/www.capgemini.com\/co-es\/solutions\/ia-generativa-para-el-sector-publico\/\" \/>\n<meta property=\"og:locale\" content=\"es_MX\" \/>\n<meta property=\"og:type\" content=\"article\" \/>\n<meta property=\"og:title\" content=\"IA generativa para el sector p\u00fablico\" \/>\n<meta property=\"og:url\" content=\"https:\/\/www.capgemini.com\/co-es\/solutions\/ia-generativa-para-el-sector-publico\/\" \/>\n<meta property=\"og:site_name\" content=\"Capgemini Colombia\" \/>\n<meta property=\"article:modified_time\" content=\"2026-01-12T21:07:22+00:00\" \/>\n<meta property=\"og:image\" content=\"https:\/\/www.capgemini.com\/co-es\/wp-content\/uploads\/sites\/25\/2025\/10\/New-Web-preview-global.jpg\" \/>\n\t<meta property=\"og:image:width\" content=\"1200\" \/>\n\t<meta property=\"og:image:height\" content=\"627\" \/>\n\t<meta property=\"og:image:type\" content=\"image\/jpeg\" \/>\n<meta name=\"twitter:card\" content=\"summary_large_image\" \/>\n<meta name=\"twitter:label1\" content=\"Est. reading time\" \/>\n\t<meta name=\"twitter:data1\" content=\"3 minutes\" \/>\n<script type=\"application\/ld+json\" class=\"yoast-schema-graph\">{\"@context\":\"https:\/\/schema.org\",\"@graph\":[{\"@type\":\"WebPage\",\"@id\":\"https:\/\/www.capgemini.com\/co-es\/solutions\/ia-generativa-para-el-sector-publico\/\",\"url\":\"https:\/\/www.capgemini.com\/co-es\/solutions\/ia-generativa-para-el-sector-publico\/\",\"name\":\"IA generativa para el sector p\u00fablico\",\"isPartOf\":{\"@id\":\"https:\/\/www.capgemini.com\/co-es\/#website\"},\"primaryImageOfPage\":{\"@id\":\"https:\/\/www.capgemini.com\/co-es\/solutions\/ia-generativa-para-el-sector-publico\/#primaryimage\"},\"image\":{\"@id\":\"https:\/\/www.capgemini.com\/co-es\/solutions\/ia-generativa-para-el-sector-publico\/#primaryimage\"},\"thumbnailUrl\":\"https:\/\/www.capgemini.com\/co-es\/wp-content\/uploads\/sites\/25\/2025\/05\/Gen-AI-PS_Web-Banner_db7077.jpg\",\"datePublished\":\"2025-05-26T05:26:26+00:00\",\"dateModified\":\"2026-01-12T21:07:22+00:00\",\"breadcrumb\":{\"@id\":\"https:\/\/www.capgemini.com\/co-es\/solutions\/ia-generativa-para-el-sector-publico\/#breadcrumb\"},\"inLanguage\":\"es-MX\",\"potentialAction\":[{\"@type\":\"ReadAction\",\"target\":[\"https:\/\/www.capgemini.com\/co-es\/solutions\/ia-generativa-para-el-sector-publico\/\"]}]},{\"@type\":\"ImageObject\",\"inLanguage\":\"es-MX\",\"@id\":\"https:\/\/www.capgemini.com\/co-es\/solutions\/ia-generativa-para-el-sector-publico\/#primaryimage\",\"url\":\"https:\/\/www.capgemini.com\/co-es\/wp-content\/uploads\/sites\/25\/2025\/05\/Gen-AI-PS_Web-Banner_db7077.jpg\",\"contentUrl\":\"https:\/\/www.capgemini.com\/co-es\/wp-content\/uploads\/sites\/25\/2025\/05\/Gen-AI-PS_Web-Banner_db7077.jpg\",\"width\":2880,\"height\":1800,\"caption\":\"Curved orange and yellow structures forming a maze-like pattern with warm gradient lighting.\"},{\"@type\":\"BreadcrumbList\",\"@id\":\"https:\/\/www.capgemini.com\/co-es\/solutions\/ia-generativa-para-el-sector-publico\/#breadcrumb\",\"itemListElement\":[{\"@type\":\"ListItem\",\"position\":1,\"name\":\"Home\",\"item\":\"https:\/\/www.capgemini.com\/co-es\/\"},{\"@type\":\"ListItem\",\"position\":2,\"name\":\"Solutions\",\"item\":\"https:\/\/www.capgemini.com\/co-es\/solutions\/\"},{\"@type\":\"ListItem\",\"position\":3,\"name\":\"IA generativa para el sector p\u00fablico\"}]},{\"@type\":\"WebSite\",\"@id\":\"https:\/\/www.capgemini.com\/co-es\/#website\",\"url\":\"https:\/\/www.capgemini.com\/co-es\/\",\"name\":\"Capgemini Colombia\",\"description\":\"Capgemini\",\"potentialAction\":[{\"@type\":\"SearchAction\",\"target\":{\"@type\":\"EntryPoint\",\"urlTemplate\":\"https:\/\/www.capgemini.com\/co-es\/?s={search_term_string}\"},\"query-input\":\"required name=search_term_string\"}],\"inLanguage\":\"es-MX\"}]}<\/script>\n<!-- \/ Yoast SEO Premium plugin. -->","yoast_head_json":{"title":"IA generativa para el sector p\u00fablico","robots":{"index":"index","follow":"follow","max-snippet":"max-snippet:-1","max-image-preview":"max-image-preview:large","max-video-preview":"max-video-preview:-1"},"canonical":"https:\/\/www.capgemini.com\/co-es\/solutions\/ia-generativa-para-el-sector-publico\/","og_locale":"es_MX","og_type":"article","og_title":"IA generativa para el sector p\u00fablico","og_url":"https:\/\/www.capgemini.com\/co-es\/solutions\/ia-generativa-para-el-sector-publico\/","og_site_name":"Capgemini Colombia","article_modified_time":"2026-01-12T21:07:22+00:00","og_image":[{"width":1200,"height":627,"url":"https:\/\/www.capgemini.com\/co-es\/wp-content\/uploads\/sites\/25\/2025\/10\/New-Web-preview-global.jpg","type":"image\/jpeg"}],"twitter_card":"summary_large_image","twitter_misc":{"Est. reading time":"3 minutes"},"schema":{"@context":"https:\/\/schema.org","@graph":[{"@type":"WebPage","@id":"https:\/\/www.capgemini.com\/co-es\/solutions\/ia-generativa-para-el-sector-publico\/","url":"https:\/\/www.capgemini.com\/co-es\/solutions\/ia-generativa-para-el-sector-publico\/","name":"IA generativa para el sector p\u00fablico","isPartOf":{"@id":"https:\/\/www.capgemini.com\/co-es\/#website"},"primaryImageOfPage":{"@id":"https:\/\/www.capgemini.com\/co-es\/solutions\/ia-generativa-para-el-sector-publico\/#primaryimage"},"image":{"@id":"https:\/\/www.capgemini.com\/co-es\/solutions\/ia-generativa-para-el-sector-publico\/#primaryimage"},"thumbnailUrl":"https:\/\/www.capgemini.com\/co-es\/wp-content\/uploads\/sites\/25\/2025\/05\/Gen-AI-PS_Web-Banner_db7077.jpg","datePublished":"2025-05-26T05:26:26+00:00","dateModified":"2026-01-12T21:07:22+00:00","breadcrumb":{"@id":"https:\/\/www.capgemini.com\/co-es\/solutions\/ia-generativa-para-el-sector-publico\/#breadcrumb"},"inLanguage":"es-MX","potentialAction":[{"@type":"ReadAction","target":["https:\/\/www.capgemini.com\/co-es\/solutions\/ia-generativa-para-el-sector-publico\/"]}]},{"@type":"ImageObject","inLanguage":"es-MX","@id":"https:\/\/www.capgemini.com\/co-es\/solutions\/ia-generativa-para-el-sector-publico\/#primaryimage","url":"https:\/\/www.capgemini.com\/co-es\/wp-content\/uploads\/sites\/25\/2025\/05\/Gen-AI-PS_Web-Banner_db7077.jpg","contentUrl":"https:\/\/www.capgemini.com\/co-es\/wp-content\/uploads\/sites\/25\/2025\/05\/Gen-AI-PS_Web-Banner_db7077.jpg","width":2880,"height":1800,"caption":"Curved orange and yellow structures forming a maze-like pattern with warm gradient lighting."},{"@type":"BreadcrumbList","@id":"https:\/\/www.capgemini.com\/co-es\/solutions\/ia-generativa-para-el-sector-publico\/#breadcrumb","itemListElement":[{"@type":"ListItem","position":1,"name":"Home","item":"https:\/\/www.capgemini.com\/co-es\/"},{"@type":"ListItem","position":2,"name":"Solutions","item":"https:\/\/www.capgemini.com\/co-es\/solutions\/"},{"@type":"ListItem","position":3,"name":"IA generativa para el sector p\u00fablico"}]},{"@type":"WebSite","@id":"https:\/\/www.capgemini.com\/co-es\/#website","url":"https:\/\/www.capgemini.com\/co-es\/","name":"Capgemini Colombia","description":"Capgemini","potentialAction":[{"@type":"SearchAction","target":{"@type":"EntryPoint","urlTemplate":"https:\/\/www.capgemini.com\/co-es\/?s={search_term_string}"},"query-input":"required name=search_term_string"}],"inLanguage":"es-MX"}]}},"brand_term":[],"parsely":{"version":"1.1.0","canonical_url":"https:\/\/capgemini.com\/co-es\/solutions\/ia-generativa-para-el-sector-publico\/","smart_links":{"inbound":0,"outbound":0},"traffic_boost_suggestions_count":0,"meta":{"@context":"https:\/\/schema.org","@type":"WebPage","headline":"IA generativa para el sector p\u00fablico","url":"https:\/\/www.capgemini.com\/co-es\/solutions\/ia-generativa-para-el-sector-publico\/","mainEntityOfPage":{"@type":"WebPage","@id":"https:\/\/www.capgemini.com\/co-es\/solutions\/ia-generativa-para-el-sector-publico\/"},"thumbnailUrl":"https:\/\/www.capgemini.com\/co-es\/wp-content\/uploads\/sites\/25\/2025\/05\/Gen-AI-PS_Web-Banner_db7077.jpg?w=150&h=150&crop=1","image":{"@type":"ImageObject","url":"https:\/\/www.capgemini.com\/co-es\/wp-content\/uploads\/sites\/25\/2025\/05\/Gen-AI-PS_Web-Banner_db7077.jpg"},"articleSection":"Uncategorized","author":[],"creator":[],"publisher":{"@type":"Organization","name":"Capgemini Colombia","logo":""},"keywords":[],"dateCreated":"2025-05-26T05:26:26Z","datePublished":"2025-05-26T05:26:26Z","dateModified":"2026-01-12T21:07:22Z"},"rendered":"<meta name=\"parsely-title\" content=\"IA generativa para el sector p\u00fablico\" \/>\n<meta name=\"parsely-link\" content=\"https:\/\/www.capgemini.com\/co-es\/solutions\/ia-generativa-para-el-sector-publico\/\" \/>\n<meta name=\"parsely-type\" content=\"index\" \/>\n<meta name=\"parsely-image-url\" content=\"https:\/\/www.capgemini.com\/co-es\/wp-content\/uploads\/sites\/25\/2025\/05\/Gen-AI-PS_Web-Banner_db7077.jpg?w=150&amp;h=150&amp;crop=1\" \/>\n<meta name=\"parsely-pub-date\" content=\"2025-05-26T05:26:26Z\" \/>\n<meta name=\"parsely-section\" content=\"Uncategorized\" \/>","tracker_url":"https:\/\/cdn.parsely.com\/keys\/capgemini.com\/p.js"},"archive_status":false,"featured_image_src":"https:\/\/www.capgemini.com\/co-es\/wp-content\/uploads\/sites\/25\/2025\/05\/Gen-AI-PS_Web-Banner_db7077.jpg","featured_image_alt":"Curved orange and yellow structures forming a maze-like pattern with warm gradient lighting.","jetpack_sharing_enabled":true,"distributor_meta":false,"distributor_terms":false,"distributor_media":false,"distributor_original_site_name":"Capgemini Colombia","distributor_original_site_url":"https:\/\/www.capgemini.com\/co-es","push-errors":false,"_links":{"self":[{"href":"https:\/\/www.capgemini.com\/co-es\/wp-json\/wp\/v2\/pages\/539839","targetHints":{"allow":["GET"]}}],"collection":[{"href":"https:\/\/www.capgemini.com\/co-es\/wp-json\/wp\/v2\/pages"}],"about":[{"href":"https:\/\/www.capgemini.com\/co-es\/wp-json\/wp\/v2\/types\/page"}],"author":[{"embeddable":true,"href":"https:\/\/www.capgemini.com\/co-es\/wp-json\/wp\/v2\/users\/440"}],"replies":[{"embeddable":true,"href":"https:\/\/www.capgemini.com\/co-es\/wp-json\/wp\/v2\/comments?post=539839"}],"version-history":[{"count":2,"href":"https:\/\/www.capgemini.com\/co-es\/wp-json\/wp\/v2\/pages\/539839\/revisions"}],"predecessor-version":[{"id":547483,"href":"https:\/\/www.capgemini.com\/co-es\/wp-json\/wp\/v2\/pages\/539839\/revisions\/547483"}],"up":[{"embeddable":true,"href":"https:\/\/www.capgemini.com\/co-es\/wp-json\/wp\/v2\/pages\/5720"}],"wp:featuredmedia":[{"embeddable":true,"href":"https:\/\/www.capgemini.com\/co-es\/wp-json\/wp\/v2\/media\/539840"}],"wp:attachment":[{"href":"https:\/\/www.capgemini.com\/co-es\/wp-json\/wp\/v2\/media?parent=539839"}],"wp:term":[{"taxonomy":"brand","embeddable":true,"href":"https:\/\/www.capgemini.com\/co-es\/wp-json\/wp\/v2\/brand?post=539839"},{"taxonomy":"partner_type","embeddable":true,"href":"https:\/\/www.capgemini.com\/co-es\/wp-json\/wp\/v2\/partner_type?post=539839"},{"taxonomy":"service","embeddable":true,"href":"https:\/\/www.capgemini.com\/co-es\/wp-json\/wp\/v2\/service?post=539839"},{"taxonomy":"industry","embeddable":true,"href":"https:\/\/www.capgemini.com\/co-es\/wp-json\/wp\/v2\/industry?post=539839"},{"taxonomy":"partners","embeddable":true,"href":"https:\/\/www.capgemini.com\/co-es\/wp-json\/wp\/v2\/partners?post=539839"},{"taxonomy":"page-type","embeddable":true,"href":"https:\/\/www.capgemini.com\/co-es\/wp-json\/wp\/v2\/page-type?post=539839"},{"taxonomy":"content-group","embeddable":true,"href":"https:\/\/www.capgemini.com\/co-es\/wp-json\/wp\/v2\/content-group?post=539839"}],"curies":[{"name":"wp","href":"https:\/\/api.w.org\/{rel}","templated":true}]}}