{"id":5397,"date":"2022-10-12T09:27:03","date_gmt":"2022-10-12T09:27:03","guid":{"rendered":"https:\/\/www.capgemini.com\/?page_id=666248"},"modified":"2026-04-02T06:13:33","modified_gmt":"2026-04-02T06:13:33","slug":"politicas-ambientales","status":"publish","type":"page","link":"https:\/\/www.capgemini.com\/co-es\/sobre-nosotros\/gestion-y-gobierno\/politicas\/politicas-ambientales\/","title":{"rendered":"Pol\u00edticas ambientales"},"content":{"rendered":"\n<header class=\"wp-block-cg-blocks-hero-reusable is-style-blue-line header heroReusable  \"><div class=\"header-bgs\"><\/div><div class=\"heroPictureCardHeaderShape\"><\/div><div class=\"container\"><div class=\"row\"><div class=\"col-md-12\"><div class=\"box\"><div class=\"boxTagWrapper\"><div class=\"tagInfo\"><div><span class=\"box-tag\">Politicas<\/span><\/div><\/div><\/div><div class=\"box-title\"><h1 data-maxlength=\"34\">Pol\u00edticas ambientales<\/h1><\/div><div class=\"inner-row-insight download-btn\"><\/div><\/div><\/div><\/div><\/div><\/header>\n\n\n\n<section class=\"wp-block-cg-blocks-group undefined section section--article-content\"><div class=\"article-main-content\"><div class=\"container\"><div class=\"grid-container\"><div><div class=\"article-text article-quote-text\">\n<h3 class=\"wp-block-heading\" id=\"h-el-enfoque-de-capgemini-respecto-a-los-negocios-responsables-se-rige-por-las-siguientes-politicas-que-se-actualizan-periodicamente\">El enfoque de Capgemini respecto a los negocios responsables se rige por las siguientes pol\u00edticas que se actualizan peri\u00f3dicamente.<\/h3>\n\n\n\n<div style=\"height:49px\" aria-hidden=\"true\" class=\"wp-block-spacer\"><\/div>\n\n\n\n<p><strong>Pol\u00edtica medioambiental del Grupo Capgemini<\/strong><\/p>\n\n\n\n<p>Reconocemos que nuestras actividades empresariales tienen un impacto en el medio ambiente y nos comprometemos a mejorar continuamente nuestro desempe\u00f1o ambiental, as\u00ed como a colaborar con nuestros clientes para ayudarles a reducir sus impactos ambientales. Esta declaraci\u00f3n de pol\u00edtica se aplica a todas las oficinas y centros de datos gestionados por Capgemini, a todos los empleados y a los proveedores contratados por Capgemini.<\/p>\n\n\n\n<div class=\"wp-block-buttons is-layout-flex wp-block-buttons-is-layout-flex\">\n<div class=\"wp-block-button is-style-outline is-style-outline--1\"><a class=\"wp-block-button__link has-small-font-size has-custom-font-size wp-element-button\" href=\"https:\/\/www.capgemini.com\/wp-content\/uploads\/2026\/04\/Policy-Group-Environmental-Policy-March-2026.pdf\" target=\"_blank\" rel=\"noreferrer noopener\">Descargar<\/a><\/div>\n<\/div>\n\n\n\n<div style=\"height:75px\" aria-hidden=\"true\" class=\"wp-block-spacer\"><\/div>\n\n\n\n<p><strong><strong>Pol\u00edtica energ\u00e9tica del Grupo Capgemini<\/strong><\/strong><\/p>\n\n\n\n<p>Nuestro consumo de energ\u00eda constituye un impacto material de nuestras operaciones, y estamos comprometidos con una gesti\u00f3n energ\u00e9tica responsable y con la mejora continua de nuestro desempe\u00f1o energ\u00e9tico siempre que sea posible.<\/p>\n\n\n\n<p>Esta declaraci\u00f3n de pol\u00edtica se aplica a aquellas sedes de Capgemini en las que la compa\u00f1\u00eda ejerce el control o tiene influencia sobre la gesti\u00f3n energ\u00e9tica.<\/p>\n\n\n\n<div class=\"wp-block-buttons is-layout-flex wp-block-buttons-is-layout-flex\">\n<div class=\"wp-block-button\"><a class=\"wp-block-button__link wp-element-button\" href=\"https:\/\/www.capgemini.com\/wp-content\/uploads\/2026\/04\/Policy-Group-Energy-Policy-March-2026.pdf\">Descargar<\/a><\/div>\n<\/div>\n\n\n\n<div style=\"height:75px\" aria-hidden=\"true\" class=\"wp-block-spacer\"><\/div>\n\n\n\n<p><strong>Certificado ISO 14001 del Grupo Capgemini <\/strong><\/p>\n\n\n\n<p>Este certificado EMS cubre la gesti\u00f3n de los impactos ambientales significativos asociados a las actividades dentro de nuestras instalaciones alquiladas o propias en 31 de nuestros pa\u00edses clave. <\/p>\n\n\n\n<div class=\"wp-block-buttons is-layout-flex wp-block-buttons-is-layout-flex\">\n<div class=\"wp-block-button is-style-outline is-style-outline--2\"><a class=\"wp-block-button__link has-small-font-size has-custom-font-size wp-element-button\" href=\"https:\/\/www.capgemini.com\/wp-content\/uploads\/2025\/03\/EMS-667977-001.pdf\" target=\"_blank\" rel=\"noreferrer noopener\">Descargar<\/a><\/div>\n<\/div>\n\n\n\n<div style=\"height:75px\" aria-hidden=\"true\" class=\"wp-block-spacer\"><\/div>\n\n\n\n<p><strong>Certificado ISO 50001 del Grupo Capgemini<\/strong><\/p>\n\n\n\n<p>Este certificado cubre nuestro sistema de gesti\u00f3n de la energ\u00eda (actualmente aplica a Francia, Pa\u00edses Bajos y Reino Unido). <\/p>\n\n\n\n<div class=\"wp-block-buttons is-layout-flex wp-block-buttons-is-layout-flex\">\n<div class=\"wp-block-button is-style-outline is-style-outline--3\"><a class=\"wp-block-button__link has-small-font-size has-custom-font-size wp-element-button\" href=\"https:\/\/www.capgemini.com\/wp-content\/uploads\/2025\/03\/ENMS-659644-001.pdf\" target=\"_blank\" rel=\"noreferrer noopener\">Descargar<\/a><\/div>\n<\/div>\n\n\n\n<div style=\"height:75px\" aria-hidden=\"true\" class=\"wp-block-spacer\"><\/div>\n\n\n\n<p><strong>Certificado ISO 45001 del Grupo Capgemini<\/strong><\/p>\n\n\n\n<p>Este certificado abarca nuestro Sistema de Gesti\u00f3n de Salud y Seguridad Ocupacional (que actualmente cubre Alemania y los Pa\u00edses Bajos). 5. Grupo Capgemini ISO \u2013 Documento de soporte: lista de edificios controlados.<\/p>\n\n\n\n<div class=\"wp-block-buttons is-layout-flex wp-block-buttons-is-layout-flex\">\n<div class=\"wp-block-button is-style-outline is-style-outline--4\"><a class=\"wp-block-button__link has-small-font-size has-custom-font-size wp-element-button\" href=\"https:\/\/www.capgemini.com\/wp-content\/uploads\/2025\/03\/ISO45001-Certificate.pdf\" target=\"_blank\" rel=\"noreferrer noopener\">Descargar<\/a><\/div>\n<\/div>\n\n\n\n<div style=\"height:75px\" aria-hidden=\"true\" class=\"wp-block-spacer\"><\/div>\n\n\n\n<p><strong>Grupo Capgemini ISO 14001 \u2013 Documento de soporte: lista de edificios controlados<\/strong><\/p>\n\n\n\n<div class=\"wp-block-buttons is-layout-flex wp-block-buttons-is-layout-flex\">\n<div class=\"wp-block-button is-style-outline is-style-outline--5\"><a class=\"wp-block-button__link has-small-font-size has-custom-font-size wp-element-button\" href=\"https:\/\/www.capgemini.com\/wp-content\/uploads\/2023\/04\/14001-EMS-667977-Controlled-List-of-certified-site-addresses.pdf\" target=\"_blank\" rel=\"noreferrer noopener\">Descargar<\/a><\/div>\n<\/div>\n\n\n\n<div style=\"height:43px\" aria-hidden=\"true\" class=\"wp-block-spacer\"><\/div>\n\n\n\n<p><strong>Grupo Capgemini ISO 50001 &#8211; Documento de apoyo, lista de edificios controlados<\/strong><\/p>\n\n\n\n<div class=\"wp-block-buttons is-layout-flex wp-block-buttons-is-layout-flex\">\n<div class=\"wp-block-button is-style-outline is-style-outline--6\"><a class=\"wp-block-button__link has-small-font-size has-custom-font-size wp-element-button\" href=\"https:\/\/www.capgemini.com\/wp-content\/uploads\/2023\/04\/50001-ENMS-659644-Controlled-List-of-certified-site-addresses-.pdf\" target=\"_blank\" rel=\"noreferrer noopener\">Descargar<\/a><\/div>\n<\/div>\n\n\n\n<div style=\"height:36px\" aria-hidden=\"true\" class=\"wp-block-spacer\"><\/div>\n\n\n\n<p><strong>Grupo Capgemini ISO 45001 &#8211; Documento de apoyo, lista de edificios controlados<\/strong><\/p>\n\n\n\n<div class=\"wp-block-buttons is-layout-flex wp-block-buttons-is-layout-flex\">\n<div class=\"wp-block-button is-style-outline is-style-outline--7\"><a class=\"wp-block-button__link has-small-font-size has-custom-font-size wp-element-button\" href=\"https:\/\/www.capgemini.com\/wp-content\/uploads\/2023\/04\/45001-OHS-733295-Controlled-List.pdf\" target=\"_blank\" rel=\"noreferrer noopener\">Descargar<\/a><\/div>\n<\/div>\n<\/div><\/div><\/div><\/div><\/div><\/section>\n","protected":false},"excerpt":{"rendered":"","protected":false},"author":121,"featured_media":0,"parent":5591,"menu_order":5,"comment_status":"closed","ping_status":"closed","template":"","meta":{"cg_dt_proposed_to":[0],"cg_seo_hreflang_relations":"[]","cg_seo_canonical_relation":"","cg_seo_hreflang_x_default_relation":"{\"uuid\":\"d36a7592-d348-4d8d-a473-07d8711fd42e\",\"blogId\":\"\",\"domain\":\"\",\"sitePath\":\"\",\"postLink\":\"\",\"postId\":null,\"isSaved\":true,\"isCrossLink\":false,\"hasCrossLink\":false}","cg_dt_approved_content":false,"cg_dt_mandatory_content":false,"cg_dt_notes":"","cg_dg_source_changed":false,"cg_dt_link_disabled":false,"_yoast_wpseo_primary_brand":"","footnotes":"","featured_focal_points":"","partner_card_description":"","gsap_animation":0},"brand":[],"partner_type":[],"service":[],"industry":[],"partners":[],"page-type":[168],"content-group":[],"class_list":["post-5397","page","type-page","status-publish","hentry","page-type-about-us"],"yoast_head":"<!-- This site is optimized with the Yoast SEO Premium plugin v22.8 (Yoast SEO v22.8) - https:\/\/yoast.com\/wordpress\/plugins\/seo\/ -->\n<title>Pol\u00edticas ambientales | Capgemini<\/title>\n<meta name=\"description\" content=\"El enfoque de Capgemini respecto a los negocios responsables se rige por las siguientes pol\u00edticas ambientales.\" \/>\n<meta name=\"robots\" content=\"index, follow, max-snippet:-1, max-image-preview:large, max-video-preview:-1\" \/>\n<link rel=\"canonical\" href=\"https:\/\/www.capgemini.com\/co-es\/sobre-nosotros\/gestion-y-gobierno\/politicas\/politicas-ambientales\/\" \/>\n<meta property=\"og:locale\" content=\"es_MX\" \/>\n<meta property=\"og:type\" content=\"article\" \/>\n<meta property=\"og:title\" content=\"Pol\u00edticas ambientales\" \/>\n<meta property=\"og:description\" content=\"El enfoque de Capgemini respecto a los negocios responsables se rige por las siguientes pol\u00edticas ambientales.\" \/>\n<meta property=\"og:url\" content=\"https:\/\/www.capgemini.com\/co-es\/sobre-nosotros\/gestion-y-gobierno\/politicas\/politicas-ambientales\/\" \/>\n<meta property=\"og:site_name\" content=\"Capgemini Colombia\" \/>\n<meta property=\"article:modified_time\" content=\"2026-04-02T06:13:33+00:00\" \/>\n<meta property=\"og:image\" content=\"https:\/\/www.capgemini.com\/co-es\/wp-content\/uploads\/sites\/25\/2025\/10\/New-Web-preview-global.jpg\" \/>\n\t<meta property=\"og:image:width\" content=\"1200\" \/>\n\t<meta property=\"og:image:height\" content=\"627\" \/>\n\t<meta property=\"og:image:type\" content=\"image\/jpeg\" \/>\n<meta name=\"twitter:card\" content=\"summary_large_image\" \/>\n<meta name=\"twitter:label1\" content=\"Est. reading time\" \/>\n\t<meta name=\"twitter:data1\" content=\"2 minutes\" \/>\n<script type=\"application\/ld+json\" class=\"yoast-schema-graph\">{\"@context\":\"https:\/\/schema.org\",\"@graph\":[{\"@type\":\"WebPage\",\"@id\":\"https:\/\/www.capgemini.com\/co-es\/sobre-nosotros\/gestion-y-gobierno\/politicas\/politicas-ambientales\/\",\"url\":\"https:\/\/www.capgemini.com\/co-es\/sobre-nosotros\/gestion-y-gobierno\/politicas\/politicas-ambientales\/\",\"name\":\"Pol\u00edticas ambientales | Capgemini\",\"isPartOf\":{\"@id\":\"https:\/\/www.capgemini.com\/co-es\/#website\"},\"datePublished\":\"2022-10-12T09:27:03+00:00\",\"dateModified\":\"2026-04-02T06:13:33+00:00\",\"description\":\"El enfoque de Capgemini respecto a los negocios responsables se rige por las siguientes pol\u00edticas ambientales.\",\"breadcrumb\":{\"@id\":\"https:\/\/www.capgemini.com\/co-es\/sobre-nosotros\/gestion-y-gobierno\/politicas\/politicas-ambientales\/#breadcrumb\"},\"inLanguage\":\"es-MX\",\"potentialAction\":[{\"@type\":\"ReadAction\",\"target\":[\"https:\/\/www.capgemini.com\/co-es\/sobre-nosotros\/gestion-y-gobierno\/politicas\/politicas-ambientales\/\"]}]},{\"@type\":\"BreadcrumbList\",\"@id\":\"https:\/\/www.capgemini.com\/co-es\/sobre-nosotros\/gestion-y-gobierno\/politicas\/politicas-ambientales\/#breadcrumb\",\"itemListElement\":[{\"@type\":\"ListItem\",\"position\":1,\"name\":\"Home\",\"item\":\"https:\/\/www.capgemini.com\/co-es\/\"},{\"@type\":\"ListItem\",\"position\":2,\"name\":\"Sobre nosotros\",\"item\":\"https:\/\/www.capgemini.com\/co-es\/sobre-nosotros\/\"},{\"@type\":\"ListItem\",\"position\":3,\"name\":\"Gesti\u00f3n y gobierno\",\"item\":\"https:\/\/www.capgemini.com\/co-es\/sobre-nosotros\/gestion-y-gobierno\/\"},{\"@type\":\"ListItem\",\"position\":4,\"name\":\"Pol\u00edticas\",\"item\":\"https:\/\/www.capgemini.com\/co-es\/sobre-nosotros\/gestion-y-gobierno\/politicas\/\"},{\"@type\":\"ListItem\",\"position\":5,\"name\":\"Pol\u00edticas ambientales\"}]},{\"@type\":\"WebSite\",\"@id\":\"https:\/\/www.capgemini.com\/co-es\/#website\",\"url\":\"https:\/\/www.capgemini.com\/co-es\/\",\"name\":\"Capgemini Colombia\",\"description\":\"Capgemini\",\"potentialAction\":[{\"@type\":\"SearchAction\",\"target\":{\"@type\":\"EntryPoint\",\"urlTemplate\":\"https:\/\/www.capgemini.com\/co-es\/?s={search_term_string}\"},\"query-input\":\"required name=search_term_string\"}],\"inLanguage\":\"es-MX\"}]}<\/script>\n<!-- \/ Yoast SEO Premium plugin. -->","yoast_head_json":{"title":"Pol\u00edticas ambientales | Capgemini","description":"El enfoque de Capgemini respecto a los negocios responsables se rige por las siguientes pol\u00edticas ambientales.","robots":{"index":"index","follow":"follow","max-snippet":"max-snippet:-1","max-image-preview":"max-image-preview:large","max-video-preview":"max-video-preview:-1"},"canonical":"https:\/\/www.capgemini.com\/co-es\/sobre-nosotros\/gestion-y-gobierno\/politicas\/politicas-ambientales\/","og_locale":"es_MX","og_type":"article","og_title":"Pol\u00edticas ambientales","og_description":"El enfoque de Capgemini respecto a los negocios responsables se rige por las siguientes pol\u00edticas ambientales.","og_url":"https:\/\/www.capgemini.com\/co-es\/sobre-nosotros\/gestion-y-gobierno\/politicas\/politicas-ambientales\/","og_site_name":"Capgemini Colombia","article_modified_time":"2026-04-02T06:13:33+00:00","og_image":[{"width":1200,"height":627,"url":"https:\/\/www.capgemini.com\/co-es\/wp-content\/uploads\/sites\/25\/2025\/10\/New-Web-preview-global.jpg","type":"image\/jpeg"}],"twitter_card":"summary_large_image","twitter_misc":{"Est. reading time":"2 minutes"},"schema":{"@context":"https:\/\/schema.org","@graph":[{"@type":"WebPage","@id":"https:\/\/www.capgemini.com\/co-es\/sobre-nosotros\/gestion-y-gobierno\/politicas\/politicas-ambientales\/","url":"https:\/\/www.capgemini.com\/co-es\/sobre-nosotros\/gestion-y-gobierno\/politicas\/politicas-ambientales\/","name":"Pol\u00edticas ambientales | Capgemini","isPartOf":{"@id":"https:\/\/www.capgemini.com\/co-es\/#website"},"datePublished":"2022-10-12T09:27:03+00:00","dateModified":"2026-04-02T06:13:33+00:00","description":"El enfoque de Capgemini respecto a los negocios responsables se rige por las siguientes pol\u00edticas ambientales.","breadcrumb":{"@id":"https:\/\/www.capgemini.com\/co-es\/sobre-nosotros\/gestion-y-gobierno\/politicas\/politicas-ambientales\/#breadcrumb"},"inLanguage":"es-MX","potentialAction":[{"@type":"ReadAction","target":["https:\/\/www.capgemini.com\/co-es\/sobre-nosotros\/gestion-y-gobierno\/politicas\/politicas-ambientales\/"]}]},{"@type":"BreadcrumbList","@id":"https:\/\/www.capgemini.com\/co-es\/sobre-nosotros\/gestion-y-gobierno\/politicas\/politicas-ambientales\/#breadcrumb","itemListElement":[{"@type":"ListItem","position":1,"name":"Home","item":"https:\/\/www.capgemini.com\/co-es\/"},{"@type":"ListItem","position":2,"name":"Sobre nosotros","item":"https:\/\/www.capgemini.com\/co-es\/sobre-nosotros\/"},{"@type":"ListItem","position":3,"name":"Gesti\u00f3n y gobierno","item":"https:\/\/www.capgemini.com\/co-es\/sobre-nosotros\/gestion-y-gobierno\/"},{"@type":"ListItem","position":4,"name":"Pol\u00edticas","item":"https:\/\/www.capgemini.com\/co-es\/sobre-nosotros\/gestion-y-gobierno\/politicas\/"},{"@type":"ListItem","position":5,"name":"Pol\u00edticas ambientales"}]},{"@type":"WebSite","@id":"https:\/\/www.capgemini.com\/co-es\/#website","url":"https:\/\/www.capgemini.com\/co-es\/","name":"Capgemini Colombia","description":"Capgemini","potentialAction":[{"@type":"SearchAction","target":{"@type":"EntryPoint","urlTemplate":"https:\/\/www.capgemini.com\/co-es\/?s={search_term_string}"},"query-input":"required name=search_term_string"}],"inLanguage":"es-MX"}]}},"brand_term":[],"parsely":{"version":"1.1.0","canonical_url":"https:\/\/capgemini.com\/co-es\/sobre-nosotros\/gestion-y-gobierno\/politicas\/politicas-ambientales\/","smart_links":{"inbound":0,"outbound":0},"traffic_boost_suggestions_count":0,"meta":{"@context":"https:\/\/schema.org","@type":"WebPage","headline":"Pol\u00edticas ambientales","url":"https:\/\/www.capgemini.com\/co-es\/sobre-nosotros\/gestion-y-gobierno\/politicas\/politicas-ambientales\/","mainEntityOfPage":{"@type":"WebPage","@id":"https:\/\/www.capgemini.com\/co-es\/sobre-nosotros\/gestion-y-gobierno\/politicas\/politicas-ambientales\/"},"thumbnailUrl":"","image":{"@type":"ImageObject","url":""},"articleSection":"Uncategorized","author":[],"creator":[],"publisher":{"@type":"Organization","name":"Capgemini Colombia","logo":""},"keywords":[],"dateCreated":"2022-10-12T09:27:03Z","datePublished":"2022-10-12T09:27:03Z","dateModified":"2026-04-02T06:13:33Z"},"rendered":"<meta name=\"parsely-title\" content=\"Pol\u00edticas ambientales\" \/>\n<meta name=\"parsely-link\" content=\"https:\/\/www.capgemini.com\/co-es\/sobre-nosotros\/gestion-y-gobierno\/politicas\/politicas-ambientales\/\" \/>\n<meta name=\"parsely-type\" content=\"index\" \/>\n<meta name=\"parsely-pub-date\" content=\"2022-10-12T09:27:03Z\" \/>\n<meta name=\"parsely-section\" content=\"Uncategorized\" \/>","tracker_url":"https:\/\/cdn.parsely.com\/keys\/capgemini.com\/p.js"},"archive_status":false,"featured_image_src":"https:\/\/www.capgemini.com\/co-es\/wp-content\/themes\/capgemini2025\/assets\/images\/mockup.png","featured_image_alt":false,"jetpack_sharing_enabled":true,"distributor_meta":false,"distributor_terms":false,"distributor_media":false,"distributor_original_site_name":"Capgemini Colombia","distributor_original_site_url":"https:\/\/www.capgemini.com\/co-es","push-errors":false,"_links":{"self":[{"href":"https:\/\/www.capgemini.com\/co-es\/wp-json\/wp\/v2\/pages\/5397","targetHints":{"allow":["GET"]}}],"collection":[{"href":"https:\/\/www.capgemini.com\/co-es\/wp-json\/wp\/v2\/pages"}],"about":[{"href":"https:\/\/www.capgemini.com\/co-es\/wp-json\/wp\/v2\/types\/page"}],"author":[{"embeddable":true,"href":"https:\/\/www.capgemini.com\/co-es\/wp-json\/wp\/v2\/users\/121"}],"replies":[{"embeddable":true,"href":"https:\/\/www.capgemini.com\/co-es\/wp-json\/wp\/v2\/comments?post=5397"}],"version-history":[{"count":16,"href":"https:\/\/www.capgemini.com\/co-es\/wp-json\/wp\/v2\/pages\/5397\/revisions"}],"predecessor-version":[{"id":550507,"href":"https:\/\/www.capgemini.com\/co-es\/wp-json\/wp\/v2\/pages\/5397\/revisions\/550507"}],"up":[{"embeddable":true,"href":"https:\/\/www.capgemini.com\/co-es\/wp-json\/wp\/v2\/pages\/5591"}],"wp:attachment":[{"href":"https:\/\/www.capgemini.com\/co-es\/wp-json\/wp\/v2\/media?parent=5397"}],"wp:term":[{"taxonomy":"brand","embeddable":true,"href":"https:\/\/www.capgemini.com\/co-es\/wp-json\/wp\/v2\/brand?post=5397"},{"taxonomy":"partner_type","embeddable":true,"href":"https:\/\/www.capgemini.com\/co-es\/wp-json\/wp\/v2\/partner_type?post=5397"},{"taxonomy":"service","embeddable":true,"href":"https:\/\/www.capgemini.com\/co-es\/wp-json\/wp\/v2\/service?post=5397"},{"taxonomy":"industry","embeddable":true,"href":"https:\/\/www.capgemini.com\/co-es\/wp-json\/wp\/v2\/industry?post=5397"},{"taxonomy":"partners","embeddable":true,"href":"https:\/\/www.capgemini.com\/co-es\/wp-json\/wp\/v2\/partners?post=5397"},{"taxonomy":"page-type","embeddable":true,"href":"https:\/\/www.capgemini.com\/co-es\/wp-json\/wp\/v2\/page-type?post=5397"},{"taxonomy":"content-group","embeddable":true,"href":"https:\/\/www.capgemini.com\/co-es\/wp-json\/wp\/v2\/content-group?post=5397"}],"curies":[{"name":"wp","href":"https:\/\/api.w.org\/{rel}","templated":true}]}}