{"id":539190,"date":"2025-04-15T01:09:01","date_gmt":"2025-04-15T01:09:01","guid":{"rendered":"https:\/\/www.capgemini.com\/co-es\/?page_id=539190&#038;preview_id=539190"},"modified":"2026-01-09T06:50:18","modified_gmt":"2026-01-09T06:50:18","slug":"acelere-el-viaje-de-la-ia-con-la-migracion-del-catalogo-de-unidades-de-databricks","status":"publish","type":"page","link":"https:\/\/www.capgemini.com\/co-es\/solutions\/acelere-el-viaje-de-la-ia-con-la-migracion-del-catalogo-de-unidades-de-databricks\/","title":{"rendered":"Acelere el viaje de la IA con la migraci\u00f3n del cat\u00e1logo de unidades de Databricks"},"content":{"rendered":"\n<header class=\"wp-block-cg-blocks-hero-reusable header heroReusable  \"><div class=\"header-bgs\"><picture><source srcset=\"https:\/\/www.capgemini.com\/wp-content\/uploads\/2022\/10\/DataEstateModernization-bg-v2.jpg?w=2880&amp;quality=70 1x, https:\/\/www.capgemini.com\/wp-content\/uploads\/2022\/10\/DataEstateModernization-bg-v2.jpg?w=2880&amp;quality=70 2x\" media=\"(min-width: 1500px)\"\/><source srcset=\"https:\/\/www.capgemini.com\/wp-content\/uploads\/2022\/10\/DataEstateModernization-bg-v2.jpg?w=1440&amp;quality=70 1x, https:\/\/www.capgemini.com\/wp-content\/uploads\/2022\/10\/DataEstateModernization-bg-v2.jpg?w=2880&amp;quality=70 2x\" media=\"(min-width: 992px)\"\/><source srcset=\"https:\/\/www.capgemini.com\/wp-content\/uploads\/2022\/10\/DataEstateModernization-bg-v2.jpg?w=1024&amp;quality=70 1x, https:\/\/www.capgemini.com\/wp-content\/uploads\/2022\/10\/DataEstateModernization-bg-v2.jpg?w=1024&amp;quality=70 2x\" media=\"(min-width: 768px)\"\/><source srcset=\"https:\/\/www.capgemini.com\/wp-content\/uploads\/2022\/10\/DataEstateModernization-bg-v2.jpg?w=768&amp;quality=70 1x, https:\/\/www.capgemini.com\/wp-content\/uploads\/2022\/10\/DataEstateModernization-bg-v2.jpg?w=768&amp;quality=70 2x\" media=\"(min-width: 0)\"\/><img decoding=\"async\" src=\"https:\/\/www.capgemini.com\/wp-content\/uploads\/2022\/10\/DataEstateModernization-bg-v2.jpg\" class=\"header-img header-img-d\" alt=\"\" style=\"object-fit:cover;object-position:51% 38%\" loading=\"eager\"\/><\/picture><\/div><div class=\"heroPictureCardHeaderShape\"><\/div><div class=\"container\"><div class=\"row\"><div class=\"col-md-12\"><div class=\"box\"><div class=\"boxTagWrapper\"><div class=\"tagInfo\"><div><span class=\"box-tag\">Solution<\/span><\/div><\/div><\/div><div class=\"box-title\"><h1 data-maxlength=\"34\">Acelere el viaje de la IA con la migraci\u00f3n del cat\u00e1logo de unidades de Databricks<\/h1><\/div><div class=\"inner-row-insight download-btn\"><div class=\"col-md-4 downloadFiles addPadding\"><a class=\"button-download--small\" type=\"download\" href=\"https:\/\/www.capgemini.com\/wp-content\/uploads\/2025\/04\/Unity-Catalog-Databricks.pdf\" target=\"_blank\" rel=\"noopener noreferrer\" title=\"abrir en una nueva ventana\"><span>Descargar el cat\u00e1logo<\/span><span class=\"type\">1 MB  pdf<\/span><\/a><\/div><\/div><\/div><\/div><\/div><\/div><\/header>\n\n\n\n<section class=\"wp-block-cg-blocks-group undefined section section--article-content\"><div class=\"article-main-content\"><div class=\"container\"><div class=\"row\"><div class=\"col-12 col-md-1\"><nav class=\"article-social\"><ul class=\"social-nav\"><li class=\"ip-order-fb\"><a href=\"https:\/\/www.facebook.com\/sharer\/sharer.php?u=https:\/\/www.capgemini.com\/?page_id=1116117\" target=\"_blank\" rel=\"noopener noreferrer\" title=\"abrir en una nueva ventana\"><i aria-hidden=\"true\" class=\"icon-fb\"><\/i><span class=\"sr-only\">Facebook<\/span><\/a><\/li><li class=\"ip-order-li\"><a href=\"https:\/\/www.linkedin.com\/shareArticle?url=https:\/\/www.capgemini.com\/?page_id=1116117\" target=\"_blank\" rel=\"noopener noreferrer\" title=\"abrir en una nueva ventana\"><i aria-hidden=\"true\" class=\"icon-li\"><\/i><span class=\"sr-only\">Linkedin<\/span><\/a><\/li><\/ul><\/nav><\/div><div class=\"col-12 col-md-11 col-lg-10\"><div class=\"article-text article-quote-text\">\n<h4 class=\"wp-block-heading\" id=\"h-la-solucion-de-migracion-unity-catalog-esta-disenada-para-agilizar-y-acelerar-su-viaje-de-gobernanza-de-datos-e-ia-esta-solucion-avanzada-utiliza-databricks-unity-catalog-uc-para-establecer-un-marco-de-gobierno-cohesivo-para-los-datos-y-la-ia-en-la-plataforma-databricks\">La soluci\u00f3n de migraci\u00f3n Unity Catalog est\u00e1 dise\u00f1ada para agilizar y acelerar su viaje de gobernanza de datos e IA. Esta soluci\u00f3n avanzada utiliza Databricks Unity Catalog (UC) para establecer un marco de gobierno cohesivo para los datos y la IA en la plataforma Databricks.<\/h4>\n\n\n\n<p>\u00bfQu\u00e9 es unity catalog? Unity Catalog es una soluci\u00f3n integral de gobernanza que simplifica la gesti\u00f3n de datos y mejora la seguridad de sus datos y activos de IA. Garantiza una gobernanza de datos y un cumplimiento de normativas coherentes, lo que facilita la gesti\u00f3n y la seguridad de los datos.<\/p>\n\n\n\n<p>\u00bfQu\u00e9 es la migraci\u00f3n UC? La migraci\u00f3n UC consiste en la transici\u00f3n de objetos Databricks de Hive Metastore a unity catalog. Esta migraci\u00f3n se ejecuta mediante un proceso de cuatro pasos: planificar, preparar, ejecutar y validar.<\/p>\n\n\n\n<p>\u00bfPor qu\u00e9 elegir UCX y UC-MX? UCX (acelerador de Databricks) y UC-MX (acelerador de Capgemini) son componentes clave de esta soluci\u00f3n de migraci\u00f3n. Permiten una salida al mercado m\u00e1s r\u00e1pida y ofrecen un enfoque escalable basado en metadatos que reduce los esfuerzos de migraci\u00f3n en aproximadamente un 30 %.<\/p>\n\n\n\n<p>Las principales ventajas son:<\/p>\n\n\n\n<ul class=\"wp-block-list\">\n<li>Reducci\u00f3n del esfuerzo: Facilita la migraci\u00f3n paralela de flujos de trabajo sin intervenciones manuales, reduciendo los esfuerzos en m\u00e1s de un 25%.<\/li>\n\n\n\n<li>Reversiones sencillas: Registra el estado de la migraci\u00f3n y realiza copias de seguridad de los trabajos existentes para realizar reversiones sin problemas.<\/li>\n\n\n\n<li>Flexibilidad: Ofrece una flexibilidad inigualable al permitir a\u00f1adir f\u00e1cilmente nuevas configuraciones.<\/li>\n\n\n\n<li>Compatibilidad: Funciona a la perfecci\u00f3n tanto con cuadernos basados en Python como en SQL.<\/li>\n<\/ul>\n\n\n\n<p>Explora el futuro de la gobernanza de los datos y la IA con Databricks.<\/p>\n\n\n\n<div class=\"wp-block-buttons is-layout-flex wp-block-buttons-is-layout-flex\">\n<div class=\"wp-block-button is-style-outline is-style-outline--1\"><a class=\"wp-block-button__link wp-element-button\" href=\"https:\/\/www.capgemini.com\/wp-content\/uploads\/2025\/04\/Unity-Catalog-Databricks.pdf\" target=\"_blank\" rel=\"noreferrer noopener\">Descargar el cat\u00e1logo<\/a><\/div>\n<\/div>\n<\/div><\/div><\/div><\/div><\/div><\/section>\n","protected":false},"excerpt":{"rendered":"<p>Databricks se complace en presentar la soluci\u00f3n Unity Catalog Migration, dise\u00f1ada para agilizar y acelerar su viaje de gobierno de datos e IA. Esta innovadora soluci\u00f3n aprovecha la potencia de Databricks Unity Catalog (UC) para proporcionar un marco de gobierno unificado para los datos y la IA en la plataforma Databricks.<\/p>\n","protected":false},"author":189,"featured_media":539191,"parent":5720,"menu_order":0,"comment_status":"closed","ping_status":"closed","template":"","meta":{"cg_dt_proposed_to":[],"cg_seo_hreflang_relations":"[]","cg_seo_canonical_relation":"","cg_seo_hreflang_x_default_relation":"","cg_dt_approved_content":true,"cg_dt_mandatory_content":false,"cg_dt_notes":"","cg_dg_source_changed":false,"cg_dt_link_disabled":false,"_yoast_wpseo_primary_brand":"","footnotes":"","featured_focal_points":"","partner_card_description":"","gsap_animation":0},"brand":[],"partner_type":[],"service":[162],"industry":[],"partners":[],"page-type":[167],"content-group":[],"class_list":["post-539190","page","type-page","status-publish","has-post-thumbnail","hentry","service-data-ai","page-type-solutions"],"yoast_head":"<!-- This site is optimized with the Yoast SEO Premium plugin v22.8 (Yoast SEO v22.8) - https:\/\/yoast.com\/wordpress\/plugins\/seo\/ -->\n<title>Acelere el viaje de la IA con la migraci\u00f3n del cat\u00e1logo de unidades de Databricks<\/title>\n<meta name=\"robots\" content=\"index, follow, max-snippet:-1, max-image-preview:large, max-video-preview:-1\" \/>\n<link rel=\"canonical\" href=\"https:\/\/www.capgemini.com\/co-es\/solutions\/acelere-el-viaje-de-la-ia-con-la-migracion-del-catalogo-de-unidades-de-databricks\/\" \/>\n<meta property=\"og:locale\" content=\"es_MX\" \/>\n<meta property=\"og:type\" content=\"article\" \/>\n<meta property=\"og:title\" content=\"Acelere el viaje de la IA con la migraci\u00f3n del cat\u00e1logo de unidades de Databricks\" \/>\n<meta property=\"og:description\" content=\"Databricks se complace en presentar la soluci\u00f3n Unity Catalog Migration, dise\u00f1ada para agilizar y acelerar su viaje de gobierno de datos e IA. Esta innovadora soluci\u00f3n aprovecha la potencia de Databricks Unity Catalog (UC) para proporcionar un marco de gobierno unificado para los datos y la IA en la plataforma Databricks.\" \/>\n<meta property=\"og:url\" content=\"https:\/\/www.capgemini.com\/co-es\/solutions\/acelere-el-viaje-de-la-ia-con-la-migracion-del-catalogo-de-unidades-de-databricks\/\" \/>\n<meta property=\"og:site_name\" content=\"Capgemini Colombia\" \/>\n<meta property=\"article:modified_time\" content=\"2026-01-09T06:50:18+00:00\" \/>\n<meta property=\"og:image\" content=\"https:\/\/www.capgemini.com\/co-es\/wp-content\/uploads\/sites\/25\/2025\/04\/DataEstateModernization-bg-v2.jpg\" \/>\n\t<meta property=\"og:image:width\" content=\"2880\" \/>\n\t<meta property=\"og:image:height\" content=\"1800\" \/>\n\t<meta property=\"og:image:type\" content=\"image\/jpeg\" \/>\n<meta name=\"twitter:card\" content=\"summary_large_image\" \/>\n<meta name=\"twitter:label1\" content=\"Est. reading time\" \/>\n\t<meta name=\"twitter:data1\" content=\"2 minutes\" \/>\n<script type=\"application\/ld+json\" class=\"yoast-schema-graph\">{\"@context\":\"https:\/\/schema.org\",\"@graph\":[{\"@type\":\"WebPage\",\"@id\":\"https:\/\/www.capgemini.com\/co-es\/solutions\/acelere-el-viaje-de-la-ia-con-la-migracion-del-catalogo-de-unidades-de-databricks\/\",\"url\":\"https:\/\/www.capgemini.com\/co-es\/solutions\/acelere-el-viaje-de-la-ia-con-la-migracion-del-catalogo-de-unidades-de-databricks\/\",\"name\":\"Acelere el viaje de la IA con la migraci\u00f3n del cat\u00e1logo de unidades de Databricks\",\"isPartOf\":{\"@id\":\"https:\/\/www.capgemini.com\/co-es\/#website\"},\"primaryImageOfPage\":{\"@id\":\"https:\/\/www.capgemini.com\/co-es\/solutions\/acelere-el-viaje-de-la-ia-con-la-migracion-del-catalogo-de-unidades-de-databricks\/#primaryimage\"},\"image\":{\"@id\":\"https:\/\/www.capgemini.com\/co-es\/solutions\/acelere-el-viaje-de-la-ia-con-la-migracion-del-catalogo-de-unidades-de-databricks\/#primaryimage\"},\"thumbnailUrl\":\"https:\/\/www.capgemini.com\/co-es\/wp-content\/uploads\/sites\/25\/2025\/04\/DataEstateModernization-bg-v2.jpg\",\"datePublished\":\"2025-04-15T01:09:01+00:00\",\"dateModified\":\"2026-01-09T06:50:18+00:00\",\"breadcrumb\":{\"@id\":\"https:\/\/www.capgemini.com\/co-es\/solutions\/acelere-el-viaje-de-la-ia-con-la-migracion-del-catalogo-de-unidades-de-databricks\/#breadcrumb\"},\"inLanguage\":\"es-MX\",\"potentialAction\":[{\"@type\":\"ReadAction\",\"target\":[\"https:\/\/www.capgemini.com\/co-es\/solutions\/acelere-el-viaje-de-la-ia-con-la-migracion-del-catalogo-de-unidades-de-databricks\/\"]}]},{\"@type\":\"ImageObject\",\"inLanguage\":\"es-MX\",\"@id\":\"https:\/\/www.capgemini.com\/co-es\/solutions\/acelere-el-viaje-de-la-ia-con-la-migracion-del-catalogo-de-unidades-de-databricks\/#primaryimage\",\"url\":\"https:\/\/www.capgemini.com\/co-es\/wp-content\/uploads\/sites\/25\/2025\/04\/DataEstateModernization-bg-v2.jpg\",\"contentUrl\":\"https:\/\/www.capgemini.com\/co-es\/wp-content\/uploads\/sites\/25\/2025\/04\/DataEstateModernization-bg-v2.jpg\",\"width\":2880,\"height\":1800},{\"@type\":\"BreadcrumbList\",\"@id\":\"https:\/\/www.capgemini.com\/co-es\/solutions\/acelere-el-viaje-de-la-ia-con-la-migracion-del-catalogo-de-unidades-de-databricks\/#breadcrumb\",\"itemListElement\":[{\"@type\":\"ListItem\",\"position\":1,\"name\":\"Home\",\"item\":\"https:\/\/www.capgemini.com\/co-es\/\"},{\"@type\":\"ListItem\",\"position\":2,\"name\":\"Solutions\",\"item\":\"https:\/\/www.capgemini.com\/co-es\/solutions\/\"},{\"@type\":\"ListItem\",\"position\":3,\"name\":\"Acelere el viaje de la IA con la migraci\u00f3n del cat\u00e1logo de unidades de Databricks\"}]},{\"@type\":\"WebSite\",\"@id\":\"https:\/\/www.capgemini.com\/co-es\/#website\",\"url\":\"https:\/\/www.capgemini.com\/co-es\/\",\"name\":\"Capgemini Colombia\",\"description\":\"Capgemini\",\"potentialAction\":[{\"@type\":\"SearchAction\",\"target\":{\"@type\":\"EntryPoint\",\"urlTemplate\":\"https:\/\/www.capgemini.com\/co-es\/?s={search_term_string}\"},\"query-input\":\"required name=search_term_string\"}],\"inLanguage\":\"es-MX\"}]}<\/script>\n<!-- \/ Yoast SEO Premium plugin. -->","yoast_head_json":{"title":"Acelere el viaje de la IA con la migraci\u00f3n del cat\u00e1logo de unidades de Databricks","robots":{"index":"index","follow":"follow","max-snippet":"max-snippet:-1","max-image-preview":"max-image-preview:large","max-video-preview":"max-video-preview:-1"},"canonical":"https:\/\/www.capgemini.com\/co-es\/solutions\/acelere-el-viaje-de-la-ia-con-la-migracion-del-catalogo-de-unidades-de-databricks\/","og_locale":"es_MX","og_type":"article","og_title":"Acelere el viaje de la IA con la migraci\u00f3n del cat\u00e1logo de unidades de Databricks","og_description":"Databricks se complace en presentar la soluci\u00f3n Unity Catalog Migration, dise\u00f1ada para agilizar y acelerar su viaje de gobierno de datos e IA. Esta innovadora soluci\u00f3n aprovecha la potencia de Databricks Unity Catalog (UC) para proporcionar un marco de gobierno unificado para los datos y la IA en la plataforma Databricks.","og_url":"https:\/\/www.capgemini.com\/co-es\/solutions\/acelere-el-viaje-de-la-ia-con-la-migracion-del-catalogo-de-unidades-de-databricks\/","og_site_name":"Capgemini Colombia","article_modified_time":"2026-01-09T06:50:18+00:00","og_image":[{"width":2880,"height":1800,"url":"https:\/\/www.capgemini.com\/co-es\/wp-content\/uploads\/sites\/25\/2025\/04\/DataEstateModernization-bg-v2.jpg","type":"image\/jpeg"}],"twitter_card":"summary_large_image","twitter_misc":{"Est. reading time":"2 minutes"},"schema":{"@context":"https:\/\/schema.org","@graph":[{"@type":"WebPage","@id":"https:\/\/www.capgemini.com\/co-es\/solutions\/acelere-el-viaje-de-la-ia-con-la-migracion-del-catalogo-de-unidades-de-databricks\/","url":"https:\/\/www.capgemini.com\/co-es\/solutions\/acelere-el-viaje-de-la-ia-con-la-migracion-del-catalogo-de-unidades-de-databricks\/","name":"Acelere el viaje de la IA con la migraci\u00f3n del cat\u00e1logo de unidades de Databricks","isPartOf":{"@id":"https:\/\/www.capgemini.com\/co-es\/#website"},"primaryImageOfPage":{"@id":"https:\/\/www.capgemini.com\/co-es\/solutions\/acelere-el-viaje-de-la-ia-con-la-migracion-del-catalogo-de-unidades-de-databricks\/#primaryimage"},"image":{"@id":"https:\/\/www.capgemini.com\/co-es\/solutions\/acelere-el-viaje-de-la-ia-con-la-migracion-del-catalogo-de-unidades-de-databricks\/#primaryimage"},"thumbnailUrl":"https:\/\/www.capgemini.com\/co-es\/wp-content\/uploads\/sites\/25\/2025\/04\/DataEstateModernization-bg-v2.jpg","datePublished":"2025-04-15T01:09:01+00:00","dateModified":"2026-01-09T06:50:18+00:00","breadcrumb":{"@id":"https:\/\/www.capgemini.com\/co-es\/solutions\/acelere-el-viaje-de-la-ia-con-la-migracion-del-catalogo-de-unidades-de-databricks\/#breadcrumb"},"inLanguage":"es-MX","potentialAction":[{"@type":"ReadAction","target":["https:\/\/www.capgemini.com\/co-es\/solutions\/acelere-el-viaje-de-la-ia-con-la-migracion-del-catalogo-de-unidades-de-databricks\/"]}]},{"@type":"ImageObject","inLanguage":"es-MX","@id":"https:\/\/www.capgemini.com\/co-es\/solutions\/acelere-el-viaje-de-la-ia-con-la-migracion-del-catalogo-de-unidades-de-databricks\/#primaryimage","url":"https:\/\/www.capgemini.com\/co-es\/wp-content\/uploads\/sites\/25\/2025\/04\/DataEstateModernization-bg-v2.jpg","contentUrl":"https:\/\/www.capgemini.com\/co-es\/wp-content\/uploads\/sites\/25\/2025\/04\/DataEstateModernization-bg-v2.jpg","width":2880,"height":1800},{"@type":"BreadcrumbList","@id":"https:\/\/www.capgemini.com\/co-es\/solutions\/acelere-el-viaje-de-la-ia-con-la-migracion-del-catalogo-de-unidades-de-databricks\/#breadcrumb","itemListElement":[{"@type":"ListItem","position":1,"name":"Home","item":"https:\/\/www.capgemini.com\/co-es\/"},{"@type":"ListItem","position":2,"name":"Solutions","item":"https:\/\/www.capgemini.com\/co-es\/solutions\/"},{"@type":"ListItem","position":3,"name":"Acelere el viaje de la IA con la migraci\u00f3n del cat\u00e1logo de unidades de Databricks"}]},{"@type":"WebSite","@id":"https:\/\/www.capgemini.com\/co-es\/#website","url":"https:\/\/www.capgemini.com\/co-es\/","name":"Capgemini Colombia","description":"Capgemini","potentialAction":[{"@type":"SearchAction","target":{"@type":"EntryPoint","urlTemplate":"https:\/\/www.capgemini.com\/co-es\/?s={search_term_string}"},"query-input":"required name=search_term_string"}],"inLanguage":"es-MX"}]}},"brand_term":[],"parsely":{"version":"1.1.0","canonical_url":"https:\/\/capgemini.com\/co-es\/solutions\/acelere-el-viaje-de-la-ia-con-la-migracion-del-catalogo-de-unidades-de-databricks\/","smart_links":{"inbound":0,"outbound":0},"traffic_boost_suggestions_count":0,"meta":{"@context":"https:\/\/schema.org","@type":"WebPage","headline":"Acelere el viaje de la IA con la migraci\u00f3n del cat\u00e1logo de unidades de Databricks","url":"https:\/\/www.capgemini.com\/co-es\/solutions\/acelere-el-viaje-de-la-ia-con-la-migracion-del-catalogo-de-unidades-de-databricks\/","mainEntityOfPage":{"@type":"WebPage","@id":"https:\/\/www.capgemini.com\/co-es\/solutions\/acelere-el-viaje-de-la-ia-con-la-migracion-del-catalogo-de-unidades-de-databricks\/"},"thumbnailUrl":"https:\/\/www.capgemini.com\/co-es\/wp-content\/uploads\/sites\/25\/2025\/04\/DataEstateModernization-bg-v2.jpg?w=150&h=150&crop=1","image":{"@type":"ImageObject","url":"https:\/\/www.capgemini.com\/co-es\/wp-content\/uploads\/sites\/25\/2025\/04\/DataEstateModernization-bg-v2.jpg"},"articleSection":"Uncategorized","author":[],"creator":[],"publisher":{"@type":"Organization","name":"Capgemini Colombia","logo":""},"keywords":[],"dateCreated":"2025-04-15T01:09:01Z","datePublished":"2025-04-15T01:09:01Z","dateModified":"2026-01-09T06:50:18Z"},"rendered":"<meta name=\"parsely-title\" content=\"Acelere el viaje de la IA con la migraci\u00f3n del cat\u00e1logo de unidades de Databricks\" \/>\n<meta name=\"parsely-link\" content=\"https:\/\/www.capgemini.com\/co-es\/solutions\/acelere-el-viaje-de-la-ia-con-la-migracion-del-catalogo-de-unidades-de-databricks\/\" \/>\n<meta name=\"parsely-type\" content=\"index\" \/>\n<meta name=\"parsely-image-url\" content=\"https:\/\/www.capgemini.com\/co-es\/wp-content\/uploads\/sites\/25\/2025\/04\/DataEstateModernization-bg-v2.jpg?w=150&amp;h=150&amp;crop=1\" \/>\n<meta name=\"parsely-pub-date\" content=\"2025-04-15T01:09:01Z\" \/>\n<meta name=\"parsely-section\" content=\"Uncategorized\" \/>","tracker_url":"https:\/\/cdn.parsely.com\/keys\/capgemini.com\/p.js"},"archive_status":false,"featured_image_src":"https:\/\/www.capgemini.com\/co-es\/wp-content\/uploads\/sites\/25\/2025\/04\/DataEstateModernization-bg-v2.jpg","featured_image_alt":"","jetpack_sharing_enabled":true,"distributor_meta":false,"distributor_terms":false,"distributor_media":false,"distributor_original_site_name":"Capgemini Colombia","distributor_original_site_url":"https:\/\/www.capgemini.com\/co-es","push-errors":false,"_links":{"self":[{"href":"https:\/\/www.capgemini.com\/co-es\/wp-json\/wp\/v2\/pages\/539190","targetHints":{"allow":["GET"]}}],"collection":[{"href":"https:\/\/www.capgemini.com\/co-es\/wp-json\/wp\/v2\/pages"}],"about":[{"href":"https:\/\/www.capgemini.com\/co-es\/wp-json\/wp\/v2\/types\/page"}],"author":[{"embeddable":true,"href":"https:\/\/www.capgemini.com\/co-es\/wp-json\/wp\/v2\/users\/189"}],"replies":[{"embeddable":true,"href":"https:\/\/www.capgemini.com\/co-es\/wp-json\/wp\/v2\/comments?post=539190"}],"version-history":[{"count":1,"href":"https:\/\/www.capgemini.com\/co-es\/wp-json\/wp\/v2\/pages\/539190\/revisions"}],"predecessor-version":[{"id":539192,"href":"https:\/\/www.capgemini.com\/co-es\/wp-json\/wp\/v2\/pages\/539190\/revisions\/539192"}],"up":[{"embeddable":true,"href":"https:\/\/www.capgemini.com\/co-es\/wp-json\/wp\/v2\/pages\/5720"}],"wp:featuredmedia":[{"embeddable":true,"href":"https:\/\/www.capgemini.com\/co-es\/wp-json\/wp\/v2\/media\/539191"}],"wp:attachment":[{"href":"https:\/\/www.capgemini.com\/co-es\/wp-json\/wp\/v2\/media?parent=539190"}],"wp:term":[{"taxonomy":"brand","embeddable":true,"href":"https:\/\/www.capgemini.com\/co-es\/wp-json\/wp\/v2\/brand?post=539190"},{"taxonomy":"partner_type","embeddable":true,"href":"https:\/\/www.capgemini.com\/co-es\/wp-json\/wp\/v2\/partner_type?post=539190"},{"taxonomy":"service","embeddable":true,"href":"https:\/\/www.capgemini.com\/co-es\/wp-json\/wp\/v2\/service?post=539190"},{"taxonomy":"industry","embeddable":true,"href":"https:\/\/www.capgemini.com\/co-es\/wp-json\/wp\/v2\/industry?post=539190"},{"taxonomy":"partners","embeddable":true,"href":"https:\/\/www.capgemini.com\/co-es\/wp-json\/wp\/v2\/partners?post=539190"},{"taxonomy":"page-type","embeddable":true,"href":"https:\/\/www.capgemini.com\/co-es\/wp-json\/wp\/v2\/page-type?post=539190"},{"taxonomy":"content-group","embeddable":true,"href":"https:\/\/www.capgemini.com\/co-es\/wp-json\/wp\/v2\/content-group?post=539190"}],"curies":[{"name":"wp","href":"https:\/\/api.w.org\/{rel}","templated":true}]}}