{"id":5388,"date":"2022-03-30T12:24:05","date_gmt":"2022-03-30T12:24:05","guid":{"rendered":"https:\/\/www.capgemini.com\/?page_id=667016"},"modified":"2025-04-01T18:37:09","modified_gmt":"2025-04-01T18:37:09","slug":"ciberseguridad-en-la-automocion","status":"publish","type":"page","link":"https:\/\/www.capgemini.com\/co-es\/solutions\/ciberseguridad-en-la-automocion\/","title":{"rendered":"Ciberseguridad en la automoci\u00f3n"},"content":{"rendered":"\n<header class=\"wp-block-cg-blocks-hero-reusable header heroReusable  \"><div class=\"header-bgs\"><picture><source srcset=\"https:\/\/www.capgemini.com\/wp-content\/uploads\/2022\/04\/Capgemini_Security-in-the-auto-industry-e1649428454121.jpg?w=2880&amp;quality=70 1x, https:\/\/www.capgemini.com\/wp-content\/uploads\/2022\/04\/Capgemini_Security-in-the-auto-industry-e1649428454121.jpg?w=2880&amp;quality=70 2x\" media=\"(min-width: 1500px)\"\/><source srcset=\"https:\/\/www.capgemini.com\/wp-content\/uploads\/2022\/04\/Capgemini_Security-in-the-auto-industry-e1649428454121.jpg?w=1440&amp;quality=70 1x, https:\/\/www.capgemini.com\/wp-content\/uploads\/2022\/04\/Capgemini_Security-in-the-auto-industry-e1649428454121.jpg?w=2880&amp;quality=70 2x\" media=\"(min-width: 992px)\"\/><source srcset=\"https:\/\/www.capgemini.com\/wp-content\/uploads\/2022\/04\/Capgemini_Security-in-the-auto-industry-e1649428454121.jpg?w=1024&amp;quality=70 1x, https:\/\/www.capgemini.com\/wp-content\/uploads\/2022\/04\/Capgemini_Security-in-the-auto-industry-e1649428454121.jpg?w=1024&amp;quality=70 2x\" media=\"(min-width: 768px)\"\/><source srcset=\"https:\/\/www.capgemini.com\/wp-content\/uploads\/2022\/04\/Capgemini_Security-in-the-auto-industry-e1649428454121.jpg?w=768&amp;quality=70 1x, https:\/\/www.capgemini.com\/wp-content\/uploads\/2022\/04\/Capgemini_Security-in-the-auto-industry-e1649428454121.jpg?w=768&amp;quality=70 2x\" media=\"(min-width: 0)\"\/><img decoding=\"async\" src=\"https:\/\/www.capgemini.com\/wp-content\/uploads\/2022\/04\/Capgemini_Security-in-the-auto-industry-e1649428454121.jpg\" class=\"header-img header-img-d\" alt=\"\" style=\"object-fit:cover;object-position:50% 50%\" loading=\"eager\"\/><\/picture><\/div><div class=\"heroPictureCardHeaderShape\"><\/div><div class=\"container\"><div class=\"row\"><div class=\"col-md-12\"><div class=\"box\"><div class=\"boxTagWrapper\"><div class=\"tagInfo\"><div><span class=\"box-tag\">Soluci\u00f3n<\/span><\/div><\/div><\/div><div class=\"box-title\"><h1 data-maxlength=\"34\">Ciberseguridad en la automoci\u00f3n<\/h1><\/div><div class=\"inner-row-insight download-btn\"><\/div><\/div><\/div><\/div><\/div><\/header>\n\n\n\n<section class=\"wp-block-cg-blocks-intro-para undefined section section--intro\"><div class=\"intro-para\"><div class=\"container\"><div class=\"row\"><div class=\"col-12 col-md-1\"><nav class=\"article-social\"><ul class=\"social-nav\"><li class=\"ip-order-fb\"><a href=\"https:\/\/www.facebook.com\/sharer\/sharer.php?u=https:\/\/www.capgemini.com\/co-es\/solutions\/ciberseguridad-en-la-automocion\/\" target=\"_blank\" rel=\"noopener noreferrer\" title=\"abrir en una nueva ventana\"><i aria-hidden=\"true\" class=\"icon-fb\"><\/i><span class=\"sr-only\">Facebook<\/span><\/a><\/li><li class=\"ip-order-li\"><a href=\"https:\/\/www.linkedin.com\/sharing\/share-offsite\/?url=https:\/\/www.capgemini.com\/co-es\/solutions\/ciberseguridad-en-la-automocion\/\" target=\"_blank\" rel=\"noopener noreferrer\" title=\"abrir en una nueva ventana\"><i aria-hidden=\"true\" class=\"icon-li\"><\/i><span class=\"sr-only\">Linkedin<\/span><\/a><\/li><\/ul><\/nav><\/div><div class=\"col-12 col-md-11 col-lg-10\"><h2 class=\"intro-para-title\">La seguridad en el sector de la automoci\u00f3n plantea varios retos en torno al veh\u00edculo conectado, as\u00ed como en las plantas de fabricaci\u00f3n y en los sistemas inform\u00e1ticos de la empresa.<\/h2><p class=\"intro-para-content\">Estos retos aparecen en cada etapa del ciclo de vida planificaci\u00f3n-construcci\u00f3n-ejecuci\u00f3n. Hay que cubrir todas las bases para prevenir, detectar y responder a posibles amenazas a la seguridad.<\/p><\/div><\/div><\/div><\/div><\/section>\n\n\n\n<section class=\"wp-block-cg-blocks-group undefined section section--article-content\"><div class=\"article-main-content\"><div class=\"container\"><div class=\"row\"><div class=\"col-12 col-md-11 col-lg-10 offset-md-1 offset-lg-1\"><div class=\"article-text article-quote-text\">\n<h2 class=\"wp-block-heading\" id=\"h-enfoque-end-to-end-con-servicios-integrales\"><strong>Enfoque end-to-end con servicios integrales<\/strong><\/h2>\n\n\n\n<p>Nuestros servicios de soporte a la seguridad end-to-end se basan en el paradigma de la defensa en profundidad. Durante la planificaci\u00f3n y la construcci\u00f3n, nuestras ofertas incluyen la estrategia, la evaluaci\u00f3n y la implementaci\u00f3n. Abordan las tres \u00e1reas del veh\u00edculo conectado, la fabricaci\u00f3n y la TI empresarial. Nuestro objetivo es incorporar medidas proactivas desde el principio, de modo que la seguridad sea una parte integral del producto final.<\/p>\n\n\n\n<p>Por muy exhaustiva que sea la fase de planificaci\u00f3n y construcci\u00f3n, es inevitable que se detecten algunos problemas de seguridad. Por lo tanto, nuestro objetivo es ayudarte a reaccionar con eficacia, con respuestas predefinidas a cualquier tipo de ataque. El Centro de Operaciones de Seguridad (SOC \u2013 Security Operations Center) es la clave de nuestras ofertas para la fase de ejecuci\u00f3n. Act\u00faa como control de la misi\u00f3n y busca comportamientos an\u00f3malos en cualquier aspecto de la operaci\u00f3n.<\/p>\n\n\n\n<p><\/p>\n\n\n\n<h2 class=\"wp-block-heading\" id=\"h-por-que-trabajar-con-capgemini-en-materia-de-ciberseguridad-para-la-automocion\"><strong>\u00bfPor qu\u00e9 trabajar con Capgemini en materia de ciberseguridad para la automoci\u00f3n?<\/strong><\/h2>\n\n\n\n<ul class=\"wp-block-list\">\n<li>Nuestro equipo de ciberseguridad combina sus conocimientos en materia de seguridad con una profunda experiencia en el sector de la automoci\u00f3n y la fabricaci\u00f3n.<\/li>\n\n\n\n<li>Tenemos una gran experiencia en la seguridad de los sistemas inform\u00e1ticos. Llevamos muchos a\u00f1os trabajando en este \u00e1mbito con algunas de las organizaciones m\u00e1s preocupadas por la seguridad en sectores como los servicios financieros, la administraci\u00f3n p\u00fablica, la energ\u00eda nuclear y la aviaci\u00f3n.<\/li>\n\n\n\n<li>Operamos quince SOC en todo el mundo y tenemos la experiencia en ciencia de datos para ayudar a los clientes a garantizar que puedan identificar los incidentes y responder r\u00e1pida y adecuadamente.<\/li>\n<\/ul>\n\n\n\n<h2 class=\"wp-block-heading\" id=\"h-la-ciberseguridad-ha-cobrado-importancia-por-varias-razones\">La ciberseguridad ha cobrado importancia por varias razones<\/h2>\n\n\n\n<ul class=\"wp-block-list\">\n<li>Los veh\u00edculos en circulaci\u00f3n son vulnerables al hacking, tanto en el propio coche como a trav\u00e9s de los sistemas inform\u00e1ticos a los que se conectan. Los hackeos en los coches han atra\u00eddo la atenci\u00f3n de los medios de comunicaci\u00f3n. Los OEM son conscientes de la necesidad de asegurar los veh\u00edculos y de tranquilizar a los clientes que temen que los coches sean f\u00e1cilmente hackeados.<\/li>\n\n\n\n<li>No es s\u00f3lo la seguridad del propio veh\u00edculo lo que est\u00e1 llamando la atenci\u00f3n. La seguridad de las plantas de fabricaci\u00f3n tambi\u00e9n es una preocupaci\u00f3n creciente, siendo las dos principales amenazas la integridad del veh\u00edculo y la disponibilidad de las l\u00edneas de producci\u00f3n.<\/li>\n<\/ul>\n<\/div><\/div><\/div><\/div><\/div><\/section>\n","protected":false},"excerpt":{"rendered":"","protected":false},"author":151,"featured_media":5389,"parent":5720,"menu_order":0,"comment_status":"closed","ping_status":"closed","template":"","meta":{"cg_dt_proposed_to":[0],"cg_seo_hreflang_relations":"[]","cg_seo_canonical_relation":"","cg_seo_hreflang_x_default_relation":"{\"uuid\":\"bbbb461d-c87f-49e6-83af-4bfc380ce031\",\"blogId\":\"\",\"domain\":\"\",\"sitePath\":\"\",\"postLink\":\"\",\"postId\":null,\"isSaved\":false,\"isCrossLink\":false,\"hasCrossLink\":false}","cg_dt_approved_content":false,"cg_dt_mandatory_content":false,"cg_dt_notes":"","cg_dg_source_changed":false,"cg_dt_link_disabled":false,"_yoast_wpseo_primary_brand":"","footnotes":"","featured_focal_points":"","partner_card_description":"","gsap_animation":0},"brand":[],"partner_type":[],"service":[],"industry":[],"partners":[],"page-type":[],"content-group":[],"class_list":["post-5388","page","type-page","status-publish","has-post-thumbnail","hentry"],"yoast_head":"<!-- This site is optimized with the Yoast SEO Premium plugin v22.8 (Yoast SEO v22.8) - https:\/\/yoast.com\/wordpress\/plugins\/seo\/ -->\n<title>Ciberseguridad en la automoci\u00f3n - Capgemini Colombia<\/title>\n<meta name=\"description\" content=\"Enfoque integral y soluciones para garantizar la ciberseguridad en el sector de la automoci\u00f3n.\" \/>\n<meta name=\"robots\" content=\"index, follow, max-snippet:-1, max-image-preview:large, max-video-preview:-1\" \/>\n<link rel=\"canonical\" href=\"https:\/\/www.capgemini.com\/co-es\/solutions\/ciberseguridad-en-la-automocion\/\" \/>\n<meta property=\"og:locale\" content=\"es_MX\" \/>\n<meta property=\"og:type\" content=\"article\" \/>\n<meta property=\"og:title\" content=\"Ciberseguridad en la automoci\u00f3n\" \/>\n<meta property=\"og:description\" content=\"Enfoque integral y soluciones para garantizar la ciberseguridad en el sector de la automoci\u00f3n.\" \/>\n<meta property=\"og:url\" content=\"https:\/\/www.capgemini.com\/co-es\/solutions\/ciberseguridad-en-la-automocion\/\" \/>\n<meta property=\"og:site_name\" content=\"Capgemini Colombia\" \/>\n<meta property=\"article:modified_time\" content=\"2025-04-01T18:37:09+00:00\" \/>\n<meta property=\"og:image\" content=\"https:\/\/www.capgemini.com\/co-es\/wp-content\/uploads\/sites\/25\/2022\/03\/Capgemini_Security-in-the-auto-industry-e1649428454121.jpg\" \/>\n\t<meta property=\"og:image:width\" content=\"2880\" \/>\n\t<meta property=\"og:image:height\" content=\"1800\" \/>\n\t<meta property=\"og:image:type\" content=\"image\/jpeg\" \/>\n<meta name=\"twitter:card\" content=\"summary_large_image\" \/>\n<meta name=\"twitter:label1\" content=\"Est. reading time\" \/>\n\t<meta name=\"twitter:data1\" content=\"1 minute\" \/>\n<script type=\"application\/ld+json\" class=\"yoast-schema-graph\">{\"@context\":\"https:\/\/schema.org\",\"@graph\":[{\"@type\":\"WebPage\",\"@id\":\"https:\/\/www.capgemini.com\/co-es\/solutions\/ciberseguridad-en-la-automocion\/\",\"url\":\"https:\/\/www.capgemini.com\/co-es\/solutions\/ciberseguridad-en-la-automocion\/\",\"name\":\"Ciberseguridad en la automoci\u00f3n - Capgemini Colombia\",\"isPartOf\":{\"@id\":\"https:\/\/www.capgemini.com\/co-es\/#website\"},\"primaryImageOfPage\":{\"@id\":\"https:\/\/www.capgemini.com\/co-es\/solutions\/ciberseguridad-en-la-automocion\/#primaryimage\"},\"image\":{\"@id\":\"https:\/\/www.capgemini.com\/co-es\/solutions\/ciberseguridad-en-la-automocion\/#primaryimage\"},\"thumbnailUrl\":\"https:\/\/www.capgemini.com\/co-es\/wp-content\/uploads\/sites\/25\/2022\/03\/Capgemini_Security-in-the-auto-industry-e1649428454121.jpg\",\"datePublished\":\"2022-03-30T12:24:05+00:00\",\"dateModified\":\"2025-04-01T18:37:09+00:00\",\"description\":\"Enfoque integral y soluciones para garantizar la ciberseguridad en el sector de la automoci\u00f3n.\",\"breadcrumb\":{\"@id\":\"https:\/\/www.capgemini.com\/co-es\/solutions\/ciberseguridad-en-la-automocion\/#breadcrumb\"},\"inLanguage\":\"es-MX\",\"potentialAction\":[{\"@type\":\"ReadAction\",\"target\":[\"https:\/\/www.capgemini.com\/co-es\/solutions\/ciberseguridad-en-la-automocion\/\"]}]},{\"@type\":\"ImageObject\",\"inLanguage\":\"es-MX\",\"@id\":\"https:\/\/www.capgemini.com\/co-es\/solutions\/ciberseguridad-en-la-automocion\/#primaryimage\",\"url\":\"https:\/\/www.capgemini.com\/co-es\/wp-content\/uploads\/sites\/25\/2022\/03\/Capgemini_Security-in-the-auto-industry-e1649428454121.jpg\",\"contentUrl\":\"https:\/\/www.capgemini.com\/co-es\/wp-content\/uploads\/sites\/25\/2022\/03\/Capgemini_Security-in-the-auto-industry-e1649428454121.jpg\",\"width\":2880,\"height\":1800},{\"@type\":\"BreadcrumbList\",\"@id\":\"https:\/\/www.capgemini.com\/co-es\/solutions\/ciberseguridad-en-la-automocion\/#breadcrumb\",\"itemListElement\":[{\"@type\":\"ListItem\",\"position\":1,\"name\":\"Home\",\"item\":\"https:\/\/www.capgemini.com\/co-es\/\"},{\"@type\":\"ListItem\",\"position\":2,\"name\":\"Solutions\",\"item\":\"https:\/\/www.capgemini.com\/co-es\/solutions\/\"},{\"@type\":\"ListItem\",\"position\":3,\"name\":\"Ciberseguridad en la automoci\u00f3n\"}]},{\"@type\":\"WebSite\",\"@id\":\"https:\/\/www.capgemini.com\/co-es\/#website\",\"url\":\"https:\/\/www.capgemini.com\/co-es\/\",\"name\":\"Capgemini Colombia\",\"description\":\"Capgemini\",\"potentialAction\":[{\"@type\":\"SearchAction\",\"target\":{\"@type\":\"EntryPoint\",\"urlTemplate\":\"https:\/\/www.capgemini.com\/co-es\/?s={search_term_string}\"},\"query-input\":\"required name=search_term_string\"}],\"inLanguage\":\"es-MX\"}]}<\/script>\n<!-- \/ Yoast SEO Premium plugin. -->","yoast_head_json":{"title":"Ciberseguridad en la automoci\u00f3n - Capgemini Colombia","description":"Enfoque integral y soluciones para garantizar la ciberseguridad en el sector de la automoci\u00f3n.","robots":{"index":"index","follow":"follow","max-snippet":"max-snippet:-1","max-image-preview":"max-image-preview:large","max-video-preview":"max-video-preview:-1"},"canonical":"https:\/\/www.capgemini.com\/co-es\/solutions\/ciberseguridad-en-la-automocion\/","og_locale":"es_MX","og_type":"article","og_title":"Ciberseguridad en la automoci\u00f3n","og_description":"Enfoque integral y soluciones para garantizar la ciberseguridad en el sector de la automoci\u00f3n.","og_url":"https:\/\/www.capgemini.com\/co-es\/solutions\/ciberseguridad-en-la-automocion\/","og_site_name":"Capgemini Colombia","article_modified_time":"2025-04-01T18:37:09+00:00","og_image":[{"width":2880,"height":1800,"url":"https:\/\/www.capgemini.com\/co-es\/wp-content\/uploads\/sites\/25\/2022\/03\/Capgemini_Security-in-the-auto-industry-e1649428454121.jpg","type":"image\/jpeg"}],"twitter_card":"summary_large_image","twitter_misc":{"Est. reading time":"1 minute"},"schema":{"@context":"https:\/\/schema.org","@graph":[{"@type":"WebPage","@id":"https:\/\/www.capgemini.com\/co-es\/solutions\/ciberseguridad-en-la-automocion\/","url":"https:\/\/www.capgemini.com\/co-es\/solutions\/ciberseguridad-en-la-automocion\/","name":"Ciberseguridad en la automoci\u00f3n - Capgemini Colombia","isPartOf":{"@id":"https:\/\/www.capgemini.com\/co-es\/#website"},"primaryImageOfPage":{"@id":"https:\/\/www.capgemini.com\/co-es\/solutions\/ciberseguridad-en-la-automocion\/#primaryimage"},"image":{"@id":"https:\/\/www.capgemini.com\/co-es\/solutions\/ciberseguridad-en-la-automocion\/#primaryimage"},"thumbnailUrl":"https:\/\/www.capgemini.com\/co-es\/wp-content\/uploads\/sites\/25\/2022\/03\/Capgemini_Security-in-the-auto-industry-e1649428454121.jpg","datePublished":"2022-03-30T12:24:05+00:00","dateModified":"2025-04-01T18:37:09+00:00","description":"Enfoque integral y soluciones para garantizar la ciberseguridad en el sector de la automoci\u00f3n.","breadcrumb":{"@id":"https:\/\/www.capgemini.com\/co-es\/solutions\/ciberseguridad-en-la-automocion\/#breadcrumb"},"inLanguage":"es-MX","potentialAction":[{"@type":"ReadAction","target":["https:\/\/www.capgemini.com\/co-es\/solutions\/ciberseguridad-en-la-automocion\/"]}]},{"@type":"ImageObject","inLanguage":"es-MX","@id":"https:\/\/www.capgemini.com\/co-es\/solutions\/ciberseguridad-en-la-automocion\/#primaryimage","url":"https:\/\/www.capgemini.com\/co-es\/wp-content\/uploads\/sites\/25\/2022\/03\/Capgemini_Security-in-the-auto-industry-e1649428454121.jpg","contentUrl":"https:\/\/www.capgemini.com\/co-es\/wp-content\/uploads\/sites\/25\/2022\/03\/Capgemini_Security-in-the-auto-industry-e1649428454121.jpg","width":2880,"height":1800},{"@type":"BreadcrumbList","@id":"https:\/\/www.capgemini.com\/co-es\/solutions\/ciberseguridad-en-la-automocion\/#breadcrumb","itemListElement":[{"@type":"ListItem","position":1,"name":"Home","item":"https:\/\/www.capgemini.com\/co-es\/"},{"@type":"ListItem","position":2,"name":"Solutions","item":"https:\/\/www.capgemini.com\/co-es\/solutions\/"},{"@type":"ListItem","position":3,"name":"Ciberseguridad en la automoci\u00f3n"}]},{"@type":"WebSite","@id":"https:\/\/www.capgemini.com\/co-es\/#website","url":"https:\/\/www.capgemini.com\/co-es\/","name":"Capgemini Colombia","description":"Capgemini","potentialAction":[{"@type":"SearchAction","target":{"@type":"EntryPoint","urlTemplate":"https:\/\/www.capgemini.com\/co-es\/?s={search_term_string}"},"query-input":"required name=search_term_string"}],"inLanguage":"es-MX"}]}},"brand_term":[],"parsely":{"version":"1.1.0","canonical_url":"https:\/\/capgemini.com\/co-es\/solutions\/ciberseguridad-en-la-automocion\/","smart_links":{"inbound":0,"outbound":0},"traffic_boost_suggestions_count":0,"meta":{"@context":"https:\/\/schema.org","@type":"WebPage","headline":"Ciberseguridad en la automoci\u00f3n","url":"https:\/\/www.capgemini.com\/co-es\/solutions\/ciberseguridad-en-la-automocion\/","mainEntityOfPage":{"@type":"WebPage","@id":"https:\/\/www.capgemini.com\/co-es\/solutions\/ciberseguridad-en-la-automocion\/"},"thumbnailUrl":"https:\/\/www.capgemini.com\/co-es\/wp-content\/uploads\/sites\/25\/2022\/03\/Capgemini_Security-in-the-auto-industry-e1649428454121.jpg?w=150&h=150&crop=1","image":{"@type":"ImageObject","url":"https:\/\/www.capgemini.com\/co-es\/wp-content\/uploads\/sites\/25\/2022\/03\/Capgemini_Security-in-the-auto-industry-e1649428454121.jpg"},"articleSection":"Uncategorized","author":[],"creator":[],"publisher":{"@type":"Organization","name":"Capgemini Colombia","logo":""},"keywords":[],"dateCreated":"2022-03-30T12:24:05Z","datePublished":"2022-03-30T12:24:05Z","dateModified":"2025-04-01T18:37:09Z"},"rendered":"<meta name=\"parsely-title\" content=\"Ciberseguridad en la automoci\u00f3n\" \/>\n<meta name=\"parsely-link\" content=\"https:\/\/www.capgemini.com\/co-es\/solutions\/ciberseguridad-en-la-automocion\/\" \/>\n<meta name=\"parsely-type\" content=\"index\" \/>\n<meta name=\"parsely-image-url\" content=\"https:\/\/www.capgemini.com\/co-es\/wp-content\/uploads\/sites\/25\/2022\/03\/Capgemini_Security-in-the-auto-industry-e1649428454121.jpg?w=150&amp;h=150&amp;crop=1\" \/>\n<meta name=\"parsely-pub-date\" content=\"2022-03-30T12:24:05Z\" \/>\n<meta name=\"parsely-section\" content=\"Uncategorized\" \/>","tracker_url":"https:\/\/cdn.parsely.com\/keys\/capgemini.com\/p.js"},"archive_status":false,"featured_image_src":"https:\/\/www.capgemini.com\/co-es\/wp-content\/uploads\/sites\/25\/2022\/03\/Capgemini_Security-in-the-auto-industry-e1649428454121.jpg","featured_image_alt":"","jetpack_sharing_enabled":true,"distributor_meta":false,"distributor_terms":false,"distributor_media":false,"distributor_original_site_name":"Capgemini Colombia","distributor_original_site_url":"https:\/\/www.capgemini.com\/co-es","push-errors":false,"_links":{"self":[{"href":"https:\/\/www.capgemini.com\/co-es\/wp-json\/wp\/v2\/pages\/5388","targetHints":{"allow":["GET"]}}],"collection":[{"href":"https:\/\/www.capgemini.com\/co-es\/wp-json\/wp\/v2\/pages"}],"about":[{"href":"https:\/\/www.capgemini.com\/co-es\/wp-json\/wp\/v2\/types\/page"}],"author":[{"embeddable":true,"href":"https:\/\/www.capgemini.com\/co-es\/wp-json\/wp\/v2\/users\/151"}],"replies":[{"embeddable":true,"href":"https:\/\/www.capgemini.com\/co-es\/wp-json\/wp\/v2\/comments?post=5388"}],"version-history":[{"count":6,"href":"https:\/\/www.capgemini.com\/co-es\/wp-json\/wp\/v2\/pages\/5388\/revisions"}],"predecessor-version":[{"id":536910,"href":"https:\/\/www.capgemini.com\/co-es\/wp-json\/wp\/v2\/pages\/5388\/revisions\/536910"}],"up":[{"embeddable":true,"href":"https:\/\/www.capgemini.com\/co-es\/wp-json\/wp\/v2\/pages\/5720"}],"wp:featuredmedia":[{"embeddable":true,"href":"https:\/\/www.capgemini.com\/co-es\/wp-json\/wp\/v2\/media\/5389"}],"wp:attachment":[{"href":"https:\/\/www.capgemini.com\/co-es\/wp-json\/wp\/v2\/media?parent=5388"}],"wp:term":[{"taxonomy":"brand","embeddable":true,"href":"https:\/\/www.capgemini.com\/co-es\/wp-json\/wp\/v2\/brand?post=5388"},{"taxonomy":"partner_type","embeddable":true,"href":"https:\/\/www.capgemini.com\/co-es\/wp-json\/wp\/v2\/partner_type?post=5388"},{"taxonomy":"service","embeddable":true,"href":"https:\/\/www.capgemini.com\/co-es\/wp-json\/wp\/v2\/service?post=5388"},{"taxonomy":"industry","embeddable":true,"href":"https:\/\/www.capgemini.com\/co-es\/wp-json\/wp\/v2\/industry?post=5388"},{"taxonomy":"partners","embeddable":true,"href":"https:\/\/www.capgemini.com\/co-es\/wp-json\/wp\/v2\/partners?post=5388"},{"taxonomy":"page-type","embeddable":true,"href":"https:\/\/www.capgemini.com\/co-es\/wp-json\/wp\/v2\/page-type?post=5388"},{"taxonomy":"content-group","embeddable":true,"href":"https:\/\/www.capgemini.com\/co-es\/wp-json\/wp\/v2\/content-group?post=5388"}],"curies":[{"name":"wp","href":"https:\/\/api.w.org\/{rel}","templated":true}]}}