{"id":5380,"date":"2022-04-01T06:43:53","date_gmt":"2022-04-01T06:43:53","guid":{"rendered":"https:\/\/www.capgemini.com\/?page_id=667949"},"modified":"2025-04-01T18:36:09","modified_gmt":"2025-04-01T18:36:09","slug":"seguridad-cloud","status":"publish","type":"page","link":"https:\/\/www.capgemini.com\/co-es\/solutions\/seguridad-cloud\/","title":{"rendered":"Seguridad cloud"},"content":{"rendered":"\n<header class=\"wp-block-cg-blocks-hero-reusable header heroReusable  \"><div class=\"header-bgs\"><picture><source srcset=\"https:\/\/www.capgemini.com\/wp-content\/uploads\/2022\/04\/Capgemini_Solutions_Cloud-Security.jpg?w=2880&amp;quality=70 1x, https:\/\/www.capgemini.com\/wp-content\/uploads\/2022\/04\/Capgemini_Solutions_Cloud-Security.jpg?w=2880&amp;quality=70 2x\" media=\"(min-width: 1500px)\"\/><source srcset=\"https:\/\/www.capgemini.com\/wp-content\/uploads\/2022\/04\/Capgemini_Solutions_Cloud-Security.jpg?w=1440&amp;quality=70 1x, https:\/\/www.capgemini.com\/wp-content\/uploads\/2022\/04\/Capgemini_Solutions_Cloud-Security.jpg?w=2880&amp;quality=70 2x\" media=\"(min-width: 992px)\"\/><source srcset=\"https:\/\/www.capgemini.com\/wp-content\/uploads\/2022\/04\/Capgemini_Solutions_Cloud-Security.jpg?w=1024&amp;quality=70 1x, https:\/\/www.capgemini.com\/wp-content\/uploads\/2022\/04\/Capgemini_Solutions_Cloud-Security.jpg?w=1024&amp;quality=70 2x\" media=\"(min-width: 768px)\"\/><source srcset=\"https:\/\/www.capgemini.com\/wp-content\/uploads\/2022\/04\/Capgemini_Solutions_Cloud-Security.jpg?w=768&amp;quality=70 1x, https:\/\/www.capgemini.com\/wp-content\/uploads\/2022\/04\/Capgemini_Solutions_Cloud-Security.jpg?w=768&amp;quality=70 2x\" media=\"(min-width: 0)\"\/><img decoding=\"async\" src=\"https:\/\/www.capgemini.com\/wp-content\/uploads\/2022\/04\/Capgemini_Solutions_Cloud-Security.jpg\" class=\"header-img header-img-d\" alt=\"\" style=\"object-fit:cover;object-position:70% 26%\" loading=\"eager\"\/><\/picture><\/div><div class=\"heroPictureCardHeaderShape\"><\/div><div class=\"container\"><div class=\"row\"><div class=\"col-md-12\"><div class=\"box\"><div class=\"boxTagWrapper\"><div class=\"tagInfo\"><div><span class=\"box-tag\">Solution<\/span><\/div><\/div><\/div><div class=\"box-title\"><h1 data-maxlength=\"34\">Seguridad cloud<\/h1><\/div><div class=\"inner-row-insight download-btn\"><\/div><\/div><\/div><\/div><\/div><\/header>\n\n\n\n<section class=\"wp-block-cg-blocks-intro-para undefined section section--intro\"><div class=\"intro-para\"><div class=\"container\"><div class=\"row\"><div class=\"col-12 col-md-1\"><nav class=\"article-social\"><ul class=\"social-nav\"><li class=\"ip-order-fb\"><a href=\"https:\/\/www.facebook.com\/sharer\/sharer.php?u=https:\/\/www.capgemini.com\/co-es\/solutions\/seguridad-cloud\/\" target=\"_blank\" rel=\"noopener noreferrer\" title=\"abrir en una nueva ventana\"><i aria-hidden=\"true\" class=\"icon-fb\"><\/i><span class=\"sr-only\">Facebook<\/span><\/a><\/li><li class=\"ip-order-li\"><a href=\"https:\/\/www.linkedin.com\/sharing\/share-offsite\/?url=https:\/\/www.capgemini.com\/co-es\/solutions\/seguridad-cloud\/\" target=\"_blank\" rel=\"noopener noreferrer\" title=\"abrir en una nueva ventana\"><i aria-hidden=\"true\" class=\"icon-li\"><\/i><span class=\"sr-only\">Linkedin<\/span><\/a><\/li><\/ul><\/nav><\/div><div class=\"col-12 col-md-11 col-lg-10\"><h2 class=\"intro-para-title\">Los enfoques y servicios de ciberseguridad pragm\u00e1ticos pueden ayudarte en tu evoluci\u00f3n continua en la nube.<\/h2><\/div><\/div><\/div><\/div><\/section>\n\n\n\n<section class=\"wp-block-cg-blocks-group undefined section section--article-content\"><div class=\"article-main-content\"><div class=\"container\"><div class=\"row\"><div class=\"col-12 col-md-11 col-lg-10 offset-md-1 offset-lg-1\"><div class=\"article-text article-quote-text\">\n<h3 class=\"wp-block-heading\" id=\"h-tienes-la-imagen-completa\"><strong>\u00bfTienes la imagen completa?<\/strong><\/h3>\n\n\n\n<p>M\u00faltiples soluciones en la nube, entornos h\u00edbridos y la complejidad del ecosistema indican que muy pocas organizaciones tienen idea completa de su estado de seguridad en la nube. Las organizaciones luchan por abordar los desaf\u00edos de seguridad relacionados con el control de identidad y acceso, la monitorizaci\u00f3n y la respuesta a amenazas, la fuga de datos, la gobernanza, la escasez de habilidades de seguridad y la adopci\u00f3n de TI en la sombra.<\/p>\n\n\n\n<h2 class=\"wp-block-heading\" id=\"h-\"><\/h2>\n\n\n\n<h3 class=\"wp-block-heading\"><strong>Protege tu viaje en la nube de extremo a extremo<\/strong><\/h3>\n\n\n\n<p>Capgemini te ayuda a responder a estas inquietudes de seguridad con una cartera completa de servicios de seguridad administrados de asesoramiento, independientes y de extremo a extremo. Tenemos la capacidad, la escala y el alcance global necesarios para brindarte todo lo que necesitas en un solo lugar para administrar de manera efectiva la seguridad de TI de nube h\u00edbrida.<\/p>\n\n\n\n<p>Ya en la fase de inicio de la migraci\u00f3n a la nube, durante el proceso de reevaluaci\u00f3n de la arquitectura de la nube que has creado o ya hayas alcanzado una posici\u00f3n madura y \u00e1gil de DevSecOps, Capgemini puede ayudarte.<\/p>\n\n\n\n<ul class=\"wp-block-list\">\n<li><strong>Evaluamos<\/strong>. Una evaluaci\u00f3n de seguridad en la nube le brinda informaci\u00f3n sobre tu adopci\u00f3n actual o planificada de la computaci\u00f3n en la nube.<\/li>\n\n\n\n<li><strong>Te recomendamos.<\/strong> Nuestros servicios de asesoramiento en seguridad en la nube se basan en m\u00e1s de una d\u00e9cada de ayudar a los clientes a adoptar la seguridad en la nube.<\/li>\n\n\n\n<li><strong>Implementamos<\/strong>. Nuestros servicios de protecci\u00f3n en la nube ofrecen una gama de soluciones para la gesti\u00f3n de acceso e identidad, protecci\u00f3n de datos, seguridad de aplicaciones y seguridad de infraestructura.<\/li>\n\n\n\n<li><strong>Operamos.<\/strong> Para garantizar la seguridad de tus operaciones basadas en la nube, nuestra soluci\u00f3n de monitorizaci\u00f3n de seguridad en la nube hace que seguimiento de la seguridad sea una base clave de su arquitectura en la nube. Nuestros servicios de seguridad en la nube se brindan desde nuestra red global de centros de operaciones de seguridad (SOC) con certificaci\u00f3n ISO27001 y se puede acceder a ellos a trav\u00e9s de nuestra plataforma en la nube Capgemini (CCP) m\u00e1s amplia o como servicios independientes.<\/li>\n<\/ul>\n\n\n\n<h2 class=\"wp-block-heading\" id=\"h-\"><\/h2>\n\n\n\n<h3 class=\"wp-block-heading\"><strong>Mejores resultados de seguridad en la nube<\/strong><\/h3>\n\n\n\n<p>Nuestra red global de SOC las 24 horas del d\u00eda, los 7 d\u00edas de la semana, te garantiza que puedas incrementar r\u00e1pidamente tu seguridad en la nube seg\u00fan sea necesario, brindando escalabilidad en la nube global y segura. Nuestro agnosticismo implica que puedas integrar la seguridad sin problemas en diversas tecnolog\u00edas y plataformas en la nube, incluidas AWS, Azure y Google. Los precios basados \u200b\u200ben el consumo reducen el coste de propiedad de la nube y nuestro modelo de entrega como servicio le permite elegir s\u00f3lo lo que necesitas, cuando lo necesitas.<\/p>\n\n\n\n<p>Con nuestra filosof\u00eda de &#8220;pensar como un atacante&#8221;, protegemos a nuestros clientes a trav\u00e9s de una combinaci\u00f3n de inteligencia de amenazas, arquitecturas robustas y un modelo de prestaci\u00f3n de servicios altamente industrializado y automatizado. Probamos e incorporamos las \u00faltimas caracter\u00edsticas de seguridad en nuestras soluciones, y hacemos que nuestros clientes cumplan con las normas de seguridad y protecci\u00f3n de datos, como PCI DSS, HIPAA y GDPR, seg\u00fan sea necesario.<\/p>\n\n\n\n<h2 class=\"wp-block-heading\" id=\"h-\"><\/h2>\n\n\n\n<h3 class=\"wp-block-heading\"><strong>Partner with us on your next project<\/strong><\/h3>\n\n\n\n<div class=\"wp-block-buttons is-layout-flex wp-block-buttons-is-layout-flex\">\n<div class=\"wp-block-button\"><a class=\"wp-block-button__link wp-element-button\" href=\"https:\/\/www.capgemini.com\/contact-us\">Cont\u00e1ctenos<\/a><\/div>\n<\/div>\n\n\n\n<p><\/p>\n<\/div><\/div><\/div><\/div><\/div><\/section>\n","protected":false},"excerpt":{"rendered":"","protected":false},"author":151,"featured_media":5381,"parent":5720,"menu_order":0,"comment_status":"closed","ping_status":"closed","template":"","meta":{"cg_dt_proposed_to":[0],"cg_seo_hreflang_relations":"[]","cg_seo_canonical_relation":"","cg_seo_hreflang_x_default_relation":"{\"uuid\":\"bc5bc302-2994-412d-a71a-aff9bab3fe42\",\"blogId\":\"\",\"domain\":\"\",\"sitePath\":\"\",\"postLink\":\"\",\"postId\":null,\"isSaved\":true,\"isCrossLink\":false,\"hasCrossLink\":false}","cg_dt_approved_content":false,"cg_dt_mandatory_content":false,"cg_dt_notes":"","cg_dg_source_changed":false,"cg_dt_link_disabled":false,"_yoast_wpseo_primary_brand":"","footnotes":"","featured_focal_points":"","partner_card_description":"","gsap_animation":0},"brand":[],"partner_type":[],"service":[],"industry":[],"partners":[],"page-type":[167],"content-group":[],"class_list":["post-5380","page","type-page","status-publish","has-post-thumbnail","hentry","page-type-solutions"],"yoast_head":"<!-- This site is optimized with the Yoast SEO Premium plugin v22.8 (Yoast SEO v22.8) - https:\/\/yoast.com\/wordpress\/plugins\/seo\/ -->\n<title>Seguridad Cloud | Capgemini<\/title>\n<meta name=\"description\" content=\"Capgemini te ayuda a responder a estas inquietudes de seguridad con una cartera completa de servicios de seguridad administrados de asesoramiento, independientes y de extremo a extremo.\" \/>\n<meta name=\"robots\" content=\"index, follow, max-snippet:-1, max-image-preview:large, max-video-preview:-1\" \/>\n<link rel=\"canonical\" href=\"https:\/\/www.capgemini.com\/co-es\/solutions\/seguridad-cloud\/\" \/>\n<meta property=\"og:locale\" content=\"es_MX\" \/>\n<meta property=\"og:type\" content=\"article\" \/>\n<meta property=\"og:title\" content=\"Seguridad cloud\" \/>\n<meta property=\"og:description\" content=\"Capgemini te ayuda a responder a estas inquietudes de seguridad con una cartera completa de servicios de seguridad administrados de asesoramiento, independientes y de extremo a extremo.\" \/>\n<meta property=\"og:url\" content=\"https:\/\/www.capgemini.com\/co-es\/solutions\/seguridad-cloud\/\" \/>\n<meta property=\"og:site_name\" content=\"Capgemini Colombia\" \/>\n<meta property=\"article:modified_time\" content=\"2025-04-01T18:36:09+00:00\" \/>\n<meta property=\"og:image\" content=\"https:\/\/www.capgemini.com\/co-es\/wp-content\/uploads\/sites\/25\/2022\/04\/Capgemini_Solutions_Cloud-Security.jpg\" \/>\n\t<meta property=\"og:image:width\" content=\"2880\" \/>\n\t<meta property=\"og:image:height\" content=\"1800\" \/>\n\t<meta property=\"og:image:type\" content=\"image\/jpeg\" \/>\n<meta name=\"twitter:card\" content=\"summary_large_image\" \/>\n<meta name=\"twitter:label1\" content=\"Est. reading time\" \/>\n\t<meta name=\"twitter:data1\" content=\"1 minute\" \/>\n<script type=\"application\/ld+json\" class=\"yoast-schema-graph\">{\"@context\":\"https:\/\/schema.org\",\"@graph\":[{\"@type\":\"WebPage\",\"@id\":\"https:\/\/www.capgemini.com\/co-es\/solutions\/seguridad-cloud\/\",\"url\":\"https:\/\/www.capgemini.com\/co-es\/solutions\/seguridad-cloud\/\",\"name\":\"Seguridad Cloud | Capgemini\",\"isPartOf\":{\"@id\":\"https:\/\/www.capgemini.com\/co-es\/#website\"},\"primaryImageOfPage\":{\"@id\":\"https:\/\/www.capgemini.com\/co-es\/solutions\/seguridad-cloud\/#primaryimage\"},\"image\":{\"@id\":\"https:\/\/www.capgemini.com\/co-es\/solutions\/seguridad-cloud\/#primaryimage\"},\"thumbnailUrl\":\"https:\/\/www.capgemini.com\/co-es\/wp-content\/uploads\/sites\/25\/2022\/04\/Capgemini_Solutions_Cloud-Security.jpg\",\"datePublished\":\"2022-04-01T06:43:53+00:00\",\"dateModified\":\"2025-04-01T18:36:09+00:00\",\"description\":\"Capgemini te ayuda a responder a estas inquietudes de seguridad con una cartera completa de servicios de seguridad administrados de asesoramiento, independientes y de extremo a extremo.\",\"breadcrumb\":{\"@id\":\"https:\/\/www.capgemini.com\/co-es\/solutions\/seguridad-cloud\/#breadcrumb\"},\"inLanguage\":\"es-MX\",\"potentialAction\":[{\"@type\":\"ReadAction\",\"target\":[\"https:\/\/www.capgemini.com\/co-es\/solutions\/seguridad-cloud\/\"]}]},{\"@type\":\"ImageObject\",\"inLanguage\":\"es-MX\",\"@id\":\"https:\/\/www.capgemini.com\/co-es\/solutions\/seguridad-cloud\/#primaryimage\",\"url\":\"https:\/\/www.capgemini.com\/co-es\/wp-content\/uploads\/sites\/25\/2022\/04\/Capgemini_Solutions_Cloud-Security.jpg\",\"contentUrl\":\"https:\/\/www.capgemini.com\/co-es\/wp-content\/uploads\/sites\/25\/2022\/04\/Capgemini_Solutions_Cloud-Security.jpg\",\"width\":2880,\"height\":1800},{\"@type\":\"BreadcrumbList\",\"@id\":\"https:\/\/www.capgemini.com\/co-es\/solutions\/seguridad-cloud\/#breadcrumb\",\"itemListElement\":[{\"@type\":\"ListItem\",\"position\":1,\"name\":\"Home\",\"item\":\"https:\/\/www.capgemini.com\/co-es\/\"},{\"@type\":\"ListItem\",\"position\":2,\"name\":\"Solutions\",\"item\":\"https:\/\/www.capgemini.com\/co-es\/solutions\/\"},{\"@type\":\"ListItem\",\"position\":3,\"name\":\"Seguridad cloud\"}]},{\"@type\":\"WebSite\",\"@id\":\"https:\/\/www.capgemini.com\/co-es\/#website\",\"url\":\"https:\/\/www.capgemini.com\/co-es\/\",\"name\":\"Capgemini Colombia\",\"description\":\"Capgemini\",\"potentialAction\":[{\"@type\":\"SearchAction\",\"target\":{\"@type\":\"EntryPoint\",\"urlTemplate\":\"https:\/\/www.capgemini.com\/co-es\/?s={search_term_string}\"},\"query-input\":\"required name=search_term_string\"}],\"inLanguage\":\"es-MX\"}]}<\/script>\n<!-- \/ Yoast SEO Premium plugin. -->","yoast_head_json":{"title":"Seguridad Cloud | Capgemini","description":"Capgemini te ayuda a responder a estas inquietudes de seguridad con una cartera completa de servicios de seguridad administrados de asesoramiento, independientes y de extremo a extremo.","robots":{"index":"index","follow":"follow","max-snippet":"max-snippet:-1","max-image-preview":"max-image-preview:large","max-video-preview":"max-video-preview:-1"},"canonical":"https:\/\/www.capgemini.com\/co-es\/solutions\/seguridad-cloud\/","og_locale":"es_MX","og_type":"article","og_title":"Seguridad cloud","og_description":"Capgemini te ayuda a responder a estas inquietudes de seguridad con una cartera completa de servicios de seguridad administrados de asesoramiento, independientes y de extremo a extremo.","og_url":"https:\/\/www.capgemini.com\/co-es\/solutions\/seguridad-cloud\/","og_site_name":"Capgemini Colombia","article_modified_time":"2025-04-01T18:36:09+00:00","og_image":[{"width":2880,"height":1800,"url":"https:\/\/www.capgemini.com\/co-es\/wp-content\/uploads\/sites\/25\/2022\/04\/Capgemini_Solutions_Cloud-Security.jpg","type":"image\/jpeg"}],"twitter_card":"summary_large_image","twitter_misc":{"Est. reading time":"1 minute"},"schema":{"@context":"https:\/\/schema.org","@graph":[{"@type":"WebPage","@id":"https:\/\/www.capgemini.com\/co-es\/solutions\/seguridad-cloud\/","url":"https:\/\/www.capgemini.com\/co-es\/solutions\/seguridad-cloud\/","name":"Seguridad Cloud | Capgemini","isPartOf":{"@id":"https:\/\/www.capgemini.com\/co-es\/#website"},"primaryImageOfPage":{"@id":"https:\/\/www.capgemini.com\/co-es\/solutions\/seguridad-cloud\/#primaryimage"},"image":{"@id":"https:\/\/www.capgemini.com\/co-es\/solutions\/seguridad-cloud\/#primaryimage"},"thumbnailUrl":"https:\/\/www.capgemini.com\/co-es\/wp-content\/uploads\/sites\/25\/2022\/04\/Capgemini_Solutions_Cloud-Security.jpg","datePublished":"2022-04-01T06:43:53+00:00","dateModified":"2025-04-01T18:36:09+00:00","description":"Capgemini te ayuda a responder a estas inquietudes de seguridad con una cartera completa de servicios de seguridad administrados de asesoramiento, independientes y de extremo a extremo.","breadcrumb":{"@id":"https:\/\/www.capgemini.com\/co-es\/solutions\/seguridad-cloud\/#breadcrumb"},"inLanguage":"es-MX","potentialAction":[{"@type":"ReadAction","target":["https:\/\/www.capgemini.com\/co-es\/solutions\/seguridad-cloud\/"]}]},{"@type":"ImageObject","inLanguage":"es-MX","@id":"https:\/\/www.capgemini.com\/co-es\/solutions\/seguridad-cloud\/#primaryimage","url":"https:\/\/www.capgemini.com\/co-es\/wp-content\/uploads\/sites\/25\/2022\/04\/Capgemini_Solutions_Cloud-Security.jpg","contentUrl":"https:\/\/www.capgemini.com\/co-es\/wp-content\/uploads\/sites\/25\/2022\/04\/Capgemini_Solutions_Cloud-Security.jpg","width":2880,"height":1800},{"@type":"BreadcrumbList","@id":"https:\/\/www.capgemini.com\/co-es\/solutions\/seguridad-cloud\/#breadcrumb","itemListElement":[{"@type":"ListItem","position":1,"name":"Home","item":"https:\/\/www.capgemini.com\/co-es\/"},{"@type":"ListItem","position":2,"name":"Solutions","item":"https:\/\/www.capgemini.com\/co-es\/solutions\/"},{"@type":"ListItem","position":3,"name":"Seguridad cloud"}]},{"@type":"WebSite","@id":"https:\/\/www.capgemini.com\/co-es\/#website","url":"https:\/\/www.capgemini.com\/co-es\/","name":"Capgemini Colombia","description":"Capgemini","potentialAction":[{"@type":"SearchAction","target":{"@type":"EntryPoint","urlTemplate":"https:\/\/www.capgemini.com\/co-es\/?s={search_term_string}"},"query-input":"required name=search_term_string"}],"inLanguage":"es-MX"}]}},"brand_term":[],"parsely":{"version":"1.1.0","canonical_url":"https:\/\/capgemini.com\/co-es\/solutions\/seguridad-cloud\/","smart_links":{"inbound":0,"outbound":0},"traffic_boost_suggestions_count":0,"meta":{"@context":"https:\/\/schema.org","@type":"WebPage","headline":"Seguridad cloud","url":"https:\/\/www.capgemini.com\/co-es\/solutions\/seguridad-cloud\/","mainEntityOfPage":{"@type":"WebPage","@id":"https:\/\/www.capgemini.com\/co-es\/solutions\/seguridad-cloud\/"},"thumbnailUrl":"https:\/\/www.capgemini.com\/co-es\/wp-content\/uploads\/sites\/25\/2022\/04\/Capgemini_Solutions_Cloud-Security.jpg?w=150&h=150&crop=1","image":{"@type":"ImageObject","url":"https:\/\/www.capgemini.com\/co-es\/wp-content\/uploads\/sites\/25\/2022\/04\/Capgemini_Solutions_Cloud-Security.jpg"},"articleSection":"Uncategorized","author":[],"creator":[],"publisher":{"@type":"Organization","name":"Capgemini Colombia","logo":""},"keywords":[],"dateCreated":"2022-04-01T06:43:53Z","datePublished":"2022-04-01T06:43:53Z","dateModified":"2025-04-01T18:36:09Z"},"rendered":"<meta name=\"parsely-title\" content=\"Seguridad cloud\" \/>\n<meta name=\"parsely-link\" content=\"https:\/\/www.capgemini.com\/co-es\/solutions\/seguridad-cloud\/\" \/>\n<meta name=\"parsely-type\" content=\"index\" \/>\n<meta name=\"parsely-image-url\" content=\"https:\/\/www.capgemini.com\/co-es\/wp-content\/uploads\/sites\/25\/2022\/04\/Capgemini_Solutions_Cloud-Security.jpg?w=150&amp;h=150&amp;crop=1\" \/>\n<meta name=\"parsely-pub-date\" content=\"2022-04-01T06:43:53Z\" \/>\n<meta name=\"parsely-section\" content=\"Uncategorized\" \/>","tracker_url":"https:\/\/cdn.parsely.com\/keys\/capgemini.com\/p.js"},"archive_status":false,"featured_image_src":"https:\/\/www.capgemini.com\/co-es\/wp-content\/uploads\/sites\/25\/2022\/04\/Capgemini_Solutions_Cloud-Security.jpg","featured_image_alt":"","jetpack_sharing_enabled":true,"distributor_meta":false,"distributor_terms":false,"distributor_media":false,"distributor_original_site_name":"Capgemini Colombia","distributor_original_site_url":"https:\/\/www.capgemini.com\/co-es","push-errors":false,"_links":{"self":[{"href":"https:\/\/www.capgemini.com\/co-es\/wp-json\/wp\/v2\/pages\/5380","targetHints":{"allow":["GET"]}}],"collection":[{"href":"https:\/\/www.capgemini.com\/co-es\/wp-json\/wp\/v2\/pages"}],"about":[{"href":"https:\/\/www.capgemini.com\/co-es\/wp-json\/wp\/v2\/types\/page"}],"author":[{"embeddable":true,"href":"https:\/\/www.capgemini.com\/co-es\/wp-json\/wp\/v2\/users\/151"}],"replies":[{"embeddable":true,"href":"https:\/\/www.capgemini.com\/co-es\/wp-json\/wp\/v2\/comments?post=5380"}],"version-history":[{"count":7,"href":"https:\/\/www.capgemini.com\/co-es\/wp-json\/wp\/v2\/pages\/5380\/revisions"}],"predecessor-version":[{"id":536907,"href":"https:\/\/www.capgemini.com\/co-es\/wp-json\/wp\/v2\/pages\/5380\/revisions\/536907"}],"up":[{"embeddable":true,"href":"https:\/\/www.capgemini.com\/co-es\/wp-json\/wp\/v2\/pages\/5720"}],"wp:featuredmedia":[{"embeddable":true,"href":"https:\/\/www.capgemini.com\/co-es\/wp-json\/wp\/v2\/media\/5381"}],"wp:attachment":[{"href":"https:\/\/www.capgemini.com\/co-es\/wp-json\/wp\/v2\/media?parent=5380"}],"wp:term":[{"taxonomy":"brand","embeddable":true,"href":"https:\/\/www.capgemini.com\/co-es\/wp-json\/wp\/v2\/brand?post=5380"},{"taxonomy":"partner_type","embeddable":true,"href":"https:\/\/www.capgemini.com\/co-es\/wp-json\/wp\/v2\/partner_type?post=5380"},{"taxonomy":"service","embeddable":true,"href":"https:\/\/www.capgemini.com\/co-es\/wp-json\/wp\/v2\/service?post=5380"},{"taxonomy":"industry","embeddable":true,"href":"https:\/\/www.capgemini.com\/co-es\/wp-json\/wp\/v2\/industry?post=5380"},{"taxonomy":"partners","embeddable":true,"href":"https:\/\/www.capgemini.com\/co-es\/wp-json\/wp\/v2\/partners?post=5380"},{"taxonomy":"page-type","embeddable":true,"href":"https:\/\/www.capgemini.com\/co-es\/wp-json\/wp\/v2\/page-type?post=5380"},{"taxonomy":"content-group","embeddable":true,"href":"https:\/\/www.capgemini.com\/co-es\/wp-json\/wp\/v2\/content-group?post=5380"}],"curies":[{"name":"wp","href":"https:\/\/api.w.org\/{rel}","templated":true}]}}