{"id":5378,"date":"2022-04-01T08:20:14","date_gmt":"2022-04-01T08:20:14","guid":{"rendered":"https:\/\/www.capgemini.com\/?page_id=668025"},"modified":"2025-04-01T18:35:49","modified_gmt":"2025-04-01T18:35:49","slug":"servicio-seguridad-y-segmentacion-de-red","status":"publish","type":"page","link":"https:\/\/www.capgemini.com\/co-es\/solutions\/servicio-seguridad-y-segmentacion-de-red\/","title":{"rendered":"Servicio seguridad y segmentaci\u00f3n de red"},"content":{"rendered":"\n<header class=\"wp-block-cg-blocks-hero-reusable header heroReusable  \"><div class=\"header-bgs\"><picture><source srcset=\"https:\/\/www.capgemini.com\/wp-content\/uploads\/2022\/05\/Capgemini_Solution_NETWORK-SECURITY-AND-SEGMENTATION-SERVICE.jpg?w=2880&amp;quality=70 1x, https:\/\/www.capgemini.com\/wp-content\/uploads\/2022\/05\/Capgemini_Solution_NETWORK-SECURITY-AND-SEGMENTATION-SERVICE.jpg?w=2880&amp;quality=70 2x\" media=\"(min-width: 1500px)\"\/><source srcset=\"https:\/\/www.capgemini.com\/wp-content\/uploads\/2022\/05\/Capgemini_Solution_NETWORK-SECURITY-AND-SEGMENTATION-SERVICE.jpg?w=1440&amp;quality=70 1x, https:\/\/www.capgemini.com\/wp-content\/uploads\/2022\/05\/Capgemini_Solution_NETWORK-SECURITY-AND-SEGMENTATION-SERVICE.jpg?w=2880&amp;quality=70 2x\" media=\"(min-width: 992px)\"\/><source srcset=\"https:\/\/www.capgemini.com\/wp-content\/uploads\/2022\/05\/Capgemini_Solution_NETWORK-SECURITY-AND-SEGMENTATION-SERVICE.jpg?w=1024&amp;quality=70 1x, https:\/\/www.capgemini.com\/wp-content\/uploads\/2022\/05\/Capgemini_Solution_NETWORK-SECURITY-AND-SEGMENTATION-SERVICE.jpg?w=1024&amp;quality=70 2x\" media=\"(min-width: 768px)\"\/><source srcset=\"https:\/\/www.capgemini.com\/wp-content\/uploads\/2022\/05\/Capgemini_Solution_NETWORK-SECURITY-AND-SEGMENTATION-SERVICE.jpg?w=768&amp;quality=70 1x, https:\/\/www.capgemini.com\/wp-content\/uploads\/2022\/05\/Capgemini_Solution_NETWORK-SECURITY-AND-SEGMENTATION-SERVICE.jpg?w=768&amp;quality=70 2x\" media=\"(min-width: 0)\"\/><img decoding=\"async\" src=\"https:\/\/www.capgemini.com\/wp-content\/uploads\/2022\/05\/Capgemini_Solution_NETWORK-SECURITY-AND-SEGMENTATION-SERVICE.jpg\" class=\"header-img header-img-d\" alt=\"\" style=\"object-fit:cover;object-position:60% 87%\" loading=\"eager\"\/><\/picture><\/div><div class=\"heroPictureCardHeaderShape\"><\/div><div class=\"container\"><div class=\"row\"><div class=\"col-md-12\"><div class=\"box\"><div class=\"boxTagWrapper\"><div class=\"tagInfo\"><div><span class=\"box-tag\">Solution<\/span><\/div><\/div><\/div><div class=\"box-title\"><h1 data-maxlength=\"34\">Servicio seguridad y segmentaci\u00f3n de red<\/h1><\/div><div class=\"inner-row-insight download-btn\"><\/div><\/div><\/div><\/div><\/div><\/header>\n\n\n\n<section class=\"wp-block-cg-blocks-intro-para undefined section section--intro\"><div class=\"intro-para\"><div class=\"container\"><div class=\"row\"><div class=\"col-12 col-md-1\"><nav class=\"article-social\"><ul class=\"social-nav\"><li class=\"ip-order-fb\"><a href=\"https:\/\/www.facebook.com\/sharer\/sharer.php?u=https:\/\/www.capgemini.com\/co-es\/solutions\/servicio-seguridad-y-segmentacion-de-red\/\" target=\"_blank\" rel=\"noopener noreferrer\" title=\"abrir en una nueva ventana\"><i aria-hidden=\"true\" class=\"icon-fb\"><\/i><span class=\"sr-only\">Facebook<\/span><\/a><\/li><li class=\"ip-order-li\"><a href=\"https:\/\/www.linkedin.com\/sharing\/share-offsite\/?url=https:\/\/www.capgemini.com\/co-es\/solutions\/servicio-seguridad-y-segmentacion-de-red\/\" target=\"_blank\" rel=\"noopener noreferrer\" title=\"abrir en una nueva ventana\"><i aria-hidden=\"true\" class=\"icon-li\"><\/i><span class=\"sr-only\">Linkedin<\/span><\/a><\/li><\/ul><\/nav><\/div><div class=\"col-12 col-md-11 col-lg-10\"><h2 class=\"intro-para-title\">Logre la optimizaci\u00f3n de la red en redes de TI y OT\/IoT con nuestro servicio de segmentaci\u00f3n y seguridad de red.<\/h2><p class=\"intro-para-content\">A medida que las redes empresariales, tanto de TI como de OT\/IoT, se vuelven m\u00e1s conectadas, la &#8220;seguridad por oscuridad&#8221; ya no es una f\u00f3rmula adecuada de defensa. Debido a la naturaleza sofisticada de los adversarios en la actualidad, los conceptos heredados de redes confiables y no confiables se han vuelto borrosos.<br><br>Hemos desarrollado nuestro Servicio de seguridad y segmentaci\u00f3n de red espec\u00edficamente para proporcionar a las empresas cualquier aclaraci\u00f3n con respecto al nivel de madurez de seguridad de la red implementado y para ayudar a construir e implementar mejoras.<\/p><\/div><\/div><\/div><\/div><\/section>\n\n\n\n<section class=\"wp-block-cg-blocks-column-text column-text-block is-style-cg-sapphire2\"><div class=\"container\"><div class=\"row\"><div class=\"col-12\"><div class=\"column-text\"><h3 class=\"column-title caps-text\">NUESTRO SERVICIO DE SEGURIDAD Y SEGMENTACI\u00d3N DE RED<\/h3><p class=\"column-subtitle\">Nuestro servicio de seguridad y segmentaci\u00f3n de red comienza con una evaluaci\u00f3n de tus decisiones actuales y arquitecturas de defensa de red para medir el acceso y los controles de red dentro de cada entorno, identificar oportunidades de mejora y mejorar la seguridad y la segmentaci\u00f3n general del sistema de control. Contin\u00faa con un an\u00e1lisis detallado de brechas seguido de un plan de saneamiento recomendado que permite una arquitectura de red optimizada, seguridad de red mejorada y, por lo tanto, seguridad empresarial, y conversi\u00f3n de redes de infraestructura cr\u00edtica que lleven tiempo sin inactividad.<\/p><div class=\"inner-column-text\"><div class=\"col-12 col-md-6 column-outer\"><div class=\"column-wrapper\"><h5 class=\"jest-column1text\">OCHO DOMINIOS MEDIDOS<br><br>Marcos de seguridad y modelo de gobierno<br><br>Fortalecimiento de la infraestructura de red<br><br>Capas de control de acceso<br><br>Segmentaci\u00f3n de red<br><br>Visibilidad y seguimiento<br><br>Aislamiento de servicios de red<br><br>Soporte operativo<br><br>Autenticaci\u00f3n y autorizaci\u00f3n de usuarios<\/h5><\/div><\/div><div class=\"col-12 col-md-6 column-outer\"><div class=\"column-wrapper\"><h5 class=\"jest-column2text\">CARACTER\u00cdSTICAS Y BENEFICIOS<br><br>Describe el plan actual de estado de seguridad de la red e identifica las brechas<br><br>An\u00e1lisis de red detallado<br>Plan saneamiento de red y control de acceso<br><br>Gesti\u00f3n de programas e implementaci\u00f3n de una arquitectura de red optimizada para la seguridad<br><br>Monitorizaci\u00f3n y gesti\u00f3n de redes desplegadas<br><br>Experiencia en optimizaci\u00f3n de redes operativas con impacto cero<br><br>Amplia experiencia en programas con clientes globales, en una amplia gama de industrias y mercados.<\/h5><\/div><\/div><\/div><\/div><\/div><\/div><\/div><\/section>\n\n\n\n<section class=\"wp-block-cg-blocks-group undefined section section--article-content\"><div class=\"article-main-content\"><div class=\"container\"><div class=\"row\"><div class=\"col-12 col-md-11 col-lg-10 offset-md-1 offset-lg-1\"><div class=\"article-text article-quote-text\">\n<h5 class=\"wp-block-heading\" id=\"h-habla-hoy-con-un-experto-en-ciberseguridad\"><strong>Habla hoy con un experto en ciberseguridad.<\/strong><\/h5>\n\n\n\n<p>Capgemini proporciona este servicio de ciclo de vida completo a organizaciones globales con implementaciones de infraestructura cr\u00edtica que dependen de cero interrupciones y sin tiempo de inactividad de producci\u00f3n. Nuestra experiencia en abordar entornos no comerciales del mundo real nos distingue. Tambi\u00e9n nos asociamos con todos los proveedores de dispositivos l\u00edderes en un amplio espectro de escenarios de implementaci\u00f3n y tenemos experiencia en la provisi\u00f3n de proyectos de administraci\u00f3n y programas.<\/p>\n\n\n\n<div class=\"wp-block-buttons is-layout-flex wp-block-buttons-is-layout-flex\">\n<div class=\"wp-block-button\"><a class=\"wp-block-button__link wp-element-button\" href=\"https:\/\/www.capgemini.com\/contact-us\">Cont\u00e1ctenos<\/a><\/div>\n<\/div>\n<\/div><\/div><\/div><\/div><\/div><\/section>\n","protected":false},"excerpt":{"rendered":"","protected":false},"author":151,"featured_media":5379,"parent":5720,"menu_order":0,"comment_status":"closed","ping_status":"closed","template":"","meta":{"cg_dt_proposed_to":[0],"cg_seo_hreflang_relations":"[]","cg_seo_canonical_relation":"","cg_seo_hreflang_x_default_relation":"{\"uuid\":\"198ca23f-6cbb-49e1-a6a3-5a33ab7961b5\",\"blogId\":\"\",\"domain\":\"\",\"sitePath\":\"\",\"postLink\":\"\",\"postId\":null,\"isSaved\":false,\"isCrossLink\":false,\"hasCrossLink\":false}","cg_dt_approved_content":false,"cg_dt_mandatory_content":false,"cg_dt_notes":"","cg_dg_source_changed":false,"cg_dt_link_disabled":false,"_yoast_wpseo_primary_brand":"","footnotes":"","featured_focal_points":"","partner_card_description":"","gsap_animation":0},"brand":[],"partner_type":[],"service":[],"industry":[],"partners":[],"page-type":[],"content-group":[],"class_list":["post-5378","page","type-page","status-publish","has-post-thumbnail","hentry"],"yoast_head":"<!-- This site is optimized with the Yoast SEO Premium plugin v22.8 (Yoast SEO v22.8) - https:\/\/yoast.com\/wordpress\/plugins\/seo\/ -->\n<title>Servicio Seguridad y Segmentaci\u00f3n de Red | Capgemini<\/title>\n<meta name=\"description\" content=\"A medida que las redes empresariales, tanto de TI como de OT\/IoT, se vuelven m\u00e1s conectadas, la &quot;seguridad por oscuridad&quot; los conceptos heredados de redes confiables y no confiables se han vuelto borrosos y se hace preciso buscar nuevas f\u00f3rmulas que garanticen la seguridad.\" \/>\n<meta name=\"robots\" content=\"index, follow, max-snippet:-1, max-image-preview:large, max-video-preview:-1\" \/>\n<link rel=\"canonical\" href=\"https:\/\/www.capgemini.com\/co-es\/solutions\/servicio-seguridad-y-segmentacion-de-red\/\" \/>\n<meta property=\"og:locale\" content=\"es_MX\" \/>\n<meta property=\"og:type\" content=\"article\" \/>\n<meta property=\"og:title\" content=\"Servicio seguridad y segmentaci\u00f3n de red\" \/>\n<meta property=\"og:description\" content=\"A medida que las redes empresariales, tanto de TI como de OT\/IoT, se vuelven m\u00e1s conectadas, la &quot;seguridad por oscuridad&quot; los conceptos heredados de redes confiables y no confiables se han vuelto borrosos y se hace preciso buscar nuevas f\u00f3rmulas que garanticen la seguridad.\" \/>\n<meta property=\"og:url\" content=\"https:\/\/www.capgemini.com\/co-es\/solutions\/servicio-seguridad-y-segmentacion-de-red\/\" \/>\n<meta property=\"og:site_name\" content=\"Capgemini Colombia\" \/>\n<meta property=\"article:modified_time\" content=\"2025-04-01T18:35:49+00:00\" \/>\n<meta property=\"og:image\" content=\"https:\/\/www.capgemini.com\/co-es\/wp-content\/uploads\/sites\/25\/2022\/04\/Capgemini_Solution_NETWORK-SECURITY-AND-SEGMENTATION-SERVICE.jpg\" \/>\n\t<meta property=\"og:image:width\" content=\"2880\" \/>\n\t<meta property=\"og:image:height\" content=\"1800\" \/>\n\t<meta property=\"og:image:type\" content=\"image\/jpeg\" \/>\n<meta name=\"twitter:card\" content=\"summary_large_image\" \/>\n<meta name=\"twitter:label1\" content=\"Est. reading time\" \/>\n\t<meta name=\"twitter:data1\" content=\"1 minute\" \/>\n<script type=\"application\/ld+json\" class=\"yoast-schema-graph\">{\"@context\":\"https:\/\/schema.org\",\"@graph\":[{\"@type\":\"WebPage\",\"@id\":\"https:\/\/www.capgemini.com\/co-es\/solutions\/servicio-seguridad-y-segmentacion-de-red\/\",\"url\":\"https:\/\/www.capgemini.com\/co-es\/solutions\/servicio-seguridad-y-segmentacion-de-red\/\",\"name\":\"Servicio Seguridad y Segmentaci\u00f3n de Red | Capgemini\",\"isPartOf\":{\"@id\":\"https:\/\/www.capgemini.com\/co-es\/#website\"},\"primaryImageOfPage\":{\"@id\":\"https:\/\/www.capgemini.com\/co-es\/solutions\/servicio-seguridad-y-segmentacion-de-red\/#primaryimage\"},\"image\":{\"@id\":\"https:\/\/www.capgemini.com\/co-es\/solutions\/servicio-seguridad-y-segmentacion-de-red\/#primaryimage\"},\"thumbnailUrl\":\"https:\/\/www.capgemini.com\/co-es\/wp-content\/uploads\/sites\/25\/2022\/04\/Capgemini_Solution_NETWORK-SECURITY-AND-SEGMENTATION-SERVICE.jpg\",\"datePublished\":\"2022-04-01T08:20:14+00:00\",\"dateModified\":\"2025-04-01T18:35:49+00:00\",\"description\":\"A medida que las redes empresariales, tanto de TI como de OT\/IoT, se vuelven m\u00e1s conectadas, la \\\"seguridad por oscuridad\\\" los conceptos heredados de redes confiables y no confiables se han vuelto borrosos y se hace preciso buscar nuevas f\u00f3rmulas que garanticen la seguridad.\",\"breadcrumb\":{\"@id\":\"https:\/\/www.capgemini.com\/co-es\/solutions\/servicio-seguridad-y-segmentacion-de-red\/#breadcrumb\"},\"inLanguage\":\"es-MX\",\"potentialAction\":[{\"@type\":\"ReadAction\",\"target\":[\"https:\/\/www.capgemini.com\/co-es\/solutions\/servicio-seguridad-y-segmentacion-de-red\/\"]}]},{\"@type\":\"ImageObject\",\"inLanguage\":\"es-MX\",\"@id\":\"https:\/\/www.capgemini.com\/co-es\/solutions\/servicio-seguridad-y-segmentacion-de-red\/#primaryimage\",\"url\":\"https:\/\/www.capgemini.com\/co-es\/wp-content\/uploads\/sites\/25\/2022\/04\/Capgemini_Solution_NETWORK-SECURITY-AND-SEGMENTATION-SERVICE.jpg\",\"contentUrl\":\"https:\/\/www.capgemini.com\/co-es\/wp-content\/uploads\/sites\/25\/2022\/04\/Capgemini_Solution_NETWORK-SECURITY-AND-SEGMENTATION-SERVICE.jpg\",\"width\":2880,\"height\":1800},{\"@type\":\"BreadcrumbList\",\"@id\":\"https:\/\/www.capgemini.com\/co-es\/solutions\/servicio-seguridad-y-segmentacion-de-red\/#breadcrumb\",\"itemListElement\":[{\"@type\":\"ListItem\",\"position\":1,\"name\":\"Home\",\"item\":\"https:\/\/www.capgemini.com\/co-es\/\"},{\"@type\":\"ListItem\",\"position\":2,\"name\":\"Solutions\",\"item\":\"https:\/\/www.capgemini.com\/co-es\/solutions\/\"},{\"@type\":\"ListItem\",\"position\":3,\"name\":\"Servicio seguridad y segmentaci\u00f3n de red\"}]},{\"@type\":\"WebSite\",\"@id\":\"https:\/\/www.capgemini.com\/co-es\/#website\",\"url\":\"https:\/\/www.capgemini.com\/co-es\/\",\"name\":\"Capgemini Colombia\",\"description\":\"Capgemini\",\"potentialAction\":[{\"@type\":\"SearchAction\",\"target\":{\"@type\":\"EntryPoint\",\"urlTemplate\":\"https:\/\/www.capgemini.com\/co-es\/?s={search_term_string}\"},\"query-input\":\"required name=search_term_string\"}],\"inLanguage\":\"es-MX\"}]}<\/script>\n<!-- \/ Yoast SEO Premium plugin. -->","yoast_head_json":{"title":"Servicio Seguridad y Segmentaci\u00f3n de Red | Capgemini","description":"A medida que las redes empresariales, tanto de TI como de OT\/IoT, se vuelven m\u00e1s conectadas, la \"seguridad por oscuridad\" los conceptos heredados de redes confiables y no confiables se han vuelto borrosos y se hace preciso buscar nuevas f\u00f3rmulas que garanticen la seguridad.","robots":{"index":"index","follow":"follow","max-snippet":"max-snippet:-1","max-image-preview":"max-image-preview:large","max-video-preview":"max-video-preview:-1"},"canonical":"https:\/\/www.capgemini.com\/co-es\/solutions\/servicio-seguridad-y-segmentacion-de-red\/","og_locale":"es_MX","og_type":"article","og_title":"Servicio seguridad y segmentaci\u00f3n de red","og_description":"A medida que las redes empresariales, tanto de TI como de OT\/IoT, se vuelven m\u00e1s conectadas, la \"seguridad por oscuridad\" los conceptos heredados de redes confiables y no confiables se han vuelto borrosos y se hace preciso buscar nuevas f\u00f3rmulas que garanticen la seguridad.","og_url":"https:\/\/www.capgemini.com\/co-es\/solutions\/servicio-seguridad-y-segmentacion-de-red\/","og_site_name":"Capgemini Colombia","article_modified_time":"2025-04-01T18:35:49+00:00","og_image":[{"width":2880,"height":1800,"url":"https:\/\/www.capgemini.com\/co-es\/wp-content\/uploads\/sites\/25\/2022\/04\/Capgemini_Solution_NETWORK-SECURITY-AND-SEGMENTATION-SERVICE.jpg","type":"image\/jpeg"}],"twitter_card":"summary_large_image","twitter_misc":{"Est. reading time":"1 minute"},"schema":{"@context":"https:\/\/schema.org","@graph":[{"@type":"WebPage","@id":"https:\/\/www.capgemini.com\/co-es\/solutions\/servicio-seguridad-y-segmentacion-de-red\/","url":"https:\/\/www.capgemini.com\/co-es\/solutions\/servicio-seguridad-y-segmentacion-de-red\/","name":"Servicio Seguridad y Segmentaci\u00f3n de Red | Capgemini","isPartOf":{"@id":"https:\/\/www.capgemini.com\/co-es\/#website"},"primaryImageOfPage":{"@id":"https:\/\/www.capgemini.com\/co-es\/solutions\/servicio-seguridad-y-segmentacion-de-red\/#primaryimage"},"image":{"@id":"https:\/\/www.capgemini.com\/co-es\/solutions\/servicio-seguridad-y-segmentacion-de-red\/#primaryimage"},"thumbnailUrl":"https:\/\/www.capgemini.com\/co-es\/wp-content\/uploads\/sites\/25\/2022\/04\/Capgemini_Solution_NETWORK-SECURITY-AND-SEGMENTATION-SERVICE.jpg","datePublished":"2022-04-01T08:20:14+00:00","dateModified":"2025-04-01T18:35:49+00:00","description":"A medida que las redes empresariales, tanto de TI como de OT\/IoT, se vuelven m\u00e1s conectadas, la \"seguridad por oscuridad\" los conceptos heredados de redes confiables y no confiables se han vuelto borrosos y se hace preciso buscar nuevas f\u00f3rmulas que garanticen la seguridad.","breadcrumb":{"@id":"https:\/\/www.capgemini.com\/co-es\/solutions\/servicio-seguridad-y-segmentacion-de-red\/#breadcrumb"},"inLanguage":"es-MX","potentialAction":[{"@type":"ReadAction","target":["https:\/\/www.capgemini.com\/co-es\/solutions\/servicio-seguridad-y-segmentacion-de-red\/"]}]},{"@type":"ImageObject","inLanguage":"es-MX","@id":"https:\/\/www.capgemini.com\/co-es\/solutions\/servicio-seguridad-y-segmentacion-de-red\/#primaryimage","url":"https:\/\/www.capgemini.com\/co-es\/wp-content\/uploads\/sites\/25\/2022\/04\/Capgemini_Solution_NETWORK-SECURITY-AND-SEGMENTATION-SERVICE.jpg","contentUrl":"https:\/\/www.capgemini.com\/co-es\/wp-content\/uploads\/sites\/25\/2022\/04\/Capgemini_Solution_NETWORK-SECURITY-AND-SEGMENTATION-SERVICE.jpg","width":2880,"height":1800},{"@type":"BreadcrumbList","@id":"https:\/\/www.capgemini.com\/co-es\/solutions\/servicio-seguridad-y-segmentacion-de-red\/#breadcrumb","itemListElement":[{"@type":"ListItem","position":1,"name":"Home","item":"https:\/\/www.capgemini.com\/co-es\/"},{"@type":"ListItem","position":2,"name":"Solutions","item":"https:\/\/www.capgemini.com\/co-es\/solutions\/"},{"@type":"ListItem","position":3,"name":"Servicio seguridad y segmentaci\u00f3n de red"}]},{"@type":"WebSite","@id":"https:\/\/www.capgemini.com\/co-es\/#website","url":"https:\/\/www.capgemini.com\/co-es\/","name":"Capgemini Colombia","description":"Capgemini","potentialAction":[{"@type":"SearchAction","target":{"@type":"EntryPoint","urlTemplate":"https:\/\/www.capgemini.com\/co-es\/?s={search_term_string}"},"query-input":"required name=search_term_string"}],"inLanguage":"es-MX"}]}},"brand_term":[],"parsely":{"version":"1.1.0","canonical_url":"https:\/\/capgemini.com\/co-es\/solutions\/servicio-seguridad-y-segmentacion-de-red\/","smart_links":{"inbound":0,"outbound":0},"traffic_boost_suggestions_count":0,"meta":{"@context":"https:\/\/schema.org","@type":"WebPage","headline":"Servicio seguridad y segmentaci\u00f3n de red","url":"https:\/\/www.capgemini.com\/co-es\/solutions\/servicio-seguridad-y-segmentacion-de-red\/","mainEntityOfPage":{"@type":"WebPage","@id":"https:\/\/www.capgemini.com\/co-es\/solutions\/servicio-seguridad-y-segmentacion-de-red\/"},"thumbnailUrl":"https:\/\/www.capgemini.com\/co-es\/wp-content\/uploads\/sites\/25\/2022\/04\/Capgemini_Solution_NETWORK-SECURITY-AND-SEGMENTATION-SERVICE.jpg?w=150&h=150&crop=1","image":{"@type":"ImageObject","url":"https:\/\/www.capgemini.com\/co-es\/wp-content\/uploads\/sites\/25\/2022\/04\/Capgemini_Solution_NETWORK-SECURITY-AND-SEGMENTATION-SERVICE.jpg"},"articleSection":"Uncategorized","author":[],"creator":[],"publisher":{"@type":"Organization","name":"Capgemini Colombia","logo":""},"keywords":[],"dateCreated":"2022-04-01T08:20:14Z","datePublished":"2022-04-01T08:20:14Z","dateModified":"2025-04-01T18:35:49Z"},"rendered":"<meta name=\"parsely-title\" content=\"Servicio seguridad y segmentaci\u00f3n de red\" \/>\n<meta name=\"parsely-link\" content=\"https:\/\/www.capgemini.com\/co-es\/solutions\/servicio-seguridad-y-segmentacion-de-red\/\" \/>\n<meta name=\"parsely-type\" content=\"index\" \/>\n<meta name=\"parsely-image-url\" content=\"https:\/\/www.capgemini.com\/co-es\/wp-content\/uploads\/sites\/25\/2022\/04\/Capgemini_Solution_NETWORK-SECURITY-AND-SEGMENTATION-SERVICE.jpg?w=150&amp;h=150&amp;crop=1\" \/>\n<meta name=\"parsely-pub-date\" content=\"2022-04-01T08:20:14Z\" \/>\n<meta name=\"parsely-section\" content=\"Uncategorized\" \/>","tracker_url":"https:\/\/cdn.parsely.com\/keys\/capgemini.com\/p.js"},"archive_status":false,"featured_image_src":"https:\/\/www.capgemini.com\/co-es\/wp-content\/uploads\/sites\/25\/2022\/04\/Capgemini_Solution_NETWORK-SECURITY-AND-SEGMENTATION-SERVICE.jpg","featured_image_alt":"","jetpack_sharing_enabled":true,"distributor_meta":false,"distributor_terms":false,"distributor_media":false,"distributor_original_site_name":"Capgemini Colombia","distributor_original_site_url":"https:\/\/www.capgemini.com\/co-es","push-errors":false,"_links":{"self":[{"href":"https:\/\/www.capgemini.com\/co-es\/wp-json\/wp\/v2\/pages\/5378","targetHints":{"allow":["GET"]}}],"collection":[{"href":"https:\/\/www.capgemini.com\/co-es\/wp-json\/wp\/v2\/pages"}],"about":[{"href":"https:\/\/www.capgemini.com\/co-es\/wp-json\/wp\/v2\/types\/page"}],"author":[{"embeddable":true,"href":"https:\/\/www.capgemini.com\/co-es\/wp-json\/wp\/v2\/users\/151"}],"replies":[{"embeddable":true,"href":"https:\/\/www.capgemini.com\/co-es\/wp-json\/wp\/v2\/comments?post=5378"}],"version-history":[{"count":5,"href":"https:\/\/www.capgemini.com\/co-es\/wp-json\/wp\/v2\/pages\/5378\/revisions"}],"predecessor-version":[{"id":536906,"href":"https:\/\/www.capgemini.com\/co-es\/wp-json\/wp\/v2\/pages\/5378\/revisions\/536906"}],"up":[{"embeddable":true,"href":"https:\/\/www.capgemini.com\/co-es\/wp-json\/wp\/v2\/pages\/5720"}],"wp:featuredmedia":[{"embeddable":true,"href":"https:\/\/www.capgemini.com\/co-es\/wp-json\/wp\/v2\/media\/5379"}],"wp:attachment":[{"href":"https:\/\/www.capgemini.com\/co-es\/wp-json\/wp\/v2\/media?parent=5378"}],"wp:term":[{"taxonomy":"brand","embeddable":true,"href":"https:\/\/www.capgemini.com\/co-es\/wp-json\/wp\/v2\/brand?post=5378"},{"taxonomy":"partner_type","embeddable":true,"href":"https:\/\/www.capgemini.com\/co-es\/wp-json\/wp\/v2\/partner_type?post=5378"},{"taxonomy":"service","embeddable":true,"href":"https:\/\/www.capgemini.com\/co-es\/wp-json\/wp\/v2\/service?post=5378"},{"taxonomy":"industry","embeddable":true,"href":"https:\/\/www.capgemini.com\/co-es\/wp-json\/wp\/v2\/industry?post=5378"},{"taxonomy":"partners","embeddable":true,"href":"https:\/\/www.capgemini.com\/co-es\/wp-json\/wp\/v2\/partners?post=5378"},{"taxonomy":"page-type","embeddable":true,"href":"https:\/\/www.capgemini.com\/co-es\/wp-json\/wp\/v2\/page-type?post=5378"},{"taxonomy":"content-group","embeddable":true,"href":"https:\/\/www.capgemini.com\/co-es\/wp-json\/wp\/v2\/content-group?post=5378"}],"curies":[{"name":"wp","href":"https:\/\/api.w.org\/{rel}","templated":true}]}}