{"id":535181,"date":"2025-04-01T02:27:58","date_gmt":"2025-04-01T02:27:58","guid":{"rendered":"https:\/\/www.capgemini.com\/co-es\/?page_id=535181&#038;preview_id=535181"},"modified":"2026-01-09T06:50:25","modified_gmt":"2026-01-09T06:50:25","slug":"employee-relations-policy","status":"publish","type":"page","link":"https:\/\/www.capgemini.com\/co-es\/sobre-nosotros\/gestion-y-gobierno\/politicas\/employee-relations-policy\/","title":{"rendered":"Pol\u00edtica de relaciones laborales"},"content":{"rendered":"\n<header class=\"wp-block-cg-blocks-hero-reusable is-style-blue-line header heroReusable  \"><div class=\"header-bgs\"><\/div><div class=\"heroPictureCardHeaderShape\"><\/div><div class=\"container\"><div class=\"row\"><div class=\"col-md-12\"><div class=\"box\"><div class=\"boxTagWrapper\"><div class=\"tagInfo\"><div><span class=\"box-tag\">Policy<\/span><\/div><\/div><\/div><div class=\"box-title\"><h1 data-maxlength=\"34\">Pol\u00edtica de relaciones laborales<\/h1><\/div><div class=\"inner-row-insight download-btn\"><div class=\"col-md-4 downloadFiles addPadding\"><a class=\"button-download--small\" type=\"download\" href=\"https:\/\/www.capgemini.com\/wp-content\/uploads\/2023\/12\/20231130-Word-Template_ERP.pdf\" target=\"_blank\" rel=\"noopener noreferrer\" title=\"abrir en una nueva ventana\"><span>Descargar pol\u00edtica<\/span><span class=\"type\">340 KB  pdf<\/span><\/a><\/div><\/div><\/div><\/div><\/div><\/div><\/header>\n\n\n\n<section class=\"wp-block-cg-blocks-group undefined section section--article-content\"><div class=\"article-main-content\"><div class=\"container\"><div class=\"row\"><div class=\"col-12 col-md-11 col-lg-10 offset-md-1 offset-lg-1\"><div class=\"article-text article-quote-text\">\n<h3 class=\"wp-block-heading\" id=\"h-la-vision-de-capgemini-sobre-las-relaciones-con-los-empleados-es-ambiciosa-y-esta-politica-es-una-oportunidad-para-confirmar-nuestro-enfoque-y-compartirlo-con-todos-nuestros-empleados-y-el-mercado\">La visi\u00f3n de Capgemini sobre las relaciones con los empleados es ambiciosa, y esta pol\u00edtica es una oportunidad para confirmar nuestro enfoque y compartirlo con todos nuestros empleados y el mercado.<\/h3>\n\n\n\n<p>La pol\u00edtica de Relaciones Laborales del Grupo garantiza la aplicaci\u00f3n de nuestros principios fundamentales en todo el Grupo. Esta pol\u00edtica est\u00e1 vinculada a todas las dem\u00e1s pol\u00edticas sociales, como nuestra <a href=\"\/co-es\/sobre-nosotros\/quienes-somos\/valores-y-etica\/normas-de-conducta-para-proveedores\/\" target=\"_blank\" rel=\"noreferrer noopener\">pol\u00edtica de Derechos Humanos<\/a> y el <a href=\"\/mx-es\/sobre-nosotros\/quienes-somos\/valores-y-etica\/normas-de-conducta-para-proveedores\/\" target=\"_blank\" rel=\"noreferrer noopener\">C\u00f3digo de \u00c9tica Empresarial<\/a>.<\/p>\n<\/div><\/div><\/div><\/div><\/div><\/section>\n","protected":false},"excerpt":{"rendered":"","protected":false},"author":33,"featured_media":0,"parent":5591,"menu_order":1,"comment_status":"closed","ping_status":"closed","template":"","meta":{"cg_dt_proposed_to":[],"cg_seo_hreflang_relations":"[]","cg_seo_canonical_relation":"","cg_seo_hreflang_x_default_relation":"{\"uuid\":\"5b95354d-c7b2-47b8-a829-7e4c72835ef9\",\"blogId\":\"\",\"domain\":\"\",\"sitePath\":\"\",\"postLink\":\"\",\"postId\":null,\"isSaved\":true,\"isCrossLink\":false,\"hasCrossLink\":false}","cg_dt_approved_content":true,"cg_dt_mandatory_content":false,"cg_dt_notes":"","cg_dg_source_changed":false,"cg_dt_link_disabled":false,"_yoast_wpseo_primary_brand":"","footnotes":"","featured_focal_points":"","partner_card_description":"","gsap_animation":0},"brand":[],"partner_type":[],"service":[],"industry":[],"partners":[],"page-type":[],"content-group":[],"class_list":["post-535181","page","type-page","status-publish","hentry"],"yoast_head":"<!-- This site is optimized with the Yoast SEO Premium plugin v22.8 (Yoast SEO v22.8) - https:\/\/yoast.com\/wordpress\/plugins\/seo\/ -->\n<title>Pol\u00edtica de relaciones laborales<\/title>\n<meta name=\"robots\" content=\"index, follow, max-snippet:-1, max-image-preview:large, max-video-preview:-1\" \/>\n<link rel=\"canonical\" href=\"https:\/\/www.capgemini.com\/co-es\/sobre-nosotros\/gestion-y-gobierno\/politicas\/employee-relations-policy\/\" \/>\n<meta property=\"og:locale\" content=\"es_MX\" \/>\n<meta property=\"og:type\" content=\"article\" \/>\n<meta property=\"og:title\" content=\"Pol\u00edtica de relaciones laborales\" \/>\n<meta property=\"og:url\" content=\"https:\/\/www.capgemini.com\/co-es\/sobre-nosotros\/gestion-y-gobierno\/politicas\/employee-relations-policy\/\" \/>\n<meta property=\"og:site_name\" content=\"Capgemini Colombia\" \/>\n<meta property=\"article:modified_time\" content=\"2026-01-09T06:50:25+00:00\" \/>\n<meta property=\"og:image\" content=\"https:\/\/www.capgemini.com\/co-es\/wp-content\/uploads\/sites\/25\/2025\/10\/New-Web-preview-global.jpg\" \/>\n\t<meta property=\"og:image:width\" content=\"1200\" \/>\n\t<meta property=\"og:image:height\" content=\"627\" \/>\n\t<meta property=\"og:image:type\" content=\"image\/jpeg\" \/>\n<meta name=\"twitter:card\" content=\"summary_large_image\" \/>\n<meta name=\"twitter:label1\" content=\"Est. reading time\" \/>\n\t<meta name=\"twitter:data1\" content=\"1 minute\" \/>\n<script type=\"application\/ld+json\" class=\"yoast-schema-graph\">{\"@context\":\"https:\/\/schema.org\",\"@graph\":[{\"@type\":\"WebPage\",\"@id\":\"https:\/\/www.capgemini.com\/co-es\/sobre-nosotros\/gestion-y-gobierno\/politicas\/employee-relations-policy\/\",\"url\":\"https:\/\/www.capgemini.com\/co-es\/sobre-nosotros\/gestion-y-gobierno\/politicas\/employee-relations-policy\/\",\"name\":\"Pol\u00edtica de relaciones laborales\",\"isPartOf\":{\"@id\":\"https:\/\/www.capgemini.com\/co-es\/#website\"},\"datePublished\":\"2025-04-01T02:27:58+00:00\",\"dateModified\":\"2026-01-09T06:50:25+00:00\",\"breadcrumb\":{\"@id\":\"https:\/\/www.capgemini.com\/co-es\/sobre-nosotros\/gestion-y-gobierno\/politicas\/employee-relations-policy\/#breadcrumb\"},\"inLanguage\":\"es-MX\",\"potentialAction\":[{\"@type\":\"ReadAction\",\"target\":[\"https:\/\/www.capgemini.com\/co-es\/sobre-nosotros\/gestion-y-gobierno\/politicas\/employee-relations-policy\/\"]}]},{\"@type\":\"BreadcrumbList\",\"@id\":\"https:\/\/www.capgemini.com\/co-es\/sobre-nosotros\/gestion-y-gobierno\/politicas\/employee-relations-policy\/#breadcrumb\",\"itemListElement\":[{\"@type\":\"ListItem\",\"position\":1,\"name\":\"Home\",\"item\":\"https:\/\/www.capgemini.com\/co-es\/\"},{\"@type\":\"ListItem\",\"position\":2,\"name\":\"Sobre nosotros\",\"item\":\"https:\/\/www.capgemini.com\/co-es\/sobre-nosotros\/\"},{\"@type\":\"ListItem\",\"position\":3,\"name\":\"Gesti\u00f3n y gobierno\",\"item\":\"https:\/\/www.capgemini.com\/co-es\/sobre-nosotros\/gestion-y-gobierno\/\"},{\"@type\":\"ListItem\",\"position\":4,\"name\":\"Pol\u00edticas\",\"item\":\"https:\/\/www.capgemini.com\/co-es\/sobre-nosotros\/gestion-y-gobierno\/politicas\/\"},{\"@type\":\"ListItem\",\"position\":5,\"name\":\"Pol\u00edtica de relaciones laborales\"}]},{\"@type\":\"WebSite\",\"@id\":\"https:\/\/www.capgemini.com\/co-es\/#website\",\"url\":\"https:\/\/www.capgemini.com\/co-es\/\",\"name\":\"Capgemini Colombia\",\"description\":\"Capgemini\",\"potentialAction\":[{\"@type\":\"SearchAction\",\"target\":{\"@type\":\"EntryPoint\",\"urlTemplate\":\"https:\/\/www.capgemini.com\/co-es\/?s={search_term_string}\"},\"query-input\":\"required name=search_term_string\"}],\"inLanguage\":\"es-MX\"}]}<\/script>\n<!-- \/ Yoast SEO Premium plugin. -->","yoast_head_json":{"title":"Pol\u00edtica de relaciones laborales","robots":{"index":"index","follow":"follow","max-snippet":"max-snippet:-1","max-image-preview":"max-image-preview:large","max-video-preview":"max-video-preview:-1"},"canonical":"https:\/\/www.capgemini.com\/co-es\/sobre-nosotros\/gestion-y-gobierno\/politicas\/employee-relations-policy\/","og_locale":"es_MX","og_type":"article","og_title":"Pol\u00edtica de relaciones laborales","og_url":"https:\/\/www.capgemini.com\/co-es\/sobre-nosotros\/gestion-y-gobierno\/politicas\/employee-relations-policy\/","og_site_name":"Capgemini Colombia","article_modified_time":"2026-01-09T06:50:25+00:00","og_image":[{"width":1200,"height":627,"url":"https:\/\/www.capgemini.com\/co-es\/wp-content\/uploads\/sites\/25\/2025\/10\/New-Web-preview-global.jpg","type":"image\/jpeg"}],"twitter_card":"summary_large_image","twitter_misc":{"Est. reading time":"1 minute"},"schema":{"@context":"https:\/\/schema.org","@graph":[{"@type":"WebPage","@id":"https:\/\/www.capgemini.com\/co-es\/sobre-nosotros\/gestion-y-gobierno\/politicas\/employee-relations-policy\/","url":"https:\/\/www.capgemini.com\/co-es\/sobre-nosotros\/gestion-y-gobierno\/politicas\/employee-relations-policy\/","name":"Pol\u00edtica de relaciones laborales","isPartOf":{"@id":"https:\/\/www.capgemini.com\/co-es\/#website"},"datePublished":"2025-04-01T02:27:58+00:00","dateModified":"2026-01-09T06:50:25+00:00","breadcrumb":{"@id":"https:\/\/www.capgemini.com\/co-es\/sobre-nosotros\/gestion-y-gobierno\/politicas\/employee-relations-policy\/#breadcrumb"},"inLanguage":"es-MX","potentialAction":[{"@type":"ReadAction","target":["https:\/\/www.capgemini.com\/co-es\/sobre-nosotros\/gestion-y-gobierno\/politicas\/employee-relations-policy\/"]}]},{"@type":"BreadcrumbList","@id":"https:\/\/www.capgemini.com\/co-es\/sobre-nosotros\/gestion-y-gobierno\/politicas\/employee-relations-policy\/#breadcrumb","itemListElement":[{"@type":"ListItem","position":1,"name":"Home","item":"https:\/\/www.capgemini.com\/co-es\/"},{"@type":"ListItem","position":2,"name":"Sobre nosotros","item":"https:\/\/www.capgemini.com\/co-es\/sobre-nosotros\/"},{"@type":"ListItem","position":3,"name":"Gesti\u00f3n y gobierno","item":"https:\/\/www.capgemini.com\/co-es\/sobre-nosotros\/gestion-y-gobierno\/"},{"@type":"ListItem","position":4,"name":"Pol\u00edticas","item":"https:\/\/www.capgemini.com\/co-es\/sobre-nosotros\/gestion-y-gobierno\/politicas\/"},{"@type":"ListItem","position":5,"name":"Pol\u00edtica de relaciones laborales"}]},{"@type":"WebSite","@id":"https:\/\/www.capgemini.com\/co-es\/#website","url":"https:\/\/www.capgemini.com\/co-es\/","name":"Capgemini Colombia","description":"Capgemini","potentialAction":[{"@type":"SearchAction","target":{"@type":"EntryPoint","urlTemplate":"https:\/\/www.capgemini.com\/co-es\/?s={search_term_string}"},"query-input":"required name=search_term_string"}],"inLanguage":"es-MX"}]}},"brand_term":[],"parsely":{"version":"1.1.0","canonical_url":"https:\/\/capgemini.com\/co-es\/sobre-nosotros\/gestion-y-gobierno\/politicas\/employee-relations-policy\/","smart_links":{"inbound":0,"outbound":0},"traffic_boost_suggestions_count":0,"meta":{"@context":"https:\/\/schema.org","@type":"WebPage","headline":"Pol\u00edtica de relaciones laborales","url":"https:\/\/www.capgemini.com\/co-es\/sobre-nosotros\/gestion-y-gobierno\/politicas\/employee-relations-policy\/","mainEntityOfPage":{"@type":"WebPage","@id":"https:\/\/www.capgemini.com\/co-es\/sobre-nosotros\/gestion-y-gobierno\/politicas\/employee-relations-policy\/"},"thumbnailUrl":"","image":{"@type":"ImageObject","url":""},"articleSection":"Uncategorized","author":[],"creator":[],"publisher":{"@type":"Organization","name":"Capgemini Colombia","logo":""},"keywords":[],"dateCreated":"2025-04-01T02:27:58Z","datePublished":"2025-04-01T02:27:58Z","dateModified":"2026-01-09T06:50:25Z"},"rendered":"<meta name=\"parsely-title\" content=\"Pol\u00edtica de relaciones laborales\" \/>\n<meta name=\"parsely-link\" content=\"https:\/\/www.capgemini.com\/co-es\/sobre-nosotros\/gestion-y-gobierno\/politicas\/employee-relations-policy\/\" \/>\n<meta name=\"parsely-type\" content=\"index\" \/>\n<meta name=\"parsely-pub-date\" content=\"2025-04-01T02:27:58Z\" \/>\n<meta name=\"parsely-section\" content=\"Uncategorized\" \/>","tracker_url":"https:\/\/cdn.parsely.com\/keys\/capgemini.com\/p.js"},"archive_status":false,"featured_image_src":"https:\/\/www.capgemini.com\/co-es\/wp-content\/themes\/capgemini2025\/assets\/images\/mockup.png","featured_image_alt":false,"jetpack_sharing_enabled":true,"distributor_meta":false,"distributor_terms":false,"distributor_media":false,"distributor_original_site_name":"Capgemini Colombia","distributor_original_site_url":"https:\/\/www.capgemini.com\/co-es","push-errors":false,"_links":{"self":[{"href":"https:\/\/www.capgemini.com\/co-es\/wp-json\/wp\/v2\/pages\/535181","targetHints":{"allow":["GET"]}}],"collection":[{"href":"https:\/\/www.capgemini.com\/co-es\/wp-json\/wp\/v2\/pages"}],"about":[{"href":"https:\/\/www.capgemini.com\/co-es\/wp-json\/wp\/v2\/types\/page"}],"author":[{"embeddable":true,"href":"https:\/\/www.capgemini.com\/co-es\/wp-json\/wp\/v2\/users\/33"}],"replies":[{"embeddable":true,"href":"https:\/\/www.capgemini.com\/co-es\/wp-json\/wp\/v2\/comments?post=535181"}],"version-history":[{"count":1,"href":"https:\/\/www.capgemini.com\/co-es\/wp-json\/wp\/v2\/pages\/535181\/revisions"}],"predecessor-version":[{"id":535182,"href":"https:\/\/www.capgemini.com\/co-es\/wp-json\/wp\/v2\/pages\/535181\/revisions\/535182"}],"up":[{"embeddable":true,"href":"https:\/\/www.capgemini.com\/co-es\/wp-json\/wp\/v2\/pages\/5591"}],"wp:attachment":[{"href":"https:\/\/www.capgemini.com\/co-es\/wp-json\/wp\/v2\/media?parent=535181"}],"wp:term":[{"taxonomy":"brand","embeddable":true,"href":"https:\/\/www.capgemini.com\/co-es\/wp-json\/wp\/v2\/brand?post=535181"},{"taxonomy":"partner_type","embeddable":true,"href":"https:\/\/www.capgemini.com\/co-es\/wp-json\/wp\/v2\/partner_type?post=535181"},{"taxonomy":"service","embeddable":true,"href":"https:\/\/www.capgemini.com\/co-es\/wp-json\/wp\/v2\/service?post=535181"},{"taxonomy":"industry","embeddable":true,"href":"https:\/\/www.capgemini.com\/co-es\/wp-json\/wp\/v2\/industry?post=535181"},{"taxonomy":"partners","embeddable":true,"href":"https:\/\/www.capgemini.com\/co-es\/wp-json\/wp\/v2\/partners?post=535181"},{"taxonomy":"page-type","embeddable":true,"href":"https:\/\/www.capgemini.com\/co-es\/wp-json\/wp\/v2\/page-type?post=535181"},{"taxonomy":"content-group","embeddable":true,"href":"https:\/\/www.capgemini.com\/co-es\/wp-json\/wp\/v2\/content-group?post=535181"}],"curies":[{"name":"wp","href":"https:\/\/api.w.org\/{rel}","templated":true}]}}