{"id":5344,"date":"2022-04-14T12:24:22","date_gmt":"2022-04-14T12:24:22","guid":{"rendered":"https:\/\/www.capgemini.com\/?page_id=679018"},"modified":"2025-10-28T15:14:33","modified_gmt":"2025-10-28T15:14:33","slug":"normas-de-conducta-para-proveedores","status":"publish","type":"page","link":"https:\/\/www.capgemini.com\/co-es\/sobre-nosotros\/quienes-somos\/valores-y-etica\/normas-de-conducta-para-proveedores\/","title":{"rendered":"C\u00f3digo de \u00c9tica empresarial"},"content":{"rendered":"\n<div class=\"wp-block-cg-blocks-hero-picture-card undefined  heroPictureCard\"><div class=\"heroPictureCardBgs\"><picture><source srcset=\"https:\/\/www.capgemini.com\/wp-content\/uploads\/2022\/04\/Capgemini_Our-Code-of-Business-Ethics.jpg?w=2880&amp;quality=70 1x, https:\/\/www.capgemini.com\/wp-content\/uploads\/2022\/04\/Capgemini_Our-Code-of-Business-Ethics.jpg?w=2880&amp;quality=70 2x\" media=\"(min-width: 1500px)\"\/><source srcset=\"https:\/\/www.capgemini.com\/wp-content\/uploads\/2022\/04\/Capgemini_Our-Code-of-Business-Ethics.jpg?w=1440&amp;quality=70 1x, https:\/\/www.capgemini.com\/wp-content\/uploads\/2022\/04\/Capgemini_Our-Code-of-Business-Ethics.jpg?w=2880&amp;quality=70 2x\" media=\"(min-width: 992px)\"\/><source srcset=\"https:\/\/www.capgemini.com\/wp-content\/uploads\/2022\/04\/Capgemini_Our-Code-of-Business-Ethics.jpg?w=1024&amp;quality=70 1x, https:\/\/www.capgemini.com\/wp-content\/uploads\/2022\/04\/Capgemini_Our-Code-of-Business-Ethics.jpg?w=1024&amp;quality=70 2x\" media=\"(min-width: 768px)\"\/><source srcset=\"https:\/\/www.capgemini.com\/wp-content\/uploads\/2022\/04\/Capgemini_Our-Code-of-Business-Ethics.jpg?w=768&amp;quality=70 1x, https:\/\/www.capgemini.com\/wp-content\/uploads\/2022\/04\/Capgemini_Our-Code-of-Business-Ethics.jpg?w=768&amp;quality=70 2x\" media=\"(min-width: 0)\"\/><img decoding=\"async\" src=\"https:\/\/www.capgemini.com\/wp-content\/uploads\/2022\/04\/Capgemini_Our-Code-of-Business-Ethics.jpg\" class=\"desktopImage\" alt=\"\" style=\"object-fit:cover;object-position:49% 33%\" loading=\"eager\"\/><\/picture><picture><source srcset=\"https:\/\/www.capgemini.com\/wp-content\/uploads\/2022\/04\/Capgemini_Our-Code-of-Business-Ethics.jpg?w=2880&amp;quality=70 1x, https:\/\/www.capgemini.com\/wp-content\/uploads\/2022\/04\/Capgemini_Our-Code-of-Business-Ethics.jpg?w=2880&amp;quality=70 2x\" media=\"(min-width: 1500px)\"\/><source srcset=\"https:\/\/www.capgemini.com\/wp-content\/uploads\/2022\/04\/Capgemini_Our-Code-of-Business-Ethics.jpg?w=1440&amp;quality=70 1x, https:\/\/www.capgemini.com\/wp-content\/uploads\/2022\/04\/Capgemini_Our-Code-of-Business-Ethics.jpg?w=2880&amp;quality=70 2x\" media=\"(min-width: 992px)\"\/><source srcset=\"https:\/\/www.capgemini.com\/wp-content\/uploads\/2022\/04\/Capgemini_Our-Code-of-Business-Ethics.jpg?w=1024&amp;quality=70 1x, https:\/\/www.capgemini.com\/wp-content\/uploads\/2022\/04\/Capgemini_Our-Code-of-Business-Ethics.jpg?w=1024&amp;quality=70 2x\" media=\"(min-width: 768px)\"\/><source srcset=\"https:\/\/www.capgemini.com\/wp-content\/uploads\/2022\/04\/Capgemini_Our-Code-of-Business-Ethics.jpg?w=768&amp;quality=70 1x, https:\/\/www.capgemini.com\/wp-content\/uploads\/2022\/04\/Capgemini_Our-Code-of-Business-Ethics.jpg?w=768&amp;quality=70 2x\" media=\"(min-width: 0)\"\/><img decoding=\"async\" src=\"https:\/\/www.capgemini.com\/wp-content\/uploads\/2022\/04\/Capgemini_Our-Code-of-Business-Ethics.jpg\" class=\"mobileImage\" alt=\"\" style=\"object-fit:cover;object-position:49% 33%\" loading=\"eager\"\/><\/picture><\/div><div class=\"heroPictureCardHeaderShape\"><\/div><div class=\"container\"><div class=\"row\"><div class=\"col-md-8 col-lg-6\"><div class=\"heroPictureCardBox\"><div class=\"heroPictureCardBoxTitle\"><h1 data-maxlength=\"144\">C\u00f3digo de \u00c9tica empresarial<\/h1><\/div><\/div><\/div><\/div><\/div><div class=\"small-device\"><div class=\"brandLogoWrapper\"> <\/div><\/div><\/div>\n\n\n\n<section class=\"wp-block-cg-blocks-intro-para undefined section section--intro\"><div class=\"intro-para\"><div class=\"container\"><div class=\"row\"><div class=\"col-12 col-md-1\"><nav class=\"article-social\"><ul class=\"social-nav\"><li class=\"ip-order-fb\"><a href=\"https:\/\/www.facebook.com\/sharer\/sharer.php?u=https:\/\/www.capgemini.com\/co-es\/sobre-nosotros\/quienes-somos\/valores-y-etica\/normas-de-conducta-para-proveedores\/\" target=\"_blank\" rel=\"noopener noreferrer\" title=\"opens in a new window\"><i aria-hidden=\"true\" class=\"icon-fb\"><\/i><span class=\"sr-only\">Facebook<\/span><\/a><\/li><li class=\"ip-order-li\"><a href=\"https:\/\/www.linkedin.com\/sharing\/share-offsite\/?url=https:\/\/www.capgemini.com\/co-es\/sobre-nosotros\/quienes-somos\/valores-y-etica\/normas-de-conducta-para-proveedores\/\" target=\"_blank\" rel=\"noopener noreferrer\" title=\"opens in a new window\"><i aria-hidden=\"true\" class=\"icon-li\"><\/i><span class=\"sr-only\">Linkedin<\/span><\/a><\/li><\/ul><\/nav><\/div><div class=\"col-12 col-md-11 col-lg-10\"><h2 class=\"intro-para-title\">El Grupo Capgemini siempre ha sido una organizaci\u00f3n basada en valores. Tratamos de adoptar una mentalidad y un comportamiento \u00e9ticos en todas nuestras actividades empresariales diarias.<\/h2><\/div><\/div><\/div><\/div><\/section>\n\n\n\n<section class=\"wp-block-cg-blocks-group undefined section section--article-content\"><div class=\"article-main-content\"><div class=\"container\"><div class=\"row\"><div class=\"col-12 col-md-11 col-lg-10 offset-md-1 offset-lg-1\"><div class=\"article-text article-quote-text\">\n<p>Nuestro C\u00f3digo de \u00c9tica empresarial presenta nuestros valores, principios \u00e9ticos y los comportamientos esperados en cinco \u00e1reas clave:<\/p>\n\n\n\n<ul class=\"wp-block-list\">\n<li>Un entorno de trabajo seguro e inclusivo.<\/li>\n\n\n\n<li>Confianza en las relaciones de negocio.<\/li>\n\n\n\n<li>Seguridad e integridad de los activos del Grupo y de terceros.<\/li>\n\n\n\n<li>Responsabilidad social corporativa.<\/li>\n\n\n\n<li>Cultura expresar lo que piensas.<\/li>\n<\/ul>\n\n\n\n<p><\/p>\n\n\n\n<h5 class=\"wp-block-heading\" id=\"h-download-our-code-of-business-ethics\">Download our Code of Business Ethics<\/h5>\n\n\n\n<p><a href=\"https:\/\/www.capgemini.com\/wp-content\/uploads\/2022\/06\/Capgemini-CBE_2022_English-v3.3.pdf\" target=\"_blank\" rel=\"noreferrer noopener\">EN<\/a>&nbsp;|&nbsp;<a href=\"https:\/\/www.capgemini.com\/wp-content\/uploads\/2022\/06\/Capgemini-CBE_2022_Spanish-v3.3.pdf\" target=\"_blank\" rel=\"noreferrer noopener\">ES<\/a>&nbsp;| <a href=\"https:\/\/www.capgemini.com\/wp-content\/uploads\/2022\/06\/Capgemini-CBE_2022_German-v3.3.pdf\" target=\"_blank\" rel=\"noreferrer noopener\">DE<\/a> | <a href=\"https:\/\/www.capgemini.com\/wp-content\/uploads\/2022\/06\/Capgemini-CBE_2022_French-v3.3.pdf\" target=\"_blank\" rel=\"noreferrer noopener\">FR<\/a> | <a href=\"https:\/\/www.capgemini.com\/wp-content\/uploads\/2022\/06\/Capgemini-CBE_2022_Italian-v3.3.pdf\" target=\"_blank\" rel=\"noreferrer noopener\">IT<\/a> | <a href=\"https:\/\/www.capgemini.com\/wp-content\/uploads\/2022\/06\/Capgemini-CBE_2022_Polish-v3.3.pdf\" target=\"_blank\" rel=\"noreferrer noopener\">PL<\/a> | <a href=\"https:\/\/www.capgemini.com\/wp-content\/uploads\/2022\/06\/Capgemini-CBE_2022_Brazilian-v3.3.pdf\" target=\"_blank\" rel=\"noreferrer noopener\">PT<\/a> | <a href=\"https:\/\/www.capgemini.com\/wp-content\/uploads\/2022\/06\/Capgemini-CBE_2022_Russian-v3.3.pdf\" target=\"_blank\" rel=\"noreferrer noopener\">RU<\/a> |&nbsp;<a href=\"https:\/\/www.capgemini.com\/wp-content\/uploads\/2022\/06\/Capgemini-CBE_2022_Chinese-v3.3.pdf\" target=\"_blank\" rel=\"noreferrer noopener\">ZH<\/a><\/p>\n\n\n\n<p><\/p>\n\n\n\n<p><\/p>\n\n\n\n<p><\/p>\n<\/div><\/div><\/div><\/div><\/div><\/section>\n","protected":false},"excerpt":{"rendered":"","protected":false},"author":121,"featured_media":0,"parent":5877,"menu_order":3,"comment_status":"closed","ping_status":"closed","template":"","meta":{"cg_dt_proposed_to":[0],"cg_seo_hreflang_relations":"[]","cg_seo_canonical_relation":"","cg_seo_hreflang_x_default_relation":"{\"uuid\":\"25fcffbb-1476-44ec-8f74-451b2fbd651e\",\"blogId\":\"\",\"domain\":\"\",\"sitePath\":\"\",\"postLink\":\"\",\"postId\":null,\"isSaved\":true,\"isCrossLink\":false,\"hasCrossLink\":false}","cg_dt_approved_content":false,"cg_dt_mandatory_content":false,"cg_dt_notes":"","cg_dg_source_changed":false,"cg_dt_link_disabled":false,"_yoast_wpseo_primary_brand":"","footnotes":"","featured_focal_points":"","partner_card_description":"","gsap_animation":0},"brand":[],"partner_type":[],"service":[],"industry":[],"partners":[],"page-type":[],"content-group":[],"class_list":["post-5344","page","type-page","status-publish","hentry"],"yoast_head":"<!-- This site is optimized with the Yoast SEO Premium plugin v22.8 (Yoast SEO v22.8) - https:\/\/yoast.com\/wordpress\/plugins\/seo\/ -->\n<title>Code of Business Ethics | Our Ethical Culture | Capgemini<\/title>\n<meta name=\"description\" content=\"El Grupo Capgemini siempre ha sido una organizaci\u00f3n basada en valores.\" \/>\n<meta name=\"robots\" content=\"index, follow, max-snippet:-1, max-image-preview:large, max-video-preview:-1\" \/>\n<link rel=\"canonical\" href=\"https:\/\/www.capgemini.com\/co-es\/sobre-nosotros\/quienes-somos\/valores-y-etica\/normas-de-conducta-para-proveedores\/\" \/>\n<meta property=\"og:locale\" content=\"es_MX\" \/>\n<meta property=\"og:type\" content=\"article\" \/>\n<meta property=\"og:title\" content=\"C\u00f3digo de \u00c9tica empresarial\" \/>\n<meta property=\"og:description\" content=\"El Grupo Capgemini siempre ha sido una organizaci\u00f3n basada en valores.\" \/>\n<meta property=\"og:url\" content=\"https:\/\/www.capgemini.com\/co-es\/sobre-nosotros\/quienes-somos\/valores-y-etica\/normas-de-conducta-para-proveedores\/\" \/>\n<meta property=\"og:site_name\" content=\"Capgemini Colombia\" \/>\n<meta property=\"article:modified_time\" content=\"2025-10-28T15:14:33+00:00\" \/>\n<meta property=\"og:image\" content=\"https:\/\/www.capgemini.com\/wp-content\/uploads\/2022\/04\/Capgemini_Our-Code-of-Business-Ethics.jpg\" \/>\n<meta name=\"twitter:card\" content=\"summary_large_image\" \/>\n<script type=\"application\/ld+json\" class=\"yoast-schema-graph\">{\"@context\":\"https:\/\/schema.org\",\"@graph\":[{\"@type\":\"WebPage\",\"@id\":\"https:\/\/www.capgemini.com\/co-es\/sobre-nosotros\/quienes-somos\/valores-y-etica\/normas-de-conducta-para-proveedores\/\",\"url\":\"https:\/\/www.capgemini.com\/co-es\/sobre-nosotros\/quienes-somos\/valores-y-etica\/normas-de-conducta-para-proveedores\/\",\"name\":\"Code of Business Ethics | Our Ethical Culture | Capgemini\",\"isPartOf\":{\"@id\":\"https:\/\/www.capgemini.com\/co-es\/#website\"},\"primaryImageOfPage\":{\"@id\":\"https:\/\/www.capgemini.com\/co-es\/sobre-nosotros\/quienes-somos\/valores-y-etica\/normas-de-conducta-para-proveedores\/#primaryimage\"},\"image\":{\"@id\":\"https:\/\/www.capgemini.com\/co-es\/sobre-nosotros\/quienes-somos\/valores-y-etica\/normas-de-conducta-para-proveedores\/#primaryimage\"},\"thumbnailUrl\":\"https:\/\/www.capgemini.com\/wp-content\/uploads\/2022\/04\/Capgemini_Our-Code-of-Business-Ethics.jpg\",\"datePublished\":\"2022-04-14T12:24:22+00:00\",\"dateModified\":\"2025-10-28T15:14:33+00:00\",\"description\":\"El Grupo Capgemini siempre ha sido una organizaci\u00f3n basada en valores.\",\"breadcrumb\":{\"@id\":\"https:\/\/www.capgemini.com\/co-es\/sobre-nosotros\/quienes-somos\/valores-y-etica\/normas-de-conducta-para-proveedores\/#breadcrumb\"},\"inLanguage\":\"es-MX\",\"potentialAction\":[{\"@type\":\"ReadAction\",\"target\":[\"https:\/\/www.capgemini.com\/co-es\/sobre-nosotros\/quienes-somos\/valores-y-etica\/normas-de-conducta-para-proveedores\/\"]}]},{\"@type\":\"ImageObject\",\"inLanguage\":\"es-MX\",\"@id\":\"https:\/\/www.capgemini.com\/co-es\/sobre-nosotros\/quienes-somos\/valores-y-etica\/normas-de-conducta-para-proveedores\/#primaryimage\",\"url\":\"https:\/\/www.capgemini.com\/wp-content\/uploads\/2022\/04\/Capgemini_Our-Code-of-Business-Ethics.jpg\",\"contentUrl\":\"https:\/\/www.capgemini.com\/wp-content\/uploads\/2022\/04\/Capgemini_Our-Code-of-Business-Ethics.jpg\"},{\"@type\":\"BreadcrumbList\",\"@id\":\"https:\/\/www.capgemini.com\/co-es\/sobre-nosotros\/quienes-somos\/valores-y-etica\/normas-de-conducta-para-proveedores\/#breadcrumb\",\"itemListElement\":[{\"@type\":\"ListItem\",\"position\":1,\"name\":\"Home\",\"item\":\"https:\/\/www.capgemini.com\/co-es\/\"},{\"@type\":\"ListItem\",\"position\":2,\"name\":\"Sobre nosotros\",\"item\":\"https:\/\/www.capgemini.com\/co-es\/sobre-nosotros\/\"},{\"@type\":\"ListItem\",\"position\":3,\"name\":\"Qui\u00e9nes somos\",\"item\":\"https:\/\/www.capgemini.com\/co-es\/sobre-nosotros\/quienes-somos\/\"},{\"@type\":\"ListItem\",\"position\":4,\"name\":\"Valores y \u00e9tica\",\"item\":\"https:\/\/www.capgemini.com\/co-es\/sobre-nosotros\/quienes-somos\/valores-y-etica\/\"},{\"@type\":\"ListItem\",\"position\":5,\"name\":\"C\u00f3digo de \u00c9tica empresarial\"}]},{\"@type\":\"WebSite\",\"@id\":\"https:\/\/www.capgemini.com\/co-es\/#website\",\"url\":\"https:\/\/www.capgemini.com\/co-es\/\",\"name\":\"Capgemini Colombia\",\"description\":\"Capgemini\",\"potentialAction\":[{\"@type\":\"SearchAction\",\"target\":{\"@type\":\"EntryPoint\",\"urlTemplate\":\"https:\/\/www.capgemini.com\/co-es\/?s={search_term_string}\"},\"query-input\":\"required name=search_term_string\"}],\"inLanguage\":\"es-MX\"}]}<\/script>\n<!-- \/ Yoast SEO Premium plugin. -->","yoast_head_json":{"title":"Code of Business Ethics | Our Ethical Culture | Capgemini","description":"El Grupo Capgemini siempre ha sido una organizaci\u00f3n basada en valores.","robots":{"index":"index","follow":"follow","max-snippet":"max-snippet:-1","max-image-preview":"max-image-preview:large","max-video-preview":"max-video-preview:-1"},"canonical":"https:\/\/www.capgemini.com\/co-es\/sobre-nosotros\/quienes-somos\/valores-y-etica\/normas-de-conducta-para-proveedores\/","og_locale":"es_MX","og_type":"article","og_title":"C\u00f3digo de \u00c9tica empresarial","og_description":"El Grupo Capgemini siempre ha sido una organizaci\u00f3n basada en valores.","og_url":"https:\/\/www.capgemini.com\/co-es\/sobre-nosotros\/quienes-somos\/valores-y-etica\/normas-de-conducta-para-proveedores\/","og_site_name":"Capgemini Colombia","article_modified_time":"2025-10-28T15:14:33+00:00","og_image":[{"url":"https:\/\/www.capgemini.com\/wp-content\/uploads\/2022\/04\/Capgemini_Our-Code-of-Business-Ethics.jpg"}],"twitter_card":"summary_large_image","schema":{"@context":"https:\/\/schema.org","@graph":[{"@type":"WebPage","@id":"https:\/\/www.capgemini.com\/co-es\/sobre-nosotros\/quienes-somos\/valores-y-etica\/normas-de-conducta-para-proveedores\/","url":"https:\/\/www.capgemini.com\/co-es\/sobre-nosotros\/quienes-somos\/valores-y-etica\/normas-de-conducta-para-proveedores\/","name":"Code of Business Ethics | Our Ethical Culture | Capgemini","isPartOf":{"@id":"https:\/\/www.capgemini.com\/co-es\/#website"},"primaryImageOfPage":{"@id":"https:\/\/www.capgemini.com\/co-es\/sobre-nosotros\/quienes-somos\/valores-y-etica\/normas-de-conducta-para-proveedores\/#primaryimage"},"image":{"@id":"https:\/\/www.capgemini.com\/co-es\/sobre-nosotros\/quienes-somos\/valores-y-etica\/normas-de-conducta-para-proveedores\/#primaryimage"},"thumbnailUrl":"https:\/\/www.capgemini.com\/wp-content\/uploads\/2022\/04\/Capgemini_Our-Code-of-Business-Ethics.jpg","datePublished":"2022-04-14T12:24:22+00:00","dateModified":"2025-10-28T15:14:33+00:00","description":"El Grupo Capgemini siempre ha sido una organizaci\u00f3n basada en valores.","breadcrumb":{"@id":"https:\/\/www.capgemini.com\/co-es\/sobre-nosotros\/quienes-somos\/valores-y-etica\/normas-de-conducta-para-proveedores\/#breadcrumb"},"inLanguage":"es-MX","potentialAction":[{"@type":"ReadAction","target":["https:\/\/www.capgemini.com\/co-es\/sobre-nosotros\/quienes-somos\/valores-y-etica\/normas-de-conducta-para-proveedores\/"]}]},{"@type":"ImageObject","inLanguage":"es-MX","@id":"https:\/\/www.capgemini.com\/co-es\/sobre-nosotros\/quienes-somos\/valores-y-etica\/normas-de-conducta-para-proveedores\/#primaryimage","url":"https:\/\/www.capgemini.com\/wp-content\/uploads\/2022\/04\/Capgemini_Our-Code-of-Business-Ethics.jpg","contentUrl":"https:\/\/www.capgemini.com\/wp-content\/uploads\/2022\/04\/Capgemini_Our-Code-of-Business-Ethics.jpg"},{"@type":"BreadcrumbList","@id":"https:\/\/www.capgemini.com\/co-es\/sobre-nosotros\/quienes-somos\/valores-y-etica\/normas-de-conducta-para-proveedores\/#breadcrumb","itemListElement":[{"@type":"ListItem","position":1,"name":"Home","item":"https:\/\/www.capgemini.com\/co-es\/"},{"@type":"ListItem","position":2,"name":"Sobre nosotros","item":"https:\/\/www.capgemini.com\/co-es\/sobre-nosotros\/"},{"@type":"ListItem","position":3,"name":"Qui\u00e9nes somos","item":"https:\/\/www.capgemini.com\/co-es\/sobre-nosotros\/quienes-somos\/"},{"@type":"ListItem","position":4,"name":"Valores y \u00e9tica","item":"https:\/\/www.capgemini.com\/co-es\/sobre-nosotros\/quienes-somos\/valores-y-etica\/"},{"@type":"ListItem","position":5,"name":"C\u00f3digo de \u00c9tica empresarial"}]},{"@type":"WebSite","@id":"https:\/\/www.capgemini.com\/co-es\/#website","url":"https:\/\/www.capgemini.com\/co-es\/","name":"Capgemini Colombia","description":"Capgemini","potentialAction":[{"@type":"SearchAction","target":{"@type":"EntryPoint","urlTemplate":"https:\/\/www.capgemini.com\/co-es\/?s={search_term_string}"},"query-input":"required name=search_term_string"}],"inLanguage":"es-MX"}]}},"brand_term":[],"parsely":{"version":"1.1.0","canonical_url":"https:\/\/capgemini.com\/co-es\/sobre-nosotros\/quienes-somos\/valores-y-etica\/normas-de-conducta-para-proveedores\/","smart_links":{"inbound":0,"outbound":0},"traffic_boost_suggestions_count":0,"meta":{"@context":"https:\/\/schema.org","@type":"WebPage","headline":"C\u00f3digo de \u00c9tica empresarial","url":"https:\/\/www.capgemini.com\/co-es\/sobre-nosotros\/quienes-somos\/valores-y-etica\/normas-de-conducta-para-proveedores\/","mainEntityOfPage":{"@type":"WebPage","@id":"https:\/\/www.capgemini.com\/co-es\/sobre-nosotros\/quienes-somos\/valores-y-etica\/normas-de-conducta-para-proveedores\/"},"thumbnailUrl":"","image":{"@type":"ImageObject","url":""},"articleSection":"Uncategorized","author":[],"creator":[],"publisher":{"@type":"Organization","name":"Capgemini Colombia","logo":""},"keywords":[],"dateCreated":"2022-04-14T12:24:22Z","datePublished":"2022-04-14T12:24:22Z","dateModified":"2025-10-28T15:14:33Z"},"rendered":"<meta name=\"parsely-title\" content=\"C\u00f3digo de \u00c9tica empresarial\" \/>\n<meta name=\"parsely-link\" content=\"https:\/\/www.capgemini.com\/co-es\/sobre-nosotros\/quienes-somos\/valores-y-etica\/normas-de-conducta-para-proveedores\/\" \/>\n<meta name=\"parsely-type\" content=\"index\" \/>\n<meta name=\"parsely-pub-date\" content=\"2022-04-14T12:24:22Z\" \/>\n<meta name=\"parsely-section\" content=\"Uncategorized\" \/>","tracker_url":"https:\/\/cdn.parsely.com\/keys\/capgemini.com\/p.js"},"archive_status":false,"featured_image_src":"https:\/\/www.capgemini.com\/co-es\/wp-content\/themes\/capgemini2025\/assets\/images\/mockup.png","featured_image_alt":false,"jetpack_sharing_enabled":true,"distributor_meta":false,"distributor_terms":false,"distributor_media":false,"distributor_original_site_name":"Capgemini Colombia","distributor_original_site_url":"https:\/\/www.capgemini.com\/co-es","push-errors":false,"_links":{"self":[{"href":"https:\/\/www.capgemini.com\/co-es\/wp-json\/wp\/v2\/pages\/5344","targetHints":{"allow":["GET"]}}],"collection":[{"href":"https:\/\/www.capgemini.com\/co-es\/wp-json\/wp\/v2\/pages"}],"about":[{"href":"https:\/\/www.capgemini.com\/co-es\/wp-json\/wp\/v2\/types\/page"}],"author":[{"embeddable":true,"href":"https:\/\/www.capgemini.com\/co-es\/wp-json\/wp\/v2\/users\/121"}],"replies":[{"embeddable":true,"href":"https:\/\/www.capgemini.com\/co-es\/wp-json\/wp\/v2\/comments?post=5344"}],"version-history":[{"count":9,"href":"https:\/\/www.capgemini.com\/co-es\/wp-json\/wp\/v2\/pages\/5344\/revisions"}],"predecessor-version":[{"id":544446,"href":"https:\/\/www.capgemini.com\/co-es\/wp-json\/wp\/v2\/pages\/5344\/revisions\/544446"}],"up":[{"embeddable":true,"href":"https:\/\/www.capgemini.com\/co-es\/wp-json\/wp\/v2\/pages\/5877"}],"wp:attachment":[{"href":"https:\/\/www.capgemini.com\/co-es\/wp-json\/wp\/v2\/media?parent=5344"}],"wp:term":[{"taxonomy":"brand","embeddable":true,"href":"https:\/\/www.capgemini.com\/co-es\/wp-json\/wp\/v2\/brand?post=5344"},{"taxonomy":"partner_type","embeddable":true,"href":"https:\/\/www.capgemini.com\/co-es\/wp-json\/wp\/v2\/partner_type?post=5344"},{"taxonomy":"service","embeddable":true,"href":"https:\/\/www.capgemini.com\/co-es\/wp-json\/wp\/v2\/service?post=5344"},{"taxonomy":"industry","embeddable":true,"href":"https:\/\/www.capgemini.com\/co-es\/wp-json\/wp\/v2\/industry?post=5344"},{"taxonomy":"partners","embeddable":true,"href":"https:\/\/www.capgemini.com\/co-es\/wp-json\/wp\/v2\/partners?post=5344"},{"taxonomy":"page-type","embeddable":true,"href":"https:\/\/www.capgemini.com\/co-es\/wp-json\/wp\/v2\/page-type?post=5344"},{"taxonomy":"content-group","embeddable":true,"href":"https:\/\/www.capgemini.com\/co-es\/wp-json\/wp\/v2\/content-group?post=5344"}],"curies":[{"name":"wp","href":"https:\/\/api.w.org\/{rel}","templated":true}]}}