{"id":5342,"date":"2022-04-14T12:32:00","date_gmt":"2022-04-14T12:32:00","guid":{"rendered":"https:\/\/www.capgemini.com\/?page_id=679048"},"modified":"2025-10-28T15:21:10","modified_gmt":"2025-10-28T15:21:10","slug":"empresas-mas-eticas-del-mundo","status":"publish","type":"page","link":"https:\/\/www.capgemini.com\/co-es\/sobre-nosotros\/quienes-somos\/valores-y-etica\/empresas-mas-eticas-del-mundo\/","title":{"rendered":"Empresas m\u00e1s eticas del mundo\u00ae"},"content":{"rendered":"\n<div class=\"wp-block-cg-blocks-hero-picture-card undefined  heroPictureCard heroPictureCardLogTitle \"><div class=\"heroPictureCardBgs\"><picture><source srcset=\"https:\/\/www.capgemini.com\/wp-content\/uploads\/2024\/03\/2024-02-20_Ethics-in-motion-web-banner-2880x1800px_v1.png?w=2880&amp;quality=70 1x, https:\/\/www.capgemini.com\/wp-content\/uploads\/2024\/03\/2024-02-20_Ethics-in-motion-web-banner-2880x1800px_v1.png?w=2880&amp;quality=70 2x\" media=\"(min-width: 1500px)\"\/><source srcset=\"https:\/\/www.capgemini.com\/wp-content\/uploads\/2024\/03\/2024-02-20_Ethics-in-motion-web-banner-2880x1800px_v1.png?w=1440&amp;quality=70 1x, https:\/\/www.capgemini.com\/wp-content\/uploads\/2024\/03\/2024-02-20_Ethics-in-motion-web-banner-2880x1800px_v1.png?w=2880&amp;quality=70 2x\" media=\"(min-width: 992px)\"\/><source srcset=\"https:\/\/www.capgemini.com\/wp-content\/uploads\/2024\/03\/2024-02-20_Ethics-in-motion-web-banner-2880x1800px_v1.png?w=1024&amp;quality=70 1x, https:\/\/www.capgemini.com\/wp-content\/uploads\/2024\/03\/2024-02-20_Ethics-in-motion-web-banner-2880x1800px_v1.png?w=1024&amp;quality=70 2x\" media=\"(min-width: 768px)\"\/><source srcset=\"https:\/\/www.capgemini.com\/wp-content\/uploads\/2024\/03\/2024-02-20_Ethics-in-motion-web-banner-2880x1800px_v1.png?w=768&amp;quality=70 1x, https:\/\/www.capgemini.com\/wp-content\/uploads\/2024\/03\/2024-02-20_Ethics-in-motion-web-banner-2880x1800px_v1.png?w=768&amp;quality=70 2x\" media=\"(min-width: 0)\"\/><img decoding=\"async\" src=\"https:\/\/www.capgemini.com\/wp-content\/uploads\/2024\/03\/2024-02-20_Ethics-in-motion-web-banner-2880x1800px_v1.png\" class=\"desktopImage\" alt=\"\" style=\"object-fit:cover;object-position:59% 54%\" loading=\"eager\"\/><\/picture><picture><source srcset=\"https:\/\/www.capgemini.com\/wp-content\/uploads\/2024\/03\/2024-02-20_Ethics-in-motion-web-banner-2880x1800px_v1.png?w=2880&amp;quality=70 1x, https:\/\/www.capgemini.com\/wp-content\/uploads\/2024\/03\/2024-02-20_Ethics-in-motion-web-banner-2880x1800px_v1.png?w=2880&amp;quality=70 2x\" media=\"(min-width: 1500px)\"\/><source srcset=\"https:\/\/www.capgemini.com\/wp-content\/uploads\/2024\/03\/2024-02-20_Ethics-in-motion-web-banner-2880x1800px_v1.png?w=1440&amp;quality=70 1x, https:\/\/www.capgemini.com\/wp-content\/uploads\/2024\/03\/2024-02-20_Ethics-in-motion-web-banner-2880x1800px_v1.png?w=2880&amp;quality=70 2x\" media=\"(min-width: 992px)\"\/><source srcset=\"https:\/\/www.capgemini.com\/wp-content\/uploads\/2024\/03\/2024-02-20_Ethics-in-motion-web-banner-2880x1800px_v1.png?w=1024&amp;quality=70 1x, https:\/\/www.capgemini.com\/wp-content\/uploads\/2024\/03\/2024-02-20_Ethics-in-motion-web-banner-2880x1800px_v1.png?w=1024&amp;quality=70 2x\" media=\"(min-width: 768px)\"\/><source srcset=\"https:\/\/www.capgemini.com\/wp-content\/uploads\/2024\/03\/2024-02-20_Ethics-in-motion-web-banner-2880x1800px_v1.png?w=768&amp;quality=70 1x, https:\/\/www.capgemini.com\/wp-content\/uploads\/2024\/03\/2024-02-20_Ethics-in-motion-web-banner-2880x1800px_v1.png?w=768&amp;quality=70 2x\" media=\"(min-width: 0)\"\/><img decoding=\"async\" src=\"https:\/\/www.capgemini.com\/wp-content\/uploads\/2024\/03\/2024-02-20_Ethics-in-motion-web-banner-2880x1800px_v1.png\" class=\"mobileImage\" alt=\"\" style=\"object-fit:cover;object-position:59% 54%\" loading=\"eager\"\/><\/picture><\/div><div class=\"heroPictureCardHeaderShape\"><\/div><div class=\"container\"><div class=\"row\"><div class=\"col-md-10 col-lg-10 LongTitle\"><div class=\"heroPictureCardBox\"><div class=\"heroPictureCardBoxTitle\"><h1 data-maxlength=\"144\">Una de las empresas m\u00e1s \u00e9ticas del mundo\u00ae &#8211; 12 a\u00f1os consecutivos<\/h1><\/div><\/div><\/div><\/div><\/div><div class=\"small-device\"><div class=\"logoWrapperLongTitle\"> <\/div><\/div><\/div>\n\n\n\n<section class=\"wp-block-cg-blocks-intro-para undefined section section--intro\"><div class=\"intro-para\"><div class=\"container\"><div class=\"row\"><div class=\"col-12 col-md-1\"><nav class=\"article-social\"><ul class=\"social-nav\"><li class=\"ip-order-fb\"><a href=\"https:\/\/www.facebook.com\/sharer\/sharer.php?u=https:\/\/www.capgemini.com\/co-es\/sobre-nosotros\/quienes-somos\/valores-y-etica\/empresas-mas-eticas-del-mundo\/\" target=\"_blank\" rel=\"noopener noreferrer\" title=\"opens in a new window\"><i aria-hidden=\"true\" class=\"icon-fb\"><\/i><span class=\"sr-only\">Facebook<\/span><\/a><\/li><li class=\"ip-order-li\"><a href=\"https:\/\/www.linkedin.com\/sharing\/share-offsite\/?url=https:\/\/www.capgemini.com\/co-es\/sobre-nosotros\/quienes-somos\/valores-y-etica\/empresas-mas-eticas-del-mundo\/\" target=\"_blank\" rel=\"noopener noreferrer\" title=\"opens in a new window\"><i aria-hidden=\"true\" class=\"icon-li\"><\/i><span class=\"sr-only\">Linkedin<\/span><\/a><\/li><\/ul><\/nav><\/div><div class=\"col-12 col-md-11 col-lg-10\"><h2 class=\"intro-para-title\">Por decimotercer a\u00f1o consecutivo, Capgemini ha sido reconocida como una de las Empresas M\u00e1s \u00c9ticas del Mundo\u00ae por el Instituto Ethisphere\u00ae. Este reconocimiento a nuestra cultura \u00e9tica nos convierte en un empleador predilecto y una empresa responsable ante nuestros clientes, accionistas y la comunidad en general.<\/h2><\/div><\/div><\/div><\/div><\/section>\n\n\n\n<section class=\"wp-block-cg-blocks-group undefined section section--article-content\"><div class=\"article-main-content\"><div class=\"container\"><div class=\"row\"><div class=\"col-12 col-md-11 col-lg-10 offset-md-1 offset-lg-1\"><div class=\"article-text article-quote-text\">\n<h3 class=\"wp-block-heading\" id=\"h-que-es-world-s-most-ethical-companies\"><strong>\u00bfQu\u00e9 es World&#8217;s Most Ethical Companies\u00ae?<\/strong><\/h3>\n\n\n\n<figure class=\"wp-block-image alignright size-medium is-resized\"><img decoding=\"async\" src=\"https:\/\/www.capgemini.com\/wp-content\/uploads\/2025\/03\/2525750_2025-CustomWMEC-Logos_13X_111325-1.png?w=300\" alt=\"\" class=\"wp-image-1111254\" style=\"aspect-ratio:1.4514563106796117;object-fit:cover;width:375px\"\/><\/figure>\n\n\n\n<p class=\"is-style-cg-core-paragraph\">Este reconocimiento fue lanzado en 2007 por el Instituto Ethisphere para reconocer y celebrar p\u00fablicamente a las empresas que demuestran un verdadero liderazgo \u00e9tico en sus sectores. Ethisphere distingue a las empresas que sobresalen en tres \u00e1reas: promoci\u00f3n interna de normas y pr\u00e1cticas empresariales \u00e9ticas, capacitaci\u00f3n de directivos y empleados para que tomen buenas decisiones, y configuraci\u00f3n de las futuras normas del sector introduciendo hoy las mejores pr\u00e1cticas del ma\u00f1ana.<\/p>\n\n\n\n<p class=\"is-style-cg-core-paragraph\">Hist\u00f3ricamente, los galardonados han obtenido mejores resultados econ\u00f3micos que los dem\u00e1s, lo que demuestra la relaci\u00f3n entre las buenas pr\u00e1cticas \u00e9ticas y los resultados que se valoran en el mercado.<\/p>\n\n\n\n<h2 class=\"wp-block-heading\" id=\"h-por-que-es-tan-importante-para-nosotros-este-reconocimiento\"><strong>\u00bfPor qu\u00e9 es tan importante para nosotros este reconocimiento?<\/strong><\/h2>\n\n\n\n<p>Es un honor para Capgemini ser reconocida una vez m\u00e1s por sus elevadas pr\u00e1cticas \u00e9ticas. El reconocimiento como una de las empresas m\u00e1s \u00e9ticas del mundo nos mantiene motivados para mejorar cada a\u00f1o. Guiado por nuestros Valores, el Grupo tiene previsto seguir forjando relaciones comerciales de confianza a largo plazo y liderando el camino hacia un futuro \u00e9tico.<\/p>\n\n\n\n<p>Cada a\u00f1o, el proceso de nominaci\u00f3n se hace m\u00e1s duro. Respondemos a un cuestionario de m\u00e1s de 200 preguntas, que requiere aportaciones detalladas de diversas partes interesadas en \u00e1mbitos que van desde nuestra cultura y programa \u00e9ticos, gobierno corporativo, gesti\u00f3n de terceros, liderazgo, reputaci\u00f3n y responsabilidad social corporativa.<\/p>\n\n\n\n<h3 class=\"wp-block-heading\" id=\"h-sobre-nuestra-cultura-etica\"><strong>Sobre nuestra cultura \u00e9tica<\/strong><\/h3>\n\n\n\n<p>En 2010, establecimos un programa formal de \u00e9tica en Capgemini, con nuestros Valores como n\u00facleo. Este amplio programa era crucial para el \u00e9xito de un Grupo diverso y descentralizado como el nuestro, con equipos multiculturales que operan en m\u00e1s de 50 pa\u00edses.<\/p>\n\n\n\n<p>Mantener nuestra cultura \u00e9tica requiere una innovaci\u00f3n constante: en 2021, publicamos una Pol\u00edtica de Derechos Humanos y un C\u00f3digo \u00c9tico para la IA totalmente nuevos, escuchamos a nuestros empleados a trav\u00e9s de encuestas y reforzamos nuestra cultura de denuncia, entre otras cosas.<\/p>\n<\/div><\/div><\/div><\/div><\/div><\/section>\n","protected":false},"excerpt":{"rendered":"","protected":false},"author":23,"featured_media":5343,"parent":5877,"menu_order":2,"comment_status":"closed","ping_status":"closed","template":"","meta":{"cg_dt_proposed_to":[0],"cg_seo_hreflang_relations":"[]","cg_seo_canonical_relation":"","cg_seo_hreflang_x_default_relation":"{\"uuid\":\"604ed443-3b10-4d99-ba3f-f263435311ef\",\"blogId\":\"\",\"domain\":\"\",\"sitePath\":\"\",\"postLink\":\"\",\"postId\":null,\"isSaved\":true,\"isCrossLink\":false,\"hasCrossLink\":false}","cg_dt_approved_content":false,"cg_dt_mandatory_content":false,"cg_dt_notes":"","cg_dg_source_changed":false,"cg_dt_link_disabled":false,"_yoast_wpseo_primary_brand":"","footnotes":"","featured_focal_points":"{\"x\":\"0.49\",\"y\":\"0.73\"}","partner_card_description":"","gsap_animation":0},"brand":[],"partner_type":[],"service":[],"industry":[],"partners":[],"page-type":[168],"content-group":[],"class_list":["post-5342","page","type-page","status-publish","has-post-thumbnail","hentry","page-type-about-us"],"yoast_head":"<!-- This site is optimized with the Yoast SEO Premium plugin v22.8 (Yoast SEO v22.8) - https:\/\/yoast.com\/wordpress\/plugins\/seo\/ -->\n<title>Empresas m\u00e1s \u00e9ticas del mundo\u00ae | Capgemini<\/title>\n<meta name=\"description\" content=\"Durante diez a\u00f1os consecutivos, Capgemini ha sido reconocida como una de las empresas m\u00e1s \u00e9ticas del mundo por el Instituto Ethisphere\u00ae\" \/>\n<meta name=\"robots\" content=\"index, follow, max-snippet:-1, max-image-preview:large, max-video-preview:-1\" \/>\n<link rel=\"canonical\" href=\"https:\/\/www.capgemini.com\/co-es\/sobre-nosotros\/quienes-somos\/valores-y-etica\/empresas-mas-eticas-del-mundo\/\" \/>\n<meta property=\"og:locale\" content=\"es_MX\" \/>\n<meta property=\"og:type\" content=\"article\" \/>\n<meta property=\"og:title\" content=\"Empresas m\u00e1s eticas del mundo\u00ae\" \/>\n<meta property=\"og:description\" content=\"Durante diez a\u00f1os consecutivos, Capgemini ha sido reconocida como una de las empresas m\u00e1s \u00e9ticas del mundo por el Instituto Ethisphere\u00ae\" \/>\n<meta property=\"og:url\" content=\"https:\/\/www.capgemini.com\/co-es\/sobre-nosotros\/quienes-somos\/valores-y-etica\/empresas-mas-eticas-del-mundo\/\" \/>\n<meta property=\"og:site_name\" content=\"Capgemini Colombia\" \/>\n<meta property=\"article:modified_time\" content=\"2025-10-28T15:21:10+00:00\" \/>\n<meta property=\"og:image\" content=\"https:\/\/www.capgemini.com\/co-es\/wp-content\/uploads\/sites\/25\/2022\/04\/Capgemini_Diversity-e1649945843650.jpg\" \/>\n\t<meta property=\"og:image:width\" content=\"2880\" \/>\n\t<meta property=\"og:image:height\" content=\"1800\" \/>\n\t<meta property=\"og:image:type\" content=\"image\/jpeg\" \/>\n<meta name=\"twitter:card\" content=\"summary_large_image\" \/>\n<meta name=\"twitter:label1\" content=\"Est. reading time\" \/>\n\t<meta name=\"twitter:data1\" content=\"3 minutes\" \/>\n<script type=\"application\/ld+json\" class=\"yoast-schema-graph\">{\"@context\":\"https:\/\/schema.org\",\"@graph\":[{\"@type\":\"WebPage\",\"@id\":\"https:\/\/www.capgemini.com\/co-es\/sobre-nosotros\/quienes-somos\/valores-y-etica\/empresas-mas-eticas-del-mundo\/\",\"url\":\"https:\/\/www.capgemini.com\/co-es\/sobre-nosotros\/quienes-somos\/valores-y-etica\/empresas-mas-eticas-del-mundo\/\",\"name\":\"Empresas m\u00e1s \u00e9ticas del mundo\u00ae | Capgemini\",\"isPartOf\":{\"@id\":\"https:\/\/www.capgemini.com\/co-es\/#website\"},\"primaryImageOfPage\":{\"@id\":\"https:\/\/www.capgemini.com\/co-es\/sobre-nosotros\/quienes-somos\/valores-y-etica\/empresas-mas-eticas-del-mundo\/#primaryimage\"},\"image\":{\"@id\":\"https:\/\/www.capgemini.com\/co-es\/sobre-nosotros\/quienes-somos\/valores-y-etica\/empresas-mas-eticas-del-mundo\/#primaryimage\"},\"thumbnailUrl\":\"https:\/\/www.capgemini.com\/co-es\/wp-content\/uploads\/sites\/25\/2022\/04\/Capgemini_Diversity-e1649945843650.jpg\",\"datePublished\":\"2022-04-14T12:32:00+00:00\",\"dateModified\":\"2025-10-28T15:21:10+00:00\",\"description\":\"Durante diez a\u00f1os consecutivos, Capgemini ha sido reconocida como una de las empresas m\u00e1s \u00e9ticas del mundo por el Instituto Ethisphere\u00ae\",\"breadcrumb\":{\"@id\":\"https:\/\/www.capgemini.com\/co-es\/sobre-nosotros\/quienes-somos\/valores-y-etica\/empresas-mas-eticas-del-mundo\/#breadcrumb\"},\"inLanguage\":\"es-MX\",\"potentialAction\":[{\"@type\":\"ReadAction\",\"target\":[\"https:\/\/www.capgemini.com\/co-es\/sobre-nosotros\/quienes-somos\/valores-y-etica\/empresas-mas-eticas-del-mundo\/\"]}]},{\"@type\":\"ImageObject\",\"inLanguage\":\"es-MX\",\"@id\":\"https:\/\/www.capgemini.com\/co-es\/sobre-nosotros\/quienes-somos\/valores-y-etica\/empresas-mas-eticas-del-mundo\/#primaryimage\",\"url\":\"https:\/\/www.capgemini.com\/co-es\/wp-content\/uploads\/sites\/25\/2022\/04\/Capgemini_Diversity-e1649945843650.jpg\",\"contentUrl\":\"https:\/\/www.capgemini.com\/co-es\/wp-content\/uploads\/sites\/25\/2022\/04\/Capgemini_Diversity-e1649945843650.jpg\",\"width\":2880,\"height\":1800},{\"@type\":\"BreadcrumbList\",\"@id\":\"https:\/\/www.capgemini.com\/co-es\/sobre-nosotros\/quienes-somos\/valores-y-etica\/empresas-mas-eticas-del-mundo\/#breadcrumb\",\"itemListElement\":[{\"@type\":\"ListItem\",\"position\":1,\"name\":\"Home\",\"item\":\"https:\/\/www.capgemini.com\/co-es\/\"},{\"@type\":\"ListItem\",\"position\":2,\"name\":\"Sobre nosotros\",\"item\":\"https:\/\/www.capgemini.com\/co-es\/sobre-nosotros\/\"},{\"@type\":\"ListItem\",\"position\":3,\"name\":\"Qui\u00e9nes somos\",\"item\":\"https:\/\/www.capgemini.com\/co-es\/sobre-nosotros\/quienes-somos\/\"},{\"@type\":\"ListItem\",\"position\":4,\"name\":\"Valores y \u00e9tica\",\"item\":\"https:\/\/www.capgemini.com\/co-es\/sobre-nosotros\/quienes-somos\/valores-y-etica\/\"},{\"@type\":\"ListItem\",\"position\":5,\"name\":\"Empresas m\u00e1s eticas del mundo\u00ae\"}]},{\"@type\":\"WebSite\",\"@id\":\"https:\/\/www.capgemini.com\/co-es\/#website\",\"url\":\"https:\/\/www.capgemini.com\/co-es\/\",\"name\":\"Capgemini Colombia\",\"description\":\"Capgemini\",\"potentialAction\":[{\"@type\":\"SearchAction\",\"target\":{\"@type\":\"EntryPoint\",\"urlTemplate\":\"https:\/\/www.capgemini.com\/co-es\/?s={search_term_string}\"},\"query-input\":\"required name=search_term_string\"}],\"inLanguage\":\"es-MX\"}]}<\/script>\n<!-- \/ Yoast SEO Premium plugin. -->","yoast_head_json":{"title":"Empresas m\u00e1s \u00e9ticas del mundo\u00ae | Capgemini","description":"Durante diez a\u00f1os consecutivos, Capgemini ha sido reconocida como una de las empresas m\u00e1s \u00e9ticas del mundo por el Instituto Ethisphere\u00ae","robots":{"index":"index","follow":"follow","max-snippet":"max-snippet:-1","max-image-preview":"max-image-preview:large","max-video-preview":"max-video-preview:-1"},"canonical":"https:\/\/www.capgemini.com\/co-es\/sobre-nosotros\/quienes-somos\/valores-y-etica\/empresas-mas-eticas-del-mundo\/","og_locale":"es_MX","og_type":"article","og_title":"Empresas m\u00e1s eticas del mundo\u00ae","og_description":"Durante diez a\u00f1os consecutivos, Capgemini ha sido reconocida como una de las empresas m\u00e1s \u00e9ticas del mundo por el Instituto Ethisphere\u00ae","og_url":"https:\/\/www.capgemini.com\/co-es\/sobre-nosotros\/quienes-somos\/valores-y-etica\/empresas-mas-eticas-del-mundo\/","og_site_name":"Capgemini Colombia","article_modified_time":"2025-10-28T15:21:10+00:00","og_image":[{"width":2880,"height":1800,"url":"https:\/\/www.capgemini.com\/co-es\/wp-content\/uploads\/sites\/25\/2022\/04\/Capgemini_Diversity-e1649945843650.jpg","type":"image\/jpeg"}],"twitter_card":"summary_large_image","twitter_misc":{"Est. reading time":"3 minutes"},"schema":{"@context":"https:\/\/schema.org","@graph":[{"@type":"WebPage","@id":"https:\/\/www.capgemini.com\/co-es\/sobre-nosotros\/quienes-somos\/valores-y-etica\/empresas-mas-eticas-del-mundo\/","url":"https:\/\/www.capgemini.com\/co-es\/sobre-nosotros\/quienes-somos\/valores-y-etica\/empresas-mas-eticas-del-mundo\/","name":"Empresas m\u00e1s \u00e9ticas del mundo\u00ae | Capgemini","isPartOf":{"@id":"https:\/\/www.capgemini.com\/co-es\/#website"},"primaryImageOfPage":{"@id":"https:\/\/www.capgemini.com\/co-es\/sobre-nosotros\/quienes-somos\/valores-y-etica\/empresas-mas-eticas-del-mundo\/#primaryimage"},"image":{"@id":"https:\/\/www.capgemini.com\/co-es\/sobre-nosotros\/quienes-somos\/valores-y-etica\/empresas-mas-eticas-del-mundo\/#primaryimage"},"thumbnailUrl":"https:\/\/www.capgemini.com\/co-es\/wp-content\/uploads\/sites\/25\/2022\/04\/Capgemini_Diversity-e1649945843650.jpg","datePublished":"2022-04-14T12:32:00+00:00","dateModified":"2025-10-28T15:21:10+00:00","description":"Durante diez a\u00f1os consecutivos, Capgemini ha sido reconocida como una de las empresas m\u00e1s \u00e9ticas del mundo por el Instituto Ethisphere\u00ae","breadcrumb":{"@id":"https:\/\/www.capgemini.com\/co-es\/sobre-nosotros\/quienes-somos\/valores-y-etica\/empresas-mas-eticas-del-mundo\/#breadcrumb"},"inLanguage":"es-MX","potentialAction":[{"@type":"ReadAction","target":["https:\/\/www.capgemini.com\/co-es\/sobre-nosotros\/quienes-somos\/valores-y-etica\/empresas-mas-eticas-del-mundo\/"]}]},{"@type":"ImageObject","inLanguage":"es-MX","@id":"https:\/\/www.capgemini.com\/co-es\/sobre-nosotros\/quienes-somos\/valores-y-etica\/empresas-mas-eticas-del-mundo\/#primaryimage","url":"https:\/\/www.capgemini.com\/co-es\/wp-content\/uploads\/sites\/25\/2022\/04\/Capgemini_Diversity-e1649945843650.jpg","contentUrl":"https:\/\/www.capgemini.com\/co-es\/wp-content\/uploads\/sites\/25\/2022\/04\/Capgemini_Diversity-e1649945843650.jpg","width":2880,"height":1800},{"@type":"BreadcrumbList","@id":"https:\/\/www.capgemini.com\/co-es\/sobre-nosotros\/quienes-somos\/valores-y-etica\/empresas-mas-eticas-del-mundo\/#breadcrumb","itemListElement":[{"@type":"ListItem","position":1,"name":"Home","item":"https:\/\/www.capgemini.com\/co-es\/"},{"@type":"ListItem","position":2,"name":"Sobre nosotros","item":"https:\/\/www.capgemini.com\/co-es\/sobre-nosotros\/"},{"@type":"ListItem","position":3,"name":"Qui\u00e9nes somos","item":"https:\/\/www.capgemini.com\/co-es\/sobre-nosotros\/quienes-somos\/"},{"@type":"ListItem","position":4,"name":"Valores y \u00e9tica","item":"https:\/\/www.capgemini.com\/co-es\/sobre-nosotros\/quienes-somos\/valores-y-etica\/"},{"@type":"ListItem","position":5,"name":"Empresas m\u00e1s eticas del mundo\u00ae"}]},{"@type":"WebSite","@id":"https:\/\/www.capgemini.com\/co-es\/#website","url":"https:\/\/www.capgemini.com\/co-es\/","name":"Capgemini Colombia","description":"Capgemini","potentialAction":[{"@type":"SearchAction","target":{"@type":"EntryPoint","urlTemplate":"https:\/\/www.capgemini.com\/co-es\/?s={search_term_string}"},"query-input":"required name=search_term_string"}],"inLanguage":"es-MX"}]}},"brand_term":[],"parsely":{"version":"1.1.0","canonical_url":"https:\/\/capgemini.com\/co-es\/sobre-nosotros\/quienes-somos\/valores-y-etica\/empresas-mas-eticas-del-mundo\/","smart_links":{"inbound":0,"outbound":0},"traffic_boost_suggestions_count":0,"meta":{"@context":"https:\/\/schema.org","@type":"WebPage","headline":"Empresas m\u00e1s eticas del mundo\u00ae","url":"https:\/\/www.capgemini.com\/co-es\/sobre-nosotros\/quienes-somos\/valores-y-etica\/empresas-mas-eticas-del-mundo\/","mainEntityOfPage":{"@type":"WebPage","@id":"https:\/\/www.capgemini.com\/co-es\/sobre-nosotros\/quienes-somos\/valores-y-etica\/empresas-mas-eticas-del-mundo\/"},"thumbnailUrl":"https:\/\/www.capgemini.com\/co-es\/wp-content\/uploads\/sites\/25\/2022\/04\/Capgemini_Diversity-e1649945843650.jpg?w=150&h=150&crop=1","image":{"@type":"ImageObject","url":"https:\/\/www.capgemini.com\/co-es\/wp-content\/uploads\/sites\/25\/2022\/04\/Capgemini_Diversity-e1649945843650.jpg"},"articleSection":"Uncategorized","author":[],"creator":[],"publisher":{"@type":"Organization","name":"Capgemini Colombia","logo":""},"keywords":[],"dateCreated":"2022-04-14T12:32:00Z","datePublished":"2022-04-14T12:32:00Z","dateModified":"2025-10-28T15:21:10Z"},"rendered":"<meta name=\"parsely-title\" content=\"Empresas m\u00e1s eticas del mundo\u00ae\" \/>\n<meta name=\"parsely-link\" content=\"https:\/\/www.capgemini.com\/co-es\/sobre-nosotros\/quienes-somos\/valores-y-etica\/empresas-mas-eticas-del-mundo\/\" \/>\n<meta name=\"parsely-type\" content=\"index\" \/>\n<meta name=\"parsely-image-url\" content=\"https:\/\/www.capgemini.com\/co-es\/wp-content\/uploads\/sites\/25\/2022\/04\/Capgemini_Diversity-e1649945843650.jpg?w=150&amp;h=150&amp;crop=1\" \/>\n<meta name=\"parsely-pub-date\" content=\"2022-04-14T12:32:00Z\" \/>\n<meta name=\"parsely-section\" content=\"Uncategorized\" \/>","tracker_url":"https:\/\/cdn.parsely.com\/keys\/capgemini.com\/p.js"},"archive_status":false,"featured_image_src":"https:\/\/www.capgemini.com\/co-es\/wp-content\/uploads\/sites\/25\/2022\/04\/Capgemini_Diversity-e1649945843650.jpg","featured_image_alt":"","jetpack_sharing_enabled":true,"distributor_meta":false,"distributor_terms":false,"distributor_media":false,"distributor_original_site_name":"Capgemini Colombia","distributor_original_site_url":"https:\/\/www.capgemini.com\/co-es","push-errors":false,"_links":{"self":[{"href":"https:\/\/www.capgemini.com\/co-es\/wp-json\/wp\/v2\/pages\/5342","targetHints":{"allow":["GET"]}}],"collection":[{"href":"https:\/\/www.capgemini.com\/co-es\/wp-json\/wp\/v2\/pages"}],"about":[{"href":"https:\/\/www.capgemini.com\/co-es\/wp-json\/wp\/v2\/types\/page"}],"author":[{"embeddable":true,"href":"https:\/\/www.capgemini.com\/co-es\/wp-json\/wp\/v2\/users\/23"}],"replies":[{"embeddable":true,"href":"https:\/\/www.capgemini.com\/co-es\/wp-json\/wp\/v2\/comments?post=5342"}],"version-history":[{"count":16,"href":"https:\/\/www.capgemini.com\/co-es\/wp-json\/wp\/v2\/pages\/5342\/revisions"}],"predecessor-version":[{"id":544459,"href":"https:\/\/www.capgemini.com\/co-es\/wp-json\/wp\/v2\/pages\/5342\/revisions\/544459"}],"up":[{"embeddable":true,"href":"https:\/\/www.capgemini.com\/co-es\/wp-json\/wp\/v2\/pages\/5877"}],"wp:featuredmedia":[{"embeddable":true,"href":"https:\/\/www.capgemini.com\/co-es\/wp-json\/wp\/v2\/media\/5343"}],"wp:attachment":[{"href":"https:\/\/www.capgemini.com\/co-es\/wp-json\/wp\/v2\/media?parent=5342"}],"wp:term":[{"taxonomy":"brand","embeddable":true,"href":"https:\/\/www.capgemini.com\/co-es\/wp-json\/wp\/v2\/brand?post=5342"},{"taxonomy":"partner_type","embeddable":true,"href":"https:\/\/www.capgemini.com\/co-es\/wp-json\/wp\/v2\/partner_type?post=5342"},{"taxonomy":"service","embeddable":true,"href":"https:\/\/www.capgemini.com\/co-es\/wp-json\/wp\/v2\/service?post=5342"},{"taxonomy":"industry","embeddable":true,"href":"https:\/\/www.capgemini.com\/co-es\/wp-json\/wp\/v2\/industry?post=5342"},{"taxonomy":"partners","embeddable":true,"href":"https:\/\/www.capgemini.com\/co-es\/wp-json\/wp\/v2\/partners?post=5342"},{"taxonomy":"page-type","embeddable":true,"href":"https:\/\/www.capgemini.com\/co-es\/wp-json\/wp\/v2\/page-type?post=5342"},{"taxonomy":"content-group","embeddable":true,"href":"https:\/\/www.capgemini.com\/co-es\/wp-json\/wp\/v2\/content-group?post=5342"}],"curies":[{"name":"wp","href":"https:\/\/api.w.org\/{rel}","templated":true}]}}