{"id":5337,"date":"2022-04-19T10:27:37","date_gmt":"2022-04-19T10:27:37","guid":{"rendered":"https:\/\/www.capgemini.com\/?page_id=680607"},"modified":"2025-04-01T18:30:10","modified_gmt":"2025-04-01T18:30:10","slug":"people-data-centre","status":"publish","type":"page","link":"https:\/\/www.capgemini.com\/co-es\/solutions\/people-data-centre\/","title":{"rendered":"People data center"},"content":{"rendered":"\n<header class=\"wp-block-cg-blocks-hero-reusable header heroReusable  \"><div class=\"header-bgs\"><picture><source srcset=\"https:\/\/www.capgemini.com\/wp-content\/uploads\/2022\/04\/Capgemini_Solutions_Unilever_People-Data-Center.jpg?w=2880&amp;quality=70 1x, https:\/\/www.capgemini.com\/wp-content\/uploads\/2022\/04\/Capgemini_Solutions_Unilever_People-Data-Center.jpg?w=2880&amp;quality=70 2x\" media=\"(min-width: 1500px)\"\/><source srcset=\"https:\/\/www.capgemini.com\/wp-content\/uploads\/2022\/04\/Capgemini_Solutions_Unilever_People-Data-Center.jpg?w=1440&amp;quality=70 1x, https:\/\/www.capgemini.com\/wp-content\/uploads\/2022\/04\/Capgemini_Solutions_Unilever_People-Data-Center.jpg?w=2880&amp;quality=70 2x\" media=\"(min-width: 992px)\"\/><source srcset=\"https:\/\/www.capgemini.com\/wp-content\/uploads\/2022\/04\/Capgemini_Solutions_Unilever_People-Data-Center.jpg?w=1024&amp;quality=70 1x, https:\/\/www.capgemini.com\/wp-content\/uploads\/2022\/04\/Capgemini_Solutions_Unilever_People-Data-Center.jpg?w=1024&amp;quality=70 2x\" media=\"(min-width: 768px)\"\/><source srcset=\"https:\/\/www.capgemini.com\/wp-content\/uploads\/2022\/04\/Capgemini_Solutions_Unilever_People-Data-Center.jpg?w=768&amp;quality=70 1x, https:\/\/www.capgemini.com\/wp-content\/uploads\/2022\/04\/Capgemini_Solutions_Unilever_People-Data-Center.jpg?w=768&amp;quality=70 2x\" media=\"(min-width: 0)\"\/><img decoding=\"async\" src=\"https:\/\/www.capgemini.com\/wp-content\/uploads\/2022\/04\/Capgemini_Solutions_Unilever_People-Data-Center.jpg\" class=\"header-img header-img-d\" alt=\"\" style=\"object-fit:cover;object-position:56.00000000000001% 25%\" loading=\"eager\"\/><\/picture><\/div><div class=\"heroPictureCardHeaderShape\"><\/div><div class=\"container\"><div class=\"row\"><div class=\"col-md-12\"><div class=\"box\"><div class=\"boxTagWrapper\"><div class=\"tagInfo\"><div><span class=\"box-tag\">Solution<\/span><\/div><\/div><\/div><div class=\"box-title\"><h1 data-maxlength=\"34\">People data center<\/h1><\/div><div class=\"inner-row-insight download-btn\"><\/div><\/div><\/div><\/div><\/div><\/header>\n\n\n\n<section class=\"wp-block-cg-blocks-intro-para undefined section section--intro\"><div class=\"intro-para\"><div class=\"container\"><div class=\"row\"><div class=\"col-12 col-md-1\"><nav class=\"article-social\"><ul class=\"social-nav\"><li class=\"ip-order-fb\"><a href=\"https:\/\/www.facebook.com\/sharer\/sharer.php?u=https:\/\/www.capgemini.com\/co-es\/solutions\/people-data-centre\/\" target=\"_blank\" rel=\"noopener noreferrer\" title=\"abrir en una nueva ventana\"><i aria-hidden=\"true\" class=\"icon-fb\"><\/i><span class=\"sr-only\">Facebook<\/span><\/a><\/li><li class=\"ip-order-li\"><a href=\"https:\/\/www.linkedin.com\/sharing\/share-offsite\/?url=https:\/\/www.capgemini.com\/co-es\/solutions\/people-data-centre\/\" target=\"_blank\" rel=\"noopener noreferrer\" title=\"abrir en una nueva ventana\"><i aria-hidden=\"true\" class=\"icon-li\"><\/i><span class=\"sr-only\">Linkedin<\/span><\/a><\/li><\/ul><\/nav><\/div><div class=\"col-12 col-md-11 col-lg-10\"><h2 class=\"intro-para-title\">People Data Centre de Unilever tiene la respuesta para cambiar los h\u00e1bitos del consumidor<\/h2><p class=\"intro-para-content\">El COVID-19 como pandemia ha sacudido la econom\u00eda global y nuestra forma de vida de una manera inimaginable. Tambi\u00e9n ha impactado la vida diaria de los consumidores y ha cambiado fundamentalmente sus necesidades y expectativas con respecto a los productos y servicios. Si bien las restricciones inmediatas han originado nuevos h\u00e1bitos de compra imprevistos \u00a0\u2014incluido un cambio masivo a canales digitales\u2014, los consumidores tambi\u00e9n comparten cada vez m\u00e1s sus experiencias, sus ideas e insatisfacciones por esas plataformas. La conciencia profunda de la disrupci\u00f3n tambi\u00e9n puede resultar en cambios permanentes en la preferencia hacia marcas y clase de productos.<br><br>En tiempos como \u00e9stos, es imperativo que las organizaciones escuchen a los consumidores en tiempo real, satisfagan sus necesidades inmediatas y cambiantes, adapten el compromiso del cliente y protejan la marca.<\/p><\/div><\/div><\/div><\/div><\/section>\n\n\n\n<section class=\"wp-block-cg-blocks-intro-para-video section section--info-2cols section--insights section-video is-style-default\"><div class=\"bg-color video-align-left\"><div class=\"container\"><div class=\"row video-align-right\"><div class=\"col-md-12\"><div class=\"video-align-right row box box--4 box--mini\"><div class=\"col-md-1\"><\/div><div class=\"col-md-8 box-img-wrapper\"><div class=\"video-box\"><div class=\"video-wrapper\"><iframe title=\"video-section\" src=\"https:\/\/www.youtube.com\/embed\/KGVTrJ0NeYA\" frameborder=\"0\" rel=\"0\" allow=\"accelerometer; autoplay; encrypted-media; gyroscope; picture-in-picture\" allowfullscreen><\/iframe><\/div><\/div><\/div><div class=\"col-md-3\"><h3 class=\"Video-title\" data-maxlength=\"34\">People Data Center<\/h3><div class=\"video-info\"><p data-maxlength=\"68\">From Capgemini and Unilever<\/p><\/div><\/div><div class=\"col-md-1\"><\/div><\/div><\/div><\/div><\/div><\/div><\/section>\n\n\n\n<section class=\"wp-block-cg-blocks-group undefined section section--article-content\"><div class=\"article-main-content\"><div class=\"container\"><div class=\"row\"><div class=\"col-12 col-md-11 col-lg-10 offset-md-1 offset-lg-1\"><div class=\"article-text article-quote-text\">\n<h3 class=\"wp-block-heading\" id=\"h-hora-de-actuar\"><strong>Hora de actuar<\/strong><\/h3>\n\n\n\n<p><strong>Las organizaciones deben actuar r\u00e1pido y deben hacerlo ahora, no s\u00f3lo para mantenerse al d\u00eda sino tambi\u00e9n para realinear sus estrategias con respecto a lo que pueda venir despu\u00e9s.<\/strong><\/p>\n\n\n\n<p>Capgemini, en colaboraci\u00f3n con Unilever, le ofrece una soluci\u00f3n innovadora de an\u00e1lisis de consumo llamada People Data Center (PDC), que se ofrece como un servicio para ayudarle a salir al mercado desde el primer d\u00eda.<\/p>\n\n\n\n<ul class=\"wp-block-list\">\n<li><strong><em>Tendencias del Consumidor como servicio<\/em><\/strong> \u2014Identificar los comportamientos y actitudes emergentes de los consumidores y ayudar a las marcas a capitalizar las oportunidades que presentan estos cambios<\/li>\n\n\n\n<li><strong><em><em>Product Insight<\/em> como servicio <\/em><\/strong><em>\u2014Mejorar el rendimiento y el dise\u00f1o de los productos mediante la generaci\u00f3n de conocimientos profundos en los consumidores sobre cada aspecto de un art\u00edculo, incluido el an\u00e1lisis de la competencia<\/em><\/li>\n\n\n\n<li><strong><em>Evoluci\u00f3n del Canal como servicio <\/em><\/strong><em>\u2014Identificar la estrategia de venta de la marca y el enfoque de compromiso omnicanal con diferenciaci\u00f3n minorista y comercio social<\/em><\/li>\n\n\n\n<li><strong><em>Afinidad de marca como servicio <\/em><\/strong><em>\u2014Interactuar con los consumidores y las comunidades de manera m\u00e1s efectiva, extrayendo contenido generado por el usuario para informar de mensajes y contenidos<\/em><\/li>\n<\/ul>\n\n\n\n<p>Nuestros servicios se brindan a trav\u00e9s de un proceso conveniente, r\u00e1pido (\u00a1tan r\u00e1pido como una semana!) y transparente que garantiza que la informaci\u00f3n fundamental se proporcione a quienes toman las decisiones en el momento y en el formato adecuados.<\/p>\n\n\n\n<h2 class=\"wp-block-heading\" id=\"h-\"><\/h2>\n\n\n\n<h3 class=\"wp-block-heading\" id=\"h-una-forma-diferente-de-hacer-negocios\"><strong>Una forma diferente de hacer negocios<\/strong><\/h3>\n\n\n\n<p>La oferta del PDC de Capgemini ha cambiado la forma de trabajar de Unilever, al poner los datos y las percepciones en el centro de todo el proceso de toma de decisiones. PDC aporta una capacidad l\u00edder en la industria con un motor de informaci\u00f3n en tiempo real altamente ajustado, que permiti\u00f3 a Unilever \u201cescuchar\u201d conversaciones espont\u00e1neas en lugares que nunca se imagin\u00f3 posibles, realizando an\u00e1lisis avanzados en grandes cantidades de datos (que van desde datos internos de negocio, datos de investigaci\u00f3n de mercado tradicional hasta redes sociales, datos de b\u00fasqueda, blogs, foros, p\u00e1ginas web de rese\u00f1as y valoraci\u00f3n de productos, y l\u00edneas de atenci\u00f3n al consumidor). PDC ha demostrado ser un punto de inflexi\u00f3n para Unilever \u2014a escala, con rapidez.<\/p>\n<\/div><\/div><\/div><\/div><\/div><\/section>\n","protected":false},"excerpt":{"rendered":"","protected":false},"author":151,"featured_media":0,"parent":5720,"menu_order":0,"comment_status":"closed","ping_status":"closed","template":"","meta":{"cg_dt_proposed_to":[],"cg_seo_hreflang_relations":"[]","cg_seo_canonical_relation":"","cg_seo_hreflang_x_default_relation":"{\"uuid\":\"6b99bd36-43d1-46d9-8d48-d6afe0687408\",\"blogId\":\"\",\"domain\":\"\",\"sitePath\":\"\",\"postLink\":\"\",\"postId\":null,\"isSaved\":false,\"isCrossLink\":false,\"hasCrossLink\":false}","cg_dt_approved_content":true,"cg_dt_mandatory_content":false,"cg_dt_notes":"","cg_dg_source_changed":false,"cg_dt_link_disabled":false,"_yoast_wpseo_primary_brand":"","footnotes":"","featured_focal_points":"","partner_card_description":"","gsap_animation":0},"brand":[],"partner_type":[],"service":[],"industry":[],"partners":[],"page-type":[167],"content-group":[],"class_list":["post-5337","page","type-page","status-publish","hentry","page-type-solutions"],"yoast_head":"<!-- This site is optimized with the Yoast SEO Premium plugin v22.8 (Yoast SEO v22.8) - https:\/\/yoast.com\/wordpress\/plugins\/seo\/ -->\n<title>People data center - Capgemini Colombia<\/title>\n<meta name=\"description\" content=\"En tiempos cambiantes, Capgemini, en colaboraci\u00f3n con Unilever, le ofrece una soluci\u00f3n puntera de an\u00e1lisis de consumo llamada People Data Centre (PDC).\" \/>\n<meta name=\"robots\" content=\"index, follow, max-snippet:-1, max-image-preview:large, max-video-preview:-1\" \/>\n<link rel=\"canonical\" href=\"https:\/\/www.capgemini.com\/co-es\/solutions\/people-data-centre\/\" \/>\n<meta property=\"og:locale\" content=\"es_MX\" \/>\n<meta property=\"og:type\" content=\"article\" \/>\n<meta property=\"og:title\" content=\"People data center\" \/>\n<meta property=\"og:description\" content=\"En tiempos cambiantes, Capgemini, en colaboraci\u00f3n con Unilever, le ofrece una soluci\u00f3n puntera de an\u00e1lisis de consumo llamada People Data Centre (PDC).\" \/>\n<meta property=\"og:url\" content=\"https:\/\/www.capgemini.com\/co-es\/solutions\/people-data-centre\/\" \/>\n<meta property=\"og:site_name\" content=\"Capgemini Colombia\" \/>\n<meta property=\"article:modified_time\" content=\"2025-04-01T18:30:10+00:00\" \/>\n<meta property=\"og:image\" content=\"https:\/\/www.capgemini.com\/wp-content\/uploads\/2022\/04\/Capgemini_Solutions_Unilever_People-Data-Center.jpg\" \/>\n<meta name=\"twitter:card\" content=\"summary_large_image\" \/>\n<script type=\"application\/ld+json\" class=\"yoast-schema-graph\">{\"@context\":\"https:\/\/schema.org\",\"@graph\":[{\"@type\":\"WebPage\",\"@id\":\"https:\/\/www.capgemini.com\/co-es\/solutions\/people-data-centre\/\",\"url\":\"https:\/\/www.capgemini.com\/co-es\/solutions\/people-data-centre\/\",\"name\":\"People data center - Capgemini Colombia\",\"isPartOf\":{\"@id\":\"https:\/\/www.capgemini.com\/co-es\/#website\"},\"primaryImageOfPage\":{\"@id\":\"https:\/\/www.capgemini.com\/co-es\/solutions\/people-data-centre\/#primaryimage\"},\"image\":{\"@id\":\"https:\/\/www.capgemini.com\/co-es\/solutions\/people-data-centre\/#primaryimage\"},\"thumbnailUrl\":\"https:\/\/www.capgemini.com\/wp-content\/uploads\/2022\/04\/Capgemini_Solutions_Unilever_People-Data-Center.jpg\",\"datePublished\":\"2022-04-19T10:27:37+00:00\",\"dateModified\":\"2025-04-01T18:30:10+00:00\",\"description\":\"En tiempos cambiantes, Capgemini, en colaboraci\u00f3n con Unilever, le ofrece una soluci\u00f3n puntera de an\u00e1lisis de consumo llamada People Data Centre (PDC).\",\"breadcrumb\":{\"@id\":\"https:\/\/www.capgemini.com\/co-es\/solutions\/people-data-centre\/#breadcrumb\"},\"inLanguage\":\"es-MX\",\"potentialAction\":[{\"@type\":\"ReadAction\",\"target\":[\"https:\/\/www.capgemini.com\/co-es\/solutions\/people-data-centre\/\"]}]},{\"@type\":\"ImageObject\",\"inLanguage\":\"es-MX\",\"@id\":\"https:\/\/www.capgemini.com\/co-es\/solutions\/people-data-centre\/#primaryimage\",\"url\":\"https:\/\/www.capgemini.com\/wp-content\/uploads\/2022\/04\/Capgemini_Solutions_Unilever_People-Data-Center.jpg\",\"contentUrl\":\"https:\/\/www.capgemini.com\/wp-content\/uploads\/2022\/04\/Capgemini_Solutions_Unilever_People-Data-Center.jpg\"},{\"@type\":\"BreadcrumbList\",\"@id\":\"https:\/\/www.capgemini.com\/co-es\/solutions\/people-data-centre\/#breadcrumb\",\"itemListElement\":[{\"@type\":\"ListItem\",\"position\":1,\"name\":\"Home\",\"item\":\"https:\/\/www.capgemini.com\/co-es\/\"},{\"@type\":\"ListItem\",\"position\":2,\"name\":\"Solutions\",\"item\":\"https:\/\/www.capgemini.com\/co-es\/solutions\/\"},{\"@type\":\"ListItem\",\"position\":3,\"name\":\"People data center\"}]},{\"@type\":\"WebSite\",\"@id\":\"https:\/\/www.capgemini.com\/co-es\/#website\",\"url\":\"https:\/\/www.capgemini.com\/co-es\/\",\"name\":\"Capgemini Colombia\",\"description\":\"Capgemini\",\"potentialAction\":[{\"@type\":\"SearchAction\",\"target\":{\"@type\":\"EntryPoint\",\"urlTemplate\":\"https:\/\/www.capgemini.com\/co-es\/?s={search_term_string}\"},\"query-input\":\"required name=search_term_string\"}],\"inLanguage\":\"es-MX\"}]}<\/script>\n<!-- \/ Yoast SEO Premium plugin. -->","yoast_head_json":{"title":"People data center - Capgemini Colombia","description":"En tiempos cambiantes, Capgemini, en colaboraci\u00f3n con Unilever, le ofrece una soluci\u00f3n puntera de an\u00e1lisis de consumo llamada People Data Centre (PDC).","robots":{"index":"index","follow":"follow","max-snippet":"max-snippet:-1","max-image-preview":"max-image-preview:large","max-video-preview":"max-video-preview:-1"},"canonical":"https:\/\/www.capgemini.com\/co-es\/solutions\/people-data-centre\/","og_locale":"es_MX","og_type":"article","og_title":"People data center","og_description":"En tiempos cambiantes, Capgemini, en colaboraci\u00f3n con Unilever, le ofrece una soluci\u00f3n puntera de an\u00e1lisis de consumo llamada People Data Centre (PDC).","og_url":"https:\/\/www.capgemini.com\/co-es\/solutions\/people-data-centre\/","og_site_name":"Capgemini Colombia","article_modified_time":"2025-04-01T18:30:10+00:00","og_image":[{"url":"https:\/\/www.capgemini.com\/wp-content\/uploads\/2022\/04\/Capgemini_Solutions_Unilever_People-Data-Center.jpg"}],"twitter_card":"summary_large_image","schema":{"@context":"https:\/\/schema.org","@graph":[{"@type":"WebPage","@id":"https:\/\/www.capgemini.com\/co-es\/solutions\/people-data-centre\/","url":"https:\/\/www.capgemini.com\/co-es\/solutions\/people-data-centre\/","name":"People data center - Capgemini Colombia","isPartOf":{"@id":"https:\/\/www.capgemini.com\/co-es\/#website"},"primaryImageOfPage":{"@id":"https:\/\/www.capgemini.com\/co-es\/solutions\/people-data-centre\/#primaryimage"},"image":{"@id":"https:\/\/www.capgemini.com\/co-es\/solutions\/people-data-centre\/#primaryimage"},"thumbnailUrl":"https:\/\/www.capgemini.com\/wp-content\/uploads\/2022\/04\/Capgemini_Solutions_Unilever_People-Data-Center.jpg","datePublished":"2022-04-19T10:27:37+00:00","dateModified":"2025-04-01T18:30:10+00:00","description":"En tiempos cambiantes, Capgemini, en colaboraci\u00f3n con Unilever, le ofrece una soluci\u00f3n puntera de an\u00e1lisis de consumo llamada People Data Centre (PDC).","breadcrumb":{"@id":"https:\/\/www.capgemini.com\/co-es\/solutions\/people-data-centre\/#breadcrumb"},"inLanguage":"es-MX","potentialAction":[{"@type":"ReadAction","target":["https:\/\/www.capgemini.com\/co-es\/solutions\/people-data-centre\/"]}]},{"@type":"ImageObject","inLanguage":"es-MX","@id":"https:\/\/www.capgemini.com\/co-es\/solutions\/people-data-centre\/#primaryimage","url":"https:\/\/www.capgemini.com\/wp-content\/uploads\/2022\/04\/Capgemini_Solutions_Unilever_People-Data-Center.jpg","contentUrl":"https:\/\/www.capgemini.com\/wp-content\/uploads\/2022\/04\/Capgemini_Solutions_Unilever_People-Data-Center.jpg"},{"@type":"BreadcrumbList","@id":"https:\/\/www.capgemini.com\/co-es\/solutions\/people-data-centre\/#breadcrumb","itemListElement":[{"@type":"ListItem","position":1,"name":"Home","item":"https:\/\/www.capgemini.com\/co-es\/"},{"@type":"ListItem","position":2,"name":"Solutions","item":"https:\/\/www.capgemini.com\/co-es\/solutions\/"},{"@type":"ListItem","position":3,"name":"People data center"}]},{"@type":"WebSite","@id":"https:\/\/www.capgemini.com\/co-es\/#website","url":"https:\/\/www.capgemini.com\/co-es\/","name":"Capgemini Colombia","description":"Capgemini","potentialAction":[{"@type":"SearchAction","target":{"@type":"EntryPoint","urlTemplate":"https:\/\/www.capgemini.com\/co-es\/?s={search_term_string}"},"query-input":"required name=search_term_string"}],"inLanguage":"es-MX"}]}},"brand_term":[],"parsely":{"version":"1.1.0","canonical_url":"https:\/\/capgemini.com\/co-es\/solutions\/people-data-centre\/","smart_links":{"inbound":0,"outbound":0},"traffic_boost_suggestions_count":0,"meta":{"@context":"https:\/\/schema.org","@type":"WebPage","headline":"People data center","url":"https:\/\/www.capgemini.com\/co-es\/solutions\/people-data-centre\/","mainEntityOfPage":{"@type":"WebPage","@id":"https:\/\/www.capgemini.com\/co-es\/solutions\/people-data-centre\/"},"thumbnailUrl":"","image":{"@type":"ImageObject","url":""},"articleSection":"Uncategorized","author":[],"creator":[],"publisher":{"@type":"Organization","name":"Capgemini Colombia","logo":""},"keywords":[],"dateCreated":"2022-04-19T10:27:37Z","datePublished":"2022-04-19T10:27:37Z","dateModified":"2025-04-01T18:30:10Z"},"rendered":"<meta name=\"parsely-title\" content=\"People data center\" \/>\n<meta name=\"parsely-link\" content=\"https:\/\/www.capgemini.com\/co-es\/solutions\/people-data-centre\/\" \/>\n<meta name=\"parsely-type\" content=\"index\" \/>\n<meta name=\"parsely-pub-date\" content=\"2022-04-19T10:27:37Z\" \/>\n<meta name=\"parsely-section\" content=\"Uncategorized\" \/>","tracker_url":"https:\/\/cdn.parsely.com\/keys\/capgemini.com\/p.js"},"archive_status":false,"featured_image_src":"https:\/\/www.capgemini.com\/co-es\/wp-content\/themes\/capgemini2025\/assets\/images\/mockup.png","featured_image_alt":false,"jetpack_sharing_enabled":true,"distributor_meta":false,"distributor_terms":false,"distributor_media":false,"distributor_original_site_name":"Capgemini Colombia","distributor_original_site_url":"https:\/\/www.capgemini.com\/co-es","push-errors":false,"_links":{"self":[{"href":"https:\/\/www.capgemini.com\/co-es\/wp-json\/wp\/v2\/pages\/5337","targetHints":{"allow":["GET"]}}],"collection":[{"href":"https:\/\/www.capgemini.com\/co-es\/wp-json\/wp\/v2\/pages"}],"about":[{"href":"https:\/\/www.capgemini.com\/co-es\/wp-json\/wp\/v2\/types\/page"}],"author":[{"embeddable":true,"href":"https:\/\/www.capgemini.com\/co-es\/wp-json\/wp\/v2\/users\/151"}],"replies":[{"embeddable":true,"href":"https:\/\/www.capgemini.com\/co-es\/wp-json\/wp\/v2\/comments?post=5337"}],"version-history":[{"count":7,"href":"https:\/\/www.capgemini.com\/co-es\/wp-json\/wp\/v2\/pages\/5337\/revisions"}],"predecessor-version":[{"id":536889,"href":"https:\/\/www.capgemini.com\/co-es\/wp-json\/wp\/v2\/pages\/5337\/revisions\/536889"}],"up":[{"embeddable":true,"href":"https:\/\/www.capgemini.com\/co-es\/wp-json\/wp\/v2\/pages\/5720"}],"wp:attachment":[{"href":"https:\/\/www.capgemini.com\/co-es\/wp-json\/wp\/v2\/media?parent=5337"}],"wp:term":[{"taxonomy":"brand","embeddable":true,"href":"https:\/\/www.capgemini.com\/co-es\/wp-json\/wp\/v2\/brand?post=5337"},{"taxonomy":"partner_type","embeddable":true,"href":"https:\/\/www.capgemini.com\/co-es\/wp-json\/wp\/v2\/partner_type?post=5337"},{"taxonomy":"service","embeddable":true,"href":"https:\/\/www.capgemini.com\/co-es\/wp-json\/wp\/v2\/service?post=5337"},{"taxonomy":"industry","embeddable":true,"href":"https:\/\/www.capgemini.com\/co-es\/wp-json\/wp\/v2\/industry?post=5337"},{"taxonomy":"partners","embeddable":true,"href":"https:\/\/www.capgemini.com\/co-es\/wp-json\/wp\/v2\/partners?post=5337"},{"taxonomy":"page-type","embeddable":true,"href":"https:\/\/www.capgemini.com\/co-es\/wp-json\/wp\/v2\/page-type?post=5337"},{"taxonomy":"content-group","embeddable":true,"href":"https:\/\/www.capgemini.com\/co-es\/wp-json\/wp\/v2\/content-group?post=5337"}],"curies":[{"name":"wp","href":"https:\/\/api.w.org\/{rel}","templated":true}]}}