{"id":5336,"date":"2022-04-19T16:59:29","date_gmt":"2022-04-19T16:59:29","guid":{"rendered":"https:\/\/www.capgemini.com\/?page_id=680950"},"modified":"2025-04-01T18:29:53","modified_gmt":"2025-04-01T18:29:53","slug":"etica-ia","status":"publish","type":"page","link":"https:\/\/www.capgemini.com\/co-es\/sobre-nosotros\/quienes-somos\/valores-y-etica\/etica-ia\/","title":{"rendered":"Etica para la Inteligencia Artificial"},"content":{"rendered":"\n<div class=\"wp-block-cg-blocks-hero-picture-card undefined  heroPictureCard is-style-blue-theme-2\"><div class=\"heroPictureCardBgs\"><picture><source srcset=\"https:\/\/www.capgemini.com\/wp-content\/uploads\/2021\/09\/Capgemini_Ventures-Business-Ventures-1.jpg?w=2880&amp;quality=70 1x, https:\/\/www.capgemini.com\/wp-content\/uploads\/2021\/09\/Capgemini_Ventures-Business-Ventures-1.jpg?w=2880&amp;quality=70 2x\" media=\"(min-width: 1500px)\"\/><source srcset=\"https:\/\/www.capgemini.com\/wp-content\/uploads\/2021\/09\/Capgemini_Ventures-Business-Ventures-1.jpg?w=1440&amp;quality=70 1x, https:\/\/www.capgemini.com\/wp-content\/uploads\/2021\/09\/Capgemini_Ventures-Business-Ventures-1.jpg?w=2880&amp;quality=70 2x\" media=\"(min-width: 992px)\"\/><source srcset=\"https:\/\/www.capgemini.com\/wp-content\/uploads\/2021\/09\/Capgemini_Ventures-Business-Ventures-1.jpg?w=1024&amp;quality=70 1x, https:\/\/www.capgemini.com\/wp-content\/uploads\/2021\/09\/Capgemini_Ventures-Business-Ventures-1.jpg?w=1024&amp;quality=70 2x\" media=\"(min-width: 768px)\"\/><source srcset=\"https:\/\/www.capgemini.com\/wp-content\/uploads\/2021\/09\/Capgemini_Ventures-Business-Ventures-1.jpg?w=768&amp;quality=70 1x, https:\/\/www.capgemini.com\/wp-content\/uploads\/2021\/09\/Capgemini_Ventures-Business-Ventures-1.jpg?w=768&amp;quality=70 2x\" media=\"(min-width: 0)\"\/><img decoding=\"async\" src=\"https:\/\/www.capgemini.com\/wp-content\/uploads\/2021\/09\/Capgemini_Ventures-Business-Ventures-1.jpg\" class=\"desktopImage\" alt=\"\" style=\"object-fit:cover;object-position:37% 38%\" loading=\"eager\"\/><\/picture><picture><source srcset=\"https:\/\/www.capgemini.com\/wp-content\/uploads\/2021\/09\/Capgemini_Ventures-Business-Ventures-1.jpg?w=2880&amp;quality=70 1x, https:\/\/www.capgemini.com\/wp-content\/uploads\/2021\/09\/Capgemini_Ventures-Business-Ventures-1.jpg?w=2880&amp;quality=70 2x\" media=\"(min-width: 1500px)\"\/><source srcset=\"https:\/\/www.capgemini.com\/wp-content\/uploads\/2021\/09\/Capgemini_Ventures-Business-Ventures-1.jpg?w=1440&amp;quality=70 1x, https:\/\/www.capgemini.com\/wp-content\/uploads\/2021\/09\/Capgemini_Ventures-Business-Ventures-1.jpg?w=2880&amp;quality=70 2x\" media=\"(min-width: 992px)\"\/><source srcset=\"https:\/\/www.capgemini.com\/wp-content\/uploads\/2021\/09\/Capgemini_Ventures-Business-Ventures-1.jpg?w=1024&amp;quality=70 1x, https:\/\/www.capgemini.com\/wp-content\/uploads\/2021\/09\/Capgemini_Ventures-Business-Ventures-1.jpg?w=1024&amp;quality=70 2x\" media=\"(min-width: 768px)\"\/><source srcset=\"https:\/\/www.capgemini.com\/wp-content\/uploads\/2021\/09\/Capgemini_Ventures-Business-Ventures-1.jpg?w=768&amp;quality=70 1x, https:\/\/www.capgemini.com\/wp-content\/uploads\/2021\/09\/Capgemini_Ventures-Business-Ventures-1.jpg?w=768&amp;quality=70 2x\" media=\"(min-width: 0)\"\/><img decoding=\"async\" src=\"https:\/\/www.capgemini.com\/wp-content\/uploads\/2021\/09\/Capgemini_Ventures-Business-Ventures-1.jpg\" class=\"mobileImage\" alt=\"\" style=\"object-fit:cover;object-position:37% 38%\" loading=\"eager\"\/><\/picture><\/div><div class=\"heroPictureCardHeaderShape\"><\/div><div class=\"container\"><div class=\"row\"><div class=\"col-md-8 col-lg-6\"><div class=\"heroPictureCardBox\"><div class=\"heroPictureCardBoxTitle\"><h1 data-maxlength=\"144\">Etica para la Inteligencia Artificial<\/h1><\/div><\/div><\/div><\/div><\/div><div class=\"small-device\"><div class=\"brandLogoWrapper\"> <\/div><\/div><\/div>\n\n\n\n<section class=\"wp-block-cg-blocks-intro-para undefined section section--intro\"><div class=\"intro-para\"><div class=\"container\"><div class=\"row\"><div class=\"col-12 col-md-1\"><nav class=\"article-social\"><ul class=\"social-nav\"><li class=\"ip-order-fb\"><a href=\"https:\/\/www.facebook.com\/sharer\/sharer.php?u=https:\/\/www.capgemini.com\/co-es\/sobre-nosotros\/quienes-somos\/valores-y-etica\/etica-ia\/\" target=\"_blank\" rel=\"noopener noreferrer\" title=\"abrir en una nueva ventana\"><i aria-hidden=\"true\" class=\"icon-fb\"><\/i><span class=\"sr-only\">Facebook<\/span><\/a><\/li><li class=\"ip-order-li\"><a href=\"https:\/\/www.linkedin.com\/sharing\/share-offsite\/?url=https:\/\/www.capgemini.com\/co-es\/sobre-nosotros\/quienes-somos\/valores-y-etica\/etica-ia\/\" target=\"_blank\" rel=\"noopener noreferrer\" title=\"abrir en una nueva ventana\"><i aria-hidden=\"true\" class=\"icon-li\"><\/i><span class=\"sr-only\">Linkedin<\/span><\/a><\/li><\/ul><\/nav><\/div><div class=\"col-12 col-md-11 col-lg-10\"><h2 class=\"intro-para-title\">Nuestra cultura \u00e9tica impulsa nuestra visi\u00f3n de la Inteligencia Artificial, guiada especialmente por 5 de nuestros valores fundamentales: Honestidad, Confianza, Audacia, Libertad y Modestia.<\/h2><\/div><\/div><\/div><\/div><\/section>\n\n\n\n<section class=\"wp-block-cg-blocks-group undefined section section--article-content\"><div class=\"article-main-content\"><div class=\"container\"><div class=\"row\"><div class=\"col-12 col-md-11 col-lg-10 offset-md-1 offset-lg-1\"><div class=\"article-text article-quote-text\">\n<h4 class=\"wp-block-heading\" id=\"h-por-que-construimos-un-codigo-de-etica-para-la-inteligencia-artificial-ia\"><strong>\u00bfPor qu\u00e9 construimos un C\u00f3digo de \u00c9tica para la Inteligencia Artificial (IA)?<\/strong><\/h4>\n\n\n\n<p>En Capgemini, nuestra cultura \u00e9tica impulsa nuestra visi\u00f3n de la IA. Como l\u00edder en la transformaci\u00f3n digital, estamos comprometidos con la adopci\u00f3n de la IA de una manera que ofrece claros beneficios de ella dentro de un marco de confianza, mediante la construcci\u00f3n de un C\u00f3digo de \u00c9tica para la IA.<\/p>\n\n\n\n<h2 class=\"wp-block-heading\" id=\"h-\"><\/h2>\n\n\n\n<h4 class=\"wp-block-heading\" id=\"h-que-contiene-nuestro-codigo-etico-para-la-ia\"><strong>\u00bfQu\u00e9 contiene nuestro C\u00f3digo \u00c9tico para la IA?<\/strong><\/h4>\n\n\n\n<p>Nuestro C\u00f3digo \u00c9tico para la IA nos orienta sobre c\u00f3mo integrar el pensamiento \u00e9tico en nuestro trabajo relacionado con la IA. Incluye ejemplos concretos de los proyectos que llevamos a cabo y est\u00e1 pensado para iniciar debates \u00e9ticos dentro de la empresa, con nuestros clientes y con las partes interesadas.<\/p>\n\n\n\n<p>Nuestro C\u00f3digo aborda tanto el prop\u00f3sito de la soluci\u00f3n de IA como la forma en que integramos la \u00e9tica en el dise\u00f1o y la prestaci\u00f3n de soluciones y servicios de IA a nuestros clientes.<\/p>\n\n\n\n<h2 class=\"wp-block-heading\" id=\"h-\"><\/h2>\n\n\n\n<div class=\"wp-block-buttons is-layout-flex wp-block-buttons-is-layout-flex\">\n<div class=\"wp-block-button is-style-outline is-style-outline--1\"><a class=\"wp-block-button__link wp-element-button\" href=\"\/wp-content\/uploads\/2021\/06\/Capgemini_Code_of_Ethics_for_AI_2021_EN.pdf\" target=\"_blank\" rel=\"noreferrer noopener\">Descargar C\u00f3digo \u00c9tico para IA<\/a><\/div>\n<\/div>\n\n\n\n<h2 class=\"wp-block-heading\" id=\"h-\"><\/h2>\n\n\n\n<p>Si tiene alguna pregunta o comentario, env\u00edenos un correo electr\u00f3nico&nbsp;<a href=\"mailto:Ethics@capgemini.com\">Ethics@capgemini.com<\/a><\/p>\n<\/div><\/div><\/div><\/div><\/div><\/section>\n\n\n<section class=\"latest-insights layout-odd layout-one-card-only \"><div class=\"container\"><div class=\"insight-title\"><h2 class=\"latest-insight-title\">Investigaci\u00f3n y Conocimiento<\/h2><\/div><div class=\"layout-single-card\">\n                      <div class=\"row align-items-center w-lg-100\">\n                        <div class=\"card-image-wrapper\">\n                                <div class=\"card-image\" data-image-url=\"https:\/\/www.capgemini.com\/co-es\/insights\/biblioteca-de-investigacion\/yo-y-el-enigma-etico\/\">\n\t\t\t\t\t\t\t\t\t\t\t\t\t\t\t\t\t<picture>\n\t\t\t\t\t\t\t\t\t\t\t\t\t\t\t\t\t\t\t\t\t<source srcset=\"https:\/\/www.capgemini.com\/co-es\/wp-content\/uploads\/sites\/25\/2021\/02\/Capgemini_Research_AI-AND-THE-ETHICAL-CONUNDRUM.jpg?w=2048&#038;quality=70 1x, https:\/\/www.capgemini.com\/co-es\/wp-content\/uploads\/sites\/25\/2021\/02\/Capgemini_Research_AI-AND-THE-ETHICAL-CONUNDRUM.jpg?w=2048&#038;quality=70 2x\"\n\t\t\t\t\t\t\t\t\t\t\t\t\t\t\t\t\t\t\t\t\t\t\t\t\tmedia=\"(min-width: 1500px)\"\/>\n\t\t\t\t\t\t\t\t\t\t\t\t\t\t\t\t\t\t\t\t\t<source srcset=\"https:\/\/www.capgemini.com\/co-es\/wp-content\/uploads\/sites\/25\/2021\/02\/Capgemini_Research_AI-AND-THE-ETHICAL-CONUNDRUM.jpg?w=1024&#038;quality=70 1x, https:\/\/www.capgemini.com\/co-es\/wp-content\/uploads\/sites\/25\/2021\/02\/Capgemini_Research_AI-AND-THE-ETHICAL-CONUNDRUM.jpg?w=2048&#038;quality=70 2x\"\n\t\t\t\t\t\t\t\t\t\t\t\t\t\t\t\t\t\t\t\t\t\t\t\t\tmedia=\"(min-width: 992px)\"\/>\n\t\t\t\t\t\t\t\t\t\t\t\t\t\t\t\t\t\t\t\t\t<source srcset=\"https:\/\/www.capgemini.com\/co-es\/wp-content\/uploads\/sites\/25\/2021\/02\/Capgemini_Research_AI-AND-THE-ETHICAL-CONUNDRUM.jpg?w=1024&#038;quality=70 1x, https:\/\/www.capgemini.com\/co-es\/wp-content\/uploads\/sites\/25\/2021\/02\/Capgemini_Research_AI-AND-THE-ETHICAL-CONUNDRUM.jpg?w=2048&#038;quality=70 2x\"\n\t\t\t\t\t\t\t\t\t\t\t\t\t\t\t\t\t\t\t\t\t\t\t\t\tmedia=\"(min-width: 768px)\"\/>\n\t\t\t\t\t\t\t\t\t\t\t\t\t\t\t\t\t\t\t\t\t<source srcset=\"https:\/\/www.capgemini.com\/co-es\/wp-content\/uploads\/sites\/25\/2021\/02\/Capgemini_Research_AI-AND-THE-ETHICAL-CONUNDRUM.jpg?w=500&#038;quality=70 1x, https:\/\/www.capgemini.com\/co-es\/wp-content\/uploads\/sites\/25\/2021\/02\/Capgemini_Research_AI-AND-THE-ETHICAL-CONUNDRUM.jpg?w=1000&#038;quality=70 2x\"\n\t\t\t\t\t\t\t\t\t\t\t\t\t\t\t\t\t\t\t\t\t\t\t\t\tmedia=\"(min-width: 0)\"\/>\n\t\t\t\t\t\t\t\t\t\t\t\t\t\t\t\t\t\t\t\t\t\t<img decoding=\"async\" loading=\"lazy\" src=\"https:\/\/www.capgemini.com\/co-es\/wp-content\/uploads\/sites\/25\/2021\/02\/Capgemini_Research_AI-AND-THE-ETHICAL-CONUNDRUM.jpg\" alt=\"\" style=\"object-position: 50% 50%; object-fit: cover;\">\n\t\t\t\t\t\t\t\t\t\t\t\t\t\t\t\t\t\t\t<\/picture>\n                                <\/div>\n                            <\/div>\n                            <div class=\"col-12 col-md-5 col-lg-7\"><\/div>\n                        <div class=\"col-12 col-md-7 col-lg-5\">\n                            <a href=\"https:\/\/www.capgemini.com\/co-es\/insights\/biblioteca-de-investigacion\/yo-y-el-enigma-etico\/\" aria-label=\"Yo y el enigma \u00e9tico:\" class=\"card-link-holder\">\n                            <div class=\"insight-card insight-card-start\">\n                                <div class=\"card-tag\">Report<\/div>\n                                <h3 class=\"card-title\">Yo y el enigma \u00e9tico:<\/h3>\n                                <div class=\"insight-card-footer\">\n                                    <img decoding=\"async\" loading=\"lazy\" src=\"\" alt=\"\" class=\"light\">\n\t\t\t\t\t\t\t\t\t<img decoding=\"async\" loading=\"lazy\" src=\"\" alt=\"\" class=\"dark\">\n                                <\/div>\n                            <\/div>\n                            <\/a>\n                        <\/div>\n                     <\/div>\n                    <\/div><\/div><\/section>\n\n<section class=\"section section--expert-perspectives\"><div class=\"container\"><div class=\"row\"><div class=\"content-title col-12 col-md-8\"><h2 class=\"expert-heading\">Perspectivas de expertos<\/h2><\/div><\/div><div class=\"expert-prospective-container\"><div class=\"row\"><\/div><\/div><\/div><\/section>","protected":false},"excerpt":{"rendered":"","protected":false},"author":121,"featured_media":0,"parent":5877,"menu_order":5,"comment_status":"closed","ping_status":"closed","template":"","meta":{"cg_dt_proposed_to":[0],"cg_seo_hreflang_relations":"[]","cg_seo_canonical_relation":"","cg_seo_hreflang_x_default_relation":"{\"uuid\":\"acaa8e7e-e90a-4a08-995f-2f42d4e1f089\",\"blogId\":\"\",\"domain\":\"\",\"sitePath\":\"\",\"postLink\":\"\",\"postId\":null,\"isSaved\":true,\"isCrossLink\":false,\"hasCrossLink\":false}","cg_dt_approved_content":false,"cg_dt_mandatory_content":false,"cg_dt_notes":"","cg_dg_source_changed":false,"cg_dt_link_disabled":false,"_yoast_wpseo_primary_brand":"","footnotes":"","featured_focal_points":"","partner_card_description":"","gsap_animation":0},"brand":[],"partner_type":[],"service":[],"industry":[],"partners":[],"page-type":[],"content-group":[],"class_list":["post-5336","page","type-page","status-publish","hentry"],"yoast_head":"<!-- This site is optimized with the Yoast SEO Premium plugin v22.8 (Yoast SEO v22.8) - https:\/\/yoast.com\/wordpress\/plugins\/seo\/ -->\n<title>Etica para la Inteligencia Artificiale | Capgemini<\/title>\n<meta name=\"description\" content=\"C\u00f3digo \u00e9tico de Capgemini en relaci\u00f3n con la Inteligencia Artificial y el trabajo relacionado con la misma.\" \/>\n<meta name=\"robots\" content=\"index, follow, max-snippet:-1, max-image-preview:large, max-video-preview:-1\" \/>\n<link rel=\"canonical\" href=\"https:\/\/www.capgemini.com\/co-es\/sobre-nosotros\/quienes-somos\/valores-y-etica\/etica-ia\/\" \/>\n<meta property=\"og:locale\" content=\"es_MX\" \/>\n<meta property=\"og:type\" content=\"article\" \/>\n<meta property=\"og:title\" content=\"Etica para la Inteligencia Artificial\" \/>\n<meta property=\"og:description\" content=\"C\u00f3digo \u00e9tico de Capgemini en relaci\u00f3n con la Inteligencia Artificial y el trabajo relacionado con la misma.\" \/>\n<meta property=\"og:url\" content=\"https:\/\/www.capgemini.com\/co-es\/sobre-nosotros\/quienes-somos\/valores-y-etica\/etica-ia\/\" \/>\n<meta property=\"og:site_name\" content=\"Capgemini Colombia\" \/>\n<meta property=\"article:modified_time\" content=\"2025-04-01T18:29:53+00:00\" \/>\n<meta property=\"og:image\" content=\"https:\/\/www.capgemini.com\/wp-content\/uploads\/2021\/09\/Capgemini_Ventures-Business-Ventures-1.jpg\" \/>\n<meta name=\"twitter:card\" content=\"summary_large_image\" \/>\n<meta name=\"twitter:label1\" content=\"Est. reading time\" \/>\n\t<meta name=\"twitter:data1\" content=\"2 minutes\" \/>\n<script type=\"application\/ld+json\" class=\"yoast-schema-graph\">{\"@context\":\"https:\/\/schema.org\",\"@graph\":[{\"@type\":\"WebPage\",\"@id\":\"https:\/\/www.capgemini.com\/co-es\/sobre-nosotros\/quienes-somos\/valores-y-etica\/etica-ia\/\",\"url\":\"https:\/\/www.capgemini.com\/co-es\/sobre-nosotros\/quienes-somos\/valores-y-etica\/etica-ia\/\",\"name\":\"Etica para la Inteligencia Artificiale | Capgemini\",\"isPartOf\":{\"@id\":\"https:\/\/www.capgemini.com\/co-es\/#website\"},\"primaryImageOfPage\":{\"@id\":\"https:\/\/www.capgemini.com\/co-es\/sobre-nosotros\/quienes-somos\/valores-y-etica\/etica-ia\/#primaryimage\"},\"image\":{\"@id\":\"https:\/\/www.capgemini.com\/co-es\/sobre-nosotros\/quienes-somos\/valores-y-etica\/etica-ia\/#primaryimage\"},\"thumbnailUrl\":\"https:\/\/www.capgemini.com\/wp-content\/uploads\/2021\/09\/Capgemini_Ventures-Business-Ventures-1.jpg\",\"datePublished\":\"2022-04-19T16:59:29+00:00\",\"dateModified\":\"2025-04-01T18:29:53+00:00\",\"description\":\"C\u00f3digo \u00e9tico de Capgemini en relaci\u00f3n con la Inteligencia Artificial y el trabajo relacionado con la misma.\",\"breadcrumb\":{\"@id\":\"https:\/\/www.capgemini.com\/co-es\/sobre-nosotros\/quienes-somos\/valores-y-etica\/etica-ia\/#breadcrumb\"},\"inLanguage\":\"es-MX\",\"potentialAction\":[{\"@type\":\"ReadAction\",\"target\":[\"https:\/\/www.capgemini.com\/co-es\/sobre-nosotros\/quienes-somos\/valores-y-etica\/etica-ia\/\"]}]},{\"@type\":\"ImageObject\",\"inLanguage\":\"es-MX\",\"@id\":\"https:\/\/www.capgemini.com\/co-es\/sobre-nosotros\/quienes-somos\/valores-y-etica\/etica-ia\/#primaryimage\",\"url\":\"https:\/\/www.capgemini.com\/wp-content\/uploads\/2021\/09\/Capgemini_Ventures-Business-Ventures-1.jpg\",\"contentUrl\":\"https:\/\/www.capgemini.com\/wp-content\/uploads\/2021\/09\/Capgemini_Ventures-Business-Ventures-1.jpg\"},{\"@type\":\"BreadcrumbList\",\"@id\":\"https:\/\/www.capgemini.com\/co-es\/sobre-nosotros\/quienes-somos\/valores-y-etica\/etica-ia\/#breadcrumb\",\"itemListElement\":[{\"@type\":\"ListItem\",\"position\":1,\"name\":\"Home\",\"item\":\"https:\/\/www.capgemini.com\/co-es\/\"},{\"@type\":\"ListItem\",\"position\":2,\"name\":\"Sobre nosotros\",\"item\":\"https:\/\/www.capgemini.com\/co-es\/sobre-nosotros\/\"},{\"@type\":\"ListItem\",\"position\":3,\"name\":\"Qui\u00e9nes somos\",\"item\":\"https:\/\/www.capgemini.com\/co-es\/sobre-nosotros\/quienes-somos\/\"},{\"@type\":\"ListItem\",\"position\":4,\"name\":\"Valores y \u00e9tica\",\"item\":\"https:\/\/www.capgemini.com\/co-es\/sobre-nosotros\/quienes-somos\/valores-y-etica\/\"},{\"@type\":\"ListItem\",\"position\":5,\"name\":\"Etica para la Inteligencia Artificial\"}]},{\"@type\":\"WebSite\",\"@id\":\"https:\/\/www.capgemini.com\/co-es\/#website\",\"url\":\"https:\/\/www.capgemini.com\/co-es\/\",\"name\":\"Capgemini Colombia\",\"description\":\"Capgemini\",\"potentialAction\":[{\"@type\":\"SearchAction\",\"target\":{\"@type\":\"EntryPoint\",\"urlTemplate\":\"https:\/\/www.capgemini.com\/co-es\/?s={search_term_string}\"},\"query-input\":\"required name=search_term_string\"}],\"inLanguage\":\"es-MX\"}]}<\/script>\n<!-- \/ Yoast SEO Premium plugin. -->","yoast_head_json":{"title":"Etica para la Inteligencia Artificiale | Capgemini","description":"C\u00f3digo \u00e9tico de Capgemini en relaci\u00f3n con la Inteligencia Artificial y el trabajo relacionado con la misma.","robots":{"index":"index","follow":"follow","max-snippet":"max-snippet:-1","max-image-preview":"max-image-preview:large","max-video-preview":"max-video-preview:-1"},"canonical":"https:\/\/www.capgemini.com\/co-es\/sobre-nosotros\/quienes-somos\/valores-y-etica\/etica-ia\/","og_locale":"es_MX","og_type":"article","og_title":"Etica para la Inteligencia Artificial","og_description":"C\u00f3digo \u00e9tico de Capgemini en relaci\u00f3n con la Inteligencia Artificial y el trabajo relacionado con la misma.","og_url":"https:\/\/www.capgemini.com\/co-es\/sobre-nosotros\/quienes-somos\/valores-y-etica\/etica-ia\/","og_site_name":"Capgemini Colombia","article_modified_time":"2025-04-01T18:29:53+00:00","og_image":[{"url":"https:\/\/www.capgemini.com\/wp-content\/uploads\/2021\/09\/Capgemini_Ventures-Business-Ventures-1.jpg"}],"twitter_card":"summary_large_image","twitter_misc":{"Est. reading time":"2 minutes"},"schema":{"@context":"https:\/\/schema.org","@graph":[{"@type":"WebPage","@id":"https:\/\/www.capgemini.com\/co-es\/sobre-nosotros\/quienes-somos\/valores-y-etica\/etica-ia\/","url":"https:\/\/www.capgemini.com\/co-es\/sobre-nosotros\/quienes-somos\/valores-y-etica\/etica-ia\/","name":"Etica para la Inteligencia Artificiale | Capgemini","isPartOf":{"@id":"https:\/\/www.capgemini.com\/co-es\/#website"},"primaryImageOfPage":{"@id":"https:\/\/www.capgemini.com\/co-es\/sobre-nosotros\/quienes-somos\/valores-y-etica\/etica-ia\/#primaryimage"},"image":{"@id":"https:\/\/www.capgemini.com\/co-es\/sobre-nosotros\/quienes-somos\/valores-y-etica\/etica-ia\/#primaryimage"},"thumbnailUrl":"https:\/\/www.capgemini.com\/wp-content\/uploads\/2021\/09\/Capgemini_Ventures-Business-Ventures-1.jpg","datePublished":"2022-04-19T16:59:29+00:00","dateModified":"2025-04-01T18:29:53+00:00","description":"C\u00f3digo \u00e9tico de Capgemini en relaci\u00f3n con la Inteligencia Artificial y el trabajo relacionado con la misma.","breadcrumb":{"@id":"https:\/\/www.capgemini.com\/co-es\/sobre-nosotros\/quienes-somos\/valores-y-etica\/etica-ia\/#breadcrumb"},"inLanguage":"es-MX","potentialAction":[{"@type":"ReadAction","target":["https:\/\/www.capgemini.com\/co-es\/sobre-nosotros\/quienes-somos\/valores-y-etica\/etica-ia\/"]}]},{"@type":"ImageObject","inLanguage":"es-MX","@id":"https:\/\/www.capgemini.com\/co-es\/sobre-nosotros\/quienes-somos\/valores-y-etica\/etica-ia\/#primaryimage","url":"https:\/\/www.capgemini.com\/wp-content\/uploads\/2021\/09\/Capgemini_Ventures-Business-Ventures-1.jpg","contentUrl":"https:\/\/www.capgemini.com\/wp-content\/uploads\/2021\/09\/Capgemini_Ventures-Business-Ventures-1.jpg"},{"@type":"BreadcrumbList","@id":"https:\/\/www.capgemini.com\/co-es\/sobre-nosotros\/quienes-somos\/valores-y-etica\/etica-ia\/#breadcrumb","itemListElement":[{"@type":"ListItem","position":1,"name":"Home","item":"https:\/\/www.capgemini.com\/co-es\/"},{"@type":"ListItem","position":2,"name":"Sobre nosotros","item":"https:\/\/www.capgemini.com\/co-es\/sobre-nosotros\/"},{"@type":"ListItem","position":3,"name":"Qui\u00e9nes somos","item":"https:\/\/www.capgemini.com\/co-es\/sobre-nosotros\/quienes-somos\/"},{"@type":"ListItem","position":4,"name":"Valores y \u00e9tica","item":"https:\/\/www.capgemini.com\/co-es\/sobre-nosotros\/quienes-somos\/valores-y-etica\/"},{"@type":"ListItem","position":5,"name":"Etica para la Inteligencia Artificial"}]},{"@type":"WebSite","@id":"https:\/\/www.capgemini.com\/co-es\/#website","url":"https:\/\/www.capgemini.com\/co-es\/","name":"Capgemini Colombia","description":"Capgemini","potentialAction":[{"@type":"SearchAction","target":{"@type":"EntryPoint","urlTemplate":"https:\/\/www.capgemini.com\/co-es\/?s={search_term_string}"},"query-input":"required name=search_term_string"}],"inLanguage":"es-MX"}]}},"brand_term":[],"parsely":{"version":"1.1.0","canonical_url":"https:\/\/capgemini.com\/co-es\/sobre-nosotros\/quienes-somos\/valores-y-etica\/etica-ia\/","smart_links":{"inbound":0,"outbound":0},"traffic_boost_suggestions_count":0,"meta":{"@context":"https:\/\/schema.org","@type":"WebPage","headline":"Etica para la Inteligencia Artificial","url":"https:\/\/www.capgemini.com\/co-es\/sobre-nosotros\/quienes-somos\/valores-y-etica\/etica-ia\/","mainEntityOfPage":{"@type":"WebPage","@id":"https:\/\/www.capgemini.com\/co-es\/sobre-nosotros\/quienes-somos\/valores-y-etica\/etica-ia\/"},"thumbnailUrl":"","image":{"@type":"ImageObject","url":""},"articleSection":"Uncategorized","author":[],"creator":[],"publisher":{"@type":"Organization","name":"Capgemini Colombia","logo":""},"keywords":[],"dateCreated":"2022-04-19T16:59:29Z","datePublished":"2022-04-19T16:59:29Z","dateModified":"2025-04-01T18:29:53Z"},"rendered":"<meta name=\"parsely-title\" content=\"Etica para la Inteligencia Artificial\" \/>\n<meta name=\"parsely-link\" content=\"https:\/\/www.capgemini.com\/co-es\/sobre-nosotros\/quienes-somos\/valores-y-etica\/etica-ia\/\" \/>\n<meta name=\"parsely-type\" content=\"index\" \/>\n<meta name=\"parsely-pub-date\" content=\"2022-04-19T16:59:29Z\" \/>\n<meta name=\"parsely-section\" content=\"Uncategorized\" \/>","tracker_url":"https:\/\/cdn.parsely.com\/keys\/capgemini.com\/p.js"},"archive_status":false,"featured_image_src":"https:\/\/www.capgemini.com\/co-es\/wp-content\/themes\/capgemini2025\/assets\/images\/mockup.png","featured_image_alt":false,"jetpack_sharing_enabled":true,"distributor_meta":false,"distributor_terms":false,"distributor_media":false,"distributor_original_site_name":"Capgemini Colombia","distributor_original_site_url":"https:\/\/www.capgemini.com\/co-es","push-errors":false,"_links":{"self":[{"href":"https:\/\/www.capgemini.com\/co-es\/wp-json\/wp\/v2\/pages\/5336","targetHints":{"allow":["GET"]}}],"collection":[{"href":"https:\/\/www.capgemini.com\/co-es\/wp-json\/wp\/v2\/pages"}],"about":[{"href":"https:\/\/www.capgemini.com\/co-es\/wp-json\/wp\/v2\/types\/page"}],"author":[{"embeddable":true,"href":"https:\/\/www.capgemini.com\/co-es\/wp-json\/wp\/v2\/users\/121"}],"replies":[{"embeddable":true,"href":"https:\/\/www.capgemini.com\/co-es\/wp-json\/wp\/v2\/comments?post=5336"}],"version-history":[{"count":15,"href":"https:\/\/www.capgemini.com\/co-es\/wp-json\/wp\/v2\/pages\/5336\/revisions"}],"predecessor-version":[{"id":536888,"href":"https:\/\/www.capgemini.com\/co-es\/wp-json\/wp\/v2\/pages\/5336\/revisions\/536888"}],"up":[{"embeddable":true,"href":"https:\/\/www.capgemini.com\/co-es\/wp-json\/wp\/v2\/pages\/5877"}],"wp:attachment":[{"href":"https:\/\/www.capgemini.com\/co-es\/wp-json\/wp\/v2\/media?parent=5336"}],"wp:term":[{"taxonomy":"brand","embeddable":true,"href":"https:\/\/www.capgemini.com\/co-es\/wp-json\/wp\/v2\/brand?post=5336"},{"taxonomy":"partner_type","embeddable":true,"href":"https:\/\/www.capgemini.com\/co-es\/wp-json\/wp\/v2\/partner_type?post=5336"},{"taxonomy":"service","embeddable":true,"href":"https:\/\/www.capgemini.com\/co-es\/wp-json\/wp\/v2\/service?post=5336"},{"taxonomy":"industry","embeddable":true,"href":"https:\/\/www.capgemini.com\/co-es\/wp-json\/wp\/v2\/industry?post=5336"},{"taxonomy":"partners","embeddable":true,"href":"https:\/\/www.capgemini.com\/co-es\/wp-json\/wp\/v2\/partners?post=5336"},{"taxonomy":"page-type","embeddable":true,"href":"https:\/\/www.capgemini.com\/co-es\/wp-json\/wp\/v2\/page-type?post=5336"},{"taxonomy":"content-group","embeddable":true,"href":"https:\/\/www.capgemini.com\/co-es\/wp-json\/wp\/v2\/content-group?post=5336"}],"curies":[{"name":"wp","href":"https:\/\/api.w.org\/{rel}","templated":true}]}}