{"id":5334,"date":"2022-12-23T13:49:03","date_gmt":"2022-12-23T13:49:03","guid":{"rendered":"https:\/\/www.capgemini.com\/?page_id=684548"},"modified":"2025-04-01T17:19:15","modified_gmt":"2025-04-01T17:19:15","slug":"modernizacion-de-la-nube-con-admnext","status":"publish","type":"page","link":"https:\/\/www.capgemini.com\/co-es\/solutions\/modernizacion-de-la-nube-con-admnext\/","title":{"rendered":"Modernizaci\u00f3n de la nube con ADMnext"},"content":{"rendered":"\n<header class=\"wp-block-cg-blocks-hero-reusable is-style-blue-line header heroReusable  \"><div class=\"header-bgs\"><picture><source srcset=\"https:\/\/www.capgemini.com\/wp-content\/uploads\/2022\/04\/Capgemini_Solutions_Cloud-Modernization-with-ADMnext.jpg?w=2880&amp;quality=70 1x, https:\/\/www.capgemini.com\/wp-content\/uploads\/2022\/04\/Capgemini_Solutions_Cloud-Modernization-with-ADMnext.jpg?w=2880&amp;quality=70 2x\" media=\"(min-width: 1500px)\"\/><source srcset=\"https:\/\/www.capgemini.com\/wp-content\/uploads\/2022\/04\/Capgemini_Solutions_Cloud-Modernization-with-ADMnext.jpg?w=1440&amp;quality=70 1x, https:\/\/www.capgemini.com\/wp-content\/uploads\/2022\/04\/Capgemini_Solutions_Cloud-Modernization-with-ADMnext.jpg?w=2880&amp;quality=70 2x\" media=\"(min-width: 992px)\"\/><source srcset=\"https:\/\/www.capgemini.com\/wp-content\/uploads\/2022\/04\/Capgemini_Solutions_Cloud-Modernization-with-ADMnext.jpg?w=1024&amp;quality=70 1x, https:\/\/www.capgemini.com\/wp-content\/uploads\/2022\/04\/Capgemini_Solutions_Cloud-Modernization-with-ADMnext.jpg?w=1024&amp;quality=70 2x\" media=\"(min-width: 768px)\"\/><source srcset=\"https:\/\/www.capgemini.com\/wp-content\/uploads\/2022\/04\/Capgemini_Solutions_Cloud-Modernization-with-ADMnext.jpg?w=768&amp;quality=70 1x, https:\/\/www.capgemini.com\/wp-content\/uploads\/2022\/04\/Capgemini_Solutions_Cloud-Modernization-with-ADMnext.jpg?w=768&amp;quality=70 2x\" media=\"(min-width: 0)\"\/><img decoding=\"async\" src=\"https:\/\/www.capgemini.com\/wp-content\/uploads\/2022\/04\/Capgemini_Solutions_Cloud-Modernization-with-ADMnext.jpg\" class=\"header-img header-img-d\" alt=\"\" style=\"object-fit:cover;object-position:48% 49%\" loading=\"eager\"\/><\/picture><\/div><div class=\"heroPictureCardHeaderShape\"><\/div><div class=\"container\"><div class=\"row\"><div class=\"col-md-12\"><div class=\"box\"><div class=\"boxTagWrapper\"><div class=\"tagInfo\"><div><span class=\"box-tag\">Solution<\/span><\/div><\/div><\/div><div class=\"box-title\"><h1 data-maxlength=\"34\">Modernizaci\u00f3n de la nube con ADMnext<\/h1><\/div><div class=\"inner-row-insight download-btn\"><div class=\"col-md-4 downloadFiles addPadding\"><a class=\"button-download--small\" type=\"download\" href=\"https:\/\/www.capgemini.com\/wp-content\/uploads\/2022\/04\/ADMnext-Spotlight-Enabling-Cloud-Modernization.pdf\" target=\"_blank\" rel=\"noopener noreferrer\" title=\"abrir en una nueva ventana\"><span>Download brochure<\/span><span class=\"type\">7 MB  pdf<\/span><\/a><\/div><\/div><\/div><\/div><\/div><\/div><\/header>\n\n\n\n<section class=\"wp-block-cg-blocks-intro-para undefined section section--intro\"><div class=\"intro-para\"><div class=\"container\"><div class=\"row\"><div class=\"col-12 col-md-1\"><nav class=\"article-social\"><ul class=\"social-nav\"><li class=\"ip-order-fb\"><a href=\"https:\/\/www.facebook.com\/sharer\/sharer.php?u=https:\/\/www.capgemini.com\/co-es\/solutions\/modernizacion-de-la-nube-con-admnext\/\" target=\"_blank\" rel=\"noopener noreferrer\" title=\"abrir en una nueva ventana\"><i aria-hidden=\"true\" class=\"icon-fb\"><\/i><span class=\"sr-only\">Facebook<\/span><\/a><\/li><li class=\"ip-order-li\"><a href=\"https:\/\/www.linkedin.com\/sharing\/share-offsite\/?url=https:\/\/www.capgemini.com\/co-es\/solutions\/modernizacion-de-la-nube-con-admnext\/\" target=\"_blank\" rel=\"noopener noreferrer\" title=\"abrir en una nueva ventana\"><i aria-hidden=\"true\" class=\"icon-li\"><\/i><span class=\"sr-only\">Linkedin<\/span><\/a><\/li><\/ul><\/nav><\/div><div class=\"col-12 col-md-11 col-lg-10\"><h2 class=\"intro-para-title\">La nube tiene un potencial ilimitado para el crecimiento de sus aplicaciones, su negocio y las soluciones que brinda a sus clientes. Muchos creen que la computaci\u00f3n en la nube es ahora el principal disruptor dentro del espacio de TI, por lo que es esencial que obtenga la estrategia correcta de modernizaci\u00f3n de la nube.<\/h2><\/div><\/div><\/div><\/div><\/section>\n\n\n\n<section class=\"wp-block-cg-blocks-group undefined section section--article-content\"><div class=\"article-main-content\"><div class=\"container\"><div class=\"row\"><div class=\"col-12 col-md-11 col-lg-10 offset-md-1 offset-lg-1\"><div class=\"article-text article-quote-text\">\n<h4 class=\"wp-block-heading\" id=\"h-servicios-adm-y-su-estrategia-de-modernizacion-de-la-nube-llevar-su-negocio-a-nuevas-alturas\"><strong>Servicios ADM y su estrategia de modernizaci\u00f3n de la nube: llevar su negocio a nuevas alturas<\/strong><\/h4>\n\n\n\n<p>Al cambiar a arquitecturas basadas en la nube, sus aplicaciones deber\u00e1n adaptarse y seguir el ritmo de los requisitos cambiantes. Implementar una estrategia exitosa de modernizaci\u00f3n de la nube con plataformas y tecnolog\u00edas de la nube requiere el desarrollo de una infraestructura de la nube donde la seguridad y la escalabilidad\/resiliencia de la plataforma est\u00e9n preconstruidas y listas para nuevas aplicaciones, y esta no es una tarea f\u00e1cil.<\/p>\n\n\n\n<p>Esta es la raz\u00f3n por la que tantos l\u00edderes optan por asociarse con expertos en servicios de Cloud y ADM que pueden brindar todos los beneficios potenciales que Cloud tiene para ofrecer, de una manera que se adapta exactamente a los objetivos de sus negocios.<\/p>\n<\/div><\/div><\/div><\/div><\/div><\/section>\n\n\n\n<section class=\"wp-block-cg-blocks-group undefined section section--article-content\" id=\"quoteWrapper\"><div class=\"article-main-content\"><div class=\"container\"><div class=\"row\"><div class=\"col-12 col-md-11 col-lg-10 offset-md-1 offset-lg-1\"><div class=\"article-text article-quote-text\">\n\n<h4 class=\"wp-block-heading\"><strong>Presentamos la modernizaci\u00f3n de la nube con ADMnext: garantizar que su entorno de ADM est\u00e9 orientado a brindar soporte<\/strong><\/h4>\n\n\n<p>La modernizaci\u00f3n de la nube con ADMnext garantiza que su entorno ADM est\u00e9 preparado para brindar soporte y le permite aprovechar todo el poder de la nube para una transformaci\u00f3n empresarial integral de TI, digital y basada en datos a trav\u00e9s de tres capacidades principales:<\/p>\n\n\n<ul class=\"wp-block-list\">\n\n<li><strong>Optimizaci\u00f3n de cartera e implementaci\u00f3n<\/strong> de estrategia Cloud con la econ\u00f3mica Application Portfolio Management (eAPM) de Capgemini<\/li>\n\n\n<li><strong>Desarrollo nativo<\/strong> en la nube con automatizaci\u00f3n inteligente y miner\u00eda de procesos para empresas de Capgemini <\/li>\n\n\n<li><strong>Microservicios <\/strong>con Digital Cloud Platform (DCP) de Capgemini<\/li>\n\n<\/ul>\n\n\n<p>Para cumplir de manera efectiva con sus objetivos de modernizaci\u00f3n de la nube, implementamos el Cloud CoE \u00fanico de Capgemini, que incluye expertos en la nube con experiencia en una amplia gama de industrias. Estos expertos aprovechan nuestro vasto ecosistema para lograr la gama m\u00e1s completa de beneficios al innovar con socios tecnol\u00f3gicos l\u00edderes. Al implementar la modernizaci\u00f3n de la nube con ADMnext, una empresa multinacional de bebidas pudo:<\/p>\n\n\n<ul class=\"wp-block-list\">\n\n<li>Identifique r\u00e1pidamente las aplicaciones para el desmantelamiento y la migraci\u00f3n a la nube<\/li>\n\n\n<li>Reduzca el costo total de propiedad en un 70 % <\/li>\n\n\n<li>Obtenga ahorros OPEX de $8 a 10 millones.<\/li>\n\n<\/ul>\n\n\n<p>Esencialmente, la modernizaci\u00f3n de la nube con ADMnext garantiza que su entorno ADM est\u00e9 preparado para brindar soporte y le permite aprovechar todo el poder de la nube para una transformaci\u00f3n empresarial integral de TI, digital y basada en datos.<\/p>\n\n\n<h5 class=\"wp-block-heading\"><strong>Para obtener m\u00e1s informaci\u00f3n sobre la modernizaci\u00f3n de la nube con ADMnext, descargue el folleto en la parte superior de la p\u00e1gina.<\/strong><\/h5>\n\n<\/div><\/div><\/div><\/div><\/div><\/section>\n\n\n<section class=\"section section--expert-perspectives\"><div class=\"container\"><div class=\"row\"><div class=\"content-title col-12 col-md-8\"><h2 class=\"expert-heading\">Cloud expert perspectives<\/h2><\/div><\/div><div class=\"expert-prospective-container\"><div class=\"row\"><div class=\"col-12 col-md-4 row-space\"><div class=\"box\"><div class=\"box-img-wrapper\"><a href=\"https:\/\/www.capgemini.com\/co-es\/insights\/expert-perspectives\/secure-and-sustainable-integrating-cybersecurity-with-environmental-responsibilities\/\" aria-label=\"Secure and sustainable: Integrating cybersecurity with environmental responsibilities\" tabindex=\"-1\"><img decoding=\"async\" class=\"box-img\" alt=\"\" src=\"https:\/\/www.capgemini.com\/co-es\/wp-content\/uploads\/sites\/25\/2026\/04\/Sustainable-technology-dot-com-2024a.jpg?w=600&#038;quality=70\" style=\"object-position: 50% 50%; object-fit: cover;\" loading=\"lazy\" \/><\/a><\/div><div class=\"box-inner\"><div class=\"box-tag\">Cloud, Sustainability<\/div><a class=\"content-box-title\" href=\"https:\/\/www.capgemini.com\/co-es\/insights\/expert-perspectives\/secure-and-sustainable-integrating-cybersecurity-with-environmental-responsibilities\/\" aria-label=\"Secure and sustainable: Integrating cybersecurity with environmental responsibilities\"><h3 class=\"expert-subtitle\">Secure and sustainable: Integrating cybersecurity with environmental responsibilities<\/h3><\/a><div class=\"box-bottom\">\n\t\t   <div class=\"box-logo\"><img decoding=\"async\" class=\"light\" loading=\"lazy\" alt=\"Capgemini\" src=\"https:\/\/www.capgemini.com\/co-es\/wp-content\/themes\/capgemini2025\/assets\/images\/cg-logo-blue.svg\" \/><img decoding=\"async\" class=\"dark\" loading=\"lazy\" alt=\"Capgemini\" src=\"https:\/\/www.capgemini.com\/co-es\/wp-content\/themes\/capgemini2025\/assets\/images\/cg-logo-white.svg\" \/><\/div><div class=\"date-name-info\"><div class=\"author-text\">Capgemini<\/div><div class=\"date-text\">abr. 28, 2026<\/div><\/div><\/div><\/div><\/div><\/div><div class=\"col-12 col-md-4 row-space\"><div class=\"box\"><div class=\"box-img-wrapper\"><a href=\"https:\/\/www.capgemini.com\/co-es\/insights\/expert-perspectives\/reflections-from-climate-week-2024-why-workplace-services-deserve-a-bigger-slice-of-sustainability-budgets\/\" aria-label=\"Reflections from Climate Week 2024: Why workplace services deserve a bigger slice of sustainability budgets\" tabindex=\"-1\"><img decoding=\"async\" class=\"box-img\" alt=\"\" src=\"https:\/\/www.capgemini.com\/co-es\/wp-content\/uploads\/sites\/25\/2026\/04\/Sustainable-web-preview-banner-2024b.jpg?w=600&#038;quality=70\" style=\"object-position: 50% 50%; object-fit: cover;\" loading=\"lazy\" \/><\/a><\/div><div class=\"box-inner\"><div class=\"box-tag\">Cloud<\/div><a class=\"content-box-title\" href=\"https:\/\/www.capgemini.com\/co-es\/insights\/expert-perspectives\/reflections-from-climate-week-2024-why-workplace-services-deserve-a-bigger-slice-of-sustainability-budgets\/\" aria-label=\"Reflections from Climate Week 2024: Why workplace services deserve a bigger slice of sustainability budgets\"><h3 class=\"expert-subtitle\">Reflections from Climate Week 2024: Why workplace services deserve a bigger slice of sustainability budgets<\/h3><\/a><div class=\"box-bottom\">\n\t\t   <div class=\"box-logo\"><img decoding=\"async\" class=\"\" loading=\"lazy\" alt=\"Alan Connolly, Global Head \u2013 Employee Experience and Digital Workplace, Capgemini\" src=\"https:\/\/www.capgemini.com\/co-es\/wp-content\/uploads\/sites\/25\/2025\/06\/Alan-Connolly.jpg?w=800\" \/><\/div><div class=\"date-name-info\"><div class=\"author-text\">Alan Connolly<\/div><div class=\"date-text\">abr. 28, 2026<\/div><\/div><\/div><\/div><\/div><\/div><div class=\"col-12 col-md-4 row-space\"><div class=\"box\"><div class=\"box-img-wrapper\"><a href=\"https:\/\/www.capgemini.com\/co-es\/insights\/expert-perspectives\/top-five-key-takeaways-from-climate-week-2024-shaping-a-sustainable-future-through-technology\/\" aria-label=\"Top five key takeaways from Climate Week 2024: Shaping a sustainable future through technology\" tabindex=\"-1\"><img decoding=\"async\" class=\"box-img\" alt=\"\" src=\"https:\/\/www.capgemini.com\/co-es\/wp-content\/uploads\/sites\/25\/2026\/04\/Sustainable-Technology-web-banner-2024-1.jpg?w=600&#038;quality=70\" style=\"object-position: 50% 50%; object-fit: cover;\" loading=\"lazy\" \/><\/a><\/div><div class=\"box-inner\"><div class=\"box-tag\">Cloud<\/div><a class=\"content-box-title\" href=\"https:\/\/www.capgemini.com\/co-es\/insights\/expert-perspectives\/top-five-key-takeaways-from-climate-week-2024-shaping-a-sustainable-future-through-technology\/\" aria-label=\"Top five key takeaways from Climate Week 2024: Shaping a sustainable future through technology\"><h3 class=\"expert-subtitle\">Top five key takeaways from Climate Week 2024: Shaping a sustainable future through technology<\/h3><\/a><div class=\"box-bottom\">\n\t\t   <div class=\"box-logo\"><img decoding=\"async\" class=\"\" loading=\"lazy\" alt=\"\" src=\"https:\/\/www.capgemini.com\/co-es\/wp-content\/uploads\/sites\/25\/2024\/06\/Greg-Bentham-2.jpg?w=360\" \/><\/div><div class=\"date-name-info\"><div class=\"author-text\">Greg Bentham<\/div><div class=\"date-text\">abr. 28, 2026<\/div><\/div><\/div><\/div><\/div><\/div><\/div><\/div><\/div><\/section>","protected":false},"excerpt":{"rendered":"","protected":false},"author":151,"featured_media":12282,"parent":5720,"menu_order":0,"comment_status":"closed","ping_status":"closed","template":"","meta":{"cg_dt_proposed_to":[0],"cg_seo_hreflang_relations":"[]","cg_seo_canonical_relation":"","cg_seo_hreflang_x_default_relation":"{\"uuid\":\"ed1e3159-099b-4ca1-99d4-c50a62ce5a4b\",\"blogId\":\"\",\"domain\":\"\",\"sitePath\":\"\",\"postLink\":\"\",\"postId\":null,\"isSaved\":true,\"isCrossLink\":false,\"hasCrossLink\":false}","cg_dt_approved_content":false,"cg_dt_mandatory_content":false,"cg_dt_notes":"","cg_dg_source_changed":false,"cg_dt_link_disabled":false,"_yoast_wpseo_primary_brand":"","footnotes":"","featured_focal_points":"","partner_card_description":"","gsap_animation":0},"brand":[],"partner_type":[],"service":[],"industry":[],"partners":[],"page-type":[167],"content-group":[],"class_list":["post-5334","page","type-page","status-publish","has-post-thumbnail","hentry","page-type-solutions"],"yoast_head":"<!-- This site is optimized with the Yoast SEO Premium plugin v22.8 (Yoast SEO v22.8) - https:\/\/yoast.com\/wordpress\/plugins\/seo\/ -->\n<title>Modernizaci\u00f3n de la Nube con ADMnext | Capgemini<\/title>\n<meta name=\"description\" content=\"Servicios ADM y su estrategia de modernizaci\u00f3n de la nube: llevar su negocio a nuevas alturas\" \/>\n<meta name=\"robots\" content=\"index, follow, max-snippet:-1, max-image-preview:large, max-video-preview:-1\" \/>\n<link rel=\"canonical\" href=\"https:\/\/www.capgemini.com\/co-es\/solutions\/modernizacion-de-la-nube-con-admnext\/\" \/>\n<meta property=\"og:locale\" content=\"es_MX\" \/>\n<meta property=\"og:type\" content=\"article\" \/>\n<meta property=\"og:title\" content=\"Modernizaci\u00f3n de la nube con ADMnext\" \/>\n<meta property=\"og:description\" content=\"Servicios ADM y su estrategia de modernizaci\u00f3n de la nube: llevar su negocio a nuevas alturas\" \/>\n<meta property=\"og:url\" content=\"https:\/\/www.capgemini.com\/co-es\/solutions\/modernizacion-de-la-nube-con-admnext\/\" \/>\n<meta property=\"og:site_name\" content=\"Capgemini Colombia\" \/>\n<meta property=\"article:modified_time\" content=\"2025-04-01T17:19:15+00:00\" \/>\n<meta property=\"og:image\" content=\"https:\/\/www.capgemini.com\/co-es\/wp-content\/uploads\/sites\/25\/2022\/04\/Capgemini_Solutions_Cloud-Modernization-with-ADMnext-1.jpg\" \/>\n\t<meta property=\"og:image:width\" content=\"2880\" \/>\n\t<meta property=\"og:image:height\" content=\"1800\" \/>\n\t<meta property=\"og:image:type\" content=\"image\/jpeg\" \/>\n<meta name=\"twitter:card\" content=\"summary_large_image\" \/>\n<meta name=\"twitter:label1\" content=\"Est. reading time\" \/>\n\t<meta name=\"twitter:data1\" content=\"3 minutes\" \/>\n<script type=\"application\/ld+json\" class=\"yoast-schema-graph\">{\"@context\":\"https:\/\/schema.org\",\"@graph\":[{\"@type\":\"WebPage\",\"@id\":\"https:\/\/www.capgemini.com\/co-es\/solutions\/modernizacion-de-la-nube-con-admnext\/\",\"url\":\"https:\/\/www.capgemini.com\/co-es\/solutions\/modernizacion-de-la-nube-con-admnext\/\",\"name\":\"Modernizaci\u00f3n de la Nube con ADMnext | Capgemini\",\"isPartOf\":{\"@id\":\"https:\/\/www.capgemini.com\/co-es\/#website\"},\"primaryImageOfPage\":{\"@id\":\"https:\/\/www.capgemini.com\/co-es\/solutions\/modernizacion-de-la-nube-con-admnext\/#primaryimage\"},\"image\":{\"@id\":\"https:\/\/www.capgemini.com\/co-es\/solutions\/modernizacion-de-la-nube-con-admnext\/#primaryimage\"},\"thumbnailUrl\":\"https:\/\/www.capgemini.com\/co-es\/wp-content\/uploads\/sites\/25\/2022\/04\/Capgemini_Solutions_Cloud-Modernization-with-ADMnext-1.jpg\",\"datePublished\":\"2022-12-23T13:49:03+00:00\",\"dateModified\":\"2025-04-01T17:19:15+00:00\",\"description\":\"Servicios ADM y su estrategia de modernizaci\u00f3n de la nube: llevar su negocio a nuevas alturas\",\"breadcrumb\":{\"@id\":\"https:\/\/www.capgemini.com\/co-es\/solutions\/modernizacion-de-la-nube-con-admnext\/#breadcrumb\"},\"inLanguage\":\"es-MX\",\"potentialAction\":[{\"@type\":\"ReadAction\",\"target\":[\"https:\/\/www.capgemini.com\/co-es\/solutions\/modernizacion-de-la-nube-con-admnext\/\"]}]},{\"@type\":\"ImageObject\",\"inLanguage\":\"es-MX\",\"@id\":\"https:\/\/www.capgemini.com\/co-es\/solutions\/modernizacion-de-la-nube-con-admnext\/#primaryimage\",\"url\":\"https:\/\/www.capgemini.com\/co-es\/wp-content\/uploads\/sites\/25\/2022\/04\/Capgemini_Solutions_Cloud-Modernization-with-ADMnext-1.jpg\",\"contentUrl\":\"https:\/\/www.capgemini.com\/co-es\/wp-content\/uploads\/sites\/25\/2022\/04\/Capgemini_Solutions_Cloud-Modernization-with-ADMnext-1.jpg\",\"width\":2880,\"height\":1800},{\"@type\":\"BreadcrumbList\",\"@id\":\"https:\/\/www.capgemini.com\/co-es\/solutions\/modernizacion-de-la-nube-con-admnext\/#breadcrumb\",\"itemListElement\":[{\"@type\":\"ListItem\",\"position\":1,\"name\":\"Home\",\"item\":\"https:\/\/www.capgemini.com\/co-es\/\"},{\"@type\":\"ListItem\",\"position\":2,\"name\":\"Solutions\",\"item\":\"https:\/\/www.capgemini.com\/co-es\/solutions\/\"},{\"@type\":\"ListItem\",\"position\":3,\"name\":\"Modernizaci\u00f3n de la nube con ADMnext\"}]},{\"@type\":\"WebSite\",\"@id\":\"https:\/\/www.capgemini.com\/co-es\/#website\",\"url\":\"https:\/\/www.capgemini.com\/co-es\/\",\"name\":\"Capgemini Colombia\",\"description\":\"Capgemini\",\"potentialAction\":[{\"@type\":\"SearchAction\",\"target\":{\"@type\":\"EntryPoint\",\"urlTemplate\":\"https:\/\/www.capgemini.com\/co-es\/?s={search_term_string}\"},\"query-input\":\"required name=search_term_string\"}],\"inLanguage\":\"es-MX\"}]}<\/script>\n<!-- \/ Yoast SEO Premium plugin. -->","yoast_head_json":{"title":"Modernizaci\u00f3n de la Nube con ADMnext | Capgemini","description":"Servicios ADM y su estrategia de modernizaci\u00f3n de la nube: llevar su negocio a nuevas alturas","robots":{"index":"index","follow":"follow","max-snippet":"max-snippet:-1","max-image-preview":"max-image-preview:large","max-video-preview":"max-video-preview:-1"},"canonical":"https:\/\/www.capgemini.com\/co-es\/solutions\/modernizacion-de-la-nube-con-admnext\/","og_locale":"es_MX","og_type":"article","og_title":"Modernizaci\u00f3n de la nube con ADMnext","og_description":"Servicios ADM y su estrategia de modernizaci\u00f3n de la nube: llevar su negocio a nuevas alturas","og_url":"https:\/\/www.capgemini.com\/co-es\/solutions\/modernizacion-de-la-nube-con-admnext\/","og_site_name":"Capgemini Colombia","article_modified_time":"2025-04-01T17:19:15+00:00","og_image":[{"width":2880,"height":1800,"url":"https:\/\/www.capgemini.com\/co-es\/wp-content\/uploads\/sites\/25\/2022\/04\/Capgemini_Solutions_Cloud-Modernization-with-ADMnext-1.jpg","type":"image\/jpeg"}],"twitter_card":"summary_large_image","twitter_misc":{"Est. reading time":"3 minutes"},"schema":{"@context":"https:\/\/schema.org","@graph":[{"@type":"WebPage","@id":"https:\/\/www.capgemini.com\/co-es\/solutions\/modernizacion-de-la-nube-con-admnext\/","url":"https:\/\/www.capgemini.com\/co-es\/solutions\/modernizacion-de-la-nube-con-admnext\/","name":"Modernizaci\u00f3n de la Nube con ADMnext | Capgemini","isPartOf":{"@id":"https:\/\/www.capgemini.com\/co-es\/#website"},"primaryImageOfPage":{"@id":"https:\/\/www.capgemini.com\/co-es\/solutions\/modernizacion-de-la-nube-con-admnext\/#primaryimage"},"image":{"@id":"https:\/\/www.capgemini.com\/co-es\/solutions\/modernizacion-de-la-nube-con-admnext\/#primaryimage"},"thumbnailUrl":"https:\/\/www.capgemini.com\/co-es\/wp-content\/uploads\/sites\/25\/2022\/04\/Capgemini_Solutions_Cloud-Modernization-with-ADMnext-1.jpg","datePublished":"2022-12-23T13:49:03+00:00","dateModified":"2025-04-01T17:19:15+00:00","description":"Servicios ADM y su estrategia de modernizaci\u00f3n de la nube: llevar su negocio a nuevas alturas","breadcrumb":{"@id":"https:\/\/www.capgemini.com\/co-es\/solutions\/modernizacion-de-la-nube-con-admnext\/#breadcrumb"},"inLanguage":"es-MX","potentialAction":[{"@type":"ReadAction","target":["https:\/\/www.capgemini.com\/co-es\/solutions\/modernizacion-de-la-nube-con-admnext\/"]}]},{"@type":"ImageObject","inLanguage":"es-MX","@id":"https:\/\/www.capgemini.com\/co-es\/solutions\/modernizacion-de-la-nube-con-admnext\/#primaryimage","url":"https:\/\/www.capgemini.com\/co-es\/wp-content\/uploads\/sites\/25\/2022\/04\/Capgemini_Solutions_Cloud-Modernization-with-ADMnext-1.jpg","contentUrl":"https:\/\/www.capgemini.com\/co-es\/wp-content\/uploads\/sites\/25\/2022\/04\/Capgemini_Solutions_Cloud-Modernization-with-ADMnext-1.jpg","width":2880,"height":1800},{"@type":"BreadcrumbList","@id":"https:\/\/www.capgemini.com\/co-es\/solutions\/modernizacion-de-la-nube-con-admnext\/#breadcrumb","itemListElement":[{"@type":"ListItem","position":1,"name":"Home","item":"https:\/\/www.capgemini.com\/co-es\/"},{"@type":"ListItem","position":2,"name":"Solutions","item":"https:\/\/www.capgemini.com\/co-es\/solutions\/"},{"@type":"ListItem","position":3,"name":"Modernizaci\u00f3n de la nube con ADMnext"}]},{"@type":"WebSite","@id":"https:\/\/www.capgemini.com\/co-es\/#website","url":"https:\/\/www.capgemini.com\/co-es\/","name":"Capgemini Colombia","description":"Capgemini","potentialAction":[{"@type":"SearchAction","target":{"@type":"EntryPoint","urlTemplate":"https:\/\/www.capgemini.com\/co-es\/?s={search_term_string}"},"query-input":"required name=search_term_string"}],"inLanguage":"es-MX"}]}},"brand_term":[],"parsely":{"version":"1.1.0","canonical_url":"https:\/\/capgemini.com\/co-es\/solutions\/modernizacion-de-la-nube-con-admnext\/","smart_links":{"inbound":0,"outbound":0},"traffic_boost_suggestions_count":0,"meta":{"@context":"https:\/\/schema.org","@type":"WebPage","headline":"Modernizaci\u00f3n de la nube con ADMnext","url":"https:\/\/www.capgemini.com\/co-es\/solutions\/modernizacion-de-la-nube-con-admnext\/","mainEntityOfPage":{"@type":"WebPage","@id":"https:\/\/www.capgemini.com\/co-es\/solutions\/modernizacion-de-la-nube-con-admnext\/"},"thumbnailUrl":"https:\/\/www.capgemini.com\/co-es\/wp-content\/uploads\/sites\/25\/2022\/04\/Capgemini_Solutions_Cloud-Modernization-with-ADMnext-1.jpg?w=150&h=150&crop=1","image":{"@type":"ImageObject","url":"https:\/\/www.capgemini.com\/co-es\/wp-content\/uploads\/sites\/25\/2022\/04\/Capgemini_Solutions_Cloud-Modernization-with-ADMnext-1.jpg"},"articleSection":"Uncategorized","author":[],"creator":[],"publisher":{"@type":"Organization","name":"Capgemini Colombia","logo":""},"keywords":[],"dateCreated":"2022-12-23T13:49:03Z","datePublished":"2022-12-23T13:49:03Z","dateModified":"2025-04-01T17:19:15Z"},"rendered":"<meta name=\"parsely-title\" content=\"Modernizaci\u00f3n de la nube con ADMnext\" \/>\n<meta name=\"parsely-link\" content=\"https:\/\/www.capgemini.com\/co-es\/solutions\/modernizacion-de-la-nube-con-admnext\/\" \/>\n<meta name=\"parsely-type\" content=\"index\" \/>\n<meta name=\"parsely-image-url\" content=\"https:\/\/www.capgemini.com\/co-es\/wp-content\/uploads\/sites\/25\/2022\/04\/Capgemini_Solutions_Cloud-Modernization-with-ADMnext-1.jpg?w=150&amp;h=150&amp;crop=1\" \/>\n<meta name=\"parsely-pub-date\" content=\"2022-12-23T13:49:03Z\" \/>\n<meta name=\"parsely-section\" content=\"Uncategorized\" \/>","tracker_url":"https:\/\/cdn.parsely.com\/keys\/capgemini.com\/p.js"},"archive_status":false,"featured_image_src":"https:\/\/www.capgemini.com\/co-es\/wp-content\/uploads\/sites\/25\/2022\/04\/Capgemini_Solutions_Cloud-Modernization-with-ADMnext-1.jpg","featured_image_alt":"","jetpack_sharing_enabled":true,"distributor_meta":false,"distributor_terms":false,"distributor_media":false,"distributor_original_site_name":"Capgemini Colombia","distributor_original_site_url":"https:\/\/www.capgemini.com\/co-es","push-errors":false,"_links":{"self":[{"href":"https:\/\/www.capgemini.com\/co-es\/wp-json\/wp\/v2\/pages\/5334","targetHints":{"allow":["GET"]}}],"collection":[{"href":"https:\/\/www.capgemini.com\/co-es\/wp-json\/wp\/v2\/pages"}],"about":[{"href":"https:\/\/www.capgemini.com\/co-es\/wp-json\/wp\/v2\/types\/page"}],"author":[{"embeddable":true,"href":"https:\/\/www.capgemini.com\/co-es\/wp-json\/wp\/v2\/users\/151"}],"replies":[{"embeddable":true,"href":"https:\/\/www.capgemini.com\/co-es\/wp-json\/wp\/v2\/comments?post=5334"}],"version-history":[{"count":12,"href":"https:\/\/www.capgemini.com\/co-es\/wp-json\/wp\/v2\/pages\/5334\/revisions"}],"predecessor-version":[{"id":536760,"href":"https:\/\/www.capgemini.com\/co-es\/wp-json\/wp\/v2\/pages\/5334\/revisions\/536760"}],"up":[{"embeddable":true,"href":"https:\/\/www.capgemini.com\/co-es\/wp-json\/wp\/v2\/pages\/5720"}],"wp:featuredmedia":[{"embeddable":true,"href":"https:\/\/www.capgemini.com\/co-es\/wp-json\/wp\/v2\/media\/12282"}],"wp:attachment":[{"href":"https:\/\/www.capgemini.com\/co-es\/wp-json\/wp\/v2\/media?parent=5334"}],"wp:term":[{"taxonomy":"brand","embeddable":true,"href":"https:\/\/www.capgemini.com\/co-es\/wp-json\/wp\/v2\/brand?post=5334"},{"taxonomy":"partner_type","embeddable":true,"href":"https:\/\/www.capgemini.com\/co-es\/wp-json\/wp\/v2\/partner_type?post=5334"},{"taxonomy":"service","embeddable":true,"href":"https:\/\/www.capgemini.com\/co-es\/wp-json\/wp\/v2\/service?post=5334"},{"taxonomy":"industry","embeddable":true,"href":"https:\/\/www.capgemini.com\/co-es\/wp-json\/wp\/v2\/industry?post=5334"},{"taxonomy":"partners","embeddable":true,"href":"https:\/\/www.capgemini.com\/co-es\/wp-json\/wp\/v2\/partners?post=5334"},{"taxonomy":"page-type","embeddable":true,"href":"https:\/\/www.capgemini.com\/co-es\/wp-json\/wp\/v2\/page-type?post=5334"},{"taxonomy":"content-group","embeddable":true,"href":"https:\/\/www.capgemini.com\/co-es\/wp-json\/wp\/v2\/content-group?post=5334"}],"curies":[{"name":"wp","href":"https:\/\/api.w.org\/{rel}","templated":true}]}}