{"id":5331,"date":"2022-04-22T13:58:02","date_gmt":"2022-04-22T13:58:02","guid":{"rendered":"https:\/\/www.capgemini.com\/?page_id=685785"},"modified":"2025-04-01T18:29:14","modified_gmt":"2025-04-01T18:29:14","slug":"ahorro-de-costes","status":"publish","type":"page","link":"https:\/\/www.capgemini.com\/co-es\/solutions\/ahorro-de-costes\/","title":{"rendered":"Ahorro para crecer con Capgemini"},"content":{"rendered":"\n<header class=\"wp-block-cg-blocks-hero-reusable header heroReusable  \"><div class=\"header-bgs\"><picture><source srcset=\"https:\/\/www.capgemini.com\/co-es\/wp-content\/uploads\/sites\/25\/2023\/07\/Cost-Saving_web-image_2880x1800.jpg?w=2880&amp;quality=70 1x, https:\/\/www.capgemini.com\/co-es\/wp-content\/uploads\/sites\/25\/2023\/07\/Cost-Saving_web-image_2880x1800.jpg?w=2880&amp;quality=70 2x\" media=\"(min-width: 1500px)\"\/><source srcset=\"https:\/\/www.capgemini.com\/co-es\/wp-content\/uploads\/sites\/25\/2023\/07\/Cost-Saving_web-image_2880x1800.jpg?w=1440&amp;quality=70 1x, https:\/\/www.capgemini.com\/co-es\/wp-content\/uploads\/sites\/25\/2023\/07\/Cost-Saving_web-image_2880x1800.jpg?w=2880&amp;quality=70 2x\" media=\"(min-width: 992px)\"\/><source srcset=\"https:\/\/www.capgemini.com\/co-es\/wp-content\/uploads\/sites\/25\/2023\/07\/Cost-Saving_web-image_2880x1800.jpg?w=1024&amp;quality=70 1x, https:\/\/www.capgemini.com\/co-es\/wp-content\/uploads\/sites\/25\/2023\/07\/Cost-Saving_web-image_2880x1800.jpg?w=1024&amp;quality=70 2x\" media=\"(min-width: 768px)\"\/><source srcset=\"https:\/\/www.capgemini.com\/co-es\/wp-content\/uploads\/sites\/25\/2023\/07\/Cost-Saving_web-image_2880x1800.jpg?w=768&amp;quality=70 1x, https:\/\/www.capgemini.com\/co-es\/wp-content\/uploads\/sites\/25\/2023\/07\/Cost-Saving_web-image_2880x1800.jpg?w=768&amp;quality=70 2x\" media=\"(min-width: 0)\"\/><img decoding=\"async\" src=\"https:\/\/www.capgemini.com\/co-es\/wp-content\/uploads\/sites\/25\/2023\/07\/Cost-Saving_web-image_2880x1800.jpg\" class=\"header-img header-img-d\" alt=\"\" style=\"object-fit:cover;object-position:23% 44%\" loading=\"eager\"\/><\/picture><\/div><div class=\"heroPictureCardHeaderShape\"><\/div><div class=\"container\"><div class=\"row\"><div class=\"col-md-12\"><div class=\"box\"><div class=\"boxTagWrapper\"><div class=\"tagInfo\"><div><span class=\"box-tag\">Solution<\/span><\/div><\/div><\/div><div class=\"box-title\"><h1 data-maxlength=\"34\">Ahorro para crecer con Capgemini<\/h1><\/div><h2 class=\"reasearchInsightTitle\">Optimizar los costos y reequilibrar las inversiones<\/h2><div class=\"inner-row-insight download-btn\"><div class=\"col-md-4 downloadFiles addPadding\"><a class=\"button-download--small\" type=\"download\" href=\"https:\/\/www.capgemini.com\/co-es\/wp-content\/uploads\/sites\/25\/2023\/07\/CostOptimization-Brochure-copy.pdf\" target=\"_blank\" rel=\"noopener noreferrer\" title=\"abrir en una nueva ventana\"><span>Descargar folleto<\/span><span class=\"type\">1 MB  pdf<\/span><\/a><\/div><\/div><\/div><\/div><\/div><\/div><\/header>\n\n\n\n<section class=\"wp-block-cg-blocks-group undefined section section--article-content\"><div class=\"article-main-content\"><div class=\"container\"><div class=\"row\"><div class=\"col-12 col-md-11 col-lg-10 offset-md-1 offset-lg-1\"><div class=\"article-text article-quote-text\">\n<h3 class=\"wp-block-heading\" id=\"h-los-dificiles-tiempos-economicos-actuales-casi-pueden-dar-la-sensacion-de-que-vivimos-en-un-estado-de-permacrisis\">Los dif\u00edciles tiempos econ\u00f3micos actuales casi pueden dar la sensaci\u00f3n de que vivimos en un estado de \u201cpermacrisis\u201d.<\/h3>\n\n\n\n<p>Prosperar en este entorno ca\u00f3tico requiere optimizar meticulosamente la inversi\u00f3n en las iniciativas adecuadas para hacer avanzar tu negocio. Estas inversiones deben financiarse desde alg\u00fan lugar (y para la mayor\u00eda de las empresas, esto significa optimizaci\u00f3n de costos) en TI y en el negocio.<\/p>\n\n\n\n<blockquote class=\"wp-block-quote is-layout-flow wp-block-quote-is-layout-flow\">\n<p>&#8220;El 85% de los directores ejecutivos buscan aumentar las inversiones en tecnolog\u00eda digital en comparaci\u00f3n con el a\u00f1o anterior, y el 69% de los directores financieros tienen la intenci\u00f3n de financiar un mayor gasto en tecnolog\u00eda digital mediante la reasignaci\u00f3n del capital existente&#8221;.<\/p>\n<cite>Investigaci\u00f3n de Gartner<\/cite><\/blockquote>\n\n\n\n<p>En estos tiempos, el futuro pertenece a quienes logran equilibrar con \u00e9xito la optimizaci\u00f3n de costos y las inversiones. La clave para lograr este equilibrio es recurrir a un proveedor de servicios ADM capaz.<\/p>\n\n\n\n<h4 class=\"wp-block-heading\" id=\"h-ahorro-para-el-crecimiento-con-admnext-una-estrategia-integral-para-evaluar-analizar-y-activar-el-ahorro-de-costos\">Ahorro para el crecimiento con ADMnext: una estrategia integral para evaluar, analizar y activar el ahorro de costos<\/h4>\n\n\n\n<p>Saving for Growth con ADMnext de Capgemini es un enfoque de tres fases que aborda completamente la agenda de transformaci\u00f3n y ahorro de costos, desde la estrategia hasta la ejecuci\u00f3n:<\/p>\n\n\n\n<ul class=\"wp-block-list\">\n<li>Evaluaci\u00f3n y definici\u00f3n de la estrategia y planificaci\u00f3n de TI con IT Cost Strategy de Capgemini<\/li>\n\n\n\n<li>An\u00e1lisis y detalle de la transformaci\u00f3n del panorama de TI con Clear Sight IT de Capgemini<\/li>\n\n\n\n<li>Activaci\u00f3n y prestaci\u00f3n de servicios de TI generales con ADMnext de Capgemini<\/li>\n<\/ul>\n\n\n\n<p>A trav\u00e9s de Saving for Growth con ADMnext, Capgemini ya ha trabajando con clientes para ofrecer r\u00e1pidos ahorros de costos al aplicar nuestro modelo en las siguientes \u00e1reas clave:<\/p>\n\n\n\n<ul class=\"wp-block-list\">\n<li>Eficiencia operativa [15-20%]<\/li>\n\n\n\n<li>Industrializaci\u00f3n [35-55%]<\/li>\n\n\n\n<li>Automatizaci\u00f3n inteligente [45-70%]<\/li>\n\n\n\n<li>Modelo de entrega distribuida escalada [5-10%]<\/li>\n\n\n\n<li>Desmantelamiento de aplicaciones [10-20%]<\/li>\n\n\n\n<li>Optimizaci\u00f3n de cartera [20-25%]<\/li>\n\n\n\n<li>Consolidaci\u00f3n de proveedores [30-40%]<\/li>\n\n\n\n<li>Configuraci\u00f3n\/integraci\u00f3n cautiva [30-40%]<\/li>\n<\/ul>\n\n\n\n<p>Descarga el folleto para obtener m\u00e1s informaci\u00f3n y ponte en <a href=\"https:\/\/www.capgemini.com\/mx-es\/contact-capgemini\/\">contacto<\/a> para comenzar tu viaje de crecimiento y optimizaci\u00f3n de costos.<\/p>\n<\/div><\/div><\/div><\/div><\/div><\/section>\n\n\n<section class=\"wp-block-cg-blocks-wrapper-client-stories section-client-stories\"><div class=\"container\"><div class=\"row\"><div class=\"content-title col-12 col-md-8\"><h2 class=\"clientblock-title\">Historias de clientes&lt;br&gt;<\/h2><\/div><\/div><\/div><div class=\"slider slider-boxed\"><div class=\"slider-nav-wrapper smallDevice\"><div class=\"slider-nav\"><button class=\"slider-prev  inactive\" aria-label=\"Slider previous\" tabindex=\"-1\"><\/button><button class=\"slider-next \" aria-label=\"Slider next\"><\/button><\/div><\/div><div class=\"slider-list\"><div class=\"slide active\">\n\t\t\t<div class=\"slide-bg-wrapper\">\n\t\t\t\t<picture><source srcset=\"https:\/\/www.capgemini.com\/wp-content\/uploads\/2023\/04\/Covestro-web-banner.jpg?w=2880&amp;quality=70 1x, https:\/\/www.capgemini.com\/wp-content\/uploads\/2023\/04\/Covestro-web-banner.jpg?w=2880&amp;quality=70 2x\"\n\t\t\t\tmedia=\"(min-width: 1500px)\"\/><source srcset=\"https:\/\/www.capgemini.com\/wp-content\/uploads\/2023\/04\/Covestro-web-banner.jpg?w=1440&amp;quality=70 1x, https:\/\/www.capgemini.com\/wp-content\/uploads\/2023\/04\/Covestro-web-banner.jpg?w=2880&amp;quality=70 2x\"\n\t\t\tmedia=\"(min-width: 992px)\"\/><source srcset=\"https:\/\/www.capgemini.com\/wp-content\/uploads\/2023\/04\/Covestro-web-banner.jpg?w=1024&amp;quality=70 1x, https:\/\/www.capgemini.com\/wp-content\/uploads\/2023\/04\/Covestro-web-banner.jpg?w=2048&amp;quality=70 2x\"\n\t\t\tmedia=\"(min-width: 768px)\"\/><source srcset=\"https:\/\/www.capgemini.com\/wp-content\/uploads\/2023\/04\/Covestro-web-banner.jpg?w=480&amp;quality=70 1x, https:\/\/www.capgemini.com\/wp-content\/uploads\/2023\/04\/Covestro-web-banner.jpg?w=960&amp;quality=70 2x\"\n\t\t\tmedia=\"(min-width: 0)\"\/><img decoding=\"async\" loading=\"lazy\" class=\"slide-bg\" src=\"https:\/\/www.capgemini.com\/wp-content\/uploads\/2023\/04\/Covestro-web-banner.jpg\" alt=\"\"\n\t\t\tstyle=\"object-position: 50% 50%; object-fit: cover;\"\n\t\t\/><\/picture><div class=\"slide-reveal\"><\/div>\n\t\t\t<\/div>\n\t\t\t<div class=\"container\">\n\t\t\t\t<div class=\"slide-info-wrapper\">\n\t\t\t\t\t<div class=\"row\">\n\t\t\t\t\t\t<div class=\"col-12 col-lg-6\">\n\t\t\t\t\t\t\t<div class=\"slide-info\">\n\t\t\t\t\t\t\t\t<a aria-label=\"Covestro aprovecha ADMnext como parte de un programa de consolidaci\u00f3n de proveedores de alta complejidad\"\n\t\t\t\t\t\t\t\t   href=\"https:\/\/www.capgemini.com\/co-es\/news\/client-stories\/covestro-aprovecha-admnext-como-parte-de-un-programa-de-consolidacion-de-proveedores-de-alta-complejidad\/\">\n\t\t\t\t\t\t\t\t\t<div class=\"box\">\n\t\t\t\t\t\t\t\t\t\t<h3 class=\"client-subtitle\">Covestro aprovecha ADMnext como parte de un programa de consolidaci\u00f3n de proveedores de alta complejidad<\/h3>\n\t\t\t\t\t\t\t\t\t\t<p>Covestro contrat\u00f3 a Capgemini para administrar m\u00e1s de 50 aplicaciones cr\u00edticas para una mayor excelencia operativa y una mayor rentabilidad<\/p>\n\t\t\t\t\t\t\t\t\t<\/div><!-- End of box-->\n\t\t\t\t\t\t\t\t<\/a><div class=\"slide-info-footer\">\n                                <div class=\"brand-logo-wrapper\"><\/div>\n\t\t\t<div class=\"content-more\">\n\t\t\t\t<a class=\"cta-button\" href=\"https:\/\/www.capgemini.com\/co-es\/news\/client-stories\/covestro-aprovecha-admnext-como-parte-de-un-programa-de-consolidacion-de-proveedores-de-alta-complejidad\/\" aria-label=\"Read more about Covestro aprovecha ADMnext como parte de un programa de consolidaci\u00f3n de proveedores de alta complejidad\"><span>Leer m\u00e1s<\/span><\/a>\n\t\t\t<\/div>\n\t\t<\/div>\n\t<\/div><!-- End of slide info-->\n<\/div>\n<\/div>\n<\/div>\n<\/div><!-- End of container-->\n\n<\/div><!-- End of slide active -->\n<\/div><div class=\"slider-nav-wrapper largeDevice\"><div class=\"slider-nav\"><button class=\"slider-prev  inactive\" aria-label=\"Slider previous\" tabindex=\"-1\"><\/button><button class=\"slider-next\" aria-label=\"Slider next\"><\/button><\/div><\/div><\/div><\/section>\n\n<section class=\"latest-insights layout-odd layout-one-card-only \"><div class=\"container\"><div class=\"insight-title\"><h2 class=\"latest-insight-title\">Contenido relacionado<\/h2><\/div><div class=\"layout-single-card\">\n                      <div class=\"row align-items-center w-lg-100\">\n                        <div class=\"card-image-wrapper\">\n                                <div class=\"card-image\" data-image-url=\"https:\/\/www.capgemini.com\/co-es\/insights\/biblioteca-de-investigacion\/discussion-with-masakazu-osawa-2\/\">\n\t\t\t\t\t\t\t\t\t\t\t\t\t\t\t\t\t<picture>\n\t\t\t\t\t\t\t\t\t\t\t\t\t\t\t\t\t\t\t\t\t<source srcset=\"https:\/\/www.capgemini.com\/co-es\/wp-content\/uploads\/sites\/25\/2022\/08\/11_Masakazu-Osawa-2.jpg?w=2048&#038;quality=70 1x, https:\/\/www.capgemini.com\/co-es\/wp-content\/uploads\/sites\/25\/2022\/08\/11_Masakazu-Osawa-2.jpg?w=2048&#038;quality=70 2x\"\n\t\t\t\t\t\t\t\t\t\t\t\t\t\t\t\t\t\t\t\t\t\t\t\t\tmedia=\"(min-width: 1500px)\"\/>\n\t\t\t\t\t\t\t\t\t\t\t\t\t\t\t\t\t\t\t\t\t<source srcset=\"https:\/\/www.capgemini.com\/co-es\/wp-content\/uploads\/sites\/25\/2022\/08\/11_Masakazu-Osawa-2.jpg?w=1024&#038;quality=70 1x, https:\/\/www.capgemini.com\/co-es\/wp-content\/uploads\/sites\/25\/2022\/08\/11_Masakazu-Osawa-2.jpg?w=2048&#038;quality=70 2x\"\n\t\t\t\t\t\t\t\t\t\t\t\t\t\t\t\t\t\t\t\t\t\t\t\t\tmedia=\"(min-width: 992px)\"\/>\n\t\t\t\t\t\t\t\t\t\t\t\t\t\t\t\t\t\t\t\t\t<source srcset=\"https:\/\/www.capgemini.com\/co-es\/wp-content\/uploads\/sites\/25\/2022\/08\/11_Masakazu-Osawa-2.jpg?w=1024&#038;quality=70 1x, https:\/\/www.capgemini.com\/co-es\/wp-content\/uploads\/sites\/25\/2022\/08\/11_Masakazu-Osawa-2.jpg?w=2048&#038;quality=70 2x\"\n\t\t\t\t\t\t\t\t\t\t\t\t\t\t\t\t\t\t\t\t\t\t\t\t\tmedia=\"(min-width: 768px)\"\/>\n\t\t\t\t\t\t\t\t\t\t\t\t\t\t\t\t\t\t\t\t\t<source srcset=\"https:\/\/www.capgemini.com\/co-es\/wp-content\/uploads\/sites\/25\/2022\/08\/11_Masakazu-Osawa-2.jpg?w=500&#038;quality=70 1x, https:\/\/www.capgemini.com\/co-es\/wp-content\/uploads\/sites\/25\/2022\/08\/11_Masakazu-Osawa-2.jpg?w=1000&#038;quality=70 2x\"\n\t\t\t\t\t\t\t\t\t\t\t\t\t\t\t\t\t\t\t\t\t\t\t\t\tmedia=\"(min-width: 0)\"\/>\n\t\t\t\t\t\t\t\t\t\t\t\t\t\t\t\t\t\t\t\t\t\t<img decoding=\"async\" loading=\"lazy\" src=\"https:\/\/www.capgemini.com\/co-es\/wp-content\/uploads\/sites\/25\/2022\/08\/11_Masakazu-Osawa-2.jpg\" alt=\"\" style=\"object-position: 50% 50%; object-fit: cover;\">\n\t\t\t\t\t\t\t\t\t\t\t\t\t\t\t\t\t\t\t<\/picture>\n                                <\/div>\n                            <\/div>\n                            <div class=\"col-12 col-md-5 col-lg-7\"><\/div>\n                        <div class=\"col-12 col-md-7 col-lg-5\">\n                            <a href=\"https:\/\/www.capgemini.com\/co-es\/insights\/biblioteca-de-investigacion\/discussion-with-masakazu-osawa-2\/\" aria-label=\"Discussion with Masakazu Osawa, Mitsubishi UFJ financial group\" class=\"card-link-holder\">\n                            <div class=\"insight-card insight-card-start\">\n                                <div class=\"card-tag\">Conversations for tomorrow<\/div>\n                                <h3 class=\"card-title\">Discussion with Masakazu Osawa, Mitsubishi UFJ financial group<\/h3>\n                                <div class=\"insight-card-footer\">\n                                    <img decoding=\"async\" loading=\"lazy\" src=\"https:\/\/www.capgemini.com\/co-es\/wp-content\/themes\/capgemini2025\/assets\/images\/capgemini-research-institute-white.svg\" alt=\"capgemini-research-institute\" class=\"light\">\n\t\t\t\t\t\t\t\t\t<img decoding=\"async\" loading=\"lazy\" src=\"https:\/\/www.capgemini.com\/co-es\/wp-content\/themes\/capgemini2025\/assets\/images\/capgemini-research-institute-white.svg\" alt=\"capgemini-research-institute\" class=\"dark\">\n                                <\/div>\n                            <\/div>\n                            <\/a>\n                        <\/div>\n                     <\/div>\n                    <\/div><\/div><\/section>","protected":false},"excerpt":{"rendered":"","protected":false},"author":151,"featured_media":0,"parent":5720,"menu_order":0,"comment_status":"closed","ping_status":"closed","template":"","meta":{"cg_dt_proposed_to":[0],"cg_seo_hreflang_relations":"[]","cg_seo_canonical_relation":"","cg_seo_hreflang_x_default_relation":"{\"uuid\":\"73b0d4bc-268f-435d-8a16-b89e991912e0\",\"blogId\":\"\",\"domain\":\"\",\"sitePath\":\"\",\"postLink\":\"\",\"postId\":null,\"isSaved\":true,\"isCrossLink\":false,\"hasCrossLink\":false}","cg_dt_approved_content":false,"cg_dt_mandatory_content":false,"cg_dt_notes":"","cg_dg_source_changed":false,"cg_dt_link_disabled":false,"_yoast_wpseo_primary_brand":"","footnotes":"","featured_focal_points":"","partner_card_description":"","gsap_animation":0},"brand":[],"partner_type":[],"service":[],"industry":[],"partners":[],"page-type":[167],"content-group":[],"class_list":["post-5331","page","type-page","status-publish","hentry","page-type-solutions"],"yoast_head":"<!-- This site is optimized with the Yoast SEO Premium plugin v22.8 (Yoast SEO v22.8) - https:\/\/yoast.com\/wordpress\/plugins\/seo\/ -->\n<title>Eficiencia en costos, ahorrar para crecer con Capgemini | Capgemini<\/title>\n<meta name=\"description\" content=\"Prosperar en un entorno ca\u00f3tico requiere eficiencia en costos y optimizar meticulosamente la inversi\u00f3n en las iniciativas adecuadas para hacer avanzar el negocio.\" \/>\n<meta name=\"robots\" content=\"index, follow, max-snippet:-1, max-image-preview:large, max-video-preview:-1\" \/>\n<link rel=\"canonical\" href=\"https:\/\/www.capgemini.com\/co-es\/solutions\/ahorro-de-costes\/\" \/>\n<meta property=\"og:locale\" content=\"es_MX\" \/>\n<meta property=\"og:type\" content=\"article\" \/>\n<meta property=\"og:title\" content=\"Ahorro para crecer con Capgemini\" \/>\n<meta property=\"og:description\" content=\"Prosperar en un entorno ca\u00f3tico requiere eficiencia en costos y optimizar meticulosamente la inversi\u00f3n en las iniciativas adecuadas para hacer avanzar el negocio.\" \/>\n<meta property=\"og:url\" content=\"https:\/\/www.capgemini.com\/co-es\/solutions\/ahorro-de-costes\/\" \/>\n<meta property=\"og:site_name\" content=\"Capgemini Colombia\" \/>\n<meta property=\"article:modified_time\" content=\"2025-04-01T18:29:14+00:00\" \/>\n<meta property=\"og:image\" content=\"https:\/\/prod.ucwe.capgemini.com\/co-es\/wp-content\/uploads\/sites\/25\/2023\/07\/Cost-Saving_web-image_2880x1800.jpg\" \/>\n<meta name=\"twitter:card\" content=\"summary_large_image\" \/>\n<meta name=\"twitter:label1\" content=\"Est. reading time\" \/>\n\t<meta name=\"twitter:data1\" content=\"2 minutes\" \/>\n<script type=\"application\/ld+json\" class=\"yoast-schema-graph\">{\"@context\":\"https:\/\/schema.org\",\"@graph\":[{\"@type\":\"WebPage\",\"@id\":\"https:\/\/www.capgemini.com\/co-es\/solutions\/ahorro-de-costes\/\",\"url\":\"https:\/\/www.capgemini.com\/co-es\/solutions\/ahorro-de-costes\/\",\"name\":\"Eficiencia en costos, ahorrar para crecer con Capgemini | Capgemini\",\"isPartOf\":{\"@id\":\"https:\/\/www.capgemini.com\/co-es\/#website\"},\"primaryImageOfPage\":{\"@id\":\"https:\/\/www.capgemini.com\/co-es\/solutions\/ahorro-de-costes\/#primaryimage\"},\"image\":{\"@id\":\"https:\/\/www.capgemini.com\/co-es\/solutions\/ahorro-de-costes\/#primaryimage\"},\"thumbnailUrl\":\"https:\/\/www.capgemini.com\/co-es\/wp-content\/uploads\/sites\/25\/2023\/07\/Cost-Saving_web-image_2880x1800.jpg\",\"datePublished\":\"2022-04-22T13:58:02+00:00\",\"dateModified\":\"2025-04-01T18:29:14+00:00\",\"description\":\"Prosperar en un entorno ca\u00f3tico requiere eficiencia en costos y optimizar meticulosamente la inversi\u00f3n en las iniciativas adecuadas para hacer avanzar el negocio.\",\"breadcrumb\":{\"@id\":\"https:\/\/www.capgemini.com\/co-es\/solutions\/ahorro-de-costes\/#breadcrumb\"},\"inLanguage\":\"es-MX\",\"potentialAction\":[{\"@type\":\"ReadAction\",\"target\":[\"https:\/\/www.capgemini.com\/co-es\/solutions\/ahorro-de-costes\/\"]}]},{\"@type\":\"ImageObject\",\"inLanguage\":\"es-MX\",\"@id\":\"https:\/\/www.capgemini.com\/co-es\/solutions\/ahorro-de-costes\/#primaryimage\",\"url\":\"https:\/\/www.capgemini.com\/co-es\/wp-content\/uploads\/sites\/25\/2023\/07\/Cost-Saving_web-image_2880x1800.jpg\",\"contentUrl\":\"https:\/\/www.capgemini.com\/co-es\/wp-content\/uploads\/sites\/25\/2023\/07\/Cost-Saving_web-image_2880x1800.jpg\",\"width\":2880,\"height\":1800},{\"@type\":\"BreadcrumbList\",\"@id\":\"https:\/\/www.capgemini.com\/co-es\/solutions\/ahorro-de-costes\/#breadcrumb\",\"itemListElement\":[{\"@type\":\"ListItem\",\"position\":1,\"name\":\"Home\",\"item\":\"https:\/\/www.capgemini.com\/co-es\/\"},{\"@type\":\"ListItem\",\"position\":2,\"name\":\"Solutions\",\"item\":\"https:\/\/www.capgemini.com\/co-es\/solutions\/\"},{\"@type\":\"ListItem\",\"position\":3,\"name\":\"Ahorro para crecer con Capgemini\"}]},{\"@type\":\"WebSite\",\"@id\":\"https:\/\/www.capgemini.com\/co-es\/#website\",\"url\":\"https:\/\/www.capgemini.com\/co-es\/\",\"name\":\"Capgemini Colombia\",\"description\":\"Capgemini\",\"potentialAction\":[{\"@type\":\"SearchAction\",\"target\":{\"@type\":\"EntryPoint\",\"urlTemplate\":\"https:\/\/www.capgemini.com\/co-es\/?s={search_term_string}\"},\"query-input\":\"required name=search_term_string\"}],\"inLanguage\":\"es-MX\"}]}<\/script>\n<!-- \/ Yoast SEO Premium plugin. -->","yoast_head_json":{"title":"Eficiencia en costos, ahorrar para crecer con Capgemini | Capgemini","description":"Prosperar en un entorno ca\u00f3tico requiere eficiencia en costos y optimizar meticulosamente la inversi\u00f3n en las iniciativas adecuadas para hacer avanzar el negocio.","robots":{"index":"index","follow":"follow","max-snippet":"max-snippet:-1","max-image-preview":"max-image-preview:large","max-video-preview":"max-video-preview:-1"},"canonical":"https:\/\/www.capgemini.com\/co-es\/solutions\/ahorro-de-costes\/","og_locale":"es_MX","og_type":"article","og_title":"Ahorro para crecer con Capgemini","og_description":"Prosperar en un entorno ca\u00f3tico requiere eficiencia en costos y optimizar meticulosamente la inversi\u00f3n en las iniciativas adecuadas para hacer avanzar el negocio.","og_url":"https:\/\/www.capgemini.com\/co-es\/solutions\/ahorro-de-costes\/","og_site_name":"Capgemini Colombia","article_modified_time":"2025-04-01T18:29:14+00:00","og_image":[{"url":"https:\/\/prod.ucwe.capgemini.com\/co-es\/wp-content\/uploads\/sites\/25\/2023\/07\/Cost-Saving_web-image_2880x1800.jpg"}],"twitter_card":"summary_large_image","twitter_misc":{"Est. reading time":"2 minutes"},"schema":{"@context":"https:\/\/schema.org","@graph":[{"@type":"WebPage","@id":"https:\/\/www.capgemini.com\/co-es\/solutions\/ahorro-de-costes\/","url":"https:\/\/www.capgemini.com\/co-es\/solutions\/ahorro-de-costes\/","name":"Eficiencia en costos, ahorrar para crecer con Capgemini | Capgemini","isPartOf":{"@id":"https:\/\/www.capgemini.com\/co-es\/#website"},"primaryImageOfPage":{"@id":"https:\/\/www.capgemini.com\/co-es\/solutions\/ahorro-de-costes\/#primaryimage"},"image":{"@id":"https:\/\/www.capgemini.com\/co-es\/solutions\/ahorro-de-costes\/#primaryimage"},"thumbnailUrl":"https:\/\/www.capgemini.com\/co-es\/wp-content\/uploads\/sites\/25\/2023\/07\/Cost-Saving_web-image_2880x1800.jpg","datePublished":"2022-04-22T13:58:02+00:00","dateModified":"2025-04-01T18:29:14+00:00","description":"Prosperar en un entorno ca\u00f3tico requiere eficiencia en costos y optimizar meticulosamente la inversi\u00f3n en las iniciativas adecuadas para hacer avanzar el negocio.","breadcrumb":{"@id":"https:\/\/www.capgemini.com\/co-es\/solutions\/ahorro-de-costes\/#breadcrumb"},"inLanguage":"es-MX","potentialAction":[{"@type":"ReadAction","target":["https:\/\/www.capgemini.com\/co-es\/solutions\/ahorro-de-costes\/"]}]},{"@type":"ImageObject","inLanguage":"es-MX","@id":"https:\/\/www.capgemini.com\/co-es\/solutions\/ahorro-de-costes\/#primaryimage","url":"https:\/\/www.capgemini.com\/co-es\/wp-content\/uploads\/sites\/25\/2023\/07\/Cost-Saving_web-image_2880x1800.jpg","contentUrl":"https:\/\/www.capgemini.com\/co-es\/wp-content\/uploads\/sites\/25\/2023\/07\/Cost-Saving_web-image_2880x1800.jpg","width":2880,"height":1800},{"@type":"BreadcrumbList","@id":"https:\/\/www.capgemini.com\/co-es\/solutions\/ahorro-de-costes\/#breadcrumb","itemListElement":[{"@type":"ListItem","position":1,"name":"Home","item":"https:\/\/www.capgemini.com\/co-es\/"},{"@type":"ListItem","position":2,"name":"Solutions","item":"https:\/\/www.capgemini.com\/co-es\/solutions\/"},{"@type":"ListItem","position":3,"name":"Ahorro para crecer con Capgemini"}]},{"@type":"WebSite","@id":"https:\/\/www.capgemini.com\/co-es\/#website","url":"https:\/\/www.capgemini.com\/co-es\/","name":"Capgemini Colombia","description":"Capgemini","potentialAction":[{"@type":"SearchAction","target":{"@type":"EntryPoint","urlTemplate":"https:\/\/www.capgemini.com\/co-es\/?s={search_term_string}"},"query-input":"required name=search_term_string"}],"inLanguage":"es-MX"}]}},"brand_term":[],"parsely":{"version":"1.1.0","canonical_url":"https:\/\/capgemini.com\/co-es\/solutions\/ahorro-de-costes\/","smart_links":{"inbound":0,"outbound":0},"traffic_boost_suggestions_count":0,"meta":{"@context":"https:\/\/schema.org","@type":"WebPage","headline":"Ahorro para crecer con Capgemini","url":"https:\/\/www.capgemini.com\/co-es\/solutions\/ahorro-de-costes\/","mainEntityOfPage":{"@type":"WebPage","@id":"https:\/\/www.capgemini.com\/co-es\/solutions\/ahorro-de-costes\/"},"thumbnailUrl":"","image":{"@type":"ImageObject","url":""},"articleSection":"Uncategorized","author":[],"creator":[],"publisher":{"@type":"Organization","name":"Capgemini Colombia","logo":""},"keywords":[],"dateCreated":"2022-04-22T13:58:02Z","datePublished":"2022-04-22T13:58:02Z","dateModified":"2025-04-01T18:29:14Z"},"rendered":"<meta name=\"parsely-title\" content=\"Ahorro para crecer con Capgemini\" \/>\n<meta name=\"parsely-link\" content=\"https:\/\/www.capgemini.com\/co-es\/solutions\/ahorro-de-costes\/\" \/>\n<meta name=\"parsely-type\" content=\"index\" \/>\n<meta name=\"parsely-pub-date\" content=\"2022-04-22T13:58:02Z\" \/>\n<meta name=\"parsely-section\" content=\"Uncategorized\" \/>","tracker_url":"https:\/\/cdn.parsely.com\/keys\/capgemini.com\/p.js"},"archive_status":false,"featured_image_src":"https:\/\/www.capgemini.com\/co-es\/wp-content\/themes\/capgemini2025\/assets\/images\/mockup.png","featured_image_alt":false,"jetpack_sharing_enabled":true,"distributor_meta":false,"distributor_terms":false,"distributor_media":false,"distributor_original_site_name":"Capgemini Colombia","distributor_original_site_url":"https:\/\/www.capgemini.com\/co-es","push-errors":false,"_links":{"self":[{"href":"https:\/\/www.capgemini.com\/co-es\/wp-json\/wp\/v2\/pages\/5331","targetHints":{"allow":["GET"]}}],"collection":[{"href":"https:\/\/www.capgemini.com\/co-es\/wp-json\/wp\/v2\/pages"}],"about":[{"href":"https:\/\/www.capgemini.com\/co-es\/wp-json\/wp\/v2\/types\/page"}],"author":[{"embeddable":true,"href":"https:\/\/www.capgemini.com\/co-es\/wp-json\/wp\/v2\/users\/151"}],"replies":[{"embeddable":true,"href":"https:\/\/www.capgemini.com\/co-es\/wp-json\/wp\/v2\/comments?post=5331"}],"version-history":[{"count":12,"href":"https:\/\/www.capgemini.com\/co-es\/wp-json\/wp\/v2\/pages\/5331\/revisions"}],"predecessor-version":[{"id":536886,"href":"https:\/\/www.capgemini.com\/co-es\/wp-json\/wp\/v2\/pages\/5331\/revisions\/536886"}],"up":[{"embeddable":true,"href":"https:\/\/www.capgemini.com\/co-es\/wp-json\/wp\/v2\/pages\/5720"}],"wp:attachment":[{"href":"https:\/\/www.capgemini.com\/co-es\/wp-json\/wp\/v2\/media?parent=5331"}],"wp:term":[{"taxonomy":"brand","embeddable":true,"href":"https:\/\/www.capgemini.com\/co-es\/wp-json\/wp\/v2\/brand?post=5331"},{"taxonomy":"partner_type","embeddable":true,"href":"https:\/\/www.capgemini.com\/co-es\/wp-json\/wp\/v2\/partner_type?post=5331"},{"taxonomy":"service","embeddable":true,"href":"https:\/\/www.capgemini.com\/co-es\/wp-json\/wp\/v2\/service?post=5331"},{"taxonomy":"industry","embeddable":true,"href":"https:\/\/www.capgemini.com\/co-es\/wp-json\/wp\/v2\/industry?post=5331"},{"taxonomy":"partners","embeddable":true,"href":"https:\/\/www.capgemini.com\/co-es\/wp-json\/wp\/v2\/partners?post=5331"},{"taxonomy":"page-type","embeddable":true,"href":"https:\/\/www.capgemini.com\/co-es\/wp-json\/wp\/v2\/page-type?post=5331"},{"taxonomy":"content-group","embeddable":true,"href":"https:\/\/www.capgemini.com\/co-es\/wp-json\/wp\/v2\/content-group?post=5331"}],"curies":[{"name":"wp","href":"https:\/\/api.w.org\/{rel}","templated":true}]}}