{"id":532957,"date":"2025-03-17T04:17:46","date_gmt":"2025-03-17T04:17:46","guid":{"rendered":"https:\/\/www.capgemini.com\/co-es\/?page_id=532957"},"modified":"2025-10-28T15:20:35","modified_gmt":"2025-10-28T15:20:35","slug":"factores-de-exito-sap","status":"publish","type":"page","link":"https:\/\/www.capgemini.com\/co-es\/servicios\/factores-de-exito-sap\/","title":{"rendered":"SAP SuccessFactors HCM HR"},"content":{"rendered":"\n<header class=\"wp-block-cg-blocks-hero-reusable header heroReusable  \"><div class=\"header-bgs\"><picture><source srcset=\"https:\/\/www.capgemini.com\/co-es\/wp-content\/uploads\/sites\/25\/2025\/03\/5003-SAP-SuccessConnect-Events-Web-banner-August.jpg?w=2880&amp;quality=70 1x, https:\/\/www.capgemini.com\/co-es\/wp-content\/uploads\/sites\/25\/2025\/03\/5003-SAP-SuccessConnect-Events-Web-banner-August.jpg?w=2880&amp;quality=70 2x\" media=\"(min-width: 1500px)\"\/><source srcset=\"https:\/\/www.capgemini.com\/co-es\/wp-content\/uploads\/sites\/25\/2025\/03\/5003-SAP-SuccessConnect-Events-Web-banner-August.jpg?w=1440&amp;quality=70 1x, https:\/\/www.capgemini.com\/co-es\/wp-content\/uploads\/sites\/25\/2025\/03\/5003-SAP-SuccessConnect-Events-Web-banner-August.jpg?w=2880&amp;quality=70 2x\" media=\"(min-width: 992px)\"\/><source srcset=\"https:\/\/www.capgemini.com\/co-es\/wp-content\/uploads\/sites\/25\/2025\/03\/5003-SAP-SuccessConnect-Events-Web-banner-August.jpg?w=1024&amp;quality=70 1x, https:\/\/www.capgemini.com\/co-es\/wp-content\/uploads\/sites\/25\/2025\/03\/5003-SAP-SuccessConnect-Events-Web-banner-August.jpg?w=1024&amp;quality=70 2x\" media=\"(min-width: 768px)\"\/><source srcset=\"https:\/\/www.capgemini.com\/co-es\/wp-content\/uploads\/sites\/25\/2025\/03\/5003-SAP-SuccessConnect-Events-Web-banner-August.jpg?w=768&amp;quality=70 1x, https:\/\/www.capgemini.com\/co-es\/wp-content\/uploads\/sites\/25\/2025\/03\/5003-SAP-SuccessConnect-Events-Web-banner-August.jpg?w=768&amp;quality=70 2x\" media=\"(min-width: 0)\"\/><img decoding=\"async\" src=\"https:\/\/www.capgemini.com\/co-es\/wp-content\/uploads\/sites\/25\/2025\/03\/5003-SAP-SuccessConnect-Events-Web-banner-August.jpg\" class=\"header-img header-img-d\" alt=\"\" style=\"object-fit:cover;object-position:68% 56.00000000000001%\" loading=\"eager\"\/><\/picture><\/div><div class=\"heroPictureCardHeaderShape\"><\/div><div class=\"container\"><div class=\"row\"><div class=\"col-md-12\"><div class=\"box\"><div class=\"boxTagWrapper\"><div class=\"tagInfo\"><\/div><\/div><div class=\"box-title\"><h1 data-maxlength=\"34\">Crecer y adaptarse al cambio con SAP SuccessFactors<\/h1><\/div><div class=\"inner-row-insight download-btn\"><div class=\"col-md-4 downloadFiles \"><a class=\"button-download--small\" type=\"download\" href=\"https:\/\/www.capgemini.com\/co-es\/wp-content\/uploads\/sites\/25\/2025\/03\/01_SAP-HCM-Edge-Brochure.pdf\" target=\"_blank\" rel=\"noopener noreferrer\" title=\"opens in a new window\"><span>Descargar folleto<\/span><span class=\"type\">2 MB  pdf<\/span><\/a><\/div><div class=\"col-md-4 downloadFiles \"><a class=\"button-download--small\" type=\"download\" href=\"https:\/\/www.capgemini.com\/co-es\/wp-content\/uploads\/sites\/25\/2025\/03\/02_SAP-HCM-Success-Factors_final.pdf\" target=\"_blank\" rel=\"noopener noreferrer\" title=\"opens in a new window\"><span>Descargar folleto<\/span><span class=\"type\">2 MB  pdf<\/span><\/a><\/div><\/div><\/div><\/div><\/div><\/div><\/header>\n\n\n\n<section class=\"wp-block-cg-blocks-group undefined section section--article-content\"><div class=\"article-main-content\"><div class=\"container\"><div class=\"row\"><div class=\"col-12 col-md-1\"><nav class=\"article-social\"><ul class=\"social-nav\"><li class=\"ip-order-fb\"><a href=\"https:\/\/www.facebook.com\/sharer\/sharer.php?u=https:\/\/www.capgemini.com\/co-es\/?page_id=532957\" target=\"_blank\" rel=\"noopener noreferrer\" title=\"opens in a new window\"><i aria-hidden=\"true\" class=\"icon-fb\"><\/i><span class=\"sr-only\">Facebook<\/span><\/a><\/li><li class=\"ip-order-li\"><a href=\"https:\/\/www.linkedin.com\/sharing\/share-offsite\/?url=https:\/\/www.capgemini.com\/co-es\/?page_id=532957\" target=\"_blank\" rel=\"noopener noreferrer\" title=\"opens in a new window\"><i aria-hidden=\"true\" class=\"icon-li\"><\/i><span class=\"sr-only\">Linkedin<\/span><\/a><\/li><\/ul><\/nav><\/div><div class=\"col-12 col-md-11 col-lg-10\"><div class=\"article-text article-quote-text\">\n<h3 class=\"wp-block-heading\" id=\"h-capgemini-y-successfactors-permiten-a-recursos-humanos-centrarse-en-ofrecer-valor-estrategico-a-traves-de-la-transformacion-digital-y-soluciones-integradas-de-experiencia-del-empleado\">Capgemini y SuccessFactors permiten a recursos humanos centrarse en ofrecer valor estrat\u00e9gico a trav\u00e9s de la transformaci\u00f3n digital y soluciones integradas de experiencia del empleado<\/h3>\n\n\n\n<p>El entorno de trabajo moderno est\u00e1 cambiando r\u00e1pidamente y, mientras muchas empresas se esfuerzan por mejorar la cultura del lugar de trabajo, gestionar su plantilla y el bienestar de los empleados, y proporcionar a los empleados un mejor equilibrio entre trabajo y vida personal, los l\u00edderes de RRHH tienen que navegar e implementar nuevas pr\u00e1cticas. El uso innovador de la tecnolog\u00eda digital es esencial para que las organizaciones afronten con eficacia no s\u00f3lo el cambio, sino la disrupci\u00f3n.<\/p>\n\n\n\n<p>Centrarse en la experiencia del empleado es vital, ya que unos trabajadores felices y apasionados por lo que hacen ser\u00e1n m\u00e1s productivos y estar\u00e1n m\u00e1s comprometidos con la excelencia, lo que conducir\u00e1 al crecimiento de la empresa y a un mayor rendimiento.<\/p>\n\n\n\n<p>El equipo SAP SuccessFactors de Capgemini ayuda a las empresas a tomar las riendas del cambio y simplificar sus transformaciones digitales de RRHH aprovechando la suite tecnol\u00f3gica SAP Human Experience Management (HXM), garantizando que las personas sigan siendo la m\u00e1xima prioridad. Al interpretar los comentarios de los empleados para comprender qu\u00e9 est\u00e1 sucediendo y por qu\u00e9, nuestro equipo de expertos de SAP ayuda a remodelar las transacciones tradicionales de RR. HH. para convertirlas en experiencias sencillas, atractivas e integrales para los empleados y crear una fuerza laboral m\u00e1s flexible y comprometida.<\/p>\n\n\n\n<p>Como socio de confianza de SAP, Capgemini es uno de los mayores integradores de sistemas SAP, con aproximadamente 27.000 profesionales de SAP y m\u00e1s de 2.600 clientes en todo el mundo. Nuestra pr\u00e1ctica de HXM ha desplegado SAP SuccessFactors con una tasa de \u00e9xito perfecta del 100 % por estar a tiempo y dentro del presupuesto en los \u00faltimos siete a\u00f1os.<\/p>\n\n\n\n<p>Junto con SAP SuccessFactors, Capgemini puede impulsar la transformaci\u00f3n digital de su departamento de RRHH y liberar el potencial empresarial de su personal.<\/p>\n\n\n\n<div class=\"wp-block-cg-blocks-autocloud-form undefined autocloudform\"><div class=\"section--autoCloud-form\"><div class=\"wrapperAutoCloudSection\" id=\"linkToForm\"><div class=\"container\"><div class=\"row\"><div class=\"col-md-12 col-lg-6 left-img align-self-center escaper-left\"><\/div><div class=\"col-md-12 \"><div class=\"autoCloudForm\"><p class=\"formparaText\"><strong>P\u00f3ngase en contacto con nuestros expertos hoy mismo para obtener m\u00e1s informaci\u00f3n.<\/strong><\/p>\t\t<div class=\"mf_forms__container \">\n\t\t\t\t\t\t\t\t<form id=\"mf_form_532972_1013853577\" class=\"mf_form__form row needs-validation\" action=\"\" method=\"post\" enctype=\"multipart\/form-data\" data-nosnippet>\n\n\t\t\t\t<div class=\"mf-field-wrapper form-floating col-sm-12\"><input type=\"text\" class=\"form-control\" id=\"_mf_98090_5075_2917489718\" name=\"_mf_98090_5075\" placeholder=\"Nombre\" required \/><label for=\"_mf_98090_5075_2917489718\" class=\"form-label\">Nombre <span class=\"star-required\">*<\/span><\/label><div class=\"invalid-feedback-frm\" role=\"alert\">Nombre no es v\u00e1lido.<\/div><\/div><div class=\"mf-field-wrapper form-floating col-sm-12\"><input type=\"text\" class=\"form-control\" id=\"_mf_98090_9176_135885907\" name=\"_mf_98090_9176\" placeholder=\"Apellido\" required \/><label for=\"_mf_98090_9176_135885907\" class=\"form-label\">Apellido <span class=\"star-required\">*<\/span><\/label><div class=\"invalid-feedback-frm\" role=\"alert\">Apellido no es v\u00e1lido.<\/div><\/div><div class=\"mf-field-wrapper form-floating col-sm-12\"><input type=\"email\" class=\"form-control\" id=\"_mf_98090_1027_3555929042\" name=\"_mf_98090_1027\" placeholder=\"Correo electr\u00f3nico (s\u00f3lo correo electr\u00f3nico profesional)\" required \/><label for=\"_mf_98090_1027_3555929042\" class=\"form-label\">Correo electr\u00f3nico (s\u00f3lo correo electr\u00f3nico profesional) <span class=\"star-required\">*<\/span><\/label><div class=\"invalid-feedback-frm\" role=\"alert\">Correo electr\u00f3nico (s\u00f3lo correo electr\u00f3nico profesional) no es v\u00e1lido.<\/div><\/div><div class=\"mf-field-wrapper form-floating col-sm-12\"><input type=\"text\" class=\"form-control\" id=\"_mf_99226_1403_79786309\" name=\"_mf_99226_1403\" placeholder=\"Empresa\" required \/><label for=\"_mf_99226_1403_79786309\" class=\"form-label\">Empresa <span class=\"star-required\">*<\/span><\/label><div class=\"invalid-feedback-frm\" role=\"alert\">Empresa no es v\u00e1lido.<\/div><\/div><div class=\"mf-field-wrapper form-floating col-sm-12\"><input type=\"text\" class=\"form-control\" id=\"_mf_99226_7983_1374853437\" name=\"_mf_99226_7983\" placeholder=\"Puesto\" required \/><label for=\"_mf_99226_7983_1374853437\" class=\"form-label\">Puesto <span class=\"star-required\">*<\/span><\/label><div class=\"invalid-feedback-frm\" role=\"alert\">Puesto no es v\u00e1lido.<\/div><\/div>\t\t\t<div class=\"mf_field mf_field--hidden \">\n\t\t\t\t<label for=\"_mf_532972_5391_1627857121\">Page title\t\t\t\t\t<\/label>\n\t\t\t\t<input type=\"hidden\" id=\"_mf_532972_5391_1627857121\" class=\"mf_field__input empty\" name=\"_mf_532972_5391\" data-validate=\"text\" value=\"SAP SuccessFactors HCM HR\"  \/>\n\t\t\t<\/div>\n\t\t\t\t\t<div class=\"mf_field mf_field--hidden \">\n\t\t\t\t<label for=\"_mf_532972_7777_3137618486\">Page URL\t\t\t\t\t<\/label>\n\t\t\t\t<input\n\t\t\t\t\ttype=\"hidden\"\n\t\t\t\t\tid=\"_mf_532972_7777_3137618486\"\n\t\t\t\t\tclass=\"mf_field__input empty\"\n\t\t\t\t\tname=\"_mf_532972_7777\"\n\t\t\t\t\tdata-validate=\"text\"\n\t\t\t\t\tvalue=\"https:\/\/www.capgemini.com\/co-es\/servicios\/factores-de-exito-sap\/\"\n\t\t\t\t\t\t\t\t\t\/>\n\t\t\t<\/div>\n\t\t<div class=\"mf-field-wrapper  col-sm-12\">\n\t\t<div class=\"form-check checkbox-controls\">\n\n\t\t\t<input type=\"checkbox\" id=\"_mf_98090_8847_1433894084\" class=\"form-check-input\"\n\t\t\t\tname=\"_mf_98090_8847[]\"\n\t\t\t\tvalue=\"1\"\n\t\t\t\trequired\n\t\t\t>\n\n\t\t\t<label for=\"_mf_98090_8847_1433894084\" class=\"form-check-label consent-text\">\n\t\t\t\tAl enviar este formulario, entiendo que mi informaci\u00f3n ser\u00e1 procesada por Capgemini como se indica arriba, y como se describe en los <a href=\"https:\/\/www.capgemini.com\/co-es\/politica-de-privacidad\/\">Pol\u00edtica de Protecci\u00f3n de Datos<\/a>.  &nbsp;\t\t\t<\/label>\n\n\t\t<\/div>\n\t\t<\/div>\t\t\t<div class=\"mf_field mf_field--recaptcha\">\n\t\t\t\t<div class=\"g-recaptcha\" data-sitekey=\"6Lc3OpIUAAAAADY4ErEHF0HF6Tr7vuknduDU-fbl\"><\/div>\n\t\t\t<\/div>\n\t\t\t\n\t\t\t<div class=\"mf_field mf_field--submit\" >\n\t\t\t\t<div class=\"slide-button-background button-background\">\n\t\t\t\t\t<label for=\"slider-submit-_mf_98090_2943\" class=\"slide-text\">\n\t\t\t\t\t\tDesliza para enviar\t\t\t\t\t<\/label>\n\t\t\t\t\t<input\n\t\t\t\t\t\tid=\"slider-submit-_mf_98090_2943\"\n\t\t\t\t\t\ttype=\"range\"\n\t\t\t\t\t\tclass=\"mf_field__input slider-frm-btn\"\n\t\t\t\t\t\trel=\"_mf_98090_2943\"\n\t\t\t\t\t\tmin=\"0\"\n\t\t\t\t\t\tmax=\"100\"\n\t\t\t\t\t\tvalue=\"0\"\n\t\t\t\t\t\taria-label=\"Slide to submit\"\n\t\t\t\t\t\taria-describedby=\"slide-instruction-_mf_98090_2943\"\n\t\t\t\t\t\taria-valuenow=\"0\"\n\t\t\t\t\t\taria-valuemin=\"0\"\n\t\t\t\t\t\taria-valuemax=\"100\"\n\t\t\t\t\t\taria-orientation=\"horizontal\"\n\t\t\t\t\t\trole=\"slider\"\n\t\t\t\t\t\ttabindex=\"0\"\n\t\t\t\t\t\/>\n\t\t\t\t\t<span id=\"slide-instruction-_mf_98090_2943\" class=\"sr-only\">\n\t\t\t\t\t\tUse right arrow keys to slide, or drag right with your finger. When you reach 100 percent, the form is submitted.\t\t\t\t\t<\/span>\n\t\t\t\t\t<!-- Mobile-only submit button fallback -->\n\t\t\t\t\t<button type=\"submit\" class=\"mf-mobile-submit-btn\" disabled>\n\t\t\t\t\t\t<span class=\"sr-only\">If you use a screen reader or VoiceOver, double-tap this button to submit the form.<\/span>\n\t\t\t\t\t\tDesliza para enviar\t\t\t\t\t<\/button>\n\t\t\t\t<\/div>\n\t\t\t\t<input type=\"hidden\" name=\"submit_btn_txt\" class=\"submit_btn_txt\" value=\"Desliza para enviar\"\/>\n\t\t\t\t<input type=\"hidden\" name=\"submitted_state_txt\" class=\"submitted_state_txt\" value=\"Enviado\"\/>\n\t\t\t<\/div>\n\t\t\t\t\t\t<input type=\"hidden\" name=\"form_id\" data-validate=\"number\" class=\"mf_form__id\" value=\"532972\" \/>\n\t\t\t\t<input type=\"hidden\" name=\"form_title\" class=\"mf_form__title\" value=\"sap-successfactors-hcm-hr\" \/>\n\t\t\t\t<input type=\"hidden\" name=\"wp_rest_nonce\" class=\"mf_form__wp_rest_nonce\" value=\"42878d64e6\" \/>\n\n\t\t\t\t<input type=\"hidden\" name=\"mf_form_conditional_logic\" class=\"mf_form__title conditional_logic\" value=\"\" \/>\n\t\t\t\t\n\t\t\t\t<input type=\"hidden\" name=\"mf_form_fields_country_dpo_field\" class=\"mf_form__title conditional_logic mf_form_fields_country_dpo_field\" value=\"\" \/>\n\n\t\t\t\t<!-- Anti-spam field -->\n\t\t\t\t<input type=\"text\" \n\t\t\t\t\tname=\"website_url\" \n\t\t\t\t\tclass=\"mf_field__url\" \n\t\t\t\t\tautocomplete=\"off\"\n\t\t\t\t\ttabindex=\"-1\"\n\t\t\t\t\taria-hidden=\"true\"\n\t\t\t\t\tstyle=\"position:absolute;left:-9999px;width:1px;height:1px;opacity:0;pointer-events:none;\" \n\t\t\t\t\/>\n\t\t\t<\/form>\n\n\t\t\t<div class=\"mf_form__success\" tabindex=\"0\" role=\"alert\">\n\t\t\t\t<strong>Thank you.<\/strong><\/p>\n\t\t\t<\/div>\n\t\t\t<div class=\"mf_form__errors\">\n\t\t\t\t<p>Lo sentimos, el env\u00edo del formulario fall\u00f3. Int\u00e9ntalo de nuevo.<\/p>\n\t\t\t<\/div>\n\t\t\t\t<\/div>\n\n\t\t<script>\n\t\t\twindow.MF_CONFIG532972 = {\"532972\":{\"errors\":[],\"redirect\":\"\"}};\n\t\t<\/script>\n\t\n<\/div><\/div><\/div><\/div><\/div><\/div><\/div>\n<\/div><\/div><\/div><\/div><\/div><\/section>\n","protected":false},"excerpt":{"rendered":"","protected":false},"author":367,"featured_media":0,"parent":5801,"menu_order":8,"comment_status":"closed","ping_status":"closed","template":"","meta":{"cg_dt_proposed_to":[],"cg_seo_hreflang_relations":"[]","cg_seo_canonical_relation":"","cg_seo_hreflang_x_default_relation":"","cg_dt_approved_content":true,"cg_dt_mandatory_content":false,"cg_dt_notes":"","cg_dg_source_changed":false,"cg_dt_link_disabled":false,"_yoast_wpseo_primary_brand":"82","footnotes":"","featured_focal_points":"","partner_card_description":"","gsap_animation":0},"brand":[82],"partner_type":[],"service":[],"industry":[],"partners":[],"page-type":[183],"content-group":[],"class_list":["post-532957","page","type-page","status-publish","hentry","brand-capgemini","page-type-service"],"yoast_head":"<!-- This site is optimized with the Yoast SEO Premium plugin v22.8 (Yoast SEO v22.8) - https:\/\/yoast.com\/wordpress\/plugins\/seo\/ -->\n<title>Factores de \u00e9xito sap | Capgemini<\/title>\n<meta name=\"description\" content=\"Capgemini y SuccessFactors permiten a recursos humanos centrarse en ofrecer valor estrat\u00e9gico a trav\u00e9s de la transformaci\u00f3n digital y soluciones integradas de experiencia del empleado.\" \/>\n<meta name=\"robots\" content=\"index, follow, max-snippet:-1, max-image-preview:large, max-video-preview:-1\" \/>\n<link rel=\"canonical\" href=\"https:\/\/www.capgemini.com\/co-es\/servicios\/factores-de-exito-sap\/\" \/>\n<meta property=\"og:locale\" content=\"es_MX\" \/>\n<meta property=\"og:type\" content=\"article\" \/>\n<meta property=\"og:title\" content=\"SAP SuccessFactors HCM HR\" \/>\n<meta property=\"og:description\" content=\"Capgemini y SuccessFactors permiten a recursos humanos centrarse en ofrecer valor estrat\u00e9gico a trav\u00e9s de la transformaci\u00f3n digital y soluciones integradas de experiencia del empleado.\" \/>\n<meta property=\"og:url\" content=\"https:\/\/www.capgemini.com\/co-es\/servicios\/factores-de-exito-sap\/\" \/>\n<meta property=\"og:site_name\" content=\"Capgemini Colombia\" \/>\n<meta property=\"article:modified_time\" content=\"2025-10-28T15:20:35+00:00\" \/>\n<meta property=\"og:image\" content=\"https:\/\/www.capgemini.com\/co-es\/wp-content\/uploads\/sites\/25\/2025\/03\/5003-SAP-SuccessConnect-Events-Web-banner-August.jpg\" \/>\n<meta name=\"twitter:card\" content=\"summary_large_image\" \/>\n<script type=\"application\/ld+json\" class=\"yoast-schema-graph\">{\"@context\":\"https:\/\/schema.org\",\"@graph\":[{\"@type\":\"WebPage\",\"@id\":\"https:\/\/www.capgemini.com\/co-es\/servicios\/factores-de-exito-sap\/\",\"url\":\"https:\/\/www.capgemini.com\/co-es\/servicios\/factores-de-exito-sap\/\",\"name\":\"Factores de \u00e9xito sap | Capgemini\",\"isPartOf\":{\"@id\":\"https:\/\/www.capgemini.com\/co-es\/#website\"},\"primaryImageOfPage\":{\"@id\":\"https:\/\/www.capgemini.com\/co-es\/servicios\/factores-de-exito-sap\/#primaryimage\"},\"image\":{\"@id\":\"https:\/\/www.capgemini.com\/co-es\/servicios\/factores-de-exito-sap\/#primaryimage\"},\"thumbnailUrl\":\"https:\/\/www.capgemini.com\/co-es\/wp-content\/uploads\/sites\/25\/2025\/03\/5003-SAP-SuccessConnect-Events-Web-banner-August.jpg\",\"datePublished\":\"2025-03-17T04:17:46+00:00\",\"dateModified\":\"2025-10-28T15:20:35+00:00\",\"description\":\"Capgemini y SuccessFactors permiten a recursos humanos centrarse en ofrecer valor estrat\u00e9gico a trav\u00e9s de la transformaci\u00f3n digital y soluciones integradas de experiencia del empleado.\",\"breadcrumb\":{\"@id\":\"https:\/\/www.capgemini.com\/co-es\/servicios\/factores-de-exito-sap\/#breadcrumb\"},\"inLanguage\":\"es-MX\",\"potentialAction\":[{\"@type\":\"ReadAction\",\"target\":[\"https:\/\/www.capgemini.com\/co-es\/servicios\/factores-de-exito-sap\/\"]}]},{\"@type\":\"ImageObject\",\"inLanguage\":\"es-MX\",\"@id\":\"https:\/\/www.capgemini.com\/co-es\/servicios\/factores-de-exito-sap\/#primaryimage\",\"url\":\"https:\/\/www.capgemini.com\/co-es\/wp-content\/uploads\/sites\/25\/2025\/03\/5003-SAP-SuccessConnect-Events-Web-banner-August.jpg\",\"contentUrl\":\"https:\/\/www.capgemini.com\/co-es\/wp-content\/uploads\/sites\/25\/2025\/03\/5003-SAP-SuccessConnect-Events-Web-banner-August.jpg\",\"width\":1441,\"height\":909},{\"@type\":\"BreadcrumbList\",\"@id\":\"https:\/\/www.capgemini.com\/co-es\/servicios\/factores-de-exito-sap\/#breadcrumb\",\"itemListElement\":[{\"@type\":\"ListItem\",\"position\":1,\"name\":\"Home\",\"item\":\"https:\/\/www.capgemini.com\/co-es\/\"},{\"@type\":\"ListItem\",\"position\":2,\"name\":\"Servicios\",\"item\":\"https:\/\/www.capgemini.com\/co-es\/servicios\/\"},{\"@type\":\"ListItem\",\"position\":3,\"name\":\"SAP SuccessFactors HCM HR\"}]},{\"@type\":\"WebSite\",\"@id\":\"https:\/\/www.capgemini.com\/co-es\/#website\",\"url\":\"https:\/\/www.capgemini.com\/co-es\/\",\"name\":\"Capgemini Colombia\",\"description\":\"Capgemini\",\"potentialAction\":[{\"@type\":\"SearchAction\",\"target\":{\"@type\":\"EntryPoint\",\"urlTemplate\":\"https:\/\/www.capgemini.com\/co-es\/?s={search_term_string}\"},\"query-input\":\"required name=search_term_string\"}],\"inLanguage\":\"es-MX\"}]}<\/script>\n<!-- \/ Yoast SEO Premium plugin. -->","yoast_head_json":{"title":"Factores de \u00e9xito sap | Capgemini","description":"Capgemini y SuccessFactors permiten a recursos humanos centrarse en ofrecer valor estrat\u00e9gico a trav\u00e9s de la transformaci\u00f3n digital y soluciones integradas de experiencia del empleado.","robots":{"index":"index","follow":"follow","max-snippet":"max-snippet:-1","max-image-preview":"max-image-preview:large","max-video-preview":"max-video-preview:-1"},"canonical":"https:\/\/www.capgemini.com\/co-es\/servicios\/factores-de-exito-sap\/","og_locale":"es_MX","og_type":"article","og_title":"SAP SuccessFactors HCM HR","og_description":"Capgemini y SuccessFactors permiten a recursos humanos centrarse en ofrecer valor estrat\u00e9gico a trav\u00e9s de la transformaci\u00f3n digital y soluciones integradas de experiencia del empleado.","og_url":"https:\/\/www.capgemini.com\/co-es\/servicios\/factores-de-exito-sap\/","og_site_name":"Capgemini Colombia","article_modified_time":"2025-10-28T15:20:35+00:00","og_image":[{"url":"https:\/\/www.capgemini.com\/co-es\/wp-content\/uploads\/sites\/25\/2025\/03\/5003-SAP-SuccessConnect-Events-Web-banner-August.jpg"}],"twitter_card":"summary_large_image","schema":{"@context":"https:\/\/schema.org","@graph":[{"@type":"WebPage","@id":"https:\/\/www.capgemini.com\/co-es\/servicios\/factores-de-exito-sap\/","url":"https:\/\/www.capgemini.com\/co-es\/servicios\/factores-de-exito-sap\/","name":"Factores de \u00e9xito sap | Capgemini","isPartOf":{"@id":"https:\/\/www.capgemini.com\/co-es\/#website"},"primaryImageOfPage":{"@id":"https:\/\/www.capgemini.com\/co-es\/servicios\/factores-de-exito-sap\/#primaryimage"},"image":{"@id":"https:\/\/www.capgemini.com\/co-es\/servicios\/factores-de-exito-sap\/#primaryimage"},"thumbnailUrl":"https:\/\/www.capgemini.com\/co-es\/wp-content\/uploads\/sites\/25\/2025\/03\/5003-SAP-SuccessConnect-Events-Web-banner-August.jpg","datePublished":"2025-03-17T04:17:46+00:00","dateModified":"2025-10-28T15:20:35+00:00","description":"Capgemini y SuccessFactors permiten a recursos humanos centrarse en ofrecer valor estrat\u00e9gico a trav\u00e9s de la transformaci\u00f3n digital y soluciones integradas de experiencia del empleado.","breadcrumb":{"@id":"https:\/\/www.capgemini.com\/co-es\/servicios\/factores-de-exito-sap\/#breadcrumb"},"inLanguage":"es-MX","potentialAction":[{"@type":"ReadAction","target":["https:\/\/www.capgemini.com\/co-es\/servicios\/factores-de-exito-sap\/"]}]},{"@type":"ImageObject","inLanguage":"es-MX","@id":"https:\/\/www.capgemini.com\/co-es\/servicios\/factores-de-exito-sap\/#primaryimage","url":"https:\/\/www.capgemini.com\/co-es\/wp-content\/uploads\/sites\/25\/2025\/03\/5003-SAP-SuccessConnect-Events-Web-banner-August.jpg","contentUrl":"https:\/\/www.capgemini.com\/co-es\/wp-content\/uploads\/sites\/25\/2025\/03\/5003-SAP-SuccessConnect-Events-Web-banner-August.jpg","width":1441,"height":909},{"@type":"BreadcrumbList","@id":"https:\/\/www.capgemini.com\/co-es\/servicios\/factores-de-exito-sap\/#breadcrumb","itemListElement":[{"@type":"ListItem","position":1,"name":"Home","item":"https:\/\/www.capgemini.com\/co-es\/"},{"@type":"ListItem","position":2,"name":"Servicios","item":"https:\/\/www.capgemini.com\/co-es\/servicios\/"},{"@type":"ListItem","position":3,"name":"SAP SuccessFactors HCM HR"}]},{"@type":"WebSite","@id":"https:\/\/www.capgemini.com\/co-es\/#website","url":"https:\/\/www.capgemini.com\/co-es\/","name":"Capgemini Colombia","description":"Capgemini","potentialAction":[{"@type":"SearchAction","target":{"@type":"EntryPoint","urlTemplate":"https:\/\/www.capgemini.com\/co-es\/?s={search_term_string}"},"query-input":"required name=search_term_string"}],"inLanguage":"es-MX"}]}},"brand_term":[{"id":82,"slug":"capgemini"}],"parsely":{"version":"1.1.0","canonical_url":"https:\/\/capgemini.com\/co-es\/servicios\/factores-de-exito-sap\/","smart_links":{"inbound":0,"outbound":0},"traffic_boost_suggestions_count":0,"meta":{"@context":"https:\/\/schema.org","@type":"WebPage","headline":"SAP SuccessFactors HCM HR","url":"https:\/\/www.capgemini.com\/co-es\/servicios\/factores-de-exito-sap\/","mainEntityOfPage":{"@type":"WebPage","@id":"https:\/\/www.capgemini.com\/co-es\/servicios\/factores-de-exito-sap\/"},"thumbnailUrl":"","image":{"@type":"ImageObject","url":""},"articleSection":"Uncategorized","author":[],"creator":[],"publisher":{"@type":"Organization","name":"Capgemini Colombia","logo":""},"keywords":[],"dateCreated":"2025-03-17T04:17:46Z","datePublished":"2025-03-17T04:17:46Z","dateModified":"2025-10-28T15:20:35Z"},"rendered":"<meta name=\"parsely-title\" content=\"SAP SuccessFactors HCM HR\" \/>\n<meta name=\"parsely-link\" content=\"https:\/\/www.capgemini.com\/co-es\/servicios\/factores-de-exito-sap\/\" \/>\n<meta name=\"parsely-type\" content=\"index\" \/>\n<meta name=\"parsely-pub-date\" content=\"2025-03-17T04:17:46Z\" \/>\n<meta name=\"parsely-section\" content=\"Uncategorized\" \/>","tracker_url":"https:\/\/cdn.parsely.com\/keys\/capgemini.com\/p.js"},"archive_status":false,"featured_image_src":"https:\/\/www.capgemini.com\/co-es\/wp-content\/themes\/capgemini2025\/assets\/images\/mockup.png","featured_image_alt":false,"jetpack_sharing_enabled":true,"distributor_meta":false,"distributor_terms":false,"distributor_media":false,"distributor_original_site_name":"Capgemini Colombia","distributor_original_site_url":"https:\/\/www.capgemini.com\/co-es","push-errors":false,"_links":{"self":[{"href":"https:\/\/www.capgemini.com\/co-es\/wp-json\/wp\/v2\/pages\/532957","targetHints":{"allow":["GET"]}}],"collection":[{"href":"https:\/\/www.capgemini.com\/co-es\/wp-json\/wp\/v2\/pages"}],"about":[{"href":"https:\/\/www.capgemini.com\/co-es\/wp-json\/wp\/v2\/types\/page"}],"author":[{"embeddable":true,"href":"https:\/\/www.capgemini.com\/co-es\/wp-json\/wp\/v2\/users\/367"}],"replies":[{"embeddable":true,"href":"https:\/\/www.capgemini.com\/co-es\/wp-json\/wp\/v2\/comments?post=532957"}],"version-history":[{"count":7,"href":"https:\/\/www.capgemini.com\/co-es\/wp-json\/wp\/v2\/pages\/532957\/revisions"}],"predecessor-version":[{"id":544458,"href":"https:\/\/www.capgemini.com\/co-es\/wp-json\/wp\/v2\/pages\/532957\/revisions\/544458"}],"up":[{"embeddable":true,"href":"https:\/\/www.capgemini.com\/co-es\/wp-json\/wp\/v2\/pages\/5801"}],"wp:attachment":[{"href":"https:\/\/www.capgemini.com\/co-es\/wp-json\/wp\/v2\/media?parent=532957"}],"wp:term":[{"taxonomy":"brand","embeddable":true,"href":"https:\/\/www.capgemini.com\/co-es\/wp-json\/wp\/v2\/brand?post=532957"},{"taxonomy":"partner_type","embeddable":true,"href":"https:\/\/www.capgemini.com\/co-es\/wp-json\/wp\/v2\/partner_type?post=532957"},{"taxonomy":"service","embeddable":true,"href":"https:\/\/www.capgemini.com\/co-es\/wp-json\/wp\/v2\/service?post=532957"},{"taxonomy":"industry","embeddable":true,"href":"https:\/\/www.capgemini.com\/co-es\/wp-json\/wp\/v2\/industry?post=532957"},{"taxonomy":"partners","embeddable":true,"href":"https:\/\/www.capgemini.com\/co-es\/wp-json\/wp\/v2\/partners?post=532957"},{"taxonomy":"page-type","embeddable":true,"href":"https:\/\/www.capgemini.com\/co-es\/wp-json\/wp\/v2\/page-type?post=532957"},{"taxonomy":"content-group","embeddable":true,"href":"https:\/\/www.capgemini.com\/co-es\/wp-json\/wp\/v2\/content-group?post=532957"}],"curies":[{"name":"wp","href":"https:\/\/api.w.org\/{rel}","templated":true}]}}