{"id":532389,"date":"2025-03-04T06:23:41","date_gmt":"2025-03-04T06:23:41","guid":{"rendered":"https:\/\/www.capgemini.com\/co-es\/?page_id=532389&#038;preview_id=532389"},"modified":"2026-01-09T06:50:53","modified_gmt":"2026-01-09T06:50:53","slug":"zendesk-2","status":"publish","type":"page","link":"https:\/\/www.capgemini.com\/co-es\/solutions\/zendesk\/","title":{"rendered":"Zendesk"},"content":{"rendered":"\n<header class=\"wp-block-cg-blocks-hero-reusable header heroReusable  \"><div class=\"header-bgs\"><picture><source srcset=\"https:\/\/www.capgemini.com\/wp-content\/uploads\/2023\/06\/Blog-Web-banner_Zendesk-partner.jpg?w=2880&amp;quality=70 1x, https:\/\/www.capgemini.com\/wp-content\/uploads\/2023\/06\/Blog-Web-banner_Zendesk-partner.jpg?w=2880&amp;quality=70 2x\" media=\"(min-width: 1500px)\"\/><source srcset=\"https:\/\/www.capgemini.com\/wp-content\/uploads\/2023\/06\/Blog-Web-banner_Zendesk-partner.jpg?w=1440&amp;quality=70 1x, https:\/\/www.capgemini.com\/wp-content\/uploads\/2023\/06\/Blog-Web-banner_Zendesk-partner.jpg?w=2880&amp;quality=70 2x\" media=\"(min-width: 992px)\"\/><source srcset=\"https:\/\/www.capgemini.com\/wp-content\/uploads\/2023\/06\/Blog-Web-banner_Zendesk-partner.jpg?w=1024&amp;quality=70 1x, https:\/\/www.capgemini.com\/wp-content\/uploads\/2023\/06\/Blog-Web-banner_Zendesk-partner.jpg?w=1024&amp;quality=70 2x\" media=\"(min-width: 768px)\"\/><source srcset=\"https:\/\/www.capgemini.com\/wp-content\/uploads\/2023\/06\/Blog-Web-banner_Zendesk-partner.jpg?w=768&amp;quality=70 1x, https:\/\/www.capgemini.com\/wp-content\/uploads\/2023\/06\/Blog-Web-banner_Zendesk-partner.jpg?w=768&amp;quality=70 2x\" media=\"(min-width: 0)\"\/><img decoding=\"async\" src=\"https:\/\/www.capgemini.com\/wp-content\/uploads\/2023\/06\/Blog-Web-banner_Zendesk-partner.jpg\" class=\"header-img header-img-d\" alt=\"\" style=\"object-fit:cover;object-position:48% 38%\" loading=\"eager\"\/><\/picture><\/div><div class=\"heroPictureCardHeaderShape\"><\/div><div class=\"container\"><div class=\"row\"><div class=\"col-md-12\"><div class=\"box\"><div class=\"boxTagWrapper\"><div class=\"tagInfo\"><div><span class=\"box-tag\">Solutions<\/span><\/div><\/div><\/div><div class=\"box-title\"><h1 data-maxlength=\"34\">Zendesk<\/h1><\/div><div class=\"inner-row-insight download-btn\"><\/div><\/div><\/div><\/div><\/div><\/header>\n\n\n\n<section class=\"wp-block-cg-blocks-group undefined section section--article-content\"><div class=\"article-main-content\"><div class=\"container\"><div class=\"row\"><div class=\"col-12 col-md-1\"><nav class=\"article-social\"><ul class=\"social-nav\"><li class=\"ip-order-fb\"><a href=\"https:\/\/www.facebook.com\/sharer\/sharer.php?u=https:\/\/www.capgemini.com\/zendesk\/\" target=\"_blank\" rel=\"noopener noreferrer\" title=\"abrir en una nueva ventana\"><i aria-hidden=\"true\" class=\"icon-fb\"><\/i><span class=\"sr-only\">Facebook<\/span><\/a><\/li><li class=\"ip-order-tw\"><a href=\"https:\/\/twitter.com\/intent\/tweet?url=https:\/\/www.capgemini.com\/zendesk\/&amp;text=Zendesk\" target=\"_blank\" rel=\"noopener noreferrer\" title=\"abrir en una nueva ventana\"><i aria-hidden=\"true\" class=\"icon-tw\"><\/i><span class=\"sr-only\">Twitter<\/span><\/a><\/li><li class=\"ip-order-li\"><a href=\"https:\/\/www.linkedin.com\/shareArticle?url=https:\/\/www.capgemini.com\/zendesk\/&amp;text=Zendesk\" target=\"_blank\" rel=\"noopener noreferrer\" title=\"abrir en una nueva ventana\"><i aria-hidden=\"true\" class=\"icon-li\"><\/i><span class=\"sr-only\">Linkedin<\/span><\/a><\/li><\/ul><\/nav><\/div><div class=\"col-12 col-md-11 col-lg-10\"><div class=\"article-text article-quote-text\">\n<h2 class=\"wp-block-heading\" id=\"h-libere-el-poder-de-las-experiencias-de-los-clientes-para-construir-relaciones-duraderas\">Libere el poder de las experiencias de los clientes para construir relaciones duraderas.<\/h2>\n\n\n\n<p>La asociaci\u00f3n estrat\u00e9gica de Capgemini y Zendesk proporciona soluciones de centro de contacto omnicanal de extremo a extremo l\u00edderes en el mercado. Esto se proporciona a trav\u00e9s de una arquitectura basada en plataformas que ofrece interacciones y experiencias de autoservicio con el cliente sin fricciones y habilitadas para IA a trav\u00e9s de una serie de soluciones de Capgemini, entre las que se incluyen:<\/p>\n\n\n\n<ul class=\"wp-block-list\">\n<li><a href=\"\/co-es\/servicios\/enterprise-management\/business-services\/finanzas-sin-fricciones\/\">Finanzas sin fricciones<\/a>: pedidos al cobro, compras al pago, registros al an\u00e1lisis y an\u00e1lisis de \u00faltima generaci\u00f3n mejorados con IA.<\/li>\n\n\n\n<li><a href=\"\/co-es\/solutions\/contactos-inteligentes-con-el-cliente\/\">Interacciones inteligentes con los clientes<\/a>: una soluci\u00f3n de servicio de centro de contacto digital de nueva generaci\u00f3n<\/li>\n\n\n\n<li><a href=\"\/co-es\/servicios\/enterprise-management\/business-services\/operaciones-de-personas-inteligentes\/\">Operaciones de personal inteligentes<\/a>: una experiencia de personal inteligente y sin fricciones &#8220;a la altura del consumidor&#8221;.<\/li>\n<\/ul>\n\n\n\n<p>Capgemini aprovecha Zendesk como plataforma de transformaci\u00f3n con un equipo dedicado de consultores, arquitectos de soluciones y desarrolladores de Zendesk experimentados:<\/p>\n\n\n\n<ul class=\"wp-block-list\">\n<li>Dise\u00f1o e implantaci\u00f3n a nivel empresarial<\/li>\n\n\n\n<li>Consultor\u00eda de proyectos y optimizaci\u00f3n de instancias<\/li>\n\n\n\n<li>Servicio totalmente gestionado con administraci\u00f3n de sistemas dedicada<\/li>\n\n\n\n<li>Servicio de integraci\u00f3n de sistemas de terceros<\/li>\n<\/ul>\n<\/div><\/div><\/div><\/div><\/div><\/section>\n\n\n<section class=\"section section--expert-perspectives\"><div class=\"container\"><div class=\"row\"><div class=\"content-title col-12 col-md-8\"><h2 class=\"expert-heading\">Perspectivas de expertos<\/h2><\/div><\/div><div class=\"expert-prospective-container\"><div class=\"row\"><div class=\"col-12 col-md-4 row-space\"><div class=\"box\"><div class=\"box-img-wrapper\"><a href=\"https:\/\/www.capgemini.com\/co-es\/insights\/expert-perspectives\/capgemini-and-zendesk-enhancing-finance-customer-experiences-through-automation\/\" aria-label=\"Capgemini and Zendesk \u2013 enhancing finance customer experiences through automation\" tabindex=\"-1\"><img decoding=\"async\" class=\"box-img\" alt=\"Linkedin Improving finance processes through an automated self-service platform builds lasting relationships with your customers\" src=\"https:\/\/www.capgemini.com\/co-es\/wp-content\/uploads\/sites\/25\/2025\/03\/Capgemini-and-Zendesk-\u2013-enhancing-finance-customer-experiences-through-automation.jpg?w=600&#038;quality=70\" style=\"object-position: 50% 50%; object-fit: cover;\" loading=\"lazy\" \/><\/a><\/div><div class=\"box-inner\"><div class=\"box-tag\">Business operations<\/div><a class=\"content-box-title\" href=\"https:\/\/www.capgemini.com\/co-es\/insights\/expert-perspectives\/capgemini-and-zendesk-enhancing-finance-customer-experiences-through-automation\/\" aria-label=\"Capgemini and Zendesk \u2013 enhancing finance customer experiences through automation\"><h3 class=\"expert-subtitle\">Capgemini and Zendesk \u2013 enhancing finance customer experiences through automation<\/h3><\/a><div class=\"box-bottom\">\n\t\t   <div class=\"box-logo\"><img decoding=\"async\" class=\"\" loading=\"lazy\" alt=\"\" src=\"https:\/\/www.capgemini.com\/co-es\/wp-content\/uploads\/sites\/25\/2025\/03\/Ewa-Lichtenstein.jpg?w=163\" \/><\/div><div class=\"date-name-info\"><div class=\"author-text\">Ewa Lichtenstein<\/div><div class=\"date-text\">mar. 4, 2025<\/div><\/div><\/div><\/div><\/div><\/div><div class=\"col-12 col-md-4 row-space\"><div class=\"box\"><div class=\"box-img-wrapper\"><a href=\"https:\/\/www.capgemini.com\/co-es\/insights\/expert-perspectives\/ensuring-success-with-a-personalized-customer-experience\/\" aria-label=\"Capgemini and Zendesk \u2013 making personalized customer experience a reality\" tabindex=\"-1\"><img decoding=\"async\" class=\"box-img\" alt=\"\" src=\"https:\/\/www.capgemini.com\/co-es\/wp-content\/uploads\/sites\/25\/2025\/03\/2023-05-22_Stephen-Barnett-Zendesk-blog.jpg?w=600&#038;quality=70\" style=\"object-position: 50% 50%; object-fit: cover;\" loading=\"lazy\" \/><\/a><\/div><div class=\"box-inner\"><div class=\"box-tag\">Business operations<\/div><a class=\"content-box-title\" href=\"https:\/\/www.capgemini.com\/co-es\/insights\/expert-perspectives\/ensuring-success-with-a-personalized-customer-experience\/\" aria-label=\"Capgemini and Zendesk \u2013 making personalized customer experience a reality\"><h3 class=\"expert-subtitle\">Capgemini and Zendesk \u2013 making personalized customer experience a reality<\/h3><\/a><div class=\"box-bottom\">\n\t\t   <div class=\"box-logo\"><img decoding=\"async\" class=\"\" loading=\"lazy\" alt=\"Stephen Barnett, Zendesk Global Offer Leader, Intelligent Customer Operations, Capgemini\u2019s Business Services\" src=\"https:\/\/www.capgemini.com\/co-es\/wp-content\/uploads\/sites\/25\/2025\/03\/Stephen_Barnett.jpg?w=960\" \/><\/div><div class=\"date-name-info\"><div class=\"author-text\">Stephen Barnett<\/div><div class=\"date-text\">mar. 4, 2025<\/div><\/div><\/div><\/div><\/div><\/div><div class=\"col-12 col-md-4 row-space\"><div class=\"box\"><div class=\"box-img-wrapper\"><a href=\"https:\/\/www.capgemini.com\/co-es\/insights\/expert-perspectives\/digitalize-your-helpdesk-to-drive-frictionless-accounts-payable\/\" aria-label=\"Digitalize your helpdesk to drive frictionless accounts payable\" tabindex=\"-1\"><img decoding=\"async\" class=\"box-img\" alt=\"AI.Payables blog banner\" src=\"https:\/\/www.capgemini.com\/co-es\/wp-content\/uploads\/sites\/25\/2025\/03\/AI.Payables-blog-banner.jpg?w=600&#038;quality=70\" style=\"object-position: 50% 50%; object-fit: cover;\" loading=\"lazy\" \/><\/a><\/div><div class=\"box-inner\"><div class=\"box-tag\">Business operations<\/div><a class=\"content-box-title\" href=\"https:\/\/www.capgemini.com\/co-es\/insights\/expert-perspectives\/digitalize-your-helpdesk-to-drive-frictionless-accounts-payable\/\" aria-label=\"Digitalize your helpdesk to drive frictionless accounts payable\"><h3 class=\"expert-subtitle\">Digitalize your helpdesk to drive frictionless accounts payable<\/h3><\/a><div class=\"box-bottom\">\n\t\t   <div class=\"box-logo\"><img decoding=\"async\" class=\"\" loading=\"lazy\" alt=\"Mahalakshmi Ramakrishnan\" src=\"https:\/\/www.capgemini.com\/co-es\/wp-content\/uploads\/sites\/25\/2025\/03\/Mahalaxmi-Ramakrishnan.jpg?w=200\" \/><\/div><div class=\"date-name-info\"><div class=\"author-text\">Mahalakshmi Ramakrishnan<\/div><div class=\"date-text\">mar. 4, 2025<\/div><\/div><\/div><\/div><\/div><\/div><\/div><\/div><\/div><\/section>","protected":false},"excerpt":{"rendered":"","protected":false},"author":499,"featured_media":532390,"parent":5720,"menu_order":0,"comment_status":"closed","ping_status":"closed","template":"","meta":{"cg_dt_proposed_to":[],"cg_seo_hreflang_relations":"[]","cg_seo_canonical_relation":"{\"uuid\":\"1e694cca-8666-4469-877c-5eaf6f9f504f\",\"blogId\":\"\",\"domain\":\"\",\"sitePath\":\"\",\"postLink\":\"\",\"postId\":null,\"isSaved\":true,\"isCrossLink\":false,\"hasCrossLink\":false}","cg_seo_hreflang_x_default_relation":"{\"uuid\":\"a5119ef9-8109-455e-a0ba-1fe932e1a1b5\",\"blogId\":\"\",\"domain\":\"\",\"sitePath\":\"\",\"postLink\":\"\",\"postId\":null,\"isSaved\":true,\"isCrossLink\":false,\"hasCrossLink\":false}","cg_dt_approved_content":true,"cg_dt_mandatory_content":false,"cg_dt_notes":"","cg_dg_source_changed":false,"cg_dt_link_disabled":false,"_yoast_wpseo_primary_brand":"","footnotes":"","featured_focal_points":"","partner_card_description":"","gsap_animation":0},"brand":[],"partner_type":[],"service":[155],"industry":[],"partners":[],"page-type":[187],"content-group":[],"class_list":["post-532389","page","type-page","status-publish","has-post-thumbnail","hentry","service-intelligent-business-operations","page-type-partner"],"yoast_head":"<!-- This site is optimized with the Yoast SEO Premium plugin v22.8 (Yoast SEO v22.8) - https:\/\/yoast.com\/wordpress\/plugins\/seo\/ -->\n<title>Zendesk - Capgemini Colombia<\/title>\n<meta name=\"robots\" content=\"index, follow, max-snippet:-1, max-image-preview:large, max-video-preview:-1\" \/>\n<link rel=\"canonical\" href=\"https:\/\/www.capgemini.com\/co-es\/solutions\/zendesk\/\" \/>\n<meta property=\"og:locale\" content=\"es_MX\" \/>\n<meta property=\"og:type\" content=\"article\" \/>\n<meta property=\"og:title\" content=\"Zendesk\" \/>\n<meta property=\"og:url\" content=\"https:\/\/www.capgemini.com\/co-es\/solutions\/zendesk\/\" \/>\n<meta property=\"og:site_name\" content=\"Capgemini Colombia\" \/>\n<meta property=\"article:modified_time\" content=\"2026-01-09T06:50:53+00:00\" \/>\n<meta property=\"og:image\" content=\"https:\/\/www.capgemini.com\/co-es\/wp-content\/uploads\/sites\/25\/2025\/03\/Blog-Web-banner_Zendesk-partner_809bba.jpg\" \/>\n\t<meta property=\"og:image:width\" content=\"2880\" \/>\n\t<meta property=\"og:image:height\" content=\"1800\" \/>\n\t<meta property=\"og:image:type\" content=\"image\/jpeg\" \/>\n<meta name=\"twitter:card\" content=\"summary_large_image\" \/>\n<meta name=\"twitter:label1\" content=\"Est. reading time\" \/>\n\t<meta name=\"twitter:data1\" content=\"2 minutes\" \/>\n<script type=\"application\/ld+json\" class=\"yoast-schema-graph\">{\"@context\":\"https:\/\/schema.org\",\"@graph\":[{\"@type\":\"WebPage\",\"@id\":\"https:\/\/www.capgemini.com\/co-es\/solutions\/zendesk\/\",\"url\":\"https:\/\/www.capgemini.com\/co-es\/solutions\/zendesk\/\",\"name\":\"Zendesk - Capgemini Colombia\",\"isPartOf\":{\"@id\":\"https:\/\/www.capgemini.com\/co-es\/#website\"},\"primaryImageOfPage\":{\"@id\":\"https:\/\/www.capgemini.com\/co-es\/solutions\/zendesk\/#primaryimage\"},\"image\":{\"@id\":\"https:\/\/www.capgemini.com\/co-es\/solutions\/zendesk\/#primaryimage\"},\"thumbnailUrl\":\"https:\/\/www.capgemini.com\/co-es\/wp-content\/uploads\/sites\/25\/2025\/03\/Blog-Web-banner_Zendesk-partner_809bba.jpg\",\"datePublished\":\"2025-03-04T06:23:41+00:00\",\"dateModified\":\"2026-01-09T06:50:53+00:00\",\"breadcrumb\":{\"@id\":\"https:\/\/www.capgemini.com\/co-es\/solutions\/zendesk\/#breadcrumb\"},\"inLanguage\":\"es-MX\",\"potentialAction\":[{\"@type\":\"ReadAction\",\"target\":[\"https:\/\/www.capgemini.com\/co-es\/solutions\/zendesk\/\"]}]},{\"@type\":\"ImageObject\",\"inLanguage\":\"es-MX\",\"@id\":\"https:\/\/www.capgemini.com\/co-es\/solutions\/zendesk\/#primaryimage\",\"url\":\"https:\/\/www.capgemini.com\/co-es\/wp-content\/uploads\/sites\/25\/2025\/03\/Blog-Web-banner_Zendesk-partner_809bba.jpg\",\"contentUrl\":\"https:\/\/www.capgemini.com\/co-es\/wp-content\/uploads\/sites\/25\/2025\/03\/Blog-Web-banner_Zendesk-partner_809bba.jpg\",\"width\":2880,\"height\":1800},{\"@type\":\"BreadcrumbList\",\"@id\":\"https:\/\/www.capgemini.com\/co-es\/solutions\/zendesk\/#breadcrumb\",\"itemListElement\":[{\"@type\":\"ListItem\",\"position\":1,\"name\":\"Home\",\"item\":\"https:\/\/www.capgemini.com\/co-es\/\"},{\"@type\":\"ListItem\",\"position\":2,\"name\":\"Solutions\",\"item\":\"https:\/\/www.capgemini.com\/co-es\/solutions\/\"},{\"@type\":\"ListItem\",\"position\":3,\"name\":\"Zendesk\"}]},{\"@type\":\"WebSite\",\"@id\":\"https:\/\/www.capgemini.com\/co-es\/#website\",\"url\":\"https:\/\/www.capgemini.com\/co-es\/\",\"name\":\"Capgemini Colombia\",\"description\":\"Capgemini\",\"potentialAction\":[{\"@type\":\"SearchAction\",\"target\":{\"@type\":\"EntryPoint\",\"urlTemplate\":\"https:\/\/www.capgemini.com\/co-es\/?s={search_term_string}\"},\"query-input\":\"required name=search_term_string\"}],\"inLanguage\":\"es-MX\"}]}<\/script>\n<!-- \/ Yoast SEO Premium plugin. -->","yoast_head_json":{"title":"Zendesk - Capgemini Colombia","robots":{"index":"index","follow":"follow","max-snippet":"max-snippet:-1","max-image-preview":"max-image-preview:large","max-video-preview":"max-video-preview:-1"},"canonical":"https:\/\/www.capgemini.com\/co-es\/solutions\/zendesk\/","og_locale":"es_MX","og_type":"article","og_title":"Zendesk","og_url":"https:\/\/www.capgemini.com\/co-es\/solutions\/zendesk\/","og_site_name":"Capgemini Colombia","article_modified_time":"2026-01-09T06:50:53+00:00","og_image":[{"width":2880,"height":1800,"url":"https:\/\/www.capgemini.com\/co-es\/wp-content\/uploads\/sites\/25\/2025\/03\/Blog-Web-banner_Zendesk-partner_809bba.jpg","type":"image\/jpeg"}],"twitter_card":"summary_large_image","twitter_misc":{"Est. reading time":"2 minutes"},"schema":{"@context":"https:\/\/schema.org","@graph":[{"@type":"WebPage","@id":"https:\/\/www.capgemini.com\/co-es\/solutions\/zendesk\/","url":"https:\/\/www.capgemini.com\/co-es\/solutions\/zendesk\/","name":"Zendesk - Capgemini Colombia","isPartOf":{"@id":"https:\/\/www.capgemini.com\/co-es\/#website"},"primaryImageOfPage":{"@id":"https:\/\/www.capgemini.com\/co-es\/solutions\/zendesk\/#primaryimage"},"image":{"@id":"https:\/\/www.capgemini.com\/co-es\/solutions\/zendesk\/#primaryimage"},"thumbnailUrl":"https:\/\/www.capgemini.com\/co-es\/wp-content\/uploads\/sites\/25\/2025\/03\/Blog-Web-banner_Zendesk-partner_809bba.jpg","datePublished":"2025-03-04T06:23:41+00:00","dateModified":"2026-01-09T06:50:53+00:00","breadcrumb":{"@id":"https:\/\/www.capgemini.com\/co-es\/solutions\/zendesk\/#breadcrumb"},"inLanguage":"es-MX","potentialAction":[{"@type":"ReadAction","target":["https:\/\/www.capgemini.com\/co-es\/solutions\/zendesk\/"]}]},{"@type":"ImageObject","inLanguage":"es-MX","@id":"https:\/\/www.capgemini.com\/co-es\/solutions\/zendesk\/#primaryimage","url":"https:\/\/www.capgemini.com\/co-es\/wp-content\/uploads\/sites\/25\/2025\/03\/Blog-Web-banner_Zendesk-partner_809bba.jpg","contentUrl":"https:\/\/www.capgemini.com\/co-es\/wp-content\/uploads\/sites\/25\/2025\/03\/Blog-Web-banner_Zendesk-partner_809bba.jpg","width":2880,"height":1800},{"@type":"BreadcrumbList","@id":"https:\/\/www.capgemini.com\/co-es\/solutions\/zendesk\/#breadcrumb","itemListElement":[{"@type":"ListItem","position":1,"name":"Home","item":"https:\/\/www.capgemini.com\/co-es\/"},{"@type":"ListItem","position":2,"name":"Solutions","item":"https:\/\/www.capgemini.com\/co-es\/solutions\/"},{"@type":"ListItem","position":3,"name":"Zendesk"}]},{"@type":"WebSite","@id":"https:\/\/www.capgemini.com\/co-es\/#website","url":"https:\/\/www.capgemini.com\/co-es\/","name":"Capgemini Colombia","description":"Capgemini","potentialAction":[{"@type":"SearchAction","target":{"@type":"EntryPoint","urlTemplate":"https:\/\/www.capgemini.com\/co-es\/?s={search_term_string}"},"query-input":"required name=search_term_string"}],"inLanguage":"es-MX"}]}},"brand_term":[],"parsely":{"version":"1.1.0","canonical_url":"https:\/\/capgemini.com\/co-es\/solutions\/zendesk\/","smart_links":{"inbound":0,"outbound":0},"traffic_boost_suggestions_count":0,"meta":{"@context":"https:\/\/schema.org","@type":"WebPage","headline":"Zendesk","url":"https:\/\/www.capgemini.com\/co-es\/solutions\/zendesk\/","mainEntityOfPage":{"@type":"WebPage","@id":"https:\/\/www.capgemini.com\/co-es\/solutions\/zendesk\/"},"thumbnailUrl":"https:\/\/www.capgemini.com\/co-es\/wp-content\/uploads\/sites\/25\/2025\/03\/Blog-Web-banner_Zendesk-partner_809bba.jpg?w=150&h=150&crop=1","image":{"@type":"ImageObject","url":"https:\/\/www.capgemini.com\/co-es\/wp-content\/uploads\/sites\/25\/2025\/03\/Blog-Web-banner_Zendesk-partner_809bba.jpg"},"articleSection":"Uncategorized","author":[],"creator":[],"publisher":{"@type":"Organization","name":"Capgemini Colombia","logo":""},"keywords":[],"dateCreated":"2025-03-04T06:23:41Z","datePublished":"2025-03-04T06:23:41Z","dateModified":"2026-01-09T06:50:53Z"},"rendered":"<meta name=\"parsely-title\" content=\"Zendesk\" \/>\n<meta name=\"parsely-link\" content=\"https:\/\/www.capgemini.com\/co-es\/solutions\/zendesk\/\" \/>\n<meta name=\"parsely-type\" content=\"index\" \/>\n<meta name=\"parsely-image-url\" content=\"https:\/\/www.capgemini.com\/co-es\/wp-content\/uploads\/sites\/25\/2025\/03\/Blog-Web-banner_Zendesk-partner_809bba.jpg?w=150&amp;h=150&amp;crop=1\" \/>\n<meta name=\"parsely-pub-date\" content=\"2025-03-04T06:23:41Z\" \/>\n<meta name=\"parsely-section\" content=\"Uncategorized\" \/>","tracker_url":"https:\/\/cdn.parsely.com\/keys\/capgemini.com\/p.js"},"archive_status":false,"featured_image_src":"https:\/\/www.capgemini.com\/co-es\/wp-content\/uploads\/sites\/25\/2025\/03\/Blog-Web-banner_Zendesk-partner_809bba.jpg","featured_image_alt":"","jetpack_sharing_enabled":true,"distributor_meta":false,"distributor_terms":false,"distributor_media":false,"distributor_original_site_name":"Capgemini Colombia","distributor_original_site_url":"https:\/\/www.capgemini.com\/co-es","push-errors":false,"_links":{"self":[{"href":"https:\/\/www.capgemini.com\/co-es\/wp-json\/wp\/v2\/pages\/532389","targetHints":{"allow":["GET"]}}],"collection":[{"href":"https:\/\/www.capgemini.com\/co-es\/wp-json\/wp\/v2\/pages"}],"about":[{"href":"https:\/\/www.capgemini.com\/co-es\/wp-json\/wp\/v2\/types\/page"}],"author":[{"embeddable":true,"href":"https:\/\/www.capgemini.com\/co-es\/wp-json\/wp\/v2\/users\/499"}],"replies":[{"embeddable":true,"href":"https:\/\/www.capgemini.com\/co-es\/wp-json\/wp\/v2\/comments?post=532389"}],"version-history":[{"count":2,"href":"https:\/\/www.capgemini.com\/co-es\/wp-json\/wp\/v2\/pages\/532389\/revisions"}],"predecessor-version":[{"id":541555,"href":"https:\/\/www.capgemini.com\/co-es\/wp-json\/wp\/v2\/pages\/532389\/revisions\/541555"}],"up":[{"embeddable":true,"href":"https:\/\/www.capgemini.com\/co-es\/wp-json\/wp\/v2\/pages\/5720"}],"wp:featuredmedia":[{"embeddable":true,"href":"https:\/\/www.capgemini.com\/co-es\/wp-json\/wp\/v2\/media\/532390"}],"wp:attachment":[{"href":"https:\/\/www.capgemini.com\/co-es\/wp-json\/wp\/v2\/media?parent=532389"}],"wp:term":[{"taxonomy":"brand","embeddable":true,"href":"https:\/\/www.capgemini.com\/co-es\/wp-json\/wp\/v2\/brand?post=532389"},{"taxonomy":"partner_type","embeddable":true,"href":"https:\/\/www.capgemini.com\/co-es\/wp-json\/wp\/v2\/partner_type?post=532389"},{"taxonomy":"service","embeddable":true,"href":"https:\/\/www.capgemini.com\/co-es\/wp-json\/wp\/v2\/service?post=532389"},{"taxonomy":"industry","embeddable":true,"href":"https:\/\/www.capgemini.com\/co-es\/wp-json\/wp\/v2\/industry?post=532389"},{"taxonomy":"partners","embeddable":true,"href":"https:\/\/www.capgemini.com\/co-es\/wp-json\/wp\/v2\/partners?post=532389"},{"taxonomy":"page-type","embeddable":true,"href":"https:\/\/www.capgemini.com\/co-es\/wp-json\/wp\/v2\/page-type?post=532389"},{"taxonomy":"content-group","embeddable":true,"href":"https:\/\/www.capgemini.com\/co-es\/wp-json\/wp\/v2\/content-group?post=532389"}],"curies":[{"name":"wp","href":"https:\/\/api.w.org\/{rel}","templated":true}]}}