{"id":532141,"date":"2025-02-28T13:17:45","date_gmt":"2025-02-28T13:17:45","guid":{"rendered":"https:\/\/www.capgemini.com\/co-es\/?page_id=532141&#038;preview_id=532141"},"modified":"2026-01-09T06:51:03","modified_gmt":"2026-01-09T06:51:03","slug":"suscripcion-a-capgemini-invent","status":"publish","type":"page","link":"https:\/\/www.capgemini.com\/co-es\/sobre-nosotros\/quienes-somos\/nuestras-marcas\/capgemini-invent\/suscripcion-a-capgemini-invent\/","title":{"rendered":"Suscripci\u00f3n a Capgemini Invent"},"content":{"rendered":"\n<div class=\"wp-block-cg-blocks-hero-picture-card undefined  heroPictureCard\"><div class=\"heroPictureCardBgs\"><picture><source srcset=\"https:\/\/www.capgemini.com\/wp-content\/uploads\/2024\/03\/Newsletter-banner-2.jpg?w=2880&amp;quality=70 1x, https:\/\/www.capgemini.com\/wp-content\/uploads\/2024\/03\/Newsletter-banner-2.jpg?w=2880&amp;quality=70 2x\" media=\"(min-width: 1500px)\"\/><source srcset=\"https:\/\/www.capgemini.com\/wp-content\/uploads\/2024\/03\/Newsletter-banner-2.jpg?w=1440&amp;quality=70 1x, https:\/\/www.capgemini.com\/wp-content\/uploads\/2024\/03\/Newsletter-banner-2.jpg?w=2880&amp;quality=70 2x\" media=\"(min-width: 992px)\"\/><source srcset=\"https:\/\/www.capgemini.com\/wp-content\/uploads\/2024\/03\/Newsletter-banner-2.jpg?w=1024&amp;quality=70 1x, https:\/\/www.capgemini.com\/wp-content\/uploads\/2024\/03\/Newsletter-banner-2.jpg?w=1024&amp;quality=70 2x\" media=\"(min-width: 768px)\"\/><source srcset=\"https:\/\/www.capgemini.com\/wp-content\/uploads\/2024\/03\/Newsletter-banner-2.jpg?w=768&amp;quality=70 1x, https:\/\/www.capgemini.com\/wp-content\/uploads\/2024\/03\/Newsletter-banner-2.jpg?w=768&amp;quality=70 2x\" media=\"(min-width: 0)\"\/><img decoding=\"async\" src=\"https:\/\/www.capgemini.com\/wp-content\/uploads\/2024\/03\/Newsletter-banner-2.jpg\" class=\"desktopImage\" alt=\"\" style=\"object-fit:cover;object-position:48% 32%\" loading=\"eager\"\/><\/picture><picture><source srcset=\"https:\/\/www.capgemini.com\/wp-content\/uploads\/2024\/03\/Newsletter-banner-2.jpg?w=2880&amp;quality=70 1x, https:\/\/www.capgemini.com\/wp-content\/uploads\/2024\/03\/Newsletter-banner-2.jpg?w=2880&amp;quality=70 2x\" media=\"(min-width: 1500px)\"\/><source srcset=\"https:\/\/www.capgemini.com\/wp-content\/uploads\/2024\/03\/Newsletter-banner-2.jpg?w=1440&amp;quality=70 1x, https:\/\/www.capgemini.com\/wp-content\/uploads\/2024\/03\/Newsletter-banner-2.jpg?w=2880&amp;quality=70 2x\" media=\"(min-width: 992px)\"\/><source srcset=\"https:\/\/www.capgemini.com\/wp-content\/uploads\/2024\/03\/Newsletter-banner-2.jpg?w=1024&amp;quality=70 1x, https:\/\/www.capgemini.com\/wp-content\/uploads\/2024\/03\/Newsletter-banner-2.jpg?w=1024&amp;quality=70 2x\" media=\"(min-width: 768px)\"\/><source srcset=\"https:\/\/www.capgemini.com\/wp-content\/uploads\/2024\/03\/Newsletter-banner-2.jpg?w=768&amp;quality=70 1x, https:\/\/www.capgemini.com\/wp-content\/uploads\/2024\/03\/Newsletter-banner-2.jpg?w=768&amp;quality=70 2x\" media=\"(min-width: 0)\"\/><img decoding=\"async\" src=\"https:\/\/www.capgemini.com\/wp-content\/uploads\/2024\/03\/Newsletter-banner-2.jpg\" class=\"mobileImage\" alt=\"\" style=\"object-fit:cover;object-position:48% 32%\" loading=\"eager\"\/><\/picture><\/div><div class=\"heroPictureCardHeaderShape\"><\/div><div class=\"container\"><div class=\"row\"><div class=\"col-md-8 col-lg-6\"><div class=\"heroPictureCardBox\"><div class=\"heroPictureCardBoxTitle\"><h1 data-maxlength=\"144\">Suscripci\u00f3n a Capgemini Invent<\/h1><\/div><\/div><\/div><\/div><\/div><div class=\"small-device\"><div class=\"brandLogoWrapper\"><img decoding=\"async\" loading=\"lazy\" src=\"\/wp-content\/themes\/capgemini2020\/assets\/images\/capgemini-invent.svg\" alt=\"capgemini-invent\"\/><\/div><\/div><\/div>\n\n\n\n<section class=\"wp-block-cg-blocks-group undefined section section--article-content\"><div class=\"article-main-content\"><div class=\"container\"><div class=\"row\"><div class=\"col-12 col-md-1\"><nav class=\"article-social\"><ul class=\"social-nav\"><li class=\"ip-order-fb\"><a href=\"https:\/\/www.facebook.com\/sharer\/sharer.php?u=https:\/\/www.capgemini.com\/?page_id=1005184\" target=\"_blank\" rel=\"noopener noreferrer\" title=\"abrir en una nueva ventana\"><i aria-hidden=\"true\" class=\"icon-fb\"><\/i><span class=\"sr-only\">Facebook<\/span><\/a><\/li><li class=\"ip-order-li\"><a href=\"https:\/\/www.linkedin.com\/shareArticle?url=https:\/\/www.capgemini.com\/?page_id=1005184\" target=\"_blank\" rel=\"noopener noreferrer\" title=\"abrir en una nueva ventana\"><i aria-hidden=\"true\" class=\"icon-li\"><\/i><span class=\"sr-only\">Linkedin<\/span><\/a><\/li><\/ul><\/nav><\/div><div class=\"col-12 col-md-11 col-lg-10\"><div class=\"article-text article-quote-text\">\n<h2 class=\"wp-block-heading\" id=\"h-suscribase-para-recibir-notificaciones-sobre-los-ultimos-articulos-e-informes-de-nuestros-expertos-en-capgemini-invent\">Suscr\u00edbase para recibir notificaciones sobre los \u00faltimos art\u00edculos e informes de nuestros expertos en Capgemini Invent<\/h2>\n<\/div><\/div><\/div><\/div><\/div><\/section>\n\n\n\t<section class=\"wp-block-cg-blocks-wrapper-learning-slider section learning-slider\">\n\t\t<div class=\"container\">\n\t\t\t<div class=\"learning-header\">\n\t\t\t\t\n\t\t\t\t\t\t\t<\/div>\n\t\t<\/div>\n\n\t<div class=\"slider slider-fader\">\n\t\t\t\t<div class=\"slider-list\">\n\t\t\t\t\t\t\t\t\t\t\t\t\t\t\t\t\t\t\t\t<div class=\"slide active card-learning-slide right-card short-copy\" data-align-right=\"false\" data-long-copy=\"false\">\n\t\t\t\t\t\t\t\t<div>\n\t\t\t\t\t\t\t\t\t<div class=\"slide-bg-wrapper\">\n\n                                        \n\t\t\t\t\t\t\t\t\t\t\t\t\t\t\t\t\t\t\t\t\t\n                                            \n                                            \n                                            \n                                            <img decoding=\"async\" loading=\"lazy\" class=\"slide-bg d-md-block\" src=\"https:\/\/www.capgemini.com\/wp-content\/uploads\/2024\/03\/Capgemini-Invent-Banner.jpg\" alt=\"\" style=\"object-position: 47% 24%;object-fit: cover\" \/>\n                                        \n\n                  \t<\/div>\n\t\t\t\t\t\t\t\t\t<div class=\"slide-reveal\"><\/div>\n\n\t\t\t\t\t\t\t\t\t\t<div class=\"container slide-info-wrapper card-learning-slider\">\n\t\t\t\t\t\t\t\t\t\t\t<div class=\"row\">\n\t\t\t\t\t\t\t\t\t\t\t\t\t\t\t\t\t\t\t\t\t\t\t\t\t\t\t\t\t<div class=\"col-12 col-lg-10 col-xl-6 col-xxl-6 right-card\">\n\t\t\t\t\t\t\t\t\t\t\t\t<div class=\"slide-info short-copy\">\n\t\t\t\t\t\t\t\t\t\t\t\t\t<div class=\"box\">\n\t\t\t\t\t\t\t\t\t\t\t\t\t\t\t\t\t\t\t\t\t\t\t\t\t\t\t\t\t\t\t\t\t\t\t\t\t\t\t\t\t\t\t\t\t\t\t\t\t\t\t\t\t\t\t\t\t\t\t\t\t\t<a class=\"title-link\" href=\"\/co-es\/sobre-nosotros\/quienes-somos\/nuestras-marcas\/capgemini-invent\/\" target=\"_blank\" rel=\"noopener noreferrer\">\n\t\t\t\t\t\t\t\t\t\t\t\t\t\t\t\t\t\t\t\t\t<h3 class=\"title-text\" data-maxlength=\"88\">Capgemini Invent<\/h3>\n\t\t\t\t\t\t\t\t\t\t\t\t\t\t\t\t\t\t\t\t\t<\/a>\n\t\t\t\t\t\t\t\t\t\t\t\t\t\t\t\t\t\t\t\t\t\t\t\t\t\t\t\t\t\t\t\t\t\t\t\t\t\t\t\t\t\t\t\t\t\t\t\t\t\t\t\t\t\t\t\t\t\t\t\t\t\t\t\t\t\t\t\t\t\t\t\t\t\t\t\t\t\t\t\t\t\t\t\t<p data-maxlength=\"200\">\n\t\t\t\t\t\t\t\t\t\t\t\t\t\t\t\t\t\t\t\t\tComo parte de Capgemini, nos esforzamos por ser un socio que desaf\u00eda y transforma incansablemente el statu quo, impulsa el crecimiento y ayuda a los clientes a conseguir el futuro que desean.\t\t\t\t\t\t\t\t\t\t\t\t\t\t\t\t\t\t\t\t\t<\/p>\n\t\t\t\t\t\t\t\t\t\t\t\t\t\t\t\t\t\t\t\t\t\t\t\t\t\t\t\t\t\t\t\t\t\t<\/div>\n\t\t\t\t\t\t\t\t\t\t\t\t\t\t\t\t\t\t\t<div class=\"box-bottom\">\n\t\t\t\t\t\t\t\t\t\t\t\t\t\t\t\t\t\t\t\t<div class=\"col-12 col-md-6\">\n\t\t\t\t\t\t\t\t\t\t\t\t\t\t\t\t\t\t\t\t\t<div class=\"slide-info-footer\">\n\t\t\t\t\t\t\t\t\t\t\t\t\t\t\t<div class=\"brand-logo-wrapper\">\n\t\t\t\t\t\t\t\t\t\t\t\t\t\t\t\t\t\t\t\t\t\t\t\t\t\t\t\t\t\t\t\t\t\t\t\t\t\t\t\t\t\t<img decoding=\"async\" loading=\"lazy\" src=\"https:\/\/www.capgemini.com\/co-es\/wp-content\/themes\/capgemini2025\/assets\/images\/Logo_Capgemini_Invent.svg\" alt=\"Capgemini Invent\" class=\"light\" \/>\n\t\t\t\t\t\t\t\t\t\t\t\t\t\t\t\t\t<img decoding=\"async\" loading=\"lazy\" src=\"https:\/\/www.capgemini.com\/co-es\/wp-content\/themes\/capgemini2025\/assets\/images\/logo-invent-white.svg\" alt=\"Capgemini Invent\" class=\"dark\" \/>\n\n\t\t\t\t\t\t\t\t\t\t\t\t\t\t\t\t\t\t\t\t\t\t\t\t\t\t\t\t\t\t\t<\/div>\n\t\t\t\t\t\t\t\t\t\t\t\t\t\t<\/div>\n\t\t\t\t\t\t\t\t\t\t\t\t\t\t\t\t\t\t\t\t<\/div>\n\t\t\t\t\t\t\t\t\t\t\t\t\t\t\t\t\t\t\t\t<div class=\"col-12 col-md-6\">\n\t\t\t\t\t\t\t\t\t\t\t\t\t\t\t\t\t\t\t\t\t\t\t\t\t\t\t\t\t\t\t\t\t\t\t\t\t\t\t\t\t\t<div class=\"btnDiv\">\t<a class=\"more2\" aria-label=\"Desc\u00fabrelo ahora sobre Capgemini Invent\" href=\"\/co-es\/sobre-nosotros\/quienes-somos\/nuestras-marcas\/capgemini-invent\/\" target=\"_blank\">\n\t\t\t\t\t\t\t\t\t\t\t\t\t\t\t\t\t\t\t\t\t\tDesc\u00fabrelo ahora\t\t\t\t\t\t\t\t\t\t\t\t\t\t\t\t\t\t\t\t\t<\/a>\n\t\t\t\t\t\t\t\t\t\t\t\t\t\t\t\t\t\t\t\t<\/div>\n\t\t\t\t\t\t\t\t\t\t\t\t\t\t\t\t\t\t\t\t\t\t\t\t\t\t\t\t\t\t\t\t\t\t\t\t\t\t\t<\/div>\n\t\t\t\t\t\t\t\t\t\t\t\t\t\t\t\t\t\t\t<\/div>\n\t\t\t\t\t\t\t\t\t\t\t\t<\/div>\n\t\t\t\t\t\t\t\t\t\t\t\t<\/div>\n\n\t\t\t\t\t\t\t\t\t\t\t<\/div>\n\t\t\t\t\t         \t\t\t<\/div>\n\n\n\t\t\t\t\t\t\t\t<\/div>\n\n\t\t\t\t\t\t\t<\/div>\n\n\t\t\t\t\t\t\t\t\t\t\t\t<\/div>\n\t\t\t\t\t<div class=\"slider-nav-wrapper container\">\n\t\t\t\t\t\t\t\t\t\t<div class=\"row\">\n\t\t\t\t\t\t\t\t\t\t\t<div class=\"slider-nav-content col-12 col-lg-10 col-xl-6 col-xxl-6\" data-nav-content>\n\t\t\t\t\t\t\t\t\t\t\t\t<div class=\"slide-nav-container\">\n                                                                                                            <\/div>\n\t\t\t\t\t\t\t\t\t\t\t<\/div>\n\t\t\t\t\t\t\t\t\t\t<\/div>\n\t\t\t\t\t\t\t\t\t<\/div>\n\t\t\t\t<\/div>\n\t<\/section>\n\n\t","protected":false},"excerpt":{"rendered":"<p>Mant\u00e9ngase a la vanguardia con la suscripci\u00f3n de liderazgo intelectual de Capgemini Invent. Obtenga informaci\u00f3n y an\u00e1lisis exclusivos sobre las \u00faltimas tendencias tecnol\u00f3gicas directamente en su bandeja de entrada. Suscr\u00edbase ahora<\/p>\n","protected":false},"author":290,"featured_media":532142,"parent":5875,"menu_order":5,"comment_status":"closed","ping_status":"closed","template":"","meta":{"cg_dt_proposed_to":[],"cg_seo_hreflang_relations":"[]","cg_seo_canonical_relation":"{\"uuid\":\"7faba9dc-2030-4fab-8d18-7e3215ace8a0\",\"blogId\":\"\",\"domain\":\"\",\"sitePath\":\"\",\"postLink\":\"\",\"postId\":null,\"isSaved\":true,\"isCrossLink\":false,\"hasCrossLink\":false}","cg_seo_hreflang_x_default_relation":"{\"uuid\":\"333fe126-3e79-4f77-b09f-addca01a9806\",\"blogId\":\"\",\"domain\":\"\",\"sitePath\":\"\",\"postLink\":\"\",\"postId\":null,\"isSaved\":true,\"isCrossLink\":false,\"hasCrossLink\":false}","cg_dt_approved_content":true,"cg_dt_mandatory_content":false,"cg_dt_notes":"","cg_dg_source_changed":false,"cg_dt_link_disabled":false,"_yoast_wpseo_primary_brand":"79","footnotes":"","featured_focal_points":"","partner_card_description":"","gsap_animation":0},"brand":[79],"partner_type":[],"service":[],"industry":[],"partners":[],"page-type":[168],"content-group":[],"class_list":["post-532141","page","type-page","status-publish","has-post-thumbnail","hentry","brand-capgemini-invent","page-type-about-us"],"yoast_head":"<!-- This site is optimized with the Yoast SEO Premium plugin v22.8 (Yoast SEO v22.8) - https:\/\/yoast.com\/wordpress\/plugins\/seo\/ -->\n<title>Suscripci\u00f3n a Capgemini Invent | Capgemini<\/title>\n<meta name=\"description\" content=\"Suscr\u00edbase para recibir notificaciones sobre los \u00faltimos art\u00edculos e informes de nuestros expertos en Capgemini Invent\" \/>\n<meta name=\"robots\" content=\"index, follow, max-snippet:-1, max-image-preview:large, max-video-preview:-1\" \/>\n<link rel=\"canonical\" href=\"https:\/\/www.capgemini.com\/co-es\/sobre-nosotros\/quienes-somos\/nuestras-marcas\/capgemini-invent\/suscripcion-a-capgemini-invent\/\" \/>\n<meta property=\"og:locale\" content=\"es_MX\" \/>\n<meta property=\"og:type\" content=\"article\" \/>\n<meta property=\"og:title\" content=\"Suscripci\u00f3n a Capgemini Invent\" \/>\n<meta property=\"og:description\" content=\"Suscr\u00edbase para recibir notificaciones sobre los \u00faltimos art\u00edculos e informes de nuestros expertos en Capgemini Invent\" \/>\n<meta property=\"og:url\" content=\"https:\/\/www.capgemini.com\/co-es\/sobre-nosotros\/quienes-somos\/nuestras-marcas\/capgemini-invent\/suscripcion-a-capgemini-invent\/\" \/>\n<meta property=\"og:site_name\" content=\"Capgemini Colombia\" \/>\n<meta property=\"article:modified_time\" content=\"2026-01-09T06:51:03+00:00\" \/>\n<meta property=\"og:image\" content=\"https:\/\/www.capgemini.com\/co-es\/wp-content\/uploads\/sites\/25\/2025\/02\/Newsletter-banner-2.jpg\" \/>\n\t<meta property=\"og:image:width\" content=\"2880\" \/>\n\t<meta property=\"og:image:height\" content=\"1800\" \/>\n\t<meta property=\"og:image:type\" content=\"image\/jpeg\" \/>\n<meta name=\"twitter:card\" content=\"summary_large_image\" \/>\n<meta name=\"twitter:label1\" content=\"Est. reading time\" \/>\n\t<meta name=\"twitter:data1\" content=\"1 minute\" \/>\n<script type=\"application\/ld+json\" class=\"yoast-schema-graph\">{\"@context\":\"https:\/\/schema.org\",\"@graph\":[{\"@type\":\"WebPage\",\"@id\":\"https:\/\/www.capgemini.com\/co-es\/sobre-nosotros\/quienes-somos\/nuestras-marcas\/capgemini-invent\/suscripcion-a-capgemini-invent\/\",\"url\":\"https:\/\/www.capgemini.com\/co-es\/sobre-nosotros\/quienes-somos\/nuestras-marcas\/capgemini-invent\/suscripcion-a-capgemini-invent\/\",\"name\":\"Suscripci\u00f3n a Capgemini Invent | Capgemini\",\"isPartOf\":{\"@id\":\"https:\/\/www.capgemini.com\/co-es\/#website\"},\"primaryImageOfPage\":{\"@id\":\"https:\/\/www.capgemini.com\/co-es\/sobre-nosotros\/quienes-somos\/nuestras-marcas\/capgemini-invent\/suscripcion-a-capgemini-invent\/#primaryimage\"},\"image\":{\"@id\":\"https:\/\/www.capgemini.com\/co-es\/sobre-nosotros\/quienes-somos\/nuestras-marcas\/capgemini-invent\/suscripcion-a-capgemini-invent\/#primaryimage\"},\"thumbnailUrl\":\"https:\/\/www.capgemini.com\/co-es\/wp-content\/uploads\/sites\/25\/2025\/02\/Newsletter-banner-2.jpg\",\"datePublished\":\"2025-02-28T13:17:45+00:00\",\"dateModified\":\"2026-01-09T06:51:03+00:00\",\"description\":\"Suscr\u00edbase para recibir notificaciones sobre los \u00faltimos art\u00edculos e informes de nuestros expertos en Capgemini Invent\",\"breadcrumb\":{\"@id\":\"https:\/\/www.capgemini.com\/co-es\/sobre-nosotros\/quienes-somos\/nuestras-marcas\/capgemini-invent\/suscripcion-a-capgemini-invent\/#breadcrumb\"},\"inLanguage\":\"es-MX\",\"potentialAction\":[{\"@type\":\"ReadAction\",\"target\":[\"https:\/\/www.capgemini.com\/co-es\/sobre-nosotros\/quienes-somos\/nuestras-marcas\/capgemini-invent\/suscripcion-a-capgemini-invent\/\"]}]},{\"@type\":\"ImageObject\",\"inLanguage\":\"es-MX\",\"@id\":\"https:\/\/www.capgemini.com\/co-es\/sobre-nosotros\/quienes-somos\/nuestras-marcas\/capgemini-invent\/suscripcion-a-capgemini-invent\/#primaryimage\",\"url\":\"https:\/\/www.capgemini.com\/co-es\/wp-content\/uploads\/sites\/25\/2025\/02\/Newsletter-banner-2.jpg\",\"contentUrl\":\"https:\/\/www.capgemini.com\/co-es\/wp-content\/uploads\/sites\/25\/2025\/02\/Newsletter-banner-2.jpg\",\"width\":2880,\"height\":1800,\"caption\":\"Invent thought leadership subscription\"},{\"@type\":\"BreadcrumbList\",\"@id\":\"https:\/\/www.capgemini.com\/co-es\/sobre-nosotros\/quienes-somos\/nuestras-marcas\/capgemini-invent\/suscripcion-a-capgemini-invent\/#breadcrumb\",\"itemListElement\":[{\"@type\":\"ListItem\",\"position\":1,\"name\":\"Home\",\"item\":\"https:\/\/www.capgemini.com\/co-es\/\"},{\"@type\":\"ListItem\",\"position\":2,\"name\":\"Sobre nosotros\",\"item\":\"https:\/\/www.capgemini.com\/co-es\/sobre-nosotros\/\"},{\"@type\":\"ListItem\",\"position\":3,\"name\":\"Qui\u00e9nes somos\",\"item\":\"https:\/\/www.capgemini.com\/co-es\/sobre-nosotros\/quienes-somos\/\"},{\"@type\":\"ListItem\",\"position\":4,\"name\":\"Nuestras Marcas\",\"item\":\"https:\/\/www.capgemini.com\/co-es\/sobre-nosotros\/quienes-somos\/nuestras-marcas\/\"},{\"@type\":\"ListItem\",\"position\":5,\"name\":\"Capgemini Invent\",\"item\":\"https:\/\/www.capgemini.com\/co-es\/sobre-nosotros\/quienes-somos\/nuestras-marcas\/capgemini-invent\/\"},{\"@type\":\"ListItem\",\"position\":6,\"name\":\"Suscripci\u00f3n a Capgemini Invent\"}]},{\"@type\":\"WebSite\",\"@id\":\"https:\/\/www.capgemini.com\/co-es\/#website\",\"url\":\"https:\/\/www.capgemini.com\/co-es\/\",\"name\":\"Capgemini Colombia\",\"description\":\"Capgemini\",\"potentialAction\":[{\"@type\":\"SearchAction\",\"target\":{\"@type\":\"EntryPoint\",\"urlTemplate\":\"https:\/\/www.capgemini.com\/co-es\/?s={search_term_string}\"},\"query-input\":\"required name=search_term_string\"}],\"inLanguage\":\"es-MX\"}]}<\/script>\n<!-- \/ Yoast SEO Premium plugin. -->","yoast_head_json":{"title":"Suscripci\u00f3n a Capgemini Invent | Capgemini","description":"Suscr\u00edbase para recibir notificaciones sobre los \u00faltimos art\u00edculos e informes de nuestros expertos en Capgemini Invent","robots":{"index":"index","follow":"follow","max-snippet":"max-snippet:-1","max-image-preview":"max-image-preview:large","max-video-preview":"max-video-preview:-1"},"canonical":"https:\/\/www.capgemini.com\/co-es\/sobre-nosotros\/quienes-somos\/nuestras-marcas\/capgemini-invent\/suscripcion-a-capgemini-invent\/","og_locale":"es_MX","og_type":"article","og_title":"Suscripci\u00f3n a Capgemini Invent","og_description":"Suscr\u00edbase para recibir notificaciones sobre los \u00faltimos art\u00edculos e informes de nuestros expertos en Capgemini Invent","og_url":"https:\/\/www.capgemini.com\/co-es\/sobre-nosotros\/quienes-somos\/nuestras-marcas\/capgemini-invent\/suscripcion-a-capgemini-invent\/","og_site_name":"Capgemini Colombia","article_modified_time":"2026-01-09T06:51:03+00:00","og_image":[{"width":2880,"height":1800,"url":"https:\/\/www.capgemini.com\/co-es\/wp-content\/uploads\/sites\/25\/2025\/02\/Newsletter-banner-2.jpg","type":"image\/jpeg"}],"twitter_card":"summary_large_image","twitter_misc":{"Est. reading time":"1 minute"},"schema":{"@context":"https:\/\/schema.org","@graph":[{"@type":"WebPage","@id":"https:\/\/www.capgemini.com\/co-es\/sobre-nosotros\/quienes-somos\/nuestras-marcas\/capgemini-invent\/suscripcion-a-capgemini-invent\/","url":"https:\/\/www.capgemini.com\/co-es\/sobre-nosotros\/quienes-somos\/nuestras-marcas\/capgemini-invent\/suscripcion-a-capgemini-invent\/","name":"Suscripci\u00f3n a Capgemini Invent | Capgemini","isPartOf":{"@id":"https:\/\/www.capgemini.com\/co-es\/#website"},"primaryImageOfPage":{"@id":"https:\/\/www.capgemini.com\/co-es\/sobre-nosotros\/quienes-somos\/nuestras-marcas\/capgemini-invent\/suscripcion-a-capgemini-invent\/#primaryimage"},"image":{"@id":"https:\/\/www.capgemini.com\/co-es\/sobre-nosotros\/quienes-somos\/nuestras-marcas\/capgemini-invent\/suscripcion-a-capgemini-invent\/#primaryimage"},"thumbnailUrl":"https:\/\/www.capgemini.com\/co-es\/wp-content\/uploads\/sites\/25\/2025\/02\/Newsletter-banner-2.jpg","datePublished":"2025-02-28T13:17:45+00:00","dateModified":"2026-01-09T06:51:03+00:00","description":"Suscr\u00edbase para recibir notificaciones sobre los \u00faltimos art\u00edculos e informes de nuestros expertos en Capgemini Invent","breadcrumb":{"@id":"https:\/\/www.capgemini.com\/co-es\/sobre-nosotros\/quienes-somos\/nuestras-marcas\/capgemini-invent\/suscripcion-a-capgemini-invent\/#breadcrumb"},"inLanguage":"es-MX","potentialAction":[{"@type":"ReadAction","target":["https:\/\/www.capgemini.com\/co-es\/sobre-nosotros\/quienes-somos\/nuestras-marcas\/capgemini-invent\/suscripcion-a-capgemini-invent\/"]}]},{"@type":"ImageObject","inLanguage":"es-MX","@id":"https:\/\/www.capgemini.com\/co-es\/sobre-nosotros\/quienes-somos\/nuestras-marcas\/capgemini-invent\/suscripcion-a-capgemini-invent\/#primaryimage","url":"https:\/\/www.capgemini.com\/co-es\/wp-content\/uploads\/sites\/25\/2025\/02\/Newsletter-banner-2.jpg","contentUrl":"https:\/\/www.capgemini.com\/co-es\/wp-content\/uploads\/sites\/25\/2025\/02\/Newsletter-banner-2.jpg","width":2880,"height":1800,"caption":"Invent thought leadership subscription"},{"@type":"BreadcrumbList","@id":"https:\/\/www.capgemini.com\/co-es\/sobre-nosotros\/quienes-somos\/nuestras-marcas\/capgemini-invent\/suscripcion-a-capgemini-invent\/#breadcrumb","itemListElement":[{"@type":"ListItem","position":1,"name":"Home","item":"https:\/\/www.capgemini.com\/co-es\/"},{"@type":"ListItem","position":2,"name":"Sobre nosotros","item":"https:\/\/www.capgemini.com\/co-es\/sobre-nosotros\/"},{"@type":"ListItem","position":3,"name":"Qui\u00e9nes somos","item":"https:\/\/www.capgemini.com\/co-es\/sobre-nosotros\/quienes-somos\/"},{"@type":"ListItem","position":4,"name":"Nuestras Marcas","item":"https:\/\/www.capgemini.com\/co-es\/sobre-nosotros\/quienes-somos\/nuestras-marcas\/"},{"@type":"ListItem","position":5,"name":"Capgemini Invent","item":"https:\/\/www.capgemini.com\/co-es\/sobre-nosotros\/quienes-somos\/nuestras-marcas\/capgemini-invent\/"},{"@type":"ListItem","position":6,"name":"Suscripci\u00f3n a Capgemini Invent"}]},{"@type":"WebSite","@id":"https:\/\/www.capgemini.com\/co-es\/#website","url":"https:\/\/www.capgemini.com\/co-es\/","name":"Capgemini Colombia","description":"Capgemini","potentialAction":[{"@type":"SearchAction","target":{"@type":"EntryPoint","urlTemplate":"https:\/\/www.capgemini.com\/co-es\/?s={search_term_string}"},"query-input":"required name=search_term_string"}],"inLanguage":"es-MX"}]}},"brand_term":[{"id":79,"slug":"capgemini-invent"}],"parsely":{"version":"1.1.0","canonical_url":"https:\/\/capgemini.com\/co-es\/sobre-nosotros\/quienes-somos\/nuestras-marcas\/capgemini-invent\/suscripcion-a-capgemini-invent\/","smart_links":{"inbound":0,"outbound":0},"traffic_boost_suggestions_count":0,"meta":{"@context":"https:\/\/schema.org","@type":"WebPage","headline":"Suscripci\u00f3n a Capgemini Invent","url":"https:\/\/www.capgemini.com\/co-es\/sobre-nosotros\/quienes-somos\/nuestras-marcas\/capgemini-invent\/suscripcion-a-capgemini-invent\/","mainEntityOfPage":{"@type":"WebPage","@id":"https:\/\/www.capgemini.com\/co-es\/sobre-nosotros\/quienes-somos\/nuestras-marcas\/capgemini-invent\/suscripcion-a-capgemini-invent\/"},"thumbnailUrl":"https:\/\/www.capgemini.com\/co-es\/wp-content\/uploads\/sites\/25\/2025\/02\/Newsletter-banner-2.jpg?w=150&h=150&crop=1","image":{"@type":"ImageObject","url":"https:\/\/www.capgemini.com\/co-es\/wp-content\/uploads\/sites\/25\/2025\/02\/Newsletter-banner-2.jpg"},"articleSection":"Uncategorized","author":[],"creator":[],"publisher":{"@type":"Organization","name":"Capgemini Colombia","logo":""},"keywords":[],"dateCreated":"2025-02-28T13:17:45Z","datePublished":"2025-02-28T13:17:45Z","dateModified":"2026-01-09T06:51:03Z"},"rendered":"<meta name=\"parsely-title\" content=\"Suscripci\u00f3n a Capgemini Invent\" \/>\n<meta name=\"parsely-link\" content=\"https:\/\/www.capgemini.com\/co-es\/sobre-nosotros\/quienes-somos\/nuestras-marcas\/capgemini-invent\/suscripcion-a-capgemini-invent\/\" \/>\n<meta name=\"parsely-type\" content=\"index\" \/>\n<meta name=\"parsely-image-url\" content=\"https:\/\/www.capgemini.com\/co-es\/wp-content\/uploads\/sites\/25\/2025\/02\/Newsletter-banner-2.jpg?w=150&amp;h=150&amp;crop=1\" \/>\n<meta name=\"parsely-pub-date\" content=\"2025-02-28T13:17:45Z\" \/>\n<meta name=\"parsely-section\" content=\"Uncategorized\" \/>","tracker_url":"https:\/\/cdn.parsely.com\/keys\/capgemini.com\/p.js"},"archive_status":false,"featured_image_src":"https:\/\/www.capgemini.com\/co-es\/wp-content\/uploads\/sites\/25\/2025\/02\/Newsletter-banner-2.jpg","featured_image_alt":"Invent thought leadership subscription","jetpack_sharing_enabled":true,"distributor_meta":false,"distributor_terms":false,"distributor_media":false,"distributor_original_site_name":"Capgemini Colombia","distributor_original_site_url":"https:\/\/www.capgemini.com\/co-es","push-errors":false,"_links":{"self":[{"href":"https:\/\/www.capgemini.com\/co-es\/wp-json\/wp\/v2\/pages\/532141","targetHints":{"allow":["GET"]}}],"collection":[{"href":"https:\/\/www.capgemini.com\/co-es\/wp-json\/wp\/v2\/pages"}],"about":[{"href":"https:\/\/www.capgemini.com\/co-es\/wp-json\/wp\/v2\/types\/page"}],"author":[{"embeddable":true,"href":"https:\/\/www.capgemini.com\/co-es\/wp-json\/wp\/v2\/users\/290"}],"replies":[{"embeddable":true,"href":"https:\/\/www.capgemini.com\/co-es\/wp-json\/wp\/v2\/comments?post=532141"}],"version-history":[{"count":2,"href":"https:\/\/www.capgemini.com\/co-es\/wp-json\/wp\/v2\/pages\/532141\/revisions"}],"predecessor-version":[{"id":532145,"href":"https:\/\/www.capgemini.com\/co-es\/wp-json\/wp\/v2\/pages\/532141\/revisions\/532145"}],"up":[{"embeddable":true,"href":"https:\/\/www.capgemini.com\/co-es\/wp-json\/wp\/v2\/pages\/5875"}],"wp:featuredmedia":[{"embeddable":true,"href":"https:\/\/www.capgemini.com\/co-es\/wp-json\/wp\/v2\/media\/532142"}],"wp:attachment":[{"href":"https:\/\/www.capgemini.com\/co-es\/wp-json\/wp\/v2\/media?parent=532141"}],"wp:term":[{"taxonomy":"brand","embeddable":true,"href":"https:\/\/www.capgemini.com\/co-es\/wp-json\/wp\/v2\/brand?post=532141"},{"taxonomy":"partner_type","embeddable":true,"href":"https:\/\/www.capgemini.com\/co-es\/wp-json\/wp\/v2\/partner_type?post=532141"},{"taxonomy":"service","embeddable":true,"href":"https:\/\/www.capgemini.com\/co-es\/wp-json\/wp\/v2\/service?post=532141"},{"taxonomy":"industry","embeddable":true,"href":"https:\/\/www.capgemini.com\/co-es\/wp-json\/wp\/v2\/industry?post=532141"},{"taxonomy":"partners","embeddable":true,"href":"https:\/\/www.capgemini.com\/co-es\/wp-json\/wp\/v2\/partners?post=532141"},{"taxonomy":"page-type","embeddable":true,"href":"https:\/\/www.capgemini.com\/co-es\/wp-json\/wp\/v2\/page-type?post=532141"},{"taxonomy":"content-group","embeddable":true,"href":"https:\/\/www.capgemini.com\/co-es\/wp-json\/wp\/v2\/content-group?post=532141"}],"curies":[{"name":"wp","href":"https:\/\/api.w.org\/{rel}","templated":true}]}}