{"id":530714,"date":"2025-01-07T02:32:52","date_gmt":"2025-01-07T02:32:52","guid":{"rendered":"https:\/\/www.capgemini.com\/co-es\/?page_id=530714&#038;preview_id=530714"},"modified":"2026-01-09T06:51:16","modified_gmt":"2026-01-09T06:51:16","slug":"migracion-de-chips-y-procesos-ip","status":"publish","type":"page","link":"https:\/\/www.capgemini.com\/co-es\/solutions\/migracion-de-chips-y-procesos-ip\/","title":{"rendered":"Migraci\u00f3n de chips y procesos IP"},"content":{"rendered":"\n<header class=\"wp-block-cg-blocks-hero-reusable header heroReusable  \"><div class=\"header-bgs\"><picture><source srcset=\"https:\/\/www.capgemini.com\/wp-content\/uploads\/2022\/04\/Capgemini_Chip-and-IP-process-migration.jpg?w=2880&amp;quality=70 1x, https:\/\/www.capgemini.com\/wp-content\/uploads\/2022\/04\/Capgemini_Chip-and-IP-process-migration.jpg?w=2880&amp;quality=70 2x\" media=\"(min-width: 1500px)\"\/><source srcset=\"https:\/\/www.capgemini.com\/wp-content\/uploads\/2022\/04\/Capgemini_Chip-and-IP-process-migration.jpg?w=1440&amp;quality=70 1x, https:\/\/www.capgemini.com\/wp-content\/uploads\/2022\/04\/Capgemini_Chip-and-IP-process-migration.jpg?w=2880&amp;quality=70 2x\" media=\"(min-width: 992px)\"\/><source srcset=\"https:\/\/www.capgemini.com\/wp-content\/uploads\/2022\/04\/Capgemini_Chip-and-IP-process-migration.jpg?w=1024&amp;quality=70 1x, https:\/\/www.capgemini.com\/wp-content\/uploads\/2022\/04\/Capgemini_Chip-and-IP-process-migration.jpg?w=1024&amp;quality=70 2x\" media=\"(min-width: 768px)\"\/><source srcset=\"https:\/\/www.capgemini.com\/wp-content\/uploads\/2022\/04\/Capgemini_Chip-and-IP-process-migration.jpg?w=768&amp;quality=70 1x, https:\/\/www.capgemini.com\/wp-content\/uploads\/2022\/04\/Capgemini_Chip-and-IP-process-migration.jpg?w=768&amp;quality=70 2x\" media=\"(min-width: 0)\"\/><img decoding=\"async\" src=\"https:\/\/www.capgemini.com\/wp-content\/uploads\/2022\/04\/Capgemini_Chip-and-IP-process-migration.jpg\" class=\"header-img header-img-d\" alt=\"\" style=\"object-fit:cover;object-position:56.00000000000001% 28.000000000000004%\" loading=\"eager\"\/><\/picture><\/div><div class=\"heroPictureCardHeaderShape\"><\/div><div class=\"container\"><div class=\"row\"><div class=\"col-md-12\"><div class=\"box\"><div class=\"boxTagWrapper\"><div class=\"tagInfo\"><div><span class=\"box-tag\">Solution<\/span><\/div><\/div><\/div><div class=\"box-title\"><h1 data-maxlength=\"34\">Migraci\u00f3n de chips y procesos IP<\/h1><\/div><div class=\"inner-row-insight download-btn\"><div class=\"col-md-4 downloadFiles addPadding\"><a class=\"button-download--small\" type=\"download\" href=\"https:\/\/www.capgemini.com\/wp-content\/uploads\/2023\/02\/Solutions-for-Chip-IP-Migration_Brochure_Nov-2021.pdf\" target=\"_blank\" rel=\"noopener noreferrer\" title=\"opens in a new window\"><span>Folleto de soluciones para la migraci\u00f3n de chip IP<\/span><span class=\"type\">7 MB pdf<\/span><\/a><\/div><\/div><\/div><\/div><\/div><\/div><\/header>\n\n\n\n<section class=\"wp-block-cg-blocks-intro-para undefined section section--intro\"><div class=\"intro-para\"><div class=\"container\"><div class=\"row\"><div class=\"col-12 col-md-1\"><nav class=\"article-social\"><ul class=\"social-nav\"><li class=\"ip-order-fb\"><a href=\"https:\/\/www.facebook.com\/sharer\/sharer.php?u=https:\/\/www.capgemini.com\/co-es\/solutions\/migracion-de-chips-y-procesos-ip\/\" target=\"_blank\" rel=\"noopener noreferrer\" title=\"opens in a new window\"><i aria-hidden=\"true\" class=\"icon-fb\"><\/i><span class=\"sr-only\">Facebook<\/span><\/a><\/li><li class=\"ip-order-li\"><a href=\"https:\/\/www.linkedin.com\/sharing\/share-offsite\/?url=https:\/\/www.capgemini.com\/co-es\/solutions\/migracion-de-chips-y-procesos-ip\/\" target=\"_blank\" rel=\"noopener noreferrer\" title=\"opens in a new window\"><i aria-hidden=\"true\" class=\"icon-li\"><\/i><span class=\"sr-only\">Linkedin<\/span><\/a><\/li><\/ul><\/nav><\/div><div class=\"col-12 col-md-11 col-lg-10\"><h2 class=\"intro-para-title\">La migraci\u00f3n de procesos es clave para ampliar la vida \u00fatil y optimizar el valor empresarial de los dise\u00f1os de chips y la propiedad intelectual (PI) de semiconductores existentes. Y como parte de las mejores pr\u00e1cticas de dise\u00f1o de chips o IP, reduce dr\u00e1sticamente el riesgo de interrupci\u00f3n de la cadena de suministro, parte de un buen proceso de gesti\u00f3n global del riesgo empresarial.<\/h2><p class=\"intro-para-content\">Las ventajas de la migraci\u00f3n de procesos son evidentes, pero la tarea es bastante compleja. Los objetivos empresariales deben estar claros y las repercusiones y opciones tecnol\u00f3gicas alineadas con ellos. Una vez establecido el camino a seguir, las empresas deben disponer de la experiencia y los recursos necesarios para migrar y validar con eficacia.<br><br>Capgemini Engineering ofrece una plataforma de Validaci\u00f3n y Verificaci\u00f3n (V&amp;V) global y totalmente automatizada, as\u00ed como un Centro de Formaci\u00f3n Global, que proporciona una soluci\u00f3n completa de itinerario formativo para mejorar las competencias y formar a los ingenieros. Nuestros servicios abarcan desde el desarrollo de funciones hasta proyectos completos llave en mano como socio integrador.<br><br>Capgemini es el l\u00edder mundial en servicios de ER&amp;D para semiconductores. Hemos ocupado el primer puesto en servicios de ER&amp;D para semiconductores durante los \u00faltimos 5 a\u00f1os. Somos el socio de confianza de 8 de los 10 l\u00edderes m\u00e1s importantes del sector. Y somos la mayor plantilla de ER&amp;D de VLSI del mundo.<\/p><\/div><\/div><\/div><\/div><\/section>\n\n\n\n<section class=\"wp-block-cg-blocks-how-we-do-it section section--howwedoit block-howwedoit\"><div class=\"container\"><div><div class=\"content-title\"><h2 data-maxlength=\"72\" class=\"expandable-heading-tag\">Qu\u00e9 hacemos<\/h2><\/div><p><\/p><\/div><div class=\"section-content\">\n<div class=\"wp-block-cg-blocks-card-howwedoit expanders\"><div class=\"box card-regulated-agreements card-howwedoit\"><div class=\"expander-box filter-box tag-active \"><div class=\"expander-title\" tabindex=\"0\" role=\"button\" aria-pressed=\"false\" aria-expanded=\"false\"><h3 class=\"expander-heading-title\">Crear valor \u00abm\u00e1s all\u00e1 del chip<\/h3><\/div><div class=\"expander-content\"><p>con software de plataforma, hardware de sistema\/servicios de placa y sistemas integrados, incluidos el dise\u00f1o, la prueba, el prototipo, la asistencia, el mantenimiento y el sustento<\/p><div class=\"bg-color video-align-right\"><div class=\"container\"><div class=\"row video-align-left\"><div class=\"col-md-12\"><div class=\"video-align-left row box box--4 box--mini\"><div class=\"col-md-3\"><\/div><div class=\"col-md-8 box-img-wrapper\"><div class=\"video-box\"><\/div><\/div><\/div><\/div><\/div><\/div><\/div><div class=\"content-more\"><\/div><\/div><\/div><\/div><\/div>\n\n\n\n<div class=\"wp-block-cg-blocks-card-howwedoit expanders\"><div class=\"box card-regulated-agreements card-howwedoit\"><div class=\"expander-box filter-box tag-active \"><div class=\"expander-title\" tabindex=\"0\" role=\"button\" aria-pressed=\"false\" aria-expanded=\"false\"><h3 class=\"expander-heading-title\">Revolucionar el dise\u00f1o VLSI con compromisos \u00abindustrializados<\/h3><\/div><div class=\"expander-content\"><p>Transformar la eficacia, calidad y previsibilidad de las actividades de dise\u00f1o de silicio<\/p><div class=\"bg-color video-align-right\"><div class=\"container\"><div class=\"row video-align-left\"><div class=\"col-md-12\"><div class=\"video-align-left row box box--4 box--mini\"><div class=\"col-md-3\"><\/div><div class=\"col-md-8 box-img-wrapper\"><div class=\"video-box\"><\/div><\/div><\/div><\/div><\/div><\/div><\/div><div class=\"content-more\"><\/div><\/div><\/div><\/div><\/div>\n\n\n\n<div class=\"wp-block-cg-blocks-card-howwedoit expanders\"><div class=\"box card-regulated-agreements card-howwedoit\"><div class=\"expander-box filter-box tag-active \"><div class=\"expander-title\" tabindex=\"0\" role=\"button\" aria-pressed=\"false\" aria-expanded=\"false\"><h3 class=\"expander-heading-title\">Entrega global flexible y escalable<\/h3><\/div><div class=\"expander-content\"><p>La cadena de valor con una red mundial de m\u00e1s de 5.400** recursos de entrega y centros de ingenier\u00eda de categor\u00eda mundial.<\/p><div class=\"bg-color video-align-right\"><div class=\"container\"><div class=\"row video-align-left\"><div class=\"col-md-12\"><div class=\"video-align-left row box box--4 box--mini\"><div class=\"col-md-3\"><\/div><div class=\"col-md-8 box-img-wrapper\"><div class=\"video-box\"><\/div><\/div><\/div><\/div><\/div><\/div><\/div><div class=\"content-more\"><\/div><\/div><\/div><\/div><\/div>\n\n\n\n<div class=\"wp-block-cg-blocks-card-howwedoit expanders\"><div class=\"box card-regulated-agreements card-howwedoit\"><div class=\"expander-box filter-box tag-active \"><div class=\"expander-title\" tabindex=\"0\" role=\"button\" aria-pressed=\"false\" aria-expanded=\"false\"><h3 class=\"expander-heading-title\">Una cartera probada de marcos de software acelera el desarrollo<\/h3><\/div><div class=\"expander-content\"><p><\/p><div class=\"bg-color video-align-right\"><div class=\"container\"><div class=\"row video-align-left\"><div class=\"col-md-12\"><div class=\"video-align-left row box box--4 box--mini\"><div class=\"col-md-3\"><\/div><div class=\"col-md-8 box-img-wrapper\"><div class=\"video-box\"><\/div><\/div><\/div><\/div><\/div><\/div><\/div><div class=\"content-more\"><\/div><\/div><\/div><\/div><\/div>\n<\/div><\/div><\/section>\n\n\n<section class=\"section section--expert-perspectives\"><div class=\"container\"><div class=\"row\"><div class=\"content-title col-12 col-md-8\"><h2 class=\"expert-heading\">Perspectivas de los expertos<\/h2><\/div><\/div><div class=\"expert-prospective-container\"><div class=\"row\"><div class=\"col-12 col-md-4 row-space\"><div class=\"box\"><div class=\"box-img-wrapper\"><a href=\"https:\/\/www.capgemini.com\/co-es\/insights\/expert-perspectives\/process-migration-strategies-for-chip-makers-experiencing-the-worst-supply-shortages\/\" aria-label=\"Process migration strategies for chip-makers experiencing the worst supply shortages\" tabindex=\"-1\"><img decoding=\"async\" class=\"box-img\" alt=\"\" src=\"https:\/\/www.capgemini.com\/wp-content\/uploads\/2022\/04\/semi_chip-shortage_desktop_1366x620_v3.webp?w=600&#038;quality=70\" style=\"object-position: 50% 50%; object-fit: cover;\" loading=\"lazy\" \/><\/a><\/div><div class=\"box-inner\"><div class=\"box-tag\">Engineering<\/div><a class=\"content-box-title\" href=\"https:\/\/www.capgemini.com\/co-es\/insights\/expert-perspectives\/process-migration-strategies-for-chip-makers-experiencing-the-worst-supply-shortages\/\" aria-label=\"Process migration strategies for chip-makers experiencing the worst supply shortages\"><h3 class=\"expert-subtitle\">Process migration strategies for chip-makers experiencing the worst supply shortages<\/h3><\/a><div class=\"box-bottom\">\n\t\t   <div class=\"box-logo\"><img decoding=\"async\" class=\"light\" loading=\"lazy\" alt=\"Capgemini\" src=\"https:\/\/www.capgemini.com\/co-es\/wp-content\/themes\/capgemini2025\/assets\/images\/cg-logo-blue.svg\" \/><img decoding=\"async\" class=\"dark\" loading=\"lazy\" alt=\"Capgemini\" src=\"https:\/\/www.capgemini.com\/co-es\/wp-content\/themes\/capgemini2025\/assets\/images\/cg-logo-white.svg\" \/><\/div><div class=\"date-name-info\"><div class=\"author-text\">Capgemini<\/div><div class=\"date-text\">ene. 6, 2025<\/div><\/div><\/div><\/div><\/div><\/div><div class=\"col-12 col-md-4 row-space\"><div class=\"box\"><div class=\"box-img-wrapper\"><a href=\"https:\/\/www.capgemini.com\/co-es\/insights\/expert-perspectives\/todays-chip-shortage-understanding-the-perfect-storm-that-led-us-here\/\" aria-label=\"Today\u2019s chip shortage: Understanding the perfect storm that led us here\" tabindex=\"-1\"><img decoding=\"async\" class=\"box-img\" alt=\"\" src=\"https:\/\/www.capgemini.com\/co-es\/wp-content\/uploads\/sites\/25\/2025\/01\/1_v3_semiconductor-chip-shortage-desktop-1366x620-1.jpg?w=600&#038;quality=70\" style=\"object-position: 50% 50%; object-fit: cover;\" loading=\"lazy\" \/><\/a><\/div><div class=\"box-inner\"><div class=\"box-tag\">Engineering<\/div><a class=\"content-box-title\" href=\"https:\/\/www.capgemini.com\/co-es\/insights\/expert-perspectives\/todays-chip-shortage-understanding-the-perfect-storm-that-led-us-here\/\" aria-label=\"Today\u2019s chip shortage: Understanding the perfect storm that led us here\"><h3 class=\"expert-subtitle\">Today\u2019s chip shortage: Understanding the perfect storm that led us here<\/h3><\/a><div class=\"box-bottom\">\n\t\t   <div class=\"box-logo\"><img decoding=\"async\" class=\"light\" loading=\"lazy\" alt=\"Capgemini\" src=\"https:\/\/www.capgemini.com\/co-es\/wp-content\/themes\/capgemini2025\/assets\/images\/cg-logo-blue.svg\" \/><img decoding=\"async\" class=\"dark\" loading=\"lazy\" alt=\"Capgemini\" src=\"https:\/\/www.capgemini.com\/co-es\/wp-content\/themes\/capgemini2025\/assets\/images\/cg-logo-white.svg\" \/><\/div><div class=\"date-name-info\"><div class=\"author-text\">Capgemini<\/div><div class=\"date-text\">ene. 6, 2025<\/div><\/div><\/div><\/div><\/div><\/div><\/div><\/div><\/div><\/section>","protected":false},"excerpt":{"rendered":"","protected":false},"author":151,"featured_media":0,"parent":5720,"menu_order":0,"comment_status":"closed","ping_status":"closed","template":"","meta":{"cg_dt_proposed_to":[],"cg_seo_hreflang_relations":"[]","cg_seo_canonical_relation":"","cg_seo_hreflang_x_default_relation":"{\"uuid\":\"9fbb61ee-11fd-45b0-b435-4039610a4642\",\"blogId\":\"\",\"domain\":\"\",\"sitePath\":\"\",\"postLink\":\"\",\"postId\":null,\"isSaved\":true,\"isCrossLink\":false,\"hasCrossLink\":false}","cg_dt_approved_content":true,"cg_dt_mandatory_content":false,"cg_dt_notes":"","cg_dg_source_changed":true,"cg_dt_link_disabled":false,"_yoast_wpseo_primary_brand":"","footnotes":"","featured_focal_points":"","partner_card_description":"","gsap_animation":0},"brand":[],"partner_type":[],"service":[],"industry":[],"partners":[],"page-type":[167],"content-group":[],"class_list":["post-530714","page","type-page","status-publish","hentry","page-type-solutions"],"yoast_head":"<!-- This site is optimized with the Yoast SEO Premium plugin v22.8 (Yoast SEO v22.8) - https:\/\/yoast.com\/wordpress\/plugins\/seo\/ -->\n<title>Migraci\u00f3n de chips y procesos IP | Capgemini<\/title>\n<meta name=\"description\" content=\"La migraci\u00f3n de procesos es clave para prolongar la vida \u00fatil y optimizar el valor comercial de los dise\u00f1os de chips y la propiedad intelectual (PI) de semiconductores existentes.\" \/>\n<meta name=\"robots\" content=\"index, follow, max-snippet:-1, max-image-preview:large, max-video-preview:-1\" \/>\n<link rel=\"canonical\" href=\"https:\/\/www.capgemini.com\/co-es\/solutions\/migracion-de-chips-y-procesos-ip\/\" \/>\n<meta property=\"og:locale\" content=\"es_MX\" \/>\n<meta property=\"og:type\" content=\"article\" \/>\n<meta property=\"og:title\" content=\"Migraci\u00f3n de chips y procesos IP\" \/>\n<meta property=\"og:description\" content=\"La migraci\u00f3n de procesos es clave para prolongar la vida \u00fatil y optimizar el valor comercial de los dise\u00f1os de chips y la propiedad intelectual (PI) de semiconductores existentes.\" \/>\n<meta property=\"og:url\" content=\"https:\/\/www.capgemini.com\/co-es\/solutions\/migracion-de-chips-y-procesos-ip\/\" \/>\n<meta property=\"og:site_name\" content=\"Capgemini Colombia\" \/>\n<meta property=\"article:modified_time\" content=\"2026-01-09T06:51:16+00:00\" \/>\n<meta property=\"og:image\" content=\"https:\/\/www.capgemini.com\/wp-content\/uploads\/2022\/04\/Capgemini_Chip-and-IP-process-migration.jpg\" \/>\n<meta name=\"twitter:card\" content=\"summary_large_image\" \/>\n<meta name=\"twitter:label1\" content=\"Est. reading time\" \/>\n\t<meta name=\"twitter:data1\" content=\"2 minutes\" \/>\n<script type=\"application\/ld+json\" class=\"yoast-schema-graph\">{\"@context\":\"https:\/\/schema.org\",\"@graph\":[{\"@type\":\"WebPage\",\"@id\":\"https:\/\/www.capgemini.com\/co-es\/solutions\/migracion-de-chips-y-procesos-ip\/\",\"url\":\"https:\/\/www.capgemini.com\/co-es\/solutions\/migracion-de-chips-y-procesos-ip\/\",\"name\":\"Migraci\u00f3n de chips y procesos IP | Capgemini\",\"isPartOf\":{\"@id\":\"https:\/\/www.capgemini.com\/co-es\/#website\"},\"primaryImageOfPage\":{\"@id\":\"https:\/\/www.capgemini.com\/co-es\/solutions\/migracion-de-chips-y-procesos-ip\/#primaryimage\"},\"image\":{\"@id\":\"https:\/\/www.capgemini.com\/co-es\/solutions\/migracion-de-chips-y-procesos-ip\/#primaryimage\"},\"thumbnailUrl\":\"https:\/\/www.capgemini.com\/wp-content\/uploads\/2022\/04\/Capgemini_Chip-and-IP-process-migration.jpg\",\"datePublished\":\"2025-01-07T02:32:52+00:00\",\"dateModified\":\"2026-01-09T06:51:16+00:00\",\"description\":\"La migraci\u00f3n de procesos es clave para prolongar la vida \u00fatil y optimizar el valor comercial de los dise\u00f1os de chips y la propiedad intelectual (PI) de semiconductores existentes.\",\"breadcrumb\":{\"@id\":\"https:\/\/www.capgemini.com\/co-es\/solutions\/migracion-de-chips-y-procesos-ip\/#breadcrumb\"},\"inLanguage\":\"es-MX\",\"potentialAction\":[{\"@type\":\"ReadAction\",\"target\":[\"https:\/\/www.capgemini.com\/co-es\/solutions\/migracion-de-chips-y-procesos-ip\/\"]}]},{\"@type\":\"ImageObject\",\"inLanguage\":\"es-MX\",\"@id\":\"https:\/\/www.capgemini.com\/co-es\/solutions\/migracion-de-chips-y-procesos-ip\/#primaryimage\",\"url\":\"https:\/\/www.capgemini.com\/wp-content\/uploads\/2022\/04\/Capgemini_Chip-and-IP-process-migration.jpg\",\"contentUrl\":\"https:\/\/www.capgemini.com\/wp-content\/uploads\/2022\/04\/Capgemini_Chip-and-IP-process-migration.jpg\"},{\"@type\":\"BreadcrumbList\",\"@id\":\"https:\/\/www.capgemini.com\/co-es\/solutions\/migracion-de-chips-y-procesos-ip\/#breadcrumb\",\"itemListElement\":[{\"@type\":\"ListItem\",\"position\":1,\"name\":\"Home\",\"item\":\"https:\/\/www.capgemini.com\/co-es\/\"},{\"@type\":\"ListItem\",\"position\":2,\"name\":\"Solutions\",\"item\":\"https:\/\/www.capgemini.com\/co-es\/solutions\/\"},{\"@type\":\"ListItem\",\"position\":3,\"name\":\"Migraci\u00f3n de chips y procesos IP\"}]},{\"@type\":\"WebSite\",\"@id\":\"https:\/\/www.capgemini.com\/co-es\/#website\",\"url\":\"https:\/\/www.capgemini.com\/co-es\/\",\"name\":\"Capgemini Colombia\",\"description\":\"Capgemini\",\"potentialAction\":[{\"@type\":\"SearchAction\",\"target\":{\"@type\":\"EntryPoint\",\"urlTemplate\":\"https:\/\/www.capgemini.com\/co-es\/?s={search_term_string}\"},\"query-input\":\"required name=search_term_string\"}],\"inLanguage\":\"es-MX\"}]}<\/script>\n<!-- \/ Yoast SEO Premium plugin. -->","yoast_head_json":{"title":"Migraci\u00f3n de chips y procesos IP | Capgemini","description":"La migraci\u00f3n de procesos es clave para prolongar la vida \u00fatil y optimizar el valor comercial de los dise\u00f1os de chips y la propiedad intelectual (PI) de semiconductores existentes.","robots":{"index":"index","follow":"follow","max-snippet":"max-snippet:-1","max-image-preview":"max-image-preview:large","max-video-preview":"max-video-preview:-1"},"canonical":"https:\/\/www.capgemini.com\/co-es\/solutions\/migracion-de-chips-y-procesos-ip\/","og_locale":"es_MX","og_type":"article","og_title":"Migraci\u00f3n de chips y procesos IP","og_description":"La migraci\u00f3n de procesos es clave para prolongar la vida \u00fatil y optimizar el valor comercial de los dise\u00f1os de chips y la propiedad intelectual (PI) de semiconductores existentes.","og_url":"https:\/\/www.capgemini.com\/co-es\/solutions\/migracion-de-chips-y-procesos-ip\/","og_site_name":"Capgemini Colombia","article_modified_time":"2026-01-09T06:51:16+00:00","og_image":[{"url":"https:\/\/www.capgemini.com\/wp-content\/uploads\/2022\/04\/Capgemini_Chip-and-IP-process-migration.jpg"}],"twitter_card":"summary_large_image","twitter_misc":{"Est. reading time":"2 minutes"},"schema":{"@context":"https:\/\/schema.org","@graph":[{"@type":"WebPage","@id":"https:\/\/www.capgemini.com\/co-es\/solutions\/migracion-de-chips-y-procesos-ip\/","url":"https:\/\/www.capgemini.com\/co-es\/solutions\/migracion-de-chips-y-procesos-ip\/","name":"Migraci\u00f3n de chips y procesos IP | Capgemini","isPartOf":{"@id":"https:\/\/www.capgemini.com\/co-es\/#website"},"primaryImageOfPage":{"@id":"https:\/\/www.capgemini.com\/co-es\/solutions\/migracion-de-chips-y-procesos-ip\/#primaryimage"},"image":{"@id":"https:\/\/www.capgemini.com\/co-es\/solutions\/migracion-de-chips-y-procesos-ip\/#primaryimage"},"thumbnailUrl":"https:\/\/www.capgemini.com\/wp-content\/uploads\/2022\/04\/Capgemini_Chip-and-IP-process-migration.jpg","datePublished":"2025-01-07T02:32:52+00:00","dateModified":"2026-01-09T06:51:16+00:00","description":"La migraci\u00f3n de procesos es clave para prolongar la vida \u00fatil y optimizar el valor comercial de los dise\u00f1os de chips y la propiedad intelectual (PI) de semiconductores existentes.","breadcrumb":{"@id":"https:\/\/www.capgemini.com\/co-es\/solutions\/migracion-de-chips-y-procesos-ip\/#breadcrumb"},"inLanguage":"es-MX","potentialAction":[{"@type":"ReadAction","target":["https:\/\/www.capgemini.com\/co-es\/solutions\/migracion-de-chips-y-procesos-ip\/"]}]},{"@type":"ImageObject","inLanguage":"es-MX","@id":"https:\/\/www.capgemini.com\/co-es\/solutions\/migracion-de-chips-y-procesos-ip\/#primaryimage","url":"https:\/\/www.capgemini.com\/wp-content\/uploads\/2022\/04\/Capgemini_Chip-and-IP-process-migration.jpg","contentUrl":"https:\/\/www.capgemini.com\/wp-content\/uploads\/2022\/04\/Capgemini_Chip-and-IP-process-migration.jpg"},{"@type":"BreadcrumbList","@id":"https:\/\/www.capgemini.com\/co-es\/solutions\/migracion-de-chips-y-procesos-ip\/#breadcrumb","itemListElement":[{"@type":"ListItem","position":1,"name":"Home","item":"https:\/\/www.capgemini.com\/co-es\/"},{"@type":"ListItem","position":2,"name":"Solutions","item":"https:\/\/www.capgemini.com\/co-es\/solutions\/"},{"@type":"ListItem","position":3,"name":"Migraci\u00f3n de chips y procesos IP"}]},{"@type":"WebSite","@id":"https:\/\/www.capgemini.com\/co-es\/#website","url":"https:\/\/www.capgemini.com\/co-es\/","name":"Capgemini Colombia","description":"Capgemini","potentialAction":[{"@type":"SearchAction","target":{"@type":"EntryPoint","urlTemplate":"https:\/\/www.capgemini.com\/co-es\/?s={search_term_string}"},"query-input":"required name=search_term_string"}],"inLanguage":"es-MX"}]}},"brand_term":[],"parsely":{"version":"1.1.0","canonical_url":"https:\/\/capgemini.com\/co-es\/solutions\/migracion-de-chips-y-procesos-ip\/","smart_links":{"inbound":0,"outbound":0},"traffic_boost_suggestions_count":0,"meta":{"@context":"https:\/\/schema.org","@type":"WebPage","headline":"Migraci\u00f3n de chips y procesos IP","url":"https:\/\/www.capgemini.com\/co-es\/solutions\/migracion-de-chips-y-procesos-ip\/","mainEntityOfPage":{"@type":"WebPage","@id":"https:\/\/www.capgemini.com\/co-es\/solutions\/migracion-de-chips-y-procesos-ip\/"},"thumbnailUrl":"","image":{"@type":"ImageObject","url":""},"articleSection":"Uncategorized","author":[],"creator":[],"publisher":{"@type":"Organization","name":"Capgemini Colombia","logo":""},"keywords":[],"dateCreated":"2025-01-07T02:32:52Z","datePublished":"2025-01-07T02:32:52Z","dateModified":"2026-01-09T06:51:16Z"},"rendered":"<meta name=\"parsely-title\" content=\"Migraci\u00f3n de chips y procesos IP\" \/>\n<meta name=\"parsely-link\" content=\"https:\/\/www.capgemini.com\/co-es\/solutions\/migracion-de-chips-y-procesos-ip\/\" \/>\n<meta name=\"parsely-type\" content=\"index\" \/>\n<meta name=\"parsely-pub-date\" content=\"2025-01-07T02:32:52Z\" \/>\n<meta name=\"parsely-section\" content=\"Uncategorized\" \/>","tracker_url":"https:\/\/cdn.parsely.com\/keys\/capgemini.com\/p.js"},"archive_status":false,"featured_image_src":"https:\/\/www.capgemini.com\/co-es\/wp-content\/themes\/capgemini2025\/assets\/images\/mockup.png","featured_image_alt":false,"jetpack_sharing_enabled":true,"distributor_meta":false,"distributor_terms":false,"distributor_media":false,"distributor_original_site_name":"Capgemini Colombia","distributor_original_site_url":"https:\/\/www.capgemini.com\/co-es","push-errors":false,"_links":{"self":[{"href":"https:\/\/www.capgemini.com\/co-es\/wp-json\/wp\/v2\/pages\/530714","targetHints":{"allow":["GET"]}}],"collection":[{"href":"https:\/\/www.capgemini.com\/co-es\/wp-json\/wp\/v2\/pages"}],"about":[{"href":"https:\/\/www.capgemini.com\/co-es\/wp-json\/wp\/v2\/types\/page"}],"author":[{"embeddable":true,"href":"https:\/\/www.capgemini.com\/co-es\/wp-json\/wp\/v2\/users\/151"}],"replies":[{"embeddable":true,"href":"https:\/\/www.capgemini.com\/co-es\/wp-json\/wp\/v2\/comments?post=530714"}],"version-history":[{"count":4,"href":"https:\/\/www.capgemini.com\/co-es\/wp-json\/wp\/v2\/pages\/530714\/revisions"}],"predecessor-version":[{"id":546057,"href":"https:\/\/www.capgemini.com\/co-es\/wp-json\/wp\/v2\/pages\/530714\/revisions\/546057"}],"up":[{"embeddable":true,"href":"https:\/\/www.capgemini.com\/co-es\/wp-json\/wp\/v2\/pages\/5720"}],"wp:attachment":[{"href":"https:\/\/www.capgemini.com\/co-es\/wp-json\/wp\/v2\/media?parent=530714"}],"wp:term":[{"taxonomy":"brand","embeddable":true,"href":"https:\/\/www.capgemini.com\/co-es\/wp-json\/wp\/v2\/brand?post=530714"},{"taxonomy":"partner_type","embeddable":true,"href":"https:\/\/www.capgemini.com\/co-es\/wp-json\/wp\/v2\/partner_type?post=530714"},{"taxonomy":"service","embeddable":true,"href":"https:\/\/www.capgemini.com\/co-es\/wp-json\/wp\/v2\/service?post=530714"},{"taxonomy":"industry","embeddable":true,"href":"https:\/\/www.capgemini.com\/co-es\/wp-json\/wp\/v2\/industry?post=530714"},{"taxonomy":"partners","embeddable":true,"href":"https:\/\/www.capgemini.com\/co-es\/wp-json\/wp\/v2\/partners?post=530714"},{"taxonomy":"page-type","embeddable":true,"href":"https:\/\/www.capgemini.com\/co-es\/wp-json\/wp\/v2\/page-type?post=530714"},{"taxonomy":"content-group","embeddable":true,"href":"https:\/\/www.capgemini.com\/co-es\/wp-json\/wp\/v2\/content-group?post=530714"}],"curies":[{"name":"wp","href":"https:\/\/api.w.org\/{rel}","templated":true}]}}