{"id":530582,"date":"2024-12-24T03:40:34","date_gmt":"2024-12-24T03:40:34","guid":{"rendered":"https:\/\/www.capgemini.com\/co-es\/?page_id=530582&#038;preview_id=530582"},"modified":"2026-01-09T06:51:21","modified_gmt":"2026-01-09T06:51:21","slug":"soluciones-preparandose-para-6g-con-kcl","status":"publish","type":"page","link":"https:\/\/www.capgemini.com\/co-es\/solutions\/soluciones-preparandose-para-6g-con-kcl\/","title":{"rendered":"Prep\u00e1rese para la 6G con KCL"},"content":{"rendered":"\n<header class=\"wp-block-cg-blocks-hero-reusable is-style-blue-line header heroReusable  \"><div class=\"header-bgs\"><picture><source srcset=\"https:\/\/www.capgemini.com\/wp-content\/uploads\/2022\/07\/Next-Gen-BSS-Evolution.jpg?w=2880&amp;quality=70 1x, https:\/\/www.capgemini.com\/wp-content\/uploads\/2022\/07\/Next-Gen-BSS-Evolution.jpg?w=2880&amp;quality=70 2x\" media=\"(min-width: 1500px)\"\/><source srcset=\"https:\/\/www.capgemini.com\/wp-content\/uploads\/2022\/07\/Next-Gen-BSS-Evolution.jpg?w=1440&amp;quality=70 1x, https:\/\/www.capgemini.com\/wp-content\/uploads\/2022\/07\/Next-Gen-BSS-Evolution.jpg?w=2880&amp;quality=70 2x\" media=\"(min-width: 992px)\"\/><source srcset=\"https:\/\/www.capgemini.com\/wp-content\/uploads\/2022\/07\/Next-Gen-BSS-Evolution.jpg?w=1024&amp;quality=70 1x, https:\/\/www.capgemini.com\/wp-content\/uploads\/2022\/07\/Next-Gen-BSS-Evolution.jpg?w=1024&amp;quality=70 2x\" media=\"(min-width: 768px)\"\/><source srcset=\"https:\/\/www.capgemini.com\/wp-content\/uploads\/2022\/07\/Next-Gen-BSS-Evolution.jpg?w=768&amp;quality=70 1x, https:\/\/www.capgemini.com\/wp-content\/uploads\/2022\/07\/Next-Gen-BSS-Evolution.jpg?w=768&amp;quality=70 2x\" media=\"(min-width: 0)\"\/><img decoding=\"async\" src=\"https:\/\/www.capgemini.com\/wp-content\/uploads\/2022\/07\/Next-Gen-BSS-Evolution.jpg\" class=\"header-img header-img-d\" alt=\"\" style=\"object-fit:cover;object-position:50% 50%\" loading=\"eager\"\/><\/picture><\/div><div class=\"heroPictureCardHeaderShape\"><\/div><div class=\"container\"><div class=\"row\"><div class=\"col-md-12\"><div class=\"box\"><div class=\"boxTagWrapper\"><div class=\"tagInfo\"><div><span class=\"box-tag\">Innovation<\/span><\/div><\/div><div class=\"brandInfo\"><div class=\"brandLogo\"><img decoding=\"async\" loading=\"lazy\" src=\"\/wp-content\/themes\/capgemini2020\/assets\/images\/capgemini-engineering.svg\" alt=\"capgemini-engineering\"\/><\/div><\/div><\/div><div class=\"box-title\"><h1 data-maxlength=\"34\">Prep\u00e1rese para la 6G con el King&#8217;s College de Londres<\/h1><\/div><h2 class=\"reasearchInsightTitle\">\u00bfC\u00f3mo dise\u00f1amos el futuro que queremos?<\/h2><div class=\"inner-row-insight download-btn\"><\/div><\/div><\/div><\/div><\/div><\/header>\n\n\n\n<section class=\"wp-block-cg-blocks-group undefined section section--article-content\"><div class=\"article-main-content\"><div class=\"container\"><div class=\"row\"><div class=\"col-12 col-md-11 col-lg-10 offset-md-1 offset-lg-1\"><div class=\"article-text article-quote-text\">\n<p>La agenda de investigaci\u00f3n y desarrollo de Capgemini Engineering incluye una cartera de temas de redes. En este conjunto, los objetivos son escalar los enfoques a niveles del mundo real, utilizar las tecnolog\u00edas disponibles actualmente para crear nuevas soluciones y desarrollar soluciones totalmente nuevas para hacer frente a los retos previstos.<\/p>\n\n\n\n<p><strong>Las \u00e1reas de inter\u00e9s de esta cartera de Investigaci\u00f3n e Innovaci\u00f3n sobre el \u00abFuturo de las Redes\u00bb son:<\/strong><\/p>\n\n\n\n<ul class=\"wp-block-list\">\n<li>Inteligencia artificial (IA) nativa inal\u00e1mbrica, en la que la inteligencia se integra en los productos de telecomunicaciones<\/li>\n\n\n\n<li>GreenNet, cuyo objetivo es que las redes sean m\u00e1s eficientes energ\u00e9ticamente y sostenibles<\/li>\n\n\n\n<li>Comunicaci\u00f3n cu\u00e1ntica<\/li>\n\n\n\n<li>Redes avanzadas para industrias, cuyo objetivo es resolver problemas clave para la adopci\u00f3n industrial de nuevas tecnolog\u00edas de redes como 5G, comunicaci\u00f3n por sat\u00e9lite\u2026<\/li>\n\n\n\n<li>Network-as-a-service, un \u00e1rea de investigaci\u00f3n que se centra en convertir la red en una plataforma para que las empresas puedan consumir servicios de red diferenciados, como calidad de servicio y redes aut\u00f3nomas autorreparadoras.<\/li>\n\n\n\n<li>NextNet, que mira hacia el futuro de las redes, como la 6G.<\/li>\n<\/ul>\n\n\n\n<p>La \u00faltima de estas iniciativas forma parte del Programa de Asociaciones Universitarias de la empresa. Capgemini Engineering colabora con el King&#8217;s College de Londres (KCL) en un proyecto para resolver algunas de las complejas cuestiones t\u00e9cnicas inherentes a la implantaci\u00f3n con \u00e9xito de la 6G en el futuro.<\/p>\n\n\n\n<h2 class=\"wp-block-heading\" id=\"h-nuevas-oportunidades-y-nuevos-retos\"><strong>Nuevas oportunidades y nuevos retos<\/strong><\/h2>\n\n\n\n<p>Cada generaci\u00f3n sucesiva de redes ha aumentado la velocidad y el ancho de banda y ha reducido la latencia. El estado actual de la t\u00e9cnica, la quinta generaci\u00f3n (5G), es m\u00e1s r\u00e1pida que su predecesora de forma imperceptible para las personas, pero la 6G ser\u00e1 a\u00fan m\u00e1s r\u00e1pida, y sus posibilidades se extienden mucho m\u00e1s all\u00e1 de la actividad de los consumidores.<\/p>\n\n\n\n<p>En el mundo industrial, el 6G permitir\u00e1 la proliferaci\u00f3n de la conectividad entre m\u00e1quinas a demanda y con energ\u00eda cero: todo podr\u00eda estar en l\u00ednea. Enjambres de dispositivos aut\u00f3nomos podr\u00edan colaborar en tareas que ser\u00edan dif\u00edciles o costosas de realizar de otro modo. La fabricaci\u00f3n podr\u00eda alcanzar nuevos niveles de flexibilidad porque los equipos del taller ya no tendr\u00edan que estar sujetos a las limitaciones de la l\u00ednea de producci\u00f3n.<\/p>\n\n\n\n<p>Pero espere. Ahora mismo, en el mundo industrial, los talleres est\u00e1n cableados. Los equipos est\u00e1n conectados en malla de igual a igual y la latencia es baja. Replicar esto de forma inal\u00e1mbrica en 6G significar\u00e1 establecer conectividad de malla entre nodos de red de acceso de radio (RAN) sin n\u00facleo. De hecho, cualquier implantaci\u00f3n de la 6G necesitar\u00e1 redes m\u00e1s flexibles, aut\u00f3nomas e inteligentes. Tendr\u00e1 que soportar redes heterog\u00e9neas, como las comunicaciones por sat\u00e9lite o no terrestres.<\/p>\n\n\n\n<p>El proyecto King&#8217;s est\u00e1 dirigido por el <strong>profesor Toktam Mahmoodi, Director del Centro de Investigaci\u00f3n de Telecomunicaciones del Departamento de Ingenier\u00eda<\/strong>, que trabaja con <strong>Shamik Mishra, Director de Tecnolog\u00eda para Conectividad de Capgemini Engineering<\/strong>, y <strong>Subhankar Pal, Director Global de Software e Innovaci\u00f3n Digital para Redes Inteligentes de Capgemini Engineering<\/strong>. Juntos, ellos y sus equipos est\u00e1n definiendo las nuevas arquitecturas de red que responder\u00e1n a las necesidades de futuros sistemas de comunicaci\u00f3n como el 6G. Est\u00e1n estudiando c\u00f3mo conseguir una RAN sin n\u00facleo y una conectividad en malla y, lo que es m\u00e1s importante, est\u00e1n tratando de lograr un marco viable que sea adecuado para los casos de uso industrial, que sea eficiente energ\u00e9ticamente y de bajo coste, pero que no comprometa el rendimiento.<\/p>\n\n\n\n<p>Ya se han hecho progresos y se <a href=\"https:\/\/www.itu.int\/dms_pub\/itu-s\/opb\/jnl\/S-JNL-VOL3.ISSUE3-2022-A47-PDF-E.pdf\" target=\"_blank\" rel=\"noreferrer noopener\">han publicado dos art\u00edculos<\/a>. En ellos, el equipo presenta varias opciones arquitect\u00f3nicas para una topolog\u00eda de red mallada que podr\u00eda ser crucial para varias aplicaciones. En el primer art\u00edculo se analizan varias opciones de conectividad en malla para redes de radio celulares. El equipo conjunto tambi\u00e9n evalu\u00f3 el rendimiento de esas opciones arquitect\u00f3nicas en una simulaci\u00f3n de red y los resultados se publican en el segundo art\u00edculo. Al mismo tiempo, el planteamiento se est\u00e1 compartiendo con otras universidades, organismos industriales y grandes empresas tecnol\u00f3gicas en un intento de ampliar la colaboraci\u00f3n por el bien com\u00fan.<\/p>\n\n\n\n<p>Hay otros retos relacionados. El software relacionado con las comunicaciones inal\u00e1mbricas tambi\u00e9n tendr\u00e1 que cambiar, y los equipos de ingenier\u00eda de Capgemini en todo el mundo se est\u00e1n ocupando de ello. El Laboratorio 6G de Capgemini, puesto en marcha recientemente, se centrar\u00e1 en resolver estos retos. La empresa organiz\u00f3 recientemente un taller sobre 6G al que asistieron representantes del mundo acad\u00e9mico y de la industria para debatir sus actuales \u00e1reas de investigaci\u00f3n.<\/p>\n\n\n\n<p>Es bueno mirar hacia el futuro: Puede que la 6G a\u00fan no est\u00e9 aqu\u00ed, pero es importante planificar y resolver los problemas antes de que surjan, y eso es lo que pretenden hacer el King&#8217;s College de Londres y Capgemini Engineering.<\/p>\n<\/div><\/div><\/div><\/div><\/div><\/section>\n\n\n\t<section class=\"wp-block-cg-blocks-wrapper-learning-slider section learning-slider\">\n\t\t<div class=\"container\">\n\t\t\t<div class=\"learning-header\">\n\t\t\t\t\n\t\t\t\t\t\t\t<\/div>\n\t\t<\/div>\n\n\t<div class=\"slider slider-fader\">\n\t\t\t\t<div class=\"slider-list\">\n\t\t\t\t\t\t\t\t\t\t\t\t\t\t\t\t\t\t\t\t<div class=\"slide active card-learning-slide right-card long-copy\" data-align-right=\"false\" data-long-copy=\"true\">\n\t\t\t\t\t\t\t\t<div>\n\t\t\t\t\t\t\t\t\t<div class=\"slide-bg-wrapper\">\n\n                                        \n\t\t\t\t\t\t\t\t\t\t\t\t\t\t\t\t\t\t\t\t\t\n                                            \n                                            \n                                            \n                                            <img decoding=\"async\" loading=\"lazy\" class=\"slide-bg d-md-block\" src=\"https:\/\/www.capgemini.com\/wp-content\/uploads\/2023\/06\/Hero-Banner-RI.jpeg\" alt=\"\" style=\"object-position: 50% 50%;object-fit: cover\" \/>\n                                        \n\n                  \t<\/div>\n\t\t\t\t\t\t\t\t\t<div class=\"slide-reveal\"><\/div>\n\n\t\t\t\t\t\t\t\t\t\t<div class=\"container slide-info-wrapper card-learning-slider\">\n\t\t\t\t\t\t\t\t\t\t\t<div class=\"row\">\n\t\t\t\t\t\t\t\t\t\t\t\t\t\t\t\t\t\t\t\t\t\t\t\t\t\t\t\t\t<div class=\"col-12 col-lg-10 col-xl-8 col-xxl-8 right-card\">\n\t\t\t\t\t\t\t\t\t\t\t\t<div class=\"slide-info long-copy\">\n\t\t\t\t\t\t\t\t\t\t\t\t\t<div class=\"box\">\n\t\t\t\t\t\t\t\t\t\t\t\t\t\t\t\t\t\t\t\t\t\t\t\t\t\t\t\t\t\t\t\t\t\t\t\t\t\t\t\t\t\t\t\t\t\t\t\t\t\t\t\t\t\t\t\t\t\t\t\t\t\t<a class=\"title-link\" href=\"\/co-es\/solutions\/investigacion-e-innovacion\/\" target=\"_blank\" rel=\"noopener noreferrer\">\n\t\t\t\t\t\t\t\t\t\t\t\t\t\t\t\t\t\t\t\t\t<h3 class=\"title-text\" data-maxlength=\"126\">Investigaci\u00f3n e innovaci\u00f3n<\/h3>\n\t\t\t\t\t\t\t\t\t\t\t\t\t\t\t\t\t\t\t\t\t<\/a>\n\t\t\t\t\t\t\t\t\t\t\t\t\t\t\t\t\t\t\t\t\t\t\t\t\t\t\t\t\t\t\t\t\t\t\t\t\t\t\t\t\t\t\t\t\t\t\t\t\t\t\t\t\t\t\t\t\t\t\t\t\t\t\t\t\t\t\t\t\t\t\t\t\t\t\t\t\t\t\t\t\t\t\t\t<p data-maxlength=\"448\">\n\t\t\t\t\t\t\t\t\t\t\t\t\t\t\t\t\t\t\t\t\tNuestros programas de investigaci\u00f3n e innovaci\u00f3n son aceleradores empresariales que ayudan a los clientes con I+D de alta intensidad a revelar el valor de tecnolog\u00edas incrementales y disruptivas mediante compromisos pioneros construidos en torno a activos reconocibles. Los clientes llegan m\u00e1s lejos, m\u00e1s r\u00e1pido y a lugares a los que no llegar\u00edan necesariamente solos.\t\t\t\t\t\t\t\t\t\t\t\t\t\t\t\t\t\t\t\t\t<\/p>\n\t\t\t\t\t\t\t\t\t\t\t\t\t\t\t\t\t\t\t\t\t\t\t\t\t\t\t\t\t\t\t\t\t\t<\/div>\n\t\t\t\t\t\t\t\t\t\t\t\t\t\t\t\t\t\t\t<div class=\"box-bottom\">\n\t\t\t\t\t\t\t\t\t\t\t\t\t\t\t\t\t\t\t\t<div class=\"col-12 col-md-6\">\n\t\t\t\t\t\t\t\t\t\t\t\t\t\t\t\t\t\t\t\t\t<div class=\"slide-info-footer\">\n\t\t\t\t\t\t\t\t\t\t\t\t\t\t\t<div class=\"brand-logo-wrapper\">\n\t\t\t\t\t\t\t\t\t\t\t\t\t\t\t\t\t\t\t\t\t\t\t\t\t\t\t\t\t\t\t\t\t\t\t\t\t\t\t\t<\/div>\n\t\t\t\t\t\t\t\t\t\t\t\t\t\t<\/div>\n\t\t\t\t\t\t\t\t\t\t\t\t\t\t\t\t\t\t\t\t<\/div>\n\t\t\t\t\t\t\t\t\t\t\t\t\t\t\t\t\t\t\t\t<div class=\"col-12 col-md-6\">\n\t\t\t\t\t\t\t\t\t\t\t\t\t\t\t\t\t\t\t\t\t\t\t\t\t\t\t\t\t\t\t\t\t\t\t\t\t\t\t\t\t\t<div class=\"btnDiv\">\t<a class=\"more2\" aria-label=\"Conozca m\u00e1s sobre Investigaci\u00f3n e innovaci\u00f3n\" href=\"\/co-es\/solutions\/investigacion-e-innovacion\/\" target=\"_blank\">\n\t\t\t\t\t\t\t\t\t\t\t\t\t\t\t\t\t\t\t\t\t\tConozca m\u00e1s\t\t\t\t\t\t\t\t\t\t\t\t\t\t\t\t\t\t\t\t\t<\/a>\n\t\t\t\t\t\t\t\t\t\t\t\t\t\t\t\t\t\t\t\t<\/div>\n\t\t\t\t\t\t\t\t\t\t\t\t\t\t\t\t\t\t\t\t\t\t\t\t\t\t\t\t\t\t\t\t\t\t\t\t\t\t\t<\/div>\n\t\t\t\t\t\t\t\t\t\t\t\t\t\t\t\t\t\t\t<\/div>\n\t\t\t\t\t\t\t\t\t\t\t\t<\/div>\n\t\t\t\t\t\t\t\t\t\t\t\t<\/div>\n\n\t\t\t\t\t\t\t\t\t\t\t<\/div>\n\t\t\t\t\t         \t\t\t<\/div>\n\n\n\t\t\t\t\t\t\t\t<\/div>\n\n\t\t\t\t\t\t\t<\/div>\n\n\t\t\t\t\t\t\t\t\t\t\t\t<\/div>\n\t\t\t\t\t<div class=\"slider-nav-wrapper container\">\n\t\t\t\t\t\t\t\t\t\t<div class=\"row\">\n\t\t\t\t\t\t\t\t\t\t\t<div class=\"slider-nav-content col-12 col-lg-10 col-xl-6 col-xxl-6\" data-nav-content>\n\t\t\t\t\t\t\t\t\t\t\t\t<div class=\"slide-nav-container\">\n                                                                                                            <\/div>\n\t\t\t\t\t\t\t\t\t\t\t<\/div>\n\t\t\t\t\t\t\t\t\t\t<\/div>\n\t\t\t\t\t\t\t\t\t<\/div>\n\t\t\t\t<\/div>\n\t<\/section>\n\n\t","protected":false},"excerpt":{"rendered":"<p>6G may not be here yet, but it\u2019s important to plan and to resolve issues before they arise \u2013 and that\u2019s what King\u2019s College London and Capgemini Engineering aim to do.<\/p>\n","protected":false},"author":71,"featured_media":530583,"parent":5720,"menu_order":0,"comment_status":"closed","ping_status":"closed","template":"","meta":{"cg_dt_proposed_to":[],"cg_seo_hreflang_relations":"[]","cg_seo_canonical_relation":"{\"uuid\":\"6ef7436a-c2d6-4d67-bc9f-5304310e13ae\",\"blogId\":\"\",\"domain\":\"\",\"sitePath\":\"\",\"postLink\":\"\",\"postId\":null,\"isSaved\":true,\"isCrossLink\":false,\"hasCrossLink\":false}","cg_seo_hreflang_x_default_relation":"{\"uuid\":\"c62f453a-8e07-4249-9ee1-b0c2d3b3e9ee\",\"blogId\":\"\",\"domain\":\"\",\"sitePath\":\"\",\"postLink\":\"\",\"postId\":null,\"isSaved\":true,\"isCrossLink\":false,\"hasCrossLink\":false}","cg_dt_approved_content":true,"cg_dt_mandatory_content":false,"cg_dt_notes":"","cg_dg_source_changed":true,"cg_dt_link_disabled":false,"_yoast_wpseo_primary_brand":"81","footnotes":"","featured_focal_points":"","partner_card_description":"","gsap_animation":0},"brand":[81],"partner_type":[],"service":[],"industry":[],"partners":[],"page-type":[],"content-group":[],"class_list":["post-530582","page","type-page","status-publish","has-post-thumbnail","hentry","brand-capgemini-engineering"],"yoast_head":"<!-- This site is optimized with the Yoast SEO Premium plugin v22.8 (Yoast SEO v22.8) - https:\/\/yoast.com\/wordpress\/plugins\/seo\/ -->\n<title>Soluciones prepar\u00e1ndose para 6g con KCL<\/title>\n<meta name=\"robots\" content=\"index, follow, max-snippet:-1, max-image-preview:large, max-video-preview:-1\" \/>\n<link rel=\"canonical\" href=\"https:\/\/www.capgemini.com\/co-es\/solutions\/soluciones-preparandose-para-6g-con-kcl\/\" \/>\n<meta property=\"og:locale\" content=\"es_MX\" \/>\n<meta property=\"og:type\" content=\"article\" \/>\n<meta property=\"og:title\" content=\"Prep\u00e1rese para la 6G con KCL\" \/>\n<meta property=\"og:description\" content=\"6G may not be here yet, but it\u2019s important to plan and to resolve issues before they arise \u2013 and that\u2019s what King\u2019s College London and Capgemini Engineering aim to do.\" \/>\n<meta property=\"og:url\" content=\"https:\/\/www.capgemini.com\/co-es\/solutions\/soluciones-preparandose-para-6g-con-kcl\/\" \/>\n<meta property=\"og:site_name\" content=\"Capgemini Colombia\" \/>\n<meta property=\"article:modified_time\" content=\"2026-01-09T06:51:21+00:00\" \/>\n<meta property=\"og:image\" content=\"https:\/\/www.capgemini.com\/co-es\/wp-content\/uploads\/sites\/25\/2024\/12\/KCL_Webpreview.jpg\" \/>\n\t<meta property=\"og:image:width\" content=\"1280\" \/>\n\t<meta property=\"og:image:height\" content=\"720\" \/>\n\t<meta property=\"og:image:type\" content=\"image\/jpeg\" \/>\n<meta name=\"twitter:card\" content=\"summary_large_image\" \/>\n<meta name=\"twitter:label1\" content=\"Est. reading time\" \/>\n\t<meta name=\"twitter:data1\" content=\"5 minutes\" \/>\n<script type=\"application\/ld+json\" class=\"yoast-schema-graph\">{\"@context\":\"https:\/\/schema.org\",\"@graph\":[{\"@type\":\"WebPage\",\"@id\":\"https:\/\/www.capgemini.com\/co-es\/solutions\/soluciones-preparandose-para-6g-con-kcl\/\",\"url\":\"https:\/\/www.capgemini.com\/co-es\/solutions\/soluciones-preparandose-para-6g-con-kcl\/\",\"name\":\"Soluciones prepar\u00e1ndose para 6g con KCL\",\"isPartOf\":{\"@id\":\"https:\/\/www.capgemini.com\/co-es\/#website\"},\"primaryImageOfPage\":{\"@id\":\"https:\/\/www.capgemini.com\/co-es\/solutions\/soluciones-preparandose-para-6g-con-kcl\/#primaryimage\"},\"image\":{\"@id\":\"https:\/\/www.capgemini.com\/co-es\/solutions\/soluciones-preparandose-para-6g-con-kcl\/#primaryimage\"},\"thumbnailUrl\":\"https:\/\/www.capgemini.com\/co-es\/wp-content\/uploads\/sites\/25\/2024\/12\/KCL_Webpreview.jpg\",\"datePublished\":\"2024-12-24T03:40:34+00:00\",\"dateModified\":\"2026-01-09T06:51:21+00:00\",\"breadcrumb\":{\"@id\":\"https:\/\/www.capgemini.com\/co-es\/solutions\/soluciones-preparandose-para-6g-con-kcl\/#breadcrumb\"},\"inLanguage\":\"es-MX\",\"potentialAction\":[{\"@type\":\"ReadAction\",\"target\":[\"https:\/\/www.capgemini.com\/co-es\/solutions\/soluciones-preparandose-para-6g-con-kcl\/\"]}]},{\"@type\":\"ImageObject\",\"inLanguage\":\"es-MX\",\"@id\":\"https:\/\/www.capgemini.com\/co-es\/solutions\/soluciones-preparandose-para-6g-con-kcl\/#primaryimage\",\"url\":\"https:\/\/www.capgemini.com\/co-es\/wp-content\/uploads\/sites\/25\/2024\/12\/KCL_Webpreview.jpg\",\"contentUrl\":\"https:\/\/www.capgemini.com\/co-es\/wp-content\/uploads\/sites\/25\/2024\/12\/KCL_Webpreview.jpg\",\"width\":1280,\"height\":720},{\"@type\":\"BreadcrumbList\",\"@id\":\"https:\/\/www.capgemini.com\/co-es\/solutions\/soluciones-preparandose-para-6g-con-kcl\/#breadcrumb\",\"itemListElement\":[{\"@type\":\"ListItem\",\"position\":1,\"name\":\"Home\",\"item\":\"https:\/\/www.capgemini.com\/co-es\/\"},{\"@type\":\"ListItem\",\"position\":2,\"name\":\"Solutions\",\"item\":\"https:\/\/www.capgemini.com\/co-es\/solutions\/\"},{\"@type\":\"ListItem\",\"position\":3,\"name\":\"Prep\u00e1rese para la 6G con KCL\"}]},{\"@type\":\"WebSite\",\"@id\":\"https:\/\/www.capgemini.com\/co-es\/#website\",\"url\":\"https:\/\/www.capgemini.com\/co-es\/\",\"name\":\"Capgemini Colombia\",\"description\":\"Capgemini\",\"potentialAction\":[{\"@type\":\"SearchAction\",\"target\":{\"@type\":\"EntryPoint\",\"urlTemplate\":\"https:\/\/www.capgemini.com\/co-es\/?s={search_term_string}\"},\"query-input\":\"required name=search_term_string\"}],\"inLanguage\":\"es-MX\"}]}<\/script>\n<!-- \/ Yoast SEO Premium plugin. -->","yoast_head_json":{"title":"Soluciones prepar\u00e1ndose para 6g con KCL","robots":{"index":"index","follow":"follow","max-snippet":"max-snippet:-1","max-image-preview":"max-image-preview:large","max-video-preview":"max-video-preview:-1"},"canonical":"https:\/\/www.capgemini.com\/co-es\/solutions\/soluciones-preparandose-para-6g-con-kcl\/","og_locale":"es_MX","og_type":"article","og_title":"Prep\u00e1rese para la 6G con KCL","og_description":"6G may not be here yet, but it\u2019s important to plan and to resolve issues before they arise \u2013 and that\u2019s what King\u2019s College London and Capgemini Engineering aim to do.","og_url":"https:\/\/www.capgemini.com\/co-es\/solutions\/soluciones-preparandose-para-6g-con-kcl\/","og_site_name":"Capgemini Colombia","article_modified_time":"2026-01-09T06:51:21+00:00","og_image":[{"width":1280,"height":720,"url":"https:\/\/www.capgemini.com\/co-es\/wp-content\/uploads\/sites\/25\/2024\/12\/KCL_Webpreview.jpg","type":"image\/jpeg"}],"twitter_card":"summary_large_image","twitter_misc":{"Est. reading time":"5 minutes"},"schema":{"@context":"https:\/\/schema.org","@graph":[{"@type":"WebPage","@id":"https:\/\/www.capgemini.com\/co-es\/solutions\/soluciones-preparandose-para-6g-con-kcl\/","url":"https:\/\/www.capgemini.com\/co-es\/solutions\/soluciones-preparandose-para-6g-con-kcl\/","name":"Soluciones prepar\u00e1ndose para 6g con KCL","isPartOf":{"@id":"https:\/\/www.capgemini.com\/co-es\/#website"},"primaryImageOfPage":{"@id":"https:\/\/www.capgemini.com\/co-es\/solutions\/soluciones-preparandose-para-6g-con-kcl\/#primaryimage"},"image":{"@id":"https:\/\/www.capgemini.com\/co-es\/solutions\/soluciones-preparandose-para-6g-con-kcl\/#primaryimage"},"thumbnailUrl":"https:\/\/www.capgemini.com\/co-es\/wp-content\/uploads\/sites\/25\/2024\/12\/KCL_Webpreview.jpg","datePublished":"2024-12-24T03:40:34+00:00","dateModified":"2026-01-09T06:51:21+00:00","breadcrumb":{"@id":"https:\/\/www.capgemini.com\/co-es\/solutions\/soluciones-preparandose-para-6g-con-kcl\/#breadcrumb"},"inLanguage":"es-MX","potentialAction":[{"@type":"ReadAction","target":["https:\/\/www.capgemini.com\/co-es\/solutions\/soluciones-preparandose-para-6g-con-kcl\/"]}]},{"@type":"ImageObject","inLanguage":"es-MX","@id":"https:\/\/www.capgemini.com\/co-es\/solutions\/soluciones-preparandose-para-6g-con-kcl\/#primaryimage","url":"https:\/\/www.capgemini.com\/co-es\/wp-content\/uploads\/sites\/25\/2024\/12\/KCL_Webpreview.jpg","contentUrl":"https:\/\/www.capgemini.com\/co-es\/wp-content\/uploads\/sites\/25\/2024\/12\/KCL_Webpreview.jpg","width":1280,"height":720},{"@type":"BreadcrumbList","@id":"https:\/\/www.capgemini.com\/co-es\/solutions\/soluciones-preparandose-para-6g-con-kcl\/#breadcrumb","itemListElement":[{"@type":"ListItem","position":1,"name":"Home","item":"https:\/\/www.capgemini.com\/co-es\/"},{"@type":"ListItem","position":2,"name":"Solutions","item":"https:\/\/www.capgemini.com\/co-es\/solutions\/"},{"@type":"ListItem","position":3,"name":"Prep\u00e1rese para la 6G con KCL"}]},{"@type":"WebSite","@id":"https:\/\/www.capgemini.com\/co-es\/#website","url":"https:\/\/www.capgemini.com\/co-es\/","name":"Capgemini Colombia","description":"Capgemini","potentialAction":[{"@type":"SearchAction","target":{"@type":"EntryPoint","urlTemplate":"https:\/\/www.capgemini.com\/co-es\/?s={search_term_string}"},"query-input":"required name=search_term_string"}],"inLanguage":"es-MX"}]}},"brand_term":[{"id":81,"slug":"capgemini-engineering"}],"parsely":{"version":"1.1.0","canonical_url":"https:\/\/capgemini.com\/co-es\/solutions\/soluciones-preparandose-para-6g-con-kcl\/","smart_links":{"inbound":0,"outbound":0},"traffic_boost_suggestions_count":0,"meta":{"@context":"https:\/\/schema.org","@type":"WebPage","headline":"Prep\u00e1rese para la 6G con KCL","url":"https:\/\/www.capgemini.com\/co-es\/solutions\/soluciones-preparandose-para-6g-con-kcl\/","mainEntityOfPage":{"@type":"WebPage","@id":"https:\/\/www.capgemini.com\/co-es\/solutions\/soluciones-preparandose-para-6g-con-kcl\/"},"thumbnailUrl":"https:\/\/www.capgemini.com\/co-es\/wp-content\/uploads\/sites\/25\/2024\/12\/KCL_Webpreview.jpg?w=150&h=150&crop=1","image":{"@type":"ImageObject","url":"https:\/\/www.capgemini.com\/co-es\/wp-content\/uploads\/sites\/25\/2024\/12\/KCL_Webpreview.jpg"},"articleSection":"Uncategorized","author":[],"creator":[],"publisher":{"@type":"Organization","name":"Capgemini Colombia","logo":""},"keywords":[],"dateCreated":"2024-12-24T03:40:34Z","datePublished":"2024-12-24T03:40:34Z","dateModified":"2026-01-09T06:51:21Z"},"rendered":"<meta name=\"parsely-title\" content=\"Prep\u00e1rese para la 6G con KCL\" \/>\n<meta name=\"parsely-link\" content=\"https:\/\/www.capgemini.com\/co-es\/solutions\/soluciones-preparandose-para-6g-con-kcl\/\" \/>\n<meta name=\"parsely-type\" content=\"index\" \/>\n<meta name=\"parsely-image-url\" content=\"https:\/\/www.capgemini.com\/co-es\/wp-content\/uploads\/sites\/25\/2024\/12\/KCL_Webpreview.jpg?w=150&amp;h=150&amp;crop=1\" \/>\n<meta name=\"parsely-pub-date\" content=\"2024-12-24T03:40:34Z\" \/>\n<meta name=\"parsely-section\" content=\"Uncategorized\" \/>","tracker_url":"https:\/\/cdn.parsely.com\/keys\/capgemini.com\/p.js"},"archive_status":false,"featured_image_src":"https:\/\/www.capgemini.com\/co-es\/wp-content\/uploads\/sites\/25\/2024\/12\/KCL_Webpreview.jpg","featured_image_alt":"","jetpack_sharing_enabled":true,"distributor_meta":false,"distributor_terms":false,"distributor_media":false,"distributor_original_site_name":"Capgemini Colombia","distributor_original_site_url":"https:\/\/www.capgemini.com\/co-es","push-errors":false,"_links":{"self":[{"href":"https:\/\/www.capgemini.com\/co-es\/wp-json\/wp\/v2\/pages\/530582","targetHints":{"allow":["GET"]}}],"collection":[{"href":"https:\/\/www.capgemini.com\/co-es\/wp-json\/wp\/v2\/pages"}],"about":[{"href":"https:\/\/www.capgemini.com\/co-es\/wp-json\/wp\/v2\/types\/page"}],"author":[{"embeddable":true,"href":"https:\/\/www.capgemini.com\/co-es\/wp-json\/wp\/v2\/users\/71"}],"replies":[{"embeddable":true,"href":"https:\/\/www.capgemini.com\/co-es\/wp-json\/wp\/v2\/comments?post=530582"}],"version-history":[{"count":1,"href":"https:\/\/www.capgemini.com\/co-es\/wp-json\/wp\/v2\/pages\/530582\/revisions"}],"predecessor-version":[{"id":530584,"href":"https:\/\/www.capgemini.com\/co-es\/wp-json\/wp\/v2\/pages\/530582\/revisions\/530584"}],"up":[{"embeddable":true,"href":"https:\/\/www.capgemini.com\/co-es\/wp-json\/wp\/v2\/pages\/5720"}],"wp:featuredmedia":[{"embeddable":true,"href":"https:\/\/www.capgemini.com\/co-es\/wp-json\/wp\/v2\/media\/530583"}],"wp:attachment":[{"href":"https:\/\/www.capgemini.com\/co-es\/wp-json\/wp\/v2\/media?parent=530582"}],"wp:term":[{"taxonomy":"brand","embeddable":true,"href":"https:\/\/www.capgemini.com\/co-es\/wp-json\/wp\/v2\/brand?post=530582"},{"taxonomy":"partner_type","embeddable":true,"href":"https:\/\/www.capgemini.com\/co-es\/wp-json\/wp\/v2\/partner_type?post=530582"},{"taxonomy":"service","embeddable":true,"href":"https:\/\/www.capgemini.com\/co-es\/wp-json\/wp\/v2\/service?post=530582"},{"taxonomy":"industry","embeddable":true,"href":"https:\/\/www.capgemini.com\/co-es\/wp-json\/wp\/v2\/industry?post=530582"},{"taxonomy":"partners","embeddable":true,"href":"https:\/\/www.capgemini.com\/co-es\/wp-json\/wp\/v2\/partners?post=530582"},{"taxonomy":"page-type","embeddable":true,"href":"https:\/\/www.capgemini.com\/co-es\/wp-json\/wp\/v2\/page-type?post=530582"},{"taxonomy":"content-group","embeddable":true,"href":"https:\/\/www.capgemini.com\/co-es\/wp-json\/wp\/v2\/content-group?post=530582"}],"curies":[{"name":"wp","href":"https:\/\/api.w.org\/{rel}","templated":true}]}}