{"id":524143,"date":"2024-08-21T07:03:44","date_gmt":"2024-08-21T07:03:44","guid":{"rendered":"https:\/\/www.capgemini.com\/co-es\/?page_id=524143&#038;preview_id=524143"},"modified":"2026-01-12T21:24:02","modified_gmt":"2026-01-12T21:24:02","slug":"ingenieria-de-fiabilidad-de-admnext","status":"publish","type":"page","link":"https:\/\/www.capgemini.com\/co-es\/solutions\/ingenieria-de-fiabilidad-de-admnext\/","title":{"rendered":"Ingenier\u00eda de fiabilidad de ADMnext"},"content":{"rendered":"\n<header class=\"wp-block-cg-blocks-hero-reusable header heroReusable  \"><div class=\"header-bgs\"><picture><source srcset=\"https:\/\/www.capgemini.com\/wp-content\/uploads\/2024\/05\/SRE-web-banner.jpg?w=2880&amp;quality=70 1x, https:\/\/www.capgemini.com\/wp-content\/uploads\/2024\/05\/SRE-web-banner.jpg?w=2880&amp;quality=70 2x\" media=\"(min-width: 1500px)\"\/><source srcset=\"https:\/\/www.capgemini.com\/wp-content\/uploads\/2024\/05\/SRE-web-banner.jpg?w=1440&amp;quality=70 1x, https:\/\/www.capgemini.com\/wp-content\/uploads\/2024\/05\/SRE-web-banner.jpg?w=2880&amp;quality=70 2x\" media=\"(min-width: 992px)\"\/><source srcset=\"https:\/\/www.capgemini.com\/wp-content\/uploads\/2024\/05\/SRE-web-banner.jpg?w=1024&amp;quality=70 1x, https:\/\/www.capgemini.com\/wp-content\/uploads\/2024\/05\/SRE-web-banner.jpg?w=1024&amp;quality=70 2x\" media=\"(min-width: 768px)\"\/><source srcset=\"https:\/\/www.capgemini.com\/wp-content\/uploads\/2024\/05\/SRE-web-banner.jpg?w=768&amp;quality=70 1x, https:\/\/www.capgemini.com\/wp-content\/uploads\/2024\/05\/SRE-web-banner.jpg?w=768&amp;quality=70 2x\" media=\"(min-width: 0)\"\/><img decoding=\"async\" src=\"https:\/\/www.capgemini.com\/wp-content\/uploads\/2024\/05\/SRE-web-banner.jpg\" class=\"header-img header-img-d\" alt=\"\" style=\"object-fit:cover;object-position:50% 50%\" loading=\"eager\"\/><\/picture><\/div><div class=\"heroPictureCardHeaderShape\"><\/div><div class=\"container\"><div class=\"row\"><div class=\"col-md-12\"><div class=\"box\"><div class=\"boxTagWrapper\"><div class=\"tagInfo\"><div><span class=\"box-tag\">Solution<\/span><\/div><\/div><\/div><div class=\"box-title\"><h1 data-maxlength=\"34\">Ingenier\u00eda de fiabilidad de ADMnext<\/h1><\/div><div class=\"inner-row-insight download-btn\"><\/div><\/div><\/div><\/div><\/div><\/header>\n\n\n\n<section class=\"wp-block-cg-blocks-group undefined section section--article-content\"><div class=\"article-main-content\"><div class=\"container\"><div class=\"row\"><div class=\"col-12 col-md-1\"><nav class=\"article-social\"><ul class=\"social-nav\"><li class=\"ip-order-fb\"><a href=\"https:\/\/www.facebook.com\/sharer\/sharer.php?u=https:\/\/www.capgemini.com\/?page_id=1025593\" target=\"_blank\" rel=\"noopener noreferrer\" title=\"Abrir en una nueva ventana\"><i aria-hidden=\"true\" class=\"icon-fb\"><\/i><span class=\"sr-only\">Facebook<\/span><\/a><\/li><li class=\"ip-order-li\"><a href=\"https:\/\/www.linkedin.com\/shareArticle?url=https:\/\/www.capgemini.com\/?page_id=1025593\" target=\"_blank\" rel=\"noopener noreferrer\" title=\"Abrir en una nueva ventana\"><i aria-hidden=\"true\" class=\"icon-li\"><\/i><span class=\"sr-only\">Linkedin<\/span><\/a><\/li><\/ul><\/nav><\/div><div class=\"col-12 col-md-11 col-lg-10\"><div class=\"article-text article-quote-text\">\n<h2 class=\"wp-block-heading\" id=\"h-ti-fiable-para-una-empresa-agil\">TI fiable para una empresa \u00e1gil<\/h2>\n\n\n\n<p>Una empresa debe ser \u00e1gil para satisfacer las necesidades cambiantes de los consumidores, pero las nuevas versiones de las aplicaciones no deben provocar ca\u00eddas del sistema. Esto podr\u00eda provocar la interrupci\u00f3n del negocio y la insatisfacci\u00f3n del usuario final. Por tanto, la fiabilidad de los sistemas inform\u00e1ticos es fundamental.<\/p>\n\n\n\n<p>Site Reliability Engineering (SRE) de ADMnext ayuda a las empresas a determinar las deficiencias en la fiabilidad del servicio y a crear un marco para abordarlas. Este marco est\u00e1 alineado con funciones operativas como la alerta, el triaje y el diagn\u00f3stico de problemas, y proporciona una plataforma com\u00fan para que los equipos de operaciones y de negocio identifiquen y prioricen la gesti\u00f3n proactiva de problemas, la supervisi\u00f3n y la observabilidad para mejorar la preparaci\u00f3n ante fallos.<\/p>\n<\/div><\/div><\/div><\/div><\/div><\/section>\n\n\n\n<section class=\"wp-block-cg-blocks-intro-para-video section section--info-2cols section--insights section-video \"><div class=\"bg-color video-align-right\"><div class=\"container\"><div class=\"row video-align-left\"><div class=\"col-md-12\"><div class=\"video-align-left row box box--4 box--mini\"><div class=\"col-md-3\"><h3 class=\"Video-title\" data-maxlength=\"34\">Ingenier\u00eda de fiabilidad de las in<\/h3><div class=\"video-info\"><p data-maxlength=\"68\"><\/p><\/div><\/div><div class=\"col-md-8 box-img-wrapper\"><div class=\"video-box\"><div class=\"video-wrapper\"><iframe title=\"video-section\" src=\"https:\/\/www.youtube.com\/embed\/evd-fDxSpC0?rel=0&amp;modestbranding=1&amp;playsinline=1&amp;enablejsapi=1\" frameborder=\"0\" allow=\"accelerometer; autoplay; clipboard-write; encrypted-media; gyroscope; picture-in-picture\" allowfullscreen loading=\"lazy\" referrerpolicy=\"strict-origin-when-cross-origin\"><\/iframe><\/div><\/div><\/div><div class=\"col-md-1\"><\/div><\/div><\/div><\/div><\/div><\/div><\/section>\n\n\n\n<section class=\"wp-block-cg-blocks-group undefined section section--article-content\"><div class=\"article-main-content\"><div class=\"container\"><div class=\"row\"><div class=\"col-12 col-md-11 col-lg-10 offset-md-1 offset-lg-1\"><div class=\"article-text article-quote-text\">\n<p>As\u00ed, cuando el negocio exige agilidad, las aplicaciones de TI pueden seguir siendo lo suficientemente fiables como para seguir el ritmo.<\/p>\n\n\n\n<p>Lea m\u00e1s opiniones de nuestros expertos sobre SRE en nuestra serie de entradas de blog <a href=\"https:\/\/www.capgemini.com\/insights\/expert-perspectives\/site-reliability-engineering-101-ensuring-the-reliability-of-your-it-system\/\">aqu\u00ed<\/a>.<\/p>\n<\/div><\/div><\/div><\/div><\/div><\/section>\n\n\n<section class=\"section section--expert-perspectives\"><div class=\"container\"><div class=\"row\"><div class=\"content-title col-12 col-md-8\"><h2 class=\"expert-heading\">Perspectivas de los expertos<\/h2><\/div><\/div><div class=\"expert-prospective-container\"><div class=\"row\"><div class=\"col-12 col-md-4 row-space\"><div class=\"box\"><div class=\"box-img-wrapper\"><a href=\"https:\/\/www.capgemini.com\/co-es\/insights\/expert-perspectives\/site-reliability-engineering-101-ensuring-the-reliability-of-your-it-system\/\" aria-label=\"Site reliability engineering 101: ensuring the reliability of your IT system\" tabindex=\"-1\"><img decoding=\"async\" class=\"box-img\" alt=\"\" src=\"https:\/\/www.capgemini.com\/co-es\/wp-content\/uploads\/sites\/25\/2024\/08\/SRE_Feature-Image_1.jpg?w=600&#038;quality=70\" style=\"object-position: 50% 50%; object-fit: cover;\" loading=\"lazy\" \/><\/a><\/div><div class=\"box-inner\"><div class=\"box-tag\">Enterprise management<\/div><a class=\"content-box-title\" href=\"https:\/\/www.capgemini.com\/co-es\/insights\/expert-perspectives\/site-reliability-engineering-101-ensuring-the-reliability-of-your-it-system\/\" aria-label=\"Site reliability engineering 101: ensuring the reliability of your IT system\"><h3 class=\"expert-subtitle\">Site reliability engineering 101: ensuring the reliability of your IT system<\/h3><\/a><div class=\"box-bottom\">\n\t\t   <div class=\"box-logo\"><img decoding=\"async\" class=\"\" loading=\"lazy\" alt=\"\" src=\"https:\/\/www.capgemini.com\/co-es\/wp-content\/uploads\/sites\/25\/2024\/08\/aliasgar_muchhala-1.jpg?w=325\" \/><\/div><div class=\"date-name-info\"><div class=\"author-text\">Aliasgar Muchhala<\/div><div class=\"date-text\">ago. 21, 2024<\/div><\/div><\/div><\/div><\/div><\/div><div class=\"col-12 col-md-4 row-space\"><div class=\"box\"><div class=\"box-img-wrapper\"><a href=\"https:\/\/www.capgemini.com\/co-es\/insights\/expert-perspectives\/devops-and-sre-where-agility-meets-reliability\/\" aria-label=\"DevOps and SRE: where agility meets reliability\u00a0\" tabindex=\"-1\"><img decoding=\"async\" class=\"box-img\" alt=\"\" src=\"https:\/\/www.capgemini.com\/co-es\/wp-content\/uploads\/sites\/25\/2024\/08\/SRE_Feature-Image_4.jpg?w=600&#038;quality=70\" style=\"object-position: 50% 50%; object-fit: cover;\" loading=\"lazy\" \/><\/a><\/div><div class=\"box-inner\"><div class=\"box-tag\">Enterprise management<\/div><a class=\"content-box-title\" href=\"https:\/\/www.capgemini.com\/co-es\/insights\/expert-perspectives\/devops-and-sre-where-agility-meets-reliability\/\" aria-label=\"DevOps and SRE: where agility meets reliability\u00a0\"><h3 class=\"expert-subtitle\">DevOps and SRE: where agility meets reliability\u00a0<\/h3><\/a><div class=\"box-bottom\">\n\t\t   <div class=\"box-logo\"><img decoding=\"async\" class=\"\" loading=\"lazy\" alt=\"\" src=\"https:\/\/www.capgemini.com\/co-es\/wp-content\/uploads\/sites\/25\/2024\/08\/aliasgar_muchhala-1.jpg?w=325\" \/><\/div><div class=\"date-name-info\"><div class=\"author-text\">Aliasgar Muchhala<\/div><div class=\"date-text\">ago. 21, 2024<\/div><\/div><\/div><\/div><\/div><\/div><div class=\"col-12 col-md-4 row-space\"><div class=\"box\"><div class=\"box-img-wrapper\"><a href=\"https:\/\/www.capgemini.com\/co-es\/insights\/expert-perspectives\/site-reliability-engineering-in-adm-services-a-practical-approach-to-predictive-maintenance\/\" aria-label=\"Site reliability engineering in ADM services: A practical approach to predictive maintenance\u00a0\" tabindex=\"-1\"><img decoding=\"async\" class=\"box-img\" alt=\"\" src=\"https:\/\/www.capgemini.com\/co-es\/wp-content\/uploads\/sites\/25\/2024\/08\/SRE_Feature-Image_3.jpg?w=600&#038;quality=70\" style=\"object-position: 50% 50%; object-fit: cover;\" loading=\"lazy\" \/><\/a><\/div><div class=\"box-inner\"><div class=\"box-tag\">Enterprise management<\/div><a class=\"content-box-title\" href=\"https:\/\/www.capgemini.com\/co-es\/insights\/expert-perspectives\/site-reliability-engineering-in-adm-services-a-practical-approach-to-predictive-maintenance\/\" aria-label=\"Site reliability engineering in ADM services: A practical approach to predictive maintenance\u00a0\"><h3 class=\"expert-subtitle\">Site reliability engineering in ADM services: A practical approach to predictive maintenance\u00a0<\/h3><\/a><div class=\"box-bottom\">\n\t\t   <div class=\"box-logo\"><img decoding=\"async\" class=\"\" loading=\"lazy\" alt=\"\" src=\"https:\/\/www.capgemini.com\/co-es\/wp-content\/uploads\/sites\/25\/2024\/08\/aliasgar_muchhala-1.jpg?w=325\" \/><\/div><div class=\"date-name-info\"><div class=\"author-text\">Aliasgar Muchhala<\/div><div class=\"date-text\">ago. 21, 2024<\/div><\/div><\/div><\/div><\/div><\/div><div class=\"col-12 col-md-4 row-space\"><div class=\"box\"><div class=\"box-img-wrapper\"><a href=\"https:\/\/www.capgemini.com\/co-es\/insights\/expert-perspectives\/what-does-it-take-to-be-a-site-reliability-engineer\/\" aria-label=\"What does it take to be a site reliability engineer?\" tabindex=\"-1\"><img decoding=\"async\" class=\"box-img\" alt=\"\" src=\"https:\/\/www.capgemini.com\/co-es\/wp-content\/uploads\/sites\/25\/2024\/08\/SRE_Feature-Image_2.jpg?w=600&#038;quality=70\" style=\"object-position: 50% 50%; object-fit: cover;\" loading=\"lazy\" \/><\/a><\/div><div class=\"box-inner\"><div class=\"box-tag\">Enterprise management<\/div><a class=\"content-box-title\" href=\"https:\/\/www.capgemini.com\/co-es\/insights\/expert-perspectives\/what-does-it-take-to-be-a-site-reliability-engineer\/\" aria-label=\"What does it take to be a site reliability engineer?\"><h3 class=\"expert-subtitle\">What does it take to be a site reliability engineer?<\/h3><\/a><div class=\"box-bottom\">\n\t\t   <div class=\"box-logo\"><img decoding=\"async\" class=\"\" loading=\"lazy\" alt=\"\" src=\"https:\/\/www.capgemini.com\/co-es\/wp-content\/uploads\/sites\/25\/2024\/08\/aliasgar_muchhala-1.jpg?w=325\" \/><\/div><div class=\"date-name-info\"><div class=\"author-text\">Aliasgar Muchhala<\/div><div class=\"date-text\">ago. 21, 2024<\/div><\/div><\/div><\/div><\/div><\/div><\/div><\/div><\/div><\/section>","protected":false},"excerpt":{"rendered":"","protected":false},"author":440,"featured_media":524144,"parent":5720,"menu_order":0,"comment_status":"closed","ping_status":"closed","template":"","meta":{"cg_dt_proposed_to":[],"cg_seo_hreflang_relations":"[]","cg_seo_canonical_relation":"","cg_seo_hreflang_x_default_relation":"{\"uuid\":\"f5b59d0c-5caa-409c-965d-83585188e662\",\"blogId\":\"\",\"domain\":\"\",\"sitePath\":\"\",\"postLink\":\"\",\"postId\":null,\"isSaved\":true,\"isCrossLink\":false,\"hasCrossLink\":false}","cg_dt_approved_content":true,"cg_dt_mandatory_content":false,"cg_dt_notes":"","cg_dg_source_changed":true,"cg_dt_link_disabled":false,"_yoast_wpseo_primary_brand":"","footnotes":"","featured_focal_points":"","partner_card_description":"","gsap_animation":0},"brand":[],"partner_type":[],"service":[],"industry":[],"partners":[],"page-type":[167],"content-group":[],"class_list":["post-524143","page","type-page","status-publish","has-post-thumbnail","hentry","page-type-solutions"],"yoast_head":"<!-- This site is optimized with the Yoast SEO Premium plugin v22.8 (Yoast SEO v22.8) - https:\/\/yoast.com\/wordpress\/plugins\/seo\/ -->\n<title>Ingenier\u00eda de fiabilidad de ADMnext | Capgemini<\/title>\n<meta name=\"description\" content=\"Descubra las soluciones de Ingenier\u00eda de Fiabilidad del Sitio (SRE) de Capgemini con ADMnext, dise\u00f1adas para mejorar sus operaciones de TI a trav\u00e9s de la automatizaci\u00f3n avanzada, la supervisi\u00f3n proactiva y la mejora continua. Descubra c\u00f3mo nuestra experiencia puede impulsar la fiabilidad y la eficiencia de su infraestructura digital.\" \/>\n<meta name=\"robots\" content=\"index, follow, max-snippet:-1, max-image-preview:large, max-video-preview:-1\" \/>\n<link rel=\"canonical\" href=\"https:\/\/www.capgemini.com\/co-es\/solutions\/ingenieria-de-fiabilidad-de-admnext\/\" \/>\n<meta property=\"og:locale\" content=\"es_MX\" \/>\n<meta property=\"og:type\" content=\"article\" \/>\n<meta property=\"og:title\" content=\"Ingenier\u00eda de fiabilidad de ADMnext\" \/>\n<meta property=\"og:description\" content=\"Descubra las soluciones de Ingenier\u00eda de Fiabilidad del Sitio (SRE) de Capgemini con ADMnext, dise\u00f1adas para mejorar sus operaciones de TI a trav\u00e9s de la automatizaci\u00f3n avanzada, la supervisi\u00f3n proactiva y la mejora continua. Descubra c\u00f3mo nuestra experiencia puede impulsar la fiabilidad y la eficiencia de su infraestructura digital.\" \/>\n<meta property=\"og:url\" content=\"https:\/\/www.capgemini.com\/co-es\/solutions\/ingenieria-de-fiabilidad-de-admnext\/\" \/>\n<meta property=\"og:site_name\" content=\"Capgemini Colombia\" \/>\n<meta property=\"article:modified_time\" content=\"2026-01-12T21:24:02+00:00\" \/>\n<meta property=\"og:image\" content=\"https:\/\/www.capgemini.com\/co-es\/wp-content\/uploads\/sites\/25\/2025\/10\/New-Web-preview-global.jpg\" \/>\n\t<meta property=\"og:image:width\" content=\"1200\" \/>\n\t<meta property=\"og:image:height\" content=\"627\" \/>\n\t<meta property=\"og:image:type\" content=\"image\/jpeg\" \/>\n<meta name=\"twitter:card\" content=\"summary_large_image\" \/>\n<meta name=\"twitter:label1\" content=\"Est. reading time\" \/>\n\t<meta name=\"twitter:data1\" content=\"2 minutes\" \/>\n<script type=\"application\/ld+json\" class=\"yoast-schema-graph\">{\"@context\":\"https:\/\/schema.org\",\"@graph\":[{\"@type\":\"WebPage\",\"@id\":\"https:\/\/www.capgemini.com\/co-es\/solutions\/ingenieria-de-fiabilidad-de-admnext\/\",\"url\":\"https:\/\/www.capgemini.com\/co-es\/solutions\/ingenieria-de-fiabilidad-de-admnext\/\",\"name\":\"Ingenier\u00eda de fiabilidad de ADMnext | Capgemini\",\"isPartOf\":{\"@id\":\"https:\/\/www.capgemini.com\/co-es\/#website\"},\"primaryImageOfPage\":{\"@id\":\"https:\/\/www.capgemini.com\/co-es\/solutions\/ingenieria-de-fiabilidad-de-admnext\/#primaryimage\"},\"image\":{\"@id\":\"https:\/\/www.capgemini.com\/co-es\/solutions\/ingenieria-de-fiabilidad-de-admnext\/#primaryimage\"},\"thumbnailUrl\":\"https:\/\/www.capgemini.com\/co-es\/wp-content\/uploads\/sites\/25\/2024\/08\/SRE-web-banner.jpg\",\"datePublished\":\"2024-08-21T07:03:44+00:00\",\"dateModified\":\"2026-01-12T21:24:02+00:00\",\"description\":\"Descubra las soluciones de Ingenier\u00eda de Fiabilidad del Sitio (SRE) de Capgemini con ADMnext, dise\u00f1adas para mejorar sus operaciones de TI a trav\u00e9s de la automatizaci\u00f3n avanzada, la supervisi\u00f3n proactiva y la mejora continua. Descubra c\u00f3mo nuestra experiencia puede impulsar la fiabilidad y la eficiencia de su infraestructura digital.\",\"breadcrumb\":{\"@id\":\"https:\/\/www.capgemini.com\/co-es\/solutions\/ingenieria-de-fiabilidad-de-admnext\/#breadcrumb\"},\"inLanguage\":\"es-MX\",\"potentialAction\":[{\"@type\":\"ReadAction\",\"target\":[\"https:\/\/www.capgemini.com\/co-es\/solutions\/ingenieria-de-fiabilidad-de-admnext\/\"]}]},{\"@type\":\"ImageObject\",\"inLanguage\":\"es-MX\",\"@id\":\"https:\/\/www.capgemini.com\/co-es\/solutions\/ingenieria-de-fiabilidad-de-admnext\/#primaryimage\",\"url\":\"https:\/\/www.capgemini.com\/co-es\/wp-content\/uploads\/sites\/25\/2024\/08\/SRE-web-banner.jpg\",\"contentUrl\":\"https:\/\/www.capgemini.com\/co-es\/wp-content\/uploads\/sites\/25\/2024\/08\/SRE-web-banner.jpg\",\"width\":2880,\"height\":1800},{\"@type\":\"BreadcrumbList\",\"@id\":\"https:\/\/www.capgemini.com\/co-es\/solutions\/ingenieria-de-fiabilidad-de-admnext\/#breadcrumb\",\"itemListElement\":[{\"@type\":\"ListItem\",\"position\":1,\"name\":\"Home\",\"item\":\"https:\/\/www.capgemini.com\/co-es\/\"},{\"@type\":\"ListItem\",\"position\":2,\"name\":\"Solutions\",\"item\":\"https:\/\/www.capgemini.com\/co-es\/solutions\/\"},{\"@type\":\"ListItem\",\"position\":3,\"name\":\"Ingenier\u00eda de fiabilidad de ADMnext\"}]},{\"@type\":\"WebSite\",\"@id\":\"https:\/\/www.capgemini.com\/co-es\/#website\",\"url\":\"https:\/\/www.capgemini.com\/co-es\/\",\"name\":\"Capgemini Colombia\",\"description\":\"Capgemini\",\"potentialAction\":[{\"@type\":\"SearchAction\",\"target\":{\"@type\":\"EntryPoint\",\"urlTemplate\":\"https:\/\/www.capgemini.com\/co-es\/?s={search_term_string}\"},\"query-input\":\"required name=search_term_string\"}],\"inLanguage\":\"es-MX\"}]}<\/script>\n<!-- \/ Yoast SEO Premium plugin. -->","yoast_head_json":{"title":"Ingenier\u00eda de fiabilidad de ADMnext | Capgemini","description":"Descubra las soluciones de Ingenier\u00eda de Fiabilidad del Sitio (SRE) de Capgemini con ADMnext, dise\u00f1adas para mejorar sus operaciones de TI a trav\u00e9s de la automatizaci\u00f3n avanzada, la supervisi\u00f3n proactiva y la mejora continua. Descubra c\u00f3mo nuestra experiencia puede impulsar la fiabilidad y la eficiencia de su infraestructura digital.","robots":{"index":"index","follow":"follow","max-snippet":"max-snippet:-1","max-image-preview":"max-image-preview:large","max-video-preview":"max-video-preview:-1"},"canonical":"https:\/\/www.capgemini.com\/co-es\/solutions\/ingenieria-de-fiabilidad-de-admnext\/","og_locale":"es_MX","og_type":"article","og_title":"Ingenier\u00eda de fiabilidad de ADMnext","og_description":"Descubra las soluciones de Ingenier\u00eda de Fiabilidad del Sitio (SRE) de Capgemini con ADMnext, dise\u00f1adas para mejorar sus operaciones de TI a trav\u00e9s de la automatizaci\u00f3n avanzada, la supervisi\u00f3n proactiva y la mejora continua. Descubra c\u00f3mo nuestra experiencia puede impulsar la fiabilidad y la eficiencia de su infraestructura digital.","og_url":"https:\/\/www.capgemini.com\/co-es\/solutions\/ingenieria-de-fiabilidad-de-admnext\/","og_site_name":"Capgemini Colombia","article_modified_time":"2026-01-12T21:24:02+00:00","og_image":[{"width":1200,"height":627,"url":"https:\/\/www.capgemini.com\/co-es\/wp-content\/uploads\/sites\/25\/2025\/10\/New-Web-preview-global.jpg","type":"image\/jpeg"}],"twitter_card":"summary_large_image","twitter_misc":{"Est. reading time":"2 minutes"},"schema":{"@context":"https:\/\/schema.org","@graph":[{"@type":"WebPage","@id":"https:\/\/www.capgemini.com\/co-es\/solutions\/ingenieria-de-fiabilidad-de-admnext\/","url":"https:\/\/www.capgemini.com\/co-es\/solutions\/ingenieria-de-fiabilidad-de-admnext\/","name":"Ingenier\u00eda de fiabilidad de ADMnext | Capgemini","isPartOf":{"@id":"https:\/\/www.capgemini.com\/co-es\/#website"},"primaryImageOfPage":{"@id":"https:\/\/www.capgemini.com\/co-es\/solutions\/ingenieria-de-fiabilidad-de-admnext\/#primaryimage"},"image":{"@id":"https:\/\/www.capgemini.com\/co-es\/solutions\/ingenieria-de-fiabilidad-de-admnext\/#primaryimage"},"thumbnailUrl":"https:\/\/www.capgemini.com\/co-es\/wp-content\/uploads\/sites\/25\/2024\/08\/SRE-web-banner.jpg","datePublished":"2024-08-21T07:03:44+00:00","dateModified":"2026-01-12T21:24:02+00:00","description":"Descubra las soluciones de Ingenier\u00eda de Fiabilidad del Sitio (SRE) de Capgemini con ADMnext, dise\u00f1adas para mejorar sus operaciones de TI a trav\u00e9s de la automatizaci\u00f3n avanzada, la supervisi\u00f3n proactiva y la mejora continua. Descubra c\u00f3mo nuestra experiencia puede impulsar la fiabilidad y la eficiencia de su infraestructura digital.","breadcrumb":{"@id":"https:\/\/www.capgemini.com\/co-es\/solutions\/ingenieria-de-fiabilidad-de-admnext\/#breadcrumb"},"inLanguage":"es-MX","potentialAction":[{"@type":"ReadAction","target":["https:\/\/www.capgemini.com\/co-es\/solutions\/ingenieria-de-fiabilidad-de-admnext\/"]}]},{"@type":"ImageObject","inLanguage":"es-MX","@id":"https:\/\/www.capgemini.com\/co-es\/solutions\/ingenieria-de-fiabilidad-de-admnext\/#primaryimage","url":"https:\/\/www.capgemini.com\/co-es\/wp-content\/uploads\/sites\/25\/2024\/08\/SRE-web-banner.jpg","contentUrl":"https:\/\/www.capgemini.com\/co-es\/wp-content\/uploads\/sites\/25\/2024\/08\/SRE-web-banner.jpg","width":2880,"height":1800},{"@type":"BreadcrumbList","@id":"https:\/\/www.capgemini.com\/co-es\/solutions\/ingenieria-de-fiabilidad-de-admnext\/#breadcrumb","itemListElement":[{"@type":"ListItem","position":1,"name":"Home","item":"https:\/\/www.capgemini.com\/co-es\/"},{"@type":"ListItem","position":2,"name":"Solutions","item":"https:\/\/www.capgemini.com\/co-es\/solutions\/"},{"@type":"ListItem","position":3,"name":"Ingenier\u00eda de fiabilidad de ADMnext"}]},{"@type":"WebSite","@id":"https:\/\/www.capgemini.com\/co-es\/#website","url":"https:\/\/www.capgemini.com\/co-es\/","name":"Capgemini Colombia","description":"Capgemini","potentialAction":[{"@type":"SearchAction","target":{"@type":"EntryPoint","urlTemplate":"https:\/\/www.capgemini.com\/co-es\/?s={search_term_string}"},"query-input":"required name=search_term_string"}],"inLanguage":"es-MX"}]}},"brand_term":[],"parsely":{"version":"1.1.0","canonical_url":"https:\/\/capgemini.com\/co-es\/solutions\/ingenieria-de-fiabilidad-de-admnext\/","smart_links":{"inbound":0,"outbound":0},"traffic_boost_suggestions_count":0,"meta":{"@context":"https:\/\/schema.org","@type":"WebPage","headline":"Ingenier\u00eda de fiabilidad de ADMnext","url":"https:\/\/www.capgemini.com\/co-es\/solutions\/ingenieria-de-fiabilidad-de-admnext\/","mainEntityOfPage":{"@type":"WebPage","@id":"https:\/\/www.capgemini.com\/co-es\/solutions\/ingenieria-de-fiabilidad-de-admnext\/"},"thumbnailUrl":"https:\/\/www.capgemini.com\/co-es\/wp-content\/uploads\/sites\/25\/2024\/08\/SRE-web-banner.jpg?w=150&h=150&crop=1","image":{"@type":"ImageObject","url":"https:\/\/www.capgemini.com\/co-es\/wp-content\/uploads\/sites\/25\/2024\/08\/SRE-web-banner.jpg"},"articleSection":"Uncategorized","author":[],"creator":[],"publisher":{"@type":"Organization","name":"Capgemini Colombia","logo":""},"keywords":[],"dateCreated":"2024-08-21T07:03:44Z","datePublished":"2024-08-21T07:03:44Z","dateModified":"2026-01-12T21:24:02Z"},"rendered":"<meta name=\"parsely-title\" content=\"Ingenier\u00eda de fiabilidad de ADMnext\" \/>\n<meta name=\"parsely-link\" content=\"https:\/\/www.capgemini.com\/co-es\/solutions\/ingenieria-de-fiabilidad-de-admnext\/\" \/>\n<meta name=\"parsely-type\" content=\"index\" \/>\n<meta name=\"parsely-image-url\" content=\"https:\/\/www.capgemini.com\/co-es\/wp-content\/uploads\/sites\/25\/2024\/08\/SRE-web-banner.jpg?w=150&amp;h=150&amp;crop=1\" \/>\n<meta name=\"parsely-pub-date\" content=\"2024-08-21T07:03:44Z\" \/>\n<meta name=\"parsely-section\" content=\"Uncategorized\" \/>","tracker_url":"https:\/\/cdn.parsely.com\/keys\/capgemini.com\/p.js"},"archive_status":false,"featured_image_src":"https:\/\/www.capgemini.com\/co-es\/wp-content\/uploads\/sites\/25\/2024\/08\/SRE-web-banner.jpg","featured_image_alt":"","jetpack_sharing_enabled":true,"distributor_meta":false,"distributor_terms":false,"distributor_media":false,"distributor_original_site_name":"Capgemini Colombia","distributor_original_site_url":"https:\/\/www.capgemini.com\/co-es","push-errors":false,"_links":{"self":[{"href":"https:\/\/www.capgemini.com\/co-es\/wp-json\/wp\/v2\/pages\/524143","targetHints":{"allow":["GET"]}}],"collection":[{"href":"https:\/\/www.capgemini.com\/co-es\/wp-json\/wp\/v2\/pages"}],"about":[{"href":"https:\/\/www.capgemini.com\/co-es\/wp-json\/wp\/v2\/types\/page"}],"author":[{"embeddable":true,"href":"https:\/\/www.capgemini.com\/co-es\/wp-json\/wp\/v2\/users\/440"}],"replies":[{"embeddable":true,"href":"https:\/\/www.capgemini.com\/co-es\/wp-json\/wp\/v2\/comments?post=524143"}],"version-history":[{"count":4,"href":"https:\/\/www.capgemini.com\/co-es\/wp-json\/wp\/v2\/pages\/524143\/revisions"}],"predecessor-version":[{"id":547513,"href":"https:\/\/www.capgemini.com\/co-es\/wp-json\/wp\/v2\/pages\/524143\/revisions\/547513"}],"up":[{"embeddable":true,"href":"https:\/\/www.capgemini.com\/co-es\/wp-json\/wp\/v2\/pages\/5720"}],"wp:featuredmedia":[{"embeddable":true,"href":"https:\/\/www.capgemini.com\/co-es\/wp-json\/wp\/v2\/media\/524144"}],"wp:attachment":[{"href":"https:\/\/www.capgemini.com\/co-es\/wp-json\/wp\/v2\/media?parent=524143"}],"wp:term":[{"taxonomy":"brand","embeddable":true,"href":"https:\/\/www.capgemini.com\/co-es\/wp-json\/wp\/v2\/brand?post=524143"},{"taxonomy":"partner_type","embeddable":true,"href":"https:\/\/www.capgemini.com\/co-es\/wp-json\/wp\/v2\/partner_type?post=524143"},{"taxonomy":"service","embeddable":true,"href":"https:\/\/www.capgemini.com\/co-es\/wp-json\/wp\/v2\/service?post=524143"},{"taxonomy":"industry","embeddable":true,"href":"https:\/\/www.capgemini.com\/co-es\/wp-json\/wp\/v2\/industry?post=524143"},{"taxonomy":"partners","embeddable":true,"href":"https:\/\/www.capgemini.com\/co-es\/wp-json\/wp\/v2\/partners?post=524143"},{"taxonomy":"page-type","embeddable":true,"href":"https:\/\/www.capgemini.com\/co-es\/wp-json\/wp\/v2\/page-type?post=524143"},{"taxonomy":"content-group","embeddable":true,"href":"https:\/\/www.capgemini.com\/co-es\/wp-json\/wp\/v2\/content-group?post=524143"}],"curies":[{"name":"wp","href":"https:\/\/api.w.org\/{rel}","templated":true}]}}