{"id":522706,"date":"2024-07-01T04:40:16","date_gmt":"2024-07-01T04:40:16","guid":{"rendered":"https:\/\/www.capgemini.com\/co-es\/?page_id=522706&#038;preview_id=522706"},"modified":"2026-01-09T06:53:03","modified_gmt":"2026-01-09T06:53:03","slug":"experiencia-de-las-personas-con-servicenow","status":"publish","type":"page","link":"https:\/\/www.capgemini.com\/co-es\/solutions\/experiencia-de-las-personas-con-servicenow\/","title":{"rendered":"Experiencia de las personas con ServiceNow"},"content":{"rendered":"\n<header class=\"wp-block-cg-blocks-hero-reusable header heroReusable  \"><div class=\"header-bgs\"><picture><source srcset=\"https:\/\/www.capgemini.com\/wp-content\/uploads\/2024\/04\/People-experience-by-ServiceNow-2.png?w=2880&amp;quality=70 1x, https:\/\/www.capgemini.com\/wp-content\/uploads\/2024\/04\/People-experience-by-ServiceNow-2.png?w=2880&amp;quality=70 2x\" media=\"(min-width: 1500px)\"\/><source srcset=\"https:\/\/www.capgemini.com\/wp-content\/uploads\/2024\/04\/People-experience-by-ServiceNow-2.png?w=1440&amp;quality=70 1x, https:\/\/www.capgemini.com\/wp-content\/uploads\/2024\/04\/People-experience-by-ServiceNow-2.png?w=2880&amp;quality=70 2x\" media=\"(min-width: 992px)\"\/><source srcset=\"https:\/\/www.capgemini.com\/wp-content\/uploads\/2024\/04\/People-experience-by-ServiceNow-2.png?w=1024&amp;quality=70 1x, https:\/\/www.capgemini.com\/wp-content\/uploads\/2024\/04\/People-experience-by-ServiceNow-2.png?w=1024&amp;quality=70 2x\" media=\"(min-width: 768px)\"\/><source srcset=\"https:\/\/www.capgemini.com\/wp-content\/uploads\/2024\/04\/People-experience-by-ServiceNow-2.png?w=768&amp;quality=70 1x, https:\/\/www.capgemini.com\/wp-content\/uploads\/2024\/04\/People-experience-by-ServiceNow-2.png?w=768&amp;quality=70 2x\" media=\"(min-width: 0)\"\/><img decoding=\"async\" src=\"https:\/\/www.capgemini.com\/wp-content\/uploads\/2024\/04\/People-experience-by-ServiceNow-2.png\" class=\"header-img header-img-d\" alt=\"\" style=\"object-fit:cover;object-position:33% 15%\" loading=\"eager\"\/><\/picture><\/div><div class=\"heroPictureCardHeaderShape\"><\/div><div class=\"container\"><div class=\"row\"><div class=\"col-md-12\"><div class=\"box\"><div class=\"boxTagWrapper\"><div class=\"tagInfo\"><div><span class=\"box-tag\">Solution<\/span><\/div><\/div><\/div><div class=\"box-title\"><h1 data-maxlength=\"34\">Experiencia de las personas con ServiceNow<\/h1><\/div><div class=\"inner-row-insight download-btn\"><\/div><\/div><\/div><\/div><\/div><\/header>\n\n\n\n<section class=\"wp-block-cg-blocks-group undefined section section--article-content\"><div class=\"article-main-content\"><div class=\"container\"><div class=\"row\"><div class=\"col-12 col-md-1\"><nav class=\"article-social\"><ul class=\"social-nav\"><li class=\"ip-order-fb\"><a href=\"https:\/\/www.facebook.com\/sharer\/sharer.php?u=https:\/\/www.capgemini.com\/?page_id=1013091\" target=\"_blank\" rel=\"noopener noreferrer\" title=\"abrir en una nueva ventana\"><i aria-hidden=\"true\" class=\"icon-fb\"><\/i><span class=\"sr-only\">Facebook<\/span><\/a><\/li><li class=\"ip-order-li\"><a href=\"https:\/\/www.linkedin.com\/shareArticle?url=https:\/\/www.capgemini.com\/?page_id=1013091\" target=\"_blank\" rel=\"noopener noreferrer\" title=\"abrir en una nueva ventana\"><i aria-hidden=\"true\" class=\"icon-li\"><\/i><span class=\"sr-only\">Linkedin<\/span><\/a><\/li><\/ul><\/nav><\/div><div class=\"col-12 col-md-11 col-lg-10\"><div class=\"article-text article-quote-text\">\n<h3 class=\"wp-block-heading\" id=\"h-servicios-integrados-para-la-experiencia-del-empleado-bueno-para-todos-no-solo-para-los-empleados\">Servicios integrados para la experiencia del empleado: Bueno para todos (no s\u00f3lo para los empleados)<\/h3>\n\n\n\n<p>Hace ya muchos a\u00f1os que existen soluciones integrales para la experiencia del empleado. Entonces, \u00bfno es hora de que las organizaciones hagan lo mismo con los suyos? S\u00ed. (Eso pensamos nosotros tambi\u00e9n.) Presentamos la plataforma People Experience de Capgemini con ServiceNow. Una plataforma integrada de experiencia del empleado que aumenta la productividad, las ventas, la rentabilidad, la favorabilidad del cliente &#8211; y el factor de sentirse bien para todos en el equipo. Lo que significa que todos ganan.<\/p>\n\n\n\n<blockquote class=\"wp-block-quote is-layout-flow wp-block-quote-is-layout-flow\">\n<p>\u00bfPor qu\u00e9 complicarle la vida a las personas? Nuestra oferta de experiencia para personas con ServiceNow a\u00fana sistemas de empleados dispares, automatizando tareas mediante flujos de trabajo y presentando una \u00fanica interfaz de usuario.<\/p>\n<\/blockquote>\n\n\n\n<p><a id=\"_msocom_1\"><\/a><\/p>\n<\/div><\/div><\/div><\/div><\/div><\/section>\n\n\n\n<section class=\"wp-block-cg-blocks-group undefined section section--article-content\"><div class=\"article-main-content\"><div class=\"container\"><div class=\"row\"><div class=\"col-12 col-md-11 col-lg-10 offset-md-1 offset-lg-1\"><div class=\"article-text article-quote-text\">\n<h3 class=\"wp-block-heading\" id=\"h-como-podemos-ayudarle\">C\u00f3mo podemos ayudarle<\/h3>\n\n\n\n<p>Transformar todos los aspectos de la experiencia digital de los empleados requiere una amplia gama de competencias y puntos fuertes, incluidos servicios de consultor\u00eda y transformaci\u00f3n empresarial, conocimiento del sector, operaciones de procesos empresariales de RRHH y servicios tecnol\u00f3gicos. Todos ellos deben estar estrechamente interconectados y adaptados para apoyar las necesidades no solo de la empresa, sino de toda la plantilla, independientemente de qui\u00e9nes sean o a qu\u00e9 se dediquen.<\/p>\n\n\n\n<p>Capgemini es un socio de \u00e9lite certificado de ServiceNow con alcance mundial. Nuestro enfoque es integral y abarca la transformaci\u00f3n, la implementaci\u00f3n y los servicios gestionados en todos los flujos de trabajo de TI, RRHH y clientes relacionados con las personas, los procesos, la tecnolog\u00eda, la mentalidad y la cultura. Incorporaci\u00f3n, aprendizaje y desarrollo, comunicaciones internas, productividad, atenci\u00f3n pastoral, gastos, trabajo diario, soporte de TI\/RRHH y mucho m\u00e1s: creamos soluciones de experiencia digital del empleado inteligentes e integradas que revolucionan los momentos que importan a su plantilla.<\/p>\n\n\n\n<p>Nuestro enfoque inteligente e integrado de las soluciones para la experiencia de los empleados aporta beneficios a toda la organizaci\u00f3n:<\/p>\n\n\n\n<ul class=\"wp-block-list\">\n<li>Para TI: resoluci\u00f3n eficiente de incidencias, gesti\u00f3n proactiva de problemas, portal de autoservicio, automatizaci\u00f3n, flujos de trabajo de mejora autom\u00e1tica, integraci\u00f3n de herramientas dispares.<\/li>\n\n\n\n<li>Para RRHH: incorporaci\u00f3n eficiente de empleados, portal de autoservicio para empleados, procesos de RRHH automatizados, gesti\u00f3n de casos de empleados, an\u00e1lisis e informes.<\/li>\n\n\n\n<li>Para las operaciones: ahorro de costes, asignaci\u00f3n eficaz de recursos, mejora continua, personal satisfecho.<\/li>\n\n\n\n<li>Para los trabajadores: todo en un mismo lugar, accesibilidad en cualquier momento y lugar, servicio personalizado.<\/li>\n<\/ul>\n\n\n\n<p><strong>\u00bfPor qu\u00e9 Capgemini?<\/strong><\/p>\n\n\n\n<ul class=\"wp-block-list\">\n<li>Socio de \u00e9lite de ServiceNow<\/li>\n\n\n\n<li>Servicios en m\u00e1s de 160 pa\u00edses, desde 14 centros regionales, con soporte en m\u00e1s de 20 idiomas<\/li>\n\n\n\n<li>M\u00e1s de 600 contratos de ServiceNow en las principales funciones empresariales<\/li>\n\n\n\n<li>M\u00e1s de 1700 consultores de procesos certificados por ServiceNow<\/li>\n\n\n\n<li>M\u00e1s de 4000 certificaciones y acreditaciones.<\/li>\n<\/ul>\n<\/div><\/div><\/div><\/div><\/div><\/section>\n\n\n<section class=\"latest-insights layout-odd layout-one-card-only \"><div class=\"container\"><div class=\"insight-title\"><h2 class=\"latest-insight-title\">Investigaci\u00f3n y an\u00e1lisis<\/h2><\/div><div class=\"layout-single-card\">\n                      <div class=\"row align-items-center w-lg-100\">\n                        <div class=\"card-image-wrapper\">\n                                <div class=\"card-image\" data-image-url=\"https:\/\/www.capgemini.com\/co-es\/insights\/biblioteca-de-investigacion\/conversaciones-para-manana-6\/\">\n\t\t\t\t\t\t\t\t\t\t\t\t\t\t\t\t\t<picture>\n\t\t\t\t\t\t\t\t\t\t\t\t\t\t\t\t\t\t\t\t\t<source srcset=\"https:\/\/www.capgemini.com\/co-es\/wp-content\/uploads\/sites\/25\/2022\/12\/Capgemini-CRI-conversations-for-tomorrow6.jpg?w=2048&#038;quality=70 1x, https:\/\/www.capgemini.com\/co-es\/wp-content\/uploads\/sites\/25\/2022\/12\/Capgemini-CRI-conversations-for-tomorrow6.jpg?w=2048&#038;quality=70 2x\"\n\t\t\t\t\t\t\t\t\t\t\t\t\t\t\t\t\t\t\t\t\t\t\t\t\tmedia=\"(min-width: 1500px)\"\/>\n\t\t\t\t\t\t\t\t\t\t\t\t\t\t\t\t\t\t\t\t\t<source srcset=\"https:\/\/www.capgemini.com\/co-es\/wp-content\/uploads\/sites\/25\/2022\/12\/Capgemini-CRI-conversations-for-tomorrow6.jpg?w=1024&#038;quality=70 1x, https:\/\/www.capgemini.com\/co-es\/wp-content\/uploads\/sites\/25\/2022\/12\/Capgemini-CRI-conversations-for-tomorrow6.jpg?w=2048&#038;quality=70 2x\"\n\t\t\t\t\t\t\t\t\t\t\t\t\t\t\t\t\t\t\t\t\t\t\t\t\tmedia=\"(min-width: 992px)\"\/>\n\t\t\t\t\t\t\t\t\t\t\t\t\t\t\t\t\t\t\t\t\t<source srcset=\"https:\/\/www.capgemini.com\/co-es\/wp-content\/uploads\/sites\/25\/2022\/12\/Capgemini-CRI-conversations-for-tomorrow6.jpg?w=1024&#038;quality=70 1x, https:\/\/www.capgemini.com\/co-es\/wp-content\/uploads\/sites\/25\/2022\/12\/Capgemini-CRI-conversations-for-tomorrow6.jpg?w=2048&#038;quality=70 2x\"\n\t\t\t\t\t\t\t\t\t\t\t\t\t\t\t\t\t\t\t\t\t\t\t\t\tmedia=\"(min-width: 768px)\"\/>\n\t\t\t\t\t\t\t\t\t\t\t\t\t\t\t\t\t\t\t\t\t<source srcset=\"https:\/\/www.capgemini.com\/co-es\/wp-content\/uploads\/sites\/25\/2022\/12\/Capgemini-CRI-conversations-for-tomorrow6.jpg?w=500&#038;quality=70 1x, https:\/\/www.capgemini.com\/co-es\/wp-content\/uploads\/sites\/25\/2022\/12\/Capgemini-CRI-conversations-for-tomorrow6.jpg?w=1000&#038;quality=70 2x\"\n\t\t\t\t\t\t\t\t\t\t\t\t\t\t\t\t\t\t\t\t\t\t\t\t\tmedia=\"(min-width: 0)\"\/>\n\t\t\t\t\t\t\t\t\t\t\t\t\t\t\t\t\t\t\t\t\t\t<img decoding=\"async\" loading=\"lazy\" src=\"https:\/\/www.capgemini.com\/co-es\/wp-content\/uploads\/sites\/25\/2022\/12\/Capgemini-CRI-conversations-for-tomorrow6.jpg\" alt=\"\" style=\"object-position: 50% 50%; object-fit: cover;\">\n\t\t\t\t\t\t\t\t\t\t\t\t\t\t\t\t\t\t\t<\/picture>\n                                <\/div>\n                            <\/div>\n                            <div class=\"col-12 col-md-5 col-lg-7\"><\/div>\n                        <div class=\"col-12 col-md-7 col-lg-5\">\n                            <a href=\"https:\/\/www.capgemini.com\/co-es\/insights\/biblioteca-de-investigacion\/conversaciones-para-manana-6\/\" aria-label=\"Conversaciones para ma\u00f1ana #6\" class=\"card-link-holder\">\n                            <div class=\"insight-card insight-card-start\">\n                                <div class=\"card-tag\">Conversations for tomorrow<\/div>\n                                <h3 class=\"card-title\">Conversaciones para ma\u00f1ana #6<\/h3>\n                                <div class=\"insight-card-footer\">\n                                    <img decoding=\"async\" loading=\"lazy\" src=\"https:\/\/www.capgemini.com\/co-es\/wp-content\/themes\/capgemini2025\/assets\/images\/capgemini-research-institute-white.svg\" alt=\"capgemini-research-institute\" class=\"light\">\n\t\t\t\t\t\t\t\t\t<img decoding=\"async\" loading=\"lazy\" src=\"https:\/\/www.capgemini.com\/co-es\/wp-content\/themes\/capgemini2025\/assets\/images\/capgemini-research-institute-white.svg\" alt=\"capgemini-research-institute\" class=\"dark\">\n                                <\/div>\n                            <\/div>\n                            <\/a>\n                        <\/div>\n                     <\/div>\n                    <\/div><\/div><\/section>","protected":false},"excerpt":{"rendered":"","protected":false},"author":81,"featured_media":522707,"parent":5720,"menu_order":0,"comment_status":"closed","ping_status":"closed","template":"","meta":{"cg_dt_proposed_to":[],"cg_seo_hreflang_relations":"[]","cg_seo_canonical_relation":"","cg_seo_hreflang_x_default_relation":"{\"uuid\":\"b11206cb-04ed-4808-bb98-dec0777f3c94\",\"blogId\":\"\",\"domain\":\"\",\"sitePath\":\"\",\"postLink\":\"\",\"postId\":null,\"isSaved\":true,\"isCrossLink\":false,\"hasCrossLink\":false}","cg_dt_approved_content":true,"cg_dt_mandatory_content":false,"cg_dt_notes":"","cg_dg_source_changed":true,"cg_dt_link_disabled":false,"_yoast_wpseo_primary_brand":"","footnotes":"","featured_focal_points":"","partner_card_description":"","gsap_animation":0},"brand":[],"partner_type":[],"service":[104,434],"industry":[],"partners":[97],"page-type":[167],"content-group":[],"class_list":["post-522706","page","type-page","status-publish","has-post-thumbnail","hentry","service-enterprise-management","service-people-experience","partners-servicenow","page-type-solutions"],"yoast_head":"<!-- This site is optimized with the Yoast SEO Premium plugin v22.8 (Yoast SEO v22.8) - https:\/\/yoast.com\/wordpress\/plugins\/seo\/ -->\n<title>Experiencia de las personas y plataforma digital de gesti\u00f3n de la experiencia de los empleados<\/title>\n<meta name=\"description\" content=\"Transforme la experiencia digital de sus empleados con la People Experience Platform de Capgemini. Desde la incorporaci\u00f3n hasta la salida, estamos aqu\u00ed para aumentar la productividad, reducir costes e impulsar el valor empresarial.\" \/>\n<meta name=\"robots\" content=\"index, follow, max-snippet:-1, max-image-preview:large, max-video-preview:-1\" \/>\n<link rel=\"canonical\" href=\"https:\/\/www.capgemini.com\/co-es\/solutions\/experiencia-de-las-personas-con-servicenow\/\" \/>\n<meta property=\"og:locale\" content=\"es_MX\" \/>\n<meta property=\"og:type\" content=\"article\" \/>\n<meta property=\"og:title\" content=\"Experiencia de las personas con ServiceNow\" \/>\n<meta property=\"og:description\" content=\"Transforme la experiencia digital de sus empleados con la People Experience Platform de Capgemini. Desde la incorporaci\u00f3n hasta la salida, estamos aqu\u00ed para aumentar la productividad, reducir costes e impulsar el valor empresarial.\" \/>\n<meta property=\"og:url\" content=\"https:\/\/www.capgemini.com\/co-es\/solutions\/experiencia-de-las-personas-con-servicenow\/\" \/>\n<meta property=\"og:site_name\" content=\"Capgemini Colombia\" \/>\n<meta property=\"article:modified_time\" content=\"2026-01-09T06:53:03+00:00\" \/>\n<meta property=\"og:image\" content=\"https:\/\/www.capgemini.com\/co-es\/wp-content\/uploads\/sites\/25\/2024\/07\/People-experience-by-ServiceNow-2.png\" \/>\n\t<meta property=\"og:image:width\" content=\"2880\" \/>\n\t<meta property=\"og:image:height\" content=\"1800\" \/>\n\t<meta property=\"og:image:type\" content=\"image\/png\" \/>\n<meta name=\"twitter:card\" content=\"summary_large_image\" \/>\n<meta name=\"twitter:label1\" content=\"Est. reading time\" \/>\n\t<meta name=\"twitter:data1\" content=\"1 minute\" \/>\n<script type=\"application\/ld+json\" class=\"yoast-schema-graph\">{\"@context\":\"https:\/\/schema.org\",\"@graph\":[{\"@type\":\"WebPage\",\"@id\":\"https:\/\/www.capgemini.com\/co-es\/solutions\/experiencia-de-las-personas-con-servicenow\/\",\"url\":\"https:\/\/www.capgemini.com\/co-es\/solutions\/experiencia-de-las-personas-con-servicenow\/\",\"name\":\"Experiencia de las personas y plataforma digital de gesti\u00f3n de la experiencia de los empleados\",\"isPartOf\":{\"@id\":\"https:\/\/www.capgemini.com\/co-es\/#website\"},\"primaryImageOfPage\":{\"@id\":\"https:\/\/www.capgemini.com\/co-es\/solutions\/experiencia-de-las-personas-con-servicenow\/#primaryimage\"},\"image\":{\"@id\":\"https:\/\/www.capgemini.com\/co-es\/solutions\/experiencia-de-las-personas-con-servicenow\/#primaryimage\"},\"thumbnailUrl\":\"https:\/\/www.capgemini.com\/co-es\/wp-content\/uploads\/sites\/25\/2024\/07\/People-experience-by-ServiceNow-2.png\",\"datePublished\":\"2024-07-01T04:40:16+00:00\",\"dateModified\":\"2026-01-09T06:53:03+00:00\",\"description\":\"Transforme la experiencia digital de sus empleados con la People Experience Platform de Capgemini. Desde la incorporaci\u00f3n hasta la salida, estamos aqu\u00ed para aumentar la productividad, reducir costes e impulsar el valor empresarial.\",\"breadcrumb\":{\"@id\":\"https:\/\/www.capgemini.com\/co-es\/solutions\/experiencia-de-las-personas-con-servicenow\/#breadcrumb\"},\"inLanguage\":\"es-MX\",\"potentialAction\":[{\"@type\":\"ReadAction\",\"target\":[\"https:\/\/www.capgemini.com\/co-es\/solutions\/experiencia-de-las-personas-con-servicenow\/\"]}]},{\"@type\":\"ImageObject\",\"inLanguage\":\"es-MX\",\"@id\":\"https:\/\/www.capgemini.com\/co-es\/solutions\/experiencia-de-las-personas-con-servicenow\/#primaryimage\",\"url\":\"https:\/\/www.capgemini.com\/co-es\/wp-content\/uploads\/sites\/25\/2024\/07\/People-experience-by-ServiceNow-2.png\",\"contentUrl\":\"https:\/\/www.capgemini.com\/co-es\/wp-content\/uploads\/sites\/25\/2024\/07\/People-experience-by-ServiceNow-2.png\",\"width\":2880,\"height\":1800},{\"@type\":\"BreadcrumbList\",\"@id\":\"https:\/\/www.capgemini.com\/co-es\/solutions\/experiencia-de-las-personas-con-servicenow\/#breadcrumb\",\"itemListElement\":[{\"@type\":\"ListItem\",\"position\":1,\"name\":\"Home\",\"item\":\"https:\/\/www.capgemini.com\/co-es\/\"},{\"@type\":\"ListItem\",\"position\":2,\"name\":\"Solutions\",\"item\":\"https:\/\/www.capgemini.com\/co-es\/solutions\/\"},{\"@type\":\"ListItem\",\"position\":3,\"name\":\"Experiencia de las personas con ServiceNow\"}]},{\"@type\":\"WebSite\",\"@id\":\"https:\/\/www.capgemini.com\/co-es\/#website\",\"url\":\"https:\/\/www.capgemini.com\/co-es\/\",\"name\":\"Capgemini Colombia\",\"description\":\"Capgemini\",\"potentialAction\":[{\"@type\":\"SearchAction\",\"target\":{\"@type\":\"EntryPoint\",\"urlTemplate\":\"https:\/\/www.capgemini.com\/co-es\/?s={search_term_string}\"},\"query-input\":\"required name=search_term_string\"}],\"inLanguage\":\"es-MX\"}]}<\/script>\n<!-- \/ Yoast SEO Premium plugin. -->","yoast_head_json":{"title":"Experiencia de las personas y plataforma digital de gesti\u00f3n de la experiencia de los empleados","description":"Transforme la experiencia digital de sus empleados con la People Experience Platform de Capgemini. Desde la incorporaci\u00f3n hasta la salida, estamos aqu\u00ed para aumentar la productividad, reducir costes e impulsar el valor empresarial.","robots":{"index":"index","follow":"follow","max-snippet":"max-snippet:-1","max-image-preview":"max-image-preview:large","max-video-preview":"max-video-preview:-1"},"canonical":"https:\/\/www.capgemini.com\/co-es\/solutions\/experiencia-de-las-personas-con-servicenow\/","og_locale":"es_MX","og_type":"article","og_title":"Experiencia de las personas con ServiceNow","og_description":"Transforme la experiencia digital de sus empleados con la People Experience Platform de Capgemini. Desde la incorporaci\u00f3n hasta la salida, estamos aqu\u00ed para aumentar la productividad, reducir costes e impulsar el valor empresarial.","og_url":"https:\/\/www.capgemini.com\/co-es\/solutions\/experiencia-de-las-personas-con-servicenow\/","og_site_name":"Capgemini Colombia","article_modified_time":"2026-01-09T06:53:03+00:00","og_image":[{"width":2880,"height":1800,"url":"https:\/\/www.capgemini.com\/co-es\/wp-content\/uploads\/sites\/25\/2024\/07\/People-experience-by-ServiceNow-2.png","type":"image\/png"}],"twitter_card":"summary_large_image","twitter_misc":{"Est. reading time":"1 minute"},"schema":{"@context":"https:\/\/schema.org","@graph":[{"@type":"WebPage","@id":"https:\/\/www.capgemini.com\/co-es\/solutions\/experiencia-de-las-personas-con-servicenow\/","url":"https:\/\/www.capgemini.com\/co-es\/solutions\/experiencia-de-las-personas-con-servicenow\/","name":"Experiencia de las personas y plataforma digital de gesti\u00f3n de la experiencia de los empleados","isPartOf":{"@id":"https:\/\/www.capgemini.com\/co-es\/#website"},"primaryImageOfPage":{"@id":"https:\/\/www.capgemini.com\/co-es\/solutions\/experiencia-de-las-personas-con-servicenow\/#primaryimage"},"image":{"@id":"https:\/\/www.capgemini.com\/co-es\/solutions\/experiencia-de-las-personas-con-servicenow\/#primaryimage"},"thumbnailUrl":"https:\/\/www.capgemini.com\/co-es\/wp-content\/uploads\/sites\/25\/2024\/07\/People-experience-by-ServiceNow-2.png","datePublished":"2024-07-01T04:40:16+00:00","dateModified":"2026-01-09T06:53:03+00:00","description":"Transforme la experiencia digital de sus empleados con la People Experience Platform de Capgemini. Desde la incorporaci\u00f3n hasta la salida, estamos aqu\u00ed para aumentar la productividad, reducir costes e impulsar el valor empresarial.","breadcrumb":{"@id":"https:\/\/www.capgemini.com\/co-es\/solutions\/experiencia-de-las-personas-con-servicenow\/#breadcrumb"},"inLanguage":"es-MX","potentialAction":[{"@type":"ReadAction","target":["https:\/\/www.capgemini.com\/co-es\/solutions\/experiencia-de-las-personas-con-servicenow\/"]}]},{"@type":"ImageObject","inLanguage":"es-MX","@id":"https:\/\/www.capgemini.com\/co-es\/solutions\/experiencia-de-las-personas-con-servicenow\/#primaryimage","url":"https:\/\/www.capgemini.com\/co-es\/wp-content\/uploads\/sites\/25\/2024\/07\/People-experience-by-ServiceNow-2.png","contentUrl":"https:\/\/www.capgemini.com\/co-es\/wp-content\/uploads\/sites\/25\/2024\/07\/People-experience-by-ServiceNow-2.png","width":2880,"height":1800},{"@type":"BreadcrumbList","@id":"https:\/\/www.capgemini.com\/co-es\/solutions\/experiencia-de-las-personas-con-servicenow\/#breadcrumb","itemListElement":[{"@type":"ListItem","position":1,"name":"Home","item":"https:\/\/www.capgemini.com\/co-es\/"},{"@type":"ListItem","position":2,"name":"Solutions","item":"https:\/\/www.capgemini.com\/co-es\/solutions\/"},{"@type":"ListItem","position":3,"name":"Experiencia de las personas con ServiceNow"}]},{"@type":"WebSite","@id":"https:\/\/www.capgemini.com\/co-es\/#website","url":"https:\/\/www.capgemini.com\/co-es\/","name":"Capgemini Colombia","description":"Capgemini","potentialAction":[{"@type":"SearchAction","target":{"@type":"EntryPoint","urlTemplate":"https:\/\/www.capgemini.com\/co-es\/?s={search_term_string}"},"query-input":"required name=search_term_string"}],"inLanguage":"es-MX"}]}},"brand_term":[],"parsely":{"version":"1.1.0","canonical_url":"https:\/\/capgemini.com\/co-es\/solutions\/experiencia-de-las-personas-con-servicenow\/","smart_links":{"inbound":0,"outbound":0},"traffic_boost_suggestions_count":0,"meta":{"@context":"https:\/\/schema.org","@type":"WebPage","headline":"Experiencia de las personas con ServiceNow","url":"https:\/\/www.capgemini.com\/co-es\/solutions\/experiencia-de-las-personas-con-servicenow\/","mainEntityOfPage":{"@type":"WebPage","@id":"https:\/\/www.capgemini.com\/co-es\/solutions\/experiencia-de-las-personas-con-servicenow\/"},"thumbnailUrl":"https:\/\/www.capgemini.com\/co-es\/wp-content\/uploads\/sites\/25\/2024\/07\/People-experience-by-ServiceNow-2.png?w=150&h=150&crop=1","image":{"@type":"ImageObject","url":"https:\/\/www.capgemini.com\/co-es\/wp-content\/uploads\/sites\/25\/2024\/07\/People-experience-by-ServiceNow-2.png"},"articleSection":"Uncategorized","author":[],"creator":[],"publisher":{"@type":"Organization","name":"Capgemini Colombia","logo":""},"keywords":[],"dateCreated":"2024-07-01T04:40:16Z","datePublished":"2024-07-01T04:40:16Z","dateModified":"2026-01-09T06:53:03Z"},"rendered":"<meta name=\"parsely-title\" content=\"Experiencia de las personas con ServiceNow\" \/>\n<meta name=\"parsely-link\" content=\"https:\/\/www.capgemini.com\/co-es\/solutions\/experiencia-de-las-personas-con-servicenow\/\" \/>\n<meta name=\"parsely-type\" content=\"index\" \/>\n<meta name=\"parsely-image-url\" content=\"https:\/\/www.capgemini.com\/co-es\/wp-content\/uploads\/sites\/25\/2024\/07\/People-experience-by-ServiceNow-2.png?w=150&amp;h=150&amp;crop=1\" \/>\n<meta name=\"parsely-pub-date\" content=\"2024-07-01T04:40:16Z\" \/>\n<meta name=\"parsely-section\" content=\"Uncategorized\" \/>","tracker_url":"https:\/\/cdn.parsely.com\/keys\/capgemini.com\/p.js"},"archive_status":false,"featured_image_src":"https:\/\/www.capgemini.com\/co-es\/wp-content\/uploads\/sites\/25\/2024\/07\/People-experience-by-ServiceNow-2.png","featured_image_alt":"","jetpack_sharing_enabled":true,"distributor_meta":false,"distributor_terms":false,"distributor_media":false,"distributor_original_site_name":"Capgemini Colombia","distributor_original_site_url":"https:\/\/www.capgemini.com\/co-es","push-errors":false,"_links":{"self":[{"href":"https:\/\/www.capgemini.com\/co-es\/wp-json\/wp\/v2\/pages\/522706","targetHints":{"allow":["GET"]}}],"collection":[{"href":"https:\/\/www.capgemini.com\/co-es\/wp-json\/wp\/v2\/pages"}],"about":[{"href":"https:\/\/www.capgemini.com\/co-es\/wp-json\/wp\/v2\/types\/page"}],"author":[{"embeddable":true,"href":"https:\/\/www.capgemini.com\/co-es\/wp-json\/wp\/v2\/users\/81"}],"replies":[{"embeddable":true,"href":"https:\/\/www.capgemini.com\/co-es\/wp-json\/wp\/v2\/comments?post=522706"}],"version-history":[{"count":3,"href":"https:\/\/www.capgemini.com\/co-es\/wp-json\/wp\/v2\/pages\/522706\/revisions"}],"predecessor-version":[{"id":536621,"href":"https:\/\/www.capgemini.com\/co-es\/wp-json\/wp\/v2\/pages\/522706\/revisions\/536621"}],"up":[{"embeddable":true,"href":"https:\/\/www.capgemini.com\/co-es\/wp-json\/wp\/v2\/pages\/5720"}],"wp:featuredmedia":[{"embeddable":true,"href":"https:\/\/www.capgemini.com\/co-es\/wp-json\/wp\/v2\/media\/522707"}],"wp:attachment":[{"href":"https:\/\/www.capgemini.com\/co-es\/wp-json\/wp\/v2\/media?parent=522706"}],"wp:term":[{"taxonomy":"brand","embeddable":true,"href":"https:\/\/www.capgemini.com\/co-es\/wp-json\/wp\/v2\/brand?post=522706"},{"taxonomy":"partner_type","embeddable":true,"href":"https:\/\/www.capgemini.com\/co-es\/wp-json\/wp\/v2\/partner_type?post=522706"},{"taxonomy":"service","embeddable":true,"href":"https:\/\/www.capgemini.com\/co-es\/wp-json\/wp\/v2\/service?post=522706"},{"taxonomy":"industry","embeddable":true,"href":"https:\/\/www.capgemini.com\/co-es\/wp-json\/wp\/v2\/industry?post=522706"},{"taxonomy":"partners","embeddable":true,"href":"https:\/\/www.capgemini.com\/co-es\/wp-json\/wp\/v2\/partners?post=522706"},{"taxonomy":"page-type","embeddable":true,"href":"https:\/\/www.capgemini.com\/co-es\/wp-json\/wp\/v2\/page-type?post=522706"},{"taxonomy":"content-group","embeddable":true,"href":"https:\/\/www.capgemini.com\/co-es\/wp-json\/wp\/v2\/content-group?post=522706"}],"curies":[{"name":"wp","href":"https:\/\/api.w.org\/{rel}","templated":true}]}}