{"id":519314,"date":"2024-02-24T16:24:00","date_gmt":"2024-02-24T16:24:00","guid":{"rendered":"https:\/\/www.capgemini.com\/co-es\/?page_id=519314&#038;preview_id=519314"},"modified":"2026-01-09T06:54:14","modified_gmt":"2026-01-09T06:54:14","slug":"servicios-de-campo-conectados","status":"publish","type":"page","link":"https:\/\/www.capgemini.com\/co-es\/solutions\/servicios-de-campo-conectados\/","title":{"rendered":"Servicios de campo conectados"},"content":{"rendered":"\n<header class=\"wp-block-cg-blocks-hero-reusable header heroReusable  \"><div class=\"header-bgs\"><picture><source srcset=\"https:\/\/www.capgemini.com\/wp-content\/uploads\/2024\/02\/Connected-Field-Services_Banner_2880-x-1800.jpg?w=2880&amp;quality=70 1x, https:\/\/www.capgemini.com\/wp-content\/uploads\/2024\/02\/Connected-Field-Services_Banner_2880-x-1800.jpg?w=2880&amp;quality=70 2x\" media=\"(min-width: 1500px)\"\/><source srcset=\"https:\/\/www.capgemini.com\/wp-content\/uploads\/2024\/02\/Connected-Field-Services_Banner_2880-x-1800.jpg?w=1440&amp;quality=70 1x, https:\/\/www.capgemini.com\/wp-content\/uploads\/2024\/02\/Connected-Field-Services_Banner_2880-x-1800.jpg?w=2880&amp;quality=70 2x\" media=\"(min-width: 992px)\"\/><source srcset=\"https:\/\/www.capgemini.com\/wp-content\/uploads\/2024\/02\/Connected-Field-Services_Banner_2880-x-1800.jpg?w=1024&amp;quality=70 1x, https:\/\/www.capgemini.com\/wp-content\/uploads\/2024\/02\/Connected-Field-Services_Banner_2880-x-1800.jpg?w=1024&amp;quality=70 2x\" media=\"(min-width: 768px)\"\/><source srcset=\"https:\/\/www.capgemini.com\/wp-content\/uploads\/2024\/02\/Connected-Field-Services_Banner_2880-x-1800.jpg?w=768&amp;quality=70 1x, https:\/\/www.capgemini.com\/wp-content\/uploads\/2024\/02\/Connected-Field-Services_Banner_2880-x-1800.jpg?w=768&amp;quality=70 2x\" media=\"(min-width: 0)\"\/><img decoding=\"async\" src=\"https:\/\/www.capgemini.com\/wp-content\/uploads\/2024\/02\/Connected-Field-Services_Banner_2880-x-1800.jpg\" class=\"header-img header-img-d\" alt=\"\" style=\"object-fit:cover;object-position:56.00000000000001% 15%\" loading=\"eager\"\/><\/picture><\/div><div class=\"heroPictureCardHeaderShape\"><\/div><div class=\"container\"><div class=\"row\"><div class=\"col-md-12\"><div class=\"box\"><div class=\"boxTagWrapper\"><div class=\"tagInfo\"><div><span class=\"box-tag\">Solution<\/span><\/div><\/div><\/div><div class=\"box-title\"><h1 data-maxlength=\"34\">Servicios de campo conectados<\/h1><\/div><h2 class=\"reasearchInsightTitle\">Mejorar la eficacia y la experiencia del cliente<\/h2><div class=\"inner-row-insight download-btn\"><\/div><\/div><\/div><\/div><\/div><\/header>\n\n\n\n<section class=\"wp-block-cg-blocks-group undefined section section--article-content\"><div class=\"article-main-content\"><div class=\"container\"><div class=\"row\"><div class=\"col-12 col-md-1\"><nav class=\"article-social\"><ul class=\"social-nav\"><li class=\"ip-order-fb\"><a href=\"https:\/\/www.facebook.com\/sharer\/sharer.php?u=https:\/\/www.capgemini.com\/?page_id=961161\" target=\"_blank\" rel=\"noopener noreferrer\" title=\"abrir en una nueva ventana\"><i aria-hidden=\"true\" class=\"icon-fb\"><\/i><span class=\"sr-only\">Facebook<\/span><\/a><\/li><li class=\"ip-order-tw\"><a href=\"https:\/\/twitter.com\/intent\/tweet?url=https:\/\/www.capgemini.com\/?page_id=961161&amp;text=\" target=\"_blank\" rel=\"noopener noreferrer\" title=\"abrir en una nueva ventana\"><i aria-hidden=\"true\" class=\"icon-tw\"><\/i><span class=\"sr-only\">Twitter<\/span><\/a><\/li><li class=\"ip-order-li\"><a href=\"https:\/\/www.linkedin.com\/shareArticle?url=https:\/\/www.capgemini.com\/?page_id=961161&amp;text=\" target=\"_blank\" rel=\"noopener noreferrer\" title=\"abrir en una nueva ventana\"><i aria-hidden=\"true\" class=\"icon-li\"><\/i><span class=\"sr-only\">Linkedin<\/span><\/a><\/li><\/ul><\/nav><\/div><div class=\"col-12 col-md-11 col-lg-10\"><div class=\"article-text article-quote-text\">\n<h2 class=\"wp-block-heading\" id=\"h-en-el-panorama-empresarial-actual-las-organizaciones-se-enfrentan-a-una-presion-cada-vez-mayor-para-lograr-eficiencias-operativas-reducir-su-huella-de-carbono-y-mejorar-la-experiencia-del-cliente-en-toda-su-cadena-de-valor\"><strong>En el panorama empresarial actual, las organizaciones se enfrentan a una presi\u00f3n cada vez mayor para lograr eficiencias operativas, reducir su huella de carbono y mejorar la experiencia del cliente en toda su cadena de valor. <\/strong><\/h2>\n\n\n\n<p>Por lo tanto, es crucial centrarse en \u00e1reas cr\u00edticas que ayuden a reducir el gasto, minimizar las emisiones de carbono y mejorar el impacto en el cliente para cumplir los objetivos estrat\u00e9gicos.<a id=\"_msocom_1\"><\/a><\/p>\n\n\n\n<p>Nuestra innovadora soluci\u00f3n Connected Field Service imagina miembros del equipo de campo conectados digitalmente que tienen acceso a informaci\u00f3n y recursos en tiempo real, lo que les permite ofrecer servicios \u00f3ptimos para los clientes, los activos y el medio ambiente. Adem\u00e1s de ser un potente motor de ventas.<\/p>\n\n\n\n<p>Al aprovechar el poder de Dynamics 365, Copilot impulsado por IA y Microsoft Power Platform, ofrecemos un enfoque probado y acelerado, garantizando implementaciones eficientes y exitosas.<\/p>\n\n\n\n<p>Al implantar esta soluci\u00f3n, las empresas pueden reducir gastos, aumentar la eficacia operativa, preparar su infraestructura inform\u00e1tica para el futuro, evitar costes, mejorar sus credenciales medioambientales, reforzar el cumplimiento de la normativa, mejorar la experiencia de los clientes, aumentar la satisfacci\u00f3n de los empleados y mejorar la toma de decisiones gracias a una mayor calidad de los datos.<\/p>\n\n\n\n<p>Aprovechamos las mejores pr\u00e1cticas del dise\u00f1o centrado en el usuario, las metodolog\u00edas \u00e1giles, DevOps y los principios Success by Design de Microsoft. Este enfoque nos permite entregar proyectos integrales con rapidez, al tiempo que priorizamos las necesidades de los usuarios y el valor empresarial.<\/p>\n\n\n\n<p>A trav\u00e9s de nuestra asociaci\u00f3n, Microsoft y Capgemini ofrecen un conjunto completo de servicios, incluidas implantaciones basadas en plantillas y aceleradores t\u00e9cnicos, que garantizan resultados de alta calidad al tiempo que agilizan los plazos de los proyectos y mitigan los riesgos.<\/p>\n\n\n\n<p>Transforme sus operaciones sobre el terreno y libere el potencial para mejorar la eficiencia y ofrecer experiencias excepcionales a los clientes con nuestra soluci\u00f3n Connected Field Services. \u00danase a nosotros para dar forma al futuro de la prestaci\u00f3n de servicios conectados e impulsar el crecimiento sostenible de su empresa.<\/p>\n<\/div><\/div><\/div><\/div><\/div><\/section>\n","protected":false},"excerpt":{"rendered":"","protected":false},"author":440,"featured_media":519315,"parent":5720,"menu_order":0,"comment_status":"closed","ping_status":"closed","template":"","meta":{"cg_dt_proposed_to":[],"cg_seo_hreflang_relations":"[]","cg_seo_canonical_relation":"","cg_seo_hreflang_x_default_relation":"{\"uuid\":\"c40c81e3-76c0-46b1-9ce8-51de2907263b\",\"blogId\":\"\",\"domain\":\"\",\"sitePath\":\"\",\"postLink\":\"\",\"postId\":null,\"isSaved\":true,\"isCrossLink\":false,\"hasCrossLink\":false}","cg_dt_approved_content":true,"cg_dt_mandatory_content":false,"cg_dt_notes":"","cg_dg_source_changed":true,"cg_dt_link_disabled":false,"_yoast_wpseo_primary_brand":"","footnotes":"","featured_focal_points":"","partner_card_description":"","gsap_animation":0},"brand":[],"partner_type":[],"service":[],"industry":[],"partners":[],"page-type":[167],"content-group":[],"class_list":["post-519314","page","type-page","status-publish","has-post-thumbnail","hentry","page-type-solutions"],"yoast_head":"<!-- This site is optimized with the Yoast SEO Premium plugin v22.8 (Yoast SEO v22.8) - https:\/\/yoast.com\/wordpress\/plugins\/seo\/ -->\n<title>Servicios de campo conectados | Capgemini<\/title>\n<meta name=\"description\" content=\"En el panorama empresarial actual, las organizaciones se enfrentan a una presi\u00f3n cada vez mayor para lograr eficiencias operativas, reducir su huella de carbono y mejorar la experiencia del cliente en toda su cadena de valor.\" \/>\n<meta name=\"robots\" content=\"index, follow, max-snippet:-1, max-image-preview:large, max-video-preview:-1\" \/>\n<link rel=\"canonical\" href=\"https:\/\/www.capgemini.com\/co-es\/solutions\/servicios-de-campo-conectados\/\" \/>\n<meta property=\"og:locale\" content=\"es_MX\" \/>\n<meta property=\"og:type\" content=\"article\" \/>\n<meta property=\"og:title\" content=\"Servicios de campo conectados\" \/>\n<meta property=\"og:description\" content=\"En el panorama empresarial actual, las organizaciones se enfrentan a una presi\u00f3n cada vez mayor para lograr eficiencias operativas, reducir su huella de carbono y mejorar la experiencia del cliente en toda su cadena de valor.\" \/>\n<meta property=\"og:url\" content=\"https:\/\/www.capgemini.com\/co-es\/solutions\/servicios-de-campo-conectados\/\" \/>\n<meta property=\"og:site_name\" content=\"Capgemini Colombia\" \/>\n<meta property=\"article:modified_time\" content=\"2026-01-09T06:54:14+00:00\" \/>\n<meta property=\"og:image\" content=\"https:\/\/www.capgemini.com\/co-es\/wp-content\/uploads\/sites\/25\/2024\/02\/Connected-Field-Services_Banner_2880-x-1800.jpg\" \/>\n\t<meta property=\"og:image:width\" content=\"2880\" \/>\n\t<meta property=\"og:image:height\" content=\"1800\" \/>\n\t<meta property=\"og:image:type\" content=\"image\/jpeg\" \/>\n<meta name=\"twitter:card\" content=\"summary_large_image\" \/>\n<meta name=\"twitter:label1\" content=\"Est. reading time\" \/>\n\t<meta name=\"twitter:data1\" content=\"1 minute\" \/>\n<script type=\"application\/ld+json\" class=\"yoast-schema-graph\">{\"@context\":\"https:\/\/schema.org\",\"@graph\":[{\"@type\":\"WebPage\",\"@id\":\"https:\/\/www.capgemini.com\/co-es\/solutions\/servicios-de-campo-conectados\/\",\"url\":\"https:\/\/www.capgemini.com\/co-es\/solutions\/servicios-de-campo-conectados\/\",\"name\":\"Servicios de campo conectados | Capgemini\",\"isPartOf\":{\"@id\":\"https:\/\/www.capgemini.com\/co-es\/#website\"},\"primaryImageOfPage\":{\"@id\":\"https:\/\/www.capgemini.com\/co-es\/solutions\/servicios-de-campo-conectados\/#primaryimage\"},\"image\":{\"@id\":\"https:\/\/www.capgemini.com\/co-es\/solutions\/servicios-de-campo-conectados\/#primaryimage\"},\"thumbnailUrl\":\"https:\/\/www.capgemini.com\/co-es\/wp-content\/uploads\/sites\/25\/2024\/02\/Connected-Field-Services_Banner_2880-x-1800.jpg\",\"datePublished\":\"2024-02-24T16:24:00+00:00\",\"dateModified\":\"2026-01-09T06:54:14+00:00\",\"description\":\"En el panorama empresarial actual, las organizaciones se enfrentan a una presi\u00f3n cada vez mayor para lograr eficiencias operativas, reducir su huella de carbono y mejorar la experiencia del cliente en toda su cadena de valor.\",\"breadcrumb\":{\"@id\":\"https:\/\/www.capgemini.com\/co-es\/solutions\/servicios-de-campo-conectados\/#breadcrumb\"},\"inLanguage\":\"es-MX\",\"potentialAction\":[{\"@type\":\"ReadAction\",\"target\":[\"https:\/\/www.capgemini.com\/co-es\/solutions\/servicios-de-campo-conectados\/\"]}]},{\"@type\":\"ImageObject\",\"inLanguage\":\"es-MX\",\"@id\":\"https:\/\/www.capgemini.com\/co-es\/solutions\/servicios-de-campo-conectados\/#primaryimage\",\"url\":\"https:\/\/www.capgemini.com\/co-es\/wp-content\/uploads\/sites\/25\/2024\/02\/Connected-Field-Services_Banner_2880-x-1800.jpg\",\"contentUrl\":\"https:\/\/www.capgemini.com\/co-es\/wp-content\/uploads\/sites\/25\/2024\/02\/Connected-Field-Services_Banner_2880-x-1800.jpg\",\"width\":2880,\"height\":1800},{\"@type\":\"BreadcrumbList\",\"@id\":\"https:\/\/www.capgemini.com\/co-es\/solutions\/servicios-de-campo-conectados\/#breadcrumb\",\"itemListElement\":[{\"@type\":\"ListItem\",\"position\":1,\"name\":\"Home\",\"item\":\"https:\/\/www.capgemini.com\/co-es\/\"},{\"@type\":\"ListItem\",\"position\":2,\"name\":\"Solutions\",\"item\":\"https:\/\/www.capgemini.com\/co-es\/solutions\/\"},{\"@type\":\"ListItem\",\"position\":3,\"name\":\"Servicios de campo conectados\"}]},{\"@type\":\"WebSite\",\"@id\":\"https:\/\/www.capgemini.com\/co-es\/#website\",\"url\":\"https:\/\/www.capgemini.com\/co-es\/\",\"name\":\"Capgemini Colombia\",\"description\":\"Capgemini\",\"potentialAction\":[{\"@type\":\"SearchAction\",\"target\":{\"@type\":\"EntryPoint\",\"urlTemplate\":\"https:\/\/www.capgemini.com\/co-es\/?s={search_term_string}\"},\"query-input\":\"required name=search_term_string\"}],\"inLanguage\":\"es-MX\"}]}<\/script>\n<!-- \/ Yoast SEO Premium plugin. -->","yoast_head_json":{"title":"Servicios de campo conectados | Capgemini","description":"En el panorama empresarial actual, las organizaciones se enfrentan a una presi\u00f3n cada vez mayor para lograr eficiencias operativas, reducir su huella de carbono y mejorar la experiencia del cliente en toda su cadena de valor.","robots":{"index":"index","follow":"follow","max-snippet":"max-snippet:-1","max-image-preview":"max-image-preview:large","max-video-preview":"max-video-preview:-1"},"canonical":"https:\/\/www.capgemini.com\/co-es\/solutions\/servicios-de-campo-conectados\/","og_locale":"es_MX","og_type":"article","og_title":"Servicios de campo conectados","og_description":"En el panorama empresarial actual, las organizaciones se enfrentan a una presi\u00f3n cada vez mayor para lograr eficiencias operativas, reducir su huella de carbono y mejorar la experiencia del cliente en toda su cadena de valor.","og_url":"https:\/\/www.capgemini.com\/co-es\/solutions\/servicios-de-campo-conectados\/","og_site_name":"Capgemini Colombia","article_modified_time":"2026-01-09T06:54:14+00:00","og_image":[{"width":2880,"height":1800,"url":"https:\/\/www.capgemini.com\/co-es\/wp-content\/uploads\/sites\/25\/2024\/02\/Connected-Field-Services_Banner_2880-x-1800.jpg","type":"image\/jpeg"}],"twitter_card":"summary_large_image","twitter_misc":{"Est. reading time":"1 minute"},"schema":{"@context":"https:\/\/schema.org","@graph":[{"@type":"WebPage","@id":"https:\/\/www.capgemini.com\/co-es\/solutions\/servicios-de-campo-conectados\/","url":"https:\/\/www.capgemini.com\/co-es\/solutions\/servicios-de-campo-conectados\/","name":"Servicios de campo conectados | Capgemini","isPartOf":{"@id":"https:\/\/www.capgemini.com\/co-es\/#website"},"primaryImageOfPage":{"@id":"https:\/\/www.capgemini.com\/co-es\/solutions\/servicios-de-campo-conectados\/#primaryimage"},"image":{"@id":"https:\/\/www.capgemini.com\/co-es\/solutions\/servicios-de-campo-conectados\/#primaryimage"},"thumbnailUrl":"https:\/\/www.capgemini.com\/co-es\/wp-content\/uploads\/sites\/25\/2024\/02\/Connected-Field-Services_Banner_2880-x-1800.jpg","datePublished":"2024-02-24T16:24:00+00:00","dateModified":"2026-01-09T06:54:14+00:00","description":"En el panorama empresarial actual, las organizaciones se enfrentan a una presi\u00f3n cada vez mayor para lograr eficiencias operativas, reducir su huella de carbono y mejorar la experiencia del cliente en toda su cadena de valor.","breadcrumb":{"@id":"https:\/\/www.capgemini.com\/co-es\/solutions\/servicios-de-campo-conectados\/#breadcrumb"},"inLanguage":"es-MX","potentialAction":[{"@type":"ReadAction","target":["https:\/\/www.capgemini.com\/co-es\/solutions\/servicios-de-campo-conectados\/"]}]},{"@type":"ImageObject","inLanguage":"es-MX","@id":"https:\/\/www.capgemini.com\/co-es\/solutions\/servicios-de-campo-conectados\/#primaryimage","url":"https:\/\/www.capgemini.com\/co-es\/wp-content\/uploads\/sites\/25\/2024\/02\/Connected-Field-Services_Banner_2880-x-1800.jpg","contentUrl":"https:\/\/www.capgemini.com\/co-es\/wp-content\/uploads\/sites\/25\/2024\/02\/Connected-Field-Services_Banner_2880-x-1800.jpg","width":2880,"height":1800},{"@type":"BreadcrumbList","@id":"https:\/\/www.capgemini.com\/co-es\/solutions\/servicios-de-campo-conectados\/#breadcrumb","itemListElement":[{"@type":"ListItem","position":1,"name":"Home","item":"https:\/\/www.capgemini.com\/co-es\/"},{"@type":"ListItem","position":2,"name":"Solutions","item":"https:\/\/www.capgemini.com\/co-es\/solutions\/"},{"@type":"ListItem","position":3,"name":"Servicios de campo conectados"}]},{"@type":"WebSite","@id":"https:\/\/www.capgemini.com\/co-es\/#website","url":"https:\/\/www.capgemini.com\/co-es\/","name":"Capgemini Colombia","description":"Capgemini","potentialAction":[{"@type":"SearchAction","target":{"@type":"EntryPoint","urlTemplate":"https:\/\/www.capgemini.com\/co-es\/?s={search_term_string}"},"query-input":"required name=search_term_string"}],"inLanguage":"es-MX"}]}},"brand_term":[],"parsely":{"version":"1.1.0","canonical_url":"https:\/\/capgemini.com\/co-es\/solutions\/servicios-de-campo-conectados\/","smart_links":{"inbound":0,"outbound":0},"traffic_boost_suggestions_count":0,"meta":{"@context":"https:\/\/schema.org","@type":"WebPage","headline":"Servicios de campo conectados","url":"https:\/\/www.capgemini.com\/co-es\/solutions\/servicios-de-campo-conectados\/","mainEntityOfPage":{"@type":"WebPage","@id":"https:\/\/www.capgemini.com\/co-es\/solutions\/servicios-de-campo-conectados\/"},"thumbnailUrl":"https:\/\/www.capgemini.com\/co-es\/wp-content\/uploads\/sites\/25\/2024\/02\/Connected-Field-Services_Banner_2880-x-1800.jpg?w=150&h=150&crop=1","image":{"@type":"ImageObject","url":"https:\/\/www.capgemini.com\/co-es\/wp-content\/uploads\/sites\/25\/2024\/02\/Connected-Field-Services_Banner_2880-x-1800.jpg"},"articleSection":"Uncategorized","author":[],"creator":[],"publisher":{"@type":"Organization","name":"Capgemini Colombia","logo":""},"keywords":[],"dateCreated":"2024-02-24T16:24:00Z","datePublished":"2024-02-24T16:24:00Z","dateModified":"2026-01-09T06:54:14Z"},"rendered":"<meta name=\"parsely-title\" content=\"Servicios de campo conectados\" \/>\n<meta name=\"parsely-link\" content=\"https:\/\/www.capgemini.com\/co-es\/solutions\/servicios-de-campo-conectados\/\" \/>\n<meta name=\"parsely-type\" content=\"index\" \/>\n<meta name=\"parsely-image-url\" content=\"https:\/\/www.capgemini.com\/co-es\/wp-content\/uploads\/sites\/25\/2024\/02\/Connected-Field-Services_Banner_2880-x-1800.jpg?w=150&amp;h=150&amp;crop=1\" \/>\n<meta name=\"parsely-pub-date\" content=\"2024-02-24T16:24:00Z\" \/>\n<meta name=\"parsely-section\" content=\"Uncategorized\" \/>","tracker_url":"https:\/\/cdn.parsely.com\/keys\/capgemini.com\/p.js"},"archive_status":false,"featured_image_src":"https:\/\/www.capgemini.com\/co-es\/wp-content\/uploads\/sites\/25\/2024\/02\/Connected-Field-Services_Banner_2880-x-1800.jpg","featured_image_alt":"","jetpack_sharing_enabled":true,"distributor_meta":false,"distributor_terms":false,"distributor_media":false,"distributor_original_site_name":"Capgemini Colombia","distributor_original_site_url":"https:\/\/www.capgemini.com\/co-es","push-errors":false,"_links":{"self":[{"href":"https:\/\/www.capgemini.com\/co-es\/wp-json\/wp\/v2\/pages\/519314","targetHints":{"allow":["GET"]}}],"collection":[{"href":"https:\/\/www.capgemini.com\/co-es\/wp-json\/wp\/v2\/pages"}],"about":[{"href":"https:\/\/www.capgemini.com\/co-es\/wp-json\/wp\/v2\/types\/page"}],"author":[{"embeddable":true,"href":"https:\/\/www.capgemini.com\/co-es\/wp-json\/wp\/v2\/users\/440"}],"replies":[{"embeddable":true,"href":"https:\/\/www.capgemini.com\/co-es\/wp-json\/wp\/v2\/comments?post=519314"}],"version-history":[{"count":2,"href":"https:\/\/www.capgemini.com\/co-es\/wp-json\/wp\/v2\/pages\/519314\/revisions"}],"predecessor-version":[{"id":535549,"href":"https:\/\/www.capgemini.com\/co-es\/wp-json\/wp\/v2\/pages\/519314\/revisions\/535549"}],"up":[{"embeddable":true,"href":"https:\/\/www.capgemini.com\/co-es\/wp-json\/wp\/v2\/pages\/5720"}],"wp:featuredmedia":[{"embeddable":true,"href":"https:\/\/www.capgemini.com\/co-es\/wp-json\/wp\/v2\/media\/519315"}],"wp:attachment":[{"href":"https:\/\/www.capgemini.com\/co-es\/wp-json\/wp\/v2\/media?parent=519314"}],"wp:term":[{"taxonomy":"brand","embeddable":true,"href":"https:\/\/www.capgemini.com\/co-es\/wp-json\/wp\/v2\/brand?post=519314"},{"taxonomy":"partner_type","embeddable":true,"href":"https:\/\/www.capgemini.com\/co-es\/wp-json\/wp\/v2\/partner_type?post=519314"},{"taxonomy":"service","embeddable":true,"href":"https:\/\/www.capgemini.com\/co-es\/wp-json\/wp\/v2\/service?post=519314"},{"taxonomy":"industry","embeddable":true,"href":"https:\/\/www.capgemini.com\/co-es\/wp-json\/wp\/v2\/industry?post=519314"},{"taxonomy":"partners","embeddable":true,"href":"https:\/\/www.capgemini.com\/co-es\/wp-json\/wp\/v2\/partners?post=519314"},{"taxonomy":"page-type","embeddable":true,"href":"https:\/\/www.capgemini.com\/co-es\/wp-json\/wp\/v2\/page-type?post=519314"},{"taxonomy":"content-group","embeddable":true,"href":"https:\/\/www.capgemini.com\/co-es\/wp-json\/wp\/v2\/content-group?post=519314"}],"curies":[{"name":"wp","href":"https:\/\/api.w.org\/{rel}","templated":true}]}}