{"id":518837,"date":"2024-02-04T15:05:36","date_gmt":"2024-02-04T15:05:36","guid":{"rendered":"https:\/\/www.capgemini.com\/co-es\/?page_id=518837&#038;preview_id=518837"},"modified":"2026-01-12T21:36:24","modified_gmt":"2026-01-12T21:36:24","slug":"productos-y-servicios-sostenibles","status":"publish","type":"page","link":"https:\/\/www.capgemini.com\/co-es\/solutions\/productos-y-servicios-sostenibles\/","title":{"rendered":"Productos y servicios sostenibles"},"content":{"rendered":"\n<header class=\"wp-block-cg-blocks-hero-reusable header heroReusable  \"><div class=\"header-bgs\"><picture><source srcset=\"https:\/\/www.capgemini.com\/wp-content\/uploads\/2023\/09\/Capture-decran-2023-09-14-a-15.51.34.png?w=2880&amp;quality=70 1x, https:\/\/www.capgemini.com\/wp-content\/uploads\/2023\/09\/Capture-decran-2023-09-14-a-15.51.34.png?w=2880&amp;quality=70 2x\" media=\"(min-width: 1500px)\"\/><source srcset=\"https:\/\/www.capgemini.com\/wp-content\/uploads\/2023\/09\/Capture-decran-2023-09-14-a-15.51.34.png?w=1440&amp;quality=70 1x, https:\/\/www.capgemini.com\/wp-content\/uploads\/2023\/09\/Capture-decran-2023-09-14-a-15.51.34.png?w=2880&amp;quality=70 2x\" media=\"(min-width: 992px)\"\/><source srcset=\"https:\/\/www.capgemini.com\/wp-content\/uploads\/2023\/09\/Capture-decran-2023-09-14-a-15.51.34.png?w=1024&amp;quality=70 1x, https:\/\/www.capgemini.com\/wp-content\/uploads\/2023\/09\/Capture-decran-2023-09-14-a-15.51.34.png?w=1024&amp;quality=70 2x\" media=\"(min-width: 768px)\"\/><source srcset=\"https:\/\/www.capgemini.com\/wp-content\/uploads\/2023\/09\/Capture-decran-2023-09-14-a-15.51.34.png?w=768&amp;quality=70 1x, https:\/\/www.capgemini.com\/wp-content\/uploads\/2023\/09\/Capture-decran-2023-09-14-a-15.51.34.png?w=768&amp;quality=70 2x\" media=\"(min-width: 0)\"\/><img decoding=\"async\" src=\"https:\/\/www.capgemini.com\/wp-content\/uploads\/2023\/09\/Capture-decran-2023-09-14-a-15.51.34.png\" class=\"header-img header-img-d\" alt=\"\" style=\"object-fit:cover;object-position:67% 50%\" loading=\"eager\"\/><\/picture><\/div><div class=\"heroPictureCardHeaderShape\"><\/div><div class=\"container\"><div class=\"row\"><div class=\"col-md-12\"><div class=\"box\"><div class=\"boxTagWrapper\"><div class=\"tagInfo\"><div><span class=\"box-tag\">Solution<\/span><\/div><\/div><\/div><div class=\"box-title\"><h1 data-maxlength=\"34\">Productos y servicios sostenibles<\/h1><\/div><div class=\"inner-row-insight download-btn\"><\/div><\/div><\/div><\/div><\/div><\/header>\n\n\n\n<section class=\"wp-block-cg-blocks-group undefined section section--article-content\"><div class=\"article-main-content\"><div class=\"container\"><div class=\"row\"><div class=\"col-12 col-md-1\"><nav class=\"article-social\"><ul class=\"social-nav\"><li class=\"ip-order-fb\"><a href=\"https:\/\/www.facebook.com\/sharer\/sharer.php?u=https:\/\/www.capgemini.com\/?page_id=954506\" target=\"_blank\" rel=\"noopener noreferrer\" title=\"Abrir en una nueva ventana\"><i aria-hidden=\"true\" class=\"icon-fb\"><\/i><span class=\"sr-only\">Facebook<\/span><\/a><\/li><li class=\"ip-order-tw\"><a href=\"https:\/\/twitter.com\/intent\/tweet?url=https:\/\/www.capgemini.com\/?page_id=954506&amp;text=\" target=\"_blank\" rel=\"noopener noreferrer\" title=\"Abrir en una nueva ventana\"><i aria-hidden=\"true\" class=\"icon-tw\"><\/i><span class=\"sr-only\">Twitter<\/span><\/a><\/li><li class=\"ip-order-li\"><a href=\"https:\/\/www.linkedin.com\/shareArticle?url=https:\/\/www.capgemini.com\/?page_id=954506&amp;text=\" target=\"_blank\" rel=\"noopener noreferrer\" title=\"Abrir en una nueva ventana\"><i aria-hidden=\"true\" class=\"icon-li\"><\/i><span class=\"sr-only\">Linkedin<\/span><\/a><\/li><\/ul><\/nav><\/div><div class=\"col-12 col-md-11 col-lg-10\"><div class=\"article-text article-quote-text\">\n<h3 class=\"wp-block-heading\" id=\"h-replantear-el-diseno-de-productos-para-un-crecimiento-sostenible\">Replantear el dise\u00f1o de productos para un crecimiento sostenible.<\/h3>\n\n\n\n<p>Para reducir significativamente las emisiones medioambientales, las empresas deben adoptar medidas disruptivas y revolucionar el dise\u00f1o de sus productos. Las palancas hacia el rendimiento sostenible pueden encontrarse a lo largo de toda la cadena de valor, centr\u00e1ndose en la eficiencia material y energ\u00e9tica, los materiales de bajo impacto y la aplicaci\u00f3n de principios de circularidad que cierren los bucles de materiales. En una \u00e9poca de escasez de recursos, este \u00faltimo no solo reduce el impacto medioambiental de los productos, sino que tambi\u00e9n refuerza el negocio y la resiliencia.<\/p>\n\n\n\n<p>El dise\u00f1o de productos hacia la sostenibilidad requiere la adopci\u00f3n de procesos y herramientas de dise\u00f1o innovadores, la automatizaci\u00f3n de la recogida y utilizaci\u00f3n de datos sobre el ciclo de vida de los productos y el aprovechamiento de tecnolog\u00edas escalables y sostenibles.<\/p>\n\n\n\n<p>Nuestro planteamiento integral ayuda a las empresas a integrar la sostenibilidad como factor clave en sus procesos de dise\u00f1o de productos y a obtener efectos positivos en su comportamiento medioambiental, pero tambi\u00e9n en el crecimiento de su negocio, todo ello a gran velocidad y escala.<\/p>\n\n\n\n<blockquote class=\"wp-block-quote is-layout-flow wp-block-quote-is-layout-flow\">\n<p>&#8220;La transici\u00f3n a un dise\u00f1o y una fabricaci\u00f3n de productos orientados a la sostenibilidad puede parecer una empresa larga, costosa y, por tanto, desfavorable. Pero aplicar las medidas adecuadas puede ayudar a las empresas a beneficiarse a largo plazo.&#8221;<\/p>\n<cite>Dorothea Pohlmann, Directora de Negocio &#8211; Productos y servicios sostenibles<\/cite><\/blockquote>\n<\/div><\/div><\/div><\/div><\/div><\/section>\n\n\n\n<section class=\"wp-block-cg-blocks-group undefined section section--article-content\"><div class=\"article-main-content\"><div class=\"container\"><div class=\"row\"><div class=\"col-12 col-md-11 col-lg-10 offset-md-1 offset-lg-1\"><div class=\"article-text article-quote-text\">\n<h2 class=\"wp-block-heading\" id=\"h-como-pueden-los-fabricantes-de-equipos-originales-adoptar-la-circularidad\">\u00bfC\u00f3mo pueden los fabricantes de equipos originales adoptar la circularidad?<\/h2>\n\n\n\n<p>Cl\u00e9ment Chenut, Experto en Econom\u00eda Circular, Acelerador de Sostenibilidad del Grupo, Capgemini Invent, destaca un oc\u00e9ano de oportunidades para los fabricantes de equipos originales en la econom\u00eda circular. Hasta ahora, la mayor\u00eda de los esfuerzos de sostenibilidad se han centrado en el extremo anterior de la cadena de valor: el suministro de materias primas y la producci\u00f3n de bater\u00edas. Pero Cl\u00e9ment est\u00e1 entusiasmado con el potencial sin explotar entre el final del uso y el reciclaje de los veh\u00edculos.<\/p>\n<\/div><\/div><\/div><\/div><\/div><\/section>\n\n\n\n<section class=\"wp-block-cg-blocks-intro-para-video section section--info-2cols section--insights section-video \"><div class=\"bg-color video-align-right\"><div class=\"container\"><div class=\"row video-align-left\"><div class=\"col-md-12\"><div class=\"video-align-left row box box--4 box--mini\"><div class=\"col-md-3\"><h3 class=\"Video-title\" data-maxlength=\"34\"><\/h3><div class=\"video-info\"><p data-maxlength=\"68\"><\/p><\/div><\/div><div class=\"col-md-8 box-img-wrapper\"><div class=\"video-box\"><div class=\"video-wrapper\"><iframe title=\"video-section\" src=\"https:\/\/www.youtube.com\/embed\/Gz_5OUzko4g?rel=0&amp;modestbranding=1&amp;playsinline=1&amp;enablejsapi=1\" frameborder=\"0\" allow=\"accelerometer; autoplay; clipboard-write; encrypted-media; gyroscope; picture-in-picture\" allowfullscreen loading=\"lazy\" referrerpolicy=\"strict-origin-when-cross-origin\"><\/iframe><\/div><\/div><\/div><div class=\"col-md-1\"><\/div><\/div><\/div><\/div><\/div><\/div><\/section>\n\n\n\n\n\n<section class=\"wp-block-cg-blocks-wrapper-card-text-pic wrapperCardTextPic hero-bg-shape\"><div class=\"container\"><div class=\"content-title\"><h2 class=\"card-text-pic-heading\">Escuchar el podcast<\/h2><\/div><div class=\"row\"><div class=\"col-md-12\">\n<div class=\"wp-block-cg-blocks-card-text-pic-right\"><div class=\"row card-text-pic rightCard\"><div class=\"col-md-12\"><div class=\"box--section\"><div class=\"box  row-nobleed\"><div class=\"col-lg-8 col-md-12 box-inner\"><a href=\"https:\/\/www.capgemini.com\/insights\/research-library\/future-sight-frictionless-future-with-intelligent-products-and-services\/\" aria-label=\"Un futuro sin fricciones con productos y servicios inteligentes\" target=\"\" rel=\"noopener noreferrer\" title=\"\"><h3 class=\"titlewithLink\" data-maxlength=\"144\">Un futuro sin fricciones con productos y servicios inteligentes<\/h3><\/a><p class=\"box-text\" data-maxlength=\"\">Ya se ha hablado mucho de lo que los productos inteligentes pueden hacer por las empresas; la pregunta ahora es, \u00bfc\u00f3mo? Nicolas Rousseau y Elisabet Svensson estudian c\u00f3mo los productos y servicios inteligentes pueden beneficiar a los primeros en adoptarlos en la industria manufacturera.<\/p><div class=\"box-bottom\"><a aria-label=\"Leer m\u00e1s sobre Un futuro sin fricciones con productos y servicios inteligentes\" class=\"more2\" data-maxlength=\"24\" href=\"https:\/\/www.capgemini.com\/insights\/research-library\/future-sight-frictionless-future-with-intelligent-products-and-services\/\" target=\"\" rel=\"noopener noreferrer\" title=\"\">Escuchar<\/a><\/div><\/div><div class=\"col-lg-5 col-md-12 box-img-wrapper\"><a href=\"https:\/\/www.capgemini.com\/insights\/research-library\/future-sight-frictionless-future-with-intelligent-products-and-services\/\" aria-label=\"Escuchar sobre Un futuro sin fricciones con productos y servicios inteligentes\" tabindex=\"-1\" target=\"\" rel=\"noopener noreferrer\" title=\"\"><picture><source srcset=\"https:\/\/www.capgemini.com\/wp-content\/uploads\/2023\/01\/Podcast-banner-930X600-2.jpg?w=1000&amp;quality=70 1x, https:\/\/www.capgemini.com\/wp-content\/uploads\/2023\/01\/Podcast-banner-930X600-2.jpg?w=1000&amp;quality=70 2x\" media=\"(min-width: 1500px)\"\/><source srcset=\"https:\/\/www.capgemini.com\/wp-content\/uploads\/2023\/01\/Podcast-banner-930X600-2.jpg?w=500&amp;quality=70 1x, https:\/\/www.capgemini.com\/wp-content\/uploads\/2023\/01\/Podcast-banner-930X600-2.jpg?w=1000&amp;quality=70 2x\" media=\"(min-width: 992px)\"\/><source srcset=\"https:\/\/www.capgemini.com\/wp-content\/uploads\/2023\/01\/Podcast-banner-930X600-2.jpg?w=768&amp;quality=70 1x, https:\/\/www.capgemini.com\/wp-content\/uploads\/2023\/01\/Podcast-banner-930X600-2.jpg?w=768&amp;quality=70 2x\" media=\"(min-width: 768px)\"\/><source srcset=\"https:\/\/www.capgemini.com\/wp-content\/uploads\/2023\/01\/Podcast-banner-930X600-2.jpg?w=556&amp;quality=70 1x, https:\/\/www.capgemini.com\/wp-content\/uploads\/2023\/01\/Podcast-banner-930X600-2.jpg?w=556&amp;quality=70 2x\" media=\"(min-width: 0)\"\/><img decoding=\"async\" src=\"https:\/\/www.capgemini.com\/wp-content\/uploads\/2023\/01\/Podcast-banner-930X600-2.jpg\" class=\"box-img\" alt=\"\" style=\"object-fit:cover;object-position:40% 56.99999999999999%\" loading=\"lazy\"\/><\/picture><\/a><\/div><\/div><\/div><\/div><\/div><\/div>\n<\/div><\/div><\/div><\/section>\n","protected":false},"excerpt":{"rendered":"<p>Creating the DNA of product design.<\/p>\n","protected":false},"author":81,"featured_media":518838,"parent":5720,"menu_order":0,"comment_status":"closed","ping_status":"closed","template":"","meta":{"cg_dt_proposed_to":[],"cg_seo_hreflang_relations":"[]","cg_seo_canonical_relation":"","cg_seo_hreflang_x_default_relation":"{\"uuid\":\"9c55044f-89f0-4bf8-86fd-8abec8516885\",\"blogId\":\"\",\"domain\":\"\",\"sitePath\":\"\",\"postLink\":\"\",\"postId\":null,\"isSaved\":true,\"isCrossLink\":false,\"hasCrossLink\":false}","cg_dt_approved_content":true,"cg_dt_mandatory_content":false,"cg_dt_notes":"","cg_dg_source_changed":true,"cg_dt_link_disabled":false,"_yoast_wpseo_primary_brand":"","footnotes":"","featured_focal_points":"","partner_card_description":"","gsap_animation":0},"brand":[],"partner_type":[],"service":[106],"industry":[],"partners":[],"page-type":[167],"content-group":[],"class_list":["post-518837","page","type-page","status-publish","has-post-thumbnail","hentry","service-sustainability","page-type-solutions"],"yoast_head":"<!-- This site is optimized with the Yoast SEO Premium plugin v22.8 (Yoast SEO v22.8) - https:\/\/yoast.com\/wordpress\/plugins\/seo\/ -->\n<title>Productos y servicios sostenibles | Capgemini<\/title>\n<meta name=\"description\" content=\"Replantear el dise\u00f1o de productos para un crecimiento sostenible.\" \/>\n<meta name=\"robots\" content=\"index, follow, max-snippet:-1, max-image-preview:large, max-video-preview:-1\" \/>\n<link rel=\"canonical\" href=\"https:\/\/www.capgemini.com\/co-es\/solutions\/productos-y-servicios-sostenibles\/\" \/>\n<meta property=\"og:locale\" content=\"es_MX\" \/>\n<meta property=\"og:type\" content=\"article\" \/>\n<meta property=\"og:title\" content=\"Productos y servicios sostenibles\" \/>\n<meta property=\"og:description\" content=\"Replantear el dise\u00f1o de productos para un crecimiento sostenible.\" \/>\n<meta property=\"og:url\" content=\"https:\/\/www.capgemini.com\/co-es\/solutions\/productos-y-servicios-sostenibles\/\" \/>\n<meta property=\"og:site_name\" content=\"Capgemini Colombia\" \/>\n<meta property=\"article:modified_time\" content=\"2026-01-12T21:36:24+00:00\" \/>\n<meta property=\"og:image\" content=\"https:\/\/www.capgemini.com\/co-es\/wp-content\/uploads\/sites\/25\/2025\/10\/New-Web-preview-global.jpg\" \/>\n\t<meta property=\"og:image:width\" content=\"1200\" \/>\n\t<meta property=\"og:image:height\" content=\"627\" \/>\n\t<meta property=\"og:image:type\" content=\"image\/jpeg\" \/>\n<meta name=\"twitter:card\" content=\"summary_large_image\" \/>\n<meta name=\"twitter:label1\" content=\"Est. reading time\" \/>\n\t<meta name=\"twitter:data1\" content=\"3 minutes\" \/>\n<script type=\"application\/ld+json\" class=\"yoast-schema-graph\">{\"@context\":\"https:\/\/schema.org\",\"@graph\":[{\"@type\":\"WebPage\",\"@id\":\"https:\/\/www.capgemini.com\/co-es\/solutions\/productos-y-servicios-sostenibles\/\",\"url\":\"https:\/\/www.capgemini.com\/co-es\/solutions\/productos-y-servicios-sostenibles\/\",\"name\":\"Productos y servicios sostenibles | Capgemini\",\"isPartOf\":{\"@id\":\"https:\/\/www.capgemini.com\/co-es\/#website\"},\"primaryImageOfPage\":{\"@id\":\"https:\/\/www.capgemini.com\/co-es\/solutions\/productos-y-servicios-sostenibles\/#primaryimage\"},\"image\":{\"@id\":\"https:\/\/www.capgemini.com\/co-es\/solutions\/productos-y-servicios-sostenibles\/#primaryimage\"},\"thumbnailUrl\":\"https:\/\/www.capgemini.com\/co-es\/wp-content\/uploads\/sites\/25\/2024\/02\/Capture-decran-2023-09-14-a-15.51.34.png\",\"datePublished\":\"2024-02-04T15:05:36+00:00\",\"dateModified\":\"2026-01-12T21:36:24+00:00\",\"description\":\"Replantear el dise\u00f1o de productos para un crecimiento sostenible.\",\"breadcrumb\":{\"@id\":\"https:\/\/www.capgemini.com\/co-es\/solutions\/productos-y-servicios-sostenibles\/#breadcrumb\"},\"inLanguage\":\"es-MX\",\"potentialAction\":[{\"@type\":\"ReadAction\",\"target\":[\"https:\/\/www.capgemini.com\/co-es\/solutions\/productos-y-servicios-sostenibles\/\"]}]},{\"@type\":\"ImageObject\",\"inLanguage\":\"es-MX\",\"@id\":\"https:\/\/www.capgemini.com\/co-es\/solutions\/productos-y-servicios-sostenibles\/#primaryimage\",\"url\":\"https:\/\/www.capgemini.com\/co-es\/wp-content\/uploads\/sites\/25\/2024\/02\/Capture-decran-2023-09-14-a-15.51.34.png\",\"contentUrl\":\"https:\/\/www.capgemini.com\/co-es\/wp-content\/uploads\/sites\/25\/2024\/02\/Capture-decran-2023-09-14-a-15.51.34.png\",\"width\":1510,\"height\":912},{\"@type\":\"BreadcrumbList\",\"@id\":\"https:\/\/www.capgemini.com\/co-es\/solutions\/productos-y-servicios-sostenibles\/#breadcrumb\",\"itemListElement\":[{\"@type\":\"ListItem\",\"position\":1,\"name\":\"Home\",\"item\":\"https:\/\/www.capgemini.com\/co-es\/\"},{\"@type\":\"ListItem\",\"position\":2,\"name\":\"Solutions\",\"item\":\"https:\/\/www.capgemini.com\/co-es\/solutions\/\"},{\"@type\":\"ListItem\",\"position\":3,\"name\":\"Productos y servicios sostenibles\"}]},{\"@type\":\"WebSite\",\"@id\":\"https:\/\/www.capgemini.com\/co-es\/#website\",\"url\":\"https:\/\/www.capgemini.com\/co-es\/\",\"name\":\"Capgemini Colombia\",\"description\":\"Capgemini\",\"potentialAction\":[{\"@type\":\"SearchAction\",\"target\":{\"@type\":\"EntryPoint\",\"urlTemplate\":\"https:\/\/www.capgemini.com\/co-es\/?s={search_term_string}\"},\"query-input\":\"required name=search_term_string\"}],\"inLanguage\":\"es-MX\"}]}<\/script>\n<!-- \/ Yoast SEO Premium plugin. -->","yoast_head_json":{"title":"Productos y servicios sostenibles | Capgemini","description":"Replantear el dise\u00f1o de productos para un crecimiento sostenible.","robots":{"index":"index","follow":"follow","max-snippet":"max-snippet:-1","max-image-preview":"max-image-preview:large","max-video-preview":"max-video-preview:-1"},"canonical":"https:\/\/www.capgemini.com\/co-es\/solutions\/productos-y-servicios-sostenibles\/","og_locale":"es_MX","og_type":"article","og_title":"Productos y servicios sostenibles","og_description":"Replantear el dise\u00f1o de productos para un crecimiento sostenible.","og_url":"https:\/\/www.capgemini.com\/co-es\/solutions\/productos-y-servicios-sostenibles\/","og_site_name":"Capgemini Colombia","article_modified_time":"2026-01-12T21:36:24+00:00","og_image":[{"width":1200,"height":627,"url":"https:\/\/www.capgemini.com\/co-es\/wp-content\/uploads\/sites\/25\/2025\/10\/New-Web-preview-global.jpg","type":"image\/jpeg"}],"twitter_card":"summary_large_image","twitter_misc":{"Est. reading time":"3 minutes"},"schema":{"@context":"https:\/\/schema.org","@graph":[{"@type":"WebPage","@id":"https:\/\/www.capgemini.com\/co-es\/solutions\/productos-y-servicios-sostenibles\/","url":"https:\/\/www.capgemini.com\/co-es\/solutions\/productos-y-servicios-sostenibles\/","name":"Productos y servicios sostenibles | Capgemini","isPartOf":{"@id":"https:\/\/www.capgemini.com\/co-es\/#website"},"primaryImageOfPage":{"@id":"https:\/\/www.capgemini.com\/co-es\/solutions\/productos-y-servicios-sostenibles\/#primaryimage"},"image":{"@id":"https:\/\/www.capgemini.com\/co-es\/solutions\/productos-y-servicios-sostenibles\/#primaryimage"},"thumbnailUrl":"https:\/\/www.capgemini.com\/co-es\/wp-content\/uploads\/sites\/25\/2024\/02\/Capture-decran-2023-09-14-a-15.51.34.png","datePublished":"2024-02-04T15:05:36+00:00","dateModified":"2026-01-12T21:36:24+00:00","description":"Replantear el dise\u00f1o de productos para un crecimiento sostenible.","breadcrumb":{"@id":"https:\/\/www.capgemini.com\/co-es\/solutions\/productos-y-servicios-sostenibles\/#breadcrumb"},"inLanguage":"es-MX","potentialAction":[{"@type":"ReadAction","target":["https:\/\/www.capgemini.com\/co-es\/solutions\/productos-y-servicios-sostenibles\/"]}]},{"@type":"ImageObject","inLanguage":"es-MX","@id":"https:\/\/www.capgemini.com\/co-es\/solutions\/productos-y-servicios-sostenibles\/#primaryimage","url":"https:\/\/www.capgemini.com\/co-es\/wp-content\/uploads\/sites\/25\/2024\/02\/Capture-decran-2023-09-14-a-15.51.34.png","contentUrl":"https:\/\/www.capgemini.com\/co-es\/wp-content\/uploads\/sites\/25\/2024\/02\/Capture-decran-2023-09-14-a-15.51.34.png","width":1510,"height":912},{"@type":"BreadcrumbList","@id":"https:\/\/www.capgemini.com\/co-es\/solutions\/productos-y-servicios-sostenibles\/#breadcrumb","itemListElement":[{"@type":"ListItem","position":1,"name":"Home","item":"https:\/\/www.capgemini.com\/co-es\/"},{"@type":"ListItem","position":2,"name":"Solutions","item":"https:\/\/www.capgemini.com\/co-es\/solutions\/"},{"@type":"ListItem","position":3,"name":"Productos y servicios sostenibles"}]},{"@type":"WebSite","@id":"https:\/\/www.capgemini.com\/co-es\/#website","url":"https:\/\/www.capgemini.com\/co-es\/","name":"Capgemini Colombia","description":"Capgemini","potentialAction":[{"@type":"SearchAction","target":{"@type":"EntryPoint","urlTemplate":"https:\/\/www.capgemini.com\/co-es\/?s={search_term_string}"},"query-input":"required name=search_term_string"}],"inLanguage":"es-MX"}]}},"brand_term":[],"parsely":{"version":"1.1.0","canonical_url":"https:\/\/capgemini.com\/co-es\/solutions\/productos-y-servicios-sostenibles\/","smart_links":{"inbound":0,"outbound":0},"traffic_boost_suggestions_count":0,"meta":{"@context":"https:\/\/schema.org","@type":"WebPage","headline":"Productos y servicios sostenibles","url":"https:\/\/www.capgemini.com\/co-es\/solutions\/productos-y-servicios-sostenibles\/","mainEntityOfPage":{"@type":"WebPage","@id":"https:\/\/www.capgemini.com\/co-es\/solutions\/productos-y-servicios-sostenibles\/"},"thumbnailUrl":"https:\/\/www.capgemini.com\/co-es\/wp-content\/uploads\/sites\/25\/2024\/02\/Capture-decran-2023-09-14-a-15.51.34.png?w=150&h=150&crop=1","image":{"@type":"ImageObject","url":"https:\/\/www.capgemini.com\/co-es\/wp-content\/uploads\/sites\/25\/2024\/02\/Capture-decran-2023-09-14-a-15.51.34.png"},"articleSection":"Uncategorized","author":[],"creator":[],"publisher":{"@type":"Organization","name":"Capgemini Colombia","logo":""},"keywords":[],"dateCreated":"2024-02-04T15:05:36Z","datePublished":"2024-02-04T15:05:36Z","dateModified":"2026-01-12T21:36:24Z"},"rendered":"<meta name=\"parsely-title\" content=\"Productos y servicios sostenibles\" \/>\n<meta name=\"parsely-link\" content=\"https:\/\/www.capgemini.com\/co-es\/solutions\/productos-y-servicios-sostenibles\/\" \/>\n<meta name=\"parsely-type\" content=\"index\" \/>\n<meta name=\"parsely-image-url\" content=\"https:\/\/www.capgemini.com\/co-es\/wp-content\/uploads\/sites\/25\/2024\/02\/Capture-decran-2023-09-14-a-15.51.34.png?w=150&amp;h=150&amp;crop=1\" \/>\n<meta name=\"parsely-pub-date\" content=\"2024-02-04T15:05:36Z\" \/>\n<meta name=\"parsely-section\" content=\"Uncategorized\" \/>","tracker_url":"https:\/\/cdn.parsely.com\/keys\/capgemini.com\/p.js"},"archive_status":false,"featured_image_src":"https:\/\/www.capgemini.com\/co-es\/wp-content\/uploads\/sites\/25\/2024\/02\/Capture-decran-2023-09-14-a-15.51.34.png","featured_image_alt":"","jetpack_sharing_enabled":true,"distributor_meta":false,"distributor_terms":false,"distributor_media":false,"distributor_original_site_name":"Capgemini Colombia","distributor_original_site_url":"https:\/\/www.capgemini.com\/co-es","push-errors":false,"_links":{"self":[{"href":"https:\/\/www.capgemini.com\/co-es\/wp-json\/wp\/v2\/pages\/518837","targetHints":{"allow":["GET"]}}],"collection":[{"href":"https:\/\/www.capgemini.com\/co-es\/wp-json\/wp\/v2\/pages"}],"about":[{"href":"https:\/\/www.capgemini.com\/co-es\/wp-json\/wp\/v2\/types\/page"}],"author":[{"embeddable":true,"href":"https:\/\/www.capgemini.com\/co-es\/wp-json\/wp\/v2\/users\/81"}],"replies":[{"embeddable":true,"href":"https:\/\/www.capgemini.com\/co-es\/wp-json\/wp\/v2\/comments?post=518837"}],"version-history":[{"count":4,"href":"https:\/\/www.capgemini.com\/co-es\/wp-json\/wp\/v2\/pages\/518837\/revisions"}],"predecessor-version":[{"id":547534,"href":"https:\/\/www.capgemini.com\/co-es\/wp-json\/wp\/v2\/pages\/518837\/revisions\/547534"}],"up":[{"embeddable":true,"href":"https:\/\/www.capgemini.com\/co-es\/wp-json\/wp\/v2\/pages\/5720"}],"wp:featuredmedia":[{"embeddable":true,"href":"https:\/\/www.capgemini.com\/co-es\/wp-json\/wp\/v2\/media\/518838"}],"wp:attachment":[{"href":"https:\/\/www.capgemini.com\/co-es\/wp-json\/wp\/v2\/media?parent=518837"}],"wp:term":[{"taxonomy":"brand","embeddable":true,"href":"https:\/\/www.capgemini.com\/co-es\/wp-json\/wp\/v2\/brand?post=518837"},{"taxonomy":"partner_type","embeddable":true,"href":"https:\/\/www.capgemini.com\/co-es\/wp-json\/wp\/v2\/partner_type?post=518837"},{"taxonomy":"service","embeddable":true,"href":"https:\/\/www.capgemini.com\/co-es\/wp-json\/wp\/v2\/service?post=518837"},{"taxonomy":"industry","embeddable":true,"href":"https:\/\/www.capgemini.com\/co-es\/wp-json\/wp\/v2\/industry?post=518837"},{"taxonomy":"partners","embeddable":true,"href":"https:\/\/www.capgemini.com\/co-es\/wp-json\/wp\/v2\/partners?post=518837"},{"taxonomy":"page-type","embeddable":true,"href":"https:\/\/www.capgemini.com\/co-es\/wp-json\/wp\/v2\/page-type?post=518837"},{"taxonomy":"content-group","embeddable":true,"href":"https:\/\/www.capgemini.com\/co-es\/wp-json\/wp\/v2\/content-group?post=518837"}],"curies":[{"name":"wp","href":"https:\/\/api.w.org\/{rel}","templated":true}]}}