{"id":513157,"date":"2023-11-01T18:14:10","date_gmt":"2023-11-01T18:14:10","guid":{"rendered":"https:\/\/www.capgemini.com\/co-es\/?page_id=513157&#038;preview_id=513157"},"modified":"2026-01-09T06:54:47","modified_gmt":"2026-01-09T06:54:47","slug":"unete-a-capgemini","status":"publish","type":"page","link":"https:\/\/www.capgemini.com\/co-es\/careers\/unete-a-capgemini\/","title":{"rendered":"\u00danase a Capgemini"},"content":{"rendered":"\n<div class=\"wp-block-cg-blocks-hero-picture-card undefined  heroPictureCard\"><div class=\"heroPictureCardBgs\"><picture><source srcset=\"https:\/\/www.capgemini.com\/wp-content\/uploads\/2023\/08\/Demo-5-CU-DU.jpg?w=2880&amp;quality=70 1x, https:\/\/www.capgemini.com\/wp-content\/uploads\/2023\/08\/Demo-5-CU-DU.jpg?w=2880&amp;quality=70 2x\" media=\"(min-width: 1500px)\"\/><source srcset=\"https:\/\/www.capgemini.com\/wp-content\/uploads\/2023\/08\/Demo-5-CU-DU.jpg?w=1440&amp;quality=70 1x, https:\/\/www.capgemini.com\/wp-content\/uploads\/2023\/08\/Demo-5-CU-DU.jpg?w=2880&amp;quality=70 2x\" media=\"(min-width: 992px)\"\/><source srcset=\"https:\/\/www.capgemini.com\/wp-content\/uploads\/2023\/08\/Demo-5-CU-DU.jpg?w=1024&amp;quality=70 1x, https:\/\/www.capgemini.com\/wp-content\/uploads\/2023\/08\/Demo-5-CU-DU.jpg?w=1024&amp;quality=70 2x\" media=\"(min-width: 768px)\"\/><source srcset=\"https:\/\/www.capgemini.com\/wp-content\/uploads\/2023\/08\/Demo-5-CU-DU.jpg?w=768&amp;quality=70 1x, https:\/\/www.capgemini.com\/wp-content\/uploads\/2023\/08\/Demo-5-CU-DU.jpg?w=768&amp;quality=70 2x\" media=\"(min-width: 0)\"\/><img decoding=\"async\" src=\"https:\/\/www.capgemini.com\/wp-content\/uploads\/2023\/08\/Demo-5-CU-DU.jpg\" class=\"desktopImage\" alt=\"\" style=\"object-fit:cover;object-position:54% 54%\" loading=\"eager\"\/><\/picture><picture><source srcset=\"https:\/\/www.capgemini.com\/wp-content\/uploads\/2023\/08\/Demo-5-CU-DU.jpg?w=2880&amp;quality=70 1x, https:\/\/www.capgemini.com\/wp-content\/uploads\/2023\/08\/Demo-5-CU-DU.jpg?w=2880&amp;quality=70 2x\" media=\"(min-width: 1500px)\"\/><source srcset=\"https:\/\/www.capgemini.com\/wp-content\/uploads\/2023\/08\/Demo-5-CU-DU.jpg?w=1440&amp;quality=70 1x, https:\/\/www.capgemini.com\/wp-content\/uploads\/2023\/08\/Demo-5-CU-DU.jpg?w=2880&amp;quality=70 2x\" media=\"(min-width: 992px)\"\/><source srcset=\"https:\/\/www.capgemini.com\/wp-content\/uploads\/2023\/08\/Demo-5-CU-DU.jpg?w=1024&amp;quality=70 1x, https:\/\/www.capgemini.com\/wp-content\/uploads\/2023\/08\/Demo-5-CU-DU.jpg?w=1024&amp;quality=70 2x\" media=\"(min-width: 768px)\"\/><source srcset=\"https:\/\/www.capgemini.com\/wp-content\/uploads\/2023\/08\/Demo-5-CU-DU.jpg?w=768&amp;quality=70 1x, https:\/\/www.capgemini.com\/wp-content\/uploads\/2023\/08\/Demo-5-CU-DU.jpg?w=768&amp;quality=70 2x\" media=\"(min-width: 0)\"\/><img decoding=\"async\" src=\"https:\/\/www.capgemini.com\/wp-content\/uploads\/2023\/08\/Demo-5-CU-DU.jpg\" class=\"mobileImage\" alt=\"\" style=\"object-fit:cover;object-position:54% 54%\" loading=\"eager\"\/><\/picture><\/div><div class=\"heroPictureCardHeaderShape\"><\/div><div class=\"container\"><div class=\"row\"><div class=\"col-md-8 col-lg-6\"><div class=\"heroPictureCardBox\"><div class=\"heroPictureCardBoxTitle\"><h1 data-maxlength=\"144\">\u00danete a nosotros<\/h1><\/div><\/div><\/div><\/div><\/div><div class=\"small-device\"><div class=\"brandLogoWrapper\"> <\/div><\/div><\/div>\n\n\n\n<section class=\"wp-block-cg-blocks-group undefined section section--article-content\"><div class=\"article-main-content\"><div class=\"container\"><div class=\"row\"><div class=\"col-12 col-md-1\"><nav class=\"article-social\"><ul class=\"social-nav\"><li class=\"ip-order-fb\"><a href=\"https:\/\/www.facebook.com\/sharer\/sharer.php?u=https:\/\/www.capgemini.com\/?page_id=959810\" target=\"_blank\" rel=\"noopener noreferrer\" title=\"abrir en una nueva ventana\"><i aria-hidden=\"true\" class=\"icon-fb\"><\/i><span class=\"sr-only\">Facebook<\/span><\/a><\/li><li class=\"ip-order-tw\"><a href=\"https:\/\/twitter.com\/intent\/tweet?url=https:\/\/www.capgemini.com\/?page_id=959810&amp;text=\" target=\"_blank\" rel=\"noopener noreferrer\" title=\"abrir en una nueva ventana\"><i aria-hidden=\"true\" class=\"icon-tw\"><\/i><span class=\"sr-only\">Twitter<\/span><\/a><\/li><li class=\"ip-order-li\"><a href=\"https:\/\/www.linkedin.com\/shareArticle?url=https:\/\/www.capgemini.com\/?page_id=959810&amp;text=\" target=\"_blank\" rel=\"noopener noreferrer\" title=\"abrir en una nueva ventana\"><i aria-hidden=\"true\" class=\"icon-li\"><\/i><span class=\"sr-only\">Linkedin<\/span><\/a><\/li><\/ul><\/nav><\/div><div class=\"col-12 col-md-11 col-lg-10\"><div class=\"article-text article-quote-text\">\n<h2 class=\"wp-block-heading\" id=\"h-buscas-un-puesto-apasionante-y-muchas-oportunidades-estas-en-el-lugar-correcto\">\u00bfBuscas un puesto apasionante y muchas oportunidades? Est\u00e1s en el lugar correcto.<\/h2>\n\n\n\n<p>Buscamos constantemente j\u00f3venes talentos y brillantes, as\u00ed como profesionales experimentados que est\u00e9n ansiosos por asumir desaf\u00edos, que deseen ser parte de un equipo global y diverso y que quieran trabajar junto a los mejores para aprender algo nuevo cada d\u00eda. Desde el aprendizaje hasta el liderazgo, Capgemini puede ofrecerte la oportunidad de llevar tu carrera al siguiente nivel y conseguir el futuro que deseas. <\/p>\n<\/div><\/div><\/div><\/div><\/div><\/section>\n\n\n\n<section class=\"wp-block-cg-blocks-group undefined section section--article-content\"><div class=\"article-main-content\"><div class=\"container\"><div class=\"row\"><div class=\"col-12 col-md-11 col-lg-10 offset-md-1 offset-lg-1\"><div class=\"article-text article-quote-text\">\n<div style=\"height:100px\" aria-hidden=\"true\" class=\"wp-block-spacer\"><\/div>\n<\/div><\/div><\/div><\/div><\/div><\/section>\n\n\n\n<div class=\"wp-block-cg-blocks-hero-bleed-banner is-style-blue-theme-1\"><div class=\"hero-bleed-mp-banner is-style-blue-theme-1 overlay  is-image has-card \" data-hero-bleed-attributes=\"{&quot;authorName&quot;:null,&quot;authorImgURL&quot;:&quot;\/wp-content\/themes\/capgemini2020\/assets\/images\/mockup.png&quot;,&quot;cglogo&quot;:&quot;&quot;,&quot;showHeroCard&quot;:true,&quot;isLongTitle&quot;:false,&quot;showCareerFields&quot;:true,&quot;careerFormActionLink&quot;:&quot;\/careers\/join-capgemini\/job-search\/#size=15&quot;,&quot;isCareerSearchBtnOpenNewTab&quot;:false,&quot;heroImgURL&quot;:&quot;https:\/\/www.capgemini.com\/wp-content\/uploads\/2023\/09\/GettyImages-1455580647.jpg&quot;,&quot;heroImgID&quot;:957656,&quot;heroImgPosX&quot;:0.46,&quot;heroImgPosY&quot;:0.38,&quot;heroTabImgURL&quot;:null,&quot;heroTabImgPosX&quot;:0.5,&quot;heroTabImgPosY&quot;:0.5,&quot;heroMobImgURL&quot;:null,&quot;heroMobImgPosX&quot;:0.5,&quot;heroMobImgPosY&quot;:0.5,&quot;isHeroMediaFullScreen&quot;:false,&quot;heroMediaType&quot;:&quot;image&quot;,&quot;heroVideoColor&quot;:&quot;light&quot;,&quot;navMenuTextColor&quot;:&quot;black&quot;,&quot;navMenuPosition&quot;:&quot;overlay&quot;,&quot;isHomePage&quot;:false,&quot;showBrandLogoImg&quot;:false,&quot;enableVideoCTA&quot;:false,&quot;videoCTAOpenInNewTab&quot;:false,&quot;enableVideoAutoplay&quot;:true,&quot;termId&quot;:0,&quot;primaryTag&quot;:&quot;&quot;,&quot;primaryTagSlug&quot;:&quot;&quot;,&quot;blockId&quot;:&quot;4c1162e4-e740-4469-b6d7-81d03193875f&quot;,&quot;className&quot;:&quot;is-style-blue-theme-1&quot;}\"><div class=\"hero-image d-block \"><picture><source srcset=\"https:\/\/www.capgemini.com\/wp-content\/uploads\/2023\/09\/GettyImages-1455580647.jpg?w=2880&amp;quality=70 1x, https:\/\/www.capgemini.com\/wp-content\/uploads\/2023\/09\/GettyImages-1455580647.jpg?w=2880&amp;quality=70 2x\" media=\"(min-width: 1500px)\"\/><source srcset=\"https:\/\/www.capgemini.com\/wp-content\/uploads\/2023\/09\/GettyImages-1455580647.jpg?w=1440&amp;quality=70 1x, https:\/\/www.capgemini.com\/wp-content\/uploads\/2023\/09\/GettyImages-1455580647.jpg?w=2880&amp;quality=70 2x\" media=\"(min-width: 992px)\"\/><img decoding=\"async\" width=\"100%\" height=\"100%\" src=\"https:\/\/www.capgemini.com\/wp-content\/uploads\/2023\/09\/GettyImages-1455580647.jpg\" alt=\"\"\/><\/picture><\/div><div class=\"header-line hero-bg-shape\"><\/div><div class=\"container\"><div class=\"row\"><div class=\"col-12 col-md-6 col-lg-6\"><div class=\"content-box-wrapper\"><div class=\"content-box is-short centralized\"><h1 class=\"title\">BUSCAR EMPLEOS<\/h1><div class=\"career-search career-fields\"><form role=\"form\" class=\"form--oneliner career-search-form js-search-form search search-icon\" method=\"get\" action=\"\/careers\/join-capgemini\/job-search\/#size=15\" target=\"\" rel=\"noopener noreferrer\" title=\"abrir en una nueva ventana\"><div class=\"form-block\"><input type=\"text\" name=\"keyword\" aria-label=\"Buscar por empleo\" placeholder=\"Buscar por empleo futuro...\" class=\"form-input archive_phrase_search archive-search-input noeffect-input\"\/><div class=\"search-icon\"><\/div><button class=\"form-search-button search-button archive-search-button\">Buscar<\/button><button class=\"hero-search-button search-mobile\">Buscar<\/button><\/div><\/form><\/div><\/div><\/div><\/div><\/div><\/div><\/div><div class=\"modal fade ytmodal\" id=\"videoModal4c1162e4-e740-4469-b6d7-81d03193875f\" tabindex=\"-1\" role=\"dialog\" aria-labelledby=\"videoModalLabel\" aria-hidden=\"true\"><div class=\"modal-dialog modal-dialog-centered modal-lg\"><div class=\"modal-content\"><button type=\"button\" class=\"close\" data-bs-dismiss=\"modal\" aria-label=\"Close\"><span aria-hidden=\"true\">\u00d7<\/span><\/button><div class=\"modal-body\"><div class=\"ratio ratio-16x9\"><div class=\"embed-responsive embed-responsive-16by9\"><iframe class=\"embed-responsive-item\" src=\"\" id=\"video\" allowscriptaccess=\"always\" allow=\"autoplay\"><\/iframe><\/div><\/div><\/div><\/div><\/div><\/div><\/div>\n\n\n\n<section class=\"wp-block-cg-blocks-learn-more learnMoreBlock updated-new-sample-amal\"><div class=\"container\"><div class=\"content-title\"><h2 class=\"learnmore-heading\">Estar bien preparado<\/h2><\/div><div class=\"row\"><div class=\"col-md-4\"><div class=\"box\"><div class=\"box-wrapper\"><a class=\"box-title\" href=\"\/co-es\/careers\/unete-a-capgemini\/proceso-de-reclutamiento\/\" target=\"\" aria-label=\"Proceso de reclutamiento\" rel=\"noopener noreferrer\"><div class=\"box-img-wrapper\"><img decoding=\"async\" src=\"https:\/\/www.capgemini.com\/wp-content\/uploads\/2023\/09\/GettyImages-1357976493.jpg?w=500&amp;quality=70\" srcset=\"https:\/\/www.capgemini.com\/wp-content\/uploads\/2023\/09\/GettyImages-1357976493.jpg?w=500&amp;quality=70 1x, https:\/\/www.capgemini.com\/wp-content\/uploads\/2023\/09\/GettyImages-1357976493.jpg?w=1000&amp;quality=70 2x\" class=\"box-img\" alt=\"\" style=\"object-fit:cover;object-position:50% 50%\" loading=\"lazy\"\/><\/div><h3 class=\"titleWithoutLink_learnMore\">Proceso de reclutamiento<\/h3><\/a><\/div><\/div><div class=\"box-inner\"><p class=\"box-desc\">Conoce c\u00f3mo funciona el proceso de contrataci\u00f3n: c\u00f3mo presentar la solicitud, d\u00f3nde dar seguimiento a tu solicitud y los pr\u00f3ximos pasos.<\/p><\/div><\/div><div class=\"col-md-4\"><div class=\"box\"><div class=\"box-wrapper\"><a class=\"box-title\" href=\"\/co-es\/careers\/unete-a-capgemini\/consejos-para-la-entrevista\/\" target=\"\" aria-label=\"Prep\u00e1rate para el gran d\u00eda\" rel=\"noopener noreferrer\"><div class=\"box-img-wrapper\"><img decoding=\"async\" src=\"https:\/\/www.capgemini.com\/wp-content\/uploads\/2023\/09\/GettyImages-1178672464.jpg?w=500&amp;quality=70\" srcset=\"https:\/\/www.capgemini.com\/wp-content\/uploads\/2023\/09\/GettyImages-1178672464.jpg?w=500&amp;quality=70 1x, https:\/\/www.capgemini.com\/wp-content\/uploads\/2023\/09\/GettyImages-1178672464.jpg?w=1000&amp;quality=70 2x\" class=\"box-img\" alt=\"\" style=\"object-fit:cover;object-position:50% 50%\" loading=\"lazy\"\/><\/div><h3 class=\"titleWithoutLink_learnMore\">Prep\u00e1rate para el gran d\u00eda<\/h3><\/a><\/div><\/div><div class=\"box-inner\"><p class=\"box-desc\">Para ayudarte a sacar lo mejor de t\u00ed mismo durante el proceso de la entrevista, tenemos algunos excelentes consejos que puedes consultar antes del gran d\u00eda.<\/p><\/div><\/div><div class=\"col-md-4\"><div class=\"box\"><div class=\"box-wrapper\"><a class=\"box-title\" href=\"\/co-es\/careers\/carreras-profesionales\/comunidades-profesionales\/\" target=\"\" aria-label=\"Descubre nuestras profesiones\" rel=\"noopener noreferrer\"><div class=\"box-img-wrapper\"><img decoding=\"async\" src=\"https:\/\/www.capgemini.com\/wp-content\/uploads\/2021\/12\/Capgemini_About-Us_Innovation-Ecosystem.jpg?w=500&amp;quality=70\" srcset=\"https:\/\/www.capgemini.com\/wp-content\/uploads\/2021\/12\/Capgemini_About-Us_Innovation-Ecosystem.jpg?w=500&amp;quality=70 1x, https:\/\/www.capgemini.com\/wp-content\/uploads\/2021\/12\/Capgemini_About-Us_Innovation-Ecosystem.jpg?w=1000&amp;quality=70 2x\" class=\"box-img\" alt=\"\" style=\"object-fit:cover;object-position:50% 50%\" loading=\"lazy\"\/><\/div><h3 class=\"titleWithoutLink_learnMore\">Descubre nuestras profesiones<\/h3><\/a><\/div><\/div><div class=\"box-inner\"><p class=\"box-desc\">Cuando te unes a Capgemini, tambi\u00e9n te unes a una de nuestras profesiones: la mejor manera de trabajar con colegas talentosos, obtener acceso a la capacitaci\u00f3n m\u00e1s relevante y recibir oportunidades que har\u00e1n crecer tu carrera.<\/p><\/div><\/div><\/div><\/div><\/section>\n\n\n\n<section class=\"wp-block-cg-blocks-call-to-action undefined call-to-action-block is-style-cg-purple\"><div class=\"container\"><div class=\"call-to-action-block-content-wrapper has-description\"><div class=\"text-wrapper has-description\"><h3 class=\"title\" data-maxlength=\"144\">\u00bfListo para asumir el desaf\u00edo?<\/h3><p class=\"description\" data-maxlength=\"210\"><br>Explora nuestras ofertas de trabajo<\/p><\/div><div class=\"button-wrapper has-description\"><a class=\" cta-btn action-valid\" href=\"\/co-es\/careers\/join-us\/\" target=\"\" rel=\"noopener noreferrer\" aria-label=\"Encuentra la oportunidad sobre \u00bfListo para asumir el desaf\u00edo?\" title=\"Abrir en una nueva ventana\" data-maxlength=\"24\" tabindex=\"0\"> Encuentra la oportunidad <\/a><\/div><\/div><\/div><\/section>\n","protected":false},"excerpt":{"rendered":"","protected":false},"author":81,"featured_media":513158,"parent":528254,"menu_order":7,"comment_status":"closed","ping_status":"closed","template":"","meta":{"cg_dt_proposed_to":[],"cg_seo_hreflang_relations":"[]","cg_seo_canonical_relation":"","cg_seo_hreflang_x_default_relation":"{\"uuid\":\"cb195ddc-09c7-4fde-b06d-c215924a9efa\",\"blogId\":\"\",\"domain\":\"\",\"sitePath\":\"\",\"postLink\":\"\",\"postId\":null,\"isSaved\":true,\"isCrossLink\":false,\"hasCrossLink\":false}","cg_dt_approved_content":true,"cg_dt_mandatory_content":false,"cg_dt_notes":"","cg_dg_source_changed":true,"cg_dt_link_disabled":false,"_yoast_wpseo_primary_brand":"","footnotes":"","featured_focal_points":"","partner_card_description":"","gsap_animation":0},"brand":[],"partner_type":[],"service":[],"industry":[],"partners":[],"page-type":[],"content-group":[],"class_list":["post-513157","page","type-page","status-publish","has-post-thumbnail","hentry"],"yoast_head":"<!-- This site is optimized with the Yoast SEO Premium plugin v22.8 (Yoast SEO v22.8) - https:\/\/yoast.com\/wordpress\/plugins\/seo\/ -->\n<title>Un puesto apasionante y muchas oportunidades.<\/title>\n<meta name=\"description\" content=\"Buscamos constantemente j\u00f3venes talentos y brillantes, as\u00ed como profesionales experimentados que est\u00e9n ansiosos por asumir desaf\u00edos.\" \/>\n<meta name=\"robots\" content=\"index, follow, max-snippet:-1, max-image-preview:large, max-video-preview:-1\" \/>\n<link rel=\"canonical\" href=\"https:\/\/www.capgemini.com\/co-es\/careers\/unete-a-capgemini\/\" \/>\n<meta property=\"og:locale\" content=\"es_MX\" \/>\n<meta property=\"og:type\" content=\"article\" \/>\n<meta property=\"og:title\" content=\"\u00danase a Capgemini\" \/>\n<meta property=\"og:description\" content=\"Buscamos constantemente j\u00f3venes talentos y brillantes, as\u00ed como profesionales experimentados que est\u00e9n ansiosos por asumir desaf\u00edos.\" \/>\n<meta property=\"og:url\" content=\"https:\/\/www.capgemini.com\/co-es\/careers\/unete-a-capgemini\/\" \/>\n<meta property=\"og:site_name\" content=\"Capgemini Colombia\" \/>\n<meta property=\"article:modified_time\" content=\"2026-01-09T06:54:47+00:00\" \/>\n<meta property=\"og:image\" content=\"https:\/\/www.capgemini.com\/co-es\/wp-content\/uploads\/sites\/25\/2023\/11\/Demo-5-CU-DU.jpg\" \/>\n\t<meta property=\"og:image:width\" content=\"2800\" \/>\n\t<meta property=\"og:image:height\" content=\"1867\" \/>\n\t<meta property=\"og:image:type\" content=\"image\/jpeg\" \/>\n<meta name=\"twitter:card\" content=\"summary_large_image\" \/>\n<meta name=\"twitter:label1\" content=\"Est. reading time\" \/>\n\t<meta name=\"twitter:data1\" content=\"3 minutes\" \/>\n<script type=\"application\/ld+json\" class=\"yoast-schema-graph\">{\"@context\":\"https:\/\/schema.org\",\"@graph\":[{\"@type\":\"WebPage\",\"@id\":\"https:\/\/www.capgemini.com\/co-es\/careers\/unete-a-capgemini\/\",\"url\":\"https:\/\/www.capgemini.com\/co-es\/careers\/unete-a-capgemini\/\",\"name\":\"Un puesto apasionante y muchas oportunidades.\",\"isPartOf\":{\"@id\":\"https:\/\/www.capgemini.com\/co-es\/#website\"},\"primaryImageOfPage\":{\"@id\":\"https:\/\/www.capgemini.com\/co-es\/careers\/unete-a-capgemini\/#primaryimage\"},\"image\":{\"@id\":\"https:\/\/www.capgemini.com\/co-es\/careers\/unete-a-capgemini\/#primaryimage\"},\"thumbnailUrl\":\"https:\/\/www.capgemini.com\/co-es\/wp-content\/uploads\/sites\/25\/2023\/11\/Demo-5-CU-DU.jpg\",\"datePublished\":\"2023-11-01T18:14:10+00:00\",\"dateModified\":\"2026-01-09T06:54:47+00:00\",\"description\":\"Buscamos constantemente j\u00f3venes talentos y brillantes, as\u00ed como profesionales experimentados que est\u00e9n ansiosos por asumir desaf\u00edos.\",\"breadcrumb\":{\"@id\":\"https:\/\/www.capgemini.com\/co-es\/careers\/unete-a-capgemini\/#breadcrumb\"},\"inLanguage\":\"es-MX\",\"potentialAction\":[{\"@type\":\"ReadAction\",\"target\":[\"https:\/\/www.capgemini.com\/co-es\/careers\/unete-a-capgemini\/\"]}]},{\"@type\":\"ImageObject\",\"inLanguage\":\"es-MX\",\"@id\":\"https:\/\/www.capgemini.com\/co-es\/careers\/unete-a-capgemini\/#primaryimage\",\"url\":\"https:\/\/www.capgemini.com\/co-es\/wp-content\/uploads\/sites\/25\/2023\/11\/Demo-5-CU-DU.jpg\",\"contentUrl\":\"https:\/\/www.capgemini.com\/co-es\/wp-content\/uploads\/sites\/25\/2023\/11\/Demo-5-CU-DU.jpg\",\"width\":2800,\"height\":1867},{\"@type\":\"BreadcrumbList\",\"@id\":\"https:\/\/www.capgemini.com\/co-es\/careers\/unete-a-capgemini\/#breadcrumb\",\"itemListElement\":[{\"@type\":\"ListItem\",\"position\":1,\"name\":\"Home\",\"item\":\"https:\/\/www.capgemini.com\/co-es\/\"},{\"@type\":\"ListItem\",\"position\":2,\"name\":\"Careers\",\"item\":\"https:\/\/www.capgemini.com\/co-es\/?page_id=528254\"},{\"@type\":\"ListItem\",\"position\":3,\"name\":\"\u00danase a Capgemini\"}]},{\"@type\":\"WebSite\",\"@id\":\"https:\/\/www.capgemini.com\/co-es\/#website\",\"url\":\"https:\/\/www.capgemini.com\/co-es\/\",\"name\":\"Capgemini Colombia\",\"description\":\"Capgemini\",\"potentialAction\":[{\"@type\":\"SearchAction\",\"target\":{\"@type\":\"EntryPoint\",\"urlTemplate\":\"https:\/\/www.capgemini.com\/co-es\/?s={search_term_string}\"},\"query-input\":\"required name=search_term_string\"}],\"inLanguage\":\"es-MX\"}]}<\/script>\n<!-- \/ Yoast SEO Premium plugin. -->","yoast_head_json":{"title":"Un puesto apasionante y muchas oportunidades.","description":"Buscamos constantemente j\u00f3venes talentos y brillantes, as\u00ed como profesionales experimentados que est\u00e9n ansiosos por asumir desaf\u00edos.","robots":{"index":"index","follow":"follow","max-snippet":"max-snippet:-1","max-image-preview":"max-image-preview:large","max-video-preview":"max-video-preview:-1"},"canonical":"https:\/\/www.capgemini.com\/co-es\/careers\/unete-a-capgemini\/","og_locale":"es_MX","og_type":"article","og_title":"\u00danase a Capgemini","og_description":"Buscamos constantemente j\u00f3venes talentos y brillantes, as\u00ed como profesionales experimentados que est\u00e9n ansiosos por asumir desaf\u00edos.","og_url":"https:\/\/www.capgemini.com\/co-es\/careers\/unete-a-capgemini\/","og_site_name":"Capgemini Colombia","article_modified_time":"2026-01-09T06:54:47+00:00","og_image":[{"width":2800,"height":1867,"url":"https:\/\/www.capgemini.com\/co-es\/wp-content\/uploads\/sites\/25\/2023\/11\/Demo-5-CU-DU.jpg","type":"image\/jpeg"}],"twitter_card":"summary_large_image","twitter_misc":{"Est. reading time":"3 minutes"},"schema":{"@context":"https:\/\/schema.org","@graph":[{"@type":"WebPage","@id":"https:\/\/www.capgemini.com\/co-es\/careers\/unete-a-capgemini\/","url":"https:\/\/www.capgemini.com\/co-es\/careers\/unete-a-capgemini\/","name":"Un puesto apasionante y muchas oportunidades.","isPartOf":{"@id":"https:\/\/www.capgemini.com\/co-es\/#website"},"primaryImageOfPage":{"@id":"https:\/\/www.capgemini.com\/co-es\/careers\/unete-a-capgemini\/#primaryimage"},"image":{"@id":"https:\/\/www.capgemini.com\/co-es\/careers\/unete-a-capgemini\/#primaryimage"},"thumbnailUrl":"https:\/\/www.capgemini.com\/co-es\/wp-content\/uploads\/sites\/25\/2023\/11\/Demo-5-CU-DU.jpg","datePublished":"2023-11-01T18:14:10+00:00","dateModified":"2026-01-09T06:54:47+00:00","description":"Buscamos constantemente j\u00f3venes talentos y brillantes, as\u00ed como profesionales experimentados que est\u00e9n ansiosos por asumir desaf\u00edos.","breadcrumb":{"@id":"https:\/\/www.capgemini.com\/co-es\/careers\/unete-a-capgemini\/#breadcrumb"},"inLanguage":"es-MX","potentialAction":[{"@type":"ReadAction","target":["https:\/\/www.capgemini.com\/co-es\/careers\/unete-a-capgemini\/"]}]},{"@type":"ImageObject","inLanguage":"es-MX","@id":"https:\/\/www.capgemini.com\/co-es\/careers\/unete-a-capgemini\/#primaryimage","url":"https:\/\/www.capgemini.com\/co-es\/wp-content\/uploads\/sites\/25\/2023\/11\/Demo-5-CU-DU.jpg","contentUrl":"https:\/\/www.capgemini.com\/co-es\/wp-content\/uploads\/sites\/25\/2023\/11\/Demo-5-CU-DU.jpg","width":2800,"height":1867},{"@type":"BreadcrumbList","@id":"https:\/\/www.capgemini.com\/co-es\/careers\/unete-a-capgemini\/#breadcrumb","itemListElement":[{"@type":"ListItem","position":1,"name":"Home","item":"https:\/\/www.capgemini.com\/co-es\/"},{"@type":"ListItem","position":2,"name":"Careers","item":"https:\/\/www.capgemini.com\/co-es\/?page_id=528254"},{"@type":"ListItem","position":3,"name":"\u00danase a Capgemini"}]},{"@type":"WebSite","@id":"https:\/\/www.capgemini.com\/co-es\/#website","url":"https:\/\/www.capgemini.com\/co-es\/","name":"Capgemini Colombia","description":"Capgemini","potentialAction":[{"@type":"SearchAction","target":{"@type":"EntryPoint","urlTemplate":"https:\/\/www.capgemini.com\/co-es\/?s={search_term_string}"},"query-input":"required name=search_term_string"}],"inLanguage":"es-MX"}]}},"brand_term":[],"parsely":{"version":"1.1.0","canonical_url":"https:\/\/capgemini.com\/co-es\/careers\/unete-a-capgemini\/","smart_links":{"inbound":0,"outbound":0},"traffic_boost_suggestions_count":0,"meta":{"@context":"https:\/\/schema.org","@type":"WebPage","headline":"\u00danase a Capgemini","url":"https:\/\/www.capgemini.com\/co-es\/careers\/unete-a-capgemini\/","mainEntityOfPage":{"@type":"WebPage","@id":"https:\/\/www.capgemini.com\/co-es\/careers\/unete-a-capgemini\/"},"thumbnailUrl":"https:\/\/www.capgemini.com\/co-es\/wp-content\/uploads\/sites\/25\/2023\/11\/Demo-5-CU-DU.jpg?w=150&h=150&crop=1","image":{"@type":"ImageObject","url":"https:\/\/www.capgemini.com\/co-es\/wp-content\/uploads\/sites\/25\/2023\/11\/Demo-5-CU-DU.jpg"},"articleSection":"Uncategorized","author":[],"creator":[],"publisher":{"@type":"Organization","name":"Capgemini Colombia","logo":""},"keywords":[],"dateCreated":"2023-11-01T18:14:10Z","datePublished":"2023-11-01T18:14:10Z","dateModified":"2026-01-09T06:54:47Z"},"rendered":"<meta name=\"parsely-title\" content=\"\u00danase a Capgemini\" \/>\n<meta name=\"parsely-link\" content=\"https:\/\/www.capgemini.com\/co-es\/careers\/unete-a-capgemini\/\" \/>\n<meta name=\"parsely-type\" content=\"index\" \/>\n<meta name=\"parsely-image-url\" content=\"https:\/\/www.capgemini.com\/co-es\/wp-content\/uploads\/sites\/25\/2023\/11\/Demo-5-CU-DU.jpg?w=150&amp;h=150&amp;crop=1\" \/>\n<meta name=\"parsely-pub-date\" content=\"2023-11-01T18:14:10Z\" \/>\n<meta name=\"parsely-section\" content=\"Uncategorized\" \/>","tracker_url":"https:\/\/cdn.parsely.com\/keys\/capgemini.com\/p.js"},"archive_status":false,"featured_image_src":"https:\/\/www.capgemini.com\/co-es\/wp-content\/uploads\/sites\/25\/2023\/11\/Demo-5-CU-DU.jpg","featured_image_alt":"","jetpack_sharing_enabled":true,"distributor_meta":false,"distributor_terms":false,"distributor_media":false,"distributor_original_site_name":"Capgemini Colombia","distributor_original_site_url":"https:\/\/www.capgemini.com\/co-es","push-errors":false,"_links":{"self":[{"href":"https:\/\/www.capgemini.com\/co-es\/wp-json\/wp\/v2\/pages\/513157","targetHints":{"allow":["GET"]}}],"collection":[{"href":"https:\/\/www.capgemini.com\/co-es\/wp-json\/wp\/v2\/pages"}],"about":[{"href":"https:\/\/www.capgemini.com\/co-es\/wp-json\/wp\/v2\/types\/page"}],"author":[{"embeddable":true,"href":"https:\/\/www.capgemini.com\/co-es\/wp-json\/wp\/v2\/users\/81"}],"replies":[{"embeddable":true,"href":"https:\/\/www.capgemini.com\/co-es\/wp-json\/wp\/v2\/comments?post=513157"}],"version-history":[{"count":6,"href":"https:\/\/www.capgemini.com\/co-es\/wp-json\/wp\/v2\/pages\/513157\/revisions"}],"predecessor-version":[{"id":536665,"href":"https:\/\/www.capgemini.com\/co-es\/wp-json\/wp\/v2\/pages\/513157\/revisions\/536665"}],"up":[{"embeddable":true,"href":"https:\/\/www.capgemini.com\/co-es\/wp-json\/wp\/v2\/pages\/528254"}],"wp:featuredmedia":[{"embeddable":true,"href":"https:\/\/www.capgemini.com\/co-es\/wp-json\/wp\/v2\/media\/513158"}],"wp:attachment":[{"href":"https:\/\/www.capgemini.com\/co-es\/wp-json\/wp\/v2\/media?parent=513157"}],"wp:term":[{"taxonomy":"brand","embeddable":true,"href":"https:\/\/www.capgemini.com\/co-es\/wp-json\/wp\/v2\/brand?post=513157"},{"taxonomy":"partner_type","embeddable":true,"href":"https:\/\/www.capgemini.com\/co-es\/wp-json\/wp\/v2\/partner_type?post=513157"},{"taxonomy":"service","embeddable":true,"href":"https:\/\/www.capgemini.com\/co-es\/wp-json\/wp\/v2\/service?post=513157"},{"taxonomy":"industry","embeddable":true,"href":"https:\/\/www.capgemini.com\/co-es\/wp-json\/wp\/v2\/industry?post=513157"},{"taxonomy":"partners","embeddable":true,"href":"https:\/\/www.capgemini.com\/co-es\/wp-json\/wp\/v2\/partners?post=513157"},{"taxonomy":"page-type","embeddable":true,"href":"https:\/\/www.capgemini.com\/co-es\/wp-json\/wp\/v2\/page-type?post=513157"},{"taxonomy":"content-group","embeddable":true,"href":"https:\/\/www.capgemini.com\/co-es\/wp-json\/wp\/v2\/content-group?post=513157"}],"curies":[{"name":"wp","href":"https:\/\/api.w.org\/{rel}","templated":true}]}}