{"id":511681,"date":"2023-06-30T03:14:19","date_gmt":"2023-06-30T03:14:19","guid":{"rendered":"https:\/\/www.capgemini.com\/?page_id=647965"},"modified":"2026-01-09T06:54:53","modified_gmt":"2026-01-09T06:54:53","slug":"fabrica-del-futuro","status":"publish","type":"page","link":"https:\/\/www.capgemini.com\/co-es\/solutions\/fabrica-del-futuro\/","title":{"rendered":"F\u00e1brica del futuro"},"content":{"rendered":"\n<header class=\"wp-block-cg-blocks-hero-reusable header heroReusable  \"><div class=\"header-bgs\"><picture><source srcset=\"https:\/\/www.capgemini.com\/wp-content\/uploads\/2022\/01\/1200x350_Dotcom-banner.jpg?w=2880&amp;quality=70 1x, https:\/\/www.capgemini.com\/wp-content\/uploads\/2022\/01\/1200x350_Dotcom-banner.jpg?w=2880&amp;quality=70 2x\" media=\"(min-width: 1500px)\"\/><source srcset=\"https:\/\/www.capgemini.com\/wp-content\/uploads\/2022\/01\/1200x350_Dotcom-banner.jpg?w=1440&amp;quality=70 1x, https:\/\/www.capgemini.com\/wp-content\/uploads\/2022\/01\/1200x350_Dotcom-banner.jpg?w=2880&amp;quality=70 2x\" media=\"(min-width: 992px)\"\/><source srcset=\"https:\/\/www.capgemini.com\/wp-content\/uploads\/2022\/01\/1200x350_Dotcom-banner.jpg?w=1024&amp;quality=70 1x, https:\/\/www.capgemini.com\/wp-content\/uploads\/2022\/01\/1200x350_Dotcom-banner.jpg?w=1024&amp;quality=70 2x\" media=\"(min-width: 768px)\"\/><source srcset=\"https:\/\/www.capgemini.com\/wp-content\/uploads\/2022\/01\/1200x350_Dotcom-banner.jpg?w=768&amp;quality=70 1x, https:\/\/www.capgemini.com\/wp-content\/uploads\/2022\/01\/1200x350_Dotcom-banner.jpg?w=768&amp;quality=70 2x\" media=\"(min-width: 0)\"\/><img decoding=\"async\" src=\"https:\/\/www.capgemini.com\/wp-content\/uploads\/2022\/01\/1200x350_Dotcom-banner.jpg\" class=\"header-img header-img-d\" alt=\"\" style=\"object-fit:cover;object-position:50% 50%\" loading=\"eager\"\/><\/picture><\/div><div class=\"heroPictureCardHeaderShape\"><\/div><div class=\"container\"><div class=\"row\"><div class=\"col-md-12\"><div class=\"box\"><div class=\"boxTagWrapper\"><div class=\"tagInfo\"><div><span class=\"box-tag\">Solution<\/span><\/div><\/div><\/div><div class=\"box-title\"><h1 data-maxlength=\"34\">F\u00e1brica del futuro<\/h1><\/div><div class=\"inner-row-insight download-btn\"><div class=\"col-md-4 downloadFiles \"><a class=\"button-download--small\" type=\"download\" href=\"https:\/\/www.capgemini.com\/wp-content\/uploads\/2022\/01\/Thought-Paper_The-Road-to-Intelligent-Manufacturing.pdf\" target=\"_blank\" rel=\"noopener noreferrer\" title=\"abrir en una nueva ventana\"><span>Descargar documento<\/span><span class=\"type\">8 MB  pdf<\/span><\/a><\/div><div class=\"col-md-4 downloadFiles \"><a class=\"button-download--small\" type=\"download\" href=\"https:\/\/www.capgemini.com\/wp-content\/uploads\/2022\/01\/Solutions-Brochure_Microsoft-Factory-of-the-Future.pdf\" target=\"_blank\" rel=\"noopener noreferrer\" title=\"abrir en una nueva ventana\"><span>Descargar folleto<\/span><span class=\"type\">302 KB  pdf<\/span><\/a><\/div><\/div><\/div><\/div><\/div><\/div><\/header>\n\n\n\n<section class=\"wp-block-cg-blocks-intro-para undefined section section--intro\"><div class=\"intro-para\"><div class=\"container\"><div class=\"row\"><div class=\"col-12 col-md-1\"><nav class=\"article-social\"><ul class=\"social-nav\"><li class=\"ip-order-fb\"><a href=\"https:\/\/www.facebook.com\/sharer\/sharer.php?u=https:\/\/www.capgemini.com\/co-es\/solutions\/fabrica-del-futuro\/\" target=\"_blank\" rel=\"noopener noreferrer\" title=\"abrir en una nueva ventana\"><i aria-hidden=\"true\" class=\"icon-fb\"><\/i><span class=\"sr-only\">Facebook<\/span><\/a><\/li><li class=\"ip-order-li\"><a href=\"https:\/\/www.linkedin.com\/sharing\/share-offsite\/?url=https:\/\/www.capgemini.com\/co-es\/solutions\/fabrica-del-futuro\/\" target=\"_blank\" rel=\"noopener noreferrer\" title=\"abrir en una nueva ventana\"><i aria-hidden=\"true\" class=\"icon-li\"><\/i><span class=\"sr-only\">Linkedin<\/span><\/a><\/li><\/ul><\/nav><\/div><div class=\"col-12 col-md-11 col-lg-10\"><h2 class=\"intro-para-title\">Descubre c\u00f3mo Capgemini puede acelerar la eficacia de tus operaciones de fabricaci\u00f3n digital a escala con nuestro enfoque de &#8220;F\u00e1brica del futuro&#8221;.<\/h2><\/div><\/div><\/div><\/div><\/section>\n\n\n\n<section class=\"wp-block-cg-blocks-group undefined section section--article-content\"><div class=\"article-main-content\"><div class=\"container\"><div class=\"row\"><div class=\"col-12 col-md-11 col-lg-10 offset-md-1 offset-lg-1\"><div class=\"article-text article-quote-text\">\n<h2 class=\"wp-block-heading\" id=\"h-tus-iniciativas-digitales-estan-dando-resultados-reales\">\u00bfTus iniciativas digitales est\u00e1n dando resultados reales?<\/h2>\n\n\n\n<p><\/p>\n\n\n\n<p>Los fabricantes se esfuerzan por mejorar la calidad, la eficiencia y la eficacia de sus operaciones utilizando el poder de las tecnolog\u00edas y los datos digitales. Sin embargo, muchos luchan por lograr importantes beneficios finales porque no pueden implementarlos m\u00e1s ampliamente en el ecosistema de la f\u00e1brica.<\/p>\n\n\n\n<h2 class=\"wp-block-heading\" id=\"h-desbloquear-el-secreto-de-la-escalabilidad-es-clave\">Desbloquear el secreto de la escalabilidad es clave<\/h2>\n\n\n\n<p><\/p>\n\n\n\n<p>Si bien muchos fabricantes participan en alg\u00fan tipo de iniciativa de prueba de concepto de <a href=\"\/co-es\/servicios\/industria-inteligente\/\">fabricaci\u00f3n digital<\/a>, la mayor\u00eda lucha por obtener beneficios en todas sus operaciones.<\/p>\n\n\n\n<figure class=\"wp-block-image aligncenter\"><img decoding=\"async\" src=\"https:\/\/www.capgemini.com\/wp-content\/uploads\/2020\/07\/Slide1.jpg?w=960\" alt=\"\" class=\"wp-image-509128\"\/><\/figure>\n\n\n\n<p><strong>Convertir una idea en realidad requiere visi\u00f3n<\/strong><\/p>\n\n\n\n<p><\/p>\n\n\n\n<p>Nuestro enfoque Factory-of-the-Future ayuda a los fabricantes a lograr la escalabilidad necesaria para convertir buenas ideas en resultados comerciales.<\/p>\n\n\n\n<p>Comienza con una plataforma de operaciones inteligente (IOP), que se integra con la pila tecnol\u00f3gica existente y se puede implementar r\u00e1pidamente. Luego, los casos de uso se ejecutan con un enfoque paso a paso que brinda una oportunidad innovadora a la vez. Se implementan utilizando una metodolog\u00eda \u00e1gil que mejora progresivamente el modelo operativo e integra la innovaci\u00f3n en la cultura empresarial.<\/p>\n\n\n\n<figure class=\"wp-block-image\"><img decoding=\"async\" src=\"https:\/\/www.capgemini.com\/wp-content\/uploads\/2020\/07\/List-Boxes.jpg?w=960\" alt=\"\" class=\"wp-image-499822\"\/><\/figure>\n\n\n\n<h3 class=\"wp-block-heading\" id=\"h-fabrica-del-futuro-con-microsoft\">F\u00e1brica del futuro con Microsoft<\/h3>\n\n\n\n<p><\/p>\n\n\n\n<figure class=\"wp-block-embed is-type-video is-provider-youtube wp-block-embed-youtube wp-embed-aspect-16-9 wp-has-aspect-ratio\"><div class=\"wp-block-embed__wrapper\">\n<iframe loading=\"lazy\" title=\"Factory of the Future with Microsoft\" width=\"960\" height=\"540\" src=\"https:\/\/www.youtube.com\/embed\/s-AmVaN5dPM?feature=oembed\" frameborder=\"0\" allow=\"accelerometer; autoplay; clipboard-write; encrypted-media; gyroscope; picture-in-picture; web-share\" allowfullscreen><\/iframe>\n<\/div><\/figure>\n<\/div><\/div><\/div><\/div><\/div><\/section>\n","protected":false},"excerpt":{"rendered":"","protected":false},"author":151,"featured_media":0,"parent":5720,"menu_order":0,"comment_status":"closed","ping_status":"closed","template":"","meta":{"cg_dt_proposed_to":[],"cg_seo_hreflang_relations":"[]","cg_seo_canonical_relation":"","cg_seo_hreflang_x_default_relation":"{\"uuid\":\"5ef7bfc8-fb82-47df-8c89-5a5d30a522dd\",\"blogId\":\"\",\"domain\":\"\",\"sitePath\":\"\",\"postLink\":\"\",\"postId\":null,\"isSaved\":true,\"isCrossLink\":false,\"hasCrossLink\":false}","cg_dt_approved_content":true,"cg_dt_mandatory_content":false,"cg_dt_notes":"","cg_dg_source_changed":true,"cg_dt_link_disabled":false,"_yoast_wpseo_primary_brand":"","footnotes":"","featured_focal_points":"","partner_card_description":"","gsap_animation":0},"brand":[],"partner_type":[],"service":[],"industry":[],"partners":[],"page-type":[167],"content-group":[],"class_list":["post-511681","page","type-page","status-publish","hentry","page-type-solutions"],"yoast_head":"<!-- This site is optimized with the Yoast SEO Premium plugin v22.8 (Yoast SEO v22.8) - https:\/\/yoast.com\/wordpress\/plugins\/seo\/ -->\n<title>F\u00e1brica del futuro | Capgemini<\/title>\n<meta name=\"description\" content=\"Descubre c\u00f3mo Capgemini puede acelerar la eficacia de tus operaciones de fabricaci\u00f3n digital a escala con nuestro enfoque de &quot;F\u00e1brica del futuro&quot;.\" \/>\n<meta name=\"robots\" content=\"index, follow, max-snippet:-1, max-image-preview:large, max-video-preview:-1\" \/>\n<link rel=\"canonical\" href=\"https:\/\/www.capgemini.com\/co-es\/solutions\/fabrica-del-futuro\/\" \/>\n<meta property=\"og:locale\" content=\"es_MX\" \/>\n<meta property=\"og:type\" content=\"article\" \/>\n<meta property=\"og:title\" content=\"F\u00e1brica del futuro\" \/>\n<meta property=\"og:description\" content=\"Descubre c\u00f3mo Capgemini puede acelerar la eficacia de tus operaciones de fabricaci\u00f3n digital a escala con nuestro enfoque de &quot;F\u00e1brica del futuro&quot;.\" \/>\n<meta property=\"og:url\" content=\"https:\/\/www.capgemini.com\/co-es\/solutions\/fabrica-del-futuro\/\" \/>\n<meta property=\"og:site_name\" content=\"Capgemini Colombia\" \/>\n<meta property=\"article:modified_time\" content=\"2026-01-09T06:54:53+00:00\" \/>\n<meta property=\"og:image\" content=\"https:\/\/www.capgemini.com\/wp-content\/uploads\/2022\/01\/1200x350_Dotcom-banner.jpg\" \/>\n<meta name=\"twitter:card\" content=\"summary_large_image\" \/>\n<script type=\"application\/ld+json\" class=\"yoast-schema-graph\">{\"@context\":\"https:\/\/schema.org\",\"@graph\":[{\"@type\":\"WebPage\",\"@id\":\"https:\/\/www.capgemini.com\/co-es\/solutions\/fabrica-del-futuro\/\",\"url\":\"https:\/\/www.capgemini.com\/co-es\/solutions\/fabrica-del-futuro\/\",\"name\":\"F\u00e1brica del futuro | Capgemini\",\"isPartOf\":{\"@id\":\"https:\/\/www.capgemini.com\/co-es\/#website\"},\"primaryImageOfPage\":{\"@id\":\"https:\/\/www.capgemini.com\/co-es\/solutions\/fabrica-del-futuro\/#primaryimage\"},\"image\":{\"@id\":\"https:\/\/www.capgemini.com\/co-es\/solutions\/fabrica-del-futuro\/#primaryimage\"},\"thumbnailUrl\":\"https:\/\/www.capgemini.com\/wp-content\/uploads\/2022\/01\/1200x350_Dotcom-banner.jpg\",\"datePublished\":\"2023-06-30T03:14:19+00:00\",\"dateModified\":\"2026-01-09T06:54:53+00:00\",\"description\":\"Descubre c\u00f3mo Capgemini puede acelerar la eficacia de tus operaciones de fabricaci\u00f3n digital a escala con nuestro enfoque de \\\"F\u00e1brica del futuro\\\".\",\"breadcrumb\":{\"@id\":\"https:\/\/www.capgemini.com\/co-es\/solutions\/fabrica-del-futuro\/#breadcrumb\"},\"inLanguage\":\"es-MX\",\"potentialAction\":[{\"@type\":\"ReadAction\",\"target\":[\"https:\/\/www.capgemini.com\/co-es\/solutions\/fabrica-del-futuro\/\"]}]},{\"@type\":\"ImageObject\",\"inLanguage\":\"es-MX\",\"@id\":\"https:\/\/www.capgemini.com\/co-es\/solutions\/fabrica-del-futuro\/#primaryimage\",\"url\":\"https:\/\/www.capgemini.com\/wp-content\/uploads\/2022\/01\/1200x350_Dotcom-banner.jpg\",\"contentUrl\":\"https:\/\/www.capgemini.com\/wp-content\/uploads\/2022\/01\/1200x350_Dotcom-banner.jpg\"},{\"@type\":\"BreadcrumbList\",\"@id\":\"https:\/\/www.capgemini.com\/co-es\/solutions\/fabrica-del-futuro\/#breadcrumb\",\"itemListElement\":[{\"@type\":\"ListItem\",\"position\":1,\"name\":\"Home\",\"item\":\"https:\/\/www.capgemini.com\/co-es\/\"},{\"@type\":\"ListItem\",\"position\":2,\"name\":\"Solutions\",\"item\":\"https:\/\/www.capgemini.com\/co-es\/solutions\/\"},{\"@type\":\"ListItem\",\"position\":3,\"name\":\"F\u00e1brica del futuro\"}]},{\"@type\":\"WebSite\",\"@id\":\"https:\/\/www.capgemini.com\/co-es\/#website\",\"url\":\"https:\/\/www.capgemini.com\/co-es\/\",\"name\":\"Capgemini Colombia\",\"description\":\"Capgemini\",\"potentialAction\":[{\"@type\":\"SearchAction\",\"target\":{\"@type\":\"EntryPoint\",\"urlTemplate\":\"https:\/\/www.capgemini.com\/co-es\/?s={search_term_string}\"},\"query-input\":\"required name=search_term_string\"}],\"inLanguage\":\"es-MX\"}]}<\/script>\n<!-- \/ Yoast SEO Premium plugin. -->","yoast_head_json":{"title":"F\u00e1brica del futuro | Capgemini","description":"Descubre c\u00f3mo Capgemini puede acelerar la eficacia de tus operaciones de fabricaci\u00f3n digital a escala con nuestro enfoque de \"F\u00e1brica del futuro\".","robots":{"index":"index","follow":"follow","max-snippet":"max-snippet:-1","max-image-preview":"max-image-preview:large","max-video-preview":"max-video-preview:-1"},"canonical":"https:\/\/www.capgemini.com\/co-es\/solutions\/fabrica-del-futuro\/","og_locale":"es_MX","og_type":"article","og_title":"F\u00e1brica del futuro","og_description":"Descubre c\u00f3mo Capgemini puede acelerar la eficacia de tus operaciones de fabricaci\u00f3n digital a escala con nuestro enfoque de \"F\u00e1brica del futuro\".","og_url":"https:\/\/www.capgemini.com\/co-es\/solutions\/fabrica-del-futuro\/","og_site_name":"Capgemini Colombia","article_modified_time":"2026-01-09T06:54:53+00:00","og_image":[{"url":"https:\/\/www.capgemini.com\/wp-content\/uploads\/2022\/01\/1200x350_Dotcom-banner.jpg"}],"twitter_card":"summary_large_image","schema":{"@context":"https:\/\/schema.org","@graph":[{"@type":"WebPage","@id":"https:\/\/www.capgemini.com\/co-es\/solutions\/fabrica-del-futuro\/","url":"https:\/\/www.capgemini.com\/co-es\/solutions\/fabrica-del-futuro\/","name":"F\u00e1brica del futuro | Capgemini","isPartOf":{"@id":"https:\/\/www.capgemini.com\/co-es\/#website"},"primaryImageOfPage":{"@id":"https:\/\/www.capgemini.com\/co-es\/solutions\/fabrica-del-futuro\/#primaryimage"},"image":{"@id":"https:\/\/www.capgemini.com\/co-es\/solutions\/fabrica-del-futuro\/#primaryimage"},"thumbnailUrl":"https:\/\/www.capgemini.com\/wp-content\/uploads\/2022\/01\/1200x350_Dotcom-banner.jpg","datePublished":"2023-06-30T03:14:19+00:00","dateModified":"2026-01-09T06:54:53+00:00","description":"Descubre c\u00f3mo Capgemini puede acelerar la eficacia de tus operaciones de fabricaci\u00f3n digital a escala con nuestro enfoque de \"F\u00e1brica del futuro\".","breadcrumb":{"@id":"https:\/\/www.capgemini.com\/co-es\/solutions\/fabrica-del-futuro\/#breadcrumb"},"inLanguage":"es-MX","potentialAction":[{"@type":"ReadAction","target":["https:\/\/www.capgemini.com\/co-es\/solutions\/fabrica-del-futuro\/"]}]},{"@type":"ImageObject","inLanguage":"es-MX","@id":"https:\/\/www.capgemini.com\/co-es\/solutions\/fabrica-del-futuro\/#primaryimage","url":"https:\/\/www.capgemini.com\/wp-content\/uploads\/2022\/01\/1200x350_Dotcom-banner.jpg","contentUrl":"https:\/\/www.capgemini.com\/wp-content\/uploads\/2022\/01\/1200x350_Dotcom-banner.jpg"},{"@type":"BreadcrumbList","@id":"https:\/\/www.capgemini.com\/co-es\/solutions\/fabrica-del-futuro\/#breadcrumb","itemListElement":[{"@type":"ListItem","position":1,"name":"Home","item":"https:\/\/www.capgemini.com\/co-es\/"},{"@type":"ListItem","position":2,"name":"Solutions","item":"https:\/\/www.capgemini.com\/co-es\/solutions\/"},{"@type":"ListItem","position":3,"name":"F\u00e1brica del futuro"}]},{"@type":"WebSite","@id":"https:\/\/www.capgemini.com\/co-es\/#website","url":"https:\/\/www.capgemini.com\/co-es\/","name":"Capgemini Colombia","description":"Capgemini","potentialAction":[{"@type":"SearchAction","target":{"@type":"EntryPoint","urlTemplate":"https:\/\/www.capgemini.com\/co-es\/?s={search_term_string}"},"query-input":"required name=search_term_string"}],"inLanguage":"es-MX"}]}},"brand_term":[],"parsely":{"version":"1.1.0","canonical_url":"https:\/\/capgemini.com\/co-es\/solutions\/fabrica-del-futuro\/","smart_links":{"inbound":0,"outbound":0},"traffic_boost_suggestions_count":0,"meta":{"@context":"https:\/\/schema.org","@type":"WebPage","headline":"F\u00e1brica del futuro","url":"https:\/\/www.capgemini.com\/co-es\/solutions\/fabrica-del-futuro\/","mainEntityOfPage":{"@type":"WebPage","@id":"https:\/\/www.capgemini.com\/co-es\/solutions\/fabrica-del-futuro\/"},"thumbnailUrl":"","image":{"@type":"ImageObject","url":""},"articleSection":"Uncategorized","author":[],"creator":[],"publisher":{"@type":"Organization","name":"Capgemini Colombia","logo":""},"keywords":[],"dateCreated":"2023-06-30T03:14:19Z","datePublished":"2023-06-30T03:14:19Z","dateModified":"2026-01-09T06:54:53Z"},"rendered":"<meta name=\"parsely-title\" content=\"F\u00e1brica del futuro\" \/>\n<meta name=\"parsely-link\" content=\"https:\/\/www.capgemini.com\/co-es\/solutions\/fabrica-del-futuro\/\" \/>\n<meta name=\"parsely-type\" content=\"index\" \/>\n<meta name=\"parsely-pub-date\" content=\"2023-06-30T03:14:19Z\" \/>\n<meta name=\"parsely-section\" content=\"Uncategorized\" \/>","tracker_url":"https:\/\/cdn.parsely.com\/keys\/capgemini.com\/p.js"},"archive_status":false,"featured_image_src":"https:\/\/www.capgemini.com\/co-es\/wp-content\/themes\/capgemini2025\/assets\/images\/mockup.png","featured_image_alt":false,"jetpack_sharing_enabled":true,"distributor_meta":false,"distributor_terms":false,"distributor_media":false,"distributor_original_site_name":"Capgemini Colombia","distributor_original_site_url":"https:\/\/www.capgemini.com\/co-es","push-errors":false,"_links":{"self":[{"href":"https:\/\/www.capgemini.com\/co-es\/wp-json\/wp\/v2\/pages\/511681","targetHints":{"allow":["GET"]}}],"collection":[{"href":"https:\/\/www.capgemini.com\/co-es\/wp-json\/wp\/v2\/pages"}],"about":[{"href":"https:\/\/www.capgemini.com\/co-es\/wp-json\/wp\/v2\/types\/page"}],"author":[{"embeddable":true,"href":"https:\/\/www.capgemini.com\/co-es\/wp-json\/wp\/v2\/users\/151"}],"replies":[{"embeddable":true,"href":"https:\/\/www.capgemini.com\/co-es\/wp-json\/wp\/v2\/comments?post=511681"}],"version-history":[{"count":2,"href":"https:\/\/www.capgemini.com\/co-es\/wp-json\/wp\/v2\/pages\/511681\/revisions"}],"predecessor-version":[{"id":535857,"href":"https:\/\/www.capgemini.com\/co-es\/wp-json\/wp\/v2\/pages\/511681\/revisions\/535857"}],"up":[{"embeddable":true,"href":"https:\/\/www.capgemini.com\/co-es\/wp-json\/wp\/v2\/pages\/5720"}],"wp:attachment":[{"href":"https:\/\/www.capgemini.com\/co-es\/wp-json\/wp\/v2\/media?parent=511681"}],"wp:term":[{"taxonomy":"brand","embeddable":true,"href":"https:\/\/www.capgemini.com\/co-es\/wp-json\/wp\/v2\/brand?post=511681"},{"taxonomy":"partner_type","embeddable":true,"href":"https:\/\/www.capgemini.com\/co-es\/wp-json\/wp\/v2\/partner_type?post=511681"},{"taxonomy":"service","embeddable":true,"href":"https:\/\/www.capgemini.com\/co-es\/wp-json\/wp\/v2\/service?post=511681"},{"taxonomy":"industry","embeddable":true,"href":"https:\/\/www.capgemini.com\/co-es\/wp-json\/wp\/v2\/industry?post=511681"},{"taxonomy":"partners","embeddable":true,"href":"https:\/\/www.capgemini.com\/co-es\/wp-json\/wp\/v2\/partners?post=511681"},{"taxonomy":"page-type","embeddable":true,"href":"https:\/\/www.capgemini.com\/co-es\/wp-json\/wp\/v2\/page-type?post=511681"},{"taxonomy":"content-group","embeddable":true,"href":"https:\/\/www.capgemini.com\/co-es\/wp-json\/wp\/v2\/content-group?post=511681"}],"curies":[{"name":"wp","href":"https:\/\/api.w.org\/{rel}","templated":true}]}}