{"id":510457,"date":"2023-04-13T15:34:06","date_gmt":"2023-04-13T15:34:06","guid":{"rendered":"https:\/\/www.capgemini.com\/mx-es\/?page_id=510860"},"modified":"2025-08-12T17:00:43","modified_gmt":"2025-08-12T17:00:43","slug":"politicas-de-calidad-y-seguridad-de-la-informacion","status":"publish","type":"page","link":"https:\/\/www.capgemini.com\/co-es\/sobre-nosotros\/gestion-y-gobierno\/politicas\/politicas-de-calidad-y-seguridad-de-la-informacion\/","title":{"rendered":"Pol\u00edticas de calidad y seguridad de la informaci\u00f3n"},"content":{"rendered":"\n<header class=\"wp-block-cg-blocks-hero-reusable is-style-blue-line header heroReusable  \"><div class=\"header-bgs\"><\/div><div class=\"heroPictureCardHeaderShape\"><\/div><div class=\"container\"><div class=\"row\"><div class=\"col-md-12\"><div class=\"box\"><div class=\"boxTagWrapper\"><div class=\"tagInfo\"><div><span class=\"box-tag\">Pol\u00edtica<\/span><\/div><\/div><\/div><div class=\"box-title\"><h1 data-maxlength=\"34\">Pol\u00edticas de calidad y seguridad de la informaci\u00f3n<\/h1><\/div><div class=\"inner-row-insight download-btn\"><\/div><\/div><\/div><\/div><\/div><\/header>\n\n\n\n<section class=\"wp-block-cg-blocks-group undefined section section--article-content\"><div class=\"article-main-content\"><div class=\"container\"><div class=\"row\"><div class=\"col-12 col-md-11 col-lg-10 offset-md-1 offset-lg-1\"><div class=\"article-text article-quote-text\">\n<p>Como parte del compromiso de ofrecer servicios de alta calidad y a la altura de las expectativas y necesidades de nuestros clientes y el mercado, Capgemini Colombia ha implementado un Sistema de Gesti\u00f3n Integrado (SGI) fundamentado en varios est\u00e1ndares y modelos internacionales entre los que se encuentran las normas ISO 9001:2015 e ISO\/IEC 27001:2022.<\/p>\n\n\n\n<p>Derivado de esto, se han establecido pol\u00edticas de calidad y de seguridad de la informaci\u00f3n dejando manifiesto de nuestra responsabilidad de entregar soluciones de valor a nuestros clientes, mismas que se describen a continuaci\u00f3n:<\/p>\n\n\n\n<figure class=\"wp-block-table\"><table><tbody><tr><td><strong>Pol\u00edtica de Calidad<\/strong><\/td><\/tr><tr><td>Capgemini est\u00e1 comprometido a satisfacer las expectativas del cliente mediante la entrega de soluciones y servicios a trav\u00e9s de procesos de vanguardia y un marco de mejora continua, alineados con requerimientos contractuales, estatutarios y regulatorios.<\/td><\/tr><\/tbody><\/table><\/figure>\n\n\n\n<figure class=\"wp-block-table\"><table><tbody><tr><td><strong><strong>Pol\u00edtica Seguridad de la Informaci\u00f3n<\/strong><\/strong><\/td><\/tr><tr><td>Brindar servicios de Tecnolog\u00edas de la Informaci\u00f3n dirigidos bajo los principios de colaboraci\u00f3n, mejora continua y un oportuno tratamiento de riesgos; manteniendo una cultura de seguridad y&nbsp;fomentando&nbsp;la integridad, confidencialidad y disponibilidad de la informaci\u00f3n de nuestra empresa, clientes y dem\u00e1s partes interesadas.<\/td><\/tr><\/tbody><\/table><\/figure>\n\n\n\n<p>Estas pol\u00edticas aplican a todas las oficinas y centros de entrega administrados por Capgemini Colombia SAS.<\/p>\n\n\n\n<p><strong>Para m\u00e1s informaci\u00f3n, favor de contactarnos:<\/strong><\/p>\n\n\n\n<ul class=\"wp-block-list\">\n<li>Calidad: <a href=\"mailto:qualitymanagement.co@capgemini.com\">qualitymanagement.co@capgemini.com<\/a><\/li>\n\n\n\n<li>Seguridad de la Informaci\u00f3n: <a href=\"mailto:information-security.co@capgemini.com\">information-security.co@capgemini.com<\/a><\/li>\n<\/ul>\n<\/div><\/div><\/div><\/div><\/div><\/section>\n","protected":false},"excerpt":{"rendered":"","protected":false},"author":367,"featured_media":0,"parent":5591,"menu_order":8,"comment_status":"closed","ping_status":"closed","template":"","meta":{"cg_dt_proposed_to":[],"cg_seo_hreflang_relations":"[]","cg_seo_canonical_relation":"","cg_seo_hreflang_x_default_relation":"{\"uuid\":\"4cf0b9c2-0f27-4f93-b0ce-11f2f698ffc1\",\"blogId\":\"\",\"domain\":\"\",\"sitePath\":\"\",\"postLink\":\"\",\"postId\":null,\"isSaved\":true,\"isCrossLink\":false,\"hasCrossLink\":false}","cg_dt_approved_content":true,"cg_dt_mandatory_content":false,"cg_dt_notes":"","cg_dg_source_changed":true,"cg_dt_link_disabled":false,"_yoast_wpseo_primary_brand":"","footnotes":"","featured_focal_points":"","partner_card_description":"","gsap_animation":0},"brand":[],"partner_type":[],"service":[],"industry":[],"partners":[],"page-type":[168],"content-group":[],"class_list":["post-510457","page","type-page","status-publish","hentry","page-type-about-us"],"yoast_head":"<!-- This site is optimized with the Yoast SEO Premium plugin v22.8 (Yoast SEO v22.8) - https:\/\/yoast.com\/wordpress\/plugins\/seo\/ -->\n<title>Pol\u00edticas de Calidad y Seguridad de la Informaci\u00f3n | Capgemini<\/title>\n<meta name=\"robots\" content=\"index, follow, max-snippet:-1, max-image-preview:large, max-video-preview:-1\" \/>\n<link rel=\"canonical\" href=\"https:\/\/www.capgemini.com\/co-es\/sobre-nosotros\/gestion-y-gobierno\/politicas\/politicas-de-calidad-y-seguridad-de-la-informacion\/\" \/>\n<meta property=\"og:locale\" content=\"es_MX\" \/>\n<meta property=\"og:type\" content=\"article\" \/>\n<meta property=\"og:title\" content=\"Pol\u00edticas de calidad y seguridad de la informaci\u00f3n\" \/>\n<meta property=\"og:url\" content=\"https:\/\/www.capgemini.com\/co-es\/sobre-nosotros\/gestion-y-gobierno\/politicas\/politicas-de-calidad-y-seguridad-de-la-informacion\/\" \/>\n<meta property=\"og:site_name\" content=\"Capgemini Colombia\" \/>\n<meta property=\"article:modified_time\" content=\"2025-08-12T17:00:43+00:00\" \/>\n<meta property=\"og:image\" content=\"https:\/\/www.capgemini.com\/co-es\/wp-content\/uploads\/sites\/25\/2025\/10\/New-Web-preview-global.jpg\" \/>\n\t<meta property=\"og:image:width\" content=\"1200\" \/>\n\t<meta property=\"og:image:height\" content=\"627\" \/>\n\t<meta property=\"og:image:type\" content=\"image\/jpeg\" \/>\n<meta name=\"twitter:card\" content=\"summary_large_image\" \/>\n<meta name=\"twitter:label1\" content=\"Est. reading time\" \/>\n\t<meta name=\"twitter:data1\" content=\"1 minute\" \/>\n<script type=\"application\/ld+json\" class=\"yoast-schema-graph\">{\"@context\":\"https:\/\/schema.org\",\"@graph\":[{\"@type\":\"WebPage\",\"@id\":\"https:\/\/www.capgemini.com\/co-es\/sobre-nosotros\/gestion-y-gobierno\/politicas\/politicas-de-calidad-y-seguridad-de-la-informacion\/\",\"url\":\"https:\/\/www.capgemini.com\/co-es\/sobre-nosotros\/gestion-y-gobierno\/politicas\/politicas-de-calidad-y-seguridad-de-la-informacion\/\",\"name\":\"Pol\u00edticas de Calidad y Seguridad de la Informaci\u00f3n | Capgemini\",\"isPartOf\":{\"@id\":\"https:\/\/www.capgemini.com\/co-es\/#website\"},\"datePublished\":\"2023-04-13T15:34:06+00:00\",\"dateModified\":\"2025-08-12T17:00:43+00:00\",\"breadcrumb\":{\"@id\":\"https:\/\/www.capgemini.com\/co-es\/sobre-nosotros\/gestion-y-gobierno\/politicas\/politicas-de-calidad-y-seguridad-de-la-informacion\/#breadcrumb\"},\"inLanguage\":\"es-MX\",\"potentialAction\":[{\"@type\":\"ReadAction\",\"target\":[\"https:\/\/www.capgemini.com\/co-es\/sobre-nosotros\/gestion-y-gobierno\/politicas\/politicas-de-calidad-y-seguridad-de-la-informacion\/\"]}]},{\"@type\":\"BreadcrumbList\",\"@id\":\"https:\/\/www.capgemini.com\/co-es\/sobre-nosotros\/gestion-y-gobierno\/politicas\/politicas-de-calidad-y-seguridad-de-la-informacion\/#breadcrumb\",\"itemListElement\":[{\"@type\":\"ListItem\",\"position\":1,\"name\":\"Home\",\"item\":\"https:\/\/www.capgemini.com\/co-es\/\"},{\"@type\":\"ListItem\",\"position\":2,\"name\":\"Sobre nosotros\",\"item\":\"https:\/\/www.capgemini.com\/co-es\/sobre-nosotros\/\"},{\"@type\":\"ListItem\",\"position\":3,\"name\":\"Gesti\u00f3n y gobierno\",\"item\":\"https:\/\/www.capgemini.com\/co-es\/sobre-nosotros\/gestion-y-gobierno\/\"},{\"@type\":\"ListItem\",\"position\":4,\"name\":\"Pol\u00edticas\",\"item\":\"https:\/\/www.capgemini.com\/co-es\/sobre-nosotros\/gestion-y-gobierno\/politicas\/\"},{\"@type\":\"ListItem\",\"position\":5,\"name\":\"Pol\u00edticas de calidad y seguridad de la informaci\u00f3n\"}]},{\"@type\":\"WebSite\",\"@id\":\"https:\/\/www.capgemini.com\/co-es\/#website\",\"url\":\"https:\/\/www.capgemini.com\/co-es\/\",\"name\":\"Capgemini Colombia\",\"description\":\"Capgemini\",\"potentialAction\":[{\"@type\":\"SearchAction\",\"target\":{\"@type\":\"EntryPoint\",\"urlTemplate\":\"https:\/\/www.capgemini.com\/co-es\/?s={search_term_string}\"},\"query-input\":\"required name=search_term_string\"}],\"inLanguage\":\"es-MX\"}]}<\/script>\n<!-- \/ Yoast SEO Premium plugin. -->","yoast_head_json":{"title":"Pol\u00edticas de Calidad y Seguridad de la Informaci\u00f3n | Capgemini","robots":{"index":"index","follow":"follow","max-snippet":"max-snippet:-1","max-image-preview":"max-image-preview:large","max-video-preview":"max-video-preview:-1"},"canonical":"https:\/\/www.capgemini.com\/co-es\/sobre-nosotros\/gestion-y-gobierno\/politicas\/politicas-de-calidad-y-seguridad-de-la-informacion\/","og_locale":"es_MX","og_type":"article","og_title":"Pol\u00edticas de calidad y seguridad de la informaci\u00f3n","og_url":"https:\/\/www.capgemini.com\/co-es\/sobre-nosotros\/gestion-y-gobierno\/politicas\/politicas-de-calidad-y-seguridad-de-la-informacion\/","og_site_name":"Capgemini Colombia","article_modified_time":"2025-08-12T17:00:43+00:00","og_image":[{"width":1200,"height":627,"url":"https:\/\/www.capgemini.com\/co-es\/wp-content\/uploads\/sites\/25\/2025\/10\/New-Web-preview-global.jpg","type":"image\/jpeg"}],"twitter_card":"summary_large_image","twitter_misc":{"Est. reading time":"1 minute"},"schema":{"@context":"https:\/\/schema.org","@graph":[{"@type":"WebPage","@id":"https:\/\/www.capgemini.com\/co-es\/sobre-nosotros\/gestion-y-gobierno\/politicas\/politicas-de-calidad-y-seguridad-de-la-informacion\/","url":"https:\/\/www.capgemini.com\/co-es\/sobre-nosotros\/gestion-y-gobierno\/politicas\/politicas-de-calidad-y-seguridad-de-la-informacion\/","name":"Pol\u00edticas de Calidad y Seguridad de la Informaci\u00f3n | Capgemini","isPartOf":{"@id":"https:\/\/www.capgemini.com\/co-es\/#website"},"datePublished":"2023-04-13T15:34:06+00:00","dateModified":"2025-08-12T17:00:43+00:00","breadcrumb":{"@id":"https:\/\/www.capgemini.com\/co-es\/sobre-nosotros\/gestion-y-gobierno\/politicas\/politicas-de-calidad-y-seguridad-de-la-informacion\/#breadcrumb"},"inLanguage":"es-MX","potentialAction":[{"@type":"ReadAction","target":["https:\/\/www.capgemini.com\/co-es\/sobre-nosotros\/gestion-y-gobierno\/politicas\/politicas-de-calidad-y-seguridad-de-la-informacion\/"]}]},{"@type":"BreadcrumbList","@id":"https:\/\/www.capgemini.com\/co-es\/sobre-nosotros\/gestion-y-gobierno\/politicas\/politicas-de-calidad-y-seguridad-de-la-informacion\/#breadcrumb","itemListElement":[{"@type":"ListItem","position":1,"name":"Home","item":"https:\/\/www.capgemini.com\/co-es\/"},{"@type":"ListItem","position":2,"name":"Sobre nosotros","item":"https:\/\/www.capgemini.com\/co-es\/sobre-nosotros\/"},{"@type":"ListItem","position":3,"name":"Gesti\u00f3n y gobierno","item":"https:\/\/www.capgemini.com\/co-es\/sobre-nosotros\/gestion-y-gobierno\/"},{"@type":"ListItem","position":4,"name":"Pol\u00edticas","item":"https:\/\/www.capgemini.com\/co-es\/sobre-nosotros\/gestion-y-gobierno\/politicas\/"},{"@type":"ListItem","position":5,"name":"Pol\u00edticas de calidad y seguridad de la informaci\u00f3n"}]},{"@type":"WebSite","@id":"https:\/\/www.capgemini.com\/co-es\/#website","url":"https:\/\/www.capgemini.com\/co-es\/","name":"Capgemini Colombia","description":"Capgemini","potentialAction":[{"@type":"SearchAction","target":{"@type":"EntryPoint","urlTemplate":"https:\/\/www.capgemini.com\/co-es\/?s={search_term_string}"},"query-input":"required name=search_term_string"}],"inLanguage":"es-MX"}]}},"brand_term":[],"parsely":{"version":"1.1.0","canonical_url":"https:\/\/capgemini.com\/co-es\/sobre-nosotros\/gestion-y-gobierno\/politicas\/politicas-de-calidad-y-seguridad-de-la-informacion\/","smart_links":{"inbound":0,"outbound":0},"traffic_boost_suggestions_count":0,"meta":{"@context":"https:\/\/schema.org","@type":"WebPage","headline":"Pol\u00edticas de calidad y seguridad de la informaci\u00f3n","url":"https:\/\/www.capgemini.com\/co-es\/sobre-nosotros\/gestion-y-gobierno\/politicas\/politicas-de-calidad-y-seguridad-de-la-informacion\/","mainEntityOfPage":{"@type":"WebPage","@id":"https:\/\/www.capgemini.com\/co-es\/sobre-nosotros\/gestion-y-gobierno\/politicas\/politicas-de-calidad-y-seguridad-de-la-informacion\/"},"thumbnailUrl":"","image":{"@type":"ImageObject","url":""},"articleSection":"Uncategorized","author":[],"creator":[],"publisher":{"@type":"Organization","name":"Capgemini Colombia","logo":""},"keywords":[],"dateCreated":"2023-04-13T15:34:06Z","datePublished":"2023-04-13T15:34:06Z","dateModified":"2025-08-12T17:00:43Z"},"rendered":"<meta name=\"parsely-title\" content=\"Pol\u00edticas de calidad y seguridad de la informaci\u00f3n\" \/>\n<meta name=\"parsely-link\" content=\"https:\/\/www.capgemini.com\/co-es\/sobre-nosotros\/gestion-y-gobierno\/politicas\/politicas-de-calidad-y-seguridad-de-la-informacion\/\" \/>\n<meta name=\"parsely-type\" content=\"index\" \/>\n<meta name=\"parsely-pub-date\" content=\"2023-04-13T15:34:06Z\" \/>\n<meta name=\"parsely-section\" content=\"Uncategorized\" \/>","tracker_url":"https:\/\/cdn.parsely.com\/keys\/capgemini.com\/p.js"},"archive_status":false,"featured_image_src":"https:\/\/www.capgemini.com\/co-es\/wp-content\/themes\/capgemini2025\/assets\/images\/mockup.png","featured_image_alt":false,"jetpack_sharing_enabled":true,"distributor_meta":false,"distributor_terms":false,"distributor_media":false,"distributor_original_site_name":"Capgemini Colombia","distributor_original_site_url":"https:\/\/www.capgemini.com\/co-es","push-errors":false,"_links":{"self":[{"href":"https:\/\/www.capgemini.com\/co-es\/wp-json\/wp\/v2\/pages\/510457","targetHints":{"allow":["GET"]}}],"collection":[{"href":"https:\/\/www.capgemini.com\/co-es\/wp-json\/wp\/v2\/pages"}],"about":[{"href":"https:\/\/www.capgemini.com\/co-es\/wp-json\/wp\/v2\/types\/page"}],"author":[{"embeddable":true,"href":"https:\/\/www.capgemini.com\/co-es\/wp-json\/wp\/v2\/users\/367"}],"replies":[{"embeddable":true,"href":"https:\/\/www.capgemini.com\/co-es\/wp-json\/wp\/v2\/comments?post=510457"}],"version-history":[{"count":4,"href":"https:\/\/www.capgemini.com\/co-es\/wp-json\/wp\/v2\/pages\/510457\/revisions"}],"predecessor-version":[{"id":542124,"href":"https:\/\/www.capgemini.com\/co-es\/wp-json\/wp\/v2\/pages\/510457\/revisions\/542124"}],"up":[{"embeddable":true,"href":"https:\/\/www.capgemini.com\/co-es\/wp-json\/wp\/v2\/pages\/5591"}],"wp:attachment":[{"href":"https:\/\/www.capgemini.com\/co-es\/wp-json\/wp\/v2\/media?parent=510457"}],"wp:term":[{"taxonomy":"brand","embeddable":true,"href":"https:\/\/www.capgemini.com\/co-es\/wp-json\/wp\/v2\/brand?post=510457"},{"taxonomy":"partner_type","embeddable":true,"href":"https:\/\/www.capgemini.com\/co-es\/wp-json\/wp\/v2\/partner_type?post=510457"},{"taxonomy":"service","embeddable":true,"href":"https:\/\/www.capgemini.com\/co-es\/wp-json\/wp\/v2\/service?post=510457"},{"taxonomy":"industry","embeddable":true,"href":"https:\/\/www.capgemini.com\/co-es\/wp-json\/wp\/v2\/industry?post=510457"},{"taxonomy":"partners","embeddable":true,"href":"https:\/\/www.capgemini.com\/co-es\/wp-json\/wp\/v2\/partners?post=510457"},{"taxonomy":"page-type","embeddable":true,"href":"https:\/\/www.capgemini.com\/co-es\/wp-json\/wp\/v2\/page-type?post=510457"},{"taxonomy":"content-group","embeddable":true,"href":"https:\/\/www.capgemini.com\/co-es\/wp-json\/wp\/v2\/content-group?post=510457"}],"curies":[{"name":"wp","href":"https:\/\/api.w.org\/{rel}","templated":true}]}}