{"id":505642,"date":"2023-02-07T15:01:32","date_gmt":"2023-02-07T15:01:32","guid":{"rendered":"https:\/\/www.capgemini.com\/co-es\/?page_id=505642"},"modified":"2026-01-12T22:13:33","modified_gmt":"2026-01-12T22:13:33","slug":"cloud-strategy","status":"publish","type":"page","link":"https:\/\/www.capgemini.com\/co-es\/servicios\/cloud-strategy\/","title":{"rendered":"Estrategia cloud"},"content":{"rendered":"\n<div class=\"wp-block-cg-blocks-hero-picture-card undefined  heroPictureCard\"><div class=\"heroPictureCardBgs\"><picture><source srcset=\"https:\/\/www.capgemini.com\/co-es\/wp-content\/uploads\/sites\/28\/2023\/02\/making_the_public_cloud_work_for_your_enterprise-230-3-1.webp?w=2880&amp;quality=70 1x, https:\/\/www.capgemini.com\/co-es\/wp-content\/uploads\/sites\/28\/2023\/02\/making_the_public_cloud_work_for_your_enterprise-230-3-1.webp?w=2880&amp;quality=70 2x\" media=\"(min-width: 1500px)\"\/><source srcset=\"https:\/\/www.capgemini.com\/co-es\/wp-content\/uploads\/sites\/28\/2023\/02\/making_the_public_cloud_work_for_your_enterprise-230-3-1.webp?w=1440&amp;quality=70 1x, https:\/\/www.capgemini.com\/co-es\/wp-content\/uploads\/sites\/28\/2023\/02\/making_the_public_cloud_work_for_your_enterprise-230-3-1.webp?w=2880&amp;quality=70 2x\" media=\"(min-width: 992px)\"\/><source srcset=\"https:\/\/www.capgemini.com\/co-es\/wp-content\/uploads\/sites\/28\/2023\/02\/making_the_public_cloud_work_for_your_enterprise-230-3-1.webp?w=1024&amp;quality=70 1x, https:\/\/www.capgemini.com\/co-es\/wp-content\/uploads\/sites\/28\/2023\/02\/making_the_public_cloud_work_for_your_enterprise-230-3-1.webp?w=1024&amp;quality=70 2x\" media=\"(min-width: 768px)\"\/><source srcset=\"https:\/\/www.capgemini.com\/co-es\/wp-content\/uploads\/sites\/28\/2023\/02\/making_the_public_cloud_work_for_your_enterprise-230-3-1.webp?w=768&amp;quality=70 1x, https:\/\/www.capgemini.com\/co-es\/wp-content\/uploads\/sites\/28\/2023\/02\/making_the_public_cloud_work_for_your_enterprise-230-3-1.webp?w=768&amp;quality=70 2x\" media=\"(min-width: 0)\"\/><img decoding=\"async\" src=\"https:\/\/www.capgemini.com\/co-es\/wp-content\/uploads\/sites\/28\/2023\/02\/making_the_public_cloud_work_for_your_enterprise-230-3-1.webp\" class=\"desktopImage\" alt=\"\" style=\"object-fit:cover;object-position:53% 28.000000000000004%\" loading=\"eager\"\/><\/picture><picture><source srcset=\"https:\/\/www.capgemini.com\/co-es\/wp-content\/uploads\/sites\/28\/2023\/02\/making_the_public_cloud_work_for_your_enterprise-230-3-1.webp?w=2880&amp;quality=70 1x, https:\/\/www.capgemini.com\/co-es\/wp-content\/uploads\/sites\/28\/2023\/02\/making_the_public_cloud_work_for_your_enterprise-230-3-1.webp?w=2880&amp;quality=70 2x\" media=\"(min-width: 1500px)\"\/><source srcset=\"https:\/\/www.capgemini.com\/co-es\/wp-content\/uploads\/sites\/28\/2023\/02\/making_the_public_cloud_work_for_your_enterprise-230-3-1.webp?w=1440&amp;quality=70 1x, https:\/\/www.capgemini.com\/co-es\/wp-content\/uploads\/sites\/28\/2023\/02\/making_the_public_cloud_work_for_your_enterprise-230-3-1.webp?w=2880&amp;quality=70 2x\" media=\"(min-width: 992px)\"\/><source srcset=\"https:\/\/www.capgemini.com\/co-es\/wp-content\/uploads\/sites\/28\/2023\/02\/making_the_public_cloud_work_for_your_enterprise-230-3-1.webp?w=1024&amp;quality=70 1x, https:\/\/www.capgemini.com\/co-es\/wp-content\/uploads\/sites\/28\/2023\/02\/making_the_public_cloud_work_for_your_enterprise-230-3-1.webp?w=1024&amp;quality=70 2x\" media=\"(min-width: 768px)\"\/><source srcset=\"https:\/\/www.capgemini.com\/co-es\/wp-content\/uploads\/sites\/28\/2023\/02\/making_the_public_cloud_work_for_your_enterprise-230-3-1.webp?w=768&amp;quality=70 1x, https:\/\/www.capgemini.com\/co-es\/wp-content\/uploads\/sites\/28\/2023\/02\/making_the_public_cloud_work_for_your_enterprise-230-3-1.webp?w=768&amp;quality=70 2x\" media=\"(min-width: 0)\"\/><img decoding=\"async\" src=\"https:\/\/www.capgemini.com\/co-es\/wp-content\/uploads\/sites\/28\/2023\/02\/making_the_public_cloud_work_for_your_enterprise-230-3-1.webp\" class=\"mobileImage\" alt=\"\" style=\"object-fit:cover;object-position:53% 28.000000000000004%\" loading=\"eager\"\/><\/picture><\/div><div class=\"heroPictureCardHeaderShape\"><\/div><div class=\"container\"><div class=\"row\"><div class=\"col-md-8 col-lg-6\"><div class=\"heroPictureCardBox\"><div class=\"heroPictureCardBoxTitle\"><h1 data-maxlength=\"144\">Estrategia cloud<\/h1><\/div><\/div><\/div><\/div><\/div><div class=\"small-device\"><div class=\"brandLogoWrapper\"> <\/div><\/div><\/div>\n\n\n\n<section class=\"wp-block-cg-blocks-group undefined section section--article-content\"><div class=\"article-main-content\"><div class=\"container\"><div class=\"row\"><div class=\"col-12 col-md-11 col-lg-10 offset-md-1 offset-lg-1\"><div class=\"article-text article-quote-text\">\n<h3 class=\"wp-block-heading\" id=\"h-construya-una-ventaja-competitiva-sostenible-en-un-mundo-digital-con-la-estrategia-de-nube-adecuada-adaptada-a-los-objetivos-de-negocio\">Construya una ventaja competitiva sostenible en un mundo digital con la estrategia de nube adecuada adaptada a los objetivos de negocio.<\/h3>\n\n\n\n<h4 class=\"wp-block-heading\">Be a Cloud-first Organization<\/h4>\n\n\n\n<p>Mientras que muchas empresas ya trabajan con aplicaciones y desarrollos en la nube, otras muchas todav\u00eda dependen en gran medida de la tecnolog\u00eda tradicional, simplemente utilizando los servicios de la nube en el desarrollo y testing. El ritmo de adopci\u00f3n de la nube a menudo se ve limitado por no tener un&nbsp;<em>business case<\/em>&nbsp;claro, no definir un plan de transformaci\u00f3n integral&nbsp;de la organizaci\u00f3n, o un fracaso para identificar los riesgos con precisi\u00f3n.<\/p>\n\n\n\n<p>Las empresas necesitan desarrollar estrategias integrales para hacer la transici\u00f3n a una forma de trabajo donde la nube se convierte en el modelo tecnol\u00f3gico de prioridad con el fin de:<\/p>\n\n\n\n<ul class=\"wp-block-list\">\n<li>Ser m\u00e1s \u00e1gil y flexible<\/li>\n\n\n\n<li>Mejorar el rendimiento empresarial y de TI<\/li>\n\n\n\n<li>Interrumpir los modelos de negocio<\/li>\n\n\n\n<li>Adaptarse a un mundo digital en cambio constante<\/li>\n<\/ul>\n\n\n\n<section class=\"wp-block-cg-blocks-intro-para-video section section--info-2cols section-invent-info\"><div class=\"container article-text\"><div class=\"video-box\"><div class=\"video-wrapper\"><iframe title=\"video-section\" src=\"https:\/\/www.youtube.com\/embed\/owiq-M7673k?rel=0&amp;modestbranding=1&amp;playsinline=1&amp;enablejsapi=1\" frameborder=\"0\" allow=\"accelerometer; autoplay; clipboard-write; encrypted-media; gyroscope; picture-in-picture\" allowfullscreen loading=\"lazy\" referrerpolicy=\"strict-origin-when-cross-origin\"><\/iframe><\/div><\/div><\/div><\/section>\n\n\n\n<h4 class=\"wp-block-heading\">Planifique su viaje a la nube<\/h4>\n\n\n\n<p>Entregamos una estrategia de cloud que permite la transformaci\u00f3n digital con:<\/p>\n\n\n\n<ul class=\"wp-block-list\">\n<li>Cloud Business Vision: Alinee su estrategia de nube con los objetivos de negocio para crear un estado final objetivo convincente<\/li>\n\n\n\n<li>Caso de valor de nube: Identifique los costos y beneficios de la siguiente etapa de su viaje a la nube<br>Hoja de ruta de la nube: trace su viaje a trav\u00e9s de las opciones y actividades necesarias para entregar el estado final.<\/li>\n\n\n\n<li>Plan de transformaci\u00f3n en la nube: Identifique los cambios organizativos asociados y las habilidades necesarias para liberar el verdadero potencial de la nube.<\/li>\n\n\n\n<li>Ayudaremos a construir una base s\u00f3lida para su viaje en la nube, permitiendo la transici\u00f3n de la primera intenci\u00f3n de la nube a la realidad. Sus ambiciones de la nube ser\u00e1n claramente asignadas a los resultados del negocio.<\/li>\n<\/ul>\n\n\n\n<h4 class=\"wp-block-heading\">Entrega de estrategias robustas de la nube<\/h4>\n\n\n\n<p>Capgemini ha demostrado su experiencia en la construcci\u00f3n de estrategias en la nube que han permitido a nuestros clientes adoptar un enfoque basado en la nube para alcanzar sus objetivos de negocio. Nuestros servicios de asesoramiento de Cloud Choice permiten a las empresas superar las barreras para adoptar las nubes y gestionar los riesgos reales del negocio.<\/p>\n\n\n\n<p>Hemos contribuido a:<\/p>\n\n\n\n<ul class=\"wp-block-list\">\n<li>$ 12 millones en ahorros de costos en tres a\u00f1os para un cliente en el sector financiero<\/li>\n\n\n\n<li>$ 6 millones en ahorros de costos para un cliente en la industria de petr\u00f3leo y gas<\/li>\n<\/ul>\n<\/div><\/div><\/div><\/div><\/div><\/section>\n","protected":false},"excerpt":{"rendered":"","protected":false},"author":367,"featured_media":505643,"parent":5801,"menu_order":16,"comment_status":"closed","ping_status":"closed","template":"","meta":{"cg_dt_proposed_to":[0],"cg_seo_hreflang_relations":"[]","cg_seo_canonical_relation":"","cg_seo_hreflang_x_default_relation":"{\"uuid\":\"b5753507-a514-4938-89b0-62ab30917540\",\"blogId\":\"\",\"domain\":\"\",\"sitePath\":\"\",\"postLink\":\"\",\"postId\":null,\"isSaved\":false,\"isCrossLink\":false,\"hasCrossLink\":false}","cg_dt_approved_content":false,"cg_dt_mandatory_content":false,"cg_dt_notes":"","cg_dg_source_changed":false,"cg_dt_link_disabled":false,"_yoast_wpseo_primary_brand":"","footnotes":"","featured_focal_points":"","partner_card_description":"","gsap_animation":0},"brand":[],"partner_type":[],"service":[197],"industry":[],"partners":[],"page-type":[183],"content-group":[],"class_list":["post-505642","page","type-page","status-publish","has-post-thumbnail","hentry","service-cloud","page-type-service"],"yoast_head":"<!-- This site is optimized with the Yoast SEO Premium plugin v22.8 (Yoast SEO v22.8) - https:\/\/yoast.com\/wordpress\/plugins\/seo\/ -->\n<title>Estrategia cloud - Capgemini Colombia<\/title>\n<meta name=\"robots\" content=\"index, follow, max-snippet:-1, max-image-preview:large, max-video-preview:-1\" \/>\n<link rel=\"canonical\" href=\"https:\/\/www.capgemini.com\/co-es\/servicios\/cloud-strategy\/\" \/>\n<meta property=\"og:locale\" content=\"es_MX\" \/>\n<meta property=\"og:type\" content=\"article\" \/>\n<meta property=\"og:title\" content=\"Estrategia cloud\" \/>\n<meta property=\"og:url\" content=\"https:\/\/www.capgemini.com\/co-es\/servicios\/cloud-strategy\/\" \/>\n<meta property=\"og:site_name\" content=\"Capgemini Colombia\" \/>\n<meta property=\"article:modified_time\" content=\"2026-01-12T22:13:33+00:00\" \/>\n<meta property=\"og:image\" content=\"https:\/\/www.capgemini.com\/co-es\/wp-content\/uploads\/sites\/25\/2023\/02\/making_the_public_cloud_work_for_your_enterprise-230-3-1.webp\" \/>\n\t<meta property=\"og:image:width\" content=\"1920\" \/>\n\t<meta property=\"og:image:height\" content=\"480\" \/>\n\t<meta property=\"og:image:type\" content=\"image\/webp\" \/>\n<meta name=\"twitter:card\" content=\"summary_large_image\" \/>\n<meta name=\"twitter:label1\" content=\"Est. reading time\" \/>\n\t<meta name=\"twitter:data1\" content=\"1 minute\" \/>\n<script type=\"application\/ld+json\" class=\"yoast-schema-graph\">{\"@context\":\"https:\/\/schema.org\",\"@graph\":[{\"@type\":\"WebPage\",\"@id\":\"https:\/\/www.capgemini.com\/co-es\/servicios\/cloud-strategy\/\",\"url\":\"https:\/\/www.capgemini.com\/co-es\/servicios\/cloud-strategy\/\",\"name\":\"Estrategia cloud - Capgemini Colombia\",\"isPartOf\":{\"@id\":\"https:\/\/www.capgemini.com\/co-es\/#website\"},\"primaryImageOfPage\":{\"@id\":\"https:\/\/www.capgemini.com\/co-es\/servicios\/cloud-strategy\/#primaryimage\"},\"image\":{\"@id\":\"https:\/\/www.capgemini.com\/co-es\/servicios\/cloud-strategy\/#primaryimage\"},\"thumbnailUrl\":\"https:\/\/www.capgemini.com\/co-es\/wp-content\/uploads\/sites\/25\/2023\/02\/making_the_public_cloud_work_for_your_enterprise-230-3-1.webp\",\"datePublished\":\"2023-02-07T15:01:32+00:00\",\"dateModified\":\"2026-01-12T22:13:33+00:00\",\"breadcrumb\":{\"@id\":\"https:\/\/www.capgemini.com\/co-es\/servicios\/cloud-strategy\/#breadcrumb\"},\"inLanguage\":\"es-MX\",\"potentialAction\":[{\"@type\":\"ReadAction\",\"target\":[\"https:\/\/www.capgemini.com\/co-es\/servicios\/cloud-strategy\/\"]}]},{\"@type\":\"ImageObject\",\"inLanguage\":\"es-MX\",\"@id\":\"https:\/\/www.capgemini.com\/co-es\/servicios\/cloud-strategy\/#primaryimage\",\"url\":\"https:\/\/www.capgemini.com\/co-es\/wp-content\/uploads\/sites\/25\/2023\/02\/making_the_public_cloud_work_for_your_enterprise-230-3-1.webp\",\"contentUrl\":\"https:\/\/www.capgemini.com\/co-es\/wp-content\/uploads\/sites\/25\/2023\/02\/making_the_public_cloud_work_for_your_enterprise-230-3-1.webp\",\"width\":1920,\"height\":480},{\"@type\":\"BreadcrumbList\",\"@id\":\"https:\/\/www.capgemini.com\/co-es\/servicios\/cloud-strategy\/#breadcrumb\",\"itemListElement\":[{\"@type\":\"ListItem\",\"position\":1,\"name\":\"Home\",\"item\":\"https:\/\/www.capgemini.com\/co-es\/\"},{\"@type\":\"ListItem\",\"position\":2,\"name\":\"Servicios\",\"item\":\"https:\/\/www.capgemini.com\/co-es\/servicios\/\"},{\"@type\":\"ListItem\",\"position\":3,\"name\":\"Estrategia cloud\"}]},{\"@type\":\"WebSite\",\"@id\":\"https:\/\/www.capgemini.com\/co-es\/#website\",\"url\":\"https:\/\/www.capgemini.com\/co-es\/\",\"name\":\"Capgemini Colombia\",\"description\":\"Capgemini\",\"potentialAction\":[{\"@type\":\"SearchAction\",\"target\":{\"@type\":\"EntryPoint\",\"urlTemplate\":\"https:\/\/www.capgemini.com\/co-es\/?s={search_term_string}\"},\"query-input\":\"required name=search_term_string\"}],\"inLanguage\":\"es-MX\"}]}<\/script>\n<!-- \/ Yoast SEO Premium plugin. -->","yoast_head_json":{"title":"Estrategia cloud - Capgemini Colombia","robots":{"index":"index","follow":"follow","max-snippet":"max-snippet:-1","max-image-preview":"max-image-preview:large","max-video-preview":"max-video-preview:-1"},"canonical":"https:\/\/www.capgemini.com\/co-es\/servicios\/cloud-strategy\/","og_locale":"es_MX","og_type":"article","og_title":"Estrategia cloud","og_url":"https:\/\/www.capgemini.com\/co-es\/servicios\/cloud-strategy\/","og_site_name":"Capgemini Colombia","article_modified_time":"2026-01-12T22:13:33+00:00","og_image":[{"width":1920,"height":480,"url":"https:\/\/www.capgemini.com\/co-es\/wp-content\/uploads\/sites\/25\/2023\/02\/making_the_public_cloud_work_for_your_enterprise-230-3-1.webp","type":"image\/webp"}],"twitter_card":"summary_large_image","twitter_misc":{"Est. reading time":"1 minute"},"schema":{"@context":"https:\/\/schema.org","@graph":[{"@type":"WebPage","@id":"https:\/\/www.capgemini.com\/co-es\/servicios\/cloud-strategy\/","url":"https:\/\/www.capgemini.com\/co-es\/servicios\/cloud-strategy\/","name":"Estrategia cloud - Capgemini Colombia","isPartOf":{"@id":"https:\/\/www.capgemini.com\/co-es\/#website"},"primaryImageOfPage":{"@id":"https:\/\/www.capgemini.com\/co-es\/servicios\/cloud-strategy\/#primaryimage"},"image":{"@id":"https:\/\/www.capgemini.com\/co-es\/servicios\/cloud-strategy\/#primaryimage"},"thumbnailUrl":"https:\/\/www.capgemini.com\/co-es\/wp-content\/uploads\/sites\/25\/2023\/02\/making_the_public_cloud_work_for_your_enterprise-230-3-1.webp","datePublished":"2023-02-07T15:01:32+00:00","dateModified":"2026-01-12T22:13:33+00:00","breadcrumb":{"@id":"https:\/\/www.capgemini.com\/co-es\/servicios\/cloud-strategy\/#breadcrumb"},"inLanguage":"es-MX","potentialAction":[{"@type":"ReadAction","target":["https:\/\/www.capgemini.com\/co-es\/servicios\/cloud-strategy\/"]}]},{"@type":"ImageObject","inLanguage":"es-MX","@id":"https:\/\/www.capgemini.com\/co-es\/servicios\/cloud-strategy\/#primaryimage","url":"https:\/\/www.capgemini.com\/co-es\/wp-content\/uploads\/sites\/25\/2023\/02\/making_the_public_cloud_work_for_your_enterprise-230-3-1.webp","contentUrl":"https:\/\/www.capgemini.com\/co-es\/wp-content\/uploads\/sites\/25\/2023\/02\/making_the_public_cloud_work_for_your_enterprise-230-3-1.webp","width":1920,"height":480},{"@type":"BreadcrumbList","@id":"https:\/\/www.capgemini.com\/co-es\/servicios\/cloud-strategy\/#breadcrumb","itemListElement":[{"@type":"ListItem","position":1,"name":"Home","item":"https:\/\/www.capgemini.com\/co-es\/"},{"@type":"ListItem","position":2,"name":"Servicios","item":"https:\/\/www.capgemini.com\/co-es\/servicios\/"},{"@type":"ListItem","position":3,"name":"Estrategia cloud"}]},{"@type":"WebSite","@id":"https:\/\/www.capgemini.com\/co-es\/#website","url":"https:\/\/www.capgemini.com\/co-es\/","name":"Capgemini Colombia","description":"Capgemini","potentialAction":[{"@type":"SearchAction","target":{"@type":"EntryPoint","urlTemplate":"https:\/\/www.capgemini.com\/co-es\/?s={search_term_string}"},"query-input":"required name=search_term_string"}],"inLanguage":"es-MX"}]}},"brand_term":[],"parsely":{"version":"1.1.0","canonical_url":"https:\/\/capgemini.com\/co-es\/servicios\/cloud-strategy\/","smart_links":{"inbound":0,"outbound":0},"traffic_boost_suggestions_count":0,"meta":{"@context":"https:\/\/schema.org","@type":"WebPage","headline":"Estrategia cloud","url":"https:\/\/www.capgemini.com\/co-es\/servicios\/cloud-strategy\/","mainEntityOfPage":{"@type":"WebPage","@id":"https:\/\/www.capgemini.com\/co-es\/servicios\/cloud-strategy\/"},"thumbnailUrl":"https:\/\/www.capgemini.com\/co-es\/wp-content\/uploads\/sites\/25\/2023\/02\/making_the_public_cloud_work_for_your_enterprise-230-3-1.webp?w=150&h=150&crop=1","image":{"@type":"ImageObject","url":"https:\/\/www.capgemini.com\/co-es\/wp-content\/uploads\/sites\/25\/2023\/02\/making_the_public_cloud_work_for_your_enterprise-230-3-1.webp"},"articleSection":"Uncategorized","author":[],"creator":[],"publisher":{"@type":"Organization","name":"Capgemini Colombia","logo":""},"keywords":[],"dateCreated":"2023-02-07T15:01:32Z","datePublished":"2023-02-07T15:01:32Z","dateModified":"2026-01-12T22:13:33Z"},"rendered":"<meta name=\"parsely-title\" content=\"Estrategia cloud\" \/>\n<meta name=\"parsely-link\" content=\"https:\/\/www.capgemini.com\/co-es\/servicios\/cloud-strategy\/\" \/>\n<meta name=\"parsely-type\" content=\"index\" \/>\n<meta name=\"parsely-image-url\" content=\"https:\/\/www.capgemini.com\/co-es\/wp-content\/uploads\/sites\/25\/2023\/02\/making_the_public_cloud_work_for_your_enterprise-230-3-1.webp?w=150&amp;h=150&amp;crop=1\" \/>\n<meta name=\"parsely-pub-date\" content=\"2023-02-07T15:01:32Z\" \/>\n<meta name=\"parsely-section\" content=\"Uncategorized\" \/>","tracker_url":"https:\/\/cdn.parsely.com\/keys\/capgemini.com\/p.js"},"archive_status":false,"featured_image_src":"https:\/\/www.capgemini.com\/co-es\/wp-content\/uploads\/sites\/25\/2023\/02\/making_the_public_cloud_work_for_your_enterprise-230-3-1.webp","featured_image_alt":"","jetpack_sharing_enabled":true,"distributor_meta":false,"distributor_terms":false,"distributor_media":false,"distributor_original_site_name":"Capgemini Colombia","distributor_original_site_url":"https:\/\/www.capgemini.com\/co-es","push-errors":false,"_links":{"self":[{"href":"https:\/\/www.capgemini.com\/co-es\/wp-json\/wp\/v2\/pages\/505642","targetHints":{"allow":["GET"]}}],"collection":[{"href":"https:\/\/www.capgemini.com\/co-es\/wp-json\/wp\/v2\/pages"}],"about":[{"href":"https:\/\/www.capgemini.com\/co-es\/wp-json\/wp\/v2\/types\/page"}],"author":[{"embeddable":true,"href":"https:\/\/www.capgemini.com\/co-es\/wp-json\/wp\/v2\/users\/367"}],"replies":[{"embeddable":true,"href":"https:\/\/www.capgemini.com\/co-es\/wp-json\/wp\/v2\/comments?post=505642"}],"version-history":[{"count":4,"href":"https:\/\/www.capgemini.com\/co-es\/wp-json\/wp\/v2\/pages\/505642\/revisions"}],"predecessor-version":[{"id":547561,"href":"https:\/\/www.capgemini.com\/co-es\/wp-json\/wp\/v2\/pages\/505642\/revisions\/547561"}],"up":[{"embeddable":true,"href":"https:\/\/www.capgemini.com\/co-es\/wp-json\/wp\/v2\/pages\/5801"}],"wp:featuredmedia":[{"embeddable":true,"href":"https:\/\/www.capgemini.com\/co-es\/wp-json\/wp\/v2\/media\/505643"}],"wp:attachment":[{"href":"https:\/\/www.capgemini.com\/co-es\/wp-json\/wp\/v2\/media?parent=505642"}],"wp:term":[{"taxonomy":"brand","embeddable":true,"href":"https:\/\/www.capgemini.com\/co-es\/wp-json\/wp\/v2\/brand?post=505642"},{"taxonomy":"partner_type","embeddable":true,"href":"https:\/\/www.capgemini.com\/co-es\/wp-json\/wp\/v2\/partner_type?post=505642"},{"taxonomy":"service","embeddable":true,"href":"https:\/\/www.capgemini.com\/co-es\/wp-json\/wp\/v2\/service?post=505642"},{"taxonomy":"industry","embeddable":true,"href":"https:\/\/www.capgemini.com\/co-es\/wp-json\/wp\/v2\/industry?post=505642"},{"taxonomy":"partners","embeddable":true,"href":"https:\/\/www.capgemini.com\/co-es\/wp-json\/wp\/v2\/partners?post=505642"},{"taxonomy":"page-type","embeddable":true,"href":"https:\/\/www.capgemini.com\/co-es\/wp-json\/wp\/v2\/page-type?post=505642"},{"taxonomy":"content-group","embeddable":true,"href":"https:\/\/www.capgemini.com\/co-es\/wp-json\/wp\/v2\/content-group?post=505642"}],"curies":[{"name":"wp","href":"https:\/\/api.w.org\/{rel}","templated":true}]}}