{"id":36522,"date":"2023-01-30T05:40:45","date_gmt":"2023-01-30T05:40:45","guid":{"rendered":"https:\/\/www.capgemini.com\/co-es\/?page_id=36522"},"modified":"2025-04-01T17:07:36","modified_gmt":"2025-04-01T17:07:36","slug":"lineamientos-para-redes-sociales","status":"publish","type":"page","link":"https:\/\/www.capgemini.com\/co-es\/lineamientos-para-redes-sociales\/","title":{"rendered":"Lineamientos para redes sociales"},"content":{"rendered":"\n<div class=\"wp-block-cg-blocks-hero-picture-card undefined  heroPictureCard\"><div class=\"heroPictureCardBgs\"><picture><source srcset=\"https:\/\/www.capgemini.com\/co-es\/wp-content\/uploads\/sites\/28\/2023\/01\/DotCom_Banner_1200x350-1-17-1.jpg?w=2880&amp;quality=70 1x, https:\/\/www.capgemini.com\/co-es\/wp-content\/uploads\/sites\/28\/2023\/01\/DotCom_Banner_1200x350-1-17-1.jpg?w=2880&amp;quality=70 2x\" media=\"(min-width: 1500px)\"\/><source srcset=\"https:\/\/www.capgemini.com\/co-es\/wp-content\/uploads\/sites\/28\/2023\/01\/DotCom_Banner_1200x350-1-17-1.jpg?w=1440&amp;quality=70 1x, https:\/\/www.capgemini.com\/co-es\/wp-content\/uploads\/sites\/28\/2023\/01\/DotCom_Banner_1200x350-1-17-1.jpg?w=2880&amp;quality=70 2x\" media=\"(min-width: 992px)\"\/><source srcset=\"https:\/\/www.capgemini.com\/co-es\/wp-content\/uploads\/sites\/28\/2023\/01\/DotCom_Banner_1200x350-1-17-1.jpg?w=1024&amp;quality=70 1x, https:\/\/www.capgemini.com\/co-es\/wp-content\/uploads\/sites\/28\/2023\/01\/DotCom_Banner_1200x350-1-17-1.jpg?w=1024&amp;quality=70 2x\" media=\"(min-width: 768px)\"\/><source srcset=\"https:\/\/www.capgemini.com\/co-es\/wp-content\/uploads\/sites\/28\/2023\/01\/DotCom_Banner_1200x350-1-17-1.jpg?w=768&amp;quality=70 1x, https:\/\/www.capgemini.com\/co-es\/wp-content\/uploads\/sites\/28\/2023\/01\/DotCom_Banner_1200x350-1-17-1.jpg?w=768&amp;quality=70 2x\" media=\"(min-width: 0)\"\/><img decoding=\"async\" src=\"https:\/\/www.capgemini.com\/co-es\/wp-content\/uploads\/sites\/28\/2023\/01\/DotCom_Banner_1200x350-1-17-1.jpg\" class=\"desktopImage\" alt=\"\" style=\"object-fit:cover;object-position:70% 27%\" loading=\"eager\"\/><\/picture><picture><source srcset=\"https:\/\/www.capgemini.com\/co-es\/wp-content\/uploads\/sites\/28\/2023\/01\/DotCom_Banner_1200x350-1-17-1.jpg?w=2880&amp;quality=70 1x, https:\/\/www.capgemini.com\/co-es\/wp-content\/uploads\/sites\/28\/2023\/01\/DotCom_Banner_1200x350-1-17-1.jpg?w=2880&amp;quality=70 2x\" media=\"(min-width: 1500px)\"\/><source srcset=\"https:\/\/www.capgemini.com\/co-es\/wp-content\/uploads\/sites\/28\/2023\/01\/DotCom_Banner_1200x350-1-17-1.jpg?w=1440&amp;quality=70 1x, https:\/\/www.capgemini.com\/co-es\/wp-content\/uploads\/sites\/28\/2023\/01\/DotCom_Banner_1200x350-1-17-1.jpg?w=2880&amp;quality=70 2x\" media=\"(min-width: 992px)\"\/><source srcset=\"https:\/\/www.capgemini.com\/co-es\/wp-content\/uploads\/sites\/28\/2023\/01\/DotCom_Banner_1200x350-1-17-1.jpg?w=1024&amp;quality=70 1x, https:\/\/www.capgemini.com\/co-es\/wp-content\/uploads\/sites\/28\/2023\/01\/DotCom_Banner_1200x350-1-17-1.jpg?w=1024&amp;quality=70 2x\" media=\"(min-width: 768px)\"\/><source srcset=\"https:\/\/www.capgemini.com\/co-es\/wp-content\/uploads\/sites\/28\/2023\/01\/DotCom_Banner_1200x350-1-17-1.jpg?w=768&amp;quality=70 1x, https:\/\/www.capgemini.com\/co-es\/wp-content\/uploads\/sites\/28\/2023\/01\/DotCom_Banner_1200x350-1-17-1.jpg?w=768&amp;quality=70 2x\" media=\"(min-width: 0)\"\/><img decoding=\"async\" src=\"https:\/\/www.capgemini.com\/co-es\/wp-content\/uploads\/sites\/28\/2023\/01\/DotCom_Banner_1200x350-1-17-1.jpg\" class=\"mobileImage\" alt=\"\" style=\"object-fit:cover;object-position:70% 27%\" loading=\"eager\"\/><\/picture><\/div><div class=\"heroPictureCardHeaderShape\"><\/div><div class=\"container\"><div class=\"row\"><div class=\"col-md-8 col-lg-6\"><div class=\"heroPictureCardBox\"><div class=\"heroPictureCardBoxTitle\"><h1 data-maxlength=\"144\">Lineamientos para redes sociales<\/h1><\/div><\/div><\/div><\/div><\/div><div class=\"small-device\"><div class=\"brandLogoWrapper\"> <\/div><\/div><\/div>\n\n\n\n<section class=\"wp-block-cg-blocks-group undefined section section--article-content\"><div class=\"article-main-content\"><div class=\"container\"><div class=\"row\"><div class=\"col-12 col-md-11 col-lg-10 offset-md-1 offset-lg-1\"><div class=\"article-text article-quote-text\">\n<h4 class=\"wp-block-heading\" id=\"h-en-el-grupo-capgemini-somos-conscientes-de-que-las-nuevas-plataformas-de-comunicacion-como-blogs-wikis-redes-sociales-y-todo-tipo-de-medios-de-comunicacion-social-que-se-encuentran-tanto-dentro-como-fuera-del-grupo-estan-transformando-la-manera-en-que-interactuamos-la-colaboracion-online-permite-a-las-personas-compartir-conocimientos-e-ideas-independientemente-de-su-rango-cargo-o-experiencia-para-nosotros-es-una-manera-de-formar-parte-en-las-conversaciones-sobre-el-trabajo-que-realizamos-en-capgemini-y-mostrar-nuestra-experiencia-todos-los-miembros-del-grupo-capgemini-deben-seguir-estas-pautas-abajo-descritas-cada-vez-que-realicen-algun-tipo-de-contribucion-a-un-medio-de-comunicacion-social-que-haga-o-pueda-hacer-referencia-a-capgemini\">En el Grupo Capgemini somos conscientes de que las nuevas plataformas de comunicaci\u00f3n como blogs, wikis, redes sociales y todo tipo de medios de comunicaci\u00f3n social, que se encuentran tanto dentro como fuera del Grupo, est\u00e1n transformando la manera en que interactuamos. La colaboraci\u00f3n online permite a las personas compartir conocimientos e ideas independientemente de su rango, cargo o experiencia. Para nosotros es una manera de formar parte en las conversaciones sobre el trabajo que realizamos en Capgemini y mostrar nuestra experiencia. Todos los miembros del Grupo Capgemini deben seguir estas pautas abajo descritas cada vez que realicen alg\u00fan tipo de contribuci\u00f3n a un medio de comunicaci\u00f3n social que haga o pueda hacer referencia a Capgemini.<a href=\"https:\/\/www.facebook.com\/sharer\/sharer.php?u=https%3A%2F%2Fwww.capgemini.com%2Fco-es%2Flineamientos-para-redes-sociales%2F\" target=\"_blank\" rel=\"noreferrer noopener\"><\/a><a href=\"https:\/\/twitter.com\/intent\/tweet?url=https%3A%2F%2Fwww.capgemini.com%2Fco-es%2Flineamientos-para-redes-sociales%2F&amp;text=\" target=\"_blank\" rel=\"noreferrer noopener\"><\/a><a href=\"https:\/\/www.linkedin.com\/shareArticle?mini=true&amp;url=https%3A%2F%2Fwww.capgemini.com%2Fco-es%2Flineamientos-para-redes-sociales%2F\" target=\"_blank\" rel=\"noreferrer noopener\"><\/a><\/h4>\n\n\n\n<h2 class=\"wp-block-heading\" id=\"h-piense-antes-de-publicar\"><strong>Piense antes de publicar<\/strong><\/h2>\n\n\n\n<p>Debemos tener en cuenta que la mayor\u00eda de las plataformas sociales online son lugares p\u00fablicos \u2013 lo que all\u00ed se encuentra est\u00e1 disponible para todos. De esta manera, en las plataformas sociales los l\u00edmites de la informaci\u00f3n profesional y personal no siempre est\u00e1n muy claros y no se puede estar seguro de lo que est\u00e1 siendo compartido, visto o archivado. Debemos considerar que lo que se comunica en Internet estar\u00e1 publicado mucho tiempo, y que estas opiniones reflejar\u00e1n nuestra forma de pensar, por lo que deben estar en consonancia con la manera que deseamos ser valorados. Si no est\u00e1 seguro de si un determinado contenido es apropiado para compartir, no lo publique. Es mejor prevenir que curar.<\/p>\n\n\n\n<h2 class=\"wp-block-heading\" id=\"h-responsabilidad\"><strong>Responsabilidad<\/strong><\/h2>\n\n\n\n<p>Somos personalmente responsables de nuestras palabras y acciones. Recuerde que cuando usted participa en un medio de comunicaci\u00f3n social est\u00e1 hablando como individuo y no en nombre del Grupo, por ello debe utilizar la primera persona del singular. Al hablar del Grupo Capgemini debe ser transparente, dando su nombre y cargo y afirmando que trabaja para el Grupo. Si usted posee un sitio privado que se refiere o tiene un impacto en el Grupo, recuerde que las opiniones vertidas en ese sitio son las suyas propias y no las de Capgemini. Cuando lo permita la legislaci\u00f3n aplicable, el Grupo se reserva el derecho de supervisar el uso de plataformas sociales y tomar las medidas adecuadas para protegerse contra el mal uso que puede ser perjudicial para la reputaci\u00f3n del Grupo. El establecimiento de una cuenta oficial de Grupo, o convertirse en representante de Capgemini que comparte informaci\u00f3n sobre la compa\u00f1\u00eda y las \u00e1reas que trabajamos, requiere la aprobaci\u00f3n del Departamento de Marketing y Comunicaci\u00f3n. S\u00f3lo estas cuentas pueden mostrar el logotipo de la empresa. Si desea representar a Capgemini o crear una cuenta de Grupo, por favor contacte con el Departamento de Marketing y Comunicaci\u00f3n o el equipo web del Grupo. Si un periodista contacta con usted sobre alg\u00fan contenido publicado sobre Capgemini, por favor consulte con el responsable de comunicaci\u00f3n.<\/p>\n\n\n\n<h2 class=\"wp-block-heading\" id=\"h-conducta-apropiada\"><strong>Conducta apropiada<\/strong><\/h2>\n\n\n\n<p>Su comportamiento en la red debe ser coherente con nuestro C\u00f3digo de buenas pr\u00e1cticas. Gracias a los medios de comunicaci\u00f3n social, tiene la oportunidad de ayudar a formar parte de la reputaci\u00f3n social de Capgemini. Use sus conocimientos para enriquecer debates, ayudar a resolver problemas, compartir el ambiente de nuestro entorno de trabajo, y promover el aprendizaje. Por favor, tenga en cuenta que el tono de una conversaci\u00f3n online se puede interpretar de diferentes maneras por los lectores, debido a la falta de comunicaci\u00f3n verbal o las diferencias culturales. Algunos participantes pueden no estar familiarizados con las abreviaturas, emoticones y otros c\u00f3digos comunes que se utilizan en la comunicaci\u00f3n online. Recuerde tambi\u00e9n que los comentarios pueden leerse frecuentemente fuera de contexto, por lo que es mejor atenerse a los hechos. La confianza es el elemento clave en la construcci\u00f3n de las relaciones online. Es importante proteger la confianza, manteniendo un tono respetuoso, incluso cuando no se est\u00e1 de acuerdo con los dem\u00e1s, y respondiendo a los comentarios de una manera oportuna. Si comete un error, trate de corregirlo lo antes posible. No lleve a cabo ninguna acci\u00f3n online que sea inaceptable en su lugar de trabajo o que sea ilegal. Por ejemplo, no haga comentarios despectivos o amenazadores, no acose a otros usuarios, ni utilice insultos o publique contenido que resulte hiriente, difamatorio, intimidatorio, discriminatorio o pornogr\u00e1fico.<\/p>\n\n\n\n<h2 class=\"wp-block-heading\" id=\"h-confidencialidad\"><strong>Confidencialidad<\/strong><\/h2>\n\n\n\n<p>Siempre se debe proteger la informaci\u00f3n del Grupo, as\u00ed como la de proveedores y otros clientes. No publique nada que no compartir\u00eda con un periodista, cliente, analista o un competidor. Aseg\u00farese de que cualquier referencia a los clientes, socios y proveedores no viola ninguna obligaci\u00f3n de confidencialidad. Por favor recuerde su obligaci\u00f3n de confidencialidad en su contrato de empleo. No revele informaci\u00f3n acerca de los colegas u otras personas, o utilice indebidamente sus datos personales, o publique fotos sin su permiso. Incluso cuando la aplicaci\u00f3n se encuentre bajo SSO (por ejemplo de Talent, Conecta, KM2.0, TeamPark, blueKiwi, etc), los usuarios deben usar su buen juicio con respecto a informaci\u00f3n que pueda ser de naturaleza sensible. No debe buenutilizar las redes sociales para intercambiar informaci\u00f3n propiedad del cliente o proveedor, a menos que el acceso est\u00e9 restringido a una comunidad muy controlada y cerrada con un login propio de cada participante que haya sido autorizado para la recepci\u00f3n de dicha informaci\u00f3n. Las p\u00e1ginas web de acceso p\u00fablico no son sitios apropiados para la comunicaci\u00f3n interna entre los empleados del Grupo.<\/p>\n\n\n\n<h2 class=\"wp-block-heading\" id=\"h-derechos-de-autor\"><strong>Derechos de autor<\/strong><\/h2>\n\n\n\n<p>Son de obligado cumplimiento todas las leyes y reglamentos espa\u00f1oles que rigen los derechos de propiedad intelectual, incluyendo derechos de autor y marcas comerciales. No se debe publicar contenido ni realizar ninguna acci\u00f3n que viole la ley o infrinja los derechos de propiedad intelectual del Grupo o de terceros.<\/p>\n<\/div><\/div><\/div><\/div><\/div><\/section>\n\n\n\n<p><\/p>\n","protected":false},"excerpt":{"rendered":"","protected":false},"author":367,"featured_media":0,"parent":0,"menu_order":0,"comment_status":"closed","ping_status":"closed","template":"","meta":{"cg_dt_proposed_to":[0],"cg_seo_hreflang_relations":"[]","cg_seo_canonical_relation":"","cg_seo_hreflang_x_default_relation":"{\"uuid\":\"9fce8526-26c8-421f-b8e8-fb58cc941c88\",\"blogId\":\"\",\"domain\":\"\",\"sitePath\":\"\",\"postLink\":\"\",\"postId\":null,\"isSaved\":false,\"isCrossLink\":false,\"hasCrossLink\":false}","cg_dt_approved_content":false,"cg_dt_mandatory_content":false,"cg_dt_notes":"","cg_dg_source_changed":false,"cg_dt_link_disabled":false,"_yoast_wpseo_primary_brand":"","footnotes":"","featured_focal_points":"","partner_card_description":"","gsap_animation":0},"brand":[],"partner_type":[],"service":[],"industry":[],"partners":[],"page-type":[],"content-group":[],"class_list":["post-36522","page","type-page","status-publish","hentry"],"yoast_head":"<!-- This site is optimized with the Yoast SEO Premium plugin v22.8 (Yoast SEO v22.8) - https:\/\/yoast.com\/wordpress\/plugins\/seo\/ -->\n<title>Lineamientos para redes sociales | Capgemini<\/title>\n<meta name=\"robots\" content=\"index, follow, max-snippet:-1, max-image-preview:large, max-video-preview:-1\" \/>\n<link rel=\"canonical\" href=\"https:\/\/www.capgemini.com\/co-es\/lineamientos-para-redes-sociales\/\" \/>\n<meta property=\"og:locale\" content=\"es_MX\" \/>\n<meta property=\"og:type\" content=\"article\" \/>\n<meta property=\"og:title\" content=\"Lineamientos para redes sociales\" \/>\n<meta property=\"og:url\" content=\"https:\/\/www.capgemini.com\/co-es\/lineamientos-para-redes-sociales\/\" \/>\n<meta property=\"og:site_name\" content=\"Capgemini Colombia\" \/>\n<meta property=\"article:modified_time\" content=\"2025-04-01T17:07:36+00:00\" \/>\n<meta property=\"og:image\" content=\"https:\/\/www.capgemini.com\/co-es\/wp-content\/uploads\/sites\/28\/2023\/01\/DotCom_Banner_1200x350-1-17-1.jpg\" \/>\n<meta name=\"twitter:card\" content=\"summary_large_image\" \/>\n<script type=\"application\/ld+json\" class=\"yoast-schema-graph\">{\"@context\":\"https:\/\/schema.org\",\"@graph\":[{\"@type\":\"WebPage\",\"@id\":\"https:\/\/www.capgemini.com\/co-es\/lineamientos-para-redes-sociales\/\",\"url\":\"https:\/\/www.capgemini.com\/co-es\/lineamientos-para-redes-sociales\/\",\"name\":\"Lineamientos para redes sociales | Capgemini\",\"isPartOf\":{\"@id\":\"https:\/\/www.capgemini.com\/co-es\/#website\"},\"primaryImageOfPage\":{\"@id\":\"https:\/\/www.capgemini.com\/co-es\/lineamientos-para-redes-sociales\/#primaryimage\"},\"image\":{\"@id\":\"https:\/\/www.capgemini.com\/co-es\/lineamientos-para-redes-sociales\/#primaryimage\"},\"thumbnailUrl\":\"https:\/\/www.capgemini.com\/co-es\/wp-content\/uploads\/sites\/28\/2023\/01\/DotCom_Banner_1200x350-1-17-1.jpg\",\"datePublished\":\"2023-01-30T05:40:45+00:00\",\"dateModified\":\"2025-04-01T17:07:36+00:00\",\"breadcrumb\":{\"@id\":\"https:\/\/www.capgemini.com\/co-es\/lineamientos-para-redes-sociales\/#breadcrumb\"},\"inLanguage\":\"es-MX\",\"potentialAction\":[{\"@type\":\"ReadAction\",\"target\":[\"https:\/\/www.capgemini.com\/co-es\/lineamientos-para-redes-sociales\/\"]}]},{\"@type\":\"ImageObject\",\"inLanguage\":\"es-MX\",\"@id\":\"https:\/\/www.capgemini.com\/co-es\/lineamientos-para-redes-sociales\/#primaryimage\",\"url\":\"https:\/\/www.capgemini.com\/co-es\/wp-content\/uploads\/sites\/28\/2023\/01\/DotCom_Banner_1200x350-1-17-1.jpg\",\"contentUrl\":\"https:\/\/www.capgemini.com\/co-es\/wp-content\/uploads\/sites\/28\/2023\/01\/DotCom_Banner_1200x350-1-17-1.jpg\"},{\"@type\":\"BreadcrumbList\",\"@id\":\"https:\/\/www.capgemini.com\/co-es\/lineamientos-para-redes-sociales\/#breadcrumb\",\"itemListElement\":[{\"@type\":\"ListItem\",\"position\":1,\"name\":\"Home\",\"item\":\"https:\/\/www.capgemini.com\/co-es\/\"},{\"@type\":\"ListItem\",\"position\":2,\"name\":\"Lineamientos para redes sociales\"}]},{\"@type\":\"WebSite\",\"@id\":\"https:\/\/www.capgemini.com\/co-es\/#website\",\"url\":\"https:\/\/www.capgemini.com\/co-es\/\",\"name\":\"Capgemini Colombia\",\"description\":\"Capgemini\",\"potentialAction\":[{\"@type\":\"SearchAction\",\"target\":{\"@type\":\"EntryPoint\",\"urlTemplate\":\"https:\/\/www.capgemini.com\/co-es\/?s={search_term_string}\"},\"query-input\":\"required name=search_term_string\"}],\"inLanguage\":\"es-MX\"}]}<\/script>\n<!-- \/ Yoast SEO Premium plugin. -->","yoast_head_json":{"title":"Lineamientos para redes sociales | Capgemini","robots":{"index":"index","follow":"follow","max-snippet":"max-snippet:-1","max-image-preview":"max-image-preview:large","max-video-preview":"max-video-preview:-1"},"canonical":"https:\/\/www.capgemini.com\/co-es\/lineamientos-para-redes-sociales\/","og_locale":"es_MX","og_type":"article","og_title":"Lineamientos para redes sociales","og_url":"https:\/\/www.capgemini.com\/co-es\/lineamientos-para-redes-sociales\/","og_site_name":"Capgemini Colombia","article_modified_time":"2025-04-01T17:07:36+00:00","og_image":[{"url":"https:\/\/www.capgemini.com\/co-es\/wp-content\/uploads\/sites\/28\/2023\/01\/DotCom_Banner_1200x350-1-17-1.jpg"}],"twitter_card":"summary_large_image","schema":{"@context":"https:\/\/schema.org","@graph":[{"@type":"WebPage","@id":"https:\/\/www.capgemini.com\/co-es\/lineamientos-para-redes-sociales\/","url":"https:\/\/www.capgemini.com\/co-es\/lineamientos-para-redes-sociales\/","name":"Lineamientos para redes sociales | Capgemini","isPartOf":{"@id":"https:\/\/www.capgemini.com\/co-es\/#website"},"primaryImageOfPage":{"@id":"https:\/\/www.capgemini.com\/co-es\/lineamientos-para-redes-sociales\/#primaryimage"},"image":{"@id":"https:\/\/www.capgemini.com\/co-es\/lineamientos-para-redes-sociales\/#primaryimage"},"thumbnailUrl":"https:\/\/www.capgemini.com\/co-es\/wp-content\/uploads\/sites\/28\/2023\/01\/DotCom_Banner_1200x350-1-17-1.jpg","datePublished":"2023-01-30T05:40:45+00:00","dateModified":"2025-04-01T17:07:36+00:00","breadcrumb":{"@id":"https:\/\/www.capgemini.com\/co-es\/lineamientos-para-redes-sociales\/#breadcrumb"},"inLanguage":"es-MX","potentialAction":[{"@type":"ReadAction","target":["https:\/\/www.capgemini.com\/co-es\/lineamientos-para-redes-sociales\/"]}]},{"@type":"ImageObject","inLanguage":"es-MX","@id":"https:\/\/www.capgemini.com\/co-es\/lineamientos-para-redes-sociales\/#primaryimage","url":"https:\/\/www.capgemini.com\/co-es\/wp-content\/uploads\/sites\/28\/2023\/01\/DotCom_Banner_1200x350-1-17-1.jpg","contentUrl":"https:\/\/www.capgemini.com\/co-es\/wp-content\/uploads\/sites\/28\/2023\/01\/DotCom_Banner_1200x350-1-17-1.jpg"},{"@type":"BreadcrumbList","@id":"https:\/\/www.capgemini.com\/co-es\/lineamientos-para-redes-sociales\/#breadcrumb","itemListElement":[{"@type":"ListItem","position":1,"name":"Home","item":"https:\/\/www.capgemini.com\/co-es\/"},{"@type":"ListItem","position":2,"name":"Lineamientos para redes sociales"}]},{"@type":"WebSite","@id":"https:\/\/www.capgemini.com\/co-es\/#website","url":"https:\/\/www.capgemini.com\/co-es\/","name":"Capgemini Colombia","description":"Capgemini","potentialAction":[{"@type":"SearchAction","target":{"@type":"EntryPoint","urlTemplate":"https:\/\/www.capgemini.com\/co-es\/?s={search_term_string}"},"query-input":"required name=search_term_string"}],"inLanguage":"es-MX"}]}},"brand_term":[],"parsely":{"version":"1.1.0","canonical_url":"https:\/\/capgemini.com\/co-es\/lineamientos-para-redes-sociales\/","smart_links":{"inbound":0,"outbound":0},"traffic_boost_suggestions_count":0,"meta":{"@context":"https:\/\/schema.org","@type":"WebPage","headline":"Lineamientos para redes sociales","url":"https:\/\/www.capgemini.com\/co-es\/lineamientos-para-redes-sociales\/","mainEntityOfPage":{"@type":"WebPage","@id":"https:\/\/www.capgemini.com\/co-es\/lineamientos-para-redes-sociales\/"},"thumbnailUrl":"","image":{"@type":"ImageObject","url":""},"articleSection":"Uncategorized","author":[],"creator":[],"publisher":{"@type":"Organization","name":"Capgemini Colombia","logo":""},"keywords":[],"dateCreated":"2023-01-30T05:40:45Z","datePublished":"2023-01-30T05:40:45Z","dateModified":"2025-04-01T17:07:36Z"},"rendered":"<meta name=\"parsely-title\" content=\"Lineamientos para redes sociales\" \/>\n<meta name=\"parsely-link\" content=\"https:\/\/www.capgemini.com\/co-es\/lineamientos-para-redes-sociales\/\" \/>\n<meta name=\"parsely-type\" content=\"index\" \/>\n<meta name=\"parsely-pub-date\" content=\"2023-01-30T05:40:45Z\" \/>\n<meta name=\"parsely-section\" content=\"Uncategorized\" \/>","tracker_url":"https:\/\/cdn.parsely.com\/keys\/capgemini.com\/p.js"},"archive_status":false,"featured_image_src":"https:\/\/www.capgemini.com\/co-es\/wp-content\/themes\/capgemini2025\/assets\/images\/mockup.png","featured_image_alt":false,"jetpack_sharing_enabled":true,"distributor_meta":false,"distributor_terms":false,"distributor_media":false,"distributor_original_site_name":"Capgemini Colombia","distributor_original_site_url":"https:\/\/www.capgemini.com\/co-es","push-errors":false,"_links":{"self":[{"href":"https:\/\/www.capgemini.com\/co-es\/wp-json\/wp\/v2\/pages\/36522","targetHints":{"allow":["GET"]}}],"collection":[{"href":"https:\/\/www.capgemini.com\/co-es\/wp-json\/wp\/v2\/pages"}],"about":[{"href":"https:\/\/www.capgemini.com\/co-es\/wp-json\/wp\/v2\/types\/page"}],"author":[{"embeddable":true,"href":"https:\/\/www.capgemini.com\/co-es\/wp-json\/wp\/v2\/users\/367"}],"replies":[{"embeddable":true,"href":"https:\/\/www.capgemini.com\/co-es\/wp-json\/wp\/v2\/comments?post=36522"}],"version-history":[{"count":5,"href":"https:\/\/www.capgemini.com\/co-es\/wp-json\/wp\/v2\/pages\/36522\/revisions"}],"predecessor-version":[{"id":536726,"href":"https:\/\/www.capgemini.com\/co-es\/wp-json\/wp\/v2\/pages\/36522\/revisions\/536726"}],"wp:attachment":[{"href":"https:\/\/www.capgemini.com\/co-es\/wp-json\/wp\/v2\/media?parent=36522"}],"wp:term":[{"taxonomy":"brand","embeddable":true,"href":"https:\/\/www.capgemini.com\/co-es\/wp-json\/wp\/v2\/brand?post=36522"},{"taxonomy":"partner_type","embeddable":true,"href":"https:\/\/www.capgemini.com\/co-es\/wp-json\/wp\/v2\/partner_type?post=36522"},{"taxonomy":"service","embeddable":true,"href":"https:\/\/www.capgemini.com\/co-es\/wp-json\/wp\/v2\/service?post=36522"},{"taxonomy":"industry","embeddable":true,"href":"https:\/\/www.capgemini.com\/co-es\/wp-json\/wp\/v2\/industry?post=36522"},{"taxonomy":"partners","embeddable":true,"href":"https:\/\/www.capgemini.com\/co-es\/wp-json\/wp\/v2\/partners?post=36522"},{"taxonomy":"page-type","embeddable":true,"href":"https:\/\/www.capgemini.com\/co-es\/wp-json\/wp\/v2\/page-type?post=36522"},{"taxonomy":"content-group","embeddable":true,"href":"https:\/\/www.capgemini.com\/co-es\/wp-json\/wp\/v2\/content-group?post=36522"}],"curies":[{"name":"wp","href":"https:\/\/api.w.org\/{rel}","templated":true}]}}