{"id":28779,"date":"2022-10-20T05:39:28","date_gmt":"2022-10-20T03:39:28","guid":{"rendered":"https:\/\/www.capgemini.com\/?page_id=816668"},"modified":"2025-04-09T01:33:53","modified_gmt":"2025-04-09T01:33:53","slug":"servicio-aumentado-de-energia-y-servicios-publicos","status":"publish","type":"page","link":"https:\/\/www.capgemini.com\/co-es\/solutions\/servicio-aumentado-de-energia-y-servicios-publicos\/","title":{"rendered":"Servicio aumentado de energ\u00eda y servicios p\u00fablicos"},"content":{"rendered":"\n<header class=\"wp-block-cg-blocks-hero-reusable header heroReusable  \"><div class=\"header-bgs\"><picture><source srcset=\"https:\/\/www.capgemini.com\/wp-content\/uploads\/2022\/10\/Augmented-service-for-energy-and-utilities-2880X1800.jpg?w=2880&amp;quality=70 1x, https:\/\/www.capgemini.com\/wp-content\/uploads\/2022\/10\/Augmented-service-for-energy-and-utilities-2880X1800.jpg?w=2880&amp;quality=70 2x\" media=\"(min-width: 1500px)\"\/><source srcset=\"https:\/\/www.capgemini.com\/wp-content\/uploads\/2022\/10\/Augmented-service-for-energy-and-utilities-2880X1800.jpg?w=1440&amp;quality=70 1x, https:\/\/www.capgemini.com\/wp-content\/uploads\/2022\/10\/Augmented-service-for-energy-and-utilities-2880X1800.jpg?w=2880&amp;quality=70 2x\" media=\"(min-width: 992px)\"\/><source srcset=\"https:\/\/www.capgemini.com\/wp-content\/uploads\/2022\/10\/Augmented-service-for-energy-and-utilities-2880X1800.jpg?w=1024&amp;quality=70 1x, https:\/\/www.capgemini.com\/wp-content\/uploads\/2022\/10\/Augmented-service-for-energy-and-utilities-2880X1800.jpg?w=1024&amp;quality=70 2x\" media=\"(min-width: 768px)\"\/><source srcset=\"https:\/\/www.capgemini.com\/wp-content\/uploads\/2022\/10\/Augmented-service-for-energy-and-utilities-2880X1800.jpg?w=768&amp;quality=70 1x, https:\/\/www.capgemini.com\/wp-content\/uploads\/2022\/10\/Augmented-service-for-energy-and-utilities-2880X1800.jpg?w=768&amp;quality=70 2x\" media=\"(min-width: 0)\"\/><img decoding=\"async\" src=\"https:\/\/www.capgemini.com\/wp-content\/uploads\/2022\/10\/Augmented-service-for-energy-and-utilities-2880X1800.jpg\" class=\"header-img header-img-d\" alt=\"\" style=\"object-fit:cover;object-position:44% 7.000000000000001%\" loading=\"eager\"\/><\/picture><\/div><div class=\"heroPictureCardHeaderShape\"><\/div><div class=\"container\"><div class=\"row\"><div class=\"col-md-12\"><div class=\"box\"><div class=\"boxTagWrapper\"><div class=\"tagInfo\"><div><span class=\"box-tag\">Solution<\/span><\/div><\/div><\/div><div class=\"box-title\"><h1 data-maxlength=\"34\">Servicio aumentado de energ\u00eda y servicios p\u00fablicos<\/h1><\/div><div class=\"inner-row-insight download-btn\"><div class=\"col-md-4 downloadFiles addPadding\"><a class=\"button-download--small\" type=\"download\" href=\"https:\/\/www.capgemini.com\/wp-content\/uploads\/2022\/10\/Augmented-Services.pdf\" target=\"_blank\" rel=\"noopener noreferrer\" title=\"abrir en una nueva ventana\"><span>Descargar documento<\/span><span class=\"type\">977 KB  pdf<\/span><\/a><\/div><\/div><\/div><\/div><\/div><\/div><\/header>\n\n\n\n<section class=\"wp-block-cg-blocks-intro-para undefined section section--intro\"><div class=\"intro-para\"><div class=\"container\"><div class=\"row\"><div class=\"col-12 col-md-1\"><nav class=\"article-social\"><ul class=\"social-nav\"><li class=\"ip-order-fb\"><a href=\"https:\/\/www.facebook.com\/sharer\/sharer.php?u=https:\/\/www.capgemini.com\/co-es\/solutions\/servicio-aumentado-de-energia-y-servicios-publicos\/\" target=\"_blank\" rel=\"noopener noreferrer\" title=\"abrir en una nueva ventana\"><i aria-hidden=\"true\" class=\"icon-fb\"><\/i><span class=\"sr-only\">Facebook<\/span><\/a><\/li><li class=\"ip-order-li\"><a href=\"https:\/\/www.linkedin.com\/sharing\/share-offsite\/?url=https:\/\/www.capgemini.com\/co-es\/solutions\/servicio-aumentado-de-energia-y-servicios-publicos\/\" target=\"_blank\" rel=\"noopener noreferrer\" title=\"abrir en una nueva ventana\"><i aria-hidden=\"true\" class=\"icon-li\"><\/i><span class=\"sr-only\">Linkedin<\/span><\/a><\/li><\/ul><\/nav><\/div><div class=\"col-12 col-md-11 col-lg-10\"><h2 class=\"intro-para-title\">\u00bfSu organizaci\u00f3n todav\u00eda ve el servicio al cliente como un centro de costos? Bueno, ahora es el momento de revolucionar su funci\u00f3n de servicio al cliente y transformarla en un motor de crecimiento.<\/h2><p class=\"intro-para-content\">Los clientes de energ\u00eda y servicios p\u00fablicos siempre esperan una excelente experiencia de servicio con cada nueva interacci\u00f3n; sin embargo, el 75%* de los clientes cree que se tarda demasiado en comunicarse con un agente en vivo, mientras que el 72%* se siente frustrado por tener que explicar su problema varias veces debido al mal servicio al cliente y la falta de presencia omnicanal.<\/p><\/div><\/div><\/div><\/div><\/section>\n\n\n\n<section class=\"wp-block-cg-blocks-group undefined section section--article-content\"><div class=\"article-main-content\"><div class=\"container\"><div class=\"row\"><div class=\"col-12 col-md-11 col-lg-10 offset-md-1 offset-lg-1\"><div class=\"article-text article-quote-text\">\n<p>En Capgemini, estamos capacitando a sus agentes de servicio para que aborden de manera proactiva las expectativas y necesidades futuras de los clientes. Se habilitan conocimientos enriquecidos basados en datos para identificar tendencias, necesidades insatisfechas y oportunidades.&nbsp;<\/p>\n\n\n\n<p>El servicio aumentado ayuda a los jugadores de energ\u00eda y servicios p\u00fablicos de cuatro maneras:<\/p>\n\n\n\n<ul class=\"wp-block-list\">\n<li>Los datos de los clientes son consistentes, completos y combinados para generar valor para las propuestas comerciales actuales y nuevas<\/li>\n\n\n\n<li>La IA y los grandes datos abordan las necesidades de los clientes y las interacciones personalizadas<\/li>\n\n\n\n<li>Los conocimientos y la comprensi\u00f3n m\u00e1s profundos del cliente conducen a un mayor NPS e ingresos<\/li>\n\n\n\n<li>La agilidad empresarial mejora<\/li>\n<\/ul>\n<\/div><\/div><\/div><\/div><\/div><\/section>\n\n\n\n<section class=\"wp-block-cg-blocks-intro-para-video section section--info-2cols section--insights section-video is-style-cg-sapphire2\"><div class=\"bg-color video-align-right\"><div class=\"container\"><div class=\"row video-align-left\"><div class=\"col-md-12\"><div class=\"video-align-left row box box--4 box--mini\"><div class=\"col-md-3\"><h3 class=\"Video-title\" data-maxlength=\"34\"><\/h3><div class=\"video-info\"><p data-maxlength=\"68\"><strong>Servicios aumentados<\/strong><\/p><\/div><\/div><div class=\"col-md-8 box-img-wrapper\"><div class=\"video-box\"><div class=\"video-wrapper\"><iframe title=\"video-section\" src=\"https:\/\/www.youtube.com\/embed\/gakEUZqGyg0\" frameborder=\"0\" rel=\"0\" allow=\"accelerometer; autoplay; encrypted-media; gyroscope; picture-in-picture\" allowfullscreen><\/iframe><\/div><\/div><\/div><div class=\"col-md-1\"><\/div><\/div><\/div><\/div><\/div><\/div><\/section>\n\n\n<section class=\"section section--expert-perspectives\"><div class=\"container\"><div class=\"row\"><div class=\"content-title col-12 col-md-8\"><h2 class=\"expert-heading\">Perspectivas de los expertos<\/h2><\/div><\/div><div class=\"expert-prospective-container\"><div class=\"row\"><div class=\"col-12 col-md-4 row-space\"><div class=\"box\"><div class=\"box-img-wrapper\"><a href=\"https:\/\/www.capgemini.com\/co-es\/insights\/expert-perspectives\/reengineering-the-heart-of-utilities-with-augmented-service\/\" aria-label=\"Reengineering the heart of utilities with augmented service\" tabindex=\"-1\"><img decoding=\"async\" class=\"box-img\" alt=\"Reengineering the heart of utilities with augmented service\" src=\"https:\/\/www.capgemini.com\/co-es\/wp-content\/uploads\/sites\/25\/2025\/04\/Reengineering-blog-min.jpg?w=600&#038;quality=70\" style=\"object-position: 50% 50%; object-fit: cover;\" loading=\"lazy\" \/><\/a><\/div><div class=\"box-inner\"><div class=\"box-tag\">Customer experience<\/div><a class=\"content-box-title\" href=\"https:\/\/www.capgemini.com\/co-es\/insights\/expert-perspectives\/reengineering-the-heart-of-utilities-with-augmented-service\/\" aria-label=\"Reengineering the heart of utilities with augmented service\"><h3 class=\"expert-subtitle\">Reengineering the heart of utilities with augmented service<\/h3><\/a><div class=\"box-bottom\">\n\t\t   <div class=\"box-logo\"><img decoding=\"async\" class=\"light\" loading=\"lazy\" alt=\"Capgemini\" src=\"https:\/\/www.capgemini.com\/co-es\/wp-content\/themes\/capgemini2025\/assets\/images\/cg-logo-blue.svg\" \/><img decoding=\"async\" class=\"dark\" loading=\"lazy\" alt=\"Capgemini\" src=\"https:\/\/www.capgemini.com\/co-es\/wp-content\/themes\/capgemini2025\/assets\/images\/cg-logo-white.svg\" \/><\/div><div class=\"date-name-info\"><div class=\"author-text\">Capgemini<\/div><div class=\"date-text\">abr. 9, 2025<\/div><\/div><\/div><\/div><\/div><\/div><\/div><\/div><\/div><\/section>","protected":false},"excerpt":{"rendered":"<p>Does your organization still see customer service as a cost center? Well, it\u2019s now time to revolutionize your customer service function and transform it into a growth engine.<\/p>\n","protected":false},"author":33,"featured_media":28780,"parent":5720,"menu_order":0,"comment_status":"closed","ping_status":"closed","template":"","meta":{"cg_dt_proposed_to":[0],"cg_seo_hreflang_relations":"[]","cg_seo_canonical_relation":"","cg_seo_hreflang_x_default_relation":"","cg_dt_approved_content":false,"cg_dt_mandatory_content":false,"cg_dt_notes":"","cg_dg_source_changed":false,"cg_dt_link_disabled":false,"_yoast_wpseo_primary_brand":"","footnotes":"","featured_focal_points":"","partner_card_description":"","gsap_animation":0},"brand":[],"partner_type":[],"service":[],"industry":[],"partners":[],"page-type":[167],"content-group":[],"class_list":["post-28779","page","type-page","status-publish","has-post-thumbnail","hentry","page-type-solutions"],"yoast_head":"<!-- This site is optimized with the Yoast SEO Premium plugin v22.8 (Yoast SEO v22.8) - https:\/\/yoast.com\/wordpress\/plugins\/seo\/ -->\n<title>Servicio aumentado de energ\u00eda y servicios p\u00fablicos | Capgemini<\/title>\n<meta name=\"description\" content=\"Los clientes de energ\u00eda y servicios p\u00fablicos siempre esperan una excelente experiencia de servicio con cada nueva interacci\u00f3n\" \/>\n<meta name=\"robots\" content=\"index, follow, max-snippet:-1, max-image-preview:large, max-video-preview:-1\" \/>\n<link rel=\"canonical\" href=\"https:\/\/www.capgemini.com\/co-es\/solutions\/servicio-aumentado-de-energia-y-servicios-publicos\/\" \/>\n<meta property=\"og:locale\" content=\"es_MX\" \/>\n<meta property=\"og:type\" content=\"article\" \/>\n<meta property=\"og:title\" content=\"Servicio aumentado de energ\u00eda y servicios p\u00fablicos\" \/>\n<meta property=\"og:description\" content=\"Los clientes de energ\u00eda y servicios p\u00fablicos siempre esperan una excelente experiencia de servicio con cada nueva interacci\u00f3n\" \/>\n<meta property=\"og:url\" content=\"https:\/\/www.capgemini.com\/co-es\/solutions\/servicio-aumentado-de-energia-y-servicios-publicos\/\" \/>\n<meta property=\"og:site_name\" content=\"Capgemini Colombia\" \/>\n<meta property=\"article:modified_time\" content=\"2025-04-09T01:33:53+00:00\" \/>\n<meta property=\"og:image\" content=\"https:\/\/www.capgemini.com\/co-es\/wp-content\/uploads\/sites\/25\/2025\/10\/New-Web-preview-global.jpg\" \/>\n\t<meta property=\"og:image:width\" content=\"1200\" \/>\n\t<meta property=\"og:image:height\" content=\"627\" \/>\n\t<meta property=\"og:image:type\" content=\"image\/jpeg\" \/>\n<meta name=\"twitter:card\" content=\"summary_large_image\" \/>\n<meta name=\"twitter:label1\" content=\"Est. reading time\" \/>\n\t<meta name=\"twitter:data1\" content=\"2 minutes\" \/>\n<script type=\"application\/ld+json\" class=\"yoast-schema-graph\">{\"@context\":\"https:\/\/schema.org\",\"@graph\":[{\"@type\":\"WebPage\",\"@id\":\"https:\/\/www.capgemini.com\/co-es\/solutions\/servicio-aumentado-de-energia-y-servicios-publicos\/\",\"url\":\"https:\/\/www.capgemini.com\/co-es\/solutions\/servicio-aumentado-de-energia-y-servicios-publicos\/\",\"name\":\"Servicio aumentado de energ\u00eda y servicios p\u00fablicos | Capgemini\",\"isPartOf\":{\"@id\":\"https:\/\/www.capgemini.com\/co-es\/#website\"},\"primaryImageOfPage\":{\"@id\":\"https:\/\/www.capgemini.com\/co-es\/solutions\/servicio-aumentado-de-energia-y-servicios-publicos\/#primaryimage\"},\"image\":{\"@id\":\"https:\/\/www.capgemini.com\/co-es\/solutions\/servicio-aumentado-de-energia-y-servicios-publicos\/#primaryimage\"},\"thumbnailUrl\":\"https:\/\/www.capgemini.com\/co-es\/wp-content\/uploads\/sites\/25\/2022\/10\/Augmented-service-for-energy-and-utilities-2880X1800.jpg\",\"datePublished\":\"2022-10-20T03:39:28+00:00\",\"dateModified\":\"2025-04-09T01:33:53+00:00\",\"description\":\"Los clientes de energ\u00eda y servicios p\u00fablicos siempre esperan una excelente experiencia de servicio con cada nueva interacci\u00f3n\",\"breadcrumb\":{\"@id\":\"https:\/\/www.capgemini.com\/co-es\/solutions\/servicio-aumentado-de-energia-y-servicios-publicos\/#breadcrumb\"},\"inLanguage\":\"es-MX\",\"potentialAction\":[{\"@type\":\"ReadAction\",\"target\":[\"https:\/\/www.capgemini.com\/co-es\/solutions\/servicio-aumentado-de-energia-y-servicios-publicos\/\"]}]},{\"@type\":\"ImageObject\",\"inLanguage\":\"es-MX\",\"@id\":\"https:\/\/www.capgemini.com\/co-es\/solutions\/servicio-aumentado-de-energia-y-servicios-publicos\/#primaryimage\",\"url\":\"https:\/\/www.capgemini.com\/co-es\/wp-content\/uploads\/sites\/25\/2022\/10\/Augmented-service-for-energy-and-utilities-2880X1800.jpg\",\"contentUrl\":\"https:\/\/www.capgemini.com\/co-es\/wp-content\/uploads\/sites\/25\/2022\/10\/Augmented-service-for-energy-and-utilities-2880X1800.jpg\",\"width\":2880,\"height\":1800},{\"@type\":\"BreadcrumbList\",\"@id\":\"https:\/\/www.capgemini.com\/co-es\/solutions\/servicio-aumentado-de-energia-y-servicios-publicos\/#breadcrumb\",\"itemListElement\":[{\"@type\":\"ListItem\",\"position\":1,\"name\":\"Home\",\"item\":\"https:\/\/www.capgemini.com\/co-es\/\"},{\"@type\":\"ListItem\",\"position\":2,\"name\":\"Solutions\",\"item\":\"https:\/\/www.capgemini.com\/co-es\/solutions\/\"},{\"@type\":\"ListItem\",\"position\":3,\"name\":\"Servicio aumentado de energ\u00eda y servicios p\u00fablicos\"}]},{\"@type\":\"WebSite\",\"@id\":\"https:\/\/www.capgemini.com\/co-es\/#website\",\"url\":\"https:\/\/www.capgemini.com\/co-es\/\",\"name\":\"Capgemini Colombia\",\"description\":\"Capgemini\",\"potentialAction\":[{\"@type\":\"SearchAction\",\"target\":{\"@type\":\"EntryPoint\",\"urlTemplate\":\"https:\/\/www.capgemini.com\/co-es\/?s={search_term_string}\"},\"query-input\":\"required name=search_term_string\"}],\"inLanguage\":\"es-MX\"}]}<\/script>\n<!-- \/ Yoast SEO Premium plugin. -->","yoast_head_json":{"title":"Servicio aumentado de energ\u00eda y servicios p\u00fablicos | Capgemini","description":"Los clientes de energ\u00eda y servicios p\u00fablicos siempre esperan una excelente experiencia de servicio con cada nueva interacci\u00f3n","robots":{"index":"index","follow":"follow","max-snippet":"max-snippet:-1","max-image-preview":"max-image-preview:large","max-video-preview":"max-video-preview:-1"},"canonical":"https:\/\/www.capgemini.com\/co-es\/solutions\/servicio-aumentado-de-energia-y-servicios-publicos\/","og_locale":"es_MX","og_type":"article","og_title":"Servicio aumentado de energ\u00eda y servicios p\u00fablicos","og_description":"Los clientes de energ\u00eda y servicios p\u00fablicos siempre esperan una excelente experiencia de servicio con cada nueva interacci\u00f3n","og_url":"https:\/\/www.capgemini.com\/co-es\/solutions\/servicio-aumentado-de-energia-y-servicios-publicos\/","og_site_name":"Capgemini Colombia","article_modified_time":"2025-04-09T01:33:53+00:00","og_image":[{"width":1200,"height":627,"url":"https:\/\/www.capgemini.com\/co-es\/wp-content\/uploads\/sites\/25\/2025\/10\/New-Web-preview-global.jpg","type":"image\/jpeg"}],"twitter_card":"summary_large_image","twitter_misc":{"Est. reading time":"2 minutes"},"schema":{"@context":"https:\/\/schema.org","@graph":[{"@type":"WebPage","@id":"https:\/\/www.capgemini.com\/co-es\/solutions\/servicio-aumentado-de-energia-y-servicios-publicos\/","url":"https:\/\/www.capgemini.com\/co-es\/solutions\/servicio-aumentado-de-energia-y-servicios-publicos\/","name":"Servicio aumentado de energ\u00eda y servicios p\u00fablicos | Capgemini","isPartOf":{"@id":"https:\/\/www.capgemini.com\/co-es\/#website"},"primaryImageOfPage":{"@id":"https:\/\/www.capgemini.com\/co-es\/solutions\/servicio-aumentado-de-energia-y-servicios-publicos\/#primaryimage"},"image":{"@id":"https:\/\/www.capgemini.com\/co-es\/solutions\/servicio-aumentado-de-energia-y-servicios-publicos\/#primaryimage"},"thumbnailUrl":"https:\/\/www.capgemini.com\/co-es\/wp-content\/uploads\/sites\/25\/2022\/10\/Augmented-service-for-energy-and-utilities-2880X1800.jpg","datePublished":"2022-10-20T03:39:28+00:00","dateModified":"2025-04-09T01:33:53+00:00","description":"Los clientes de energ\u00eda y servicios p\u00fablicos siempre esperan una excelente experiencia de servicio con cada nueva interacci\u00f3n","breadcrumb":{"@id":"https:\/\/www.capgemini.com\/co-es\/solutions\/servicio-aumentado-de-energia-y-servicios-publicos\/#breadcrumb"},"inLanguage":"es-MX","potentialAction":[{"@type":"ReadAction","target":["https:\/\/www.capgemini.com\/co-es\/solutions\/servicio-aumentado-de-energia-y-servicios-publicos\/"]}]},{"@type":"ImageObject","inLanguage":"es-MX","@id":"https:\/\/www.capgemini.com\/co-es\/solutions\/servicio-aumentado-de-energia-y-servicios-publicos\/#primaryimage","url":"https:\/\/www.capgemini.com\/co-es\/wp-content\/uploads\/sites\/25\/2022\/10\/Augmented-service-for-energy-and-utilities-2880X1800.jpg","contentUrl":"https:\/\/www.capgemini.com\/co-es\/wp-content\/uploads\/sites\/25\/2022\/10\/Augmented-service-for-energy-and-utilities-2880X1800.jpg","width":2880,"height":1800},{"@type":"BreadcrumbList","@id":"https:\/\/www.capgemini.com\/co-es\/solutions\/servicio-aumentado-de-energia-y-servicios-publicos\/#breadcrumb","itemListElement":[{"@type":"ListItem","position":1,"name":"Home","item":"https:\/\/www.capgemini.com\/co-es\/"},{"@type":"ListItem","position":2,"name":"Solutions","item":"https:\/\/www.capgemini.com\/co-es\/solutions\/"},{"@type":"ListItem","position":3,"name":"Servicio aumentado de energ\u00eda y servicios p\u00fablicos"}]},{"@type":"WebSite","@id":"https:\/\/www.capgemini.com\/co-es\/#website","url":"https:\/\/www.capgemini.com\/co-es\/","name":"Capgemini Colombia","description":"Capgemini","potentialAction":[{"@type":"SearchAction","target":{"@type":"EntryPoint","urlTemplate":"https:\/\/www.capgemini.com\/co-es\/?s={search_term_string}"},"query-input":"required name=search_term_string"}],"inLanguage":"es-MX"}]}},"brand_term":[],"parsely":{"version":"1.1.0","canonical_url":"https:\/\/capgemini.com\/co-es\/solutions\/servicio-aumentado-de-energia-y-servicios-publicos\/","smart_links":{"inbound":0,"outbound":0},"traffic_boost_suggestions_count":0,"meta":{"@context":"https:\/\/schema.org","@type":"WebPage","headline":"Servicio aumentado de energ\u00eda y servicios p\u00fablicos","url":"https:\/\/www.capgemini.com\/co-es\/solutions\/servicio-aumentado-de-energia-y-servicios-publicos\/","mainEntityOfPage":{"@type":"WebPage","@id":"https:\/\/www.capgemini.com\/co-es\/solutions\/servicio-aumentado-de-energia-y-servicios-publicos\/"},"thumbnailUrl":"https:\/\/www.capgemini.com\/co-es\/wp-content\/uploads\/sites\/25\/2022\/10\/Augmented-service-for-energy-and-utilities-2880X1800.jpg?w=150&h=150&crop=1","image":{"@type":"ImageObject","url":"https:\/\/www.capgemini.com\/co-es\/wp-content\/uploads\/sites\/25\/2022\/10\/Augmented-service-for-energy-and-utilities-2880X1800.jpg"},"articleSection":"Uncategorized","author":[],"creator":[],"publisher":{"@type":"Organization","name":"Capgemini Colombia","logo":""},"keywords":[],"dateCreated":"2022-10-20T03:39:28Z","datePublished":"2022-10-20T03:39:28Z","dateModified":"2025-04-09T01:33:53Z"},"rendered":"<meta name=\"parsely-title\" content=\"Servicio aumentado de energ\u00eda y servicios p\u00fablicos\" \/>\n<meta name=\"parsely-link\" content=\"https:\/\/www.capgemini.com\/co-es\/solutions\/servicio-aumentado-de-energia-y-servicios-publicos\/\" \/>\n<meta name=\"parsely-type\" content=\"index\" \/>\n<meta name=\"parsely-image-url\" content=\"https:\/\/www.capgemini.com\/co-es\/wp-content\/uploads\/sites\/25\/2022\/10\/Augmented-service-for-energy-and-utilities-2880X1800.jpg?w=150&amp;h=150&amp;crop=1\" \/>\n<meta name=\"parsely-pub-date\" content=\"2022-10-20T03:39:28Z\" \/>\n<meta name=\"parsely-section\" content=\"Uncategorized\" \/>","tracker_url":"https:\/\/cdn.parsely.com\/keys\/capgemini.com\/p.js"},"archive_status":false,"featured_image_src":"https:\/\/www.capgemini.com\/co-es\/wp-content\/uploads\/sites\/25\/2022\/10\/Augmented-service-for-energy-and-utilities-2880X1800.jpg","featured_image_alt":"","jetpack_sharing_enabled":true,"distributor_meta":false,"distributor_terms":false,"distributor_media":false,"distributor_original_site_name":"Capgemini Colombia","distributor_original_site_url":"https:\/\/www.capgemini.com\/co-es","push-errors":false,"_links":{"self":[{"href":"https:\/\/www.capgemini.com\/co-es\/wp-json\/wp\/v2\/pages\/28779","targetHints":{"allow":["GET"]}}],"collection":[{"href":"https:\/\/www.capgemini.com\/co-es\/wp-json\/wp\/v2\/pages"}],"about":[{"href":"https:\/\/www.capgemini.com\/co-es\/wp-json\/wp\/v2\/types\/page"}],"author":[{"embeddable":true,"href":"https:\/\/www.capgemini.com\/co-es\/wp-json\/wp\/v2\/users\/33"}],"replies":[{"embeddable":true,"href":"https:\/\/www.capgemini.com\/co-es\/wp-json\/wp\/v2\/comments?post=28779"}],"version-history":[{"count":4,"href":"https:\/\/www.capgemini.com\/co-es\/wp-json\/wp\/v2\/pages\/28779\/revisions"}],"predecessor-version":[{"id":539033,"href":"https:\/\/www.capgemini.com\/co-es\/wp-json\/wp\/v2\/pages\/28779\/revisions\/539033"}],"up":[{"embeddable":true,"href":"https:\/\/www.capgemini.com\/co-es\/wp-json\/wp\/v2\/pages\/5720"}],"wp:featuredmedia":[{"embeddable":true,"href":"https:\/\/www.capgemini.com\/co-es\/wp-json\/wp\/v2\/media\/28780"}],"wp:attachment":[{"href":"https:\/\/www.capgemini.com\/co-es\/wp-json\/wp\/v2\/media?parent=28779"}],"wp:term":[{"taxonomy":"brand","embeddable":true,"href":"https:\/\/www.capgemini.com\/co-es\/wp-json\/wp\/v2\/brand?post=28779"},{"taxonomy":"partner_type","embeddable":true,"href":"https:\/\/www.capgemini.com\/co-es\/wp-json\/wp\/v2\/partner_type?post=28779"},{"taxonomy":"service","embeddable":true,"href":"https:\/\/www.capgemini.com\/co-es\/wp-json\/wp\/v2\/service?post=28779"},{"taxonomy":"industry","embeddable":true,"href":"https:\/\/www.capgemini.com\/co-es\/wp-json\/wp\/v2\/industry?post=28779"},{"taxonomy":"partners","embeddable":true,"href":"https:\/\/www.capgemini.com\/co-es\/wp-json\/wp\/v2\/partners?post=28779"},{"taxonomy":"page-type","embeddable":true,"href":"https:\/\/www.capgemini.com\/co-es\/wp-json\/wp\/v2\/page-type?post=28779"},{"taxonomy":"content-group","embeddable":true,"href":"https:\/\/www.capgemini.com\/co-es\/wp-json\/wp\/v2\/content-group?post=28779"}],"curies":[{"name":"wp","href":"https:\/\/api.w.org\/{rel}","templated":true}]}}